{"id":3824,"date":"2022-04-20T09:33:40","date_gmt":"2022-09-12T14:57:53","guid":{"rendered":"https:\/\/jorpack.com\/?post_type=product&#038;p=3824"},"modified":"2024-10-16T10:38:21","modified_gmt":"2024-10-16T10:38:21","slug":"serie-9600","status":"publish","type":"product","link":"https:\/\/jorpack.com\/fr\/palettiseur\/serie-9600\/","title":{"rendered":"Serie 9600"},"content":{"rendered":"<div class=\"wpb-content-wrapper\"><p>[vc_section css=\u00a0\u00bb.vc_custom_1650361358445{margin-top: 0px !important;}\u00a0\u00bb el_class=\u00a0\u00bbficha-tecnica\u00a0\u00bb][vc_row][vc_column width=\u00a0\u00bb5\/6&Prime;][vc_toggle title=\u00a0\u00bbProduction\u00a0\u00bb]6-8 mouvements\/minute[\/vc_toggle][vc_toggle title=\u00a0\u00bbAccessoires Inclus\u00a0\u00bb el_class=\u00a0\u00bbfaq-palet\u00a0\u00bb]<\/p>\n<div class=\"cont-flex\">\n<p style=\"text-align: left;\"><img decoding=\"async\" class=\"alignnone size-medium wp-image-1730\" src=\"https:\/\/jorpack.com\/wp-content\/uploads\/2022\/04\/icono-protecciones-y-barreras-seguridad-300x300.png\" alt=\"\" width=\"300\" height=\"300\" srcset=\"https:\/\/jorpack.com\/wp-content\/uploads\/2022\/04\/icono-protecciones-y-barreras-seguridad-300x300.png 300w, https:\/\/jorpack.com\/wp-content\/uploads\/2022\/04\/icono-protecciones-y-barreras-seguridad-150x150.png 150w, https:\/\/jorpack.com\/wp-content\/uploads\/2022\/04\/icono-protecciones-y-barreras-seguridad-100x100.png 100w, https:\/\/jorpack.com\/wp-content\/uploads\/2022\/04\/icono-protecciones-y-barreras-seguridad.png 540w\" sizes=\"(max-width: 300px) 100vw, 300px\" \/><br \/>\nEnsemble de Protections et Barri\u00e8res de S\u00e9curit\u00e9 selon les normes CE n\u00e9cessaires pour chaque cellule robotis\u00e9e.<\/p>\n<p style=\"text-align: left;\"><img decoding=\"async\" class=\"alignnone size-medium wp-image-1732\" src=\"https:\/\/jorpack.com\/wp-content\/uploads\/2022\/04\/icono-transportadores-300x300.png\" alt=\"\" width=\"300\" height=\"300\" srcset=\"https:\/\/jorpack.com\/wp-content\/uploads\/2022\/04\/icono-transportadores-300x300.png 300w, https:\/\/jorpack.com\/wp-content\/uploads\/2022\/04\/icono-transportadores-150x150.png 150w, https:\/\/jorpack.com\/wp-content\/uploads\/2022\/04\/icono-transportadores-100x100.png 100w, https:\/\/jorpack.com\/wp-content\/uploads\/2022\/04\/icono-transportadores.png 541w\" sizes=\"(max-width: 300px) 100vw, 300px\" \/><br \/>\nConvoyeur d\u2019entr\u00e9e de produit.<\/p>\n<\/div>\n<p>[\/vc_toggle][vc_toggle title=\u00a0\u00bbEn option\u00a0\u00bb]- Magasin de palettes pour la palettisation automatique.<\/p>\n<p>&#8211; Intercalaire de carton entre les couches.[\/vc_toggle][vc_raw_html]W1Nhc3N5X1NvY2lhbF9TaGFyZSB0aXRsZT0iUGFydGFnZXIiXQ==[\/vc_raw_html][\/vc_column][vc_column width=\u00a0\u00bb1\/6&Prime; offset=\u00a0\u00bbvc_hidden-xs\u00a0\u00bb]<div class=\"ult-content-box-container \" >\t\t<div class=\"ult-content-box\" style=\"box-shadow: px px px px none;-webkit-transition: all 700ms ease;-moz-transition: all 700ms ease;-ms-transition: all 700ms ease;-o-transition: all 700ms ease;transition: all 700ms ease;\"  data-hover_box_shadow=\"none\"    >[vc_single_image image=\u00a0\u00bb645&Prime; alignment=\u00a0\u00bbcenter\u00a0\u00bb css=\u00a0\u00bb.vc_custom_1648732644686{margin-bottom: 10px !important;}\u00a0\u00bb][vc_column_text]<\/p>\n<p style=\"text-align: center;\"><span style=\"color: #394049;\">Fiche technique<br \/>\nDESP-4000<\/span><\/p>\n<p>[\/vc_column_text]\t\t<\/div><\/div>[\/vc_column][\/vc_row][\/vc_section][vc_section][vc_row gap=\u00a0\u00bb35&Prime;][vc_column width=\u00a0\u00bb3\/4&Prime; el_class=\u00a0\u00bbproductos-sugeridos\u00a0\u00bb][vc_column_text]<\/p>\n<h3>Compl\u00e9ter la ligne avec:<\/h3>\n<p>[\/vc_column_text][vc_basic_grid post_type=\u00a0\u00bbids\u00a0\u00bb element_width=\u00a0\u00bb3&Prime; gap=\u00a0\u00bb35&Prime; item=\u00a0\u00bb1394&Prime; grid_id=\u00a0\u00bbvc_gid:1663922821505-9d30ab60-d297-8&Prime; include=\u00a0\u00bb1519, 1528, 1498&Prime;][\/vc_column][vc_column width=\u00a0\u00bb1\/4&Prime; el_class=\u00a0\u00bbproductos-relacionados\u00a0\u00bb][vc_column_text]<\/p>\n<h3>Produits associ\u00e9s:<\/h3>\n<p>[\/vc_column_text][vc_column_text]<a href=\"https:\/\/www.jorpack.com\/fr\/palettiseurs\/man-6000 \">MAN-6000<\/a><\/p>\n<p><a href=\"https:\/\/www.jorpack.com\/fr\/palettiseurs\/pli-2000 \">PLI-2000<\/a>[\/vc_column_text][\/vc_column][\/vc_row][\/vc_section]<\/p>\n<\/div>","protected":false},"excerpt":{"rendered":"<p>Solutions de palettisation avec des robots<\/p>\n<p>Jorpack propose diff\u00e9rentes solutions de palettisation \u00e0 l\u2019aide de cellules de palettisation robotis\u00e9es.<\/p>\n<p>Le robot palettiseur anthropomorphique de Jorpack offre de multiples applications ou cellules de palettisation en fonction des besoins et de la production.<\/p>\n<p>C\u2019est pourquoi, en fonction de l\u2019installation, le robot peut palettiser une couche compl\u00e8te, une demi-couche, plusieurs bo\u00eetes ou m\u00eame une bo\u00eete \u00e0 la bo\u00eete.<\/p>\n<p>L\u2019exemple est mis avec des caisses, mais les robots palettiseurs offerts par Jorpack peuvent palettiser n\u2019importe quel produit susceptible d\u2019\u00eatre palettis\u00e9, comme des sacs, des packs, une caisse en plastique de produit r\u00e9utilisable, des plateaux, etc.<\/p>\n<p>Les robots palettiseurs offrent la possibilit\u00e9 de palettiser simultan\u00e9ment plusieurs lignes \u00e0 la fois.<\/p>\n","protected":false},"featured_media":2824,"template":"","meta":{"_acf_changed":false},"sector":[157,158,154,153,181,171,176,159,178,188,180,155,150,168,172,166,173,149,169,152,182,170,163,179,156,164,186,162,183,187,174,177,151,161,184,185,189,165,175,167,160],"product_brand":[],"product_cat":[92,93],"product_tag":[],"class_list":{"0":"post-3824","1":"product","2":"type-product","3":"status-publish","4":"has-post-thumbnail","6":"sector-aceite","7":"sector-agua","8":"sector-alimentacion","9":"sector-automocion","10":"sector-azucar","11":"sector-bandas-depilatorias","12":"sector-blisters","13":"sector-bodegas","14":"sector-cafe","15":"sector-ceramica","16":"sector-conservas","17":"sector-construccion","18":"sector-cosmetica","19":"sector-cremas","20":"sector-decoracion-envases-2","21":"sector-decoracion-envases","22":"sector-detergentes","23":"sector-embotellado","24":"sector-estuches","25":"sector-farmacia","26":"sector-galletas","27":"sector-higiene","28":"sector-horchata","29":"sector-huevos","30":"sector-jardineria","31":"sector-licores","32":"sector-madera","33":"sector-packs","34":"sector-packs-al","35":"sector-pintura","36":"sector-productos-de-limpieza","37":"sector-productos-de-limpieza-2","38":"sector-quimico","39":"sector-refrescos","40":"sector-reposteria","41":"sector-sacos","42":"sector-semillas","43":"sector-sidra","44":"sector-sueros","45":"sector-tarros","46":"sector-zumos","47":"product_cat-palettiseur","48":"product_cat-solutions-avec-des-robots","50":"first","51":"instock","52":"shipping-taxable","53":"product-type-simple"},"acf":[],"yoast_head":"<!-- This site is optimized with the Yoast SEO plugin v27.4 - https:\/\/yoast.com\/product\/yoast-seo-wordpress\/ -->\n<title>Serie 9600 - Jorpack\u00ae<\/title>\n<meta name=\"robots\" content=\"index, follow, max-snippet:-1, max-image-preview:large, max-video-preview:-1\" \/>\n<link rel=\"canonical\" href=\"https:\/\/jorpack.com\/fr\/palettiseur\/serie-9600\/\" \/>\n<meta property=\"og:locale\" content=\"fr_FR\" \/>\n<meta property=\"og:type\" content=\"article\" \/>\n<meta property=\"og:title\" content=\"Serie 9600 - Jorpack\u00ae\" \/>\n<meta property=\"og:description\" content=\"Solutions de palettisation avec des robots  Jorpack propose diff\u00e9rentes solutions de palettisation \u00e0 l\u2019aide de cellules de palettisation robotis\u00e9es.  Le robot palettiseur anthropomorphique de Jorpack offre de multiples applications ou cellules de palettisation en fonction des besoins et de la production.  C\u2019est pourquoi, en fonction de l\u2019installation, le robot peut palettiser une couche compl\u00e8te, une demi-couche, plusieurs bo\u00eetes ou m\u00eame une bo\u00eete \u00e0 la bo\u00eete.  L\u2019exemple est mis avec des caisses, mais les robots palettiseurs offerts par Jorpack peuvent palettiser n\u2019importe quel produit susceptible d\u2019\u00eatre palettis\u00e9, comme des sacs, des packs, une caisse en plastique de produit r\u00e9utilisable, des plateaux, etc.  Les robots palettiseurs offrent la possibilit\u00e9 de palettiser simultan\u00e9ment plusieurs lignes \u00e0 la fois.\" \/>\n<meta property=\"og:url\" content=\"https:\/\/jorpack.com\/fr\/palettiseur\/serie-9600\/\" \/>\n<meta property=\"og:site_name\" content=\"Jorpack\u00ae\" \/>\n<meta property=\"article:modified_time\" content=\"2024-10-16T10:38:21+00:00\" \/>\n<meta property=\"og:image\" content=\"https:\/\/jorpack.com\/wp-content\/uploads\/2022\/04\/SERIE_9600-robot-paletizador-scaled.jpg\" \/>\n\t<meta property=\"og:image:width\" content=\"2560\" \/>\n\t<meta property=\"og:image:height\" content=\"2560\" \/>\n\t<meta property=\"og:image:type\" content=\"image\/jpeg\" \/>\n<meta name=\"twitter:card\" content=\"summary_large_image\" \/>\n<meta name=\"twitter:label1\" content=\"Dur\u00e9e de lecture estim\u00e9e\" \/>\n\t<meta name=\"twitter:data1\" content=\"1 minute\" \/>\n<script type=\"application\/ld+json\" class=\"yoast-schema-graph\">{\"@context\":\"https:\\\/\\\/schema.org\",\"@graph\":[{\"@type\":\"WebPage\",\"@id\":\"https:\\\/\\\/jorpack.com\\\/fr\\\/palettiseur\\\/serie-9600\\\/\",\"url\":\"https:\\\/\\\/jorpack.com\\\/fr\\\/palettiseur\\\/serie-9600\\\/\",\"name\":\"Serie 9600 - Jorpack\u00ae\",\"isPartOf\":{\"@id\":\"https:\\\/\\\/jorpack.com\\\/fr\\\/#website\"},\"primaryImageOfPage\":{\"@id\":\"https:\\\/\\\/jorpack.com\\\/fr\\\/palettiseur\\\/serie-9600\\\/#primaryimage\"},\"image\":{\"@id\":\"https:\\\/\\\/jorpack.com\\\/fr\\\/palettiseur\\\/serie-9600\\\/#primaryimage\"},\"thumbnailUrl\":\"https:\\\/\\\/jorpack.com\\\/wp-content\\\/uploads\\\/2022\\\/04\\\/SERIE_9600-robot-paletizador-scaled.jpg\",\"datePublished\":\"2022-09-12T14:57:53+00:00\",\"dateModified\":\"2024-10-16T10:38:21+00:00\",\"breadcrumb\":{\"@id\":\"https:\\\/\\\/jorpack.com\\\/fr\\\/palettiseur\\\/serie-9600\\\/#breadcrumb\"},\"inLanguage\":\"fr-FR\",\"potentialAction\":[{\"@type\":\"ReadAction\",\"target\":[\"https:\\\/\\\/jorpack.com\\\/fr\\\/palettiseur\\\/serie-9600\\\/\"]}]},{\"@type\":\"ImageObject\",\"inLanguage\":\"fr-FR\",\"@id\":\"https:\\\/\\\/jorpack.com\\\/fr\\\/palettiseur\\\/serie-9600\\\/#primaryimage\",\"url\":\"https:\\\/\\\/jorpack.com\\\/wp-content\\\/uploads\\\/2022\\\/04\\\/SERIE_9600-robot-paletizador-scaled.jpg\",\"contentUrl\":\"https:\\\/\\\/jorpack.com\\\/wp-content\\\/uploads\\\/2022\\\/04\\\/SERIE_9600-robot-paletizador-scaled.jpg\",\"width\":2560,\"height\":2560,\"caption\":\"robot paletizador 9600 de jorpack\"},{\"@type\":\"BreadcrumbList\",\"@id\":\"https:\\\/\\\/jorpack.com\\\/fr\\\/palettiseur\\\/serie-9600\\\/#breadcrumb\",\"itemListElement\":[{\"@type\":\"ListItem\",\"position\":1,\"name\":\"Portada\",\"item\":\"https:\\\/\\\/jorpack.com\\\/fr\\\/\"},{\"@type\":\"ListItem\",\"position\":2,\"name\":\"Tienda\",\"item\":\"https:\\\/\\\/jorpack.com\\\/tienda\\\/\"},{\"@type\":\"ListItem\",\"position\":3,\"name\":\"Serie 9600\"}]},{\"@type\":\"WebSite\",\"@id\":\"https:\\\/\\\/jorpack.com\\\/fr\\\/#website\",\"url\":\"https:\\\/\\\/jorpack.com\\\/fr\\\/\",\"name\":\"Jorpack\u00ae\",\"description\":\"Amplia selecci\u00f3n de Formadoras\",\"publisher\":{\"@id\":\"https:\\\/\\\/jorpack.com\\\/fr\\\/#organization\"},\"potentialAction\":[{\"@type\":\"SearchAction\",\"target\":{\"@type\":\"EntryPoint\",\"urlTemplate\":\"https:\\\/\\\/jorpack.com\\\/fr\\\/?s={search_term_string}\"},\"query-input\":{\"@type\":\"PropertyValueSpecification\",\"valueRequired\":true,\"valueName\":\"search_term_string\"}}],\"inLanguage\":\"fr-FR\"},{\"@type\":\"Organization\",\"@id\":\"https:\\\/\\\/jorpack.com\\\/fr\\\/#organization\",\"name\":\"Jorpack\u00ae\",\"url\":\"https:\\\/\\\/jorpack.com\\\/fr\\\/\",\"logo\":{\"@type\":\"ImageObject\",\"inLanguage\":\"fr-FR\",\"@id\":\"https:\\\/\\\/jorpack.com\\\/fr\\\/#\\\/schema\\\/logo\\\/image\\\/\",\"url\":\"https:\\\/\\\/jorpack.com\\\/wp-content\\\/uploads\\\/2022\\\/03\\\/cropped-jorpack-logotipo.png\",\"contentUrl\":\"https:\\\/\\\/jorpack.com\\\/wp-content\\\/uploads\\\/2022\\\/03\\\/cropped-jorpack-logotipo.png\",\"width\":500,\"height\":110,\"caption\":\"Jorpack\u00ae\"},\"image\":{\"@id\":\"https:\\\/\\\/jorpack.com\\\/fr\\\/#\\\/schema\\\/logo\\\/image\\\/\"}}]}<\/script>\n<!-- \/ Yoast SEO plugin. -->","yoast_head_json":{"title":"Serie 9600 - Jorpack\u00ae","robots":{"index":"index","follow":"follow","max-snippet":"max-snippet:-1","max-image-preview":"max-image-preview:large","max-video-preview":"max-video-preview:-1"},"canonical":"https:\/\/jorpack.com\/fr\/palettiseur\/serie-9600\/","og_locale":"fr_FR","og_type":"article","og_title":"Serie 9600 - Jorpack\u00ae","og_description":"Solutions de palettisation avec des robots  Jorpack propose diff\u00e9rentes solutions de palettisation \u00e0 l\u2019aide de cellules de palettisation robotis\u00e9es.  Le robot palettiseur anthropomorphique de Jorpack offre de multiples applications ou cellules de palettisation en fonction des besoins et de la production.  C\u2019est pourquoi, en fonction de l\u2019installation, le robot peut palettiser une couche compl\u00e8te, une demi-couche, plusieurs bo\u00eetes ou m\u00eame une bo\u00eete \u00e0 la bo\u00eete.  L\u2019exemple est mis avec des caisses, mais les robots palettiseurs offerts par Jorpack peuvent palettiser n\u2019importe quel produit susceptible d\u2019\u00eatre palettis\u00e9, comme des sacs, des packs, une caisse en plastique de produit r\u00e9utilisable, des plateaux, etc.  Les robots palettiseurs offrent la possibilit\u00e9 de palettiser simultan\u00e9ment plusieurs lignes \u00e0 la fois.","og_url":"https:\/\/jorpack.com\/fr\/palettiseur\/serie-9600\/","og_site_name":"Jorpack\u00ae","article_modified_time":"2024-10-16T10:38:21+00:00","og_image":[{"width":2560,"height":2560,"url":"https:\/\/jorpack.com\/wp-content\/uploads\/2022\/04\/SERIE_9600-robot-paletizador-scaled.jpg","type":"image\/jpeg"}],"twitter_card":"summary_large_image","twitter_misc":{"Dur\u00e9e de lecture estim\u00e9e":"1 minute"},"schema":{"@context":"https:\/\/schema.org","@graph":[{"@type":"WebPage","@id":"https:\/\/jorpack.com\/fr\/palettiseur\/serie-9600\/","url":"https:\/\/jorpack.com\/fr\/palettiseur\/serie-9600\/","name":"Serie 9600 - Jorpack\u00ae","isPartOf":{"@id":"https:\/\/jorpack.com\/fr\/#website"},"primaryImageOfPage":{"@id":"https:\/\/jorpack.com\/fr\/palettiseur\/serie-9600\/#primaryimage"},"image":{"@id":"https:\/\/jorpack.com\/fr\/palettiseur\/serie-9600\/#primaryimage"},"thumbnailUrl":"https:\/\/jorpack.com\/wp-content\/uploads\/2022\/04\/SERIE_9600-robot-paletizador-scaled.jpg","datePublished":"2022-09-12T14:57:53+00:00","dateModified":"2024-10-16T10:38:21+00:00","breadcrumb":{"@id":"https:\/\/jorpack.com\/fr\/palettiseur\/serie-9600\/#breadcrumb"},"inLanguage":"fr-FR","potentialAction":[{"@type":"ReadAction","target":["https:\/\/jorpack.com\/fr\/palettiseur\/serie-9600\/"]}]},{"@type":"ImageObject","inLanguage":"fr-FR","@id":"https:\/\/jorpack.com\/fr\/palettiseur\/serie-9600\/#primaryimage","url":"https:\/\/jorpack.com\/wp-content\/uploads\/2022\/04\/SERIE_9600-robot-paletizador-scaled.jpg","contentUrl":"https:\/\/jorpack.com\/wp-content\/uploads\/2022\/04\/SERIE_9600-robot-paletizador-scaled.jpg","width":2560,"height":2560,"caption":"robot paletizador 9600 de jorpack"},{"@type":"BreadcrumbList","@id":"https:\/\/jorpack.com\/fr\/palettiseur\/serie-9600\/#breadcrumb","itemListElement":[{"@type":"ListItem","position":1,"name":"Portada","item":"https:\/\/jorpack.com\/fr\/"},{"@type":"ListItem","position":2,"name":"Tienda","item":"https:\/\/jorpack.com\/tienda\/"},{"@type":"ListItem","position":3,"name":"Serie 9600"}]},{"@type":"WebSite","@id":"https:\/\/jorpack.com\/fr\/#website","url":"https:\/\/jorpack.com\/fr\/","name":"Jorpack\u00ae","description":"Amplia selecci\u00f3n de Formadoras","publisher":{"@id":"https:\/\/jorpack.com\/fr\/#organization"},"potentialAction":[{"@type":"SearchAction","target":{"@type":"EntryPoint","urlTemplate":"https:\/\/jorpack.com\/fr\/?s={search_term_string}"},"query-input":{"@type":"PropertyValueSpecification","valueRequired":true,"valueName":"search_term_string"}}],"inLanguage":"fr-FR"},{"@type":"Organization","@id":"https:\/\/jorpack.com\/fr\/#organization","name":"Jorpack\u00ae","url":"https:\/\/jorpack.com\/fr\/","logo":{"@type":"ImageObject","inLanguage":"fr-FR","@id":"https:\/\/jorpack.com\/fr\/#\/schema\/logo\/image\/","url":"https:\/\/jorpack.com\/wp-content\/uploads\/2022\/03\/cropped-jorpack-logotipo.png","contentUrl":"https:\/\/jorpack.com\/wp-content\/uploads\/2022\/03\/cropped-jorpack-logotipo.png","width":500,"height":110,"caption":"Jorpack\u00ae"},"image":{"@id":"https:\/\/jorpack.com\/fr\/#\/schema\/logo\/image\/"}}]}},"_links":{"self":[{"href":"https:\/\/jorpack.com\/fr\/wp-json\/wp\/v2\/product\/3824","targetHints":{"allow":["GET"]}}],"collection":[{"href":"https:\/\/jorpack.com\/fr\/wp-json\/wp\/v2\/product"}],"about":[{"href":"https:\/\/jorpack.com\/fr\/wp-json\/wp\/v2\/types\/product"}],"wp:featuredmedia":[{"embeddable":true,"href":"https:\/\/jorpack.com\/fr\/wp-json\/wp\/v2\/media\/2824"}],"wp:attachment":[{"href":"https:\/\/jorpack.com\/fr\/wp-json\/wp\/v2\/media?parent=3824"}],"wp:term":[{"taxonomy":"sector","embeddable":true,"href":"https:\/\/jorpack.com\/fr\/wp-json\/wp\/v2\/sector?post=3824"},{"taxonomy":"product_brand","embeddable":true,"href":"https:\/\/jorpack.com\/fr\/wp-json\/wp\/v2\/product_brand?post=3824"},{"taxonomy":"product_cat","embeddable":true,"href":"https:\/\/jorpack.com\/fr\/wp-json\/wp\/v2\/product_cat?post=3824"},{"taxonomy":"product_tag","embeddable":true,"href":"https:\/\/jorpack.com\/fr\/wp-json\/wp\/v2\/product_tag?post=3824"}],"curies":[{"name":"wp","href":"https:\/\/api.w.org\/{rel}","templated":true}]}}