{"id":3819,"date":"2022-04-20T09:31:42","date_gmt":"2022-09-12T11:39:20","guid":{"rendered":"https:\/\/jorpack.com\/?post_type=product&#038;p=3819"},"modified":"2024-10-16T10:43:41","modified_gmt":"2024-10-16T10:43:41","slug":"pli-2000","status":"publish","type":"product","link":"https:\/\/jorpack.com\/fr\/palettiseur\/pli-2000\/","title":{"rendered":"PLI-2000"},"content":{"rendered":"<div class=\"wpb-content-wrapper\"><p>[vc_section css=\u00a0\u00bb.vc_custom_1650361358445{margin-top: 0px !important;}\u00a0\u00bb el_class=\u00a0\u00bbficha-tecnica\u00a0\u00bb][vc_row][vc_column width=\u00a0\u00bb5\/6&Prime;][vc_toggle title=\u00a0\u00bbOptions de palettisation\u00a0\u00bb]- Palettes de type europ\u00e9en (800&#215;1200)<\/p>\n<p>&#8211; Palettes de type am\u00e9ricain (1000&#215;1200)<\/p>\n<p>&#8211; Demi-palettes<\/p>\n<p>&#8211; Quart de palette[\/vc_toggle][vc_toggle title=\u00a0\u00bbExemples de produits \u00e0 palettiser\u00a0\u00bb el_class=\u00a0\u00bbfaq-palet\u00a0\u00bb]<\/p>\n<div class=\"cont-flex\">\n<p style=\"text-align: left;\"><img decoding=\"async\" class=\"alignnone size-medium wp-image-1728\" src=\"https:\/\/jorpack.com\/wp-content\/uploads\/2022\/04\/icono-cajas-de-carton-300x300.png\" alt=\"\" width=\"300\" height=\"300\" srcset=\"https:\/\/jorpack.com\/wp-content\/uploads\/2022\/04\/icono-cajas-de-carton-300x300.png 300w, https:\/\/jorpack.com\/wp-content\/uploads\/2022\/04\/icono-cajas-de-carton-150x150.png 150w, https:\/\/jorpack.com\/wp-content\/uploads\/2022\/04\/icono-cajas-de-carton-100x100.png 100w, https:\/\/jorpack.com\/wp-content\/uploads\/2022\/04\/icono-cajas-de-carton.png 541w\" sizes=\"(max-width: 300px) 100vw, 300px\" \/><br \/>\nCartons<\/p>\n<p style=\"text-align: left;\"><img decoding=\"async\" class=\"alignnone size-medium wp-image-1726\" src=\"https:\/\/jorpack.com\/wp-content\/uploads\/2022\/04\/icono-bandeja-display-2-300x300.png\" alt=\"\" width=\"300\" height=\"300\" srcset=\"https:\/\/jorpack.com\/wp-content\/uploads\/2022\/04\/icono-bandeja-display-2-300x300.png 300w, https:\/\/jorpack.com\/wp-content\/uploads\/2022\/04\/icono-bandeja-display-2-150x150.png 150w, https:\/\/jorpack.com\/wp-content\/uploads\/2022\/04\/icono-bandeja-display-2-100x100.png 100w, https:\/\/jorpack.com\/wp-content\/uploads\/2022\/04\/icono-bandeja-display-2.png 540w\" sizes=\"(max-width: 300px) 100vw, 300px\" \/><br \/>\nPlateaux afficheurs<\/p>\n<p style=\"text-align: left;\"><img decoding=\"async\" class=\"alignnone size-medium wp-image-1729\" src=\"https:\/\/jorpack.com\/wp-content\/uploads\/2022\/04\/icono-packs-retracilados-300x300.png\" alt=\"\" width=\"300\" height=\"300\" srcset=\"https:\/\/jorpack.com\/wp-content\/uploads\/2022\/04\/icono-packs-retracilados-300x300.png 300w, https:\/\/jorpack.com\/wp-content\/uploads\/2022\/04\/icono-packs-retracilados-150x150.png 150w, https:\/\/jorpack.com\/wp-content\/uploads\/2022\/04\/icono-packs-retracilados-100x100.png 100w, https:\/\/jorpack.com\/wp-content\/uploads\/2022\/04\/icono-packs-retracilados.png 541w\" sizes=\"(max-width: 300px) 100vw, 300px\" \/><br \/>\nPacks ou packs r\u00e9tractables<\/p>\n<p style=\"text-align: left;\"><img decoding=\"async\" class=\"alignnone size-medium wp-image-1727\" src=\"https:\/\/jorpack.com\/wp-content\/uploads\/2022\/04\/icono-caja-producto-retornable-300x300.png\" alt=\"\" width=\"300\" height=\"300\" srcset=\"https:\/\/jorpack.com\/wp-content\/uploads\/2022\/04\/icono-caja-producto-retornable-300x300.png 300w, https:\/\/jorpack.com\/wp-content\/uploads\/2022\/04\/icono-caja-producto-retornable-150x150.png 150w, https:\/\/jorpack.com\/wp-content\/uploads\/2022\/04\/icono-caja-producto-retornable-100x100.png 100w, https:\/\/jorpack.com\/wp-content\/uploads\/2022\/04\/icono-caja-producto-retornable.png 541w\" sizes=\"(max-width: 300px) 100vw, 300px\" \/><br \/>\nBo\u00eetes en Plastique de Produit Retournable<\/p>\n<p><img decoding=\"async\" class=\"alignnone size-medium wp-image-1731\" src=\"https:\/\/jorpack.com\/wp-content\/uploads\/2022\/04\/icono-saco-300x300.png\" alt=\"\" width=\"300\" height=\"300\" srcset=\"https:\/\/jorpack.com\/wp-content\/uploads\/2022\/04\/icono-saco-300x300.png 300w, https:\/\/jorpack.com\/wp-content\/uploads\/2022\/04\/icono-saco-150x150.png 150w, https:\/\/jorpack.com\/wp-content\/uploads\/2022\/04\/icono-saco-100x100.png 100w, https:\/\/jorpack.com\/wp-content\/uploads\/2022\/04\/icono-saco.png 541w\" sizes=\"(max-width: 300px) 100vw, 300px\" \/><br \/>\nSacs<\/p>\n<\/div>\n<p>[\/vc_toggle][vc_toggle title=\u00a0\u00bbAccessoires Inclus\u00a0\u00bb]- Comprend un convoyeur d\u2019entr\u00e9e de produit pour palettisation.<\/p>\n<p>&#8211; Comprend un ensemble de protections et de barri\u00e8res de s\u00e9curit\u00e9 conform\u00e9ment \u00e0 la r\u00e9glementation CE.<\/p>\n<p>&#8211; Magasin de palettes vides inclus.[\/vc_toggle][vc_toggle title=\u00a0\u00bbOptionnels\u00a0\u00bb]- Option d\u2019insertion de carton entre les couches.<\/p>\n<p>&#8211; Convoyeur \u00e0 rouleaux d\u2019accumulation suppl\u00e9mentaires.[\/vc_toggle][vc_raw_html]W1Nhc3N5X1NvY2lhbF9TaGFyZSB0aXRsZT0iUGFydGFnZXIiXQ==[\/vc_raw_html][\/vc_column][vc_column width=\u00a0\u00bb1\/6&Prime; offset=\u00a0\u00bbvc_hidden-xs\u00a0\u00bb]<div class=\"ult-content-box-container \" >\t\t<div class=\"ult-content-box\" style=\"box-shadow: px px px px none;-webkit-transition: all 700ms ease;-moz-transition: all 700ms ease;-ms-transition: all 700ms ease;-o-transition: all 700ms ease;transition: all 700ms ease;\"  data-hover_box_shadow=\"none\"    >[vc_single_image image=\u00a0\u00bb645&Prime; alignment=\u00a0\u00bbcenter\u00a0\u00bb css=\u00a0\u00bb.vc_custom_1648732644686{margin-bottom: 10px !important;}\u00a0\u00bb][vc_column_text]<\/p>\n<p style=\"text-align: center;\"><span style=\"color: #394049;\">Fiche technique<br \/>\nDESP-4000<\/span><\/p>\n<p>[\/vc_column_text]\t\t<\/div><\/div>[\/vc_column][\/vc_row][\/vc_section][vc_section][vc_row gap=\u00a0\u00bb35&Prime;][vc_column width=\u00a0\u00bb3\/4&Prime; el_class=\u00a0\u00bbproductos-sugeridos\u00a0\u00bb][vc_column_text]<\/p>\n<h3>Compl\u00e9ter la ligne avec:<\/h3>\n<p>[\/vc_column_text][vc_basic_grid post_type=\u00a0\u00bbids\u00a0\u00bb element_width=\u00a0\u00bb3&Prime; gap=\u00a0\u00bb35&Prime; item=\u00a0\u00bb1394&Prime; grid_id=\u00a0\u00bbvc_gid:1663923202434-e5a91656-fca6-4&Prime; include=\u00a0\u00bb1517, 1502, 1493&Prime;][\/vc_column][vc_column width=\u00a0\u00bb1\/4&Prime; el_class=\u00a0\u00bbproductos-relacionados\u00a0\u00bb][vc_column_text]<\/p>\n<h3>Produits associ\u00e9s:<\/h3>\n<p>[\/vc_column_text][vc_column_text]<a href=\"https:\/\/www.jorpack.com\/fr\/palettiseurs\/man-6000 \">MAN-6000<\/a><\/p>\n<p><a href=\"https:\/\/www.jorpack.com\/fr\/palettiseurs\/serie-9600 \">Serie-9600<\/a>[\/vc_column_text][\/vc_column][\/vc_row][\/vc_section]<\/p>\n<\/div>","protected":false},"excerpt":{"rendered":"<p>Palettiseur automatique<\/p>\n<p>Le palettiseur automatique conventionnel PLI-2000 Jorpack se caract\u00e9rise par son \u00e9quipement de construction modulaire. Le chargement du produit se fait par le bas, travaillant au m\u00eame niveau pour ne pas endommager le produit.<\/p>\n<p>Ce mod\u00e8le de palettisation satisfait des productions moyennes-hautes.<\/p>\n<p>Comprend un magasin de palettes pour le dosage de la zone de base de palettisation, les palettes, avant le d\u00e9but de la palettisation.<\/p>\n<p>Le changement de format, comme dans le reste de la gamme de solutions palettiseurs Jorpack, s\u2019effectue automatiquement.<\/p>\n<p>Il se distingue par sa simplicit\u00e9, sa simplicit\u00e9 d\u2019utilisation et sa polyvalence.<\/p>\n<p>Le m\u00eame utilisateur de la machine palettisrice peut cr\u00e9er une nouvelle mosa\u00efque de palettisation selon les besoins futurs.<\/p>\n","protected":false},"featured_media":3034,"template":"","meta":{"_acf_changed":false},"sector":[157,158,154,153,181,171,176,159,178,188,180,155,150,168,172,166,173,149,169,152,182,170,163,179,156,164,186,162,183,187,177,174,151,161,184,185,189,165,175,167,160],"product_brand":[],"product_cat":[92],"product_tag":[],"class_list":{"0":"post-3819","1":"product","2":"type-product","3":"status-publish","4":"has-post-thumbnail","6":"sector-aceite","7":"sector-agua","8":"sector-alimentacion","9":"sector-automocion","10":"sector-azucar","11":"sector-bandas-depilatorias","12":"sector-blisters","13":"sector-bodegas","14":"sector-cafe","15":"sector-ceramica","16":"sector-conservas","17":"sector-construccion","18":"sector-cosmetica","19":"sector-cremas","20":"sector-decoracion-envases-2","21":"sector-decoracion-envases","22":"sector-detergentes","23":"sector-embotellado","24":"sector-estuches","25":"sector-farmacia","26":"sector-galletas","27":"sector-higiene","28":"sector-horchata","29":"sector-huevos","30":"sector-jardineria","31":"sector-licores","32":"sector-madera","33":"sector-packs","34":"sector-packs-al","35":"sector-pintura","36":"sector-productos-de-limpieza-2","37":"sector-productos-de-limpieza","38":"sector-quimico","39":"sector-refrescos","40":"sector-reposteria","41":"sector-sacos","42":"sector-semillas","43":"sector-sidra","44":"sector-sueros","45":"sector-tarros","46":"sector-zumos","47":"product_cat-palettiseur","49":"first","50":"instock","51":"shipping-taxable","52":"product-type-simple"},"acf":[],"yoast_head":"<!-- This site is optimized with the Yoast SEO plugin v27.4 - https:\/\/yoast.com\/product\/yoast-seo-wordpress\/ -->\n<title>PLI-2000 - Jorpack\u00ae<\/title>\n<meta name=\"robots\" content=\"index, follow, max-snippet:-1, max-image-preview:large, max-video-preview:-1\" \/>\n<link rel=\"canonical\" href=\"https:\/\/jorpack.com\/fr\/palettiseur\/pli-2000\/\" \/>\n<meta property=\"og:locale\" content=\"fr_FR\" \/>\n<meta property=\"og:type\" content=\"article\" \/>\n<meta property=\"og:title\" content=\"PLI-2000 - Jorpack\u00ae\" \/>\n<meta property=\"og:description\" content=\"Palettiseur automatique  Le palettiseur automatique conventionnel PLI-2000 Jorpack se caract\u00e9rise par son \u00e9quipement de construction modulaire. Le chargement du produit se fait par le bas, travaillant au m\u00eame niveau pour ne pas endommager le produit.  Ce mod\u00e8le de palettisation satisfait des productions moyennes-hautes.  Comprend un magasin de palettes pour le dosage de la zone de base de palettisation, les palettes, avant le d\u00e9but de la palettisation.  Le changement de format, comme dans le reste de la gamme de solutions palettiseurs Jorpack, s\u2019effectue automatiquement.  Il se distingue par sa simplicit\u00e9, sa simplicit\u00e9 d\u2019utilisation et sa polyvalence.  Le m\u00eame utilisateur de la machine palettisrice peut cr\u00e9er une nouvelle mosa\u00efque de palettisation selon les besoins futurs.\" \/>\n<meta property=\"og:url\" content=\"https:\/\/jorpack.com\/fr\/palettiseur\/pli-2000\/\" \/>\n<meta property=\"og:site_name\" content=\"Jorpack\u00ae\" \/>\n<meta property=\"article:modified_time\" content=\"2024-10-16T10:43:41+00:00\" \/>\n<meta property=\"og:image\" content=\"https:\/\/jorpack.com\/wp-content\/uploads\/2022\/05\/paletizador-automatico-jorpack-pli-2000-1.jpg\" \/>\n\t<meta property=\"og:image:width\" content=\"1024\" \/>\n\t<meta property=\"og:image:height\" content=\"1024\" \/>\n\t<meta property=\"og:image:type\" content=\"image\/jpeg\" \/>\n<meta name=\"twitter:card\" content=\"summary_large_image\" \/>\n<meta name=\"twitter:label1\" content=\"Dur\u00e9e de lecture estim\u00e9e\" \/>\n\t<meta name=\"twitter:data1\" content=\"2 minutes\" \/>\n<script type=\"application\/ld+json\" class=\"yoast-schema-graph\">{\"@context\":\"https:\\\/\\\/schema.org\",\"@graph\":[{\"@type\":\"WebPage\",\"@id\":\"https:\\\/\\\/jorpack.com\\\/fr\\\/palettiseur\\\/pli-2000\\\/\",\"url\":\"https:\\\/\\\/jorpack.com\\\/fr\\\/palettiseur\\\/pli-2000\\\/\",\"name\":\"PLI-2000 - Jorpack\u00ae\",\"isPartOf\":{\"@id\":\"https:\\\/\\\/jorpack.com\\\/fr\\\/#website\"},\"primaryImageOfPage\":{\"@id\":\"https:\\\/\\\/jorpack.com\\\/fr\\\/palettiseur\\\/pli-2000\\\/#primaryimage\"},\"image\":{\"@id\":\"https:\\\/\\\/jorpack.com\\\/fr\\\/palettiseur\\\/pli-2000\\\/#primaryimage\"},\"thumbnailUrl\":\"https:\\\/\\\/jorpack.com\\\/wp-content\\\/uploads\\\/2022\\\/05\\\/paletizador-automatico-jorpack-pli-2000-1.jpg\",\"datePublished\":\"2022-09-12T11:39:20+00:00\",\"dateModified\":\"2024-10-16T10:43:41+00:00\",\"breadcrumb\":{\"@id\":\"https:\\\/\\\/jorpack.com\\\/fr\\\/palettiseur\\\/pli-2000\\\/#breadcrumb\"},\"inLanguage\":\"fr-FR\",\"potentialAction\":[{\"@type\":\"ReadAction\",\"target\":[\"https:\\\/\\\/jorpack.com\\\/fr\\\/palettiseur\\\/pli-2000\\\/\"]}]},{\"@type\":\"ImageObject\",\"inLanguage\":\"fr-FR\",\"@id\":\"https:\\\/\\\/jorpack.com\\\/fr\\\/palettiseur\\\/pli-2000\\\/#primaryimage\",\"url\":\"https:\\\/\\\/jorpack.com\\\/wp-content\\\/uploads\\\/2022\\\/05\\\/paletizador-automatico-jorpack-pli-2000-1.jpg\",\"contentUrl\":\"https:\\\/\\\/jorpack.com\\\/wp-content\\\/uploads\\\/2022\\\/05\\\/paletizador-automatico-jorpack-pli-2000-1.jpg\",\"width\":1024,\"height\":1024,\"caption\":\"paletizador autom\u00e1tico de jorpack PLI 2000\"},{\"@type\":\"BreadcrumbList\",\"@id\":\"https:\\\/\\\/jorpack.com\\\/fr\\\/palettiseur\\\/pli-2000\\\/#breadcrumb\",\"itemListElement\":[{\"@type\":\"ListItem\",\"position\":1,\"name\":\"Portada\",\"item\":\"https:\\\/\\\/jorpack.com\\\/fr\\\/\"},{\"@type\":\"ListItem\",\"position\":2,\"name\":\"Tienda\",\"item\":\"https:\\\/\\\/jorpack.com\\\/tienda\\\/\"},{\"@type\":\"ListItem\",\"position\":3,\"name\":\"PLI-2000\"}]},{\"@type\":\"WebSite\",\"@id\":\"https:\\\/\\\/jorpack.com\\\/fr\\\/#website\",\"url\":\"https:\\\/\\\/jorpack.com\\\/fr\\\/\",\"name\":\"Jorpack\u00ae\",\"description\":\"Amplia selecci\u00f3n de Formadoras\",\"publisher\":{\"@id\":\"https:\\\/\\\/jorpack.com\\\/fr\\\/#organization\"},\"potentialAction\":[{\"@type\":\"SearchAction\",\"target\":{\"@type\":\"EntryPoint\",\"urlTemplate\":\"https:\\\/\\\/jorpack.com\\\/fr\\\/?s={search_term_string}\"},\"query-input\":{\"@type\":\"PropertyValueSpecification\",\"valueRequired\":true,\"valueName\":\"search_term_string\"}}],\"inLanguage\":\"fr-FR\"},{\"@type\":\"Organization\",\"@id\":\"https:\\\/\\\/jorpack.com\\\/fr\\\/#organization\",\"name\":\"Jorpack\u00ae\",\"url\":\"https:\\\/\\\/jorpack.com\\\/fr\\\/\",\"logo\":{\"@type\":\"ImageObject\",\"inLanguage\":\"fr-FR\",\"@id\":\"https:\\\/\\\/jorpack.com\\\/fr\\\/#\\\/schema\\\/logo\\\/image\\\/\",\"url\":\"https:\\\/\\\/jorpack.com\\\/wp-content\\\/uploads\\\/2022\\\/03\\\/cropped-jorpack-logotipo.png\",\"contentUrl\":\"https:\\\/\\\/jorpack.com\\\/wp-content\\\/uploads\\\/2022\\\/03\\\/cropped-jorpack-logotipo.png\",\"width\":500,\"height\":110,\"caption\":\"Jorpack\u00ae\"},\"image\":{\"@id\":\"https:\\\/\\\/jorpack.com\\\/fr\\\/#\\\/schema\\\/logo\\\/image\\\/\"}}]}<\/script>\n<!-- \/ Yoast SEO plugin. -->","yoast_head_json":{"title":"PLI-2000 - Jorpack\u00ae","robots":{"index":"index","follow":"follow","max-snippet":"max-snippet:-1","max-image-preview":"max-image-preview:large","max-video-preview":"max-video-preview:-1"},"canonical":"https:\/\/jorpack.com\/fr\/palettiseur\/pli-2000\/","og_locale":"fr_FR","og_type":"article","og_title":"PLI-2000 - Jorpack\u00ae","og_description":"Palettiseur automatique  Le palettiseur automatique conventionnel PLI-2000 Jorpack se caract\u00e9rise par son \u00e9quipement de construction modulaire. Le chargement du produit se fait par le bas, travaillant au m\u00eame niveau pour ne pas endommager le produit.  Ce mod\u00e8le de palettisation satisfait des productions moyennes-hautes.  Comprend un magasin de palettes pour le dosage de la zone de base de palettisation, les palettes, avant le d\u00e9but de la palettisation.  Le changement de format, comme dans le reste de la gamme de solutions palettiseurs Jorpack, s\u2019effectue automatiquement.  Il se distingue par sa simplicit\u00e9, sa simplicit\u00e9 d\u2019utilisation et sa polyvalence.  Le m\u00eame utilisateur de la machine palettisrice peut cr\u00e9er une nouvelle mosa\u00efque de palettisation selon les besoins futurs.","og_url":"https:\/\/jorpack.com\/fr\/palettiseur\/pli-2000\/","og_site_name":"Jorpack\u00ae","article_modified_time":"2024-10-16T10:43:41+00:00","og_image":[{"width":1024,"height":1024,"url":"https:\/\/jorpack.com\/wp-content\/uploads\/2022\/05\/paletizador-automatico-jorpack-pli-2000-1.jpg","type":"image\/jpeg"}],"twitter_card":"summary_large_image","twitter_misc":{"Dur\u00e9e de lecture estim\u00e9e":"2 minutes"},"schema":{"@context":"https:\/\/schema.org","@graph":[{"@type":"WebPage","@id":"https:\/\/jorpack.com\/fr\/palettiseur\/pli-2000\/","url":"https:\/\/jorpack.com\/fr\/palettiseur\/pli-2000\/","name":"PLI-2000 - Jorpack\u00ae","isPartOf":{"@id":"https:\/\/jorpack.com\/fr\/#website"},"primaryImageOfPage":{"@id":"https:\/\/jorpack.com\/fr\/palettiseur\/pli-2000\/#primaryimage"},"image":{"@id":"https:\/\/jorpack.com\/fr\/palettiseur\/pli-2000\/#primaryimage"},"thumbnailUrl":"https:\/\/jorpack.com\/wp-content\/uploads\/2022\/05\/paletizador-automatico-jorpack-pli-2000-1.jpg","datePublished":"2022-09-12T11:39:20+00:00","dateModified":"2024-10-16T10:43:41+00:00","breadcrumb":{"@id":"https:\/\/jorpack.com\/fr\/palettiseur\/pli-2000\/#breadcrumb"},"inLanguage":"fr-FR","potentialAction":[{"@type":"ReadAction","target":["https:\/\/jorpack.com\/fr\/palettiseur\/pli-2000\/"]}]},{"@type":"ImageObject","inLanguage":"fr-FR","@id":"https:\/\/jorpack.com\/fr\/palettiseur\/pli-2000\/#primaryimage","url":"https:\/\/jorpack.com\/wp-content\/uploads\/2022\/05\/paletizador-automatico-jorpack-pli-2000-1.jpg","contentUrl":"https:\/\/jorpack.com\/wp-content\/uploads\/2022\/05\/paletizador-automatico-jorpack-pli-2000-1.jpg","width":1024,"height":1024,"caption":"paletizador autom\u00e1tico de jorpack PLI 2000"},{"@type":"BreadcrumbList","@id":"https:\/\/jorpack.com\/fr\/palettiseur\/pli-2000\/#breadcrumb","itemListElement":[{"@type":"ListItem","position":1,"name":"Portada","item":"https:\/\/jorpack.com\/fr\/"},{"@type":"ListItem","position":2,"name":"Tienda","item":"https:\/\/jorpack.com\/tienda\/"},{"@type":"ListItem","position":3,"name":"PLI-2000"}]},{"@type":"WebSite","@id":"https:\/\/jorpack.com\/fr\/#website","url":"https:\/\/jorpack.com\/fr\/","name":"Jorpack\u00ae","description":"Amplia selecci\u00f3n de Formadoras","publisher":{"@id":"https:\/\/jorpack.com\/fr\/#organization"},"potentialAction":[{"@type":"SearchAction","target":{"@type":"EntryPoint","urlTemplate":"https:\/\/jorpack.com\/fr\/?s={search_term_string}"},"query-input":{"@type":"PropertyValueSpecification","valueRequired":true,"valueName":"search_term_string"}}],"inLanguage":"fr-FR"},{"@type":"Organization","@id":"https:\/\/jorpack.com\/fr\/#organization","name":"Jorpack\u00ae","url":"https:\/\/jorpack.com\/fr\/","logo":{"@type":"ImageObject","inLanguage":"fr-FR","@id":"https:\/\/jorpack.com\/fr\/#\/schema\/logo\/image\/","url":"https:\/\/jorpack.com\/wp-content\/uploads\/2022\/03\/cropped-jorpack-logotipo.png","contentUrl":"https:\/\/jorpack.com\/wp-content\/uploads\/2022\/03\/cropped-jorpack-logotipo.png","width":500,"height":110,"caption":"Jorpack\u00ae"},"image":{"@id":"https:\/\/jorpack.com\/fr\/#\/schema\/logo\/image\/"}}]}},"_links":{"self":[{"href":"https:\/\/jorpack.com\/fr\/wp-json\/wp\/v2\/product\/3819","targetHints":{"allow":["GET"]}}],"collection":[{"href":"https:\/\/jorpack.com\/fr\/wp-json\/wp\/v2\/product"}],"about":[{"href":"https:\/\/jorpack.com\/fr\/wp-json\/wp\/v2\/types\/product"}],"wp:featuredmedia":[{"embeddable":true,"href":"https:\/\/jorpack.com\/fr\/wp-json\/wp\/v2\/media\/3034"}],"wp:attachment":[{"href":"https:\/\/jorpack.com\/fr\/wp-json\/wp\/v2\/media?parent=3819"}],"wp:term":[{"taxonomy":"sector","embeddable":true,"href":"https:\/\/jorpack.com\/fr\/wp-json\/wp\/v2\/sector?post=3819"},{"taxonomy":"product_brand","embeddable":true,"href":"https:\/\/jorpack.com\/fr\/wp-json\/wp\/v2\/product_brand?post=3819"},{"taxonomy":"product_cat","embeddable":true,"href":"https:\/\/jorpack.com\/fr\/wp-json\/wp\/v2\/product_cat?post=3819"},{"taxonomy":"product_tag","embeddable":true,"href":"https:\/\/jorpack.com\/fr\/wp-json\/wp\/v2\/product_tag?post=3819"}],"curies":[{"name":"wp","href":"https:\/\/api.w.org\/{rel}","templated":true}]}}