{"id":3812,"date":"2022-04-21T05:27:46","date_gmt":"2022-09-12T11:09:53","guid":{"rendered":"https:\/\/jorpack.com\/?post_type=product&#038;p=3812"},"modified":"2024-10-16T10:07:41","modified_gmt":"2024-10-16T10:07:41","slug":"for-1700","status":"publish","type":"product","link":"https:\/\/jorpack.com\/fr\/formeuses-de-caisses-plateaux\/for-1700\/","title":{"rendered":"FOR-1700"},"content":{"rendered":"<div class=\"wpb-content-wrapper\"><p>[vc_section css=\u00a0\u00bb.vc_custom_1650361358445{margin-top: 0px !important;}\u00a0\u00bb el_class=\u00a0\u00bbficha-tecnica\u00a0\u00bb][vc_row][vc_column width=\u00a0\u00bb5\/6&Prime;][vc_toggle title=\u00a0\u00bbProduction\u00a0\u00bb]40 caisses\/minute[\/vc_toggle][vc_toggle title=\u00a0\u00bbAccessoires Inclus\u00a0\u00bb el_class=\u00a0\u00bbfaq-palet\u00a0\u00bb]<\/p>\n<div class=\"cont-flex\">\n<p style=\"text-align: left;\"><img decoding=\"async\" class=\"alignnone size-medium wp-image-1735\" src=\"https:\/\/jorpack.com\/wp-content\/uploads\/2022\/04\/icono-pantalla-display-jorpack-300x300.png\" alt=\"\" width=\"300\" height=\"300\" srcset=\"https:\/\/jorpack.com\/wp-content\/uploads\/2022\/04\/icono-pantalla-display-jorpack-300x300.png 300w, https:\/\/jorpack.com\/wp-content\/uploads\/2022\/04\/icono-pantalla-display-jorpack-150x150.png 150w, https:\/\/jorpack.com\/wp-content\/uploads\/2022\/04\/icono-pantalla-display-jorpack-100x100.png 100w, https:\/\/jorpack.com\/wp-content\/uploads\/2022\/04\/icono-pantalla-display-jorpack.png 540w\" sizes=\"(max-width: 300px) 100vw, 300px\" \/><br \/>\n\u00c9cran tactile<\/p>\n<p><img decoding=\"async\" class=\"alignnone size-medium wp-image-1829\" src=\"https:\/\/jorpack.com\/wp-content\/uploads\/2022\/05\/icono-almacen-de-palets-300x300.png\" alt=\"\" width=\"300\" height=\"300\" srcset=\"https:\/\/jorpack.com\/wp-content\/uploads\/2022\/05\/icono-almacen-de-palets-300x300.png 300w, https:\/\/jorpack.com\/wp-content\/uploads\/2022\/05\/icono-almacen-de-palets-150x150.png 150w, https:\/\/jorpack.com\/wp-content\/uploads\/2022\/05\/icono-almacen-de-palets-100x100.png 100w, https:\/\/jorpack.com\/wp-content\/uploads\/2022\/05\/icono-almacen-de-palets.png 540w\" sizes=\"(max-width: 300px) 100vw, 300px\" \/><br \/>\nMagasin de carton ergonomique<\/p>\n<p style=\"text-align: left;\"><img decoding=\"async\" class=\"alignnone size-medium wp-image-1830\" src=\"https:\/\/jorpack.com\/wp-content\/uploads\/2022\/05\/icono-equipo-encolado-hotmelt-300x300.png\" alt=\"\" width=\"300\" height=\"300\" srcset=\"https:\/\/jorpack.com\/wp-content\/uploads\/2022\/05\/icono-equipo-encolado-hotmelt-300x300.png 300w, https:\/\/jorpack.com\/wp-content\/uploads\/2022\/05\/icono-equipo-encolado-hotmelt-150x150.png 150w, https:\/\/jorpack.com\/wp-content\/uploads\/2022\/05\/icono-equipo-encolado-hotmelt-100x100.png 100w, https:\/\/jorpack.com\/wp-content\/uploads\/2022\/05\/icono-equipo-encolado-hotmelt.png 541w\" sizes=\"(max-width: 300px) 100vw, 300px\" \/><br \/>\n\u00c9quipement de collage Hot-melt<\/p>\n<\/div>\n<p>[\/vc_toggle][vc_raw_html]W1Nhc3N5X1NvY2lhbF9TaGFyZSB0aXRsZT0iUGFydGFnZXIiXQ==[\/vc_raw_html][\/vc_column][vc_column width=\u00a0\u00bb1\/6&Prime; offset=\u00a0\u00bbvc_hidden-xs\u00a0\u00bb]<div class=\"ult-content-box-container \" >\t\t<div class=\"ult-content-box\" style=\"box-shadow: px px px px none;-webkit-transition: all 700ms ease;-moz-transition: all 700ms ease;-ms-transition: all 700ms ease;-o-transition: all 700ms ease;transition: all 700ms ease;\"  data-hover_box_shadow=\"none\"    >[vc_single_image image=\u00a0\u00bb645&Prime; alignment=\u00a0\u00bbcenter\u00a0\u00bb css=\u00a0\u00bb.vc_custom_1648732644686{margin-bottom: 10px !important;}\u00a0\u00bb][vc_column_text]<\/p>\n<p style=\"text-align: center;\"><span style=\"color: #394049;\">Fiche technique<br \/>\nDESP-4000<\/span><\/p>\n<p>[\/vc_column_text]\t\t<\/div><\/div>[\/vc_column][\/vc_row][\/vc_section][vc_section][vc_row gap=\u00a0\u00bb35&Prime;][vc_column width=\u00a0\u00bb3\/4&Prime; el_class=\u00a0\u00bbproductos-sugeridos\u00a0\u00bb][vc_column_text]<\/p>\n<h3>Compl\u00e9ter la ligne avec:<\/h3>\n<p>[\/vc_column_text][vc_basic_grid post_type=\u00a0\u00bbids\u00a0\u00bb element_width=\u00a0\u00bb3&Prime; gap=\u00a0\u00bb35&Prime; item=\u00a0\u00bb1394&Prime; grid_id=\u00a0\u00bbvc_gid:1663920532164-a769a927-012d-5&Prime; include=\u00a0\u00bb1528, 1510, 1413&Prime;][\/vc_column][vc_column width=\u00a0\u00bb1\/4&Prime; el_class=\u00a0\u00bbproductos-relacionados\u00a0\u00bb][vc_column_text]<\/p>\n<h3>Produits associ\u00e9s:<\/h3>\n<p>[\/vc_column_text][vc_column_text]<a href=\"http:\/\/www.jorpack.com\/fr\/formeuses-de-caisses-plateaux\/for-1200 \">FOR-1200<\/a><\/p>\n<p><a href=\"http:\/\/www.jorpack.com\/fr\/formeuses-de-caisses-plateaux\/for-325 \">FOR-325<\/a><\/p>\n<p><a href=\"http:\/\/www.jorpack.com\/fr\/formeuses-de-caisses-plateaux\/for-band \">FOR-BAND<\/a><\/p>\n<p><a href=\"http:\/\/www.jorpack.com\/fr\/fermeuses-de-caisses\/cer-1300 \">CER-1300<\/a>[\/vc_column_text][\/vc_column][\/vc_row][\/vc_section]<\/p>\n<\/div>","protected":false},"excerpt":{"rendered":"<p>Formeuses de Caisses<\/p>\n<p>Formeuse automatique de cartons FOR-1700 Jorpack pour des productions \u00e9lev\u00e9es de formage de cartons, avec une grande pr\u00e9cision dans chacun des mouvements.<\/p>\n<p>Formez La caisse fermant les rabats inf\u00e9rieurs horizontalement. Cela augmente le nombre d\u2019unit\u00e9s qu\u2019il est capable de former.<\/p>\n<p>La machine int\u00e8gre entre autres \u00e9l\u00e9ments servomoteurs pour une plus grande pr\u00e9cision dans chacun des mouvements qu\u2019elle effectue, en plus d\u2019\u00eatre doux et en \u00e9vitant les chocs et les bruits.<\/p>\n<p>La fermeture des rabats se fait uniquement avec de la colle chaude (hot-melt).<\/p>\n<p>Les changements de format des cartons sont tr\u00e8s simples et tr\u00e8s rapides, gr\u00e2ce \u00e0 diff\u00e9rents syst\u00e8mes de r\u00e9gulation que la machine inclut en s\u00e9rie.<\/p>\n","protected":false},"featured_media":9196,"template":"","meta":{"_acf_changed":false},"sector":[157,158,154,153,181,171,176,159,178,180,155,150,168,173,149,169,152,182,170,163,179,156,164,187,174,177,151,161,184,189,165,175,167,160],"product_brand":[],"product_cat":[91],"product_tag":[],"class_list":{"0":"post-3812","1":"product","2":"type-product","3":"status-publish","4":"has-post-thumbnail","6":"sector-aceite","7":"sector-agua","8":"sector-alimentacion","9":"sector-automocion","10":"sector-azucar","11":"sector-bandas-depilatorias","12":"sector-blisters","13":"sector-bodegas","14":"sector-cafe","15":"sector-conservas","16":"sector-construccion","17":"sector-cosmetica","18":"sector-cremas","19":"sector-detergentes","20":"sector-embotellado","21":"sector-estuches","22":"sector-farmacia","23":"sector-galletas","24":"sector-higiene","25":"sector-horchata","26":"sector-huevos","27":"sector-jardineria","28":"sector-licores","29":"sector-pintura","30":"sector-productos-de-limpieza","31":"sector-productos-de-limpieza-2","32":"sector-quimico","33":"sector-refrescos","34":"sector-reposteria","35":"sector-semillas","36":"sector-sidra","37":"sector-sueros","38":"sector-tarros","39":"sector-zumos","40":"product_cat-formeuses-de-cartons-et-plateaux","42":"first","43":"instock","44":"shipping-taxable","45":"product-type-simple"},"acf":[],"yoast_head":"<!-- This site is optimized with the Yoast SEO plugin v27.2 - https:\/\/yoast.com\/product\/yoast-seo-wordpress\/ -->\n<title>FOR-1700 - Jorpack\u00ae<\/title>\n<meta name=\"robots\" content=\"index, follow, max-snippet:-1, max-image-preview:large, max-video-preview:-1\" \/>\n<link rel=\"canonical\" href=\"https:\/\/jorpack.com\/fr\/formeuses-de-caisses-plateaux\/for-1700\/\" \/>\n<meta property=\"og:locale\" content=\"fr_FR\" \/>\n<meta property=\"og:type\" content=\"article\" \/>\n<meta property=\"og:title\" content=\"FOR-1700 - Jorpack\u00ae\" \/>\n<meta property=\"og:description\" content=\"Formeuses de Caisses  Formeuse automatique de cartons FOR-1700 Jorpack pour des productions \u00e9lev\u00e9es de formage de cartons, avec une grande pr\u00e9cision dans chacun des mouvements.  Formez La caisse fermant les rabats inf\u00e9rieurs horizontalement. Cela augmente le nombre d\u2019unit\u00e9s qu\u2019il est capable de former.  La machine int\u00e8gre entre autres \u00e9l\u00e9ments servomoteurs pour une plus grande pr\u00e9cision dans chacun des mouvements qu\u2019elle effectue, en plus d\u2019\u00eatre doux et en \u00e9vitant les chocs et les bruits.  La fermeture des rabats se fait uniquement avec de la colle chaude (hot-melt).  Les changements de format des cartons sont tr\u00e8s simples et tr\u00e8s rapides, gr\u00e2ce \u00e0 diff\u00e9rents syst\u00e8mes de r\u00e9gulation que la machine inclut en s\u00e9rie.\" \/>\n<meta property=\"og:url\" content=\"https:\/\/jorpack.com\/fr\/formeuses-de-caisses-plateaux\/for-1700\/\" \/>\n<meta property=\"og:site_name\" content=\"Jorpack\u00ae\" \/>\n<meta property=\"article:modified_time\" content=\"2024-10-16T10:07:41+00:00\" \/>\n<meta property=\"og:image\" content=\"https:\/\/jorpack.com\/wp-content\/uploads\/2024\/09\/formadora-de-cajas-tipo-b1-americana-con-cola-hot-melt-jorpack-FOR-1700-2-01-scaled.webp\" \/>\n\t<meta property=\"og:image:width\" content=\"1\" \/>\n\t<meta property=\"og:image:height\" content=\"1\" \/>\n\t<meta property=\"og:image:type\" content=\"image\/webp\" \/>\n<meta name=\"twitter:card\" content=\"summary_large_image\" \/>\n<meta name=\"twitter:label1\" content=\"Dur\u00e9e de lecture estim\u00e9e\" \/>\n\t<meta name=\"twitter:data1\" content=\"2 minutes\" \/>\n<script type=\"application\/ld+json\" class=\"yoast-schema-graph\">{\"@context\":\"https:\/\/schema.org\",\"@graph\":[{\"@type\":\"WebPage\",\"@id\":\"https:\/\/jorpack.com\/fr\/formeuses-de-caisses-plateaux\/for-1700\/\",\"url\":\"https:\/\/jorpack.com\/fr\/formeuses-de-caisses-plateaux\/for-1700\/\",\"name\":\"FOR-1700 - Jorpack\u00ae\",\"isPartOf\":{\"@id\":\"https:\/\/jorpack.com\/fr\/#website\"},\"primaryImageOfPage\":{\"@id\":\"https:\/\/jorpack.com\/fr\/formeuses-de-caisses-plateaux\/for-1700\/#primaryimage\"},\"image\":{\"@id\":\"https:\/\/jorpack.com\/fr\/formeuses-de-caisses-plateaux\/for-1700\/#primaryimage\"},\"thumbnailUrl\":\"https:\/\/jorpack.com\/wp-content\/uploads\/2024\/09\/formadora-de-cajas-tipo-b1-americana-con-cola-hot-melt-jorpack-FOR-1700-2-01-scaled.webp\",\"datePublished\":\"2022-09-12T11:09:53+00:00\",\"dateModified\":\"2024-10-16T10:07:41+00:00\",\"breadcrumb\":{\"@id\":\"https:\/\/jorpack.com\/fr\/formeuses-de-caisses-plateaux\/for-1700\/#breadcrumb\"},\"inLanguage\":\"fr-FR\",\"potentialAction\":[{\"@type\":\"ReadAction\",\"target\":[\"https:\/\/jorpack.com\/fr\/formeuses-de-caisses-plateaux\/for-1700\/\"]}]},{\"@type\":\"ImageObject\",\"inLanguage\":\"fr-FR\",\"@id\":\"https:\/\/jorpack.com\/fr\/formeuses-de-caisses-plateaux\/for-1700\/#primaryimage\",\"url\":\"https:\/\/jorpack.com\/wp-content\/uploads\/2024\/09\/formadora-de-cajas-tipo-b1-americana-con-cola-hot-melt-jorpack-FOR-1700-2-01-scaled.webp\",\"contentUrl\":\"https:\/\/jorpack.com\/wp-content\/uploads\/2024\/09\/formadora-de-cajas-tipo-b1-americana-con-cola-hot-melt-jorpack-FOR-1700-2-01-scaled.webp\",\"width\":2560,\"height\":2560,\"caption\":\"Formadora de cajas tipo b1 FOR1700\"},{\"@type\":\"BreadcrumbList\",\"@id\":\"https:\/\/jorpack.com\/fr\/formeuses-de-caisses-plateaux\/for-1700\/#breadcrumb\",\"itemListElement\":[{\"@type\":\"ListItem\",\"position\":1,\"name\":\"Portada\",\"item\":\"https:\/\/jorpack.com\/fr\/\"},{\"@type\":\"ListItem\",\"position\":2,\"name\":\"Tienda\",\"item\":\"https:\/\/jorpack.com\/tienda\/\"},{\"@type\":\"ListItem\",\"position\":3,\"name\":\"FOR-1700\"}]},{\"@type\":\"WebSite\",\"@id\":\"https:\/\/jorpack.com\/fr\/#website\",\"url\":\"https:\/\/jorpack.com\/fr\/\",\"name\":\"Jorpack\u00ae\",\"description\":\"Amplia selecci\u00f3n de Formadoras\",\"publisher\":{\"@id\":\"https:\/\/jorpack.com\/fr\/#organization\"},\"potentialAction\":[{\"@type\":\"SearchAction\",\"target\":{\"@type\":\"EntryPoint\",\"urlTemplate\":\"https:\/\/jorpack.com\/fr\/?s={search_term_string}\"},\"query-input\":{\"@type\":\"PropertyValueSpecification\",\"valueRequired\":true,\"valueName\":\"search_term_string\"}}],\"inLanguage\":\"fr-FR\"},{\"@type\":\"Organization\",\"@id\":\"https:\/\/jorpack.com\/fr\/#organization\",\"name\":\"Jorpack\u00ae\",\"url\":\"https:\/\/jorpack.com\/fr\/\",\"logo\":{\"@type\":\"ImageObject\",\"inLanguage\":\"fr-FR\",\"@id\":\"https:\/\/jorpack.com\/fr\/#\/schema\/logo\/image\/\",\"url\":\"https:\/\/jorpack.com\/wp-content\/uploads\/2022\/03\/cropped-jorpack-logotipo.png\",\"contentUrl\":\"https:\/\/jorpack.com\/wp-content\/uploads\/2022\/03\/cropped-jorpack-logotipo.png\",\"width\":500,\"height\":110,\"caption\":\"Jorpack\u00ae\"},\"image\":{\"@id\":\"https:\/\/jorpack.com\/fr\/#\/schema\/logo\/image\/\"}}]}<\/script>\n<!-- \/ Yoast SEO plugin. -->","yoast_head_json":{"title":"FOR-1700 - Jorpack\u00ae","robots":{"index":"index","follow":"follow","max-snippet":"max-snippet:-1","max-image-preview":"max-image-preview:large","max-video-preview":"max-video-preview:-1"},"canonical":"https:\/\/jorpack.com\/fr\/formeuses-de-caisses-plateaux\/for-1700\/","og_locale":"fr_FR","og_type":"article","og_title":"FOR-1700 - Jorpack\u00ae","og_description":"Formeuses de Caisses  Formeuse automatique de cartons FOR-1700 Jorpack pour des productions \u00e9lev\u00e9es de formage de cartons, avec une grande pr\u00e9cision dans chacun des mouvements.  Formez La caisse fermant les rabats inf\u00e9rieurs horizontalement. Cela augmente le nombre d\u2019unit\u00e9s qu\u2019il est capable de former.  La machine int\u00e8gre entre autres \u00e9l\u00e9ments servomoteurs pour une plus grande pr\u00e9cision dans chacun des mouvements qu\u2019elle effectue, en plus d\u2019\u00eatre doux et en \u00e9vitant les chocs et les bruits.  La fermeture des rabats se fait uniquement avec de la colle chaude (hot-melt).  Les changements de format des cartons sont tr\u00e8s simples et tr\u00e8s rapides, gr\u00e2ce \u00e0 diff\u00e9rents syst\u00e8mes de r\u00e9gulation que la machine inclut en s\u00e9rie.","og_url":"https:\/\/jorpack.com\/fr\/formeuses-de-caisses-plateaux\/for-1700\/","og_site_name":"Jorpack\u00ae","article_modified_time":"2024-10-16T10:07:41+00:00","og_image":[{"url":"https:\/\/jorpack.com\/wp-content\/uploads\/2024\/09\/formadora-de-cajas-tipo-b1-americana-con-cola-hot-melt-jorpack-FOR-1700-2-01-scaled.webp","width":1,"height":1,"type":"image\/webp"}],"twitter_card":"summary_large_image","twitter_misc":{"Dur\u00e9e de lecture estim\u00e9e":"2 minutes"},"schema":{"@context":"https:\/\/schema.org","@graph":[{"@type":"WebPage","@id":"https:\/\/jorpack.com\/fr\/formeuses-de-caisses-plateaux\/for-1700\/","url":"https:\/\/jorpack.com\/fr\/formeuses-de-caisses-plateaux\/for-1700\/","name":"FOR-1700 - Jorpack\u00ae","isPartOf":{"@id":"https:\/\/jorpack.com\/fr\/#website"},"primaryImageOfPage":{"@id":"https:\/\/jorpack.com\/fr\/formeuses-de-caisses-plateaux\/for-1700\/#primaryimage"},"image":{"@id":"https:\/\/jorpack.com\/fr\/formeuses-de-caisses-plateaux\/for-1700\/#primaryimage"},"thumbnailUrl":"https:\/\/jorpack.com\/wp-content\/uploads\/2024\/09\/formadora-de-cajas-tipo-b1-americana-con-cola-hot-melt-jorpack-FOR-1700-2-01-scaled.webp","datePublished":"2022-09-12T11:09:53+00:00","dateModified":"2024-10-16T10:07:41+00:00","breadcrumb":{"@id":"https:\/\/jorpack.com\/fr\/formeuses-de-caisses-plateaux\/for-1700\/#breadcrumb"},"inLanguage":"fr-FR","potentialAction":[{"@type":"ReadAction","target":["https:\/\/jorpack.com\/fr\/formeuses-de-caisses-plateaux\/for-1700\/"]}]},{"@type":"ImageObject","inLanguage":"fr-FR","@id":"https:\/\/jorpack.com\/fr\/formeuses-de-caisses-plateaux\/for-1700\/#primaryimage","url":"https:\/\/jorpack.com\/wp-content\/uploads\/2024\/09\/formadora-de-cajas-tipo-b1-americana-con-cola-hot-melt-jorpack-FOR-1700-2-01-scaled.webp","contentUrl":"https:\/\/jorpack.com\/wp-content\/uploads\/2024\/09\/formadora-de-cajas-tipo-b1-americana-con-cola-hot-melt-jorpack-FOR-1700-2-01-scaled.webp","width":2560,"height":2560,"caption":"Formadora de cajas tipo b1 FOR1700"},{"@type":"BreadcrumbList","@id":"https:\/\/jorpack.com\/fr\/formeuses-de-caisses-plateaux\/for-1700\/#breadcrumb","itemListElement":[{"@type":"ListItem","position":1,"name":"Portada","item":"https:\/\/jorpack.com\/fr\/"},{"@type":"ListItem","position":2,"name":"Tienda","item":"https:\/\/jorpack.com\/tienda\/"},{"@type":"ListItem","position":3,"name":"FOR-1700"}]},{"@type":"WebSite","@id":"https:\/\/jorpack.com\/fr\/#website","url":"https:\/\/jorpack.com\/fr\/","name":"Jorpack\u00ae","description":"Amplia selecci\u00f3n de Formadoras","publisher":{"@id":"https:\/\/jorpack.com\/fr\/#organization"},"potentialAction":[{"@type":"SearchAction","target":{"@type":"EntryPoint","urlTemplate":"https:\/\/jorpack.com\/fr\/?s={search_term_string}"},"query-input":{"@type":"PropertyValueSpecification","valueRequired":true,"valueName":"search_term_string"}}],"inLanguage":"fr-FR"},{"@type":"Organization","@id":"https:\/\/jorpack.com\/fr\/#organization","name":"Jorpack\u00ae","url":"https:\/\/jorpack.com\/fr\/","logo":{"@type":"ImageObject","inLanguage":"fr-FR","@id":"https:\/\/jorpack.com\/fr\/#\/schema\/logo\/image\/","url":"https:\/\/jorpack.com\/wp-content\/uploads\/2022\/03\/cropped-jorpack-logotipo.png","contentUrl":"https:\/\/jorpack.com\/wp-content\/uploads\/2022\/03\/cropped-jorpack-logotipo.png","width":500,"height":110,"caption":"Jorpack\u00ae"},"image":{"@id":"https:\/\/jorpack.com\/fr\/#\/schema\/logo\/image\/"}}]}},"_links":{"self":[{"href":"https:\/\/jorpack.com\/fr\/wp-json\/wp\/v2\/product\/3812","targetHints":{"allow":["GET"]}}],"collection":[{"href":"https:\/\/jorpack.com\/fr\/wp-json\/wp\/v2\/product"}],"about":[{"href":"https:\/\/jorpack.com\/fr\/wp-json\/wp\/v2\/types\/product"}],"wp:featuredmedia":[{"embeddable":true,"href":"https:\/\/jorpack.com\/fr\/wp-json\/wp\/v2\/media\/9196"}],"wp:attachment":[{"href":"https:\/\/jorpack.com\/fr\/wp-json\/wp\/v2\/media?parent=3812"}],"wp:term":[{"taxonomy":"sector","embeddable":true,"href":"https:\/\/jorpack.com\/fr\/wp-json\/wp\/v2\/sector?post=3812"},{"taxonomy":"product_brand","embeddable":true,"href":"https:\/\/jorpack.com\/fr\/wp-json\/wp\/v2\/product_brand?post=3812"},{"taxonomy":"product_cat","embeddable":true,"href":"https:\/\/jorpack.com\/fr\/wp-json\/wp\/v2\/product_cat?post=3812"},{"taxonomy":"product_tag","embeddable":true,"href":"https:\/\/jorpack.com\/fr\/wp-json\/wp\/v2\/product_tag?post=3812"}],"curies":[{"name":"wp","href":"https:\/\/api.w.org\/{rel}","templated":true}]}}