{"id":3809,"date":"2022-04-21T05:27:22","date_gmt":"2022-09-12T10:57:17","guid":{"rendered":"https:\/\/jorpack.com\/?post_type=product&#038;p=3809"},"modified":"2025-02-20T14:18:59","modified_gmt":"2025-02-20T14:18:59","slug":"for-1200","status":"publish","type":"product","link":"https:\/\/jorpack.com\/fr\/formeuses-de-caisses-plateaux\/for-1200\/","title":{"rendered":"FOR-1200"},"content":{"rendered":"<div class=\"wpb-content-wrapper\"><p>[vc_section css=\u00a0\u00bb.vc_custom_1650361358445{margin-top: 0px !important;}\u00a0\u00bb el_class=\u00a0\u00bbficha-tecnica\u00a0\u00bb][vc_row][vc_column width=\u00a0\u00bb5\/6&Prime;][vc_toggle title=\u00a0\u00bbProduction\u00a0\u00bb]1.200 caisses\/heure[\/vc_toggle][vc_toggle title=\u00a0\u00bbAccessoires Inclus\u00a0\u00bb el_class=\u00a0\u00bbfaq-palet\u00a0\u00bb]<\/p>\n<div class=\"cont-flex\">\n<p><img decoding=\"async\" class=\"alignnone size-medium wp-image-1440\" src=\"https:\/\/jorpack.com\/wp-content\/uploads\/2022\/04\/icono-caja-tipo-b1-con-cierre-por-precinto-300x300.png\" alt=\"\" width=\"300\" height=\"300\" srcset=\"https:\/\/jorpack.com\/wp-content\/uploads\/2022\/04\/icono-caja-tipo-b1-con-cierre-por-precinto-300x300.png 300w, https:\/\/jorpack.com\/wp-content\/uploads\/2022\/04\/icono-caja-tipo-b1-con-cierre-por-precinto-150x150.png 150w, https:\/\/jorpack.com\/wp-content\/uploads\/2022\/04\/icono-caja-tipo-b1-con-cierre-por-precinto-100x100.png 100w, https:\/\/jorpack.com\/wp-content\/uploads\/2022\/04\/icono-caja-tipo-b1-con-cierre-por-precinto.png 540w\" sizes=\"(max-width: 300px) 100vw, 300px\" \/><br \/>\nScellant de caisses, pour la fa\u00e7onneuse de bo\u00eetes avec scell\u00e9.<\/p>\n<p style=\"text-align: left;\"><img decoding=\"async\" class=\"alignnone size-medium wp-image-1830\" src=\"https:\/\/jorpack.com\/wp-content\/uploads\/2022\/05\/icono-equipo-encolado-hotmelt-300x300.png\" alt=\"\" width=\"300\" height=\"300\" srcset=\"https:\/\/jorpack.com\/wp-content\/uploads\/2022\/05\/icono-equipo-encolado-hotmelt-300x300.png 300w, https:\/\/jorpack.com\/wp-content\/uploads\/2022\/05\/icono-equipo-encolado-hotmelt-150x150.png 150w, https:\/\/jorpack.com\/wp-content\/uploads\/2022\/05\/icono-equipo-encolado-hotmelt-100x100.png 100w, https:\/\/jorpack.com\/wp-content\/uploads\/2022\/05\/icono-equipo-encolado-hotmelt.png 541w\" sizes=\"(max-width: 300px) 100vw, 300px\" \/><br \/>\n\u00c9quipement de collage Hot-melt, pour l\u2019option de formage avec colle hot-melt.<\/p>\n<\/div>\n<p>[\/vc_toggle][vc_raw_html]W1Nhc3N5X1NvY2lhbF9TaGFyZSB0aXRsZT0iUGFydGFnZXIiXQ==[\/vc_raw_html][\/vc_column][vc_column width=\u00a0\u00bb1\/6&Prime; offset=\u00a0\u00bbvc_hidden-xs\u00a0\u00bb]<div class=\"ult-content-box-container \" >\t\t<div class=\"ult-content-box\" style=\"box-shadow: px px px px none;-webkit-transition: all 700ms ease;-moz-transition: all 700ms ease;-ms-transition: all 700ms ease;-o-transition: all 700ms ease;transition: all 700ms ease;\"  data-hover_box_shadow=\"none\"    >[vc_single_image image=\u00a0\u00bb645&Prime; alignment=\u00a0\u00bbcenter\u00a0\u00bb css=\u00a0\u00bb.vc_custom_1648732644686{margin-bottom: 10px !important;}\u00a0\u00bb][vc_column_text]<\/p>\n<p style=\"text-align: center;\"><span style=\"color: #394049;\">Fiche technique<br \/>\nDESP-4000<\/span><\/p>\n<p>[\/vc_column_text]\t\t<\/div><\/div>[\/vc_column][\/vc_row][\/vc_section][vc_section][vc_row gap=\u00a0\u00bb35&Prime;][vc_column width=\u00a0\u00bb3\/4&Prime; el_class=\u00a0\u00bbproductos-sugeridos\u00a0\u00bb][vc_column_text]<\/p>\n<h3>Compl\u00e9ter la ligne avec:<\/h3>\n<p>[\/vc_column_text][vc_basic_grid post_type=\u00a0\u00bbids\u00a0\u00bb element_width=\u00a0\u00bb3&Prime; gap=\u00a0\u00bb35&Prime; item=\u00a0\u00bb1394&Prime; grid_id=\u00a0\u00bbvc_gid:1663920789322-ae3ed30b-5e75-5&Prime; include=\u00a0\u00bb1524, 1536, 1409&Prime;][\/vc_column][vc_column width=\u00a0\u00bb1\/4&Prime; el_class=\u00a0\u00bbproductos-relacionados\u00a0\u00bb][vc_column_text]<\/p>\n<h3>Produits associ\u00e9s:<\/h3>\n<p>[\/vc_column_text][vc_column_text]<a href=\"http:\/\/www.jorpack.com\/fr\/formeuses-de-caisses-plateaux\/for-1700 \">FOR-1700<\/a><\/p>\n<p><a href=\"http:\/\/www.jorpack.com\/fr\/formeuses-de-caisses-plateaux\/for-325 \">FOR-325<\/a><\/p>\n<p><a href=\"http:\/\/www.jorpack.com\/fr\/formeuses-de-caisses-plateaux\/for-band \">FOR-BAND<\/a><\/p>\n<p><a href=\"http:\/\/www.jorpack.com\/fr\/fermeuses-de-caisses\/cer-1300 \">CER-1300<\/a>[\/vc_column_text][\/vc_column][\/vc_row][\/vc_section]<\/p>\n<\/div>","protected":false},"excerpt":{"rendered":"<p>Formeuses de Caisses<\/p>\n<p>La formeuse de caisses de carton FOR-1200 de Jorpack a \u00e9t\u00e9 con\u00e7ue pour r\u00e9aliser la fermeture des rabats inf\u00e9rieurs avec de la colle chaude (\u00e9galement connue sous le nom de hot-melt) ou avec un scell\u00e9.<\/p>\n<p>Les formeuses de caisses Jorpack se caract\u00e9risent par leur construction modulaire, ce qui permet une grande polyvalence.<\/p>\n<p>En outre, il dispose d\u2019un magasin de carton ergonomique pour d\u00e9poser les cartons de type B1 avec une grande capacit\u00e9.<\/p>\n<p><strong>Les changements de format sont tr\u00e8s courts.<\/strong><\/p>\n<p><strong>Ils int\u00e8grent un syst\u00e8me de r\u00e9gulation pour \u00eatre plus simples et plus agiles.<\/strong><\/p>\n<p>Comprenant un \u00e9cran tactile pour le contr\u00f4le de la production, et dans le cas de l\u2019option de fa\u00e7onneuse de bo\u00eetes \u00e0 colle chaude, pouvoir r\u00e9gler les cordons de queue parmi de nombreuses autres options.<\/p>\n","protected":false},"featured_media":14749,"template":"","meta":{"_acf_changed":false},"sector":[157,158,154,153,181,171,176,159,178,180,155,150,168,173,149,169,152,182,170,163,179,156,164,187,174,177,151,161,184,189,165,175,167,160],"product_brand":[],"product_cat":[91],"product_tag":[],"class_list":{"0":"post-3809","1":"product","2":"type-product","3":"status-publish","4":"has-post-thumbnail","6":"sector-aceite","7":"sector-agua","8":"sector-alimentacion","9":"sector-automocion","10":"sector-azucar","11":"sector-bandas-depilatorias","12":"sector-blisters","13":"sector-bodegas","14":"sector-cafe","15":"sector-conservas","16":"sector-construccion","17":"sector-cosmetica","18":"sector-cremas","19":"sector-detergentes","20":"sector-embotellado","21":"sector-estuches","22":"sector-farmacia","23":"sector-galletas","24":"sector-higiene","25":"sector-horchata","26":"sector-huevos","27":"sector-jardineria","28":"sector-licores","29":"sector-pintura","30":"sector-productos-de-limpieza","31":"sector-productos-de-limpieza-2","32":"sector-quimico","33":"sector-refrescos","34":"sector-reposteria","35":"sector-semillas","36":"sector-sidra","37":"sector-sueros","38":"sector-tarros","39":"sector-zumos","40":"product_cat-formeuses-de-cartons-et-plateaux","42":"first","43":"instock","44":"shipping-taxable","45":"product-type-simple"},"acf":[],"yoast_head":"<!-- This site is optimized with the Yoast SEO plugin v27.4 - https:\/\/yoast.com\/product\/yoast-seo-wordpress\/ -->\n<title>FOR-1200 - Jorpack\u00ae<\/title>\n<meta name=\"robots\" content=\"index, follow, max-snippet:-1, max-image-preview:large, max-video-preview:-1\" \/>\n<link rel=\"canonical\" href=\"https:\/\/jorpack.com\/fr\/formeuses-de-caisses-plateaux\/for-1200\/\" \/>\n<meta property=\"og:locale\" content=\"fr_FR\" \/>\n<meta property=\"og:type\" content=\"article\" \/>\n<meta property=\"og:title\" content=\"FOR-1200 - Jorpack\u00ae\" \/>\n<meta property=\"og:description\" content=\"Formeuses de Caisses  La formeuse de caisses de carton FOR-1200 de Jorpack a \u00e9t\u00e9 con\u00e7ue pour r\u00e9aliser la fermeture des rabats inf\u00e9rieurs avec de la colle chaude (\u00e9galement connue sous le nom de hot-melt) ou avec un scell\u00e9.  Les formeuses de caisses Jorpack se caract\u00e9risent par leur construction modulaire, ce qui permet une grande polyvalence.  En outre, il dispose d\u2019un magasin de carton ergonomique pour d\u00e9poser les cartons de type B1 avec une grande capacit\u00e9.  Les changements de format sont tr\u00e8s courts.  Ils int\u00e8grent un syst\u00e8me de r\u00e9gulation pour \u00eatre plus simples et plus agiles.  Comprenant un \u00e9cran tactile pour le contr\u00f4le de la production, et dans le cas de l\u2019option de fa\u00e7onneuse de bo\u00eetes \u00e0 colle chaude, pouvoir r\u00e9gler les cordons de queue parmi de nombreuses autres options.\" \/>\n<meta property=\"og:url\" content=\"https:\/\/jorpack.com\/fr\/formeuses-de-caisses-plateaux\/for-1200\/\" \/>\n<meta property=\"og:site_name\" content=\"Jorpack\u00ae\" \/>\n<meta property=\"article:modified_time\" content=\"2025-02-20T14:18:59+00:00\" \/>\n<meta property=\"og:image\" content=\"https:\/\/jorpack.com\/wp-content\/uploads\/2022\/05\/formadora-de-cajas-tipo-b1-con-precinto-o-cola-caliente-jorpack-FOR-1200-1.jpg\" \/>\n\t<meta property=\"og:image:width\" content=\"1024\" \/>\n\t<meta property=\"og:image:height\" content=\"1024\" \/>\n\t<meta property=\"og:image:type\" content=\"image\/jpeg\" \/>\n<meta name=\"twitter:card\" content=\"summary_large_image\" \/>\n<meta name=\"twitter:label1\" content=\"Dur\u00e9e de lecture estim\u00e9e\" \/>\n\t<meta name=\"twitter:data1\" content=\"1 minute\" \/>\n<script type=\"application\/ld+json\" class=\"yoast-schema-graph\">{\"@context\":\"https:\\\/\\\/schema.org\",\"@graph\":[{\"@type\":\"WebPage\",\"@id\":\"https:\\\/\\\/jorpack.com\\\/fr\\\/formeuses-de-caisses-plateaux\\\/for-1200\\\/\",\"url\":\"https:\\\/\\\/jorpack.com\\\/fr\\\/formeuses-de-caisses-plateaux\\\/for-1200\\\/\",\"name\":\"FOR-1200 - Jorpack\u00ae\",\"isPartOf\":{\"@id\":\"https:\\\/\\\/jorpack.com\\\/fr\\\/#website\"},\"primaryImageOfPage\":{\"@id\":\"https:\\\/\\\/jorpack.com\\\/fr\\\/formeuses-de-caisses-plateaux\\\/for-1200\\\/#primaryimage\"},\"image\":{\"@id\":\"https:\\\/\\\/jorpack.com\\\/fr\\\/formeuses-de-caisses-plateaux\\\/for-1200\\\/#primaryimage\"},\"thumbnailUrl\":\"https:\\\/\\\/jorpack.com\\\/wp-content\\\/uploads\\\/2022\\\/04\\\/formadora-de-cajas-tipo-b1-americana-con-precinto-o-cola-caliente-jorpack-FOR-1200.webp\",\"datePublished\":\"2022-09-12T10:57:17+00:00\",\"dateModified\":\"2025-02-20T14:18:59+00:00\",\"breadcrumb\":{\"@id\":\"https:\\\/\\\/jorpack.com\\\/fr\\\/formeuses-de-caisses-plateaux\\\/for-1200\\\/#breadcrumb\"},\"inLanguage\":\"fr-FR\",\"potentialAction\":[{\"@type\":\"ReadAction\",\"target\":[\"https:\\\/\\\/jorpack.com\\\/fr\\\/formeuses-de-caisses-plateaux\\\/for-1200\\\/\"]}]},{\"@type\":\"ImageObject\",\"inLanguage\":\"fr-FR\",\"@id\":\"https:\\\/\\\/jorpack.com\\\/fr\\\/formeuses-de-caisses-plateaux\\\/for-1200\\\/#primaryimage\",\"url\":\"https:\\\/\\\/jorpack.com\\\/wp-content\\\/uploads\\\/2022\\\/04\\\/formadora-de-cajas-tipo-b1-americana-con-precinto-o-cola-caliente-jorpack-FOR-1200.webp\",\"contentUrl\":\"https:\\\/\\\/jorpack.com\\\/wp-content\\\/uploads\\\/2022\\\/04\\\/formadora-de-cajas-tipo-b1-americana-con-precinto-o-cola-caliente-jorpack-FOR-1200.webp\",\"width\":1200,\"height\":1200,\"caption\":\"formadora-de-cajas-tipo-b1-americana-con-precinto-o-cola-caliente-jorpack-FOR-1200\"},{\"@type\":\"BreadcrumbList\",\"@id\":\"https:\\\/\\\/jorpack.com\\\/fr\\\/formeuses-de-caisses-plateaux\\\/for-1200\\\/#breadcrumb\",\"itemListElement\":[{\"@type\":\"ListItem\",\"position\":1,\"name\":\"Portada\",\"item\":\"https:\\\/\\\/jorpack.com\\\/fr\\\/\"},{\"@type\":\"ListItem\",\"position\":2,\"name\":\"Tienda\",\"item\":\"https:\\\/\\\/jorpack.com\\\/tienda\\\/\"},{\"@type\":\"ListItem\",\"position\":3,\"name\":\"FOR-1200\"}]},{\"@type\":\"WebSite\",\"@id\":\"https:\\\/\\\/jorpack.com\\\/fr\\\/#website\",\"url\":\"https:\\\/\\\/jorpack.com\\\/fr\\\/\",\"name\":\"Jorpack\u00ae\",\"description\":\"Amplia selecci\u00f3n de Formadoras\",\"publisher\":{\"@id\":\"https:\\\/\\\/jorpack.com\\\/fr\\\/#organization\"},\"potentialAction\":[{\"@type\":\"SearchAction\",\"target\":{\"@type\":\"EntryPoint\",\"urlTemplate\":\"https:\\\/\\\/jorpack.com\\\/fr\\\/?s={search_term_string}\"},\"query-input\":{\"@type\":\"PropertyValueSpecification\",\"valueRequired\":true,\"valueName\":\"search_term_string\"}}],\"inLanguage\":\"fr-FR\"},{\"@type\":\"Organization\",\"@id\":\"https:\\\/\\\/jorpack.com\\\/fr\\\/#organization\",\"name\":\"Jorpack\u00ae\",\"url\":\"https:\\\/\\\/jorpack.com\\\/fr\\\/\",\"logo\":{\"@type\":\"ImageObject\",\"inLanguage\":\"fr-FR\",\"@id\":\"https:\\\/\\\/jorpack.com\\\/fr\\\/#\\\/schema\\\/logo\\\/image\\\/\",\"url\":\"https:\\\/\\\/jorpack.com\\\/wp-content\\\/uploads\\\/2022\\\/03\\\/cropped-jorpack-logotipo.png\",\"contentUrl\":\"https:\\\/\\\/jorpack.com\\\/wp-content\\\/uploads\\\/2022\\\/03\\\/cropped-jorpack-logotipo.png\",\"width\":500,\"height\":110,\"caption\":\"Jorpack\u00ae\"},\"image\":{\"@id\":\"https:\\\/\\\/jorpack.com\\\/fr\\\/#\\\/schema\\\/logo\\\/image\\\/\"}}]}<\/script>\n<!-- \/ Yoast SEO plugin. -->","yoast_head_json":{"title":"FOR-1200 - Jorpack\u00ae","robots":{"index":"index","follow":"follow","max-snippet":"max-snippet:-1","max-image-preview":"max-image-preview:large","max-video-preview":"max-video-preview:-1"},"canonical":"https:\/\/jorpack.com\/fr\/formeuses-de-caisses-plateaux\/for-1200\/","og_locale":"fr_FR","og_type":"article","og_title":"FOR-1200 - Jorpack\u00ae","og_description":"Formeuses de Caisses  La formeuse de caisses de carton FOR-1200 de Jorpack a \u00e9t\u00e9 con\u00e7ue pour r\u00e9aliser la fermeture des rabats inf\u00e9rieurs avec de la colle chaude (\u00e9galement connue sous le nom de hot-melt) ou avec un scell\u00e9.  Les formeuses de caisses Jorpack se caract\u00e9risent par leur construction modulaire, ce qui permet une grande polyvalence.  En outre, il dispose d\u2019un magasin de carton ergonomique pour d\u00e9poser les cartons de type B1 avec une grande capacit\u00e9.  Les changements de format sont tr\u00e8s courts.  Ils int\u00e8grent un syst\u00e8me de r\u00e9gulation pour \u00eatre plus simples et plus agiles.  Comprenant un \u00e9cran tactile pour le contr\u00f4le de la production, et dans le cas de l\u2019option de fa\u00e7onneuse de bo\u00eetes \u00e0 colle chaude, pouvoir r\u00e9gler les cordons de queue parmi de nombreuses autres options.","og_url":"https:\/\/jorpack.com\/fr\/formeuses-de-caisses-plateaux\/for-1200\/","og_site_name":"Jorpack\u00ae","article_modified_time":"2025-02-20T14:18:59+00:00","og_image":[{"width":1024,"height":1024,"url":"https:\/\/jorpack.com\/wp-content\/uploads\/2022\/05\/formadora-de-cajas-tipo-b1-con-precinto-o-cola-caliente-jorpack-FOR-1200-1.jpg","type":"image\/jpeg"}],"twitter_card":"summary_large_image","twitter_misc":{"Dur\u00e9e de lecture estim\u00e9e":"1 minute"},"schema":{"@context":"https:\/\/schema.org","@graph":[{"@type":"WebPage","@id":"https:\/\/jorpack.com\/fr\/formeuses-de-caisses-plateaux\/for-1200\/","url":"https:\/\/jorpack.com\/fr\/formeuses-de-caisses-plateaux\/for-1200\/","name":"FOR-1200 - Jorpack\u00ae","isPartOf":{"@id":"https:\/\/jorpack.com\/fr\/#website"},"primaryImageOfPage":{"@id":"https:\/\/jorpack.com\/fr\/formeuses-de-caisses-plateaux\/for-1200\/#primaryimage"},"image":{"@id":"https:\/\/jorpack.com\/fr\/formeuses-de-caisses-plateaux\/for-1200\/#primaryimage"},"thumbnailUrl":"https:\/\/jorpack.com\/wp-content\/uploads\/2022\/04\/formadora-de-cajas-tipo-b1-americana-con-precinto-o-cola-caliente-jorpack-FOR-1200.webp","datePublished":"2022-09-12T10:57:17+00:00","dateModified":"2025-02-20T14:18:59+00:00","breadcrumb":{"@id":"https:\/\/jorpack.com\/fr\/formeuses-de-caisses-plateaux\/for-1200\/#breadcrumb"},"inLanguage":"fr-FR","potentialAction":[{"@type":"ReadAction","target":["https:\/\/jorpack.com\/fr\/formeuses-de-caisses-plateaux\/for-1200\/"]}]},{"@type":"ImageObject","inLanguage":"fr-FR","@id":"https:\/\/jorpack.com\/fr\/formeuses-de-caisses-plateaux\/for-1200\/#primaryimage","url":"https:\/\/jorpack.com\/wp-content\/uploads\/2022\/04\/formadora-de-cajas-tipo-b1-americana-con-precinto-o-cola-caliente-jorpack-FOR-1200.webp","contentUrl":"https:\/\/jorpack.com\/wp-content\/uploads\/2022\/04\/formadora-de-cajas-tipo-b1-americana-con-precinto-o-cola-caliente-jorpack-FOR-1200.webp","width":1200,"height":1200,"caption":"formadora-de-cajas-tipo-b1-americana-con-precinto-o-cola-caliente-jorpack-FOR-1200"},{"@type":"BreadcrumbList","@id":"https:\/\/jorpack.com\/fr\/formeuses-de-caisses-plateaux\/for-1200\/#breadcrumb","itemListElement":[{"@type":"ListItem","position":1,"name":"Portada","item":"https:\/\/jorpack.com\/fr\/"},{"@type":"ListItem","position":2,"name":"Tienda","item":"https:\/\/jorpack.com\/tienda\/"},{"@type":"ListItem","position":3,"name":"FOR-1200"}]},{"@type":"WebSite","@id":"https:\/\/jorpack.com\/fr\/#website","url":"https:\/\/jorpack.com\/fr\/","name":"Jorpack\u00ae","description":"Amplia selecci\u00f3n de Formadoras","publisher":{"@id":"https:\/\/jorpack.com\/fr\/#organization"},"potentialAction":[{"@type":"SearchAction","target":{"@type":"EntryPoint","urlTemplate":"https:\/\/jorpack.com\/fr\/?s={search_term_string}"},"query-input":{"@type":"PropertyValueSpecification","valueRequired":true,"valueName":"search_term_string"}}],"inLanguage":"fr-FR"},{"@type":"Organization","@id":"https:\/\/jorpack.com\/fr\/#organization","name":"Jorpack\u00ae","url":"https:\/\/jorpack.com\/fr\/","logo":{"@type":"ImageObject","inLanguage":"fr-FR","@id":"https:\/\/jorpack.com\/fr\/#\/schema\/logo\/image\/","url":"https:\/\/jorpack.com\/wp-content\/uploads\/2022\/03\/cropped-jorpack-logotipo.png","contentUrl":"https:\/\/jorpack.com\/wp-content\/uploads\/2022\/03\/cropped-jorpack-logotipo.png","width":500,"height":110,"caption":"Jorpack\u00ae"},"image":{"@id":"https:\/\/jorpack.com\/fr\/#\/schema\/logo\/image\/"}}]}},"_links":{"self":[{"href":"https:\/\/jorpack.com\/fr\/wp-json\/wp\/v2\/product\/3809","targetHints":{"allow":["GET"]}}],"collection":[{"href":"https:\/\/jorpack.com\/fr\/wp-json\/wp\/v2\/product"}],"about":[{"href":"https:\/\/jorpack.com\/fr\/wp-json\/wp\/v2\/types\/product"}],"wp:featuredmedia":[{"embeddable":true,"href":"https:\/\/jorpack.com\/fr\/wp-json\/wp\/v2\/media\/14749"}],"wp:attachment":[{"href":"https:\/\/jorpack.com\/fr\/wp-json\/wp\/v2\/media?parent=3809"}],"wp:term":[{"taxonomy":"sector","embeddable":true,"href":"https:\/\/jorpack.com\/fr\/wp-json\/wp\/v2\/sector?post=3809"},{"taxonomy":"product_brand","embeddable":true,"href":"https:\/\/jorpack.com\/fr\/wp-json\/wp\/v2\/product_brand?post=3809"},{"taxonomy":"product_cat","embeddable":true,"href":"https:\/\/jorpack.com\/fr\/wp-json\/wp\/v2\/product_cat?post=3809"},{"taxonomy":"product_tag","embeddable":true,"href":"https:\/\/jorpack.com\/fr\/wp-json\/wp\/v2\/product_tag?post=3809"}],"curies":[{"name":"wp","href":"https:\/\/api.w.org\/{rel}","templated":true}]}}