{"id":3804,"date":"2022-04-20T09:41:52","date_gmt":"2022-09-12T10:39:18","guid":{"rendered":"https:\/\/jorpack.com\/?post_type=product&#038;p=3804"},"modified":"2024-10-16T10:33:17","modified_gmt":"2024-10-16T10:33:17","slug":"jenf-300","status":"publish","type":"product","link":"https:\/\/jorpack.com\/fr\/filmeuse-banderoleuse\/jenf-300\/","title":{"rendered":"JENF-300"},"content":{"rendered":"<div class=\"wpb-content-wrapper\"><p>[vc_section css=\u00a0\u00bb.vc_custom_1650361358445{margin-top: 0px !important;}\u00a0\u00bb el_class=\u00a0\u00bbficha-tecnica\u00a0\u00bb][vc_row][vc_column width=\u00a0\u00bb5\/6&Prime;][vc_toggle title=\u00a0\u00bbProduction\u00a0\u00bb]150 palettes\/heure[\/vc_toggle][vc_toggle title=\u00a0\u00bbAccessoires Inclus\u00a0\u00bb el_class=\u00a0\u00bbfaq-palet\u00a0\u00bb]<\/p>\n<div class=\"cont-flex\">\n<p style=\"text-align: left;\"><img decoding=\"async\" class=\"alignnone size-medium wp-image-1458\" src=\"https:\/\/jorpack.com\/wp-content\/uploads\/2022\/04\/icono-rollo-de-film-preestiro-enfardadora-1-300x300.png\" alt=\"\" width=\"300\" height=\"300\" srcset=\"https:\/\/jorpack.com\/wp-content\/uploads\/2022\/04\/icono-rollo-de-film-preestiro-enfardadora-1-300x300.png 300w, https:\/\/jorpack.com\/wp-content\/uploads\/2022\/04\/icono-rollo-de-film-preestiro-enfardadora-1-150x150.png 150w, https:\/\/jorpack.com\/wp-content\/uploads\/2022\/04\/icono-rollo-de-film-preestiro-enfardadora-1-100x100.png 100w, https:\/\/jorpack.com\/wp-content\/uploads\/2022\/04\/icono-rollo-de-film-preestiro-enfardadora-1.png 540w\" sizes=\"(max-width: 300px) 100vw, 300px\" \/><br \/>\nPr\u00e9-\u00e9tirage motoris\u00e9<\/p>\n<p style=\"text-align: left;\"><img decoding=\"async\" class=\"alignnone size-medium wp-image-1730\" src=\"https:\/\/jorpack.com\/wp-content\/uploads\/2022\/04\/icono-protecciones-y-barreras-seguridad-300x300.png\" alt=\"\" width=\"300\" height=\"300\" srcset=\"https:\/\/jorpack.com\/wp-content\/uploads\/2022\/04\/icono-protecciones-y-barreras-seguridad-300x300.png 300w, https:\/\/jorpack.com\/wp-content\/uploads\/2022\/04\/icono-protecciones-y-barreras-seguridad-150x150.png 150w, https:\/\/jorpack.com\/wp-content\/uploads\/2022\/04\/icono-protecciones-y-barreras-seguridad-100x100.png 100w, https:\/\/jorpack.com\/wp-content\/uploads\/2022\/04\/icono-protecciones-y-barreras-seguridad.png 540w\" sizes=\"(max-width: 300px) 100vw, 300px\" \/><br \/>\nEnsemble de Protections et Barri\u00e8res de S\u00e9curit\u00e9 selon la r\u00e9glementation CE<\/p>\n<\/div>\n<p>[\/vc_toggle][vc_toggle title=\u00a0\u00bbOptionnels\u00a0\u00bb]- &#8211; Soudeur par contre-plaque[\/vc_toggle][vc_raw_html]W1Nhc3N5X1NvY2lhbF9TaGFyZSB0aXRsZT0iUGFydGFnZXIiXQ==[\/vc_raw_html][\/vc_column][vc_column width=\u00a0\u00bb1\/6&Prime; offset=\u00a0\u00bbvc_hidden-xs\u00a0\u00bb]<div class=\"ult-content-box-container \" >\t\t<div class=\"ult-content-box\" style=\"box-shadow: px px px px none;-webkit-transition: all 700ms ease;-moz-transition: all 700ms ease;-ms-transition: all 700ms ease;-o-transition: all 700ms ease;transition: all 700ms ease;\"  data-hover_box_shadow=\"none\"    >[vc_single_image image=\u00a0\u00bb645&Prime; alignment=\u00a0\u00bbcenter\u00a0\u00bb css=\u00a0\u00bb.vc_custom_1648732644686{margin-bottom: 10px !important;}\u00a0\u00bb][vc_column_text]<\/p>\n<p style=\"text-align: center;\"><span style=\"color: #394049;\">Fiche technique<br \/>\nDESP-4000<\/span><\/p>\n<p>[\/vc_column_text]\t\t<\/div><\/div>[\/vc_column][\/vc_row][\/vc_section][vc_section][vc_row gap=\u00a0\u00bb35&Prime;][vc_column width=\u00a0\u00bb3\/4&Prime; el_class=\u00a0\u00bbproductos-sugeridos\u00a0\u00bb][vc_column_text]<\/p>\n<h3>Compl\u00e9ter la ligne avec:<\/h3>\n<p>[\/vc_column_text][vc_basic_grid post_type=\u00a0\u00bbids\u00a0\u00bb element_width=\u00a0\u00bb3&Prime; gap=\u00a0\u00bb35&Prime; item=\u00a0\u00bb1394&Prime; grid_id=\u00a0\u00bbvc_gid:1663922453644-35e97499-983b-7&Prime; include=\u00a0\u00bb1510, 1504&Prime;][\/vc_column][vc_column width=\u00a0\u00bb1\/4&Prime; el_class=\u00a0\u00bbproductos-relacionados\u00a0\u00bb][vc_column_text]<\/p>\n<h3>Produits associ\u00e9s:<\/h3>\n<p>[\/vc_column_text][vc_column_text]<a href=\"http:\/\/www.jorpack.com\/fr\/filmeuse-banderoleuse\/enf-200 \">JENF-200<\/a>[\/vc_column_text][\/vc_column][\/vc_row][\/vc_section]<\/p>\n<\/div>","protected":false},"excerpt":{"rendered":"<p>Banderoleuse Automatique de Palettes<\/p>\n<p>Banderoleuse ou filmeuse automatique de palettes JENF-300 de bras rotatif Jorpack JENF-300.<\/p>\n<p>Le d\u00e9marrage et l\u2019arr\u00eat du bras rotatif est progressif et comprend un dispositif de r\u00e9gulation \u00e9lectronique de la vitesse de rotation du bras.<\/p>\n<p>Les banderoleuses automatiques JENF-300 sont \u00e9quip\u00e9es d\u2019une r\u00e9gulation \u00e9lectronique de la vitesse de mont\u00e9e et de descente du groupe porte-bobines pour permettre ainsi une mise en balles avec diff\u00e9rentes spirales.<\/p>\n<p>Ce mod\u00e8le de machine d\u2019emballage permet de r\u00e9gler le nombre de tours de mise en balles programmables s\u00e9par\u00e9ment en haut et en bas de la charge.<\/p>\n<p>Les banderoleuses automatiques de Jorpack JENF-300 ont un double groupe de pince et de coupe de film.<\/p>\n","protected":false},"featured_media":9192,"template":"","meta":{"_acf_changed":false},"sector":[157,158,154,153,181,171,176,159,178,188,180,155,150,168,172,166,173,149,169,152,182,170,163,179,156,164,186,162,183,187,177,174,151,161,184,185,189,165,175,167,160],"product_brand":[],"product_cat":[90],"product_tag":[],"class_list":{"0":"post-3804","1":"product","2":"type-product","3":"status-publish","4":"has-post-thumbnail","6":"sector-aceite","7":"sector-agua","8":"sector-alimentacion","9":"sector-automocion","10":"sector-azucar","11":"sector-bandas-depilatorias","12":"sector-blisters","13":"sector-bodegas","14":"sector-cafe","15":"sector-ceramica","16":"sector-conservas","17":"sector-construccion","18":"sector-cosmetica","19":"sector-cremas","20":"sector-decoracion-envases-2","21":"sector-decoracion-envases","22":"sector-detergentes","23":"sector-embotellado","24":"sector-estuches","25":"sector-farmacia","26":"sector-galletas","27":"sector-higiene","28":"sector-horchata","29":"sector-huevos","30":"sector-jardineria","31":"sector-licores","32":"sector-madera","33":"sector-packs","34":"sector-packs-al","35":"sector-pintura","36":"sector-productos-de-limpieza-2","37":"sector-productos-de-limpieza","38":"sector-quimico","39":"sector-refrescos","40":"sector-reposteria","41":"sector-sacos","42":"sector-semillas","43":"sector-sidra","44":"sector-sueros","45":"sector-tarros","46":"sector-zumos","47":"product_cat-filmeuses-de-palettes-et-machines-a-retracteur","49":"first","50":"instock","51":"shipping-taxable","52":"product-type-simple"},"acf":[],"yoast_head":"<!-- This site is optimized with the Yoast SEO plugin v27.2 - https:\/\/yoast.com\/product\/yoast-seo-wordpress\/ -->\n<title>JENF-300 - Jorpack\u00ae<\/title>\n<meta name=\"robots\" content=\"index, follow, max-snippet:-1, max-image-preview:large, max-video-preview:-1\" \/>\n<link rel=\"canonical\" href=\"https:\/\/jorpack.com\/fr\/filmeuse-banderoleuse\/jenf-300\/\" \/>\n<meta property=\"og:locale\" content=\"fr_FR\" \/>\n<meta property=\"og:type\" content=\"article\" \/>\n<meta property=\"og:title\" content=\"JENF-300 - Jorpack\u00ae\" \/>\n<meta property=\"og:description\" content=\"Banderoleuse Automatique de Palettes  Banderoleuse ou filmeuse automatique de palettes JENF-300 de bras rotatif Jorpack JENF-300.  Le d\u00e9marrage et l\u2019arr\u00eat du bras rotatif est progressif et comprend un dispositif de r\u00e9gulation \u00e9lectronique de la vitesse de rotation du bras.  Les banderoleuses automatiques JENF-300 sont \u00e9quip\u00e9es d\u2019une r\u00e9gulation \u00e9lectronique de la vitesse de mont\u00e9e et de descente du groupe porte-bobines pour permettre ainsi une mise en balles avec diff\u00e9rentes spirales.  Ce mod\u00e8le de machine d\u2019emballage permet de r\u00e9gler le nombre de tours de mise en balles programmables s\u00e9par\u00e9ment en haut et en bas de la charge.  Les banderoleuses automatiques de Jorpack JENF-300 ont un double groupe de pince et de coupe de film.\" \/>\n<meta property=\"og:url\" content=\"https:\/\/jorpack.com\/fr\/filmeuse-banderoleuse\/jenf-300\/\" \/>\n<meta property=\"og:site_name\" content=\"Jorpack\u00ae\" \/>\n<meta property=\"article:modified_time\" content=\"2024-10-16T10:33:17+00:00\" \/>\n<meta property=\"og:image\" content=\"https:\/\/jorpack.com\/wp-content\/uploads\/2024\/09\/enfardadora-de-palets-de-brazo-rotante-jorpack-JENF-300-01-scaled.webp\" \/>\n\t<meta property=\"og:image:width\" content=\"2560\" \/>\n\t<meta property=\"og:image:height\" content=\"2560\" \/>\n\t<meta property=\"og:image:type\" content=\"image\/webp\" \/>\n<meta name=\"twitter:card\" content=\"summary_large_image\" \/>\n<meta name=\"twitter:label1\" content=\"Dur\u00e9e de lecture estim\u00e9e\" \/>\n\t<meta name=\"twitter:data1\" content=\"1 minute\" \/>\n<script type=\"application\/ld+json\" class=\"yoast-schema-graph\">{\"@context\":\"https:\/\/schema.org\",\"@graph\":[{\"@type\":\"WebPage\",\"@id\":\"https:\/\/jorpack.com\/fr\/filmeuse-banderoleuse\/jenf-300\/\",\"url\":\"https:\/\/jorpack.com\/fr\/filmeuse-banderoleuse\/jenf-300\/\",\"name\":\"JENF-300 - Jorpack\u00ae\",\"isPartOf\":{\"@id\":\"https:\/\/jorpack.com\/fr\/#website\"},\"primaryImageOfPage\":{\"@id\":\"https:\/\/jorpack.com\/fr\/filmeuse-banderoleuse\/jenf-300\/#primaryimage\"},\"image\":{\"@id\":\"https:\/\/jorpack.com\/fr\/filmeuse-banderoleuse\/jenf-300\/#primaryimage\"},\"thumbnailUrl\":\"https:\/\/jorpack.com\/wp-content\/uploads\/2024\/09\/enfardadora-de-palets-de-brazo-rotante-jorpack-JENF-300-01-scaled.webp\",\"datePublished\":\"2022-09-12T10:39:18+00:00\",\"dateModified\":\"2024-10-16T10:33:17+00:00\",\"breadcrumb\":{\"@id\":\"https:\/\/jorpack.com\/fr\/filmeuse-banderoleuse\/jenf-300\/#breadcrumb\"},\"inLanguage\":\"fr-FR\",\"potentialAction\":[{\"@type\":\"ReadAction\",\"target\":[\"https:\/\/jorpack.com\/fr\/filmeuse-banderoleuse\/jenf-300\/\"]}]},{\"@type\":\"ImageObject\",\"inLanguage\":\"fr-FR\",\"@id\":\"https:\/\/jorpack.com\/fr\/filmeuse-banderoleuse\/jenf-300\/#primaryimage\",\"url\":\"https:\/\/jorpack.com\/wp-content\/uploads\/2024\/09\/enfardadora-de-palets-de-brazo-rotante-jorpack-JENF-300-01-scaled.webp\",\"contentUrl\":\"https:\/\/jorpack.com\/wp-content\/uploads\/2024\/09\/enfardadora-de-palets-de-brazo-rotante-jorpack-JENF-300-01-scaled.webp\",\"width\":2560,\"height\":2560,\"caption\":\"enfardadora JENF300\"},{\"@type\":\"BreadcrumbList\",\"@id\":\"https:\/\/jorpack.com\/fr\/filmeuse-banderoleuse\/jenf-300\/#breadcrumb\",\"itemListElement\":[{\"@type\":\"ListItem\",\"position\":1,\"name\":\"Portada\",\"item\":\"https:\/\/jorpack.com\/fr\/\"},{\"@type\":\"ListItem\",\"position\":2,\"name\":\"Tienda\",\"item\":\"https:\/\/jorpack.com\/tienda\/\"},{\"@type\":\"ListItem\",\"position\":3,\"name\":\"JENF-300\"}]},{\"@type\":\"WebSite\",\"@id\":\"https:\/\/jorpack.com\/fr\/#website\",\"url\":\"https:\/\/jorpack.com\/fr\/\",\"name\":\"Jorpack\u00ae\",\"description\":\"Amplia selecci\u00f3n de Formadoras\",\"publisher\":{\"@id\":\"https:\/\/jorpack.com\/fr\/#organization\"},\"potentialAction\":[{\"@type\":\"SearchAction\",\"target\":{\"@type\":\"EntryPoint\",\"urlTemplate\":\"https:\/\/jorpack.com\/fr\/?s={search_term_string}\"},\"query-input\":{\"@type\":\"PropertyValueSpecification\",\"valueRequired\":true,\"valueName\":\"search_term_string\"}}],\"inLanguage\":\"fr-FR\"},{\"@type\":\"Organization\",\"@id\":\"https:\/\/jorpack.com\/fr\/#organization\",\"name\":\"Jorpack\u00ae\",\"url\":\"https:\/\/jorpack.com\/fr\/\",\"logo\":{\"@type\":\"ImageObject\",\"inLanguage\":\"fr-FR\",\"@id\":\"https:\/\/jorpack.com\/fr\/#\/schema\/logo\/image\/\",\"url\":\"https:\/\/jorpack.com\/wp-content\/uploads\/2022\/03\/cropped-jorpack-logotipo.png\",\"contentUrl\":\"https:\/\/jorpack.com\/wp-content\/uploads\/2022\/03\/cropped-jorpack-logotipo.png\",\"width\":500,\"height\":110,\"caption\":\"Jorpack\u00ae\"},\"image\":{\"@id\":\"https:\/\/jorpack.com\/fr\/#\/schema\/logo\/image\/\"}}]}<\/script>\n<!-- \/ Yoast SEO plugin. -->","yoast_head_json":{"title":"JENF-300 - Jorpack\u00ae","robots":{"index":"index","follow":"follow","max-snippet":"max-snippet:-1","max-image-preview":"max-image-preview:large","max-video-preview":"max-video-preview:-1"},"canonical":"https:\/\/jorpack.com\/fr\/filmeuse-banderoleuse\/jenf-300\/","og_locale":"fr_FR","og_type":"article","og_title":"JENF-300 - Jorpack\u00ae","og_description":"Banderoleuse Automatique de Palettes  Banderoleuse ou filmeuse automatique de palettes JENF-300 de bras rotatif Jorpack JENF-300.  Le d\u00e9marrage et l\u2019arr\u00eat du bras rotatif est progressif et comprend un dispositif de r\u00e9gulation \u00e9lectronique de la vitesse de rotation du bras.  Les banderoleuses automatiques JENF-300 sont \u00e9quip\u00e9es d\u2019une r\u00e9gulation \u00e9lectronique de la vitesse de mont\u00e9e et de descente du groupe porte-bobines pour permettre ainsi une mise en balles avec diff\u00e9rentes spirales.  Ce mod\u00e8le de machine d\u2019emballage permet de r\u00e9gler le nombre de tours de mise en balles programmables s\u00e9par\u00e9ment en haut et en bas de la charge.  Les banderoleuses automatiques de Jorpack JENF-300 ont un double groupe de pince et de coupe de film.","og_url":"https:\/\/jorpack.com\/fr\/filmeuse-banderoleuse\/jenf-300\/","og_site_name":"Jorpack\u00ae","article_modified_time":"2024-10-16T10:33:17+00:00","og_image":[{"width":2560,"height":2560,"url":"https:\/\/jorpack.com\/wp-content\/uploads\/2024\/09\/enfardadora-de-palets-de-brazo-rotante-jorpack-JENF-300-01-scaled.webp","type":"image\/webp"}],"twitter_card":"summary_large_image","twitter_misc":{"Dur\u00e9e de lecture estim\u00e9e":"1 minute"},"schema":{"@context":"https:\/\/schema.org","@graph":[{"@type":"WebPage","@id":"https:\/\/jorpack.com\/fr\/filmeuse-banderoleuse\/jenf-300\/","url":"https:\/\/jorpack.com\/fr\/filmeuse-banderoleuse\/jenf-300\/","name":"JENF-300 - Jorpack\u00ae","isPartOf":{"@id":"https:\/\/jorpack.com\/fr\/#website"},"primaryImageOfPage":{"@id":"https:\/\/jorpack.com\/fr\/filmeuse-banderoleuse\/jenf-300\/#primaryimage"},"image":{"@id":"https:\/\/jorpack.com\/fr\/filmeuse-banderoleuse\/jenf-300\/#primaryimage"},"thumbnailUrl":"https:\/\/jorpack.com\/wp-content\/uploads\/2024\/09\/enfardadora-de-palets-de-brazo-rotante-jorpack-JENF-300-01-scaled.webp","datePublished":"2022-09-12T10:39:18+00:00","dateModified":"2024-10-16T10:33:17+00:00","breadcrumb":{"@id":"https:\/\/jorpack.com\/fr\/filmeuse-banderoleuse\/jenf-300\/#breadcrumb"},"inLanguage":"fr-FR","potentialAction":[{"@type":"ReadAction","target":["https:\/\/jorpack.com\/fr\/filmeuse-banderoleuse\/jenf-300\/"]}]},{"@type":"ImageObject","inLanguage":"fr-FR","@id":"https:\/\/jorpack.com\/fr\/filmeuse-banderoleuse\/jenf-300\/#primaryimage","url":"https:\/\/jorpack.com\/wp-content\/uploads\/2024\/09\/enfardadora-de-palets-de-brazo-rotante-jorpack-JENF-300-01-scaled.webp","contentUrl":"https:\/\/jorpack.com\/wp-content\/uploads\/2024\/09\/enfardadora-de-palets-de-brazo-rotante-jorpack-JENF-300-01-scaled.webp","width":2560,"height":2560,"caption":"enfardadora JENF300"},{"@type":"BreadcrumbList","@id":"https:\/\/jorpack.com\/fr\/filmeuse-banderoleuse\/jenf-300\/#breadcrumb","itemListElement":[{"@type":"ListItem","position":1,"name":"Portada","item":"https:\/\/jorpack.com\/fr\/"},{"@type":"ListItem","position":2,"name":"Tienda","item":"https:\/\/jorpack.com\/tienda\/"},{"@type":"ListItem","position":3,"name":"JENF-300"}]},{"@type":"WebSite","@id":"https:\/\/jorpack.com\/fr\/#website","url":"https:\/\/jorpack.com\/fr\/","name":"Jorpack\u00ae","description":"Amplia selecci\u00f3n de Formadoras","publisher":{"@id":"https:\/\/jorpack.com\/fr\/#organization"},"potentialAction":[{"@type":"SearchAction","target":{"@type":"EntryPoint","urlTemplate":"https:\/\/jorpack.com\/fr\/?s={search_term_string}"},"query-input":{"@type":"PropertyValueSpecification","valueRequired":true,"valueName":"search_term_string"}}],"inLanguage":"fr-FR"},{"@type":"Organization","@id":"https:\/\/jorpack.com\/fr\/#organization","name":"Jorpack\u00ae","url":"https:\/\/jorpack.com\/fr\/","logo":{"@type":"ImageObject","inLanguage":"fr-FR","@id":"https:\/\/jorpack.com\/fr\/#\/schema\/logo\/image\/","url":"https:\/\/jorpack.com\/wp-content\/uploads\/2022\/03\/cropped-jorpack-logotipo.png","contentUrl":"https:\/\/jorpack.com\/wp-content\/uploads\/2022\/03\/cropped-jorpack-logotipo.png","width":500,"height":110,"caption":"Jorpack\u00ae"},"image":{"@id":"https:\/\/jorpack.com\/fr\/#\/schema\/logo\/image\/"}}]}},"_links":{"self":[{"href":"https:\/\/jorpack.com\/fr\/wp-json\/wp\/v2\/product\/3804","targetHints":{"allow":["GET"]}}],"collection":[{"href":"https:\/\/jorpack.com\/fr\/wp-json\/wp\/v2\/product"}],"about":[{"href":"https:\/\/jorpack.com\/fr\/wp-json\/wp\/v2\/types\/product"}],"wp:featuredmedia":[{"embeddable":true,"href":"https:\/\/jorpack.com\/fr\/wp-json\/wp\/v2\/media\/9192"}],"wp:attachment":[{"href":"https:\/\/jorpack.com\/fr\/wp-json\/wp\/v2\/media?parent=3804"}],"wp:term":[{"taxonomy":"sector","embeddable":true,"href":"https:\/\/jorpack.com\/fr\/wp-json\/wp\/v2\/sector?post=3804"},{"taxonomy":"product_brand","embeddable":true,"href":"https:\/\/jorpack.com\/fr\/wp-json\/wp\/v2\/product_brand?post=3804"},{"taxonomy":"product_cat","embeddable":true,"href":"https:\/\/jorpack.com\/fr\/wp-json\/wp\/v2\/product_cat?post=3804"},{"taxonomy":"product_tag","embeddable":true,"href":"https:\/\/jorpack.com\/fr\/wp-json\/wp\/v2\/product_tag?post=3804"}],"curies":[{"name":"wp","href":"https:\/\/api.w.org\/{rel}","templated":true}]}}