{"id":3796,"date":"2022-04-20T09:29:23","date_gmt":"2022-09-12T09:08:33","guid":{"rendered":"https:\/\/jorpack.com\/?post_type=product&#038;p=3796"},"modified":"2025-02-20T11:57:25","modified_gmt":"2025-02-20T11:57:25","slug":"jwa-625","status":"publish","type":"product","link":"https:\/\/jorpack.com\/fr\/encartonneuses-wrap-around\/jwa-625\/","title":{"rendered":"JWA-625"},"content":{"rendered":"<div class=\"wpb-content-wrapper\"><p>[vc_section css=\u00a0\u00bb.vc_custom_1650361358445{margin-top: 0px !important;}\u00a0\u00bb el_class=\u00a0\u00bbficha-tecnica\u00a0\u00bb][vc_row][vc_column width=\u00a0\u00bb5\/6&Prime;][vc_toggle title=\u00a0\u00bbCaract\u00e9ristiques Principales\u00a0\u00bb]- Production Maximum : 14 caisses\/minute.<\/p>\n<p>&#8211; Magasin de carton r\u00e9glable.<\/p>\n<p>&#8211; Distributeur de produits pour emballages ou produits non cylindriques.[\/vc_toggle][vc_toggle title=\u00a0\u00bbTypes de Cartons\u00a0\u00bb el_class=\u00a0\u00bbfaq-palet\u00a0\u00bb]<\/p>\n<div class=\"cont-flex\">\n<p style=\"text-align: left;\"><img decoding=\"async\" class=\"alignnone size-full wp-image-1699\" src=\"https:\/\/jorpack.com\/wp-content\/uploads\/2022\/04\/caja-encartonadora-wrap-around.png\" alt=\"\" width=\"181\" height=\"180\" srcset=\"https:\/\/jorpack.com\/wp-content\/uploads\/2022\/04\/caja-encartonadora-wrap-around.png 181w, https:\/\/jorpack.com\/wp-content\/uploads\/2022\/04\/caja-encartonadora-wrap-around-150x150.png 150w, https:\/\/jorpack.com\/wp-content\/uploads\/2022\/04\/caja-encartonadora-wrap-around-100x100.png 100w\" sizes=\"(max-width: 181px) 100vw, 181px\" \/><br \/>\nPlaque de carton pour bo\u00eete wrap-around<\/p>\n<p style=\"text-align: left;\"><img decoding=\"async\" class=\"alignnone size-full wp-image-1698\" src=\"https:\/\/jorpack.com\/wp-content\/uploads\/2022\/04\/bandeja-encartonadora-wrap-around.png\" alt=\"\" width=\"181\" height=\"180\" srcset=\"https:\/\/jorpack.com\/wp-content\/uploads\/2022\/04\/bandeja-encartonadora-wrap-around.png 181w, https:\/\/jorpack.com\/wp-content\/uploads\/2022\/04\/bandeja-encartonadora-wrap-around-150x150.png 150w, https:\/\/jorpack.com\/wp-content\/uploads\/2022\/04\/bandeja-encartonadora-wrap-around-100x100.png 100w\" sizes=\"(max-width: 181px) 100vw, 181px\" \/><br \/>\nPlaque de carton pour plateau wrap-around.<\/p>\n<\/div>\n<p>[\/vc_toggle][vc_toggle title=\u00a0\u00bbAccessoires Inclus\u00a0\u00bb]- Groupeur de produits automatique.[\/vc_toggle][vc_toggle title=\u00a0\u00bbOptionnels\u00a0\u00bb el_class=\u00a0\u00bbfaq-palet\u00a0\u00bb]<img decoding=\"async\" class=\"alignnone wp-image-2282 \" src=\"https:\/\/jorpack.com\/wp-content\/uploads\/2022\/04\/logo-jwa-625-plus.png\" alt=\"\" width=\"151\" height=\"40\" \/><\/p>\n<p>&#8211; Syst\u00e8me de guidage r\u00e9glable<\/p>\n<p>&#8211; Optionnel : insert de grille<\/p>\n<p>&#8211; Distributeur de produit<\/p>\n<p>&nbsp;<\/p>\n<p><img decoding=\"async\" class=\"alignnone wp-image-2283 \" src=\"https:\/\/jorpack.com\/wp-content\/uploads\/2022\/04\/logo-jwa-625-pro.png\" alt=\"\" width=\"144\" height=\"40\" \/><\/p>\n<p>&#8211; Syst\u00e8me de guidage r\u00e9glable<\/p>\n<p>&#8211; Optionnel : insert de grille<\/p>\n<p>&#8211; Distributeur de produit<\/p>\n<p>&#8211; R\u00e9glage automatique : Largeur et hauteur de la machine[\/vc_toggle][vc_raw_html]W1Nhc3N5X1NvY2lhbF9TaGFyZSB0aXRsZT0iUGFydGFnZXIiXQ==[\/vc_raw_html][\/vc_column][vc_column width=\u00a0\u00bb1\/6&Prime; offset=\u00a0\u00bbvc_hidden-xs\u00a0\u00bb]<div class=\"ult-content-box-container \" >\t\t<div class=\"ult-content-box\" style=\"box-shadow: px px px px none;-webkit-transition: all 700ms ease;-moz-transition: all 700ms ease;-ms-transition: all 700ms ease;-o-transition: all 700ms ease;transition: all 700ms ease;\"  data-hover_box_shadow=\"none\"    >[vc_single_image image=\u00a0\u00bb645&Prime; alignment=\u00a0\u00bbcenter\u00a0\u00bb css=\u00a0\u00bb.vc_custom_1648732644686{margin-bottom: 10px !important;}\u00a0\u00bb][vc_column_text]<\/p>\n<p style=\"text-align: center;\"><span style=\"color: #394049;\">Fiche technique<br \/>\nDESP-4000<\/span><\/p>\n<p>[\/vc_column_text]\t\t<\/div><\/div>[\/vc_column][\/vc_row][\/vc_section][vc_section][vc_row gap=\u00a0\u00bb35&Prime;][vc_column width=\u00a0\u00bb3\/4&Prime; el_class=\u00a0\u00bbproductos-sugeridos\u00a0\u00bb][vc_column_text]<\/p>\n<h3>Compl\u00e9ter la ligne avec:<\/h3>\n<p>[\/vc_column_text][vc_basic_grid post_type=\u00a0\u00bbids\u00a0\u00bb element_width=\u00a0\u00bb3&Prime; gap=\u00a0\u00bb35&Prime; item=\u00a0\u00bb1394&Prime; grid_id=\u00a0\u00bbvc_gid:1663923569958-16cfadbf-e0cf-5&Prime; include=\u00a0\u00bb1521, 1506, 1405&Prime;][\/vc_column][vc_column width=\u00a0\u00bb1\/4&Prime; el_class=\u00a0\u00bbproductos-relacionados\u00a0\u00bb][vc_column_text]<\/p>\n<h3>Produits associ\u00e9s:<\/h3>\n<p>[\/vc_column_text][vc_column_text]<a href=\"https:\/\/www.jorpack.com\/fr\/encartonneuses-wrap-around\/jwa-600 \">JWA-600<\/a><\/p>\n<p><a href=\"https:\/\/www.jorpack.com\/fr\/encartonneuses-wrap-around\/jwa-2400 \">JWA-2400<\/a>[\/vc_column_text][\/vc_column][\/vc_row][\/vc_section]<\/p>\n<\/div>","protected":false},"excerpt":{"rendered":"<p>Encartonneuse Automatique Wrap-Around<\/p>\n<p>L\u2019encartonneuse Wrap-Around JWA-625 s\u2019inspire du mod\u00e8le d\u2019encartonneuse JWA-600.<\/p>\n<p>Il est \u00e9galement \u00e0 fonctionnement intermittent pour l\u2019encastrement du m\u00eame type de produits, avec la particularit\u00e9, offrant un rendement plus \u00e9lev\u00e9 au niveau de la production, avec une l\u00e9g\u00e8re augmentation des mesures ext\u00e9rieures, ayant deux stations de plus que le mod\u00e8le inf\u00e9rieur, tout en conservant l\u2019efficacit\u00e9 et l\u2019efficience dans chacun des processus d\u2019encaissage.<\/p>\n<p>Partie d\u2019une plaque de carton qui se forme autour du produit et r\u00e9alise la fermeture de la bo\u00eete ou du plateau \u00e0 l\u2019aide de l\u2019\u00e9quipement de collage hot-melt.<\/p>\n<p>Il maintient l\u2019essence dans l\u2019introduction du produit en restant au m\u00eame niveau.<\/p>\n<p><strong>Encartonneuse Wrap-Around de conception ergonomique pour des changements de format tr\u00e8s rapides et tr\u00e8s simples.\u00a0<\/strong>Ofrecen un gran rendimiento en el <strong>processus d\u2019encartage.<\/strong><\/p>\n","protected":false},"featured_media":14835,"template":"","meta":{"_acf_changed":false},"sector":[157,158,154,153,181,171,176,159,178,180,155,150,168,173,149,169,152,182,170,163,179,156,164,183,162,187,174,177,151,161,184,189,165,175,167,160],"product_brand":[],"product_cat":[89],"product_tag":[],"class_list":{"0":"post-3796","1":"product","2":"type-product","3":"status-publish","4":"has-post-thumbnail","6":"sector-aceite","7":"sector-agua","8":"sector-alimentacion","9":"sector-automocion","10":"sector-azucar","11":"sector-bandas-depilatorias","12":"sector-blisters","13":"sector-bodegas","14":"sector-cafe","15":"sector-conservas","16":"sector-construccion","17":"sector-cosmetica","18":"sector-cremas","19":"sector-detergentes","20":"sector-embotellado","21":"sector-estuches","22":"sector-farmacia","23":"sector-galletas","24":"sector-higiene","25":"sector-horchata","26":"sector-huevos","27":"sector-jardineria","28":"sector-licores","29":"sector-packs-al","30":"sector-packs","31":"sector-pintura","32":"sector-productos-de-limpieza","33":"sector-productos-de-limpieza-2","34":"sector-quimico","35":"sector-refrescos","36":"sector-reposteria","37":"sector-semillas","38":"sector-sidra","39":"sector-sueros","40":"sector-tarros","41":"sector-zumos","42":"product_cat-encartonneuses-wrap-around","44":"first","45":"instock","46":"shipping-taxable","47":"product-type-simple"},"acf":[],"yoast_head":"<!-- This site is optimized with the Yoast SEO plugin v27.5 - https:\/\/yoast.com\/product\/yoast-seo-wordpress\/ -->\n<title>JWA-625 - Jorpack\u00ae<\/title>\n<meta name=\"robots\" content=\"index, follow, max-snippet:-1, max-image-preview:large, max-video-preview:-1\" \/>\n<link rel=\"canonical\" href=\"https:\/\/jorpack.com\/fr\/encartonneuses-wrap-around\/jwa-625\/\" \/>\n<meta property=\"og:locale\" content=\"fr_FR\" \/>\n<meta property=\"og:type\" content=\"article\" \/>\n<meta property=\"og:title\" content=\"JWA-625 - Jorpack\u00ae\" \/>\n<meta property=\"og:description\" content=\"Encartonneuse Automatique Wrap-Around  L\u2019encartonneuse Wrap-Around JWA-625 s\u2019inspire du mod\u00e8le d\u2019encartonneuse JWA-600.  Il est \u00e9galement \u00e0 fonctionnement intermittent pour l\u2019encastrement du m\u00eame type de produits, avec la particularit\u00e9, offrant un rendement plus \u00e9lev\u00e9 au niveau de la production, avec une l\u00e9g\u00e8re augmentation des mesures ext\u00e9rieures, ayant deux stations de plus que le mod\u00e8le inf\u00e9rieur, tout en conservant l\u2019efficacit\u00e9 et l\u2019efficience dans chacun des processus d\u2019encaissage.  Partie d\u2019une plaque de carton qui se forme autour du produit et r\u00e9alise la fermeture de la bo\u00eete ou du plateau \u00e0 l\u2019aide de l\u2019\u00e9quipement de collage hot-melt.  Il maintient l\u2019essence dans l\u2019introduction du produit en restant au m\u00eame niveau.  Encartonneuse Wrap-Around de conception ergonomique pour des changements de format tr\u00e8s rapides et tr\u00e8s simples.\u00a0Ofrecen un gran rendimiento en el processus d\u2019encartage.\" \/>\n<meta property=\"og:url\" content=\"https:\/\/jorpack.com\/fr\/encartonneuses-wrap-around\/jwa-625\/\" \/>\n<meta property=\"og:site_name\" content=\"Jorpack\u00ae\" \/>\n<meta property=\"article:modified_time\" content=\"2025-02-20T11:57:25+00:00\" \/>\n<meta property=\"og:image\" content=\"https:\/\/jorpack.com\/wp-content\/uploads\/2022\/04\/img-encartonadora-automatica-wrap-around-intermitente-jorpack-JWA-625.jpg\" \/>\n\t<meta property=\"og:image:width\" content=\"1080\" \/>\n\t<meta property=\"og:image:height\" content=\"1080\" \/>\n\t<meta property=\"og:image:type\" content=\"image\/jpeg\" \/>\n<meta name=\"twitter:card\" content=\"summary_large_image\" \/>\n<meta name=\"twitter:label1\" content=\"Dur\u00e9e de lecture estim\u00e9e\" \/>\n\t<meta name=\"twitter:data1\" content=\"2 minutes\" \/>\n<script type=\"application\/ld+json\" class=\"yoast-schema-graph\">{\"@context\":\"https:\\\/\\\/schema.org\",\"@graph\":[{\"@type\":\"WebPage\",\"@id\":\"https:\\\/\\\/jorpack.com\\\/fr\\\/encartonneuses-wrap-around\\\/jwa-625\\\/\",\"url\":\"https:\\\/\\\/jorpack.com\\\/fr\\\/encartonneuses-wrap-around\\\/jwa-625\\\/\",\"name\":\"JWA-625 - Jorpack\u00ae\",\"isPartOf\":{\"@id\":\"https:\\\/\\\/jorpack.com\\\/fr\\\/#website\"},\"primaryImageOfPage\":{\"@id\":\"https:\\\/\\\/jorpack.com\\\/fr\\\/encartonneuses-wrap-around\\\/jwa-625\\\/#primaryimage\"},\"image\":{\"@id\":\"https:\\\/\\\/jorpack.com\\\/fr\\\/encartonneuses-wrap-around\\\/jwa-625\\\/#primaryimage\"},\"thumbnailUrl\":\"https:\\\/\\\/jorpack.com\\\/wp-content\\\/uploads\\\/2022\\\/04\\\/encartonadora-automatica-wrap-around-de-funcionamiento-intermitente-jorpack-JWA-625.webp\",\"datePublished\":\"2022-09-12T09:08:33+00:00\",\"dateModified\":\"2025-02-20T11:57:25+00:00\",\"breadcrumb\":{\"@id\":\"https:\\\/\\\/jorpack.com\\\/fr\\\/encartonneuses-wrap-around\\\/jwa-625\\\/#breadcrumb\"},\"inLanguage\":\"fr-FR\",\"potentialAction\":[{\"@type\":\"ReadAction\",\"target\":[\"https:\\\/\\\/jorpack.com\\\/fr\\\/encartonneuses-wrap-around\\\/jwa-625\\\/\"]}]},{\"@type\":\"ImageObject\",\"inLanguage\":\"fr-FR\",\"@id\":\"https:\\\/\\\/jorpack.com\\\/fr\\\/encartonneuses-wrap-around\\\/jwa-625\\\/#primaryimage\",\"url\":\"https:\\\/\\\/jorpack.com\\\/wp-content\\\/uploads\\\/2022\\\/04\\\/encartonadora-automatica-wrap-around-de-funcionamiento-intermitente-jorpack-JWA-625.webp\",\"contentUrl\":\"https:\\\/\\\/jorpack.com\\\/wp-content\\\/uploads\\\/2022\\\/04\\\/encartonadora-automatica-wrap-around-de-funcionamiento-intermitente-jorpack-JWA-625.webp\",\"width\":1080,\"height\":1080,\"caption\":\"encartonadora-automatica-wrap-around-de-funcionamiento-intermitente-jorpack-JWA-625\"},{\"@type\":\"BreadcrumbList\",\"@id\":\"https:\\\/\\\/jorpack.com\\\/fr\\\/encartonneuses-wrap-around\\\/jwa-625\\\/#breadcrumb\",\"itemListElement\":[{\"@type\":\"ListItem\",\"position\":1,\"name\":\"Portada\",\"item\":\"https:\\\/\\\/jorpack.com\\\/fr\\\/\"},{\"@type\":\"ListItem\",\"position\":2,\"name\":\"Tienda\",\"item\":\"https:\\\/\\\/jorpack.com\\\/tienda\\\/\"},{\"@type\":\"ListItem\",\"position\":3,\"name\":\"JWA-625\"}]},{\"@type\":\"WebSite\",\"@id\":\"https:\\\/\\\/jorpack.com\\\/fr\\\/#website\",\"url\":\"https:\\\/\\\/jorpack.com\\\/fr\\\/\",\"name\":\"Jorpack\u00ae\",\"description\":\"Amplia selecci\u00f3n de Formadoras\",\"publisher\":{\"@id\":\"https:\\\/\\\/jorpack.com\\\/fr\\\/#organization\"},\"potentialAction\":[{\"@type\":\"SearchAction\",\"target\":{\"@type\":\"EntryPoint\",\"urlTemplate\":\"https:\\\/\\\/jorpack.com\\\/fr\\\/?s={search_term_string}\"},\"query-input\":{\"@type\":\"PropertyValueSpecification\",\"valueRequired\":true,\"valueName\":\"search_term_string\"}}],\"inLanguage\":\"fr-FR\"},{\"@type\":\"Organization\",\"@id\":\"https:\\\/\\\/jorpack.com\\\/fr\\\/#organization\",\"name\":\"Jorpack\u00ae\",\"url\":\"https:\\\/\\\/jorpack.com\\\/fr\\\/\",\"logo\":{\"@type\":\"ImageObject\",\"inLanguage\":\"fr-FR\",\"@id\":\"https:\\\/\\\/jorpack.com\\\/fr\\\/#\\\/schema\\\/logo\\\/image\\\/\",\"url\":\"https:\\\/\\\/jorpack.com\\\/wp-content\\\/uploads\\\/2022\\\/03\\\/cropped-jorpack-logotipo.png\",\"contentUrl\":\"https:\\\/\\\/jorpack.com\\\/wp-content\\\/uploads\\\/2022\\\/03\\\/cropped-jorpack-logotipo.png\",\"width\":500,\"height\":110,\"caption\":\"Jorpack\u00ae\"},\"image\":{\"@id\":\"https:\\\/\\\/jorpack.com\\\/fr\\\/#\\\/schema\\\/logo\\\/image\\\/\"}}]}<\/script>\n<!-- \/ Yoast SEO plugin. -->","yoast_head_json":{"title":"JWA-625 - Jorpack\u00ae","robots":{"index":"index","follow":"follow","max-snippet":"max-snippet:-1","max-image-preview":"max-image-preview:large","max-video-preview":"max-video-preview:-1"},"canonical":"https:\/\/jorpack.com\/fr\/encartonneuses-wrap-around\/jwa-625\/","og_locale":"fr_FR","og_type":"article","og_title":"JWA-625 - Jorpack\u00ae","og_description":"Encartonneuse Automatique Wrap-Around  L\u2019encartonneuse Wrap-Around JWA-625 s\u2019inspire du mod\u00e8le d\u2019encartonneuse JWA-600.  Il est \u00e9galement \u00e0 fonctionnement intermittent pour l\u2019encastrement du m\u00eame type de produits, avec la particularit\u00e9, offrant un rendement plus \u00e9lev\u00e9 au niveau de la production, avec une l\u00e9g\u00e8re augmentation des mesures ext\u00e9rieures, ayant deux stations de plus que le mod\u00e8le inf\u00e9rieur, tout en conservant l\u2019efficacit\u00e9 et l\u2019efficience dans chacun des processus d\u2019encaissage.  Partie d\u2019une plaque de carton qui se forme autour du produit et r\u00e9alise la fermeture de la bo\u00eete ou du plateau \u00e0 l\u2019aide de l\u2019\u00e9quipement de collage hot-melt.  Il maintient l\u2019essence dans l\u2019introduction du produit en restant au m\u00eame niveau.  Encartonneuse Wrap-Around de conception ergonomique pour des changements de format tr\u00e8s rapides et tr\u00e8s simples.\u00a0Ofrecen un gran rendimiento en el processus d\u2019encartage.","og_url":"https:\/\/jorpack.com\/fr\/encartonneuses-wrap-around\/jwa-625\/","og_site_name":"Jorpack\u00ae","article_modified_time":"2025-02-20T11:57:25+00:00","og_image":[{"width":1080,"height":1080,"url":"https:\/\/jorpack.com\/wp-content\/uploads\/2022\/04\/img-encartonadora-automatica-wrap-around-intermitente-jorpack-JWA-625.jpg","type":"image\/jpeg"}],"twitter_card":"summary_large_image","twitter_misc":{"Dur\u00e9e de lecture estim\u00e9e":"2 minutes"},"schema":{"@context":"https:\/\/schema.org","@graph":[{"@type":"WebPage","@id":"https:\/\/jorpack.com\/fr\/encartonneuses-wrap-around\/jwa-625\/","url":"https:\/\/jorpack.com\/fr\/encartonneuses-wrap-around\/jwa-625\/","name":"JWA-625 - Jorpack\u00ae","isPartOf":{"@id":"https:\/\/jorpack.com\/fr\/#website"},"primaryImageOfPage":{"@id":"https:\/\/jorpack.com\/fr\/encartonneuses-wrap-around\/jwa-625\/#primaryimage"},"image":{"@id":"https:\/\/jorpack.com\/fr\/encartonneuses-wrap-around\/jwa-625\/#primaryimage"},"thumbnailUrl":"https:\/\/jorpack.com\/wp-content\/uploads\/2022\/04\/encartonadora-automatica-wrap-around-de-funcionamiento-intermitente-jorpack-JWA-625.webp","datePublished":"2022-09-12T09:08:33+00:00","dateModified":"2025-02-20T11:57:25+00:00","breadcrumb":{"@id":"https:\/\/jorpack.com\/fr\/encartonneuses-wrap-around\/jwa-625\/#breadcrumb"},"inLanguage":"fr-FR","potentialAction":[{"@type":"ReadAction","target":["https:\/\/jorpack.com\/fr\/encartonneuses-wrap-around\/jwa-625\/"]}]},{"@type":"ImageObject","inLanguage":"fr-FR","@id":"https:\/\/jorpack.com\/fr\/encartonneuses-wrap-around\/jwa-625\/#primaryimage","url":"https:\/\/jorpack.com\/wp-content\/uploads\/2022\/04\/encartonadora-automatica-wrap-around-de-funcionamiento-intermitente-jorpack-JWA-625.webp","contentUrl":"https:\/\/jorpack.com\/wp-content\/uploads\/2022\/04\/encartonadora-automatica-wrap-around-de-funcionamiento-intermitente-jorpack-JWA-625.webp","width":1080,"height":1080,"caption":"encartonadora-automatica-wrap-around-de-funcionamiento-intermitente-jorpack-JWA-625"},{"@type":"BreadcrumbList","@id":"https:\/\/jorpack.com\/fr\/encartonneuses-wrap-around\/jwa-625\/#breadcrumb","itemListElement":[{"@type":"ListItem","position":1,"name":"Portada","item":"https:\/\/jorpack.com\/fr\/"},{"@type":"ListItem","position":2,"name":"Tienda","item":"https:\/\/jorpack.com\/tienda\/"},{"@type":"ListItem","position":3,"name":"JWA-625"}]},{"@type":"WebSite","@id":"https:\/\/jorpack.com\/fr\/#website","url":"https:\/\/jorpack.com\/fr\/","name":"Jorpack\u00ae","description":"Amplia selecci\u00f3n de Formadoras","publisher":{"@id":"https:\/\/jorpack.com\/fr\/#organization"},"potentialAction":[{"@type":"SearchAction","target":{"@type":"EntryPoint","urlTemplate":"https:\/\/jorpack.com\/fr\/?s={search_term_string}"},"query-input":{"@type":"PropertyValueSpecification","valueRequired":true,"valueName":"search_term_string"}}],"inLanguage":"fr-FR"},{"@type":"Organization","@id":"https:\/\/jorpack.com\/fr\/#organization","name":"Jorpack\u00ae","url":"https:\/\/jorpack.com\/fr\/","logo":{"@type":"ImageObject","inLanguage":"fr-FR","@id":"https:\/\/jorpack.com\/fr\/#\/schema\/logo\/image\/","url":"https:\/\/jorpack.com\/wp-content\/uploads\/2022\/03\/cropped-jorpack-logotipo.png","contentUrl":"https:\/\/jorpack.com\/wp-content\/uploads\/2022\/03\/cropped-jorpack-logotipo.png","width":500,"height":110,"caption":"Jorpack\u00ae"},"image":{"@id":"https:\/\/jorpack.com\/fr\/#\/schema\/logo\/image\/"}}]}},"_links":{"self":[{"href":"https:\/\/jorpack.com\/fr\/wp-json\/wp\/v2\/product\/3796","targetHints":{"allow":["GET"]}}],"collection":[{"href":"https:\/\/jorpack.com\/fr\/wp-json\/wp\/v2\/product"}],"about":[{"href":"https:\/\/jorpack.com\/fr\/wp-json\/wp\/v2\/types\/product"}],"wp:featuredmedia":[{"embeddable":true,"href":"https:\/\/jorpack.com\/fr\/wp-json\/wp\/v2\/media\/14835"}],"wp:attachment":[{"href":"https:\/\/jorpack.com\/fr\/wp-json\/wp\/v2\/media?parent=3796"}],"wp:term":[{"taxonomy":"sector","embeddable":true,"href":"https:\/\/jorpack.com\/fr\/wp-json\/wp\/v2\/sector?post=3796"},{"taxonomy":"product_brand","embeddable":true,"href":"https:\/\/jorpack.com\/fr\/wp-json\/wp\/v2\/product_brand?post=3796"},{"taxonomy":"product_cat","embeddable":true,"href":"https:\/\/jorpack.com\/fr\/wp-json\/wp\/v2\/product_cat?post=3796"},{"taxonomy":"product_tag","embeddable":true,"href":"https:\/\/jorpack.com\/fr\/wp-json\/wp\/v2\/product_tag?post=3796"}],"curies":[{"name":"wp","href":"https:\/\/api.w.org\/{rel}","templated":true}]}}