{"id":3792,"date":"2022-04-20T09:56:11","date_gmt":"2022-09-12T08:26:30","guid":{"rendered":"https:\/\/jorpack.com\/?post_type=product&#038;p=3792"},"modified":"2025-02-20T11:46:47","modified_gmt":"2025-02-20T11:46:47","slug":"mb-875","status":"publish","type":"product","link":"https:\/\/jorpack.com\/fr\/encaisseuses-caisses-type-b1-americaine\/mb-875\/","title":{"rendered":"MB-875"},"content":{"rendered":"<div class=\"wpb-content-wrapper\"><p>[vc_section css=\u00a0\u00bb.vc_custom_1650361358445{margin-top: 0px !important;}\u00a0\u00bb el_class=\u00a0\u00bbficha-tecnica\u00a0\u00bb][vc_row][vc_column width=\u00a0\u00bb5\/6&Prime;][vc_toggle title=\u00a0\u00bbPlus d&rsquo;informations\u00a0\u00bb]La diff\u00e9rence de cette machine monobloc formeuse-encaisseuse, avec une machine formeuse et une machine encaisseuse, est qu\u2019avec le monobloc formeuse-encaisseuse, elle peut ex\u00e9cuter les deux fonctions dans un espace plus r\u00e9duit.<\/p>\n<p>Le mod\u00e8le MB-875 vous offre un magasin de carton ergonomique et l\u2019encaissage du produit se fait de mani\u00e8re verticale.<\/p>\n<p>Les changements de format sont tr\u00e8s rapides, ce qui permet de r\u00e9aliser des productions courtes et de changer fr\u00e9quemment de produit.[\/vc_toggle][vc_toggle title=\u00a0\u00bbProduction\u00a0\u00bb]Exemple dans des r\u00e9cipients tels que des bouteilles, jusqu\u2019\u00e0 4000 bouteilles\/heure[\/vc_toggle][vc_toggle title=\u00a0\u00bbAccessoires Inclus\u00a0\u00bb]- Magasin de carton ergonomique et r\u00e9glable.<\/p>\n<p>&#8211; Distributeur de produits m\u00e9caniques.<\/p>\n<p>&#8211; Syst\u00e8me de scellement pour la formation de caisses avec scell\u00e9 ou \u00e9quipement de colle Hot-melt pour le collage des rabats inf\u00e9rieurs dans la formeuse de caisses.[\/vc_toggle][vc_toggle title=\u00a0\u00bbEn option\u00a0\u00bb el_class=\u00a0\u00bbfaq-palet\u00a0\u00bb]<\/p>\n<div class=\"cont-flex\">\n<p style=\"text-align: left;\"><img decoding=\"async\" class=\"alignnone size-full wp-image-1697\" src=\"https:\/\/jorpack.com\/wp-content\/uploads\/2022\/04\/parillas-centradoras-encajadoras-b1.png\" alt=\"\" width=\"181\" height=\"180\" srcset=\"https:\/\/jorpack.com\/wp-content\/uploads\/2022\/04\/parillas-centradoras-encajadoras-b1.png 181w, https:\/\/jorpack.com\/wp-content\/uploads\/2022\/04\/parillas-centradoras-encajadoras-b1-150x150.png 150w, https:\/\/jorpack.com\/wp-content\/uploads\/2022\/04\/parillas-centradoras-encajadoras-b1-100x100.png 100w\" sizes=\"(max-width: 181px) 100vw, 181px\" \/><br \/>\nGrilles de centrage sp\u00e9ciales pour les caisses de carton avec grille int\u00e9gr\u00e9e.<\/p>\n<p style=\"text-align: left;\"><img decoding=\"async\" class=\"alignnone size-full wp-image-1692\" src=\"https:\/\/jorpack.com\/wp-content\/uploads\/2022\/04\/cabezal-encajado-multiformato-encajadoras-b1.png\" alt=\"\" width=\"180\" height=\"180\" srcset=\"https:\/\/jorpack.com\/wp-content\/uploads\/2022\/04\/cabezal-encajado-multiformato-encajadoras-b1.png 180w, https:\/\/jorpack.com\/wp-content\/uploads\/2022\/04\/cabezal-encajado-multiformato-encajadoras-b1-150x150.png 150w, https:\/\/jorpack.com\/wp-content\/uploads\/2022\/04\/cabezal-encajado-multiformato-encajadoras-b1-100x100.png 100w\" sizes=\"(max-width: 180px) 100vw, 180px\" \/><br \/>\nT\u00eate multiformat pour le montage de diff\u00e9rents formats avec la m\u00eame t\u00eate.<\/p>\n<p style=\"text-align: left;\"><img decoding=\"async\" class=\"alignnone size-full wp-image-1693\" src=\"https:\/\/jorpack.com\/wp-content\/uploads\/2022\/04\/distribuidor-producto-para-clasificar-envases-encajado-b1.png\" alt=\"\" width=\"181\" height=\"180\" srcset=\"https:\/\/jorpack.com\/wp-content\/uploads\/2022\/04\/distribuidor-producto-para-clasificar-envases-encajado-b1.png 181w, https:\/\/jorpack.com\/wp-content\/uploads\/2022\/04\/distribuidor-producto-para-clasificar-envases-encajado-b1-150x150.png 150w, https:\/\/jorpack.com\/wp-content\/uploads\/2022\/04\/distribuidor-producto-para-clasificar-envases-encajado-b1-100x100.png 100w\" sizes=\"(max-width: 181px) 100vw, 181px\" \/><br \/>\nSyst\u00e8me de distributeur m\u00e9canique de produit pour r\u00e9aliser la classification des produits sur les rails n\u00e9cessaires pour proc\u00e9der au regroupement et \u00e0 la s\u00e9paration par groupes pour proc\u00e9der \u00e0 l\u2019encastrement avec le robot.<\/p>\n<\/div>\n<p>[\/vc_toggle][vc_raw_html]W1Nhc3N5X1NvY2lhbF9TaGFyZSB0aXRsZT0iUGFydGFnZXIiXQ==[\/vc_raw_html][\/vc_column][vc_column width=\u00a0\u00bb1\/6&Prime; offset=\u00a0\u00bbvc_hidden-xs\u00a0\u00bb]<div class=\"ult-content-box-container \" >\t\t<div class=\"ult-content-box\" style=\"box-shadow: px px px px none;-webkit-transition: all 700ms ease;-moz-transition: all 700ms ease;-ms-transition: all 700ms ease;-o-transition: all 700ms ease;transition: all 700ms ease;\"  data-hover_box_shadow=\"none\"    >[vc_single_image image=\u00a0\u00bb645&Prime; alignment=\u00a0\u00bbcenter\u00a0\u00bb css=\u00a0\u00bb.vc_custom_1648732644686{margin-bottom: 10px !important;}\u00a0\u00bb][vc_column_text]<\/p>\n<p style=\"text-align: center;\"><span style=\"color: #394049;\">Fiche technique<br \/>\nDESP-4000<\/span><\/p>\n<p>[\/vc_column_text]\t\t<\/div><\/div>[\/vc_column][\/vc_row][\/vc_section][vc_section][vc_row gap=\u00a0\u00bb35&Prime;][vc_column width=\u00a0\u00bb3\/4&Prime; el_class=\u00a0\u00bbproductos-sugeridos\u00a0\u00bb][vc_column_text]<\/p>\n<h3>Compl\u00e9ter la ligne avec:<\/h3>\n<p>[\/vc_column_text][vc_basic_grid post_type=\u00a0\u00bbids\u00a0\u00bb element_width=\u00a0\u00bb3&Prime; gap=\u00a0\u00bb35&Prime; item=\u00a0\u00bb1394&Prime; grid_id=\u00a0\u00bbvc_gid:1663921012470-efbdee39-f055-6&Prime; include=\u00a0\u00bb1536, 1506, 1409&Prime;][\/vc_column][vc_column width=\u00a0\u00bb1\/4&Prime; el_class=\u00a0\u00bbproductos-relacionados\u00a0\u00bb][vc_column_text]<\/p>\n<h3>Produits associ\u00e9s:<\/h3>\n<p>[\/vc_column_text][vc_column_text]<a href=\"https:\/\/www.jorpack.com\/fr\/encaisseuses-caisses-type-b1-am\u00e9ricaine\/enc-850 \">ENC-850<\/a><\/p>\n<p><a href=\"https:\/\/www.jorpack.com\/fr\/encaisseuses-caisses-type-b1-am\u00e9ricaine\/enc-9500 \">ENC-9500<\/a><\/p>\n<p><a href=\"https:\/\/www.jorpack.com\/fr\/robots\/encaisseuses-caisses-type-b1-am\u00e9ricaine\/enc-9600 \">ENC-9600<\/a>[\/vc_column_text][\/vc_column][\/vc_row][\/vc_section]<\/p>\n<\/div>","protected":false},"excerpt":{"rendered":"<p>Monobloc Formeuse et Encaisseuse<\/p>\n<p>Chez Jorpack, nous proposons diff\u00e9rentes solutions d\u2019encaissage ou d\u00e9caissage des produits.<\/p>\n<p>Machine monobloc formeuse et empaqueteuse de produits, tels que bouteilles en verre, caisses, r\u00e9cipients en PET, r\u00e9cipients en aluminium, r\u00e9cipients en verre, caisses, emballages, sacs ou tout autre produit susceptible d\u2019\u00eatre enferm\u00e9.<\/p>\n<p>Formeuse de caisses et encaisseuse de produits compacte, elle est \u00e0 la fois une machine monobloc tr\u00e8s solide et robuste.<\/p>\n<p>Cette machine int\u00e8gre le processus de formage de caisses ou de formage de plateaux, pour y int\u00e9grer ensuite le produit.<\/p>\n<p>Une fois le processus d\u2019encaissage est effectu\u00e9 dans la caisse de carton de type B1 (\u00e9galement connue sous le nom de caisse am\u00e9ricaine), il faut proc\u00e9der \u00e0 la fermeture des rabats sup\u00e9rieurs, avec un scell\u00e9 de caisse, ou une fermeture de caisse avec colle hot-melt, comme le mod\u00e8le CER-1300.<\/p>\n","protected":false},"featured_media":14706,"template":"","meta":{"_acf_changed":false},"sector":[157,158,154,153,181,171,176,159,178,180,155,150,168,173,149,169,152,182,170,163,179,156,164,162,187,174,177,151,161,184,189,165,175,167,160],"product_brand":[],"product_cat":[88],"product_tag":[],"class_list":{"0":"post-3792","1":"product","2":"type-product","3":"status-publish","4":"has-post-thumbnail","6":"sector-aceite","7":"sector-agua","8":"sector-alimentacion","9":"sector-automocion","10":"sector-azucar","11":"sector-bandas-depilatorias","12":"sector-blisters","13":"sector-bodegas","14":"sector-cafe","15":"sector-conservas","16":"sector-construccion","17":"sector-cosmetica","18":"sector-cremas","19":"sector-detergentes","20":"sector-embotellado","21":"sector-estuches","22":"sector-farmacia","23":"sector-galletas","24":"sector-higiene","25":"sector-horchata","26":"sector-huevos","27":"sector-jardineria","28":"sector-licores","29":"sector-packs","30":"sector-pintura","31":"sector-productos-de-limpieza","32":"sector-productos-de-limpieza-2","33":"sector-quimico","34":"sector-refrescos","35":"sector-reposteria","36":"sector-semillas","37":"sector-sidra","38":"sector-sueros","39":"sector-tarros","40":"sector-zumos","41":"product_cat-encaisseuses-de-type-b1","43":"first","44":"instock","45":"shipping-taxable","46":"product-type-simple"},"acf":[],"yoast_head":"<!-- This site is optimized with the Yoast SEO plugin v27.5 - https:\/\/yoast.com\/product\/yoast-seo-wordpress\/ -->\n<title>MB-875 - Jorpack\u00ae<\/title>\n<meta name=\"robots\" content=\"index, follow, max-snippet:-1, max-image-preview:large, max-video-preview:-1\" \/>\n<link rel=\"canonical\" href=\"https:\/\/jorpack.com\/fr\/encaisseuses-caisses-type-b1-americaine\/mb-875\/\" \/>\n<meta property=\"og:locale\" content=\"fr_FR\" \/>\n<meta property=\"og:type\" content=\"article\" \/>\n<meta property=\"og:title\" content=\"MB-875 - Jorpack\u00ae\" \/>\n<meta property=\"og:description\" content=\"Monobloc Formeuse et Encaisseuse  Chez Jorpack, nous proposons diff\u00e9rentes solutions d\u2019encaissage ou d\u00e9caissage des produits.  Machine monobloc formeuse et empaqueteuse de produits, tels que bouteilles en verre, caisses, r\u00e9cipients en PET, r\u00e9cipients en aluminium, r\u00e9cipients en verre, caisses, emballages, sacs ou tout autre produit susceptible d\u2019\u00eatre enferm\u00e9.  Formeuse de caisses et encaisseuse de produits compacte, elle est \u00e0 la fois une machine monobloc tr\u00e8s solide et robuste.  Cette machine int\u00e8gre le processus de formage de caisses ou de formage de plateaux, pour y int\u00e9grer ensuite le produit.  Une fois le processus d\u2019encaissage est effectu\u00e9 dans la caisse de carton de type B1 (\u00e9galement connue sous le nom de caisse am\u00e9ricaine), il faut proc\u00e9der \u00e0 la fermeture des rabats sup\u00e9rieurs, avec un scell\u00e9 de caisse, ou une fermeture de caisse avec colle hot-melt, comme le mod\u00e8le CER-1300.\" \/>\n<meta property=\"og:url\" content=\"https:\/\/jorpack.com\/fr\/encaisseuses-caisses-type-b1-americaine\/mb-875\/\" \/>\n<meta property=\"og:site_name\" content=\"Jorpack\u00ae\" \/>\n<meta property=\"article:modified_time\" content=\"2025-02-20T11:46:47+00:00\" \/>\n<meta property=\"og:image\" content=\"https:\/\/jorpack.com\/wp-content\/uploads\/2022\/04\/monobloc-formadora-encajadora-caja-americana-jorpack-MB-875-4.webp\" \/>\n\t<meta property=\"og:image:width\" content=\"1500\" \/>\n\t<meta property=\"og:image:height\" content=\"1500\" \/>\n\t<meta property=\"og:image:type\" content=\"image\/webp\" \/>\n<meta name=\"twitter:card\" content=\"summary_large_image\" \/>\n<meta name=\"twitter:label1\" content=\"Dur\u00e9e de lecture estim\u00e9e\" \/>\n\t<meta name=\"twitter:data1\" content=\"2 minutes\" \/>\n<script type=\"application\/ld+json\" class=\"yoast-schema-graph\">{\"@context\":\"https:\\\/\\\/schema.org\",\"@graph\":[{\"@type\":\"WebPage\",\"@id\":\"https:\\\/\\\/jorpack.com\\\/fr\\\/encaisseuses-caisses-type-b1-americaine\\\/mb-875\\\/\",\"url\":\"https:\\\/\\\/jorpack.com\\\/fr\\\/encaisseuses-caisses-type-b1-americaine\\\/mb-875\\\/\",\"name\":\"MB-875 - Jorpack\u00ae\",\"isPartOf\":{\"@id\":\"https:\\\/\\\/jorpack.com\\\/fr\\\/#website\"},\"primaryImageOfPage\":{\"@id\":\"https:\\\/\\\/jorpack.com\\\/fr\\\/encaisseuses-caisses-type-b1-americaine\\\/mb-875\\\/#primaryimage\"},\"image\":{\"@id\":\"https:\\\/\\\/jorpack.com\\\/fr\\\/encaisseuses-caisses-type-b1-americaine\\\/mb-875\\\/#primaryimage\"},\"thumbnailUrl\":\"https:\\\/\\\/jorpack.com\\\/wp-content\\\/uploads\\\/2022\\\/04\\\/monobloc-formadora-encajadora-caja-americana-jorpack-MB-875-4.webp\",\"datePublished\":\"2022-09-12T08:26:30+00:00\",\"dateModified\":\"2025-02-20T11:46:47+00:00\",\"breadcrumb\":{\"@id\":\"https:\\\/\\\/jorpack.com\\\/fr\\\/encaisseuses-caisses-type-b1-americaine\\\/mb-875\\\/#breadcrumb\"},\"inLanguage\":\"fr-FR\",\"potentialAction\":[{\"@type\":\"ReadAction\",\"target\":[\"https:\\\/\\\/jorpack.com\\\/fr\\\/encaisseuses-caisses-type-b1-americaine\\\/mb-875\\\/\"]}]},{\"@type\":\"ImageObject\",\"inLanguage\":\"fr-FR\",\"@id\":\"https:\\\/\\\/jorpack.com\\\/fr\\\/encaisseuses-caisses-type-b1-americaine\\\/mb-875\\\/#primaryimage\",\"url\":\"https:\\\/\\\/jorpack.com\\\/wp-content\\\/uploads\\\/2022\\\/04\\\/monobloc-formadora-encajadora-caja-americana-jorpack-MB-875-4.webp\",\"contentUrl\":\"https:\\\/\\\/jorpack.com\\\/wp-content\\\/uploads\\\/2022\\\/04\\\/monobloc-formadora-encajadora-caja-americana-jorpack-MB-875-4.webp\",\"width\":1500,\"height\":1500,\"caption\":\"monobloc-formadora-encajadora-caja-americana-jorpack-MB-875\"},{\"@type\":\"BreadcrumbList\",\"@id\":\"https:\\\/\\\/jorpack.com\\\/fr\\\/encaisseuses-caisses-type-b1-americaine\\\/mb-875\\\/#breadcrumb\",\"itemListElement\":[{\"@type\":\"ListItem\",\"position\":1,\"name\":\"Portada\",\"item\":\"https:\\\/\\\/jorpack.com\\\/fr\\\/\"},{\"@type\":\"ListItem\",\"position\":2,\"name\":\"Tienda\",\"item\":\"https:\\\/\\\/jorpack.com\\\/tienda\\\/\"},{\"@type\":\"ListItem\",\"position\":3,\"name\":\"MB-875\"}]},{\"@type\":\"WebSite\",\"@id\":\"https:\\\/\\\/jorpack.com\\\/fr\\\/#website\",\"url\":\"https:\\\/\\\/jorpack.com\\\/fr\\\/\",\"name\":\"Jorpack\u00ae\",\"description\":\"Amplia selecci\u00f3n de Formadoras\",\"publisher\":{\"@id\":\"https:\\\/\\\/jorpack.com\\\/fr\\\/#organization\"},\"potentialAction\":[{\"@type\":\"SearchAction\",\"target\":{\"@type\":\"EntryPoint\",\"urlTemplate\":\"https:\\\/\\\/jorpack.com\\\/fr\\\/?s={search_term_string}\"},\"query-input\":{\"@type\":\"PropertyValueSpecification\",\"valueRequired\":true,\"valueName\":\"search_term_string\"}}],\"inLanguage\":\"fr-FR\"},{\"@type\":\"Organization\",\"@id\":\"https:\\\/\\\/jorpack.com\\\/fr\\\/#organization\",\"name\":\"Jorpack\u00ae\",\"url\":\"https:\\\/\\\/jorpack.com\\\/fr\\\/\",\"logo\":{\"@type\":\"ImageObject\",\"inLanguage\":\"fr-FR\",\"@id\":\"https:\\\/\\\/jorpack.com\\\/fr\\\/#\\\/schema\\\/logo\\\/image\\\/\",\"url\":\"https:\\\/\\\/jorpack.com\\\/wp-content\\\/uploads\\\/2022\\\/03\\\/cropped-jorpack-logotipo.png\",\"contentUrl\":\"https:\\\/\\\/jorpack.com\\\/wp-content\\\/uploads\\\/2022\\\/03\\\/cropped-jorpack-logotipo.png\",\"width\":500,\"height\":110,\"caption\":\"Jorpack\u00ae\"},\"image\":{\"@id\":\"https:\\\/\\\/jorpack.com\\\/fr\\\/#\\\/schema\\\/logo\\\/image\\\/\"}}]}<\/script>\n<!-- \/ Yoast SEO plugin. -->","yoast_head_json":{"title":"MB-875 - Jorpack\u00ae","robots":{"index":"index","follow":"follow","max-snippet":"max-snippet:-1","max-image-preview":"max-image-preview:large","max-video-preview":"max-video-preview:-1"},"canonical":"https:\/\/jorpack.com\/fr\/encaisseuses-caisses-type-b1-americaine\/mb-875\/","og_locale":"fr_FR","og_type":"article","og_title":"MB-875 - Jorpack\u00ae","og_description":"Monobloc Formeuse et Encaisseuse  Chez Jorpack, nous proposons diff\u00e9rentes solutions d\u2019encaissage ou d\u00e9caissage des produits.  Machine monobloc formeuse et empaqueteuse de produits, tels que bouteilles en verre, caisses, r\u00e9cipients en PET, r\u00e9cipients en aluminium, r\u00e9cipients en verre, caisses, emballages, sacs ou tout autre produit susceptible d\u2019\u00eatre enferm\u00e9.  Formeuse de caisses et encaisseuse de produits compacte, elle est \u00e0 la fois une machine monobloc tr\u00e8s solide et robuste.  Cette machine int\u00e8gre le processus de formage de caisses ou de formage de plateaux, pour y int\u00e9grer ensuite le produit.  Une fois le processus d\u2019encaissage est effectu\u00e9 dans la caisse de carton de type B1 (\u00e9galement connue sous le nom de caisse am\u00e9ricaine), il faut proc\u00e9der \u00e0 la fermeture des rabats sup\u00e9rieurs, avec un scell\u00e9 de caisse, ou une fermeture de caisse avec colle hot-melt, comme le mod\u00e8le CER-1300.","og_url":"https:\/\/jorpack.com\/fr\/encaisseuses-caisses-type-b1-americaine\/mb-875\/","og_site_name":"Jorpack\u00ae","article_modified_time":"2025-02-20T11:46:47+00:00","og_image":[{"width":1500,"height":1500,"url":"https:\/\/jorpack.com\/wp-content\/uploads\/2022\/04\/monobloc-formadora-encajadora-caja-americana-jorpack-MB-875-4.webp","type":"image\/webp"}],"twitter_card":"summary_large_image","twitter_misc":{"Dur\u00e9e de lecture estim\u00e9e":"2 minutes"},"schema":{"@context":"https:\/\/schema.org","@graph":[{"@type":"WebPage","@id":"https:\/\/jorpack.com\/fr\/encaisseuses-caisses-type-b1-americaine\/mb-875\/","url":"https:\/\/jorpack.com\/fr\/encaisseuses-caisses-type-b1-americaine\/mb-875\/","name":"MB-875 - Jorpack\u00ae","isPartOf":{"@id":"https:\/\/jorpack.com\/fr\/#website"},"primaryImageOfPage":{"@id":"https:\/\/jorpack.com\/fr\/encaisseuses-caisses-type-b1-americaine\/mb-875\/#primaryimage"},"image":{"@id":"https:\/\/jorpack.com\/fr\/encaisseuses-caisses-type-b1-americaine\/mb-875\/#primaryimage"},"thumbnailUrl":"https:\/\/jorpack.com\/wp-content\/uploads\/2022\/04\/monobloc-formadora-encajadora-caja-americana-jorpack-MB-875-4.webp","datePublished":"2022-09-12T08:26:30+00:00","dateModified":"2025-02-20T11:46:47+00:00","breadcrumb":{"@id":"https:\/\/jorpack.com\/fr\/encaisseuses-caisses-type-b1-americaine\/mb-875\/#breadcrumb"},"inLanguage":"fr-FR","potentialAction":[{"@type":"ReadAction","target":["https:\/\/jorpack.com\/fr\/encaisseuses-caisses-type-b1-americaine\/mb-875\/"]}]},{"@type":"ImageObject","inLanguage":"fr-FR","@id":"https:\/\/jorpack.com\/fr\/encaisseuses-caisses-type-b1-americaine\/mb-875\/#primaryimage","url":"https:\/\/jorpack.com\/wp-content\/uploads\/2022\/04\/monobloc-formadora-encajadora-caja-americana-jorpack-MB-875-4.webp","contentUrl":"https:\/\/jorpack.com\/wp-content\/uploads\/2022\/04\/monobloc-formadora-encajadora-caja-americana-jorpack-MB-875-4.webp","width":1500,"height":1500,"caption":"monobloc-formadora-encajadora-caja-americana-jorpack-MB-875"},{"@type":"BreadcrumbList","@id":"https:\/\/jorpack.com\/fr\/encaisseuses-caisses-type-b1-americaine\/mb-875\/#breadcrumb","itemListElement":[{"@type":"ListItem","position":1,"name":"Portada","item":"https:\/\/jorpack.com\/fr\/"},{"@type":"ListItem","position":2,"name":"Tienda","item":"https:\/\/jorpack.com\/tienda\/"},{"@type":"ListItem","position":3,"name":"MB-875"}]},{"@type":"WebSite","@id":"https:\/\/jorpack.com\/fr\/#website","url":"https:\/\/jorpack.com\/fr\/","name":"Jorpack\u00ae","description":"Amplia selecci\u00f3n de Formadoras","publisher":{"@id":"https:\/\/jorpack.com\/fr\/#organization"},"potentialAction":[{"@type":"SearchAction","target":{"@type":"EntryPoint","urlTemplate":"https:\/\/jorpack.com\/fr\/?s={search_term_string}"},"query-input":{"@type":"PropertyValueSpecification","valueRequired":true,"valueName":"search_term_string"}}],"inLanguage":"fr-FR"},{"@type":"Organization","@id":"https:\/\/jorpack.com\/fr\/#organization","name":"Jorpack\u00ae","url":"https:\/\/jorpack.com\/fr\/","logo":{"@type":"ImageObject","inLanguage":"fr-FR","@id":"https:\/\/jorpack.com\/fr\/#\/schema\/logo\/image\/","url":"https:\/\/jorpack.com\/wp-content\/uploads\/2022\/03\/cropped-jorpack-logotipo.png","contentUrl":"https:\/\/jorpack.com\/wp-content\/uploads\/2022\/03\/cropped-jorpack-logotipo.png","width":500,"height":110,"caption":"Jorpack\u00ae"},"image":{"@id":"https:\/\/jorpack.com\/fr\/#\/schema\/logo\/image\/"}}]}},"_links":{"self":[{"href":"https:\/\/jorpack.com\/fr\/wp-json\/wp\/v2\/product\/3792","targetHints":{"allow":["GET"]}}],"collection":[{"href":"https:\/\/jorpack.com\/fr\/wp-json\/wp\/v2\/product"}],"about":[{"href":"https:\/\/jorpack.com\/fr\/wp-json\/wp\/v2\/types\/product"}],"wp:featuredmedia":[{"embeddable":true,"href":"https:\/\/jorpack.com\/fr\/wp-json\/wp\/v2\/media\/14706"}],"wp:attachment":[{"href":"https:\/\/jorpack.com\/fr\/wp-json\/wp\/v2\/media?parent=3792"}],"wp:term":[{"taxonomy":"sector","embeddable":true,"href":"https:\/\/jorpack.com\/fr\/wp-json\/wp\/v2\/sector?post=3792"},{"taxonomy":"product_brand","embeddable":true,"href":"https:\/\/jorpack.com\/fr\/wp-json\/wp\/v2\/product_brand?post=3792"},{"taxonomy":"product_cat","embeddable":true,"href":"https:\/\/jorpack.com\/fr\/wp-json\/wp\/v2\/product_cat?post=3792"},{"taxonomy":"product_tag","embeddable":true,"href":"https:\/\/jorpack.com\/fr\/wp-json\/wp\/v2\/product_tag?post=3792"}],"curies":[{"name":"wp","href":"https:\/\/api.w.org\/{rel}","templated":true}]}}