{"id":3790,"date":"2022-04-20T09:52:00","date_gmt":"2022-09-12T07:49:44","guid":{"rendered":"https:\/\/jorpack.com\/?post_type=product&#038;p=3790"},"modified":"2025-02-20T11:04:17","modified_gmt":"2025-02-20T11:04:17","slug":"enc-9500","status":"publish","type":"product","link":"https:\/\/jorpack.com\/fr\/encaisseuses-caisses-type-b1-americaine\/enc-9500\/","title":{"rendered":"ENC-9500"},"content":{"rendered":"<div class=\"wpb-content-wrapper\"><p>[vc_section css=\u00a0\u00bb.vc_custom_1650361358445{margin-top: 0px !important;}\u00a0\u00bb el_class=\u00a0\u00bbficha-tecnica\u00a0\u00bb][vc_row][vc_column width=\u00a0\u00bb5\/6&Prime;][vc_toggle title=\u00a0\u00bbPlus d&rsquo;informations\u00a0\u00bb]L\u2019encaisseuse robotis\u00e9e Jorpack ENC-9500 int\u00e8gre diff\u00e9rentes t\u00eates dans la machine, en fonction de sa production, mais il est possible d\u2019int\u00e9grer une t\u00eate d\u2019encastrement de produit multiformat, qui est r\u00e9gul\u00e9, pour \u00e9viter les changements de t\u00eates lors du changement de format de produit.<\/p>\n<p><strong>Les changements de format sont tr\u00e8s courts et r\u00e9gul\u00e9s pour \u00eatre plus simples et plus agiles.<\/strong><\/p>\n<p>Cette machine encaisseuse Jorpack peut inclure un distributeur de produit pour choyer le produit, et ainsi ne pas endommager les \u00e9tiquettes. Les pressions sur les produits sont \u00e9galement \u00e9vit\u00e9es avant la r\u00e9alisation des diff\u00e9rents groupements en fonction du format de travail.<\/p>\n<p>A partir de certaines productions, nous recommandons d\u2019ajouter \u00e0 ce mod\u00e8le d\u2019encaisseuse, notre distributeur-aligneur d\u2019emballages en continu DESV-7700.<\/p>\n<p>Cela garantit une production continue, en \u00e9vitant les pressions.<br \/>\nComprend un convoyeur d\u2019entr\u00e9e ou de sortie de produit et un convoyeur d\u2019entr\u00e9e ou de sortie de carton ou de plateau.<\/p>\n<p>L\u2019encaisseuse robotis\u00e9e ENC-9500 est con\u00e7ue pour effectuer \u00e0 la fois la fonction d\u2019encaissage, et \u00e0 son tour, pouvoir \u00eatre une d\u00e9rouleuse robotis\u00e9e, c\u2019est-\u00e0-dire effectuer l\u2019option inverse.<\/p>\n<p>Cette derni\u00e8re option augmente la tendance du march\u00e9 pour la r\u00e9utilisation des r\u00e9cipients en verre.[\/vc_toggle][vc_toggle title=\u00a0\u00bbAccessoires Inclus\u00a0\u00bb]Comprend la grille de centrage de caisses pour une pr\u00e9cision maximale dans l\u2019encaissage ou le d\u00e9caissage du produit.[\/vc_toggle][vc_toggle title=\u00a0\u00bbEn option\u00a0\u00bb el_class=\u00a0\u00bbfaq-palet\u00a0\u00bb]<\/p>\n<div class=\"cont-flex\">\n<p style=\"text-align: left;\"><img decoding=\"async\" class=\"alignnone size-full wp-image-1697\" src=\"https:\/\/jorpack.com\/wp-content\/uploads\/2022\/04\/parillas-centradoras-encajadoras-b1.png\" alt=\"\" width=\"181\" height=\"180\" srcset=\"https:\/\/jorpack.com\/wp-content\/uploads\/2022\/04\/parillas-centradoras-encajadoras-b1.png 181w, https:\/\/jorpack.com\/wp-content\/uploads\/2022\/04\/parillas-centradoras-encajadoras-b1-150x150.png 150w, https:\/\/jorpack.com\/wp-content\/uploads\/2022\/04\/parillas-centradoras-encajadoras-b1-100x100.png 100w\" sizes=\"(max-width: 181px) 100vw, 181px\" \/><br \/>\nGrilles de centrage sp\u00e9ciales pour les caisses de carton avec grille int\u00e9gr\u00e9e.<\/p>\n<p style=\"text-align: left;\"><img decoding=\"async\" class=\"alignnone size-full wp-image-1692\" src=\"https:\/\/jorpack.com\/wp-content\/uploads\/2022\/04\/cabezal-encajado-multiformato-encajadoras-b1.png\" alt=\"\" width=\"180\" height=\"180\" srcset=\"https:\/\/jorpack.com\/wp-content\/uploads\/2022\/04\/cabezal-encajado-multiformato-encajadoras-b1.png 180w, https:\/\/jorpack.com\/wp-content\/uploads\/2022\/04\/cabezal-encajado-multiformato-encajadoras-b1-150x150.png 150w, https:\/\/jorpack.com\/wp-content\/uploads\/2022\/04\/cabezal-encajado-multiformato-encajadoras-b1-100x100.png 100w\" sizes=\"(max-width: 180px) 100vw, 180px\" \/><br \/>\nT\u00eate de montage multiformat.<\/p>\n<p style=\"text-align: left;\"><img decoding=\"async\" class=\"alignnone size-full wp-image-1693\" src=\"https:\/\/jorpack.com\/wp-content\/uploads\/2022\/04\/distribuidor-producto-para-clasificar-envases-encajado-b1.png\" alt=\"\" width=\"181\" height=\"180\" srcset=\"https:\/\/jorpack.com\/wp-content\/uploads\/2022\/04\/distribuidor-producto-para-clasificar-envases-encajado-b1.png 181w, https:\/\/jorpack.com\/wp-content\/uploads\/2022\/04\/distribuidor-producto-para-clasificar-envases-encajado-b1-150x150.png 150w, https:\/\/jorpack.com\/wp-content\/uploads\/2022\/04\/distribuidor-producto-para-clasificar-envases-encajado-b1-100x100.png 100w\" sizes=\"(max-width: 181px) 100vw, 181px\" \/><br \/>\nDistributeur m\u00e9canique de produits pour le tri des emballages sur les diff\u00e9rents rails avant leur regroupement ult\u00e9rieur dans les diff\u00e9rents formats.<\/p>\n<p style=\"text-align: left;\"><img decoding=\"async\" class=\"alignnone size-full wp-image-1695\" src=\"https:\/\/jorpack.com\/wp-content\/uploads\/2022\/04\/maquina-alineadora-desviadora-desv-7700-jorpack.png\" alt=\"\" width=\"181\" height=\"180\" srcset=\"https:\/\/jorpack.com\/wp-content\/uploads\/2022\/04\/maquina-alineadora-desviadora-desv-7700-jorpack.png 181w, https:\/\/jorpack.com\/wp-content\/uploads\/2022\/04\/maquina-alineadora-desviadora-desv-7700-jorpack-150x150.png 150w, https:\/\/jorpack.com\/wp-content\/uploads\/2022\/04\/maquina-alineadora-desviadora-desv-7700-jorpack-100x100.png 100w\" sizes=\"(max-width: 181px) 100vw, 181px\" \/><br \/>\nAligneur &#8211; d\u00e9viateur de produit en continu.<\/p>\n<\/div>\n<p>[\/vc_toggle][vc_raw_html]W1Nhc3N5X1NvY2lhbF9TaGFyZSB0aXRsZT0iUGFydGFnZXIiXQ==[\/vc_raw_html][\/vc_column][vc_column width=\u00a0\u00bb1\/6&Prime; offset=\u00a0\u00bbvc_hidden-xs\u00a0\u00bb][vc_single_image image=\u00a0\u00bb4340&Prime; add_caption=\u00a0\u00bbyes\u00a0\u00bb alignment=\u00a0\u00bbcenter\u00a0\u00bb]<div class=\"ult-content-box-container \" >\t\t<div class=\"ult-content-box\" style=\"box-shadow: px px px px none;-webkit-transition: all 700ms ease;-moz-transition: all 700ms ease;-ms-transition: all 700ms ease;-o-transition: all 700ms ease;transition: all 700ms ease;\"  data-hover_box_shadow=\"none\"    >[vc_single_image image=\u00a0\u00bb645&Prime; alignment=\u00a0\u00bbcenter\u00a0\u00bb css=\u00a0\u00bb.vc_custom_1648732644686{margin-bottom: 10px !important;}\u00a0\u00bb][vc_column_text]<\/p>\n<p style=\"text-align: center;\"><span style=\"color: #394049;\">Fiche technique<br \/>\nDESP-4000<\/span><\/p>\n<p>[\/vc_column_text]\t\t<\/div><\/div>[\/vc_column][\/vc_row][\/vc_section][vc_section][vc_row gap=\u00a0\u00bb35&Prime;][vc_column width=\u00a0\u00bb3\/4&Prime; el_class=\u00a0\u00bbproductos-sugeridos\u00a0\u00bb][vc_column_text]<\/p>\n<h3>Compl\u00e9ter la ligne avec:<\/h3>\n<p>[\/vc_column_text][vc_basic_grid post_type=\u00a0\u00bbids\u00a0\u00bb element_width=\u00a0\u00bb3&Prime; gap=\u00a0\u00bb35&Prime; item=\u00a0\u00bb1394&Prime; grid_id=\u00a0\u00bbvc_gid:1663921805102-925d0cb2-be6d-8&Prime; include=\u00a0\u00bb1536, 1506, 1405&Prime;][\/vc_column][vc_column width=\u00a0\u00bb1\/4&Prime; el_class=\u00a0\u00bbproductos-relacionados\u00a0\u00bb][vc_column_text]<\/p>\n<h3>Produits associ\u00e9s:<\/h3>\n<p>[\/vc_column_text][vc_column_text]<a href=\"https:\/\/www.jorpack.com\/fr\/encaisseuses-caisses-type-b1-am\u00e9ricaine\/enc-850 \">ENC-850<\/a><\/p>\n<p><a href=\"https:\/\/www.jorpack.com\/fr\/encaisseuses-caisses-type-b1-am\u00e9ricaine\/mb-875 \">MB-875<\/a><\/p>\n<p><a href=\"https:\/\/www.jorpack.com\/fr\/robots\/encaisseuses-caisses-type-b1-am\u00e9ricaine\/enc-9600 \">ENC-9600<\/a>[\/vc_column_text][\/vc_column][\/vc_row][\/vc_section]<\/p>\n<\/div>","protected":false},"excerpt":{"rendered":"<p>Encaisseuse \u2013 D\u00e9caisseuse Robotis\u00e9e<\/p>\n<p>Les encaisseuses \u2013 d\u00e9casseuses robotis\u00e9es automatiques de Jorpack se distinguent tout autant que les machines d\u2019encaissage m\u00e9caniques par leurs petites dimensions, mais offrent \u00e9galement une production \u00e9lev\u00e9e et une grande fiabilit\u00e9.<\/p>\n<p>Elles ont \u00e9t\u00e9 con\u00e7ues pour r\u00e9pondre \u00e0 l\u2019encaissage ou decassage de productions moyennes-hautes de tout emballage pouvant \u00eatre enferm\u00e9 ou d\u00e9sembu\u00e9 dans une bo\u00eete en carton de type am\u00e9ricain (B1)un plateau en carton de type affichage pour faire fonction d\u2019affichage dans un supermarch\u00e9 lin\u00e9aire ou aussi, adapter ou d\u00e9visser les produits dans des bo\u00eetes en plastique de produit retournable.<\/p>\n<p>Le d\u00e9caissage des produits est de plus en plus utilis\u00e9 pour promouvoir et accro\u00eetre la durabilit\u00e9 des emballages et contribuer \u00e0 pr\u00e9server l\u2019environnement.<\/p>\n","protected":false},"featured_media":14664,"template":"","meta":{"_acf_changed":false},"sector":[157,158,154,153,181,171,176,159,178,180,155,150,168,173,149,169,152,182,170,163,179,156,164,187,174,177,151,161,184,189,165,175,167,160],"product_brand":[],"product_cat":[88],"product_tag":[],"class_list":{"0":"post-3790","1":"product","2":"type-product","3":"status-publish","4":"has-post-thumbnail","6":"sector-aceite","7":"sector-agua","8":"sector-alimentacion","9":"sector-automocion","10":"sector-azucar","11":"sector-bandas-depilatorias","12":"sector-blisters","13":"sector-bodegas","14":"sector-cafe","15":"sector-conservas","16":"sector-construccion","17":"sector-cosmetica","18":"sector-cremas","19":"sector-detergentes","20":"sector-embotellado","21":"sector-estuches","22":"sector-farmacia","23":"sector-galletas","24":"sector-higiene","25":"sector-horchata","26":"sector-huevos","27":"sector-jardineria","28":"sector-licores","29":"sector-pintura","30":"sector-productos-de-limpieza","31":"sector-productos-de-limpieza-2","32":"sector-quimico","33":"sector-refrescos","34":"sector-reposteria","35":"sector-semillas","36":"sector-sidra","37":"sector-sueros","38":"sector-tarros","39":"sector-zumos","40":"product_cat-encaisseuses-de-type-b1","42":"first","43":"instock","44":"shipping-taxable","45":"product-type-simple"},"acf":[],"yoast_head":"<!-- This site is optimized with the Yoast SEO plugin v27.5 - https:\/\/yoast.com\/product\/yoast-seo-wordpress\/ -->\n<title>ENC-9500 - Jorpack\u00ae<\/title>\n<meta name=\"robots\" content=\"index, follow, max-snippet:-1, max-image-preview:large, max-video-preview:-1\" \/>\n<link rel=\"canonical\" href=\"https:\/\/jorpack.com\/fr\/encaisseuses-caisses-type-b1-americaine\/enc-9500\/\" \/>\n<meta property=\"og:locale\" content=\"fr_FR\" \/>\n<meta property=\"og:type\" content=\"article\" \/>\n<meta property=\"og:title\" content=\"ENC-9500 - Jorpack\u00ae\" \/>\n<meta property=\"og:description\" content=\"Encaisseuse \u2013 D\u00e9caisseuse Robotis\u00e9e  Les encaisseuses \u2013 d\u00e9casseuses robotis\u00e9es automatiques de Jorpack se distinguent tout autant que les machines d\u2019encaissage m\u00e9caniques par leurs petites dimensions, mais offrent \u00e9galement une production \u00e9lev\u00e9e et une grande fiabilit\u00e9.  Elles ont \u00e9t\u00e9 con\u00e7ues pour r\u00e9pondre \u00e0 l\u2019encaissage ou decassage de productions moyennes-hautes de tout emballage pouvant \u00eatre enferm\u00e9 ou d\u00e9sembu\u00e9 dans une bo\u00eete en carton de type am\u00e9ricain (B1)un plateau en carton de type affichage pour faire fonction d\u2019affichage dans un supermarch\u00e9 lin\u00e9aire ou aussi, adapter ou d\u00e9visser les produits dans des bo\u00eetes en plastique de produit retournable.  Le d\u00e9caissage des produits est de plus en plus utilis\u00e9 pour promouvoir et accro\u00eetre la durabilit\u00e9 des emballages et contribuer \u00e0 pr\u00e9server l\u2019environnement.\" \/>\n<meta property=\"og:url\" content=\"https:\/\/jorpack.com\/fr\/encaisseuses-caisses-type-b1-americaine\/enc-9500\/\" \/>\n<meta property=\"og:site_name\" content=\"Jorpack\u00ae\" \/>\n<meta property=\"article:modified_time\" content=\"2025-02-20T11:04:17+00:00\" \/>\n<meta property=\"og:image\" content=\"https:\/\/jorpack.com\/wp-content\/uploads\/2022\/04\/encajadora-desencajadora-caja-americana-jorpack-ENC-9500-2023-2.webp\" \/>\n\t<meta property=\"og:image:width\" content=\"1080\" \/>\n\t<meta property=\"og:image:height\" content=\"1080\" \/>\n\t<meta property=\"og:image:type\" content=\"image\/webp\" \/>\n<meta name=\"twitter:card\" content=\"summary_large_image\" \/>\n<meta name=\"twitter:label1\" content=\"Dur\u00e9e de lecture estim\u00e9e\" \/>\n\t<meta name=\"twitter:data1\" content=\"3 minutes\" \/>\n<script type=\"application\/ld+json\" class=\"yoast-schema-graph\">{\"@context\":\"https:\\\/\\\/schema.org\",\"@graph\":[{\"@type\":\"WebPage\",\"@id\":\"https:\\\/\\\/jorpack.com\\\/fr\\\/encaisseuses-caisses-type-b1-americaine\\\/enc-9500\\\/\",\"url\":\"https:\\\/\\\/jorpack.com\\\/fr\\\/encaisseuses-caisses-type-b1-americaine\\\/enc-9500\\\/\",\"name\":\"ENC-9500 - Jorpack\u00ae\",\"isPartOf\":{\"@id\":\"https:\\\/\\\/jorpack.com\\\/fr\\\/#website\"},\"primaryImageOfPage\":{\"@id\":\"https:\\\/\\\/jorpack.com\\\/fr\\\/encaisseuses-caisses-type-b1-americaine\\\/enc-9500\\\/#primaryimage\"},\"image\":{\"@id\":\"https:\\\/\\\/jorpack.com\\\/fr\\\/encaisseuses-caisses-type-b1-americaine\\\/enc-9500\\\/#primaryimage\"},\"thumbnailUrl\":\"https:\\\/\\\/jorpack.com\\\/wp-content\\\/uploads\\\/2022\\\/04\\\/encajadora-desencajadora-caja-americana-jorpack-ENC-9500-2023-2.webp\",\"datePublished\":\"2022-09-12T07:49:44+00:00\",\"dateModified\":\"2025-02-20T11:04:17+00:00\",\"breadcrumb\":{\"@id\":\"https:\\\/\\\/jorpack.com\\\/fr\\\/encaisseuses-caisses-type-b1-americaine\\\/enc-9500\\\/#breadcrumb\"},\"inLanguage\":\"fr-FR\",\"potentialAction\":[{\"@type\":\"ReadAction\",\"target\":[\"https:\\\/\\\/jorpack.com\\\/fr\\\/encaisseuses-caisses-type-b1-americaine\\\/enc-9500\\\/\"]}]},{\"@type\":\"ImageObject\",\"inLanguage\":\"fr-FR\",\"@id\":\"https:\\\/\\\/jorpack.com\\\/fr\\\/encaisseuses-caisses-type-b1-americaine\\\/enc-9500\\\/#primaryimage\",\"url\":\"https:\\\/\\\/jorpack.com\\\/wp-content\\\/uploads\\\/2022\\\/04\\\/encajadora-desencajadora-caja-americana-jorpack-ENC-9500-2023-2.webp\",\"contentUrl\":\"https:\\\/\\\/jorpack.com\\\/wp-content\\\/uploads\\\/2022\\\/04\\\/encajadora-desencajadora-caja-americana-jorpack-ENC-9500-2023-2.webp\",\"width\":1080,\"height\":1080,\"caption\":\"Encajadora-desencajadora de caja americana Jorpack, ENC9500\"},{\"@type\":\"BreadcrumbList\",\"@id\":\"https:\\\/\\\/jorpack.com\\\/fr\\\/encaisseuses-caisses-type-b1-americaine\\\/enc-9500\\\/#breadcrumb\",\"itemListElement\":[{\"@type\":\"ListItem\",\"position\":1,\"name\":\"Portada\",\"item\":\"https:\\\/\\\/jorpack.com\\\/fr\\\/\"},{\"@type\":\"ListItem\",\"position\":2,\"name\":\"Tienda\",\"item\":\"https:\\\/\\\/jorpack.com\\\/tienda\\\/\"},{\"@type\":\"ListItem\",\"position\":3,\"name\":\"ENC-9500\"}]},{\"@type\":\"WebSite\",\"@id\":\"https:\\\/\\\/jorpack.com\\\/fr\\\/#website\",\"url\":\"https:\\\/\\\/jorpack.com\\\/fr\\\/\",\"name\":\"Jorpack\u00ae\",\"description\":\"Amplia selecci\u00f3n de Formadoras\",\"publisher\":{\"@id\":\"https:\\\/\\\/jorpack.com\\\/fr\\\/#organization\"},\"potentialAction\":[{\"@type\":\"SearchAction\",\"target\":{\"@type\":\"EntryPoint\",\"urlTemplate\":\"https:\\\/\\\/jorpack.com\\\/fr\\\/?s={search_term_string}\"},\"query-input\":{\"@type\":\"PropertyValueSpecification\",\"valueRequired\":true,\"valueName\":\"search_term_string\"}}],\"inLanguage\":\"fr-FR\"},{\"@type\":\"Organization\",\"@id\":\"https:\\\/\\\/jorpack.com\\\/fr\\\/#organization\",\"name\":\"Jorpack\u00ae\",\"url\":\"https:\\\/\\\/jorpack.com\\\/fr\\\/\",\"logo\":{\"@type\":\"ImageObject\",\"inLanguage\":\"fr-FR\",\"@id\":\"https:\\\/\\\/jorpack.com\\\/fr\\\/#\\\/schema\\\/logo\\\/image\\\/\",\"url\":\"https:\\\/\\\/jorpack.com\\\/wp-content\\\/uploads\\\/2022\\\/03\\\/cropped-jorpack-logotipo.png\",\"contentUrl\":\"https:\\\/\\\/jorpack.com\\\/wp-content\\\/uploads\\\/2022\\\/03\\\/cropped-jorpack-logotipo.png\",\"width\":500,\"height\":110,\"caption\":\"Jorpack\u00ae\"},\"image\":{\"@id\":\"https:\\\/\\\/jorpack.com\\\/fr\\\/#\\\/schema\\\/logo\\\/image\\\/\"}}]}<\/script>\n<!-- \/ Yoast SEO plugin. -->","yoast_head_json":{"title":"ENC-9500 - Jorpack\u00ae","robots":{"index":"index","follow":"follow","max-snippet":"max-snippet:-1","max-image-preview":"max-image-preview:large","max-video-preview":"max-video-preview:-1"},"canonical":"https:\/\/jorpack.com\/fr\/encaisseuses-caisses-type-b1-americaine\/enc-9500\/","og_locale":"fr_FR","og_type":"article","og_title":"ENC-9500 - Jorpack\u00ae","og_description":"Encaisseuse \u2013 D\u00e9caisseuse Robotis\u00e9e  Les encaisseuses \u2013 d\u00e9casseuses robotis\u00e9es automatiques de Jorpack se distinguent tout autant que les machines d\u2019encaissage m\u00e9caniques par leurs petites dimensions, mais offrent \u00e9galement une production \u00e9lev\u00e9e et une grande fiabilit\u00e9.  Elles ont \u00e9t\u00e9 con\u00e7ues pour r\u00e9pondre \u00e0 l\u2019encaissage ou decassage de productions moyennes-hautes de tout emballage pouvant \u00eatre enferm\u00e9 ou d\u00e9sembu\u00e9 dans une bo\u00eete en carton de type am\u00e9ricain (B1)un plateau en carton de type affichage pour faire fonction d\u2019affichage dans un supermarch\u00e9 lin\u00e9aire ou aussi, adapter ou d\u00e9visser les produits dans des bo\u00eetes en plastique de produit retournable.  Le d\u00e9caissage des produits est de plus en plus utilis\u00e9 pour promouvoir et accro\u00eetre la durabilit\u00e9 des emballages et contribuer \u00e0 pr\u00e9server l\u2019environnement.","og_url":"https:\/\/jorpack.com\/fr\/encaisseuses-caisses-type-b1-americaine\/enc-9500\/","og_site_name":"Jorpack\u00ae","article_modified_time":"2025-02-20T11:04:17+00:00","og_image":[{"width":1080,"height":1080,"url":"https:\/\/jorpack.com\/wp-content\/uploads\/2022\/04\/encajadora-desencajadora-caja-americana-jorpack-ENC-9500-2023-2.webp","type":"image\/webp"}],"twitter_card":"summary_large_image","twitter_misc":{"Dur\u00e9e de lecture estim\u00e9e":"3 minutes"},"schema":{"@context":"https:\/\/schema.org","@graph":[{"@type":"WebPage","@id":"https:\/\/jorpack.com\/fr\/encaisseuses-caisses-type-b1-americaine\/enc-9500\/","url":"https:\/\/jorpack.com\/fr\/encaisseuses-caisses-type-b1-americaine\/enc-9500\/","name":"ENC-9500 - Jorpack\u00ae","isPartOf":{"@id":"https:\/\/jorpack.com\/fr\/#website"},"primaryImageOfPage":{"@id":"https:\/\/jorpack.com\/fr\/encaisseuses-caisses-type-b1-americaine\/enc-9500\/#primaryimage"},"image":{"@id":"https:\/\/jorpack.com\/fr\/encaisseuses-caisses-type-b1-americaine\/enc-9500\/#primaryimage"},"thumbnailUrl":"https:\/\/jorpack.com\/wp-content\/uploads\/2022\/04\/encajadora-desencajadora-caja-americana-jorpack-ENC-9500-2023-2.webp","datePublished":"2022-09-12T07:49:44+00:00","dateModified":"2025-02-20T11:04:17+00:00","breadcrumb":{"@id":"https:\/\/jorpack.com\/fr\/encaisseuses-caisses-type-b1-americaine\/enc-9500\/#breadcrumb"},"inLanguage":"fr-FR","potentialAction":[{"@type":"ReadAction","target":["https:\/\/jorpack.com\/fr\/encaisseuses-caisses-type-b1-americaine\/enc-9500\/"]}]},{"@type":"ImageObject","inLanguage":"fr-FR","@id":"https:\/\/jorpack.com\/fr\/encaisseuses-caisses-type-b1-americaine\/enc-9500\/#primaryimage","url":"https:\/\/jorpack.com\/wp-content\/uploads\/2022\/04\/encajadora-desencajadora-caja-americana-jorpack-ENC-9500-2023-2.webp","contentUrl":"https:\/\/jorpack.com\/wp-content\/uploads\/2022\/04\/encajadora-desencajadora-caja-americana-jorpack-ENC-9500-2023-2.webp","width":1080,"height":1080,"caption":"Encajadora-desencajadora de caja americana Jorpack, ENC9500"},{"@type":"BreadcrumbList","@id":"https:\/\/jorpack.com\/fr\/encaisseuses-caisses-type-b1-americaine\/enc-9500\/#breadcrumb","itemListElement":[{"@type":"ListItem","position":1,"name":"Portada","item":"https:\/\/jorpack.com\/fr\/"},{"@type":"ListItem","position":2,"name":"Tienda","item":"https:\/\/jorpack.com\/tienda\/"},{"@type":"ListItem","position":3,"name":"ENC-9500"}]},{"@type":"WebSite","@id":"https:\/\/jorpack.com\/fr\/#website","url":"https:\/\/jorpack.com\/fr\/","name":"Jorpack\u00ae","description":"Amplia selecci\u00f3n de Formadoras","publisher":{"@id":"https:\/\/jorpack.com\/fr\/#organization"},"potentialAction":[{"@type":"SearchAction","target":{"@type":"EntryPoint","urlTemplate":"https:\/\/jorpack.com\/fr\/?s={search_term_string}"},"query-input":{"@type":"PropertyValueSpecification","valueRequired":true,"valueName":"search_term_string"}}],"inLanguage":"fr-FR"},{"@type":"Organization","@id":"https:\/\/jorpack.com\/fr\/#organization","name":"Jorpack\u00ae","url":"https:\/\/jorpack.com\/fr\/","logo":{"@type":"ImageObject","inLanguage":"fr-FR","@id":"https:\/\/jorpack.com\/fr\/#\/schema\/logo\/image\/","url":"https:\/\/jorpack.com\/wp-content\/uploads\/2022\/03\/cropped-jorpack-logotipo.png","contentUrl":"https:\/\/jorpack.com\/wp-content\/uploads\/2022\/03\/cropped-jorpack-logotipo.png","width":500,"height":110,"caption":"Jorpack\u00ae"},"image":{"@id":"https:\/\/jorpack.com\/fr\/#\/schema\/logo\/image\/"}}]}},"_links":{"self":[{"href":"https:\/\/jorpack.com\/fr\/wp-json\/wp\/v2\/product\/3790","targetHints":{"allow":["GET"]}}],"collection":[{"href":"https:\/\/jorpack.com\/fr\/wp-json\/wp\/v2\/product"}],"about":[{"href":"https:\/\/jorpack.com\/fr\/wp-json\/wp\/v2\/types\/product"}],"wp:featuredmedia":[{"embeddable":true,"href":"https:\/\/jorpack.com\/fr\/wp-json\/wp\/v2\/media\/14664"}],"wp:attachment":[{"href":"https:\/\/jorpack.com\/fr\/wp-json\/wp\/v2\/media?parent=3790"}],"wp:term":[{"taxonomy":"sector","embeddable":true,"href":"https:\/\/jorpack.com\/fr\/wp-json\/wp\/v2\/sector?post=3790"},{"taxonomy":"product_brand","embeddable":true,"href":"https:\/\/jorpack.com\/fr\/wp-json\/wp\/v2\/product_brand?post=3790"},{"taxonomy":"product_cat","embeddable":true,"href":"https:\/\/jorpack.com\/fr\/wp-json\/wp\/v2\/product_cat?post=3790"},{"taxonomy":"product_tag","embeddable":true,"href":"https:\/\/jorpack.com\/fr\/wp-json\/wp\/v2\/product_tag?post=3790"}],"curies":[{"name":"wp","href":"https:\/\/api.w.org\/{rel}","templated":true}]}}