{"id":3788,"date":"2022-04-20T09:53:07","date_gmt":"2022-09-12T07:33:36","guid":{"rendered":"https:\/\/jorpack.com\/?post_type=product&#038;p=3788"},"modified":"2024-10-16T10:18:39","modified_gmt":"2024-10-16T10:18:39","slug":"enc-9600","status":"publish","type":"product","link":"https:\/\/jorpack.com\/fr\/robots\/encaisseuses-caisses-type-b1-americaine\/enc-9600\/","title":{"rendered":"ENC-9600"},"content":{"rendered":"<div class=\"wpb-content-wrapper\"><p>[vc_section css=\u00a0\u00bb.vc_custom_1650361358445{margin-top: 0px !important;}\u00a0\u00bb el_class=\u00a0\u00bbficha-tecnica\u00a0\u00bb][vc_row][vc_column width=\u00a0\u00bb5\/6&Prime;][vc_toggle title=\u00a0\u00bbProduction\u00a0\u00bb]6-8 mouvements\/minute<br \/>\nExemple dans des r\u00e9cipients tels que des bouteilles, jusqu\u2019\u00e0 25000 bouteilles\/heure.[\/vc_toggle][vc_toggle title=\u00a0\u00bbAccessoires Inclus\u00a0\u00bb]Ensemble de Protections et Barri\u00e8res de S\u00e9curit\u00e9 selon les normes CE n\u00e9cessaires pour chaque cellule robotis\u00e9e.[\/vc_toggle][vc_toggle title=\u00a0\u00bbEn option\u00a0\u00bb el_class=\u00a0\u00bbfaq-palet\u00a0\u00bb]<\/p>\n<div class=\"cont-flex\">\n<p style=\"text-align: left;\"><img decoding=\"async\" class=\"alignnone size-full wp-image-1697\" src=\"https:\/\/jorpack.com\/wp-content\/uploads\/2022\/04\/parillas-centradoras-encajadoras-b1.png\" alt=\"\" width=\"181\" height=\"180\" srcset=\"https:\/\/jorpack.com\/wp-content\/uploads\/2022\/04\/parillas-centradoras-encajadoras-b1.png 181w, https:\/\/jorpack.com\/wp-content\/uploads\/2022\/04\/parillas-centradoras-encajadoras-b1-150x150.png 150w, https:\/\/jorpack.com\/wp-content\/uploads\/2022\/04\/parillas-centradoras-encajadoras-b1-100x100.png 100w\" sizes=\"(max-width: 181px) 100vw, 181px\" \/><br \/>\nGrilles de centrage sp\u00e9ciales pour les caisses de carton avec grille int\u00e9gr\u00e9e.<\/p>\n<p style=\"text-align: left;\"><img decoding=\"async\" class=\"alignnone size-full wp-image-1692\" src=\"https:\/\/jorpack.com\/wp-content\/uploads\/2022\/04\/cabezal-encajado-multiformato-encajadoras-b1.png\" alt=\"\" width=\"180\" height=\"180\" srcset=\"https:\/\/jorpack.com\/wp-content\/uploads\/2022\/04\/cabezal-encajado-multiformato-encajadoras-b1.png 180w, https:\/\/jorpack.com\/wp-content\/uploads\/2022\/04\/cabezal-encajado-multiformato-encajadoras-b1-150x150.png 150w, https:\/\/jorpack.com\/wp-content\/uploads\/2022\/04\/cabezal-encajado-multiformato-encajadoras-b1-100x100.png 100w\" sizes=\"(max-width: 180px) 100vw, 180px\" \/><br \/>\nT\u00eate ou t\u00eate de montage ou de d\u00e9montage multiformat.<\/p>\n<p style=\"text-align: left;\"><img decoding=\"async\" class=\"alignnone size-full wp-image-1693\" src=\"https:\/\/jorpack.com\/wp-content\/uploads\/2022\/04\/distribuidor-producto-para-clasificar-envases-encajado-b1.png\" alt=\"\" width=\"181\" height=\"180\" srcset=\"https:\/\/jorpack.com\/wp-content\/uploads\/2022\/04\/distribuidor-producto-para-clasificar-envases-encajado-b1.png 181w, https:\/\/jorpack.com\/wp-content\/uploads\/2022\/04\/distribuidor-producto-para-clasificar-envases-encajado-b1-150x150.png 150w, https:\/\/jorpack.com\/wp-content\/uploads\/2022\/04\/distribuidor-producto-para-clasificar-envases-encajado-b1-100x100.png 100w\" sizes=\"(max-width: 181px) 100vw, 181px\" \/><br \/>\nSyst\u00e8me de distributeur m\u00e9canique de produits pour r\u00e9aliser le classement des produits sur les rails n\u00e9cessaires pour proc\u00e9der au regroupement et \u00e0 la s\u00e9paration par groupes pour proc\u00e9der au montage avec le robot.<\/p>\n<p style=\"text-align: left;\"><img decoding=\"async\" class=\"alignnone size-full wp-image-1695\" src=\"https:\/\/jorpack.com\/wp-content\/uploads\/2022\/04\/maquina-alineadora-desviadora-desv-7700-jorpack.png\" alt=\"\" width=\"181\" height=\"180\" srcset=\"https:\/\/jorpack.com\/wp-content\/uploads\/2022\/04\/maquina-alineadora-desviadora-desv-7700-jorpack.png 181w, https:\/\/jorpack.com\/wp-content\/uploads\/2022\/04\/maquina-alineadora-desviadora-desv-7700-jorpack-150x150.png 150w, https:\/\/jorpack.com\/wp-content\/uploads\/2022\/04\/maquina-alineadora-desviadora-desv-7700-jorpack-100x100.png 100w\" sizes=\"(max-width: 181px) 100vw, 181px\" \/><br \/>\nMachine d\u2019alignement &#8211; d\u00e9viateur mod\u00e8le DESV-7700 de Jorpack de produit pour des productions moyennes-\u00e9lev\u00e9es.<\/p>\n<\/div>\n<p>[\/vc_toggle][vc_raw_html]W1Nhc3N5X1NvY2lhbF9TaGFyZSB0aXRsZT0iUGFydGFnZXIiXQ==[\/vc_raw_html][\/vc_column][vc_column width=\u00a0\u00bb1\/6&Prime; offset=\u00a0\u00bbvc_hidden-xs\u00a0\u00bb][vc_single_image image=\u00a0\u00bb4340&Prime; add_caption=\u00a0\u00bbyes\u00a0\u00bb alignment=\u00a0\u00bbcenter\u00a0\u00bb]<div class=\"ult-content-box-container \" >\t\t<div class=\"ult-content-box\" style=\"box-shadow: px px px px none;-webkit-transition: all 700ms ease;-moz-transition: all 700ms ease;-ms-transition: all 700ms ease;-o-transition: all 700ms ease;transition: all 700ms ease;\"  data-hover_box_shadow=\"none\"    >[vc_single_image image=\u00a0\u00bb645&Prime; alignment=\u00a0\u00bbcenter\u00a0\u00bb css=\u00a0\u00bb.vc_custom_1648732644686{margin-bottom: 10px !important;}\u00a0\u00bb][vc_column_text]<\/p>\n<p style=\"text-align: center;\"><span style=\"color: #394049;\">Fiche technique<br \/>\nDESP-4000<\/span><\/p>\n<p>[\/vc_column_text]\t\t<\/div><\/div>[\/vc_column][\/vc_row][\/vc_section][vc_section][vc_row gap=\u00a0\u00bb35&Prime;][vc_column width=\u00a0\u00bb3\/4&Prime; el_class=\u00a0\u00bbproductos-sugeridos\u00a0\u00bb][vc_column_text]<\/p>\n<h3>Compl\u00e9ter la ligne avec:<\/h3>\n<p>[\/vc_column_text][vc_basic_grid post_type=\u00a0\u00bbids\u00a0\u00bb element_width=\u00a0\u00bb3&Prime; gap=\u00a0\u00bb35&Prime; item=\u00a0\u00bb1394&Prime; grid_id=\u00a0\u00bbvc_gid:1663921316345-ad626747-2058-9&Prime; include=\u00a0\u00bb1498, 1510, 1413&Prime;][\/vc_column][vc_column width=\u00a0\u00bb1\/4&Prime; el_class=\u00a0\u00bbproductos-relacionados\u00a0\u00bb][vc_column_text]<\/p>\n<h3>Produits associ\u00e9s:<\/h3>\n<p>[\/vc_column_text][vc_column_text]<a href=\"https:\/\/www.jorpack.com\/fr\/encaisseuses-caisses-type-b1-am\u00e9ricaine\/enc-850 \">ENC-850<\/a><\/p>\n<p><a href=\"https:\/\/www.jorpack.com\/fr\/encaisseuses-caisses-type-b1-am\u00e9ricaine\/mb-875 \">MB-875<\/a><\/p>\n<p><a href=\"https:\/\/www.jorpack.com\/fr\/encaisseuses-caisses-type-b1-am\u00e9ricaine\/enc-9500 \">ENC-9500<\/a>[\/vc_column_text][\/vc_column][\/vc_row][\/vc_section]<\/p>\n<\/div>","protected":false},"excerpt":{"rendered":"<p>Solutions D\u2019Encaissage &#8211; D\u00e9caisseuse avec Robot<\/p>\n<p>Chez Jorpack, nous proposons diff\u00e9rentes solutions d\u2019encaissage ou d\u00e9caissage des produits<\/p>\n<p>Pour l\u2019encaissage ou le d\u00e9caissage de produits dans des caisses, des plateaux d\u2019affichage ou des caisses de produits r\u00e9versibles dans des productions \u00e9lev\u00e9es, nous disposons de solutions de robots d\u2019encaissement pour diff\u00e9rentes applications.<\/p>\n<p>La polyvalence offerte par la robotique nous permet d\u2019adapter les projets aux diff\u00e9rents besoins de chaque client.<\/p>\n<p>Lorsque nous parlons de hauts rendements de production, les robots anthropomorphiques sont la solution parfaite pour r\u00e9pondre aux besoins.<\/p>\n<p>Nous disposons de t\u00eates multiformat pour le montage ou le d\u00e9ballage de produits avec des robots pour acc\u00e9l\u00e9rer les changements de format.<\/p>\n","protected":false},"featured_media":3040,"template":"","meta":{"_acf_changed":false},"sector":[157,158,154,153,181,171,159,178,180,155,150,168,173,149,169,182,170,163,179,156,164,187,174,177,151,161,184,189,165,167,160],"product_brand":[],"product_cat":[88,93],"product_tag":[],"class_list":{"0":"post-3788","1":"product","2":"type-product","3":"status-publish","4":"has-post-thumbnail","6":"sector-aceite","7":"sector-agua","8":"sector-alimentacion","9":"sector-automocion","10":"sector-azucar","11":"sector-bandas-depilatorias","12":"sector-bodegas","13":"sector-cafe","14":"sector-conservas","15":"sector-construccion","16":"sector-cosmetica","17":"sector-cremas","18":"sector-detergentes","19":"sector-embotellado","20":"sector-estuches","21":"sector-galletas","22":"sector-higiene","23":"sector-horchata","24":"sector-huevos","25":"sector-jardineria","26":"sector-licores","27":"sector-pintura","28":"sector-productos-de-limpieza","29":"sector-productos-de-limpieza-2","30":"sector-quimico","31":"sector-refrescos","32":"sector-reposteria","33":"sector-semillas","34":"sector-sidra","35":"sector-tarros","36":"sector-zumos","37":"product_cat-encaisseuses-de-type-b1","38":"product_cat-solutions-avec-des-robots","40":"first","41":"instock","42":"shipping-taxable","43":"product-type-simple"},"acf":[],"yoast_head":"<!-- This site is optimized with the Yoast SEO plugin v27.5 - https:\/\/yoast.com\/product\/yoast-seo-wordpress\/ -->\n<title>ENC-9600 - Jorpack\u00ae<\/title>\n<meta name=\"robots\" content=\"index, follow, max-snippet:-1, max-image-preview:large, max-video-preview:-1\" \/>\n<link rel=\"canonical\" href=\"https:\/\/jorpack.com\/fr\/robots\/encaisseuses-caisses-type-b1-americaine\/enc-9600\/\" \/>\n<meta property=\"og:locale\" content=\"fr_FR\" \/>\n<meta property=\"og:type\" content=\"article\" \/>\n<meta property=\"og:title\" content=\"ENC-9600 - Jorpack\u00ae\" \/>\n<meta property=\"og:description\" content=\"Solutions D\u2019Encaissage - D\u00e9caisseuse avec Robot  Chez Jorpack, nous proposons diff\u00e9rentes solutions d\u2019encaissage ou d\u00e9caissage des produits  Pour l\u2019encaissage ou le d\u00e9caissage de produits dans des caisses, des plateaux d\u2019affichage ou des caisses de produits r\u00e9versibles dans des productions \u00e9lev\u00e9es, nous disposons de solutions de robots d\u2019encaissement pour diff\u00e9rentes applications.  La polyvalence offerte par la robotique nous permet d\u2019adapter les projets aux diff\u00e9rents besoins de chaque client.  Lorsque nous parlons de hauts rendements de production, les robots anthropomorphiques sont la solution parfaite pour r\u00e9pondre aux besoins.  Nous disposons de t\u00eates multiformat pour le montage ou le d\u00e9ballage de produits avec des robots pour acc\u00e9l\u00e9rer les changements de format.\" \/>\n<meta property=\"og:url\" content=\"https:\/\/jorpack.com\/fr\/robots\/encaisseuses-caisses-type-b1-americaine\/enc-9600\/\" \/>\n<meta property=\"og:site_name\" content=\"Jorpack\u00ae\" \/>\n<meta property=\"article:modified_time\" content=\"2024-10-16T10:18:39+00:00\" \/>\n<meta property=\"og:image\" content=\"https:\/\/jorpack.com\/wp-content\/uploads\/2022\/05\/robot-encajador-caja-y-bandeja-jorpack-ENC-9600.jpg\" \/>\n\t<meta property=\"og:image:width\" content=\"1024\" \/>\n\t<meta property=\"og:image:height\" content=\"1024\" \/>\n\t<meta property=\"og:image:type\" content=\"image\/jpeg\" \/>\n<meta name=\"twitter:card\" content=\"summary_large_image\" \/>\n<meta name=\"twitter:label1\" content=\"Dur\u00e9e de lecture estim\u00e9e\" \/>\n\t<meta name=\"twitter:data1\" content=\"2 minutes\" \/>\n<script type=\"application\/ld+json\" class=\"yoast-schema-graph\">{\"@context\":\"https:\\\/\\\/schema.org\",\"@graph\":[{\"@type\":\"WebPage\",\"@id\":\"https:\\\/\\\/jorpack.com\\\/fr\\\/robots\\\/encaisseuses-caisses-type-b1-americaine\\\/enc-9600\\\/\",\"url\":\"https:\\\/\\\/jorpack.com\\\/fr\\\/robots\\\/encaisseuses-caisses-type-b1-americaine\\\/enc-9600\\\/\",\"name\":\"ENC-9600 - Jorpack\u00ae\",\"isPartOf\":{\"@id\":\"https:\\\/\\\/jorpack.com\\\/fr\\\/#website\"},\"primaryImageOfPage\":{\"@id\":\"https:\\\/\\\/jorpack.com\\\/fr\\\/robots\\\/encaisseuses-caisses-type-b1-americaine\\\/enc-9600\\\/#primaryimage\"},\"image\":{\"@id\":\"https:\\\/\\\/jorpack.com\\\/fr\\\/robots\\\/encaisseuses-caisses-type-b1-americaine\\\/enc-9600\\\/#primaryimage\"},\"thumbnailUrl\":\"https:\\\/\\\/jorpack.com\\\/wp-content\\\/uploads\\\/2022\\\/05\\\/robot-encajador-caja-y-bandeja-jorpack-ENC-9600.jpg\",\"datePublished\":\"2022-09-12T07:33:36+00:00\",\"dateModified\":\"2024-10-16T10:18:39+00:00\",\"breadcrumb\":{\"@id\":\"https:\\\/\\\/jorpack.com\\\/fr\\\/robots\\\/encaisseuses-caisses-type-b1-americaine\\\/enc-9600\\\/#breadcrumb\"},\"inLanguage\":\"fr-FR\",\"potentialAction\":[{\"@type\":\"ReadAction\",\"target\":[\"https:\\\/\\\/jorpack.com\\\/fr\\\/robots\\\/encaisseuses-caisses-type-b1-americaine\\\/enc-9600\\\/\"]}]},{\"@type\":\"ImageObject\",\"inLanguage\":\"fr-FR\",\"@id\":\"https:\\\/\\\/jorpack.com\\\/fr\\\/robots\\\/encaisseuses-caisses-type-b1-americaine\\\/enc-9600\\\/#primaryimage\",\"url\":\"https:\\\/\\\/jorpack.com\\\/wp-content\\\/uploads\\\/2022\\\/05\\\/robot-encajador-caja-y-bandeja-jorpack-ENC-9600.jpg\",\"contentUrl\":\"https:\\\/\\\/jorpack.com\\\/wp-content\\\/uploads\\\/2022\\\/05\\\/robot-encajador-caja-y-bandeja-jorpack-ENC-9600.jpg\",\"width\":1024,\"height\":1024,\"caption\":\"ENC9600 robot encajador\"},{\"@type\":\"BreadcrumbList\",\"@id\":\"https:\\\/\\\/jorpack.com\\\/fr\\\/robots\\\/encaisseuses-caisses-type-b1-americaine\\\/enc-9600\\\/#breadcrumb\",\"itemListElement\":[{\"@type\":\"ListItem\",\"position\":1,\"name\":\"Portada\",\"item\":\"https:\\\/\\\/jorpack.com\\\/fr\\\/\"},{\"@type\":\"ListItem\",\"position\":2,\"name\":\"Tienda\",\"item\":\"https:\\\/\\\/jorpack.com\\\/tienda\\\/\"},{\"@type\":\"ListItem\",\"position\":3,\"name\":\"ENC-9600\"}]},{\"@type\":\"WebSite\",\"@id\":\"https:\\\/\\\/jorpack.com\\\/fr\\\/#website\",\"url\":\"https:\\\/\\\/jorpack.com\\\/fr\\\/\",\"name\":\"Jorpack\u00ae\",\"description\":\"Amplia selecci\u00f3n de Formadoras\",\"publisher\":{\"@id\":\"https:\\\/\\\/jorpack.com\\\/fr\\\/#organization\"},\"potentialAction\":[{\"@type\":\"SearchAction\",\"target\":{\"@type\":\"EntryPoint\",\"urlTemplate\":\"https:\\\/\\\/jorpack.com\\\/fr\\\/?s={search_term_string}\"},\"query-input\":{\"@type\":\"PropertyValueSpecification\",\"valueRequired\":true,\"valueName\":\"search_term_string\"}}],\"inLanguage\":\"fr-FR\"},{\"@type\":\"Organization\",\"@id\":\"https:\\\/\\\/jorpack.com\\\/fr\\\/#organization\",\"name\":\"Jorpack\u00ae\",\"url\":\"https:\\\/\\\/jorpack.com\\\/fr\\\/\",\"logo\":{\"@type\":\"ImageObject\",\"inLanguage\":\"fr-FR\",\"@id\":\"https:\\\/\\\/jorpack.com\\\/fr\\\/#\\\/schema\\\/logo\\\/image\\\/\",\"url\":\"https:\\\/\\\/jorpack.com\\\/wp-content\\\/uploads\\\/2022\\\/03\\\/cropped-jorpack-logotipo.png\",\"contentUrl\":\"https:\\\/\\\/jorpack.com\\\/wp-content\\\/uploads\\\/2022\\\/03\\\/cropped-jorpack-logotipo.png\",\"width\":500,\"height\":110,\"caption\":\"Jorpack\u00ae\"},\"image\":{\"@id\":\"https:\\\/\\\/jorpack.com\\\/fr\\\/#\\\/schema\\\/logo\\\/image\\\/\"}}]}<\/script>\n<!-- \/ Yoast SEO plugin. -->","yoast_head_json":{"title":"ENC-9600 - Jorpack\u00ae","robots":{"index":"index","follow":"follow","max-snippet":"max-snippet:-1","max-image-preview":"max-image-preview:large","max-video-preview":"max-video-preview:-1"},"canonical":"https:\/\/jorpack.com\/fr\/robots\/encaisseuses-caisses-type-b1-americaine\/enc-9600\/","og_locale":"fr_FR","og_type":"article","og_title":"ENC-9600 - Jorpack\u00ae","og_description":"Solutions D\u2019Encaissage - D\u00e9caisseuse avec Robot  Chez Jorpack, nous proposons diff\u00e9rentes solutions d\u2019encaissage ou d\u00e9caissage des produits  Pour l\u2019encaissage ou le d\u00e9caissage de produits dans des caisses, des plateaux d\u2019affichage ou des caisses de produits r\u00e9versibles dans des productions \u00e9lev\u00e9es, nous disposons de solutions de robots d\u2019encaissement pour diff\u00e9rentes applications.  La polyvalence offerte par la robotique nous permet d\u2019adapter les projets aux diff\u00e9rents besoins de chaque client.  Lorsque nous parlons de hauts rendements de production, les robots anthropomorphiques sont la solution parfaite pour r\u00e9pondre aux besoins.  Nous disposons de t\u00eates multiformat pour le montage ou le d\u00e9ballage de produits avec des robots pour acc\u00e9l\u00e9rer les changements de format.","og_url":"https:\/\/jorpack.com\/fr\/robots\/encaisseuses-caisses-type-b1-americaine\/enc-9600\/","og_site_name":"Jorpack\u00ae","article_modified_time":"2024-10-16T10:18:39+00:00","og_image":[{"width":1024,"height":1024,"url":"https:\/\/jorpack.com\/wp-content\/uploads\/2022\/05\/robot-encajador-caja-y-bandeja-jorpack-ENC-9600.jpg","type":"image\/jpeg"}],"twitter_card":"summary_large_image","twitter_misc":{"Dur\u00e9e de lecture estim\u00e9e":"2 minutes"},"schema":{"@context":"https:\/\/schema.org","@graph":[{"@type":"WebPage","@id":"https:\/\/jorpack.com\/fr\/robots\/encaisseuses-caisses-type-b1-americaine\/enc-9600\/","url":"https:\/\/jorpack.com\/fr\/robots\/encaisseuses-caisses-type-b1-americaine\/enc-9600\/","name":"ENC-9600 - Jorpack\u00ae","isPartOf":{"@id":"https:\/\/jorpack.com\/fr\/#website"},"primaryImageOfPage":{"@id":"https:\/\/jorpack.com\/fr\/robots\/encaisseuses-caisses-type-b1-americaine\/enc-9600\/#primaryimage"},"image":{"@id":"https:\/\/jorpack.com\/fr\/robots\/encaisseuses-caisses-type-b1-americaine\/enc-9600\/#primaryimage"},"thumbnailUrl":"https:\/\/jorpack.com\/wp-content\/uploads\/2022\/05\/robot-encajador-caja-y-bandeja-jorpack-ENC-9600.jpg","datePublished":"2022-09-12T07:33:36+00:00","dateModified":"2024-10-16T10:18:39+00:00","breadcrumb":{"@id":"https:\/\/jorpack.com\/fr\/robots\/encaisseuses-caisses-type-b1-americaine\/enc-9600\/#breadcrumb"},"inLanguage":"fr-FR","potentialAction":[{"@type":"ReadAction","target":["https:\/\/jorpack.com\/fr\/robots\/encaisseuses-caisses-type-b1-americaine\/enc-9600\/"]}]},{"@type":"ImageObject","inLanguage":"fr-FR","@id":"https:\/\/jorpack.com\/fr\/robots\/encaisseuses-caisses-type-b1-americaine\/enc-9600\/#primaryimage","url":"https:\/\/jorpack.com\/wp-content\/uploads\/2022\/05\/robot-encajador-caja-y-bandeja-jorpack-ENC-9600.jpg","contentUrl":"https:\/\/jorpack.com\/wp-content\/uploads\/2022\/05\/robot-encajador-caja-y-bandeja-jorpack-ENC-9600.jpg","width":1024,"height":1024,"caption":"ENC9600 robot encajador"},{"@type":"BreadcrumbList","@id":"https:\/\/jorpack.com\/fr\/robots\/encaisseuses-caisses-type-b1-americaine\/enc-9600\/#breadcrumb","itemListElement":[{"@type":"ListItem","position":1,"name":"Portada","item":"https:\/\/jorpack.com\/fr\/"},{"@type":"ListItem","position":2,"name":"Tienda","item":"https:\/\/jorpack.com\/tienda\/"},{"@type":"ListItem","position":3,"name":"ENC-9600"}]},{"@type":"WebSite","@id":"https:\/\/jorpack.com\/fr\/#website","url":"https:\/\/jorpack.com\/fr\/","name":"Jorpack\u00ae","description":"Amplia selecci\u00f3n de Formadoras","publisher":{"@id":"https:\/\/jorpack.com\/fr\/#organization"},"potentialAction":[{"@type":"SearchAction","target":{"@type":"EntryPoint","urlTemplate":"https:\/\/jorpack.com\/fr\/?s={search_term_string}"},"query-input":{"@type":"PropertyValueSpecification","valueRequired":true,"valueName":"search_term_string"}}],"inLanguage":"fr-FR"},{"@type":"Organization","@id":"https:\/\/jorpack.com\/fr\/#organization","name":"Jorpack\u00ae","url":"https:\/\/jorpack.com\/fr\/","logo":{"@type":"ImageObject","inLanguage":"fr-FR","@id":"https:\/\/jorpack.com\/fr\/#\/schema\/logo\/image\/","url":"https:\/\/jorpack.com\/wp-content\/uploads\/2022\/03\/cropped-jorpack-logotipo.png","contentUrl":"https:\/\/jorpack.com\/wp-content\/uploads\/2022\/03\/cropped-jorpack-logotipo.png","width":500,"height":110,"caption":"Jorpack\u00ae"},"image":{"@id":"https:\/\/jorpack.com\/fr\/#\/schema\/logo\/image\/"}}]}},"_links":{"self":[{"href":"https:\/\/jorpack.com\/fr\/wp-json\/wp\/v2\/product\/3788","targetHints":{"allow":["GET"]}}],"collection":[{"href":"https:\/\/jorpack.com\/fr\/wp-json\/wp\/v2\/product"}],"about":[{"href":"https:\/\/jorpack.com\/fr\/wp-json\/wp\/v2\/types\/product"}],"wp:featuredmedia":[{"embeddable":true,"href":"https:\/\/jorpack.com\/fr\/wp-json\/wp\/v2\/media\/3040"}],"wp:attachment":[{"href":"https:\/\/jorpack.com\/fr\/wp-json\/wp\/v2\/media?parent=3788"}],"wp:term":[{"taxonomy":"sector","embeddable":true,"href":"https:\/\/jorpack.com\/fr\/wp-json\/wp\/v2\/sector?post=3788"},{"taxonomy":"product_brand","embeddable":true,"href":"https:\/\/jorpack.com\/fr\/wp-json\/wp\/v2\/product_brand?post=3788"},{"taxonomy":"product_cat","embeddable":true,"href":"https:\/\/jorpack.com\/fr\/wp-json\/wp\/v2\/product_cat?post=3788"},{"taxonomy":"product_tag","embeddable":true,"href":"https:\/\/jorpack.com\/fr\/wp-json\/wp\/v2\/product_tag?post=3788"}],"curies":[{"name":"wp","href":"https:\/\/api.w.org\/{rel}","templated":true}]}}