{"id":3786,"date":"2022-04-20T09:50:23","date_gmt":"2022-09-12T07:14:10","guid":{"rendered":"https:\/\/jorpack.com\/?post_type=product&#038;p=3786"},"modified":"2025-02-20T11:27:32","modified_gmt":"2025-02-20T11:27:32","slug":"enc-850","status":"publish","type":"product","link":"https:\/\/jorpack.com\/fr\/encaisseuses-caisses-type-b1-americaine\/enc-850\/","title":{"rendered":"ENC-850"},"content":{"rendered":"<div class=\"wpb-content-wrapper\"><p>[vc_section css=\u00a0\u00bb.vc_custom_1650361358445{margin-top: 0px !important;}\u00a0\u00bb el_class=\u00a0\u00bbficha-tecnica\u00a0\u00bb][vc_row][vc_column width=\u00a0\u00bb5\/6&Prime;][vc_toggle title=\u00a0\u00bbPlus d&rsquo;informations\u00a0\u00bb]Possibilit\u00e9 d\u2019inclure dans l\u2019encaisseuse un distributeur de produit pour ne pas endommager le produit, ni des \u00e9tiquettes dans la classification des diff\u00e9rents rails de produit, avant de r\u00e9aliser les diff\u00e9rents groupes d\u2019emballages selon le format \u00e0 adapter.<\/p>\n<p>Comprend un convoyeur d\u2019entr\u00e9e ou de sortie de produit et un convoyeur d\u2019entr\u00e9e ou de sortie de carton ou de plateau.<\/p>\n<p>La polyvalence offerte par ce mod\u00e8le d\u2019encaissage Jorpack permet de r\u00e9aliser la fonction de machine encaisseuse des produits ou bien la fonction inverse, c\u2019est-\u00e0-dire de d\u00e9rouleur de produits.<\/p>\n<p>La fonction de d\u00e9caisseuse est souvent utilis\u00e9e pour la r\u00e9utilisation des r\u00e9cipients en verre, qui sont ensuite lav\u00e9s afin de promouvoir la durabilit\u00e9 des emballages.[\/vc_toggle][vc_toggle title=\u00a0\u00bbProduction\u00a0\u00bb]250 cycles\/heure[\/vc_toggle][vc_toggle title=\u00a0\u00bbAccessoires Inclus\u00a0\u00bb]- Comprend la grille de centrage de caisses pour une pr\u00e9cision maximale dans l\u2019encaissage ou le d\u00e9caissage du produit.[\/vc_toggle][vc_toggle title=\u00a0\u00bbEn option\u00a0\u00bb el_class=\u00a0\u00bbfaq-palet\u00a0\u00bb]<\/p>\n<div class=\"cont-flex\">\n<p style=\"text-align: left;\"><img decoding=\"async\" class=\"alignnone size-full wp-image-1697\" src=\"https:\/\/jorpack.com\/wp-content\/uploads\/2022\/04\/parillas-centradoras-encajadoras-b1.png\" alt=\"\" width=\"181\" height=\"180\" srcset=\"https:\/\/jorpack.com\/wp-content\/uploads\/2022\/04\/parillas-centradoras-encajadoras-b1.png 181w, https:\/\/jorpack.com\/wp-content\/uploads\/2022\/04\/parillas-centradoras-encajadoras-b1-150x150.png 150w, https:\/\/jorpack.com\/wp-content\/uploads\/2022\/04\/parillas-centradoras-encajadoras-b1-100x100.png 100w\" sizes=\"(max-width: 181px) 100vw, 181px\" \/><br \/>\nGrilles de centrage sp\u00e9ciales pour les caisses de carton avec grille int\u00e9gr\u00e9e.<\/p>\n<p style=\"text-align: left;\"><img decoding=\"async\" class=\"alignnone size-full wp-image-1692\" src=\"https:\/\/jorpack.com\/wp-content\/uploads\/2022\/04\/cabezal-encajado-multiformato-encajadoras-b1.png\" alt=\"\" width=\"180\" height=\"180\" srcset=\"https:\/\/jorpack.com\/wp-content\/uploads\/2022\/04\/cabezal-encajado-multiformato-encajadoras-b1.png 180w, https:\/\/jorpack.com\/wp-content\/uploads\/2022\/04\/cabezal-encajado-multiformato-encajadoras-b1-150x150.png 150w, https:\/\/jorpack.com\/wp-content\/uploads\/2022\/04\/cabezal-encajado-multiformato-encajadoras-b1-100x100.png 100w\" sizes=\"(max-width: 180px) 100vw, 180px\" \/><br \/>\nT\u00eate de montage multiformat.<\/p>\n<p style=\"text-align: left;\"><img decoding=\"async\" class=\"alignnone size-full wp-image-1693\" src=\"https:\/\/jorpack.com\/wp-content\/uploads\/2022\/04\/distribuidor-producto-para-clasificar-envases-encajado-b1.png\" alt=\"\" width=\"181\" height=\"180\" srcset=\"https:\/\/jorpack.com\/wp-content\/uploads\/2022\/04\/distribuidor-producto-para-clasificar-envases-encajado-b1.png 181w, https:\/\/jorpack.com\/wp-content\/uploads\/2022\/04\/distribuidor-producto-para-clasificar-envases-encajado-b1-150x150.png 150w, https:\/\/jorpack.com\/wp-content\/uploads\/2022\/04\/distribuidor-producto-para-clasificar-envases-encajado-b1-100x100.png 100w\" sizes=\"(max-width: 181px) 100vw, 181px\" \/><br \/>\nDistributeur de produits pour le tri des emballages sur les diff\u00e9rentes voies avant leur regroupement ult\u00e9rieur dans les diff\u00e9rents formats.<\/p>\n<p style=\"text-align: left;\"><img decoding=\"async\" class=\"alignnone size-full wp-image-1694\" src=\"https:\/\/jorpack.com\/wp-content\/uploads\/2022\/04\/insertador-de-cestas-encajado-b1.png\" alt=\"\" width=\"181\" height=\"180\" srcset=\"https:\/\/jorpack.com\/wp-content\/uploads\/2022\/04\/insertador-de-cestas-encajado-b1.png 181w, https:\/\/jorpack.com\/wp-content\/uploads\/2022\/04\/insertador-de-cestas-encajado-b1-150x150.png 150w, https:\/\/jorpack.com\/wp-content\/uploads\/2022\/04\/insertador-de-cestas-encajado-b1-100x100.png 100w\" sizes=\"(max-width: 181px) 100vw, 181px\" \/><br \/>\nInsertion des paniers dans les cartons, avant l\u2019encaissage du produit.<\/p>\n<\/div>\n<p>[\/vc_toggle][vc_raw_html]W1Nhc3N5X1NvY2lhbF9TaGFyZSB0aXRsZT0iUGFydGFnZXIiXQ==[\/vc_raw_html][\/vc_column][vc_column width=\u00a0\u00bb1\/6&Prime;][vc_single_image image=\u00a0\u00bb4340&Prime; add_caption=\u00a0\u00bbyes\u00a0\u00bb alignment=\u00a0\u00bbcenter\u00a0\u00bb]<div class=\"ult-content-box-container \" >\t\t<div class=\"ult-content-box\" style=\"box-shadow: px px px px none;-webkit-transition: all 700ms ease;-moz-transition: all 700ms ease;-ms-transition: all 700ms ease;-o-transition: all 700ms ease;transition: all 700ms ease;\"  data-hover_box_shadow=\"none\"    >[vc_single_image image=\u00a0\u00bb645&Prime; alignment=\u00a0\u00bbcenter\u00a0\u00bb css=\u00a0\u00bb.vc_custom_1648732644686{margin-bottom: 10px !important;}\u00a0\u00bb][vc_column_text]<\/p>\n<p style=\"text-align: center;\"><span style=\"color: #394049;\">Fiche technique<br \/>\nDESP-4000<\/span><\/p>\n<p>[\/vc_column_text]\t\t<\/div><\/div>[\/vc_column][\/vc_row][\/vc_section][vc_section][vc_row gap=\u00a0\u00bb35&Prime;][vc_column width=\u00a0\u00bb3\/4&Prime; el_class=\u00a0\u00bbproductos-sugeridos\u00a0\u00bb][vc_column_text]<\/p>\n<h3>Compl\u00e9ter la ligne avec:<\/h3>\n<p>[\/vc_column_text][vc_basic_grid post_type=\u00a0\u00bbids\u00a0\u00bb element_width=\u00a0\u00bb3&Prime; gap=\u00a0\u00bb35&Prime; item=\u00a0\u00bb1394&Prime; grid_id=\u00a0\u00bbvc_gid:1663922051584-9e8e9f1a-34c0-7&Prime; include=\u00a0\u00bb1532, 1536, 1409&Prime;][\/vc_column][vc_column width=\u00a0\u00bb1\/4&Prime; el_class=\u00a0\u00bbproductos-relacionados\u00a0\u00bb][vc_column_text]<\/p>\n<h3>Produits associ\u00e9s:<\/h3>\n<p>[\/vc_column_text][vc_column_text]<a href=\"https:\/\/www.jorpack.com\/fr\/encaisseuses-caisses-type-b1-am\u00e9ricaine\/mb-875 \">MB-875<\/a><\/p>\n<p><a href=\"https:\/\/www.jorpack.com\/fr\/encaisseuses-caisses-type-b1-am\u00e9ricaine\/enc-9500 \">ENC-9500<\/a><\/p>\n<p><a href=\"https:\/\/www.jorpack.com\/fr\/robots\/encaisseuses-caisses-type-b1-am\u00e9ricaine\/enc-9600 \">ENC-9600<\/a>[\/vc_column_text][\/vc_column][\/vc_row][\/vc_section]<\/p>\n<\/div>","protected":false},"excerpt":{"rendered":"<p>Encaisseuse \u2013 D\u00e9caisseuse M\u00e9canique<\/p>\n<p>Les encaisseuses \u2013 d\u00e9caisseuses automatiques Jorpack se distinguent par leurs petites dimensions.<\/p>\n<p>Sa fonction principale est l\u2019encaissage et d\u00e9caissage de tout emballage susceptible d\u2019\u00eatre encaiss\u00e9 ou d\u00e9caiss\u00e9 dans une caisse en carton de type B1, un plateau d\u2019affichage ou une caisse en plastique de produit r\u00e9versible.<\/p>\n<p>L\u2019encaisseuse de Jorpack ENC-850 permet d\u2019int\u00e9grer diff\u00e9rentes t\u00eates dans la m\u00eame machine ou d\u2019int\u00e9grer une t\u00eate r\u00e9glable multiformat pour \u00e9viter tout changement de format.<\/p>\n<p><strong>Les changements de format sont tr\u00e8s courts et r\u00e9gul\u00e9s, pour \u00eatre plus simples et plus agiles.<\/strong><\/p>\n","protected":false},"featured_media":14702,"template":"","meta":{"_acf_changed":false},"sector":[157,158,154,153,181,171,176,159,178,180,155,150,168,173,149,169,152,182,170,163,179,156,164,187,174,177,151,161,184,189,165,175,167,160],"product_brand":[],"product_cat":[88],"product_tag":[],"class_list":{"0":"post-3786","1":"product","2":"type-product","3":"status-publish","4":"has-post-thumbnail","6":"sector-aceite","7":"sector-agua","8":"sector-alimentacion","9":"sector-automocion","10":"sector-azucar","11":"sector-bandas-depilatorias","12":"sector-blisters","13":"sector-bodegas","14":"sector-cafe","15":"sector-conservas","16":"sector-construccion","17":"sector-cosmetica","18":"sector-cremas","19":"sector-detergentes","20":"sector-embotellado","21":"sector-estuches","22":"sector-farmacia","23":"sector-galletas","24":"sector-higiene","25":"sector-horchata","26":"sector-huevos","27":"sector-jardineria","28":"sector-licores","29":"sector-pintura","30":"sector-productos-de-limpieza","31":"sector-productos-de-limpieza-2","32":"sector-quimico","33":"sector-refrescos","34":"sector-reposteria","35":"sector-semillas","36":"sector-sidra","37":"sector-sueros","38":"sector-tarros","39":"sector-zumos","40":"product_cat-encaisseuses-de-type-b1","42":"first","43":"instock","44":"shipping-taxable","45":"product-type-simple"},"acf":[],"yoast_head":"<!-- This site is optimized with the Yoast SEO plugin v27.5 - https:\/\/yoast.com\/product\/yoast-seo-wordpress\/ -->\n<title>ENC-850 - Jorpack\u00ae<\/title>\n<meta name=\"robots\" content=\"index, follow, max-snippet:-1, max-image-preview:large, max-video-preview:-1\" \/>\n<link rel=\"canonical\" href=\"https:\/\/jorpack.com\/fr\/encaisseuses-caisses-type-b1-americaine\/enc-850\/\" \/>\n<meta property=\"og:locale\" content=\"fr_FR\" \/>\n<meta property=\"og:type\" content=\"article\" \/>\n<meta property=\"og:title\" content=\"ENC-850 - Jorpack\u00ae\" \/>\n<meta property=\"og:description\" content=\"Encaisseuse \u2013 D\u00e9caisseuse M\u00e9canique  Les encaisseuses \u2013 d\u00e9caisseuses automatiques Jorpack se distinguent par leurs petites dimensions.  Sa fonction principale est l\u2019encaissage et d\u00e9caissage de tout emballage susceptible d\u2019\u00eatre encaiss\u00e9 ou d\u00e9caiss\u00e9 dans une caisse en carton de type B1, un plateau d\u2019affichage ou une caisse en plastique de produit r\u00e9versible.  L\u2019encaisseuse de Jorpack ENC-850 permet d\u2019int\u00e9grer diff\u00e9rentes t\u00eates dans la m\u00eame machine ou d\u2019int\u00e9grer une t\u00eate r\u00e9glable multiformat pour \u00e9viter tout changement de format.  Les changements de format sont tr\u00e8s courts et r\u00e9gul\u00e9s, pour \u00eatre plus simples et plus agiles.\" \/>\n<meta property=\"og:url\" content=\"https:\/\/jorpack.com\/fr\/encaisseuses-caisses-type-b1-americaine\/enc-850\/\" \/>\n<meta property=\"og:site_name\" content=\"Jorpack\u00ae\" \/>\n<meta property=\"article:modified_time\" content=\"2025-02-20T11:27:32+00:00\" \/>\n<meta property=\"og:image\" content=\"https:\/\/jorpack.com\/wp-content\/uploads\/2024\/09\/encajadora-desencajadora-caja-tipo-b1-jorpack-ENC-850-scaled.webp\" \/>\n\t<meta property=\"og:image:width\" content=\"2560\" \/>\n\t<meta property=\"og:image:height\" content=\"2560\" \/>\n\t<meta property=\"og:image:type\" content=\"image\/webp\" \/>\n<meta name=\"twitter:card\" content=\"summary_large_image\" \/>\n<meta name=\"twitter:label1\" content=\"Dur\u00e9e de lecture estim\u00e9e\" \/>\n\t<meta name=\"twitter:data1\" content=\"3 minutes\" \/>\n<script type=\"application\/ld+json\" class=\"yoast-schema-graph\">{\"@context\":\"https:\\\/\\\/schema.org\",\"@graph\":[{\"@type\":\"WebPage\",\"@id\":\"https:\\\/\\\/jorpack.com\\\/fr\\\/encaisseuses-caisses-type-b1-americaine\\\/enc-850\\\/\",\"url\":\"https:\\\/\\\/jorpack.com\\\/fr\\\/encaisseuses-caisses-type-b1-americaine\\\/enc-850\\\/\",\"name\":\"ENC-850 - Jorpack\u00ae\",\"isPartOf\":{\"@id\":\"https:\\\/\\\/jorpack.com\\\/fr\\\/#website\"},\"primaryImageOfPage\":{\"@id\":\"https:\\\/\\\/jorpack.com\\\/fr\\\/encaisseuses-caisses-type-b1-americaine\\\/enc-850\\\/#primaryimage\"},\"image\":{\"@id\":\"https:\\\/\\\/jorpack.com\\\/fr\\\/encaisseuses-caisses-type-b1-americaine\\\/enc-850\\\/#primaryimage\"},\"thumbnailUrl\":\"https:\\\/\\\/jorpack.com\\\/wp-content\\\/uploads\\\/2022\\\/04\\\/encajadora-desencajadora-caja-tipo-b1-jorpack-ENC-850-1.webp\",\"datePublished\":\"2022-09-12T07:14:10+00:00\",\"dateModified\":\"2025-02-20T11:27:32+00:00\",\"breadcrumb\":{\"@id\":\"https:\\\/\\\/jorpack.com\\\/fr\\\/encaisseuses-caisses-type-b1-americaine\\\/enc-850\\\/#breadcrumb\"},\"inLanguage\":\"fr-FR\",\"potentialAction\":[{\"@type\":\"ReadAction\",\"target\":[\"https:\\\/\\\/jorpack.com\\\/fr\\\/encaisseuses-caisses-type-b1-americaine\\\/enc-850\\\/\"]}]},{\"@type\":\"ImageObject\",\"inLanguage\":\"fr-FR\",\"@id\":\"https:\\\/\\\/jorpack.com\\\/fr\\\/encaisseuses-caisses-type-b1-americaine\\\/enc-850\\\/#primaryimage\",\"url\":\"https:\\\/\\\/jorpack.com\\\/wp-content\\\/uploads\\\/2022\\\/04\\\/encajadora-desencajadora-caja-tipo-b1-jorpack-ENC-850-1.webp\",\"contentUrl\":\"https:\\\/\\\/jorpack.com\\\/wp-content\\\/uploads\\\/2022\\\/04\\\/encajadora-desencajadora-caja-tipo-b1-jorpack-ENC-850-1.webp\",\"width\":1500,\"height\":1500,\"caption\":\"encajadora-desencajadora-caja-tipo-b1-jorpack-ENC-850\"},{\"@type\":\"BreadcrumbList\",\"@id\":\"https:\\\/\\\/jorpack.com\\\/fr\\\/encaisseuses-caisses-type-b1-americaine\\\/enc-850\\\/#breadcrumb\",\"itemListElement\":[{\"@type\":\"ListItem\",\"position\":1,\"name\":\"Portada\",\"item\":\"https:\\\/\\\/jorpack.com\\\/fr\\\/\"},{\"@type\":\"ListItem\",\"position\":2,\"name\":\"Tienda\",\"item\":\"https:\\\/\\\/jorpack.com\\\/tienda\\\/\"},{\"@type\":\"ListItem\",\"position\":3,\"name\":\"ENC-850\"}]},{\"@type\":\"WebSite\",\"@id\":\"https:\\\/\\\/jorpack.com\\\/fr\\\/#website\",\"url\":\"https:\\\/\\\/jorpack.com\\\/fr\\\/\",\"name\":\"Jorpack\u00ae\",\"description\":\"Amplia selecci\u00f3n de Formadoras\",\"publisher\":{\"@id\":\"https:\\\/\\\/jorpack.com\\\/fr\\\/#organization\"},\"potentialAction\":[{\"@type\":\"SearchAction\",\"target\":{\"@type\":\"EntryPoint\",\"urlTemplate\":\"https:\\\/\\\/jorpack.com\\\/fr\\\/?s={search_term_string}\"},\"query-input\":{\"@type\":\"PropertyValueSpecification\",\"valueRequired\":true,\"valueName\":\"search_term_string\"}}],\"inLanguage\":\"fr-FR\"},{\"@type\":\"Organization\",\"@id\":\"https:\\\/\\\/jorpack.com\\\/fr\\\/#organization\",\"name\":\"Jorpack\u00ae\",\"url\":\"https:\\\/\\\/jorpack.com\\\/fr\\\/\",\"logo\":{\"@type\":\"ImageObject\",\"inLanguage\":\"fr-FR\",\"@id\":\"https:\\\/\\\/jorpack.com\\\/fr\\\/#\\\/schema\\\/logo\\\/image\\\/\",\"url\":\"https:\\\/\\\/jorpack.com\\\/wp-content\\\/uploads\\\/2022\\\/03\\\/cropped-jorpack-logotipo.png\",\"contentUrl\":\"https:\\\/\\\/jorpack.com\\\/wp-content\\\/uploads\\\/2022\\\/03\\\/cropped-jorpack-logotipo.png\",\"width\":500,\"height\":110,\"caption\":\"Jorpack\u00ae\"},\"image\":{\"@id\":\"https:\\\/\\\/jorpack.com\\\/fr\\\/#\\\/schema\\\/logo\\\/image\\\/\"}}]}<\/script>\n<!-- \/ Yoast SEO plugin. -->","yoast_head_json":{"title":"ENC-850 - Jorpack\u00ae","robots":{"index":"index","follow":"follow","max-snippet":"max-snippet:-1","max-image-preview":"max-image-preview:large","max-video-preview":"max-video-preview:-1"},"canonical":"https:\/\/jorpack.com\/fr\/encaisseuses-caisses-type-b1-americaine\/enc-850\/","og_locale":"fr_FR","og_type":"article","og_title":"ENC-850 - Jorpack\u00ae","og_description":"Encaisseuse \u2013 D\u00e9caisseuse M\u00e9canique  Les encaisseuses \u2013 d\u00e9caisseuses automatiques Jorpack se distinguent par leurs petites dimensions.  Sa fonction principale est l\u2019encaissage et d\u00e9caissage de tout emballage susceptible d\u2019\u00eatre encaiss\u00e9 ou d\u00e9caiss\u00e9 dans une caisse en carton de type B1, un plateau d\u2019affichage ou une caisse en plastique de produit r\u00e9versible.  L\u2019encaisseuse de Jorpack ENC-850 permet d\u2019int\u00e9grer diff\u00e9rentes t\u00eates dans la m\u00eame machine ou d\u2019int\u00e9grer une t\u00eate r\u00e9glable multiformat pour \u00e9viter tout changement de format.  Les changements de format sont tr\u00e8s courts et r\u00e9gul\u00e9s, pour \u00eatre plus simples et plus agiles.","og_url":"https:\/\/jorpack.com\/fr\/encaisseuses-caisses-type-b1-americaine\/enc-850\/","og_site_name":"Jorpack\u00ae","article_modified_time":"2025-02-20T11:27:32+00:00","og_image":[{"width":2560,"height":2560,"url":"https:\/\/jorpack.com\/wp-content\/uploads\/2024\/09\/encajadora-desencajadora-caja-tipo-b1-jorpack-ENC-850-scaled.webp","type":"image\/webp"}],"twitter_card":"summary_large_image","twitter_misc":{"Dur\u00e9e de lecture estim\u00e9e":"3 minutes"},"schema":{"@context":"https:\/\/schema.org","@graph":[{"@type":"WebPage","@id":"https:\/\/jorpack.com\/fr\/encaisseuses-caisses-type-b1-americaine\/enc-850\/","url":"https:\/\/jorpack.com\/fr\/encaisseuses-caisses-type-b1-americaine\/enc-850\/","name":"ENC-850 - Jorpack\u00ae","isPartOf":{"@id":"https:\/\/jorpack.com\/fr\/#website"},"primaryImageOfPage":{"@id":"https:\/\/jorpack.com\/fr\/encaisseuses-caisses-type-b1-americaine\/enc-850\/#primaryimage"},"image":{"@id":"https:\/\/jorpack.com\/fr\/encaisseuses-caisses-type-b1-americaine\/enc-850\/#primaryimage"},"thumbnailUrl":"https:\/\/jorpack.com\/wp-content\/uploads\/2022\/04\/encajadora-desencajadora-caja-tipo-b1-jorpack-ENC-850-1.webp","datePublished":"2022-09-12T07:14:10+00:00","dateModified":"2025-02-20T11:27:32+00:00","breadcrumb":{"@id":"https:\/\/jorpack.com\/fr\/encaisseuses-caisses-type-b1-americaine\/enc-850\/#breadcrumb"},"inLanguage":"fr-FR","potentialAction":[{"@type":"ReadAction","target":["https:\/\/jorpack.com\/fr\/encaisseuses-caisses-type-b1-americaine\/enc-850\/"]}]},{"@type":"ImageObject","inLanguage":"fr-FR","@id":"https:\/\/jorpack.com\/fr\/encaisseuses-caisses-type-b1-americaine\/enc-850\/#primaryimage","url":"https:\/\/jorpack.com\/wp-content\/uploads\/2022\/04\/encajadora-desencajadora-caja-tipo-b1-jorpack-ENC-850-1.webp","contentUrl":"https:\/\/jorpack.com\/wp-content\/uploads\/2022\/04\/encajadora-desencajadora-caja-tipo-b1-jorpack-ENC-850-1.webp","width":1500,"height":1500,"caption":"encajadora-desencajadora-caja-tipo-b1-jorpack-ENC-850"},{"@type":"BreadcrumbList","@id":"https:\/\/jorpack.com\/fr\/encaisseuses-caisses-type-b1-americaine\/enc-850\/#breadcrumb","itemListElement":[{"@type":"ListItem","position":1,"name":"Portada","item":"https:\/\/jorpack.com\/fr\/"},{"@type":"ListItem","position":2,"name":"Tienda","item":"https:\/\/jorpack.com\/tienda\/"},{"@type":"ListItem","position":3,"name":"ENC-850"}]},{"@type":"WebSite","@id":"https:\/\/jorpack.com\/fr\/#website","url":"https:\/\/jorpack.com\/fr\/","name":"Jorpack\u00ae","description":"Amplia selecci\u00f3n de Formadoras","publisher":{"@id":"https:\/\/jorpack.com\/fr\/#organization"},"potentialAction":[{"@type":"SearchAction","target":{"@type":"EntryPoint","urlTemplate":"https:\/\/jorpack.com\/fr\/?s={search_term_string}"},"query-input":{"@type":"PropertyValueSpecification","valueRequired":true,"valueName":"search_term_string"}}],"inLanguage":"fr-FR"},{"@type":"Organization","@id":"https:\/\/jorpack.com\/fr\/#organization","name":"Jorpack\u00ae","url":"https:\/\/jorpack.com\/fr\/","logo":{"@type":"ImageObject","inLanguage":"fr-FR","@id":"https:\/\/jorpack.com\/fr\/#\/schema\/logo\/image\/","url":"https:\/\/jorpack.com\/wp-content\/uploads\/2022\/03\/cropped-jorpack-logotipo.png","contentUrl":"https:\/\/jorpack.com\/wp-content\/uploads\/2022\/03\/cropped-jorpack-logotipo.png","width":500,"height":110,"caption":"Jorpack\u00ae"},"image":{"@id":"https:\/\/jorpack.com\/fr\/#\/schema\/logo\/image\/"}}]}},"_links":{"self":[{"href":"https:\/\/jorpack.com\/fr\/wp-json\/wp\/v2\/product\/3786","targetHints":{"allow":["GET"]}}],"collection":[{"href":"https:\/\/jorpack.com\/fr\/wp-json\/wp\/v2\/product"}],"about":[{"href":"https:\/\/jorpack.com\/fr\/wp-json\/wp\/v2\/types\/product"}],"wp:featuredmedia":[{"embeddable":true,"href":"https:\/\/jorpack.com\/fr\/wp-json\/wp\/v2\/media\/14702"}],"wp:attachment":[{"href":"https:\/\/jorpack.com\/fr\/wp-json\/wp\/v2\/media?parent=3786"}],"wp:term":[{"taxonomy":"sector","embeddable":true,"href":"https:\/\/jorpack.com\/fr\/wp-json\/wp\/v2\/sector?post=3786"},{"taxonomy":"product_brand","embeddable":true,"href":"https:\/\/jorpack.com\/fr\/wp-json\/wp\/v2\/product_brand?post=3786"},{"taxonomy":"product_cat","embeddable":true,"href":"https:\/\/jorpack.com\/fr\/wp-json\/wp\/v2\/product_cat?post=3786"},{"taxonomy":"product_tag","embeddable":true,"href":"https:\/\/jorpack.com\/fr\/wp-json\/wp\/v2\/product_tag?post=3786"}],"curies":[{"name":"wp","href":"https:\/\/api.w.org\/{rel}","templated":true}]}}