{"id":3782,"date":"2022-04-19T15:26:04","date_gmt":"2022-09-09T14:18:28","guid":{"rendered":"https:\/\/jorpack.com\/?post_type=product&#038;p=3782"},"modified":"2024-10-16T11:12:31","modified_gmt":"2024-10-16T11:12:31","slug":"desp-5000","status":"publish","type":"product","link":"https:\/\/jorpack.com\/fr\/depalettiseurs\/desp-5000\/","title":{"rendered":"DESP-5000"},"content":{"rendered":"<div class=\"wpb-content-wrapper\"><p>[vc_section css=\u00a0\u00bb.vc_custom_1650361358445{margin-top: 0px !important;}\u00a0\u00bb el_class=\u00a0\u00bbficha-tecnica\u00a0\u00bb][vc_row][vc_column width=\u00a0\u00bb5\/6&Prime;][vc_toggle title=\u00a0\u00bbM\u00e9thodologie de d\u00e9palettisation\u00a0\u00bb]- <strong>D\u00e9palettiseur de matelas :<\/strong> pour d\u00e9palettiser des bouteilles en verre<\/p>\n<p>&#8211; <strong>D\u00e9palettiseur compact :<\/strong> pour d\u00e9palettiser des emballages en plastique<\/p>\n<p>&#8211; <strong>D\u00e9palettiseur aimant\u00e9<\/strong>[\/vc_toggle][vc_toggle title=\u00a0\u00bbTypes de palettes \u00e0 d\u00e9palettiser\u00a0\u00bb el_class=\u00a0\u00bbfaq-palet\u00a0\u00bb]<\/p>\n<div class=\"cont-flex\">\n<p style=\"text-align: left;\"><img decoding=\"async\" class=\"alignnone wp-image-1726 size-medium\" src=\"https:\/\/jorpack.com\/wp-content\/uploads\/2022\/04\/icono-bandeja-display-2-300x300.png\" alt=\"\" width=\"300\" height=\"300\" srcset=\"https:\/\/jorpack.com\/wp-content\/uploads\/2022\/04\/icono-bandeja-display-2-300x300.png 300w, https:\/\/jorpack.com\/wp-content\/uploads\/2022\/04\/icono-bandeja-display-2-150x150.png 150w, https:\/\/jorpack.com\/wp-content\/uploads\/2022\/04\/icono-bandeja-display-2-100x100.png 100w, https:\/\/jorpack.com\/wp-content\/uploads\/2022\/04\/icono-bandeja-display-2.png 540w\" sizes=\"(max-width: 300px) 100vw, 300px\" \/><br \/>\nPalette avec plateau<\/p>\n<p><img decoding=\"async\" class=\"alignnone wp-image-2108 size-medium\" src=\"https:\/\/jorpack.com\/wp-content\/uploads\/2022\/04\/icono-palet-con-bandeja-invertida-300x300.png\" alt=\"\" width=\"300\" height=\"300\" srcset=\"https:\/\/jorpack.com\/wp-content\/uploads\/2022\/04\/icono-palet-con-bandeja-invertida-300x300.png 300w, https:\/\/jorpack.com\/wp-content\/uploads\/2022\/04\/icono-palet-con-bandeja-invertida-150x150.png 150w, https:\/\/jorpack.com\/wp-content\/uploads\/2022\/04\/icono-palet-con-bandeja-invertida-600x600.png 600w, https:\/\/jorpack.com\/wp-content\/uploads\/2022\/04\/icono-palet-con-bandeja-invertida-100x100.png 100w, https:\/\/jorpack.com\/wp-content\/uploads\/2022\/04\/icono-palet-con-bandeja-invertida.png 721w\" sizes=\"(max-width: 300px) 100vw, 300px\" \/><br \/>\nPalette avec plateau en carton invers\u00e9<\/p>\n<p style=\"text-align: left;\"><img decoding=\"async\" class=\"alignnone wp-image-2109 size-medium\" src=\"https:\/\/jorpack.com\/wp-content\/uploads\/2022\/04\/icono-palet-con-planchas-de-carton-y-bandeja-invertida-300x300.png\" alt=\"\" width=\"300\" height=\"300\" srcset=\"https:\/\/jorpack.com\/wp-content\/uploads\/2022\/04\/icono-palet-con-planchas-de-carton-y-bandeja-invertida-300x300.png 300w, https:\/\/jorpack.com\/wp-content\/uploads\/2022\/04\/icono-palet-con-planchas-de-carton-y-bandeja-invertida-150x150.png 150w, https:\/\/jorpack.com\/wp-content\/uploads\/2022\/04\/icono-palet-con-planchas-de-carton-y-bandeja-invertida-600x600.png 600w, https:\/\/jorpack.com\/wp-content\/uploads\/2022\/04\/icono-palet-con-planchas-de-carton-y-bandeja-invertida-100x100.png 100w, https:\/\/jorpack.com\/wp-content\/uploads\/2022\/04\/icono-palet-con-planchas-de-carton-y-bandeja-invertida.png 721w\" sizes=\"(max-width: 300px) 100vw, 300px\" \/><br \/>\nPalette avec plaques en carton et plateau invers\u00e9<\/p>\n<p style=\"text-align: left;\"><img decoding=\"async\" class=\"alignnone wp-image-2107 size-medium\" src=\"https:\/\/jorpack.com\/wp-content\/uploads\/2022\/04\/icono-palet-cajas-plastico-producto-retornable-300x300.png\" alt=\"\" width=\"300\" height=\"300\" srcset=\"https:\/\/jorpack.com\/wp-content\/uploads\/2022\/04\/icono-palet-cajas-plastico-producto-retornable-300x300.png 300w, https:\/\/jorpack.com\/wp-content\/uploads\/2022\/04\/icono-palet-cajas-plastico-producto-retornable-150x150.png 150w, https:\/\/jorpack.com\/wp-content\/uploads\/2022\/04\/icono-palet-cajas-plastico-producto-retornable-600x600.png 600w, https:\/\/jorpack.com\/wp-content\/uploads\/2022\/04\/icono-palet-cajas-plastico-producto-retornable-100x100.png 100w, https:\/\/jorpack.com\/wp-content\/uploads\/2022\/04\/icono-palet-cajas-plastico-producto-retornable.png 721w\" sizes=\"(max-width: 300px) 100vw, 300px\" \/><br \/>\nPalette de caisses de plastique de produit retournable<\/p>\n<p style=\"text-align: left;\"><img decoding=\"async\" class=\"alignnone wp-image-2110 size-medium\" src=\"https:\/\/jorpack.com\/wp-content\/uploads\/2022\/04\/icono-palet-planchas-carton-y-plancha-estabilizdora-parte-superior-300x300.png\" alt=\"\" width=\"300\" height=\"300\" srcset=\"https:\/\/jorpack.com\/wp-content\/uploads\/2022\/04\/icono-palet-planchas-carton-y-plancha-estabilizdora-parte-superior-300x300.png 300w, https:\/\/jorpack.com\/wp-content\/uploads\/2022\/04\/icono-palet-planchas-carton-y-plancha-estabilizdora-parte-superior-150x150.png 150w, https:\/\/jorpack.com\/wp-content\/uploads\/2022\/04\/icono-palet-planchas-carton-y-plancha-estabilizdora-parte-superior-600x600.png 600w, https:\/\/jorpack.com\/wp-content\/uploads\/2022\/04\/icono-palet-planchas-carton-y-plancha-estabilizdora-parte-superior-100x100.png 100w, https:\/\/jorpack.com\/wp-content\/uploads\/2022\/04\/icono-palet-planchas-carton-y-plancha-estabilizdora-parte-superior.png 721w\" sizes=\"(max-width: 300px) 100vw, 300px\" \/><br \/>\nPalette avec plaques en carton et plaque stabilisatrice sur le dessus<\/p>\n<\/div>\n<p>[\/vc_toggle][vc_toggle title=\u00a0\u00bbAccessoires Inclus\u00a0\u00bb]- <strong>Comprend l\u2019extracteur de carton :<\/strong> ramasser les plateaux invers\u00e9s et les plaques de carton pour les d\u00e9poser dans un magasin de carton.[\/vc_toggle][vc_toggle title=\u00a0\u00bbOptionnel\u00a0\u00bb]- <strong>Extracteur de carton :<\/strong> ramasser les plateaux invers\u00e9s et les plaques de carton pour les d\u00e9poser dans un magasin de carton.<\/p>\n<p>&#8211; <strong>Convoyeur :<\/strong> de bouteilles, r\u00e9cipients ou cartons \u00e0 la sortie de la table d\u2019accumulation.[\/vc_toggle][vc_raw_html]W1Nhc3N5X1NvY2lhbF9TaGFyZSB0aXRsZT0iUGFydGFnZXIiXQ==[\/vc_raw_html][\/vc_column][vc_column width=\u00a0\u00bb1\/6&Prime; offset=\u00a0\u00bbvc_hidden-xs\u00a0\u00bb]<div class=\"ult-content-box-container \" >\t\t<div class=\"ult-content-box\" style=\"box-shadow: px px px px none;-webkit-transition: all 700ms ease;-moz-transition: all 700ms ease;-ms-transition: all 700ms ease;-o-transition: all 700ms ease;transition: all 700ms ease;\"  data-hover_box_shadow=\"none\"    >[vc_single_image image=\u00a0\u00bb645&Prime; alignment=\u00a0\u00bbcenter\u00a0\u00bb css=\u00a0\u00bb.vc_custom_1648732644686{margin-bottom: 10px !important;}\u00a0\u00bb][vc_column_text]<\/p>\n<p style=\"text-align: center;\"><span style=\"color: #394049;\">Fiche technique<br \/>\nDESP-4000<\/span><\/p>\n<p>[\/vc_column_text]\t\t<\/div><\/div>[\/vc_column][\/vc_row][\/vc_section][vc_section][vc_row gap=\u00a0\u00bb35&Prime;][vc_column width=\u00a0\u00bb3\/4&Prime; el_class=\u00a0\u00bbproductos-sugeridos\u00a0\u00bb][vc_column_text]<\/p>\n<h3>Compl\u00e9ter la ligne avec:<\/h3>\n<p>[\/vc_column_text][vc_basic_grid post_type=\u00a0\u00bbids\u00a0\u00bb element_width=\u00a0\u00bb3&Prime; gap=\u00a0\u00bb35&Prime; item=\u00a0\u00bb1394&Prime; grid_id=\u00a0\u00bbvc_gid:1663924962025-ede4af63-d570-4&Prime; include=\u00a0\u00bb1500, 1508, 1517&Prime;][\/vc_column][vc_column width=\u00a0\u00bb1\/4&Prime; el_class=\u00a0\u00bbproductos-relacionados\u00a0\u00bb][vc_column_text]<\/p>\n<h3>Produits associ\u00e9s:<\/h3>\n<p>[\/vc_column_text][vc_column_text]<a href=\"https:\/\/www.jorpack.com\/fr\/depalettiseurs\/desp-4000 \">DESP-4000<\/a><\/p>\n<p><a href=\"https:\/\/www.jorpack.com\/fr\/depalettiseurs\/desp-4500 \">DESP-4500<\/a><\/p>\n<p><a href=\"https:\/\/www.jorpack.com\/fr\/depalettiseurs\/desp-6000 \">DESP-6000<\/a><\/p>\n<p><a href=\"https:\/\/www.jorpack.com\/fr\/robots\/depalettiseurs\/desp-9600 \">DESP-9600<\/a>[\/vc_column_text][\/vc_column][\/vc_row][\/vc_section]<\/p>\n<\/div>","protected":false},"excerpt":{"rendered":"<p>D\u00e9palettiseur Semi-automatique<\/p>\n<p>Le D\u00e9palettiseur semi-automatique Jorpack DESP-5000 r\u00e9alise la d\u00e9palettisation deS bouteilles, r\u00e9cipients PET, r\u00e9cipients en verre ou canettes sur une table de d\u00e9palettisation de mani\u00e8re semi-automatique.<\/p>\n<p>Les D\u00e9palettiseurs semi-automatiques Jorpack se distinguent par leur robustesse et leur fiabilit\u00e9. Ils accomplissent des processus de d\u00e9palettisation jusqu\u2019\u00e0 des productions moyennes, il n\u2019y a pas de pression sur le produit pour ne pas le maltraiter.<\/p>\n<p>L\u2019introduction de la palette se fait manuellement avec la palette au sol. L\u2019op\u00e9rateur de la machine de d\u00e9palettisation DESP-5000 doit simplement valider chacune des couches \u00e0 d\u00e9palettiser et extraire la plaque ou le plateau de carton entre les couches, pour continuer automatiquement \u00e0 d\u00e9palettiser la palette.<\/p>\n<p>Ils offrent d\u2019excellentes performances dans le processus de d\u00e9palettisation avec palette au sol.<\/p>\n","protected":false},"featured_media":3054,"template":"","meta":{"_acf_changed":false},"sector":[157,158,154,153,181,171,159,178,180,155,150,168,166,172,173,149,169,182,170,163,156,164,187,174,177,151,161,189,165,167,160],"product_brand":[],"product_cat":[87],"product_tag":[],"class_list":{"0":"post-3782","1":"product","2":"type-product","3":"status-publish","4":"has-post-thumbnail","6":"sector-aceite","7":"sector-agua","8":"sector-alimentacion","9":"sector-automocion","10":"sector-azucar","11":"sector-bandas-depilatorias","12":"sector-bodegas","13":"sector-cafe","14":"sector-conservas","15":"sector-construccion","16":"sector-cosmetica","17":"sector-cremas","18":"sector-decoracion-envases","19":"sector-decoracion-envases-2","20":"sector-detergentes","21":"sector-embotellado","22":"sector-estuches","23":"sector-galletas","24":"sector-higiene","25":"sector-horchata","26":"sector-jardineria","27":"sector-licores","28":"sector-pintura","29":"sector-productos-de-limpieza","30":"sector-productos-de-limpieza-2","31":"sector-quimico","32":"sector-refrescos","33":"sector-semillas","34":"sector-sidra","35":"sector-tarros","36":"sector-zumos","37":"product_cat-depalettiseurs","39":"first","40":"instock","41":"shipping-taxable","42":"product-type-simple"},"acf":[],"yoast_head":"<!-- This site is optimized with the Yoast SEO plugin v27.2 - https:\/\/yoast.com\/product\/yoast-seo-wordpress\/ -->\n<title>DESP-5000 - Jorpack\u00ae<\/title>\n<meta name=\"robots\" content=\"index, follow, max-snippet:-1, max-image-preview:large, max-video-preview:-1\" \/>\n<link rel=\"canonical\" href=\"https:\/\/jorpack.com\/fr\/depalettiseurs\/desp-5000\/\" \/>\n<meta property=\"og:locale\" content=\"fr_FR\" \/>\n<meta property=\"og:type\" content=\"article\" \/>\n<meta property=\"og:title\" content=\"DESP-5000 - Jorpack\u00ae\" \/>\n<meta property=\"og:description\" content=\"D\u00e9palettiseur Semi-automatique  Le D\u00e9palettiseur semi-automatique Jorpack DESP-5000 r\u00e9alise la d\u00e9palettisation deS bouteilles, r\u00e9cipients PET, r\u00e9cipients en verre ou canettes sur une table de d\u00e9palettisation de mani\u00e8re semi-automatique.  Les D\u00e9palettiseurs semi-automatiques Jorpack se distinguent par leur robustesse et leur fiabilit\u00e9. Ils accomplissent des processus de d\u00e9palettisation jusqu\u2019\u00e0 des productions moyennes, il n\u2019y a pas de pression sur le produit pour ne pas le maltraiter.  L\u2019introduction de la palette se fait manuellement avec la palette au sol. L\u2019op\u00e9rateur de la machine de d\u00e9palettisation DESP-5000 doit simplement valider chacune des couches \u00e0 d\u00e9palettiser et extraire la plaque ou le plateau de carton entre les couches, pour continuer automatiquement \u00e0 d\u00e9palettiser la palette.  Ils offrent d\u2019excellentes performances dans le processus de d\u00e9palettisation avec palette au sol.\" \/>\n<meta property=\"og:url\" content=\"https:\/\/jorpack.com\/fr\/depalettiseurs\/desp-5000\/\" \/>\n<meta property=\"og:site_name\" content=\"Jorpack\u00ae\" \/>\n<meta property=\"article:modified_time\" content=\"2024-10-16T11:12:31+00:00\" \/>\n<meta property=\"og:image\" content=\"https:\/\/jorpack.com\/wp-content\/uploads\/2022\/05\/despaletizador-semiautomatico-colchones-jorpack-DESP-5000-1.jpg\" \/>\n\t<meta property=\"og:image:width\" content=\"1024\" \/>\n\t<meta property=\"og:image:height\" content=\"1024\" \/>\n\t<meta property=\"og:image:type\" content=\"image\/jpeg\" \/>\n<meta name=\"twitter:card\" content=\"summary_large_image\" \/>\n<meta name=\"twitter:label1\" content=\"Dur\u00e9e de lecture estim\u00e9e\" \/>\n\t<meta name=\"twitter:data1\" content=\"2 minutes\" \/>\n<script type=\"application\/ld+json\" class=\"yoast-schema-graph\">{\"@context\":\"https:\/\/schema.org\",\"@graph\":[{\"@type\":\"WebPage\",\"@id\":\"https:\/\/jorpack.com\/fr\/depalettiseurs\/desp-5000\/\",\"url\":\"https:\/\/jorpack.com\/fr\/depalettiseurs\/desp-5000\/\",\"name\":\"DESP-5000 - Jorpack\u00ae\",\"isPartOf\":{\"@id\":\"https:\/\/jorpack.com\/fr\/#website\"},\"primaryImageOfPage\":{\"@id\":\"https:\/\/jorpack.com\/fr\/depalettiseurs\/desp-5000\/#primaryimage\"},\"image\":{\"@id\":\"https:\/\/jorpack.com\/fr\/depalettiseurs\/desp-5000\/#primaryimage\"},\"thumbnailUrl\":\"https:\/\/jorpack.com\/wp-content\/uploads\/2022\/05\/despaletizador-semiautomatico-colchones-jorpack-DESP-5000-1.jpg\",\"datePublished\":\"2022-09-09T14:18:28+00:00\",\"dateModified\":\"2024-10-16T11:12:31+00:00\",\"breadcrumb\":{\"@id\":\"https:\/\/jorpack.com\/fr\/depalettiseurs\/desp-5000\/#breadcrumb\"},\"inLanguage\":\"fr-FR\",\"potentialAction\":[{\"@type\":\"ReadAction\",\"target\":[\"https:\/\/jorpack.com\/fr\/depalettiseurs\/desp-5000\/\"]}]},{\"@type\":\"ImageObject\",\"inLanguage\":\"fr-FR\",\"@id\":\"https:\/\/jorpack.com\/fr\/depalettiseurs\/desp-5000\/#primaryimage\",\"url\":\"https:\/\/jorpack.com\/wp-content\/uploads\/2022\/05\/despaletizador-semiautomatico-colchones-jorpack-DESP-5000-1.jpg\",\"contentUrl\":\"https:\/\/jorpack.com\/wp-content\/uploads\/2022\/05\/despaletizador-semiautomatico-colchones-jorpack-DESP-5000-1.jpg\",\"width\":1024,\"height\":1024,\"caption\":\"despaletizador semiautom\u00e1tico DESP5000\"},{\"@type\":\"BreadcrumbList\",\"@id\":\"https:\/\/jorpack.com\/fr\/depalettiseurs\/desp-5000\/#breadcrumb\",\"itemListElement\":[{\"@type\":\"ListItem\",\"position\":1,\"name\":\"Portada\",\"item\":\"https:\/\/jorpack.com\/fr\/\"},{\"@type\":\"ListItem\",\"position\":2,\"name\":\"Tienda\",\"item\":\"https:\/\/jorpack.com\/tienda\/\"},{\"@type\":\"ListItem\",\"position\":3,\"name\":\"DESP-5000\"}]},{\"@type\":\"WebSite\",\"@id\":\"https:\/\/jorpack.com\/fr\/#website\",\"url\":\"https:\/\/jorpack.com\/fr\/\",\"name\":\"Jorpack\u00ae\",\"description\":\"Amplia selecci\u00f3n de Formadoras\",\"publisher\":{\"@id\":\"https:\/\/jorpack.com\/fr\/#organization\"},\"potentialAction\":[{\"@type\":\"SearchAction\",\"target\":{\"@type\":\"EntryPoint\",\"urlTemplate\":\"https:\/\/jorpack.com\/fr\/?s={search_term_string}\"},\"query-input\":{\"@type\":\"PropertyValueSpecification\",\"valueRequired\":true,\"valueName\":\"search_term_string\"}}],\"inLanguage\":\"fr-FR\"},{\"@type\":\"Organization\",\"@id\":\"https:\/\/jorpack.com\/fr\/#organization\",\"name\":\"Jorpack\u00ae\",\"url\":\"https:\/\/jorpack.com\/fr\/\",\"logo\":{\"@type\":\"ImageObject\",\"inLanguage\":\"fr-FR\",\"@id\":\"https:\/\/jorpack.com\/fr\/#\/schema\/logo\/image\/\",\"url\":\"https:\/\/jorpack.com\/wp-content\/uploads\/2022\/03\/cropped-jorpack-logotipo.png\",\"contentUrl\":\"https:\/\/jorpack.com\/wp-content\/uploads\/2022\/03\/cropped-jorpack-logotipo.png\",\"width\":500,\"height\":110,\"caption\":\"Jorpack\u00ae\"},\"image\":{\"@id\":\"https:\/\/jorpack.com\/fr\/#\/schema\/logo\/image\/\"}}]}<\/script>\n<!-- \/ Yoast SEO plugin. -->","yoast_head_json":{"title":"DESP-5000 - Jorpack\u00ae","robots":{"index":"index","follow":"follow","max-snippet":"max-snippet:-1","max-image-preview":"max-image-preview:large","max-video-preview":"max-video-preview:-1"},"canonical":"https:\/\/jorpack.com\/fr\/depalettiseurs\/desp-5000\/","og_locale":"fr_FR","og_type":"article","og_title":"DESP-5000 - Jorpack\u00ae","og_description":"D\u00e9palettiseur Semi-automatique  Le D\u00e9palettiseur semi-automatique Jorpack DESP-5000 r\u00e9alise la d\u00e9palettisation deS bouteilles, r\u00e9cipients PET, r\u00e9cipients en verre ou canettes sur une table de d\u00e9palettisation de mani\u00e8re semi-automatique.  Les D\u00e9palettiseurs semi-automatiques Jorpack se distinguent par leur robustesse et leur fiabilit\u00e9. Ils accomplissent des processus de d\u00e9palettisation jusqu\u2019\u00e0 des productions moyennes, il n\u2019y a pas de pression sur le produit pour ne pas le maltraiter.  L\u2019introduction de la palette se fait manuellement avec la palette au sol. L\u2019op\u00e9rateur de la machine de d\u00e9palettisation DESP-5000 doit simplement valider chacune des couches \u00e0 d\u00e9palettiser et extraire la plaque ou le plateau de carton entre les couches, pour continuer automatiquement \u00e0 d\u00e9palettiser la palette.  Ils offrent d\u2019excellentes performances dans le processus de d\u00e9palettisation avec palette au sol.","og_url":"https:\/\/jorpack.com\/fr\/depalettiseurs\/desp-5000\/","og_site_name":"Jorpack\u00ae","article_modified_time":"2024-10-16T11:12:31+00:00","og_image":[{"width":1024,"height":1024,"url":"https:\/\/jorpack.com\/wp-content\/uploads\/2022\/05\/despaletizador-semiautomatico-colchones-jorpack-DESP-5000-1.jpg","type":"image\/jpeg"}],"twitter_card":"summary_large_image","twitter_misc":{"Dur\u00e9e de lecture estim\u00e9e":"2 minutes"},"schema":{"@context":"https:\/\/schema.org","@graph":[{"@type":"WebPage","@id":"https:\/\/jorpack.com\/fr\/depalettiseurs\/desp-5000\/","url":"https:\/\/jorpack.com\/fr\/depalettiseurs\/desp-5000\/","name":"DESP-5000 - Jorpack\u00ae","isPartOf":{"@id":"https:\/\/jorpack.com\/fr\/#website"},"primaryImageOfPage":{"@id":"https:\/\/jorpack.com\/fr\/depalettiseurs\/desp-5000\/#primaryimage"},"image":{"@id":"https:\/\/jorpack.com\/fr\/depalettiseurs\/desp-5000\/#primaryimage"},"thumbnailUrl":"https:\/\/jorpack.com\/wp-content\/uploads\/2022\/05\/despaletizador-semiautomatico-colchones-jorpack-DESP-5000-1.jpg","datePublished":"2022-09-09T14:18:28+00:00","dateModified":"2024-10-16T11:12:31+00:00","breadcrumb":{"@id":"https:\/\/jorpack.com\/fr\/depalettiseurs\/desp-5000\/#breadcrumb"},"inLanguage":"fr-FR","potentialAction":[{"@type":"ReadAction","target":["https:\/\/jorpack.com\/fr\/depalettiseurs\/desp-5000\/"]}]},{"@type":"ImageObject","inLanguage":"fr-FR","@id":"https:\/\/jorpack.com\/fr\/depalettiseurs\/desp-5000\/#primaryimage","url":"https:\/\/jorpack.com\/wp-content\/uploads\/2022\/05\/despaletizador-semiautomatico-colchones-jorpack-DESP-5000-1.jpg","contentUrl":"https:\/\/jorpack.com\/wp-content\/uploads\/2022\/05\/despaletizador-semiautomatico-colchones-jorpack-DESP-5000-1.jpg","width":1024,"height":1024,"caption":"despaletizador semiautom\u00e1tico DESP5000"},{"@type":"BreadcrumbList","@id":"https:\/\/jorpack.com\/fr\/depalettiseurs\/desp-5000\/#breadcrumb","itemListElement":[{"@type":"ListItem","position":1,"name":"Portada","item":"https:\/\/jorpack.com\/fr\/"},{"@type":"ListItem","position":2,"name":"Tienda","item":"https:\/\/jorpack.com\/tienda\/"},{"@type":"ListItem","position":3,"name":"DESP-5000"}]},{"@type":"WebSite","@id":"https:\/\/jorpack.com\/fr\/#website","url":"https:\/\/jorpack.com\/fr\/","name":"Jorpack\u00ae","description":"Amplia selecci\u00f3n de Formadoras","publisher":{"@id":"https:\/\/jorpack.com\/fr\/#organization"},"potentialAction":[{"@type":"SearchAction","target":{"@type":"EntryPoint","urlTemplate":"https:\/\/jorpack.com\/fr\/?s={search_term_string}"},"query-input":{"@type":"PropertyValueSpecification","valueRequired":true,"valueName":"search_term_string"}}],"inLanguage":"fr-FR"},{"@type":"Organization","@id":"https:\/\/jorpack.com\/fr\/#organization","name":"Jorpack\u00ae","url":"https:\/\/jorpack.com\/fr\/","logo":{"@type":"ImageObject","inLanguage":"fr-FR","@id":"https:\/\/jorpack.com\/fr\/#\/schema\/logo\/image\/","url":"https:\/\/jorpack.com\/wp-content\/uploads\/2022\/03\/cropped-jorpack-logotipo.png","contentUrl":"https:\/\/jorpack.com\/wp-content\/uploads\/2022\/03\/cropped-jorpack-logotipo.png","width":500,"height":110,"caption":"Jorpack\u00ae"},"image":{"@id":"https:\/\/jorpack.com\/fr\/#\/schema\/logo\/image\/"}}]}},"_links":{"self":[{"href":"https:\/\/jorpack.com\/fr\/wp-json\/wp\/v2\/product\/3782","targetHints":{"allow":["GET"]}}],"collection":[{"href":"https:\/\/jorpack.com\/fr\/wp-json\/wp\/v2\/product"}],"about":[{"href":"https:\/\/jorpack.com\/fr\/wp-json\/wp\/v2\/types\/product"}],"wp:featuredmedia":[{"embeddable":true,"href":"https:\/\/jorpack.com\/fr\/wp-json\/wp\/v2\/media\/3054"}],"wp:attachment":[{"href":"https:\/\/jorpack.com\/fr\/wp-json\/wp\/v2\/media?parent=3782"}],"wp:term":[{"taxonomy":"sector","embeddable":true,"href":"https:\/\/jorpack.com\/fr\/wp-json\/wp\/v2\/sector?post=3782"},{"taxonomy":"product_brand","embeddable":true,"href":"https:\/\/jorpack.com\/fr\/wp-json\/wp\/v2\/product_brand?post=3782"},{"taxonomy":"product_cat","embeddable":true,"href":"https:\/\/jorpack.com\/fr\/wp-json\/wp\/v2\/product_cat?post=3782"},{"taxonomy":"product_tag","embeddable":true,"href":"https:\/\/jorpack.com\/fr\/wp-json\/wp\/v2\/product_tag?post=3782"}],"curies":[{"name":"wp","href":"https:\/\/api.w.org\/{rel}","templated":true}]}}