{"id":3778,"date":"2022-04-19T15:04:42","date_gmt":"2022-09-09T13:57:57","guid":{"rendered":"https:\/\/jorpack.com\/?post_type=product&#038;p=3778"},"modified":"2024-10-16T13:26:42","modified_gmt":"2024-10-16T13:26:42","slug":"desp-4000","status":"publish","type":"product","link":"https:\/\/jorpack.com\/fr\/depalettiseurs\/desp-4000\/","title":{"rendered":"DESP-4000"},"content":{"rendered":"<div class=\"wpb-content-wrapper\"><p>D\u00e9filement[vc_section css=\u00a0\u00bb.vc_custom_1650361358445{margin-top: 0px !important;}\u00a0\u00bb el_class=\u00a0\u00bbficha-tecnica\u00a0\u00bb][vc_row][vc_column width=\u00a0\u00bb5\/6&Prime;][vc_toggle title=\u00a0\u00bbM\u00e9thodologie de d\u00e9palettisation\u00a0\u00bb]- <strong>D\u00e9palettiseur par tra\u00een\u00e9e<\/strong><br \/>\n&#8211; <strong>D\u00e9palettiseur aimant\u00e9<\/strong>[\/vc_toggle][vc_toggle title=\u00a0\u00bbTypes de palettes \u00e0 d\u00e9palettiser\u00a0\u00bb el_class=\u00a0\u00bbfaq-palet\u00a0\u00bb]<\/p>\n<div class=\"cont-flex\">\n<p style=\"text-align: left;\"><img decoding=\"async\" class=\"alignnone wp-image-2108 size-medium\" src=\"https:\/\/jorpack.com\/wp-content\/uploads\/2022\/04\/icono-palet-con-bandeja-invertida-300x300.png\" alt=\"icono palet con bandeja invertida\" width=\"300\" height=\"300\" srcset=\"https:\/\/jorpack.com\/wp-content\/uploads\/2022\/04\/icono-palet-con-bandeja-invertida-300x300.png 300w, https:\/\/jorpack.com\/wp-content\/uploads\/2022\/04\/icono-palet-con-bandeja-invertida-150x150.png 150w, https:\/\/jorpack.com\/wp-content\/uploads\/2022\/04\/icono-palet-con-bandeja-invertida-600x600.png 600w, https:\/\/jorpack.com\/wp-content\/uploads\/2022\/04\/icono-palet-con-bandeja-invertida-100x100.png 100w, https:\/\/jorpack.com\/wp-content\/uploads\/2022\/04\/icono-palet-con-bandeja-invertida.png 721w\" sizes=\"(max-width: 300px) 100vw, 300px\" \/><br \/>\nPalette avec plateau en carton invers\u00e9<\/p>\n<p style=\"text-align: left;\"><img decoding=\"async\" class=\"alignnone wp-image-2109 size-medium\" src=\"https:\/\/jorpack.com\/wp-content\/uploads\/2022\/04\/icono-palet-con-planchas-de-carton-y-bandeja-invertida-300x300.png\" alt=\"icono palet con planchas de carton y bandeja invertida\" width=\"300\" height=\"300\" srcset=\"https:\/\/jorpack.com\/wp-content\/uploads\/2022\/04\/icono-palet-con-planchas-de-carton-y-bandeja-invertida-300x300.png 300w, https:\/\/jorpack.com\/wp-content\/uploads\/2022\/04\/icono-palet-con-planchas-de-carton-y-bandeja-invertida-150x150.png 150w, https:\/\/jorpack.com\/wp-content\/uploads\/2022\/04\/icono-palet-con-planchas-de-carton-y-bandeja-invertida-600x600.png 600w, https:\/\/jorpack.com\/wp-content\/uploads\/2022\/04\/icono-palet-con-planchas-de-carton-y-bandeja-invertida-100x100.png 100w, https:\/\/jorpack.com\/wp-content\/uploads\/2022\/04\/icono-palet-con-planchas-de-carton-y-bandeja-invertida.png 721w\" sizes=\"(max-width: 300px) 100vw, 300px\" \/><br \/>\nPalette avec plaques en carton et plateau invers\u00e9<\/p>\n<p style=\"text-align: left;\"><img decoding=\"async\" class=\"alignnone wp-image-2107 size-medium\" src=\"https:\/\/jorpack.com\/wp-content\/uploads\/2022\/04\/icono-palet-cajas-plastico-producto-retornable-300x300.png\" alt=\"icono palet de cajas de plastico de producto retornable\" width=\"300\" height=\"300\" srcset=\"https:\/\/jorpack.com\/wp-content\/uploads\/2022\/04\/icono-palet-cajas-plastico-producto-retornable-300x300.png 300w, https:\/\/jorpack.com\/wp-content\/uploads\/2022\/04\/icono-palet-cajas-plastico-producto-retornable-150x150.png 150w, https:\/\/jorpack.com\/wp-content\/uploads\/2022\/04\/icono-palet-cajas-plastico-producto-retornable-600x600.png 600w, https:\/\/jorpack.com\/wp-content\/uploads\/2022\/04\/icono-palet-cajas-plastico-producto-retornable-100x100.png 100w, https:\/\/jorpack.com\/wp-content\/uploads\/2022\/04\/icono-palet-cajas-plastico-producto-retornable.png 721w\" sizes=\"(max-width: 300px) 100vw, 300px\" \/><br \/>\nPalette de bo\u00eetes en plastique de produit retournable<\/p>\n<p style=\"text-align: left;\"><img decoding=\"async\" class=\"alignnone wp-image-2110 size-medium\" src=\"https:\/\/jorpack.com\/wp-content\/uploads\/2022\/04\/icono-palet-planchas-carton-y-plancha-estabilizdora-parte-superior-300x300.png\" alt=\"Palet con planchas de carton y plancha estabilizadora en la parte superior\" width=\"300\" height=\"300\" srcset=\"https:\/\/jorpack.com\/wp-content\/uploads\/2022\/04\/icono-palet-planchas-carton-y-plancha-estabilizdora-parte-superior-300x300.png 300w, https:\/\/jorpack.com\/wp-content\/uploads\/2022\/04\/icono-palet-planchas-carton-y-plancha-estabilizdora-parte-superior-150x150.png 150w, https:\/\/jorpack.com\/wp-content\/uploads\/2022\/04\/icono-palet-planchas-carton-y-plancha-estabilizdora-parte-superior-600x600.png 600w, https:\/\/jorpack.com\/wp-content\/uploads\/2022\/04\/icono-palet-planchas-carton-y-plancha-estabilizdora-parte-superior-100x100.png 100w, https:\/\/jorpack.com\/wp-content\/uploads\/2022\/04\/icono-palet-planchas-carton-y-plancha-estabilizdora-parte-superior.png 721w\" sizes=\"(max-width: 300px) 100vw, 300px\" \/><br \/>\nPalette avec plaques en carton et plaque stabilisatrice sur le dessus<\/p>\n<\/div>\n<p>[\/vc_toggle][vc_toggle title=\u00a0\u00bbAccessoires Inclus\u00a0\u00bb]- <strong>Magasin de palettes vides :<\/strong> dans le but d\u2019accumuler les palettes une fois que chacune des couches de la palette a \u00e9t\u00e9 d\u00e9palettis\u00e9e.<\/p>\n<p>&#8211; <strong>Comprend l\u2019extracteur de carton :<\/strong> ramasser les plateaux invers\u00e9s et les plaques de carton pour les d\u00e9poser dans un magasin de carton.[\/vc_toggle][vc_toggle title=\u00a0\u00bbEn option\u00a0\u00bb]- <strong>Extracteur de bande :<\/strong> une fois la couche d\u00e9palettis\u00e9e se trouve sur la table d\u2019accumulation de bouteilles, d\u2019emballages ou de cartons.<\/p>\n<p>&#8211; <strong>Convoyeur :<\/strong> de bouteilles, r\u00e9cipients ou cartons \u00e0 la sortie de la table d\u2019accumulation.[\/vc_toggle][vc_raw_html]W1Nhc3N5X1NvY2lhbF9TaGFyZSB0aXRsZT0iUGFydGFnZXIiXQ==[\/vc_raw_html][\/vc_column][vc_column width=\u00a0\u00bb1\/6&Prime; offset=\u00a0\u00bbvc_hidden-xs\u00a0\u00bb]<div class=\"ult-content-box-container \" >\t\t<div class=\"ult-content-box\" style=\"box-shadow: px px px px none;-webkit-transition: all 700ms ease;-moz-transition: all 700ms ease;-ms-transition: all 700ms ease;-o-transition: all 700ms ease;transition: all 700ms ease;\"  data-hover_box_shadow=\"none\"    >[vc_single_image image=\u00a0\u00bb645&Prime; alignment=\u00a0\u00bbcenter\u00a0\u00bb css=\u00a0\u00bb.vc_custom_1648732644686{margin-bottom: 10px !important;}\u00a0\u00bb][vc_column_text]<\/p>\n<p style=\"text-align: center;\"><span style=\"color: #394049;\">Fiche technique<br \/>\nDESP-4000<\/span><\/p>\n<p>[\/vc_column_text]\t\t<\/div><\/div>[\/vc_column][\/vc_row][\/vc_section][vc_section][vc_row gap=\u00a0\u00bb35&Prime;][vc_column width=\u00a0\u00bb3\/4&Prime; el_class=\u00a0\u00bbproductos-sugeridos\u00a0\u00bb][vc_column_text]<\/p>\n<h3>Compl\u00e9ter la ligne avec:<\/h3>\n<p>[\/vc_column_text][vc_basic_grid post_type=\u00a0\u00bbids\u00a0\u00bb element_width=\u00a0\u00bb3&Prime; gap=\u00a0\u00bb35&Prime; item=\u00a0\u00bb1394&Prime; grid_id=\u00a0\u00bbvc_gid:1663925421070-76018622-b759-9&Prime; include=\u00a0\u00bb1504, 1533, 1526&Prime;][\/vc_column][vc_column width=\u00a0\u00bb1\/4&Prime; el_class=\u00a0\u00bbproductos-relacionados\u00a0\u00bb][vc_column_text]<\/p>\n<h3>Produits associ\u00e9s:<\/h3>\n<p>[\/vc_column_text][vc_column_text]<a href=\"https:\/\/www.jorpack.com\/fr\/depalettiseurs\/desp-4500 \">DESP-4500<\/a><\/p>\n<p><a href=\"https:\/\/www.jorpack.com\/fr\/depalettiseurs\/desp-5000 \">DESP-5000<\/a><\/p>\n<p><a href=\"https:\/\/www.jorpack.com\/fr\/depalettiseurs\/desp-6000 \">DESP-6000<\/a><\/p>\n<p><a href=\"https:\/\/www.jorpack.com\/fr\/robots\/depalettiseurs\/desp-9600 \">DESP-9600<\/a>[\/vc_column_text][\/vc_column][\/vc_row][\/vc_section]<\/p>\n<\/div>","protected":false},"excerpt":{"rendered":"<p>D\u00e9palettiseur automatique<\/p>\n<p>Le d\u00e9palettiseur automatique Jorpack DESP-4000 se caract\u00e9rise par le processus de d\u00e9palettisation de bouteilles, de r\u00e9cipients en verre ou en PET et de d\u00e9palettisation de caisses de mani\u00e8re enti\u00e8rement automatique.<\/p>\n<p>Il s\u2019agit d\u2019une machine de d\u00e9palettisation d\u2019une grande robustesse et fiabilit\u00e9 qui a \u00e9t\u00e9 con\u00e7ue pour r\u00e9pondre aux besoins de d\u00e9palettisation pour des productions moyennes \u00e9lev\u00e9es.<\/p>\n<p>Les d\u00e9palettiseur automatiques par tra\u00een\u00e9e DESP-4000 Jorpack permettent la d\u00e9palettisation du produit sans pression entre eux, afin de ne pas maltraiter les bouteilles, les emballages ou les bo\u00eetes.<\/p>\n<p>Ils offrent d\u2019excellentes performances dans le processus de d\u00e9palettisation.<\/p>\n","protected":false},"featured_media":3050,"template":"","meta":{"_acf_changed":false},"sector":[157,158,154,153,181,171,159,178,180,155,150,168,172,166,173,149,169,182,170,163,156,164,183,162,187,174,177,151,161,189,165,167,160],"product_brand":[],"product_cat":[87],"product_tag":[],"class_list":{"0":"post-3778","1":"product","2":"type-product","3":"status-publish","4":"has-post-thumbnail","6":"sector-aceite","7":"sector-agua","8":"sector-alimentacion","9":"sector-automocion","10":"sector-azucar","11":"sector-bandas-depilatorias","12":"sector-bodegas","13":"sector-cafe","14":"sector-conservas","15":"sector-construccion","16":"sector-cosmetica","17":"sector-cremas","18":"sector-decoracion-envases-2","19":"sector-decoracion-envases","20":"sector-detergentes","21":"sector-embotellado","22":"sector-estuches","23":"sector-galletas","24":"sector-higiene","25":"sector-horchata","26":"sector-jardineria","27":"sector-licores","28":"sector-packs-al","29":"sector-packs","30":"sector-pintura","31":"sector-productos-de-limpieza","32":"sector-productos-de-limpieza-2","33":"sector-quimico","34":"sector-refrescos","35":"sector-semillas","36":"sector-sidra","37":"sector-tarros","38":"sector-zumos","39":"product_cat-depalettiseurs","41":"first","42":"instock","43":"shipping-taxable","44":"product-type-simple"},"acf":[],"yoast_head":"<!-- This site is optimized with the Yoast SEO plugin v27.5 - https:\/\/yoast.com\/product\/yoast-seo-wordpress\/ -->\n<title>DESP-4000 - Jorpack\u00ae<\/title>\n<meta name=\"robots\" content=\"index, follow, max-snippet:-1, max-image-preview:large, max-video-preview:-1\" \/>\n<link rel=\"canonical\" href=\"https:\/\/jorpack.com\/fr\/depalettiseurs\/desp-4000\/\" \/>\n<meta property=\"og:locale\" content=\"fr_FR\" \/>\n<meta property=\"og:type\" content=\"article\" \/>\n<meta property=\"og:title\" content=\"DESP-4000 - Jorpack\u00ae\" \/>\n<meta property=\"og:description\" content=\"D\u00e9palettiseur automatique  Le d\u00e9palettiseur automatique Jorpack DESP-4000 se caract\u00e9rise par le processus de d\u00e9palettisation de bouteilles, de r\u00e9cipients en verre ou en PET et de d\u00e9palettisation de caisses de mani\u00e8re enti\u00e8rement automatique.  Il s\u2019agit d\u2019une machine de d\u00e9palettisation d\u2019une grande robustesse et fiabilit\u00e9 qui a \u00e9t\u00e9 con\u00e7ue pour r\u00e9pondre aux besoins de d\u00e9palettisation pour des productions moyennes \u00e9lev\u00e9es.  Les d\u00e9palettiseur automatiques par tra\u00een\u00e9e DESP-4000 Jorpack permettent la d\u00e9palettisation du produit sans pression entre eux, afin de ne pas maltraiter les bouteilles, les emballages ou les bo\u00eetes.  Ils offrent d\u2019excellentes performances dans le processus de d\u00e9palettisation.\" \/>\n<meta property=\"og:url\" content=\"https:\/\/jorpack.com\/fr\/depalettiseurs\/desp-4000\/\" \/>\n<meta property=\"og:site_name\" content=\"Jorpack\u00ae\" \/>\n<meta property=\"article:modified_time\" content=\"2024-10-16T13:26:42+00:00\" \/>\n<meta property=\"og:image\" content=\"https:\/\/jorpack.com\/wp-content\/uploads\/2022\/05\/despaletizador-automatico-por-arrastre-jorpack-DESP-4000.jpg\" \/>\n\t<meta property=\"og:image:width\" content=\"1024\" \/>\n\t<meta property=\"og:image:height\" content=\"1024\" \/>\n\t<meta property=\"og:image:type\" content=\"image\/jpeg\" \/>\n<meta name=\"twitter:card\" content=\"summary_large_image\" \/>\n<meta name=\"twitter:label1\" content=\"Dur\u00e9e de lecture estim\u00e9e\" \/>\n\t<meta name=\"twitter:data1\" content=\"2 minutes\" \/>\n<script type=\"application\/ld+json\" class=\"yoast-schema-graph\">{\"@context\":\"https:\\\/\\\/schema.org\",\"@graph\":[{\"@type\":\"WebPage\",\"@id\":\"https:\\\/\\\/jorpack.com\\\/fr\\\/depalettiseurs\\\/desp-4000\\\/\",\"url\":\"https:\\\/\\\/jorpack.com\\\/fr\\\/depalettiseurs\\\/desp-4000\\\/\",\"name\":\"DESP-4000 - Jorpack\u00ae\",\"isPartOf\":{\"@id\":\"https:\\\/\\\/jorpack.com\\\/fr\\\/#website\"},\"primaryImageOfPage\":{\"@id\":\"https:\\\/\\\/jorpack.com\\\/fr\\\/depalettiseurs\\\/desp-4000\\\/#primaryimage\"},\"image\":{\"@id\":\"https:\\\/\\\/jorpack.com\\\/fr\\\/depalettiseurs\\\/desp-4000\\\/#primaryimage\"},\"thumbnailUrl\":\"https:\\\/\\\/jorpack.com\\\/wp-content\\\/uploads\\\/2022\\\/05\\\/despaletizador-automatico-por-arrastre-jorpack-DESP-4000.jpg\",\"datePublished\":\"2022-09-09T13:57:57+00:00\",\"dateModified\":\"2024-10-16T13:26:42+00:00\",\"breadcrumb\":{\"@id\":\"https:\\\/\\\/jorpack.com\\\/fr\\\/depalettiseurs\\\/desp-4000\\\/#breadcrumb\"},\"inLanguage\":\"fr-FR\",\"potentialAction\":[{\"@type\":\"ReadAction\",\"target\":[\"https:\\\/\\\/jorpack.com\\\/fr\\\/depalettiseurs\\\/desp-4000\\\/\"]}]},{\"@type\":\"ImageObject\",\"inLanguage\":\"fr-FR\",\"@id\":\"https:\\\/\\\/jorpack.com\\\/fr\\\/depalettiseurs\\\/desp-4000\\\/#primaryimage\",\"url\":\"https:\\\/\\\/jorpack.com\\\/wp-content\\\/uploads\\\/2022\\\/05\\\/despaletizador-automatico-por-arrastre-jorpack-DESP-4000.jpg\",\"contentUrl\":\"https:\\\/\\\/jorpack.com\\\/wp-content\\\/uploads\\\/2022\\\/05\\\/despaletizador-automatico-por-arrastre-jorpack-DESP-4000.jpg\",\"width\":1024,\"height\":1024,\"caption\":\"despaletizador autom\u00e1tico por arrastre\"},{\"@type\":\"BreadcrumbList\",\"@id\":\"https:\\\/\\\/jorpack.com\\\/fr\\\/depalettiseurs\\\/desp-4000\\\/#breadcrumb\",\"itemListElement\":[{\"@type\":\"ListItem\",\"position\":1,\"name\":\"Portada\",\"item\":\"https:\\\/\\\/jorpack.com\\\/fr\\\/\"},{\"@type\":\"ListItem\",\"position\":2,\"name\":\"Tienda\",\"item\":\"https:\\\/\\\/jorpack.com\\\/tienda\\\/\"},{\"@type\":\"ListItem\",\"position\":3,\"name\":\"DESP-4000\"}]},{\"@type\":\"WebSite\",\"@id\":\"https:\\\/\\\/jorpack.com\\\/fr\\\/#website\",\"url\":\"https:\\\/\\\/jorpack.com\\\/fr\\\/\",\"name\":\"Jorpack\u00ae\",\"description\":\"Amplia selecci\u00f3n de Formadoras\",\"publisher\":{\"@id\":\"https:\\\/\\\/jorpack.com\\\/fr\\\/#organization\"},\"potentialAction\":[{\"@type\":\"SearchAction\",\"target\":{\"@type\":\"EntryPoint\",\"urlTemplate\":\"https:\\\/\\\/jorpack.com\\\/fr\\\/?s={search_term_string}\"},\"query-input\":{\"@type\":\"PropertyValueSpecification\",\"valueRequired\":true,\"valueName\":\"search_term_string\"}}],\"inLanguage\":\"fr-FR\"},{\"@type\":\"Organization\",\"@id\":\"https:\\\/\\\/jorpack.com\\\/fr\\\/#organization\",\"name\":\"Jorpack\u00ae\",\"url\":\"https:\\\/\\\/jorpack.com\\\/fr\\\/\",\"logo\":{\"@type\":\"ImageObject\",\"inLanguage\":\"fr-FR\",\"@id\":\"https:\\\/\\\/jorpack.com\\\/fr\\\/#\\\/schema\\\/logo\\\/image\\\/\",\"url\":\"https:\\\/\\\/jorpack.com\\\/wp-content\\\/uploads\\\/2022\\\/03\\\/cropped-jorpack-logotipo.png\",\"contentUrl\":\"https:\\\/\\\/jorpack.com\\\/wp-content\\\/uploads\\\/2022\\\/03\\\/cropped-jorpack-logotipo.png\",\"width\":500,\"height\":110,\"caption\":\"Jorpack\u00ae\"},\"image\":{\"@id\":\"https:\\\/\\\/jorpack.com\\\/fr\\\/#\\\/schema\\\/logo\\\/image\\\/\"}}]}<\/script>\n<!-- \/ Yoast SEO plugin. -->","yoast_head_json":{"title":"DESP-4000 - Jorpack\u00ae","robots":{"index":"index","follow":"follow","max-snippet":"max-snippet:-1","max-image-preview":"max-image-preview:large","max-video-preview":"max-video-preview:-1"},"canonical":"https:\/\/jorpack.com\/fr\/depalettiseurs\/desp-4000\/","og_locale":"fr_FR","og_type":"article","og_title":"DESP-4000 - Jorpack\u00ae","og_description":"D\u00e9palettiseur automatique  Le d\u00e9palettiseur automatique Jorpack DESP-4000 se caract\u00e9rise par le processus de d\u00e9palettisation de bouteilles, de r\u00e9cipients en verre ou en PET et de d\u00e9palettisation de caisses de mani\u00e8re enti\u00e8rement automatique.  Il s\u2019agit d\u2019une machine de d\u00e9palettisation d\u2019une grande robustesse et fiabilit\u00e9 qui a \u00e9t\u00e9 con\u00e7ue pour r\u00e9pondre aux besoins de d\u00e9palettisation pour des productions moyennes \u00e9lev\u00e9es.  Les d\u00e9palettiseur automatiques par tra\u00een\u00e9e DESP-4000 Jorpack permettent la d\u00e9palettisation du produit sans pression entre eux, afin de ne pas maltraiter les bouteilles, les emballages ou les bo\u00eetes.  Ils offrent d\u2019excellentes performances dans le processus de d\u00e9palettisation.","og_url":"https:\/\/jorpack.com\/fr\/depalettiseurs\/desp-4000\/","og_site_name":"Jorpack\u00ae","article_modified_time":"2024-10-16T13:26:42+00:00","og_image":[{"width":1024,"height":1024,"url":"https:\/\/jorpack.com\/wp-content\/uploads\/2022\/05\/despaletizador-automatico-por-arrastre-jorpack-DESP-4000.jpg","type":"image\/jpeg"}],"twitter_card":"summary_large_image","twitter_misc":{"Dur\u00e9e de lecture estim\u00e9e":"2 minutes"},"schema":{"@context":"https:\/\/schema.org","@graph":[{"@type":"WebPage","@id":"https:\/\/jorpack.com\/fr\/depalettiseurs\/desp-4000\/","url":"https:\/\/jorpack.com\/fr\/depalettiseurs\/desp-4000\/","name":"DESP-4000 - Jorpack\u00ae","isPartOf":{"@id":"https:\/\/jorpack.com\/fr\/#website"},"primaryImageOfPage":{"@id":"https:\/\/jorpack.com\/fr\/depalettiseurs\/desp-4000\/#primaryimage"},"image":{"@id":"https:\/\/jorpack.com\/fr\/depalettiseurs\/desp-4000\/#primaryimage"},"thumbnailUrl":"https:\/\/jorpack.com\/wp-content\/uploads\/2022\/05\/despaletizador-automatico-por-arrastre-jorpack-DESP-4000.jpg","datePublished":"2022-09-09T13:57:57+00:00","dateModified":"2024-10-16T13:26:42+00:00","breadcrumb":{"@id":"https:\/\/jorpack.com\/fr\/depalettiseurs\/desp-4000\/#breadcrumb"},"inLanguage":"fr-FR","potentialAction":[{"@type":"ReadAction","target":["https:\/\/jorpack.com\/fr\/depalettiseurs\/desp-4000\/"]}]},{"@type":"ImageObject","inLanguage":"fr-FR","@id":"https:\/\/jorpack.com\/fr\/depalettiseurs\/desp-4000\/#primaryimage","url":"https:\/\/jorpack.com\/wp-content\/uploads\/2022\/05\/despaletizador-automatico-por-arrastre-jorpack-DESP-4000.jpg","contentUrl":"https:\/\/jorpack.com\/wp-content\/uploads\/2022\/05\/despaletizador-automatico-por-arrastre-jorpack-DESP-4000.jpg","width":1024,"height":1024,"caption":"despaletizador autom\u00e1tico por arrastre"},{"@type":"BreadcrumbList","@id":"https:\/\/jorpack.com\/fr\/depalettiseurs\/desp-4000\/#breadcrumb","itemListElement":[{"@type":"ListItem","position":1,"name":"Portada","item":"https:\/\/jorpack.com\/fr\/"},{"@type":"ListItem","position":2,"name":"Tienda","item":"https:\/\/jorpack.com\/tienda\/"},{"@type":"ListItem","position":3,"name":"DESP-4000"}]},{"@type":"WebSite","@id":"https:\/\/jorpack.com\/fr\/#website","url":"https:\/\/jorpack.com\/fr\/","name":"Jorpack\u00ae","description":"Amplia selecci\u00f3n de Formadoras","publisher":{"@id":"https:\/\/jorpack.com\/fr\/#organization"},"potentialAction":[{"@type":"SearchAction","target":{"@type":"EntryPoint","urlTemplate":"https:\/\/jorpack.com\/fr\/?s={search_term_string}"},"query-input":{"@type":"PropertyValueSpecification","valueRequired":true,"valueName":"search_term_string"}}],"inLanguage":"fr-FR"},{"@type":"Organization","@id":"https:\/\/jorpack.com\/fr\/#organization","name":"Jorpack\u00ae","url":"https:\/\/jorpack.com\/fr\/","logo":{"@type":"ImageObject","inLanguage":"fr-FR","@id":"https:\/\/jorpack.com\/fr\/#\/schema\/logo\/image\/","url":"https:\/\/jorpack.com\/wp-content\/uploads\/2022\/03\/cropped-jorpack-logotipo.png","contentUrl":"https:\/\/jorpack.com\/wp-content\/uploads\/2022\/03\/cropped-jorpack-logotipo.png","width":500,"height":110,"caption":"Jorpack\u00ae"},"image":{"@id":"https:\/\/jorpack.com\/fr\/#\/schema\/logo\/image\/"}}]}},"_links":{"self":[{"href":"https:\/\/jorpack.com\/fr\/wp-json\/wp\/v2\/product\/3778","targetHints":{"allow":["GET"]}}],"collection":[{"href":"https:\/\/jorpack.com\/fr\/wp-json\/wp\/v2\/product"}],"about":[{"href":"https:\/\/jorpack.com\/fr\/wp-json\/wp\/v2\/types\/product"}],"wp:featuredmedia":[{"embeddable":true,"href":"https:\/\/jorpack.com\/fr\/wp-json\/wp\/v2\/media\/3050"}],"wp:attachment":[{"href":"https:\/\/jorpack.com\/fr\/wp-json\/wp\/v2\/media?parent=3778"}],"wp:term":[{"taxonomy":"sector","embeddable":true,"href":"https:\/\/jorpack.com\/fr\/wp-json\/wp\/v2\/sector?post=3778"},{"taxonomy":"product_brand","embeddable":true,"href":"https:\/\/jorpack.com\/fr\/wp-json\/wp\/v2\/product_brand?post=3778"},{"taxonomy":"product_cat","embeddable":true,"href":"https:\/\/jorpack.com\/fr\/wp-json\/wp\/v2\/product_cat?post=3778"},{"taxonomy":"product_tag","embeddable":true,"href":"https:\/\/jorpack.com\/fr\/wp-json\/wp\/v2\/product_tag?post=3778"}],"curies":[{"name":"wp","href":"https:\/\/api.w.org\/{rel}","templated":true}]}}