{"id":3776,"date":"2022-04-20T09:26:36","date_gmt":"2022-09-09T13:46:33","guid":{"rendered":"https:\/\/jorpack.com\/?post_type=product&#038;p=3776"},"modified":"2022-09-23T09:05:34","modified_gmt":"2022-09-23T09:05:34","slug":"desv-7700","status":"publish","type":"product","link":"https:\/\/jorpack.com\/fr\/aligneurs-et-distributeurs\/desv-7700\/","title":{"rendered":"DESV-7700"},"content":{"rendered":"<div class=\"wpb-content-wrapper\"><p>[vc_section css=\u00a0\u00bb.vc_custom_1650361358445{margin-top: 0px !important;}\u00a0\u00bb el_class=\u00a0\u00bbficha-tecnica\u00a0\u00bb][vc_row][vc_column width=\u00a0\u00bb5\/6&Prime;][vc_toggle title=\u00a0\u00bbPlus d&rsquo;informations\u00a0\u00bb]Con\u00e7u pour r\u00e9pondre \u00e0 des productions \u00e0 grande vitesse de la ligne de production.<\/p>\n<p>Ce mod\u00e8le de machine de distributeur-aligneur DESV-7700 peut \u00e9galement \u00eatre int\u00e9gr\u00e9 dans les mod\u00e8les d\u2019encartonneuses Wrap-Around ou dans les mod\u00e8les d\u2019Encaisseuse Type B1, qui n\u00e9cessitent de grandes productions d\u2019encastrement, avec la plus grande fiabilit\u00e9.<\/p>\n<p>Avec les aligneurs d\u2019emballage Jorpack, vous \u00e9vitez d\u2019endommager les \u00e9tiquettes d\u2019emballage, les pressions d\u2019emballage et les arr\u00eats de production ou de production, car en optimisant les diff\u00e9rentes voies, les groupes de formats \u00e0 adapter seront produits de mani\u00e8re plus constante.<\/p>\n<p>Les changements de format sont tr\u00e8s simples et tr\u00e8s rapides, car ils se produisent avec un syst\u00e8me de r\u00e9gulation pour augmenter sa simplicit\u00e9.[\/vc_toggle][vc_toggle title=\u00a0\u00bbProduction\u00a0\u00bb]- Hautes productions[\/vc_toggle][vc_toggle title=\u00a0\u00bbChangements de format\u00a0\u00bb]- Tr\u00e8s rapide et avec r\u00e9glage<\/p>\n<p>&#8211; Multiformat[\/vc_toggle][vc_toggle title=\u00a0\u00bbExemples de produits \u00e0 aligner\u00a0\u00bb el_class=\u00a0\u00bbfaq-palet\u00a0\u00bb]<\/p>\n<div class=\"cont-flex\">\n<p style=\"text-align: left;\"><img decoding=\"async\" class=\"alignnone size-medium wp-image-1426\" src=\"https:\/\/jorpack.com\/wp-content\/uploads\/2022\/04\/icono-botella-300x300.png\" alt=\"\" width=\"300\" height=\"300\" srcset=\"https:\/\/jorpack.com\/wp-content\/uploads\/2022\/04\/icono-botella-300x300.png 300w, https:\/\/jorpack.com\/wp-content\/uploads\/2022\/04\/icono-botella-150x150.png 150w, https:\/\/jorpack.com\/wp-content\/uploads\/2022\/04\/icono-botella-100x100.png 100w, https:\/\/jorpack.com\/wp-content\/uploads\/2022\/04\/icono-botella.png 540w\" sizes=\"(max-width: 300px) 100vw, 300px\" \/><br \/>\nBouteilles<\/p>\n<p style=\"text-align: left;\"><img decoding=\"async\" class=\"alignnone size-medium wp-image-1453\" src=\"https:\/\/jorpack.com\/wp-content\/uploads\/2022\/04\/icono-lata-de-aluminio-300x300.png\" alt=\"\" width=\"300\" height=\"300\" srcset=\"https:\/\/jorpack.com\/wp-content\/uploads\/2022\/04\/icono-lata-de-aluminio-300x300.png 300w, https:\/\/jorpack.com\/wp-content\/uploads\/2022\/04\/icono-lata-de-aluminio-150x150.png 150w, https:\/\/jorpack.com\/wp-content\/uploads\/2022\/04\/icono-lata-de-aluminio-100x100.png 100w, https:\/\/jorpack.com\/wp-content\/uploads\/2022\/04\/icono-lata-de-aluminio.png 540w\" sizes=\"(max-width: 300px) 100vw, 300px\" \/><br \/>\nCanettes<\/p>\n<p style=\"text-align: left;\"><img decoding=\"async\" class=\"alignnone size-medium wp-image-1426\" src=\"https:\/\/jorpack.com\/wp-content\/uploads\/2022\/04\/icono-botella-300x300.png\" alt=\"\" width=\"300\" height=\"300\" srcset=\"https:\/\/jorpack.com\/wp-content\/uploads\/2022\/04\/icono-botella-300x300.png 300w, https:\/\/jorpack.com\/wp-content\/uploads\/2022\/04\/icono-botella-150x150.png 150w, https:\/\/jorpack.com\/wp-content\/uploads\/2022\/04\/icono-botella-100x100.png 100w, https:\/\/jorpack.com\/wp-content\/uploads\/2022\/04\/icono-botella.png 540w\" sizes=\"(max-width: 300px) 100vw, 300px\" \/><br \/>\nR\u00e9cipients PET<\/p>\n<p style=\"text-align: left;\"><img decoding=\"async\" class=\"alignnone size-medium wp-image-1453\" src=\"https:\/\/jorpack.com\/wp-content\/uploads\/2022\/04\/icono-lata-de-aluminio-300x300.png\" alt=\"\" width=\"300\" height=\"300\" srcset=\"https:\/\/jorpack.com\/wp-content\/uploads\/2022\/04\/icono-lata-de-aluminio-300x300.png 300w, https:\/\/jorpack.com\/wp-content\/uploads\/2022\/04\/icono-lata-de-aluminio-150x150.png 150w, https:\/\/jorpack.com\/wp-content\/uploads\/2022\/04\/icono-lata-de-aluminio-100x100.png 100w, https:\/\/jorpack.com\/wp-content\/uploads\/2022\/04\/icono-lata-de-aluminio.png 540w\" sizes=\"(max-width: 300px) 100vw, 300px\" \/><br \/>\nR\u00e9cipients en Aluminium<\/p>\n<p><img decoding=\"async\" class=\"alignnone size-medium wp-image-1427\" src=\"https:\/\/jorpack.com\/wp-content\/uploads\/2022\/04\/icono-botella-de-vino-y-botella-de-cava-300x300.png\" alt=\"\" width=\"300\" height=\"300\" srcset=\"https:\/\/jorpack.com\/wp-content\/uploads\/2022\/04\/icono-botella-de-vino-y-botella-de-cava-300x300.png 300w, https:\/\/jorpack.com\/wp-content\/uploads\/2022\/04\/icono-botella-de-vino-y-botella-de-cava-150x150.png 150w, https:\/\/jorpack.com\/wp-content\/uploads\/2022\/04\/icono-botella-de-vino-y-botella-de-cava-100x100.png 100w, https:\/\/jorpack.com\/wp-content\/uploads\/2022\/04\/icono-botella-de-vino-y-botella-de-cava.png 540w\" sizes=\"(max-width: 300px) 100vw, 300px\" \/><br \/>\nR\u00e9cipients en Verre<\/p>\n<p><img decoding=\"async\" class=\"alignnone size-medium wp-image-1728\" src=\"https:\/\/jorpack.com\/wp-content\/uploads\/2022\/04\/icono-cajas-de-carton-300x300.png\" alt=\"\" width=\"300\" height=\"300\" srcset=\"https:\/\/jorpack.com\/wp-content\/uploads\/2022\/04\/icono-cajas-de-carton-300x300.png 300w, https:\/\/jorpack.com\/wp-content\/uploads\/2022\/04\/icono-cajas-de-carton-150x150.png 150w, https:\/\/jorpack.com\/wp-content\/uploads\/2022\/04\/icono-cajas-de-carton-100x100.png 100w, https:\/\/jorpack.com\/wp-content\/uploads\/2022\/04\/icono-cajas-de-carton.png 541w\" sizes=\"(max-width: 300px) 100vw, 300px\" \/><br \/>\nCaisses<\/p>\n<p><img decoding=\"async\" class=\"alignnone size-medium wp-image-1729\" src=\"https:\/\/jorpack.com\/wp-content\/uploads\/2022\/04\/icono-packs-retracilados-300x300.png\" alt=\"\" width=\"300\" height=\"300\" srcset=\"https:\/\/jorpack.com\/wp-content\/uploads\/2022\/04\/icono-packs-retracilados-300x300.png 300w, https:\/\/jorpack.com\/wp-content\/uploads\/2022\/04\/icono-packs-retracilados-150x150.png 150w, https:\/\/jorpack.com\/wp-content\/uploads\/2022\/04\/icono-packs-retracilados-100x100.png 100w, https:\/\/jorpack.com\/wp-content\/uploads\/2022\/04\/icono-packs-retracilados.png 541w\" sizes=\"(max-width: 300px) 100vw, 300px\" \/><br \/>\nPacks<\/p>\n<p><img decoding=\"async\" class=\"alignnone size-medium wp-image-1729\" src=\"https:\/\/jorpack.com\/wp-content\/uploads\/2022\/04\/icono-packs-retracilados-300x300.png\" alt=\"\" width=\"300\" height=\"300\" srcset=\"https:\/\/jorpack.com\/wp-content\/uploads\/2022\/04\/icono-packs-retracilados-300x300.png 300w, https:\/\/jorpack.com\/wp-content\/uploads\/2022\/04\/icono-packs-retracilados-150x150.png 150w, https:\/\/jorpack.com\/wp-content\/uploads\/2022\/04\/icono-packs-retracilados-100x100.png 100w, https:\/\/jorpack.com\/wp-content\/uploads\/2022\/04\/icono-packs-retracilados.png 541w\" sizes=\"(max-width: 300px) 100vw, 300px\" \/><br \/>\nCoffrets<\/p>\n<p><img decoding=\"async\" class=\"alignnone size-medium wp-image-1731\" src=\"https:\/\/jorpack.com\/wp-content\/uploads\/2022\/04\/icono-saco-300x300.png\" alt=\"\" width=\"300\" height=\"300\" srcset=\"https:\/\/jorpack.com\/wp-content\/uploads\/2022\/04\/icono-saco-300x300.png 300w, https:\/\/jorpack.com\/wp-content\/uploads\/2022\/04\/icono-saco-150x150.png 150w, https:\/\/jorpack.com\/wp-content\/uploads\/2022\/04\/icono-saco-100x100.png 100w, https:\/\/jorpack.com\/wp-content\/uploads\/2022\/04\/icono-saco.png 541w\" sizes=\"(max-width: 300px) 100vw, 300px\" \/><br \/>\nSacs<\/p>\n<p><img decoding=\"async\" class=\"alignnone size-medium wp-image-1726\" src=\"https:\/\/jorpack.com\/wp-content\/uploads\/2022\/04\/icono-bandeja-display-2-300x300.png\" alt=\"\" width=\"300\" height=\"300\" srcset=\"https:\/\/jorpack.com\/wp-content\/uploads\/2022\/04\/icono-bandeja-display-2-300x300.png 300w, https:\/\/jorpack.com\/wp-content\/uploads\/2022\/04\/icono-bandeja-display-2-150x150.png 150w, https:\/\/jorpack.com\/wp-content\/uploads\/2022\/04\/icono-bandeja-display-2-100x100.png 100w, https:\/\/jorpack.com\/wp-content\/uploads\/2022\/04\/icono-bandeja-display-2.png 540w\" sizes=\"(max-width: 300px) 100vw, 300px\" \/><br \/>\nPlateaux<\/p>\n<\/div>\n<p>[\/vc_toggle][vc_toggle title=\u00a0\u00bbAccessoires Inclus\u00a0\u00bb el_class=\u00a0\u00bbfaq-palet\u00a0\u00bb]<\/p>\n<div class=\"cont-flex\">\n<p style=\"text-align: left;\"><img decoding=\"async\" class=\"alignnone size-medium wp-image-1733\" src=\"https:\/\/jorpack.com\/wp-content\/uploads\/2022\/04\/icono-servomotor-2-300x300.png\" alt=\"\" width=\"300\" height=\"300\" srcset=\"https:\/\/jorpack.com\/wp-content\/uploads\/2022\/04\/icono-servomotor-2-300x300.png 300w, https:\/\/jorpack.com\/wp-content\/uploads\/2022\/04\/icono-servomotor-2-150x150.png 150w, https:\/\/jorpack.com\/wp-content\/uploads\/2022\/04\/icono-servomotor-2-100x100.png 100w, https:\/\/jorpack.com\/wp-content\/uploads\/2022\/04\/icono-servomotor-2.png 540w\" sizes=\"(max-width: 300px) 100vw, 300px\" \/><br \/>\nServomoteurs pour une pr\u00e9cision maximale<\/p>\n<p style=\"text-align: left;\"><img decoding=\"async\" class=\"alignnone size-medium wp-image-1735\" src=\"https:\/\/jorpack.com\/wp-content\/uploads\/2022\/04\/icono-pantalla-display-jorpack-300x300.png\" alt=\"\" width=\"300\" height=\"300\" srcset=\"https:\/\/jorpack.com\/wp-content\/uploads\/2022\/04\/icono-pantalla-display-jorpack-300x300.png 300w, https:\/\/jorpack.com\/wp-content\/uploads\/2022\/04\/icono-pantalla-display-jorpack-150x150.png 150w, https:\/\/jorpack.com\/wp-content\/uploads\/2022\/04\/icono-pantalla-display-jorpack-100x100.png 100w, https:\/\/jorpack.com\/wp-content\/uploads\/2022\/04\/icono-pantalla-display-jorpack.png 540w\" sizes=\"(max-width: 300px) 100vw, 300px\" \/><br \/>\n\u00c9cran tactile<\/p>\n<\/div>\n<p>[\/vc_toggle][vc_raw_html]W1Nhc3N5X1NvY2lhbF9TaGFyZSB0aXRsZT0iUGFydGFnZXIiXQ==[\/vc_raw_html][\/vc_column][vc_column width=\u00a0\u00bb1\/6&Prime; offset=\u00a0\u00bbvc_hidden-xs\u00a0\u00bb]<div class=\"ult-content-box-container \" >\t\t<div class=\"ult-content-box\" style=\"box-shadow: px px px px none;-webkit-transition: all 700ms ease;-moz-transition: all 700ms ease;-ms-transition: all 700ms ease;-o-transition: all 700ms ease;transition: all 700ms ease;\"  data-hover_box_shadow=\"none\"    >[vc_single_image image=\u00a0\u00bb645&Prime; alignment=\u00a0\u00bbcenter\u00a0\u00bb css=\u00a0\u00bb.vc_custom_1648732644686{margin-bottom: 10px !important;}\u00a0\u00bb][vc_column_text]<\/p>\n<p style=\"text-align: center;\"><span style=\"color: #394049;\">Fiche technique<br \/>\nDESP-4000<\/span><\/p>\n<p>[\/vc_column_text]\t\t<\/div><\/div>[\/vc_column][\/vc_row][\/vc_section][vc_section][vc_row gap=\u00a0\u00bb35&Prime;][vc_column width=\u00a0\u00bb3\/4&Prime; el_class=\u00a0\u00bbproductos-sugeridos\u00a0\u00bb][vc_column_text]<\/p>\n<h3>Compl\u00e9ter la ligne avec:<\/h3>\n<p>[\/vc_column_text][vc_basic_grid post_type=\u00a0\u00bbids\u00a0\u00bb element_width=\u00a0\u00bb3&Prime; gap=\u00a0\u00bb35&Prime; item=\u00a0\u00bb1394&Prime; grid_id=\u00a0\u00bbvc_gid:1663923888002-f8e989c4-70e2-0&Prime; include=\u00a0\u00bb1504, 1526&Prime;][\/vc_column][vc_column width=\u00a0\u00bb1\/4&Prime; el_class=\u00a0\u00bbproductos-relacionados\u00a0\u00bb][vc_column_text]<\/p>\n<h3>Produits associ\u00e9s:<\/h3>\n<p>[\/vc_column_text][vc_column_text]<a href=\"http:\/\/www.jorpack.com\/fr\/retourneurs-de-caisses\/volt-200 \">VOLT-200<\/a>[\/vc_column_text][\/vc_column][\/vc_row][\/vc_section]<\/p>\n<\/div>","protected":false},"excerpt":{"rendered":"<p>Distributeur &#8211; Aligneur de Produit<\/p>\n<p>Le D\u00e9railleur-aligneur de produit DESV-7700 est une machine con\u00e7ue pour effectuer la fonction de distributeur en continu de produit ou d\u2019emballage.<\/p>\n<p>En changeant de voie sans arr\u00eater l\u2019emballage, vous \u00e9vitez d\u2019endommager le produit.<\/p>\n<p>Les distributeurs-aligneurs de produits Jorpack se caract\u00e9risent par la distribution du produit d\u2019une \u00e0 plusieurs voies. Peu importe que le produit soit cylindrique, rectangulaire, carr\u00e9, etc.<\/p>\n<p>Il int\u00e8gre des servomoteurs pour une plus grande pr\u00e9cision et des mouvements beaucoup plus doux.<\/p>\n<p>&nbsp;<\/p>\n","protected":false},"featured_media":4878,"template":"","meta":{"_acf_changed":false},"sector":[157,158,154,153,181,171,159,178,180,155,150,168,172,166,173,149,169,182,170,163,179,156,164,183,162,187,174,177,151,161,189,165,167,160],"product_brand":[],"product_cat":[86],"product_tag":[],"class_list":{"0":"post-3776","1":"product","2":"type-product","3":"status-publish","4":"has-post-thumbnail","6":"sector-aceite","7":"sector-agua","8":"sector-alimentacion","9":"sector-automocion","10":"sector-azucar","11":"sector-bandas-depilatorias","12":"sector-bodegas","13":"sector-cafe","14":"sector-conservas","15":"sector-construccion","16":"sector-cosmetica","17":"sector-cremas","18":"sector-decoracion-envases-2","19":"sector-decoracion-envases","20":"sector-detergentes","21":"sector-embotellado","22":"sector-estuches","23":"sector-galletas","24":"sector-higiene","25":"sector-horchata","26":"sector-huevos","27":"sector-jardineria","28":"sector-licores","29":"sector-packs-al","30":"sector-packs","31":"sector-pintura","32":"sector-productos-de-limpieza","33":"sector-productos-de-limpieza-2","34":"sector-quimico","35":"sector-refrescos","36":"sector-semillas","37":"sector-sidra","38":"sector-tarros","39":"sector-zumos","40":"product_cat-aligneurs-et-distributeurs","42":"first","43":"instock","44":"shipping-taxable","45":"product-type-simple"},"acf":[],"yoast_head":"<!-- This site is optimized with the Yoast SEO plugin v27.5 - https:\/\/yoast.com\/product\/yoast-seo-wordpress\/ -->\n<title>DESV-7700 - Jorpack\u00ae<\/title>\n<meta name=\"robots\" content=\"index, follow, max-snippet:-1, max-image-preview:large, max-video-preview:-1\" \/>\n<link rel=\"canonical\" href=\"https:\/\/jorpack.com\/fr\/aligneurs-et-distributeurs\/desv-7700\/\" \/>\n<meta property=\"og:locale\" content=\"fr_FR\" \/>\n<meta property=\"og:type\" content=\"article\" \/>\n<meta property=\"og:title\" content=\"DESV-7700 - Jorpack\u00ae\" \/>\n<meta property=\"og:description\" content=\"Distributeur - Aligneur de Produit  Le D\u00e9railleur-aligneur de produit DESV-7700 est une machine con\u00e7ue pour effectuer la fonction de distributeur en continu de produit ou d\u2019emballage.  En changeant de voie sans arr\u00eater l\u2019emballage, vous \u00e9vitez d\u2019endommager le produit.  Les distributeurs-aligneurs de produits Jorpack se caract\u00e9risent par la distribution du produit d\u2019une \u00e0 plusieurs voies. Peu importe que le produit soit cylindrique, rectangulaire, carr\u00e9, etc.  Il int\u00e8gre des servomoteurs pour une plus grande pr\u00e9cision et des mouvements beaucoup plus doux.  &nbsp;\" \/>\n<meta property=\"og:url\" content=\"https:\/\/jorpack.com\/fr\/aligneurs-et-distributeurs\/desv-7700\/\" \/>\n<meta property=\"og:site_name\" content=\"Jorpack\u00ae\" \/>\n<meta property=\"article:modified_time\" content=\"2022-09-23T09:05:34+00:00\" \/>\n<meta property=\"og:image\" content=\"https:\/\/jorpack.com\/wp-content\/uploads\/2022\/05\/desviador-alineador-de-botellas-jorpack-DESV-7700-1.jpg\" \/>\n\t<meta property=\"og:image:width\" content=\"1024\" \/>\n\t<meta property=\"og:image:height\" content=\"1024\" \/>\n\t<meta property=\"og:image:type\" content=\"image\/jpeg\" \/>\n<meta name=\"twitter:card\" content=\"summary_large_image\" \/>\n<meta name=\"twitter:label1\" content=\"Dur\u00e9e de lecture estim\u00e9e\" \/>\n\t<meta name=\"twitter:data1\" content=\"4 minutes\" \/>\n<script type=\"application\/ld+json\" class=\"yoast-schema-graph\">{\"@context\":\"https:\\\/\\\/schema.org\",\"@graph\":[{\"@type\":\"WebPage\",\"@id\":\"https:\\\/\\\/jorpack.com\\\/fr\\\/aligneurs-et-distributeurs\\\/desv-7700\\\/\",\"url\":\"https:\\\/\\\/jorpack.com\\\/fr\\\/aligneurs-et-distributeurs\\\/desv-7700\\\/\",\"name\":\"DESV-7700 - Jorpack\u00ae\",\"isPartOf\":{\"@id\":\"https:\\\/\\\/jorpack.com\\\/fr\\\/#website\"},\"primaryImageOfPage\":{\"@id\":\"https:\\\/\\\/jorpack.com\\\/fr\\\/aligneurs-et-distributeurs\\\/desv-7700\\\/#primaryimage\"},\"image\":{\"@id\":\"https:\\\/\\\/jorpack.com\\\/fr\\\/aligneurs-et-distributeurs\\\/desv-7700\\\/#primaryimage\"},\"thumbnailUrl\":\"https:\\\/\\\/jorpack.com\\\/wp-content\\\/uploads\\\/2023\\\/02\\\/desviador-alineador-de-botellas-jorpack-DESV-7700-3.webp\",\"datePublished\":\"2022-09-09T13:46:33+00:00\",\"dateModified\":\"2022-09-23T09:05:34+00:00\",\"breadcrumb\":{\"@id\":\"https:\\\/\\\/jorpack.com\\\/fr\\\/aligneurs-et-distributeurs\\\/desv-7700\\\/#breadcrumb\"},\"inLanguage\":\"fr-FR\",\"potentialAction\":[{\"@type\":\"ReadAction\",\"target\":[\"https:\\\/\\\/jorpack.com\\\/fr\\\/aligneurs-et-distributeurs\\\/desv-7700\\\/\"]}]},{\"@type\":\"ImageObject\",\"inLanguage\":\"fr-FR\",\"@id\":\"https:\\\/\\\/jorpack.com\\\/fr\\\/aligneurs-et-distributeurs\\\/desv-7700\\\/#primaryimage\",\"url\":\"https:\\\/\\\/jorpack.com\\\/wp-content\\\/uploads\\\/2023\\\/02\\\/desviador-alineador-de-botellas-jorpack-DESV-7700-3.webp\",\"contentUrl\":\"https:\\\/\\\/jorpack.com\\\/wp-content\\\/uploads\\\/2023\\\/02\\\/desviador-alineador-de-botellas-jorpack-DESV-7700-3.webp\",\"width\":2268,\"height\":2268,\"caption\":\"desviador alineador de botellas Jorpack DESV-7700\"},{\"@type\":\"BreadcrumbList\",\"@id\":\"https:\\\/\\\/jorpack.com\\\/fr\\\/aligneurs-et-distributeurs\\\/desv-7700\\\/#breadcrumb\",\"itemListElement\":[{\"@type\":\"ListItem\",\"position\":1,\"name\":\"Portada\",\"item\":\"https:\\\/\\\/jorpack.com\\\/fr\\\/\"},{\"@type\":\"ListItem\",\"position\":2,\"name\":\"Tienda\",\"item\":\"https:\\\/\\\/jorpack.com\\\/tienda\\\/\"},{\"@type\":\"ListItem\",\"position\":3,\"name\":\"DESV-7700\"}]},{\"@type\":\"WebSite\",\"@id\":\"https:\\\/\\\/jorpack.com\\\/fr\\\/#website\",\"url\":\"https:\\\/\\\/jorpack.com\\\/fr\\\/\",\"name\":\"Jorpack\u00ae\",\"description\":\"Amplia selecci\u00f3n de Formadoras\",\"publisher\":{\"@id\":\"https:\\\/\\\/jorpack.com\\\/fr\\\/#organization\"},\"potentialAction\":[{\"@type\":\"SearchAction\",\"target\":{\"@type\":\"EntryPoint\",\"urlTemplate\":\"https:\\\/\\\/jorpack.com\\\/fr\\\/?s={search_term_string}\"},\"query-input\":{\"@type\":\"PropertyValueSpecification\",\"valueRequired\":true,\"valueName\":\"search_term_string\"}}],\"inLanguage\":\"fr-FR\"},{\"@type\":\"Organization\",\"@id\":\"https:\\\/\\\/jorpack.com\\\/fr\\\/#organization\",\"name\":\"Jorpack\u00ae\",\"url\":\"https:\\\/\\\/jorpack.com\\\/fr\\\/\",\"logo\":{\"@type\":\"ImageObject\",\"inLanguage\":\"fr-FR\",\"@id\":\"https:\\\/\\\/jorpack.com\\\/fr\\\/#\\\/schema\\\/logo\\\/image\\\/\",\"url\":\"https:\\\/\\\/jorpack.com\\\/wp-content\\\/uploads\\\/2022\\\/03\\\/cropped-jorpack-logotipo.png\",\"contentUrl\":\"https:\\\/\\\/jorpack.com\\\/wp-content\\\/uploads\\\/2022\\\/03\\\/cropped-jorpack-logotipo.png\",\"width\":500,\"height\":110,\"caption\":\"Jorpack\u00ae\"},\"image\":{\"@id\":\"https:\\\/\\\/jorpack.com\\\/fr\\\/#\\\/schema\\\/logo\\\/image\\\/\"}}]}<\/script>\n<!-- \/ Yoast SEO plugin. -->","yoast_head_json":{"title":"DESV-7700 - Jorpack\u00ae","robots":{"index":"index","follow":"follow","max-snippet":"max-snippet:-1","max-image-preview":"max-image-preview:large","max-video-preview":"max-video-preview:-1"},"canonical":"https:\/\/jorpack.com\/fr\/aligneurs-et-distributeurs\/desv-7700\/","og_locale":"fr_FR","og_type":"article","og_title":"DESV-7700 - Jorpack\u00ae","og_description":"Distributeur - Aligneur de Produit  Le D\u00e9railleur-aligneur de produit DESV-7700 est une machine con\u00e7ue pour effectuer la fonction de distributeur en continu de produit ou d\u2019emballage.  En changeant de voie sans arr\u00eater l\u2019emballage, vous \u00e9vitez d\u2019endommager le produit.  Les distributeurs-aligneurs de produits Jorpack se caract\u00e9risent par la distribution du produit d\u2019une \u00e0 plusieurs voies. Peu importe que le produit soit cylindrique, rectangulaire, carr\u00e9, etc.  Il int\u00e8gre des servomoteurs pour une plus grande pr\u00e9cision et des mouvements beaucoup plus doux.  &nbsp;","og_url":"https:\/\/jorpack.com\/fr\/aligneurs-et-distributeurs\/desv-7700\/","og_site_name":"Jorpack\u00ae","article_modified_time":"2022-09-23T09:05:34+00:00","og_image":[{"width":1024,"height":1024,"url":"https:\/\/jorpack.com\/wp-content\/uploads\/2022\/05\/desviador-alineador-de-botellas-jorpack-DESV-7700-1.jpg","type":"image\/jpeg"}],"twitter_card":"summary_large_image","twitter_misc":{"Dur\u00e9e de lecture estim\u00e9e":"4 minutes"},"schema":{"@context":"https:\/\/schema.org","@graph":[{"@type":"WebPage","@id":"https:\/\/jorpack.com\/fr\/aligneurs-et-distributeurs\/desv-7700\/","url":"https:\/\/jorpack.com\/fr\/aligneurs-et-distributeurs\/desv-7700\/","name":"DESV-7700 - Jorpack\u00ae","isPartOf":{"@id":"https:\/\/jorpack.com\/fr\/#website"},"primaryImageOfPage":{"@id":"https:\/\/jorpack.com\/fr\/aligneurs-et-distributeurs\/desv-7700\/#primaryimage"},"image":{"@id":"https:\/\/jorpack.com\/fr\/aligneurs-et-distributeurs\/desv-7700\/#primaryimage"},"thumbnailUrl":"https:\/\/jorpack.com\/wp-content\/uploads\/2023\/02\/desviador-alineador-de-botellas-jorpack-DESV-7700-3.webp","datePublished":"2022-09-09T13:46:33+00:00","dateModified":"2022-09-23T09:05:34+00:00","breadcrumb":{"@id":"https:\/\/jorpack.com\/fr\/aligneurs-et-distributeurs\/desv-7700\/#breadcrumb"},"inLanguage":"fr-FR","potentialAction":[{"@type":"ReadAction","target":["https:\/\/jorpack.com\/fr\/aligneurs-et-distributeurs\/desv-7700\/"]}]},{"@type":"ImageObject","inLanguage":"fr-FR","@id":"https:\/\/jorpack.com\/fr\/aligneurs-et-distributeurs\/desv-7700\/#primaryimage","url":"https:\/\/jorpack.com\/wp-content\/uploads\/2023\/02\/desviador-alineador-de-botellas-jorpack-DESV-7700-3.webp","contentUrl":"https:\/\/jorpack.com\/wp-content\/uploads\/2023\/02\/desviador-alineador-de-botellas-jorpack-DESV-7700-3.webp","width":2268,"height":2268,"caption":"desviador alineador de botellas Jorpack DESV-7700"},{"@type":"BreadcrumbList","@id":"https:\/\/jorpack.com\/fr\/aligneurs-et-distributeurs\/desv-7700\/#breadcrumb","itemListElement":[{"@type":"ListItem","position":1,"name":"Portada","item":"https:\/\/jorpack.com\/fr\/"},{"@type":"ListItem","position":2,"name":"Tienda","item":"https:\/\/jorpack.com\/tienda\/"},{"@type":"ListItem","position":3,"name":"DESV-7700"}]},{"@type":"WebSite","@id":"https:\/\/jorpack.com\/fr\/#website","url":"https:\/\/jorpack.com\/fr\/","name":"Jorpack\u00ae","description":"Amplia selecci\u00f3n de Formadoras","publisher":{"@id":"https:\/\/jorpack.com\/fr\/#organization"},"potentialAction":[{"@type":"SearchAction","target":{"@type":"EntryPoint","urlTemplate":"https:\/\/jorpack.com\/fr\/?s={search_term_string}"},"query-input":{"@type":"PropertyValueSpecification","valueRequired":true,"valueName":"search_term_string"}}],"inLanguage":"fr-FR"},{"@type":"Organization","@id":"https:\/\/jorpack.com\/fr\/#organization","name":"Jorpack\u00ae","url":"https:\/\/jorpack.com\/fr\/","logo":{"@type":"ImageObject","inLanguage":"fr-FR","@id":"https:\/\/jorpack.com\/fr\/#\/schema\/logo\/image\/","url":"https:\/\/jorpack.com\/wp-content\/uploads\/2022\/03\/cropped-jorpack-logotipo.png","contentUrl":"https:\/\/jorpack.com\/wp-content\/uploads\/2022\/03\/cropped-jorpack-logotipo.png","width":500,"height":110,"caption":"Jorpack\u00ae"},"image":{"@id":"https:\/\/jorpack.com\/fr\/#\/schema\/logo\/image\/"}}]}},"_links":{"self":[{"href":"https:\/\/jorpack.com\/fr\/wp-json\/wp\/v2\/product\/3776","targetHints":{"allow":["GET"]}}],"collection":[{"href":"https:\/\/jorpack.com\/fr\/wp-json\/wp\/v2\/product"}],"about":[{"href":"https:\/\/jorpack.com\/fr\/wp-json\/wp\/v2\/types\/product"}],"wp:featuredmedia":[{"embeddable":true,"href":"https:\/\/jorpack.com\/fr\/wp-json\/wp\/v2\/media\/4878"}],"wp:attachment":[{"href":"https:\/\/jorpack.com\/fr\/wp-json\/wp\/v2\/media?parent=3776"}],"wp:term":[{"taxonomy":"sector","embeddable":true,"href":"https:\/\/jorpack.com\/fr\/wp-json\/wp\/v2\/sector?post=3776"},{"taxonomy":"product_brand","embeddable":true,"href":"https:\/\/jorpack.com\/fr\/wp-json\/wp\/v2\/product_brand?post=3776"},{"taxonomy":"product_cat","embeddable":true,"href":"https:\/\/jorpack.com\/fr\/wp-json\/wp\/v2\/product_cat?post=3776"},{"taxonomy":"product_tag","embeddable":true,"href":"https:\/\/jorpack.com\/fr\/wp-json\/wp\/v2\/product_tag?post=3776"}],"curies":[{"name":"wp","href":"https:\/\/api.w.org\/{rel}","templated":true}]}}