{"id":3546,"date":"2022-04-20T09:23:28","date_gmt":"2022-09-08T10:00:17","guid":{"rendered":"https:\/\/jorpack.com\/?post_type=product&#038;p=3546"},"modified":"2022-09-23T09:12:34","modified_gmt":"2022-09-23T09:12:34","slug":"volt-200","status":"publish","type":"product","link":"https:\/\/jorpack.com\/fr\/retourneurs-de-caisses\/volt-200\/","title":{"rendered":"VOLT-200"},"content":{"rendered":"<div class=\"wpb-content-wrapper\"><p>[vc_section css=\u00a0\u00bb.vc_custom_1650361358445{margin-top: 0px !important;}\u00a0\u00bb el_class=\u00a0\u00bbficha-tecnica\u00a0\u00bb][vc_row][vc_column width=\u00a0\u00bb5\/6&Prime;][vc_toggle title=\u00a0\u00bbProduction\u00a0\u00bb]- De faibles \u00e0 hauts rendements[\/vc_toggle][vc_toggle title=\u00a0\u00bbAccessoires Inclus\u00a0\u00bb el_class=\u00a0\u00bbfaq-palet\u00a0\u00bb]<\/p>\n<div class=\"cont-flex\">\n<p style=\"text-align: left;\"><img decoding=\"async\" class=\"alignnone size-medium wp-image-1735\" src=\"https:\/\/jorpack.com\/wp-content\/uploads\/2022\/04\/icono-pantalla-display-jorpack-300x300.png\" alt=\"\" width=\"300\" height=\"300\" srcset=\"https:\/\/jorpack.com\/wp-content\/uploads\/2022\/04\/icono-pantalla-display-jorpack-300x300.png 300w, https:\/\/jorpack.com\/wp-content\/uploads\/2022\/04\/icono-pantalla-display-jorpack-150x150.png 150w, https:\/\/jorpack.com\/wp-content\/uploads\/2022\/04\/icono-pantalla-display-jorpack-100x100.png 100w, https:\/\/jorpack.com\/wp-content\/uploads\/2022\/04\/icono-pantalla-display-jorpack.png 540w\" sizes=\"(max-width: 300px) 100vw, 300px\" \/><br \/>\n\u00c9cran tactile<\/p>\n<\/div>\n<p>[\/vc_toggle][vc_toggle title=\u00a0\u00bbChangements de format\u00a0\u00bb]- Tr\u00e8s rapide et avec r\u00e9glage<\/p>\n<p>&#8211; Multiformat[\/vc_toggle][vc_toggle title=\u00a0\u00bbOptionnels\u00a0\u00bb]- Expulseur de caisses avant le retournement de caisses[\/vc_toggle][vc_raw_html]W1Nhc3N5X1NvY2lhbF9TaGFyZSB0aXRsZT0iUGFydGFnZXIiXQ==[\/vc_raw_html][\/vc_column][vc_column width=\u00a0\u00bb1\/6&Prime; offset=\u00a0\u00bbvc_hidden-xs\u00a0\u00bb]<div class=\"ult-content-box-container \" >\t\t<div class=\"ult-content-box\" style=\"box-shadow: px px px px none;-webkit-transition: all 700ms ease;-moz-transition: all 700ms ease;-ms-transition: all 700ms ease;-o-transition: all 700ms ease;transition: all 700ms ease;\"  data-hover_box_shadow=\"none\"    >[vc_single_image image=\u00a0\u00bb645&Prime; alignment=\u00a0\u00bbcenter\u00a0\u00bb css=\u00a0\u00bb.vc_custom_1648732644686{margin-bottom: 10px !important;}\u00a0\u00bb][vc_column_text]<\/p>\n<p style=\"text-align: center;\"><span style=\"color: #394049;\">Fiche technique<br \/>\nDESP-4000<\/span><\/p>\n<p>[\/vc_column_text]\t\t<\/div><\/div>[\/vc_column][\/vc_row][\/vc_section][vc_section][vc_row gap=\u00a0\u00bb35&Prime;][vc_column width=\u00a0\u00bb3\/4&Prime; el_class=\u00a0\u00bbproductos-sugeridos\u00a0\u00bb][vc_column_text]<\/p>\n<h3>Compl\u00e9ter la ligne avec:<\/h3>\n<p>[\/vc_column_text][vc_basic_grid post_type=\u00a0\u00bbids\u00a0\u00bb element_width=\u00a0\u00bb3&Prime; gap=\u00a0\u00bb35&Prime; item=\u00a0\u00bb1394&Prime; grid_id=\u00a0\u00bbvc_gid:1663924308235-bdd6d8ea-a56a-9&Prime; include=\u00a0\u00bb1506, 1517, 1500&Prime;][\/vc_column][vc_column width=\u00a0\u00bb1\/4&Prime; el_class=\u00a0\u00bbproductos-relacionados\u00a0\u00bb][vc_column_text]<\/p>\n<h3>Produits associ\u00e9s:<\/h3>\n<p>[\/vc_column_text][vc_column_text]<a href=\"http:\/\/www.jorpack.com\/fr\/aligneurs-et-distributeurs\/desv-7700 \">DESV-7700<\/a>[\/vc_column_text][\/vc_column][\/vc_row][\/vc_section]<\/p>\n<\/div>","protected":false},"excerpt":{"rendered":"<p>Aligneurs et Distributeurs<\/p>\n<p>Retourneur de caisses VOLT-200 pour le retournement de caisses en carton ou en plastique \u00e0 90\u00ba ou 180\u00ba<br \/>\nMachine de retournement de caisses automatique avec mouvements de rotation tr\u00e8s contr\u00f4l\u00e9s pour ne pas endommager le produit.<\/p>\n<p>Les retourneurs de caisses Jorpack ont \u00e9t\u00e9 con\u00e7us pour r\u00e9pondre \u00e0 des productions faibles \u00e0 des rendements \u00e9lev\u00e9s de retournement de caisses.<\/p>\n<p>Il a des m\u00e9canismes et des \u00e9l\u00e9ments qui permettent de r\u00e9aliser diff\u00e9rents formats de bo\u00eete, obtenant des changements de format d\u2019une mani\u00e8re tr\u00e8s simple, simple et rapide.<\/p>\n","protected":false},"featured_media":4994,"template":"","meta":{"_acf_changed":false},"sector":[159,149],"product_brand":[],"product_cat":[86],"product_tag":[],"class_list":{"0":"post-3546","1":"product","2":"type-product","3":"status-publish","4":"has-post-thumbnail","6":"sector-bodegas","7":"sector-embotellado","8":"product_cat-aligneurs-et-distributeurs","10":"first","11":"instock","12":"shipping-taxable","13":"product-type-simple"},"acf":[],"yoast_head":"<!-- This site is optimized with the Yoast SEO plugin v27.5 - https:\/\/yoast.com\/product\/yoast-seo-wordpress\/ -->\n<title>VOLT-200 - Jorpack\u00ae<\/title>\n<meta name=\"robots\" content=\"index, follow, max-snippet:-1, max-image-preview:large, max-video-preview:-1\" \/>\n<link rel=\"canonical\" href=\"https:\/\/jorpack.com\/fr\/retourneurs-de-caisses\/volt-200\/\" \/>\n<meta property=\"og:locale\" content=\"fr_FR\" \/>\n<meta property=\"og:type\" content=\"article\" \/>\n<meta property=\"og:title\" content=\"VOLT-200 - Jorpack\u00ae\" \/>\n<meta property=\"og:description\" content=\"Aligneurs et Distributeurs  Retourneur de caisses VOLT-200 pour le retournement de caisses en carton ou en plastique \u00e0 90\u00ba ou 180\u00ba Machine de retournement de caisses automatique avec mouvements de rotation tr\u00e8s contr\u00f4l\u00e9s pour ne pas endommager le produit.  Les retourneurs de caisses Jorpack ont \u00e9t\u00e9 con\u00e7us pour r\u00e9pondre \u00e0 des productions faibles \u00e0 des rendements \u00e9lev\u00e9s de retournement de caisses.  Il a des m\u00e9canismes et des \u00e9l\u00e9ments qui permettent de r\u00e9aliser diff\u00e9rents formats de bo\u00eete, obtenant des changements de format d\u2019une mani\u00e8re tr\u00e8s simple, simple et rapide.\" \/>\n<meta property=\"og:url\" content=\"https:\/\/jorpack.com\/fr\/retourneurs-de-caisses\/volt-200\/\" \/>\n<meta property=\"og:site_name\" content=\"Jorpack\u00ae\" \/>\n<meta property=\"article:modified_time\" content=\"2022-09-23T09:12:34+00:00\" \/>\n<meta property=\"og:image\" content=\"https:\/\/jorpack.com\/wp-content\/uploads\/2022\/05\/volteador-de-cajas-jorpack-VOLT-200-1.jpg\" \/>\n\t<meta property=\"og:image:width\" content=\"1024\" \/>\n\t<meta property=\"og:image:height\" content=\"1024\" \/>\n\t<meta property=\"og:image:type\" content=\"image\/jpeg\" \/>\n<meta name=\"twitter:card\" content=\"summary_large_image\" \/>\n<meta name=\"twitter:label1\" content=\"Dur\u00e9e de lecture estim\u00e9e\" \/>\n\t<meta name=\"twitter:data1\" content=\"1 minute\" \/>\n<script type=\"application\/ld+json\" class=\"yoast-schema-graph\">{\"@context\":\"https:\\\/\\\/schema.org\",\"@graph\":[{\"@type\":\"WebPage\",\"@id\":\"https:\\\/\\\/jorpack.com\\\/fr\\\/retourneurs-de-caisses\\\/volt-200\\\/\",\"url\":\"https:\\\/\\\/jorpack.com\\\/fr\\\/retourneurs-de-caisses\\\/volt-200\\\/\",\"name\":\"VOLT-200 - Jorpack\u00ae\",\"isPartOf\":{\"@id\":\"https:\\\/\\\/jorpack.com\\\/fr\\\/#website\"},\"primaryImageOfPage\":{\"@id\":\"https:\\\/\\\/jorpack.com\\\/fr\\\/retourneurs-de-caisses\\\/volt-200\\\/#primaryimage\"},\"image\":{\"@id\":\"https:\\\/\\\/jorpack.com\\\/fr\\\/retourneurs-de-caisses\\\/volt-200\\\/#primaryimage\"},\"thumbnailUrl\":\"https:\\\/\\\/jorpack.com\\\/wp-content\\\/uploads\\\/2022\\\/04\\\/volteador-de-cajas-jorpack-VOLT-200.webp\",\"datePublished\":\"2022-09-08T10:00:17+00:00\",\"dateModified\":\"2022-09-23T09:12:34+00:00\",\"breadcrumb\":{\"@id\":\"https:\\\/\\\/jorpack.com\\\/fr\\\/retourneurs-de-caisses\\\/volt-200\\\/#breadcrumb\"},\"inLanguage\":\"fr-FR\",\"potentialAction\":[{\"@type\":\"ReadAction\",\"target\":[\"https:\\\/\\\/jorpack.com\\\/fr\\\/retourneurs-de-caisses\\\/volt-200\\\/\"]}]},{\"@type\":\"ImageObject\",\"inLanguage\":\"fr-FR\",\"@id\":\"https:\\\/\\\/jorpack.com\\\/fr\\\/retourneurs-de-caisses\\\/volt-200\\\/#primaryimage\",\"url\":\"https:\\\/\\\/jorpack.com\\\/wp-content\\\/uploads\\\/2022\\\/04\\\/volteador-de-cajas-jorpack-VOLT-200.webp\",\"contentUrl\":\"https:\\\/\\\/jorpack.com\\\/wp-content\\\/uploads\\\/2022\\\/04\\\/volteador-de-cajas-jorpack-VOLT-200.webp\",\"width\":1417,\"height\":1417,\"caption\":\"volteador de cajas Jorpack VOLT-200\"},{\"@type\":\"BreadcrumbList\",\"@id\":\"https:\\\/\\\/jorpack.com\\\/fr\\\/retourneurs-de-caisses\\\/volt-200\\\/#breadcrumb\",\"itemListElement\":[{\"@type\":\"ListItem\",\"position\":1,\"name\":\"Portada\",\"item\":\"https:\\\/\\\/jorpack.com\\\/fr\\\/\"},{\"@type\":\"ListItem\",\"position\":2,\"name\":\"Tienda\",\"item\":\"https:\\\/\\\/jorpack.com\\\/tienda\\\/\"},{\"@type\":\"ListItem\",\"position\":3,\"name\":\"VOLT-200\"}]},{\"@type\":\"WebSite\",\"@id\":\"https:\\\/\\\/jorpack.com\\\/fr\\\/#website\",\"url\":\"https:\\\/\\\/jorpack.com\\\/fr\\\/\",\"name\":\"Jorpack\u00ae\",\"description\":\"Amplia selecci\u00f3n de Formadoras\",\"publisher\":{\"@id\":\"https:\\\/\\\/jorpack.com\\\/fr\\\/#organization\"},\"potentialAction\":[{\"@type\":\"SearchAction\",\"target\":{\"@type\":\"EntryPoint\",\"urlTemplate\":\"https:\\\/\\\/jorpack.com\\\/fr\\\/?s={search_term_string}\"},\"query-input\":{\"@type\":\"PropertyValueSpecification\",\"valueRequired\":true,\"valueName\":\"search_term_string\"}}],\"inLanguage\":\"fr-FR\"},{\"@type\":\"Organization\",\"@id\":\"https:\\\/\\\/jorpack.com\\\/fr\\\/#organization\",\"name\":\"Jorpack\u00ae\",\"url\":\"https:\\\/\\\/jorpack.com\\\/fr\\\/\",\"logo\":{\"@type\":\"ImageObject\",\"inLanguage\":\"fr-FR\",\"@id\":\"https:\\\/\\\/jorpack.com\\\/fr\\\/#\\\/schema\\\/logo\\\/image\\\/\",\"url\":\"https:\\\/\\\/jorpack.com\\\/wp-content\\\/uploads\\\/2022\\\/03\\\/cropped-jorpack-logotipo.png\",\"contentUrl\":\"https:\\\/\\\/jorpack.com\\\/wp-content\\\/uploads\\\/2022\\\/03\\\/cropped-jorpack-logotipo.png\",\"width\":500,\"height\":110,\"caption\":\"Jorpack\u00ae\"},\"image\":{\"@id\":\"https:\\\/\\\/jorpack.com\\\/fr\\\/#\\\/schema\\\/logo\\\/image\\\/\"}}]}<\/script>\n<!-- \/ Yoast SEO plugin. -->","yoast_head_json":{"title":"VOLT-200 - Jorpack\u00ae","robots":{"index":"index","follow":"follow","max-snippet":"max-snippet:-1","max-image-preview":"max-image-preview:large","max-video-preview":"max-video-preview:-1"},"canonical":"https:\/\/jorpack.com\/fr\/retourneurs-de-caisses\/volt-200\/","og_locale":"fr_FR","og_type":"article","og_title":"VOLT-200 - Jorpack\u00ae","og_description":"Aligneurs et Distributeurs  Retourneur de caisses VOLT-200 pour le retournement de caisses en carton ou en plastique \u00e0 90\u00ba ou 180\u00ba Machine de retournement de caisses automatique avec mouvements de rotation tr\u00e8s contr\u00f4l\u00e9s pour ne pas endommager le produit.  Les retourneurs de caisses Jorpack ont \u00e9t\u00e9 con\u00e7us pour r\u00e9pondre \u00e0 des productions faibles \u00e0 des rendements \u00e9lev\u00e9s de retournement de caisses.  Il a des m\u00e9canismes et des \u00e9l\u00e9ments qui permettent de r\u00e9aliser diff\u00e9rents formats de bo\u00eete, obtenant des changements de format d\u2019une mani\u00e8re tr\u00e8s simple, simple et rapide.","og_url":"https:\/\/jorpack.com\/fr\/retourneurs-de-caisses\/volt-200\/","og_site_name":"Jorpack\u00ae","article_modified_time":"2022-09-23T09:12:34+00:00","og_image":[{"width":1024,"height":1024,"url":"https:\/\/jorpack.com\/wp-content\/uploads\/2022\/05\/volteador-de-cajas-jorpack-VOLT-200-1.jpg","type":"image\/jpeg"}],"twitter_card":"summary_large_image","twitter_misc":{"Dur\u00e9e de lecture estim\u00e9e":"1 minute"},"schema":{"@context":"https:\/\/schema.org","@graph":[{"@type":"WebPage","@id":"https:\/\/jorpack.com\/fr\/retourneurs-de-caisses\/volt-200\/","url":"https:\/\/jorpack.com\/fr\/retourneurs-de-caisses\/volt-200\/","name":"VOLT-200 - Jorpack\u00ae","isPartOf":{"@id":"https:\/\/jorpack.com\/fr\/#website"},"primaryImageOfPage":{"@id":"https:\/\/jorpack.com\/fr\/retourneurs-de-caisses\/volt-200\/#primaryimage"},"image":{"@id":"https:\/\/jorpack.com\/fr\/retourneurs-de-caisses\/volt-200\/#primaryimage"},"thumbnailUrl":"https:\/\/jorpack.com\/wp-content\/uploads\/2022\/04\/volteador-de-cajas-jorpack-VOLT-200.webp","datePublished":"2022-09-08T10:00:17+00:00","dateModified":"2022-09-23T09:12:34+00:00","breadcrumb":{"@id":"https:\/\/jorpack.com\/fr\/retourneurs-de-caisses\/volt-200\/#breadcrumb"},"inLanguage":"fr-FR","potentialAction":[{"@type":"ReadAction","target":["https:\/\/jorpack.com\/fr\/retourneurs-de-caisses\/volt-200\/"]}]},{"@type":"ImageObject","inLanguage":"fr-FR","@id":"https:\/\/jorpack.com\/fr\/retourneurs-de-caisses\/volt-200\/#primaryimage","url":"https:\/\/jorpack.com\/wp-content\/uploads\/2022\/04\/volteador-de-cajas-jorpack-VOLT-200.webp","contentUrl":"https:\/\/jorpack.com\/wp-content\/uploads\/2022\/04\/volteador-de-cajas-jorpack-VOLT-200.webp","width":1417,"height":1417,"caption":"volteador de cajas Jorpack VOLT-200"},{"@type":"BreadcrumbList","@id":"https:\/\/jorpack.com\/fr\/retourneurs-de-caisses\/volt-200\/#breadcrumb","itemListElement":[{"@type":"ListItem","position":1,"name":"Portada","item":"https:\/\/jorpack.com\/fr\/"},{"@type":"ListItem","position":2,"name":"Tienda","item":"https:\/\/jorpack.com\/tienda\/"},{"@type":"ListItem","position":3,"name":"VOLT-200"}]},{"@type":"WebSite","@id":"https:\/\/jorpack.com\/fr\/#website","url":"https:\/\/jorpack.com\/fr\/","name":"Jorpack\u00ae","description":"Amplia selecci\u00f3n de Formadoras","publisher":{"@id":"https:\/\/jorpack.com\/fr\/#organization"},"potentialAction":[{"@type":"SearchAction","target":{"@type":"EntryPoint","urlTemplate":"https:\/\/jorpack.com\/fr\/?s={search_term_string}"},"query-input":{"@type":"PropertyValueSpecification","valueRequired":true,"valueName":"search_term_string"}}],"inLanguage":"fr-FR"},{"@type":"Organization","@id":"https:\/\/jorpack.com\/fr\/#organization","name":"Jorpack\u00ae","url":"https:\/\/jorpack.com\/fr\/","logo":{"@type":"ImageObject","inLanguage":"fr-FR","@id":"https:\/\/jorpack.com\/fr\/#\/schema\/logo\/image\/","url":"https:\/\/jorpack.com\/wp-content\/uploads\/2022\/03\/cropped-jorpack-logotipo.png","contentUrl":"https:\/\/jorpack.com\/wp-content\/uploads\/2022\/03\/cropped-jorpack-logotipo.png","width":500,"height":110,"caption":"Jorpack\u00ae"},"image":{"@id":"https:\/\/jorpack.com\/fr\/#\/schema\/logo\/image\/"}}]}},"_links":{"self":[{"href":"https:\/\/jorpack.com\/fr\/wp-json\/wp\/v2\/product\/3546","targetHints":{"allow":["GET"]}}],"collection":[{"href":"https:\/\/jorpack.com\/fr\/wp-json\/wp\/v2\/product"}],"about":[{"href":"https:\/\/jorpack.com\/fr\/wp-json\/wp\/v2\/types\/product"}],"wp:featuredmedia":[{"embeddable":true,"href":"https:\/\/jorpack.com\/fr\/wp-json\/wp\/v2\/media\/4994"}],"wp:attachment":[{"href":"https:\/\/jorpack.com\/fr\/wp-json\/wp\/v2\/media?parent=3546"}],"wp:term":[{"taxonomy":"sector","embeddable":true,"href":"https:\/\/jorpack.com\/fr\/wp-json\/wp\/v2\/sector?post=3546"},{"taxonomy":"product_brand","embeddable":true,"href":"https:\/\/jorpack.com\/fr\/wp-json\/wp\/v2\/product_brand?post=3546"},{"taxonomy":"product_cat","embeddable":true,"href":"https:\/\/jorpack.com\/fr\/wp-json\/wp\/v2\/product_cat?post=3546"},{"taxonomy":"product_tag","embeddable":true,"href":"https:\/\/jorpack.com\/fr\/wp-json\/wp\/v2\/product_tag?post=3546"}],"curies":[{"name":"wp","href":"https:\/\/api.w.org\/{rel}","templated":true}]}}