{"id":3730,"date":"2022-09-13T08:20:55","date_gmt":"2022-09-13T08:20:55","guid":{"rendered":"https:\/\/jorpack.com\/?page_id=3730"},"modified":"2022-09-23T09:47:49","modified_gmt":"2022-09-23T09:47:49","slug":"newsletter","status":"publish","type":"page","link":"https:\/\/jorpack.com\/fr\/newsletter\/","title":{"rendered":"Newsletter"},"content":{"rendered":"<div class=\"wpb-content-wrapper\"><p>[vc_section css=\u00a0\u00bb.vc_custom_1649180798167{padding-top: 100px !important;padding-bottom: 100px !important;}\u00a0\u00bb el_id=\u00a0\u00bbnewsletter\u00a0\u00bb][vc_row gap=\u00a0\u00bb35&Prime; equal_height=\u00a0\u00bbyes\u00a0\u00bb content_placement=\u00a0\u00bbmiddle\u00a0\u00bb][vc_column width=\u00a0\u00bb1\/2&Prime;][vc_column_text css=\u00a0\u00bb.vc_custom_1651180963112{margin-bottom: 0px !important;}\u00a0\u00bb]<\/p>\n<h1>Newsletter<\/h1>\n<p>[\/vc_column_text][vc_column_text el_class=\u00a0\u00bbdestacado\u00a0\u00bb]<span style=\"color: #a6a7a9;\">Inscrivez-vous pour \u00eatre \u00e0 jour<\/span>[\/vc_column_text][vc_column_text]Nos engagements ont \u00e9t\u00e9 de respecter votre vie priv\u00e9e et de vous envoyer des e-mails trimestriels de votre partie int\u00e9ress\u00e9e, sur les mises \u00e0 jour des produits, les actualit\u00e9s, les \u00e9v\u00e9nements et les nouveaut\u00e9s.[\/vc_column_text][vc_column_text]<\/p>\n<h4 style=\"text-align: center;\"><span style=\"color: #c22622;\">Qu&rsquo;est-ce que tu vas recevoir?<\/span><\/h4>\n<p>[\/vc_column_text][vc_row_inner el_class=\u00a0\u00bbpicto-servicios\u00a0\u00bb][vc_column_inner width=\u00a0\u00bb1\/3&Prime;][vc_single_image image=\u00a0\u00bb988&Prime; img_size=\u00a0\u00bb\u00a0\u00bb alignment=\u00a0\u00bbcenter\u00a0\u00bb css=\u00a0\u00bb.vc_custom_1649180754135{margin-bottom: 20px !important;}\u00a0\u00bb][vc_column_text]<\/p>\n<p style=\"text-align: center;\"><strong><span style=\"color: #a6a7a9;\">Nouveaut\u00e9s<\/span><\/strong><\/p>\n<p>[\/vc_column_text][\/vc_column_inner][vc_column_inner width=\u00a0\u00bb1\/3&Prime;][vc_single_image image=\u00a0\u00bb989&Prime; img_size=\u00a0\u00bb87&#215;100&Prime; alignment=\u00a0\u00bbcenter\u00a0\u00bb css=\u00a0\u00bb.vc_custom_1649161695701{margin-bottom: 20px !important;}\u00a0\u00bb][vc_column_text]<\/p>\n<p style=\"text-align: center;\"><strong><span style=\"color: #a6a7a9;\">Information sur les produits<\/span><\/strong><\/p>\n<p>[\/vc_column_text][\/vc_column_inner][vc_column_inner width=\u00a0\u00bb1\/3&Prime;][vc_single_image image=\u00a0\u00bb990&Prime; img_size=\u00a0\u00bb109&#215;100&Prime; alignment=\u00a0\u00bbcenter\u00a0\u00bb css=\u00a0\u00bb.vc_custom_1649161700227{margin-bottom: 20px !important;}\u00a0\u00bb][vc_column_text]<\/p>\n<p style=\"text-align: center;\"><strong><span style=\"color: #a6a7a9;\">Actualit\u00e9s &amp; \u00c9v\u00e9nements<\/span><\/strong><\/p>\n<p>[\/vc_column_text][\/vc_column_inner][\/vc_row_inner][\/vc_column][vc_column width=\u00a0\u00bb1\/2&Prime; css=\u00a0\u00bb.vc_custom_1649180932516{padding-top: 50px !important;background-color: #f7f8f9 !important;}\u00a0\u00bb][vc_column_text]<\/p>\n<h2 style=\"text-align: center;\">Inscrivez-moi<\/h2>\n<p>[\/vc_column_text][vc_row_inner css=\u00a0\u00bb.vc_custom_1649164712892{padding-right: 40px !important;padding-left: 40px !important;}\u00a0\u00bb][vc_column_inner]\n<div class=\"wpcf7 no-js\" id=\"wpcf7-f4347-o1\" lang=\"fr-FR\" dir=\"ltr\" data-wpcf7-id=\"4347\">\n<div class=\"screen-reader-response\"><p role=\"status\" aria-live=\"polite\" aria-atomic=\"true\"><\/p> <ul><\/ul><\/div>\n<form action=\"\/fr\/wp-json\/wp\/v2\/pages\/3730#wpcf7-f4347-o1\" method=\"post\" class=\"wpcf7-form init\" aria-label=\"Formulaire de contact\" novalidate=\"novalidate\" data-status=\"init\">\n<fieldset class=\"hidden-fields-container\"><input type=\"hidden\" name=\"_wpcf7\" value=\"4347\" \/><input type=\"hidden\" name=\"_wpcf7_version\" value=\"6.1.5\" \/><input type=\"hidden\" name=\"_wpcf7_locale\" value=\"fr_FR\" \/><input type=\"hidden\" name=\"_wpcf7_unit_tag\" value=\"wpcf7-f4347-o1\" \/><input type=\"hidden\" name=\"_wpcf7_container_post\" value=\"0\" \/><input type=\"hidden\" name=\"_wpcf7_posted_data_hash\" value=\"\" \/><input type=\"hidden\" name=\"_wpcf7_recaptcha_response\" value=\"\" \/>\n<\/fieldset>\n<div class=\"vc_row wpb_row vc_inner vc_row-fluid\">\n\t<div class=\"wpb_column vc_column_container vc_col-sm-6\">\n\t\t<div class=\"vc_column-inner\">\n\t\t\t<div class=\"wpb_wrapper\">\n\t\t\t\t<p><label> Pr\u00e9nom *<br \/>\n<span class=\"wpcf7-form-control-wrap\" data-name=\"your-name\"><input size=\"40\" maxlength=\"400\" class=\"wpcf7-form-control wpcf7-text wpcf7-validates-as-required\" aria-required=\"true\" aria-invalid=\"false\" placeholder=\"Pr\u00e9nom\" value=\"\" type=\"text\" name=\"your-name\" \/><\/span> <\/label>\n\t\t\t\t<\/p>\n\t\t\t<\/div>\n\t\t<\/div>\n\t<\/div>\n\t<div class=\"wpb_column vc_column_container vc_col-sm-6\">\n\t\t<div class=\"vc_column-inner\">\n\t\t\t<div class=\"wpb_wrapper\">\n\t\t\t\t<p><label> Nom *<br \/>\n<span class=\"wpcf7-form-control-wrap\" data-name=\"your-surname\"><input size=\"40\" maxlength=\"400\" class=\"wpcf7-form-control wpcf7-text wpcf7-validates-as-required\" aria-required=\"true\" aria-invalid=\"false\" placeholder=\"Nom\" value=\"\" type=\"text\" name=\"your-surname\" \/><\/span> <\/label>\n\t\t\t\t<\/p>\n\t\t\t<\/div>\n\t\t<\/div>\n\t<\/div>\n<\/div>\n<div class=\"vc_row wpb_row vc_inner vc_row-fluid\">\n\t<div class=\"wpb_column vc_column_container vc_col-sm-12\">\n\t\t<div class=\"vc_column-inner\">\n\t\t\t<div class=\"wpb_wrapper\">\n\t\t\t\t<p><label> Soci\u00e9t\u00e9 *<br \/>\n<span class=\"wpcf7-form-control-wrap\" data-name=\"your-company\"><input size=\"40\" maxlength=\"400\" class=\"wpcf7-form-control wpcf7-text wpcf7-validates-as-required\" aria-required=\"true\" aria-invalid=\"false\" placeholder=\"Soci\u00e9t\u00e9\" value=\"\" type=\"text\" name=\"your-company\" \/><\/span> <\/label>\n\t\t\t\t<\/p>\n\t\t\t\t<p><label> Email *<br \/>\n<span class=\"wpcf7-form-control-wrap\" data-name=\"your-email\"><input size=\"40\" maxlength=\"400\" class=\"wpcf7-form-control wpcf7-email wpcf7-validates-as-required wpcf7-text wpcf7-validates-as-email\" aria-required=\"true\" aria-invalid=\"false\" placeholder=\"Email\" value=\"\" type=\"email\" name=\"your-email\" \/><\/span> <\/label>\n\t\t\t\t<\/p>\n\t\t\t<\/div>\n\t\t<\/div>\n\t<\/div>\n<\/div>\n<p><span class=\"wpcf7-form-control-wrap\" data-name=\"acceptance-763\"><span class=\"wpcf7-form-control wpcf7-acceptance\"><span class=\"wpcf7-list-item\"><label><input type=\"checkbox\" name=\"acceptance-763\" value=\"1\" class=\"checkbox-legal\" aria-invalid=\"false\" \/><span class=\"wpcf7-list-item-label\">J\u2019ai lu et j\u2019accepte les conditions de la <a href=\"https:\/\/jorpack.com\/fr\/politique-de-confidentialite\/#clausula-contacto\">politique de confidentialit\u00e9<\/a>.<\/span><\/label><\/span><\/span><\/span>\n<\/p>\n<p><input class=\"wpcf7-form-control wpcf7-submit has-spinner\" type=\"submit\" value=\"Inscrivez-moi\" \/>\n<\/p>\n<p class=\"obligatorios\">Tous les champs marqu\u00e9s avec (*) sont obligatoires\n<\/p><input type='hidden' class='wpcf7-pum' value='{\"closepopup\":false,\"closedelay\":0,\"openpopup\":false,\"openpopup_id\":0}' \/><div class=\"wpcf7-response-output\" aria-hidden=\"true\"><\/div>\n<\/form>\n<\/div>\n[\/vc_column_inner][\/vc_row_inner][\/vc_column][\/vc_row][\/vc_section]<\/p>\n<\/div>","protected":false},"excerpt":{"rendered":"<p>[vc_section css=\u00a0\u00bb.vc_custom_1649180798167{padding-top: 100px !important;padding-bottom: 100px !important;}\u00a0\u00bb el_id=\u00a0\u00bbnewsletter\u00a0\u00bb][vc_row gap=\u00a0\u00bb35&Prime; equal_height=\u00a0\u00bbyes\u00a0\u00bb content_placement=\u00a0\u00bbmiddle\u00a0\u00bb][vc_column width=\u00a0\u00bb1\/2&Prime;][vc_column_text css=\u00a0\u00bb.vc_custom_1651180963112{margin-bottom: 0px !important;}\u00a0\u00bb] Newsletter [\/vc_column_text][vc_column_text el_class=\u00a0\u00bbdestacado\u00a0\u00bb]Inscrivez-vous pour \u00eatre \u00e0 jour[\/vc_column_text][vc_column_text]Nos engagements ont \u00e9t\u00e9 de respecter votre vie priv\u00e9e et &#8230; <a title=\"Newsletter\" class=\"read-more\" href=\"https:\/\/jorpack.com\/fr\/newsletter\/\" aria-label=\"En savoir plus sur Newsletter\">Leer m\u00e1s<\/a><\/p>\n","protected":false},"author":2,"featured_media":0,"parent":0,"menu_order":0,"comment_status":"closed","ping_status":"closed","template":"","meta":{"_acf_changed":false,"footnotes":""},"class_list":["post-3730","page","type-page","status-publish"],"acf":[],"yoast_head":"<!-- This site is optimized with the Yoast SEO plugin v27.5 - https:\/\/yoast.com\/product\/yoast-seo-wordpress\/ -->\n<title>Newsletter - Jorpack\u00ae<\/title>\n<meta name=\"robots\" content=\"index, follow, max-snippet:-1, max-image-preview:large, max-video-preview:-1\" \/>\n<link rel=\"canonical\" href=\"https:\/\/jorpack.com\/fr\/newsletter\/\" \/>\n<meta property=\"og:locale\" content=\"fr_FR\" \/>\n<meta property=\"og:type\" content=\"article\" \/>\n<meta property=\"og:title\" content=\"Newsletter - Jorpack\u00ae\" \/>\n<meta property=\"og:description\" content=\"[vc_section css=\u00a0\u00bb.vc_custom_1649180798167{padding-top: 100px !important;padding-bottom: 100px !important;}\u00a0\u00bb el_id=\u00a0\u00bbnewsletter\u00a0\u00bb][vc_row gap=\u00a0\u00bb35&Prime; equal_height=\u00a0\u00bbyes\u00a0\u00bb content_placement=\u00a0\u00bbmiddle\u00a0\u00bb][vc_column width=\u00a0\u00bb1\/2&Prime;][vc_column_text css=\u00a0\u00bb.vc_custom_1651180963112{margin-bottom: 0px !important;}\u00a0\u00bb] Newsletter [\/vc_column_text][vc_column_text el_class=\u00a0\u00bbdestacado\u00a0\u00bb]Inscrivez-vous pour \u00eatre \u00e0 jour[\/vc_column_text][vc_column_text]Nos engagements ont \u00e9t\u00e9 de respecter votre vie priv\u00e9e et ... Leer m\u00e1s\" \/>\n<meta property=\"og:url\" content=\"https:\/\/jorpack.com\/fr\/newsletter\/\" \/>\n<meta property=\"og:site_name\" content=\"Jorpack\u00ae\" \/>\n<meta property=\"article:modified_time\" content=\"2022-09-23T09:47:49+00:00\" \/>\n<meta name=\"twitter:card\" content=\"summary_large_image\" \/>\n<meta name=\"twitter:label1\" content=\"Dur\u00e9e de lecture estim\u00e9e\" \/>\n\t<meta name=\"twitter:data1\" content=\"1 minute\" \/>\n<script type=\"application\/ld+json\" class=\"yoast-schema-graph\">{\"@context\":\"https:\\\/\\\/schema.org\",\"@graph\":[{\"@type\":\"WebPage\",\"@id\":\"https:\\\/\\\/jorpack.com\\\/fr\\\/newsletter\\\/\",\"url\":\"https:\\\/\\\/jorpack.com\\\/fr\\\/newsletter\\\/\",\"name\":\"Newsletter - Jorpack\u00ae\",\"isPartOf\":{\"@id\":\"https:\\\/\\\/jorpack.com\\\/fr\\\/#website\"},\"datePublished\":\"2022-09-13T08:20:55+00:00\",\"dateModified\":\"2022-09-23T09:47:49+00:00\",\"breadcrumb\":{\"@id\":\"https:\\\/\\\/jorpack.com\\\/fr\\\/newsletter\\\/#breadcrumb\"},\"inLanguage\":\"fr-FR\",\"potentialAction\":[{\"@type\":\"ReadAction\",\"target\":[\"https:\\\/\\\/jorpack.com\\\/fr\\\/newsletter\\\/\"]}]},{\"@type\":\"BreadcrumbList\",\"@id\":\"https:\\\/\\\/jorpack.com\\\/fr\\\/newsletter\\\/#breadcrumb\",\"itemListElement\":[{\"@type\":\"ListItem\",\"position\":1,\"name\":\"Portada\",\"item\":\"https:\\\/\\\/jorpack.com\\\/fr\\\/\"},{\"@type\":\"ListItem\",\"position\":2,\"name\":\"Newsletter\"}]},{\"@type\":\"WebSite\",\"@id\":\"https:\\\/\\\/jorpack.com\\\/fr\\\/#website\",\"url\":\"https:\\\/\\\/jorpack.com\\\/fr\\\/\",\"name\":\"Jorpack\u00ae\",\"description\":\"Amplia selecci\u00f3n de Formadoras\",\"publisher\":{\"@id\":\"https:\\\/\\\/jorpack.com\\\/fr\\\/#organization\"},\"potentialAction\":[{\"@type\":\"SearchAction\",\"target\":{\"@type\":\"EntryPoint\",\"urlTemplate\":\"https:\\\/\\\/jorpack.com\\\/fr\\\/?s={search_term_string}\"},\"query-input\":{\"@type\":\"PropertyValueSpecification\",\"valueRequired\":true,\"valueName\":\"search_term_string\"}}],\"inLanguage\":\"fr-FR\"},{\"@type\":\"Organization\",\"@id\":\"https:\\\/\\\/jorpack.com\\\/fr\\\/#organization\",\"name\":\"Jorpack\u00ae\",\"url\":\"https:\\\/\\\/jorpack.com\\\/fr\\\/\",\"logo\":{\"@type\":\"ImageObject\",\"inLanguage\":\"fr-FR\",\"@id\":\"https:\\\/\\\/jorpack.com\\\/fr\\\/#\\\/schema\\\/logo\\\/image\\\/\",\"url\":\"https:\\\/\\\/jorpack.com\\\/wp-content\\\/uploads\\\/2022\\\/03\\\/cropped-jorpack-logotipo.png\",\"contentUrl\":\"https:\\\/\\\/jorpack.com\\\/wp-content\\\/uploads\\\/2022\\\/03\\\/cropped-jorpack-logotipo.png\",\"width\":500,\"height\":110,\"caption\":\"Jorpack\u00ae\"},\"image\":{\"@id\":\"https:\\\/\\\/jorpack.com\\\/fr\\\/#\\\/schema\\\/logo\\\/image\\\/\"}}]}<\/script>\n<!-- \/ Yoast SEO plugin. -->","yoast_head_json":{"title":"Newsletter - Jorpack\u00ae","robots":{"index":"index","follow":"follow","max-snippet":"max-snippet:-1","max-image-preview":"max-image-preview:large","max-video-preview":"max-video-preview:-1"},"canonical":"https:\/\/jorpack.com\/fr\/newsletter\/","og_locale":"fr_FR","og_type":"article","og_title":"Newsletter - Jorpack\u00ae","og_description":"[vc_section css=\u00a0\u00bb.vc_custom_1649180798167{padding-top: 100px !important;padding-bottom: 100px !important;}\u00a0\u00bb el_id=\u00a0\u00bbnewsletter\u00a0\u00bb][vc_row gap=\u00a0\u00bb35&Prime; equal_height=\u00a0\u00bbyes\u00a0\u00bb content_placement=\u00a0\u00bbmiddle\u00a0\u00bb][vc_column width=\u00a0\u00bb1\/2&Prime;][vc_column_text css=\u00a0\u00bb.vc_custom_1651180963112{margin-bottom: 0px !important;}\u00a0\u00bb] Newsletter [\/vc_column_text][vc_column_text el_class=\u00a0\u00bbdestacado\u00a0\u00bb]Inscrivez-vous pour \u00eatre \u00e0 jour[\/vc_column_text][vc_column_text]Nos engagements ont \u00e9t\u00e9 de respecter votre vie priv\u00e9e et ... Leer m\u00e1s","og_url":"https:\/\/jorpack.com\/fr\/newsletter\/","og_site_name":"Jorpack\u00ae","article_modified_time":"2022-09-23T09:47:49+00:00","twitter_card":"summary_large_image","twitter_misc":{"Dur\u00e9e de lecture estim\u00e9e":"1 minute"},"schema":{"@context":"https:\/\/schema.org","@graph":[{"@type":"WebPage","@id":"https:\/\/jorpack.com\/fr\/newsletter\/","url":"https:\/\/jorpack.com\/fr\/newsletter\/","name":"Newsletter - Jorpack\u00ae","isPartOf":{"@id":"https:\/\/jorpack.com\/fr\/#website"},"datePublished":"2022-09-13T08:20:55+00:00","dateModified":"2022-09-23T09:47:49+00:00","breadcrumb":{"@id":"https:\/\/jorpack.com\/fr\/newsletter\/#breadcrumb"},"inLanguage":"fr-FR","potentialAction":[{"@type":"ReadAction","target":["https:\/\/jorpack.com\/fr\/newsletter\/"]}]},{"@type":"BreadcrumbList","@id":"https:\/\/jorpack.com\/fr\/newsletter\/#breadcrumb","itemListElement":[{"@type":"ListItem","position":1,"name":"Portada","item":"https:\/\/jorpack.com\/fr\/"},{"@type":"ListItem","position":2,"name":"Newsletter"}]},{"@type":"WebSite","@id":"https:\/\/jorpack.com\/fr\/#website","url":"https:\/\/jorpack.com\/fr\/","name":"Jorpack\u00ae","description":"Amplia selecci\u00f3n de Formadoras","publisher":{"@id":"https:\/\/jorpack.com\/fr\/#organization"},"potentialAction":[{"@type":"SearchAction","target":{"@type":"EntryPoint","urlTemplate":"https:\/\/jorpack.com\/fr\/?s={search_term_string}"},"query-input":{"@type":"PropertyValueSpecification","valueRequired":true,"valueName":"search_term_string"}}],"inLanguage":"fr-FR"},{"@type":"Organization","@id":"https:\/\/jorpack.com\/fr\/#organization","name":"Jorpack\u00ae","url":"https:\/\/jorpack.com\/fr\/","logo":{"@type":"ImageObject","inLanguage":"fr-FR","@id":"https:\/\/jorpack.com\/fr\/#\/schema\/logo\/image\/","url":"https:\/\/jorpack.com\/wp-content\/uploads\/2022\/03\/cropped-jorpack-logotipo.png","contentUrl":"https:\/\/jorpack.com\/wp-content\/uploads\/2022\/03\/cropped-jorpack-logotipo.png","width":500,"height":110,"caption":"Jorpack\u00ae"},"image":{"@id":"https:\/\/jorpack.com\/fr\/#\/schema\/logo\/image\/"}}]}},"_links":{"self":[{"href":"https:\/\/jorpack.com\/fr\/wp-json\/wp\/v2\/pages\/3730","targetHints":{"allow":["GET"]}}],"collection":[{"href":"https:\/\/jorpack.com\/fr\/wp-json\/wp\/v2\/pages"}],"about":[{"href":"https:\/\/jorpack.com\/fr\/wp-json\/wp\/v2\/types\/page"}],"author":[{"embeddable":true,"href":"https:\/\/jorpack.com\/fr\/wp-json\/wp\/v2\/users\/2"}],"replies":[{"embeddable":true,"href":"https:\/\/jorpack.com\/fr\/wp-json\/wp\/v2\/comments?post=3730"}],"version-history":[{"count":0,"href":"https:\/\/jorpack.com\/fr\/wp-json\/wp\/v2\/pages\/3730\/revisions"}],"wp:attachment":[{"href":"https:\/\/jorpack.com\/fr\/wp-json\/wp\/v2\/media?parent=3730"}],"curies":[{"name":"wp","href":"https:\/\/api.w.org\/{rel}","templated":true}]}}