{"id":3614,"date":"2022-09-08T14:39:30","date_gmt":"2022-09-08T14:39:30","guid":{"rendered":"https:\/\/jorpack.com\/?page_id=3614"},"modified":"2022-09-13T14:38:37","modified_gmt":"2022-09-13T14:38:37","slug":"developpement-professionnel","status":"publish","type":"page","link":"https:\/\/jorpack.com\/fr\/developpement-professionnel\/","title":{"rendered":"D\u00e9veloppement Professionnel"},"content":{"rendered":"<div class=\"wpb-content-wrapper\"><p>[vc_row full_width=\u00a0\u00bbstretch_row_content_no_spaces\u00a0\u00bb content_placement=\u00a0\u00bbmiddle\u00a0\u00bb parallax=\u00a0\u00bbcontent-moving\u00a0\u00bb parallax_image=\u00a0\u00bb1366&Prime; el_class=\u00a0\u00bbmision-vision\u00a0\u00bb][vc_column][vc_column_text el_class=\u00a0\u00bbtext-white\u00a0\u00bb]<\/p>\n<h1 style=\"text-align: center;\">Mission et la Vision<\/h1>\n<p>[\/vc_column_text][\/vc_column][\/vc_row][vc_section full_width=\u00a0\u00bbstretch_row\u00a0\u00bb css=\u00a0\u00bb.vc_custom_1651819222404{padding-top: 100px !important;padding-bottom: 100px !important;}\u00a0\u00bb][vc_row][vc_column width=\u00a0\u00bb1\/12&Prime;][\/vc_column][vc_column width=\u00a0\u00bb10\/12&Prime;][vc_column_text]<\/p>\n<h2 style=\"text-align: center;\">Mission<\/h2>\n<p>[\/vc_column_text][vc_column_text el_class=\u00a0\u00bbdestacado\u00a0\u00bb]<\/p>\n<p style=\"text-align: center;\">La mission de Jorpacak est d\u2019\u00eatre la r\u00e9f\u00e9rence dans le secteur de l\u2019emballage.<\/p>\n<p>[\/vc_column_text][vc_column_text el_class=\u00a0\u00bbdestacado\u00a0\u00bb]<\/p>\n<p style=\"text-align: center;\">Notre engagement est d\u2019atteindre la plus grande satisfaction de nos clients. Pour ce faire, nous nous effor\u00e7ons de leur apporter une valeur ajout\u00e9e en apportant des am\u00e9liorations continues \u00e0 la fois dans la qualit\u00e9 de nos produits et dans l\u2019efficacit\u00e9 des processus.<\/p>\n<p>[\/vc_column_text][vc_column_text css=\u00a0\u00bb.vc_custom_1662647664839{margin-top: 70px !important;}\u00a0\u00bb]<\/p>\n<h2 style=\"text-align: center;\">Vision<\/h2>\n<p>[\/vc_column_text][vc_column_text el_class=\u00a0\u00bbdestacado\u00a0\u00bb]<\/p>\n<p style=\"text-align: center;\">Nous nous effor\u00e7ons de proposer des solutions innovantes et pionni\u00e8res qui nous permettent d\u2019\u00eatre la r\u00e9f\u00e9rence en mati\u00e8re de machines d\u2019emballage. Pour ce faire, nous investissons quotidiennement dans le d\u00e9veloppement de nouveaux produits et services qui r\u00e9pondent aux besoins de nos clients.<\/p>\n<p>[\/vc_column_text][\/vc_column][vc_column width=\u00a0\u00bb1\/12&Prime;][\/vc_column][\/vc_row][\/vc_section][vc_section full_width=\u00a0\u00bbstretch_row\u00a0\u00bb css=\u00a0\u00bb.vc_custom_1651128051232{padding-top: 0px !important;padding-bottom: 0px !important;background-color: #f7f8f9 !important;}\u00a0\u00bb][vc_row full_width=\u00a0\u00bbstretch_row_content\u00a0\u00bb equal_height=\u00a0\u00bbyes\u00a0\u00bb content_placement=\u00a0\u00bbmiddle\u00a0\u00bb][vc_column width=\u00a0\u00bb1\/2&Prime; css=\u00a0\u00bb.vc_custom_1651128012588{padding-top: 40px !important;padding-right: 30px !important;padding-bottom: 40px !important;padding-left: 30px !important;}\u00a0\u00bb el_class=\u00a0\u00bbcolumna-text-left\u00a0\u00bb][vc_row_inner content_placement=\u00a0\u00bbmiddle\u00a0\u00bb][vc_column_inner el_class=\u00a0\u00bbmobile-text-align-center\u00a0\u00bb width=\u00a0\u00bb11\/12&Prime;][vc_column_text css=\u00a0\u00bb.vc_custom_1662647785531{margin-bottom: 20px !important;}\u00a0\u00bb]<\/p>\n<h2 style=\"text-align: left;\">Travailler \u00e0 Jorpack<\/h2>\n<p>[\/vc_column_text][vc_column_text css=\u00a0\u00bb.vc_custom_1662647796241{margin-bottom: 10px !important;}\u00a0\u00bb]<\/p>\n<h4><span style=\"color: #c22622;\">Emploi<\/span><\/h4>\n<p>[\/vc_column_text][vc_column_text]Chez Jorpack\u00ae, nous misons sur le talent. Pour nous, le talent est synonyme d\u2019innovation, de nouveaux services et de meilleure qualit\u00e9.[\/vc_column_text][vc_column_text css=\u00a0\u00bb.vc_custom_1662647892127{margin-bottom: 10px !important;}\u00a0\u00bb]<\/p>\n<h6><span style=\"color: #c22622;\">Voulez-vous faire partie de notre \u00e9quipe ? <\/span><\/h6>\n<p>[\/vc_column_text][vc_column_text]Nous voulons vous rencontrer! Si vous souhaitez travailler dans un environnement de travail o\u00f9 d\u00e9velopper votre carri\u00e8re, parlez-nous de vous. Nous serons heureux de recevoir votre demande.[\/vc_column_text][vc_btn title=\u00a0\u00bbVoir les postes vacants\u00a0\u00bb style=\u00a0\u00bbflat\u00a0\u00bb shape=\u00a0\u00bbsquare\u00a0\u00bb color=\u00a0\u00bbdanger\u00a0\u00bb align=\u00a0\u00bbleft\u00a0\u00bb link=\u00a0\u00bburl:https%3A%2F%2Fjorpack.com%2Ftrabaja-con-nosotros%2F|title:Trabaja%20con%20nosotros\u00a0\u00bb el_class=\u00a0\u00bbmad_btn-primary\u00a0\u00bb][\/vc_column_inner][vc_column_inner width=\u00a0\u00bb1\/12&Prime;][\/vc_column_inner][\/vc_row_inner][\/vc_column][vc_column width=\u00a0\u00bb1\/2&Prime; css=\u00a0\u00bb.vc_custom_1651127960855{margin-top: 0px !important;margin-right: 0px !important;margin-bottom: 0px !important;margin-left: 0px !important;padding-top: 0px !important;padding-right: 0px !important;padding-bottom: 0px !important;padding-left: 0px !important;background-image: url(https:\/\/jorpack.com\/wp-content\/uploads\/2022\/04\/trabajador-fabricando-piezas-microcut.jpg?id=1368) !important;background-position: center !important;background-repeat: no-repeat !important;background-size: cover !important;}\u00a0\u00bb el_class=\u00a0\u00bbcolumna-bg-img\u00a0\u00bb][\/vc_column][\/vc_row][\/vc_section][vc_section full_width=\u00a0\u00bbstretch_row\u00a0\u00bb disable_element=\u00a0\u00bbyes\u00a0\u00bb css=\u00a0\u00bb.vc_custom_1651128038280{margin-top: 0px !important;margin-bottom: 0px !important;border-top-width: 0px !important;border-bottom-width: 0px !important;padding-top: 0px !important;padding-bottom: 0px !important;background-color: #f7f8f9 !important;}\u00a0\u00bb el_class=\u00a0\u00bbno-mobile\u00a0\u00bb][vc_row full_width=\u00a0\u00bbstretch_row_content\u00a0\u00bb content_placement=\u00a0\u00bbmiddle\u00a0\u00bb][vc_column width=\u00a0\u00bb1\/2&Prime; css=\u00a0\u00bb.vc_custom_1647721144249{margin-top: 50px !important;margin-right: 50px !important;border-top-width: 50px !important;}\u00a0\u00bb][\/vc_column][vc_column width=\u00a0\u00bb1\/2&Prime; css=\u00a0\u00bb.vc_custom_1649231599626{padding-top: 0px !important;padding-right: 0px !important;padding-bottom: 0px !important;padding-left: 0px !important;background-position: center !important;background-repeat: no-repeat !important;background-size: cover !important;}\u00a0\u00bb el_class=\u00a0\u00bbcol-con-imagen\u00a0\u00bb][vc_single_image image=\u00a0\u00bb1368&Prime; img_size=\u00a0\u00bbfull\u00a0\u00bb css=\u00a0\u00bb.vc_custom_1650354019355{margin-top: 0px !important;margin-bottom: 0px !important;}\u00a0\u00bb][\/vc_column][\/vc_row][vc_row content_placement=\u00a0\u00bbmiddle\u00a0\u00bb el_class=\u00a0\u00bbfila-texto-sobre-color\u00a0\u00bb][vc_column width=\u00a0\u00bb1\/2&Prime;][vc_row_inner][vc_column_inner el_class=\u00a0\u00bbmobile-text-align-center\u00a0\u00bb width=\u00a0\u00bb5\/6&Prime;][vc_column_text css=\u00a0\u00bb.vc_custom_1649145811907{margin-bottom: 20px !important;}\u00a0\u00bb]<\/p>\n<h2 style=\"text-align: left;\">Trabajar en Jorpack<\/h2>\n<p>[\/vc_column_text][vc_column_text css=\u00a0\u00bb.vc_custom_1649145865700{margin-bottom: 10px !important;}\u00a0\u00bb]<\/p>\n<h4><span style=\"color: #c22622;\">Empleo<\/span><\/h4>\n<p>[\/vc_column_text][vc_column_text]En Jorpack\u00ae apostamos por el talento. Para nosotros, talento es sin\u00f3nimo de innovaci\u00f3n, nuevos servicios y mayor calidad.[\/vc_column_text][vc_column_text css=\u00a0\u00bb.vc_custom_1650525473352{margin-bottom: 10px !important;}\u00a0\u00bb]<\/p>\n<h6><span style=\"color: #c22622;\">\u00bfQuieres formar parte de nuestro equipo? <\/span><\/h6>\n<p>[\/vc_column_text][vc_column_text]\u00a1Queremos conocerte!, Si deseas trabajar en un entorno laboral donde desarrollar tu carrera profesional, cu\u00e9ntanos sobre ti. Estaremos encantados de recibir tu solicitud.[\/vc_column_text][vc_btn title=\u00a0\u00bbIr a empleos\u00a0\u00bb style=\u00a0\u00bbflat\u00a0\u00bb shape=\u00a0\u00bbsquare\u00a0\u00bb color=\u00a0\u00bbdanger\u00a0\u00bb align=\u00a0\u00bbleft\u00a0\u00bb link=\u00a0\u00bburl:https%3A%2F%2Fjorpack.com%2Ftrabaja-con-nosotros%2F|title:Trabaja%20con%20nosotros\u00a0\u00bb el_class=\u00a0\u00bbmad_btn-primary\u00a0\u00bb][\/vc_column_inner][vc_column_inner width=\u00a0\u00bb1\/6&Prime;][\/vc_column_inner][\/vc_row_inner][\/vc_column][vc_column width=\u00a0\u00bb1\/2&Prime; css=\u00a0\u00bb.vc_custom_1649231659804{background-position: center !important;background-repeat: no-repeat !important;background-size: cover !important;}\u00a0\u00bb][\/vc_column][\/vc_row][\/vc_section][vc_section full_width=\u00a0\u00bbstretch_row\u00a0\u00bb disable_element=\u00a0\u00bbyes\u00a0\u00bb css=\u00a0\u00bb.vc_custom_1651128242008{background-color: #f7f8f9 !important;}\u00a0\u00bb el_class=\u00a0\u00bbno-desktop\u00a0\u00bb][vc_row full_width=\u00a0\u00bbstretch_row_content\u00a0\u00bb content_placement=\u00a0\u00bbmiddle\u00a0\u00bb][vc_column el_class=\u00a0\u00bbmobile-text-align-center\u00a0\u00bb][vc_column_text css=\u00a0\u00bb.vc_custom_1649778247851{margin-bottom: 20px !important;}\u00a0\u00bb]<\/p>\n<h2 style=\"text-align: center;\">Trabajar en Jorpack<\/h2>\n<p>[\/vc_column_text][vc_column_text css=\u00a0\u00bb.vc_custom_1649145865700{margin-bottom: 10px !important;}\u00a0\u00bb]<\/p>\n<h4><span style=\"color: #c22622;\">Empleo<\/span><\/h4>\n<p>[\/vc_column_text][vc_column_text]En Jorpack\u00ae apostamos por el talento. Para nosotros, talento es sin\u00f3nimo de innovaci\u00f3n, nuevos servicios y mayor calidad.[\/vc_column_text][vc_column_text css=\u00a0\u00bb.vc_custom_1650525480656{margin-bottom: 10px !important;}\u00a0\u00bb]<\/p>\n<h6><span style=\"color: #c22622;\">\u00bfQuieres formar parte de nuestro equipo? <\/span><\/h6>\n<p>[\/vc_column_text][vc_column_text]\u00a1Queremos conocerte!, Si deseas trabajar en un entorno laboral donde desarrollar tu carrera profesional, cu\u00e9ntanos sobre ti. Estaremos encantados de recibir tu solicitud.[\/vc_column_text][vc_btn title=\u00a0\u00bbIr a empleos\u00a0\u00bb style=\u00a0\u00bbflat\u00a0\u00bb shape=\u00a0\u00bbsquare\u00a0\u00bb color=\u00a0\u00bbdanger\u00a0\u00bb align=\u00a0\u00bbcenter\u00a0\u00bb link=\u00a0\u00bburl:https%3A%2F%2Fjorpack.com%2Ftrabaja-con-nosotros%2F|title:Trabaja%20con%20nosotros\u00a0\u00bb el_class=\u00a0\u00bbmad_btn-primary\u00a0\u00bb][\/vc_column][\/vc_row][vc_row full_width=\u00a0\u00bbstretch_row_content_no_spaces\u00a0\u00bb][vc_column][vc_single_image image=\u00a0\u00bb1368&Prime; img_size=\u00a0\u00bbfull\u00a0\u00bb alignment=\u00a0\u00bbcenter\u00a0\u00bb css=\u00a0\u00bb.vc_custom_1650354043712{margin-top: 0px !important;margin-bottom: 0px !important;}\u00a0\u00bb][\/vc_column][\/vc_row][\/vc_section]<\/p>\n<\/div>","protected":false},"excerpt":{"rendered":"<p>[vc_row full_width=\u00a0\u00bbstretch_row_content_no_spaces\u00a0\u00bb content_placement=\u00a0\u00bbmiddle\u00a0\u00bb parallax=\u00a0\u00bbcontent-moving\u00a0\u00bb parallax_image=\u00a0\u00bb1366&Prime; el_class=\u00a0\u00bbmision-vision\u00a0\u00bb][vc_column][vc_column_text el_class=\u00a0\u00bbtext-white\u00a0\u00bb] Mission et la Vision [\/vc_column_text][\/vc_column][\/vc_row][vc_section full_width=\u00a0\u00bbstretch_row\u00a0\u00bb css=\u00a0\u00bb.vc_custom_1651819222404{padding-top: 100px !important;padding-bottom: 100px !important;}\u00a0\u00bb][vc_row][vc_column width=\u00a0\u00bb1\/12&Prime;][\/vc_column][vc_column width=\u00a0\u00bb10\/12&Prime;][vc_column_text] Mission [\/vc_column_text][vc_column_text el_class=\u00a0\u00bbdestacado\u00a0\u00bb] La mission de Jorpacak est d\u2019\u00eatre la &#8230; <a title=\"D\u00e9veloppement Professionnel\" class=\"read-more\" href=\"https:\/\/jorpack.com\/fr\/developpement-professionnel\/\" aria-label=\"En savoir plus sur D\u00e9veloppement Professionnel\">Leer m\u00e1s<\/a><\/p>\n","protected":false},"author":2,"featured_media":0,"parent":3612,"menu_order":0,"comment_status":"closed","ping_status":"closed","template":"","meta":{"_acf_changed":false,"footnotes":""},"class_list":["post-3614","page","type-page","status-publish"],"acf":[],"yoast_head":"<!-- This site is optimized with the Yoast SEO plugin v27.2 - https:\/\/yoast.com\/product\/yoast-seo-wordpress\/ -->\n<title>D\u00e9veloppement Professionnel - Jorpack\u00ae<\/title>\n<meta name=\"robots\" content=\"index, follow, max-snippet:-1, max-image-preview:large, max-video-preview:-1\" \/>\n<link rel=\"canonical\" href=\"https:\/\/jorpack.com\/fr\/developpement-professionnel\/\" \/>\n<meta property=\"og:locale\" content=\"fr_FR\" \/>\n<meta property=\"og:type\" content=\"article\" \/>\n<meta property=\"og:title\" content=\"D\u00e9veloppement Professionnel - Jorpack\u00ae\" \/>\n<meta property=\"og:description\" content=\"[vc_row full_width=\u00a0\u00bbstretch_row_content_no_spaces\u00a0\u00bb content_placement=\u00a0\u00bbmiddle\u00a0\u00bb parallax=\u00a0\u00bbcontent-moving\u00a0\u00bb parallax_image=\u00a0\u00bb1366&Prime; el_class=\u00a0\u00bbmision-vision\u00a0\u00bb][vc_column][vc_column_text el_class=\u00a0\u00bbtext-white\u00a0\u00bb] Mission et la Vision [\/vc_column_text][\/vc_column][\/vc_row][vc_section full_width=\u00a0\u00bbstretch_row\u00a0\u00bb css=\u00a0\u00bb.vc_custom_1651819222404{padding-top: 100px !important;padding-bottom: 100px !important;}\u00a0\u00bb][vc_row][vc_column width=\u00a0\u00bb1\/12&Prime;][\/vc_column][vc_column width=\u00a0\u00bb10\/12&Prime;][vc_column_text] Mission [\/vc_column_text][vc_column_text el_class=\u00a0\u00bbdestacado\u00a0\u00bb] La mission de Jorpacak est d\u2019\u00eatre la ... Leer m\u00e1s\" \/>\n<meta property=\"og:url\" content=\"https:\/\/jorpack.com\/fr\/developpement-professionnel\/\" \/>\n<meta property=\"og:site_name\" content=\"Jorpack\u00ae\" \/>\n<meta property=\"article:modified_time\" content=\"2022-09-13T14:38:37+00:00\" \/>\n<meta name=\"twitter:card\" content=\"summary_large_image\" \/>\n<meta name=\"twitter:label1\" content=\"Dur\u00e9e de lecture estim\u00e9e\" \/>\n\t<meta name=\"twitter:data1\" content=\"3 minutes\" \/>\n<script type=\"application\/ld+json\" class=\"yoast-schema-graph\">{\"@context\":\"https:\/\/schema.org\",\"@graph\":[{\"@type\":\"WebPage\",\"@id\":\"https:\/\/jorpack.com\/fr\/developpement-professionnel\/\",\"url\":\"https:\/\/jorpack.com\/fr\/developpement-professionnel\/\",\"name\":\"D\u00e9veloppement Professionnel - Jorpack\u00ae\",\"isPartOf\":{\"@id\":\"https:\/\/jorpack.com\/fr\/#website\"},\"datePublished\":\"2022-09-08T14:39:30+00:00\",\"dateModified\":\"2022-09-13T14:38:37+00:00\",\"breadcrumb\":{\"@id\":\"https:\/\/jorpack.com\/fr\/developpement-professionnel\/#breadcrumb\"},\"inLanguage\":\"fr-FR\",\"potentialAction\":[{\"@type\":\"ReadAction\",\"target\":[\"https:\/\/jorpack.com\/fr\/developpement-professionnel\/\"]}]},{\"@type\":\"BreadcrumbList\",\"@id\":\"https:\/\/jorpack.com\/fr\/developpement-professionnel\/#breadcrumb\",\"itemListElement\":[{\"@type\":\"ListItem\",\"position\":1,\"name\":\"Portada\",\"item\":\"https:\/\/jorpack.com\/fr\/\"},{\"@type\":\"ListItem\",\"position\":2,\"name\":\"Soci\u00e9t\u00e9\",\"item\":\"https:\/\/jorpack.com\/fr\/societe\/\"},{\"@type\":\"ListItem\",\"position\":3,\"name\":\"D\u00e9veloppement Professionnel\"}]},{\"@type\":\"WebSite\",\"@id\":\"https:\/\/jorpack.com\/fr\/#website\",\"url\":\"https:\/\/jorpack.com\/fr\/\",\"name\":\"Jorpack\u00ae\",\"description\":\"Amplia selecci\u00f3n de Formadoras\",\"publisher\":{\"@id\":\"https:\/\/jorpack.com\/fr\/#organization\"},\"potentialAction\":[{\"@type\":\"SearchAction\",\"target\":{\"@type\":\"EntryPoint\",\"urlTemplate\":\"https:\/\/jorpack.com\/fr\/?s={search_term_string}\"},\"query-input\":{\"@type\":\"PropertyValueSpecification\",\"valueRequired\":true,\"valueName\":\"search_term_string\"}}],\"inLanguage\":\"fr-FR\"},{\"@type\":\"Organization\",\"@id\":\"https:\/\/jorpack.com\/fr\/#organization\",\"name\":\"Jorpack\u00ae\",\"url\":\"https:\/\/jorpack.com\/fr\/\",\"logo\":{\"@type\":\"ImageObject\",\"inLanguage\":\"fr-FR\",\"@id\":\"https:\/\/jorpack.com\/fr\/#\/schema\/logo\/image\/\",\"url\":\"https:\/\/jorpack.com\/wp-content\/uploads\/2022\/03\/cropped-jorpack-logotipo.png\",\"contentUrl\":\"https:\/\/jorpack.com\/wp-content\/uploads\/2022\/03\/cropped-jorpack-logotipo.png\",\"width\":500,\"height\":110,\"caption\":\"Jorpack\u00ae\"},\"image\":{\"@id\":\"https:\/\/jorpack.com\/fr\/#\/schema\/logo\/image\/\"}}]}<\/script>\n<!-- \/ Yoast SEO plugin. -->","yoast_head_json":{"title":"D\u00e9veloppement Professionnel - Jorpack\u00ae","robots":{"index":"index","follow":"follow","max-snippet":"max-snippet:-1","max-image-preview":"max-image-preview:large","max-video-preview":"max-video-preview:-1"},"canonical":"https:\/\/jorpack.com\/fr\/developpement-professionnel\/","og_locale":"fr_FR","og_type":"article","og_title":"D\u00e9veloppement Professionnel - Jorpack\u00ae","og_description":"[vc_row full_width=\u00a0\u00bbstretch_row_content_no_spaces\u00a0\u00bb content_placement=\u00a0\u00bbmiddle\u00a0\u00bb parallax=\u00a0\u00bbcontent-moving\u00a0\u00bb parallax_image=\u00a0\u00bb1366&Prime; el_class=\u00a0\u00bbmision-vision\u00a0\u00bb][vc_column][vc_column_text el_class=\u00a0\u00bbtext-white\u00a0\u00bb] Mission et la Vision [\/vc_column_text][\/vc_column][\/vc_row][vc_section full_width=\u00a0\u00bbstretch_row\u00a0\u00bb css=\u00a0\u00bb.vc_custom_1651819222404{padding-top: 100px !important;padding-bottom: 100px !important;}\u00a0\u00bb][vc_row][vc_column width=\u00a0\u00bb1\/12&Prime;][\/vc_column][vc_column width=\u00a0\u00bb10\/12&Prime;][vc_column_text] Mission [\/vc_column_text][vc_column_text el_class=\u00a0\u00bbdestacado\u00a0\u00bb] La mission de Jorpacak est d\u2019\u00eatre la ... Leer m\u00e1s","og_url":"https:\/\/jorpack.com\/fr\/developpement-professionnel\/","og_site_name":"Jorpack\u00ae","article_modified_time":"2022-09-13T14:38:37+00:00","twitter_card":"summary_large_image","twitter_misc":{"Dur\u00e9e de lecture estim\u00e9e":"3 minutes"},"schema":{"@context":"https:\/\/schema.org","@graph":[{"@type":"WebPage","@id":"https:\/\/jorpack.com\/fr\/developpement-professionnel\/","url":"https:\/\/jorpack.com\/fr\/developpement-professionnel\/","name":"D\u00e9veloppement Professionnel - Jorpack\u00ae","isPartOf":{"@id":"https:\/\/jorpack.com\/fr\/#website"},"datePublished":"2022-09-08T14:39:30+00:00","dateModified":"2022-09-13T14:38:37+00:00","breadcrumb":{"@id":"https:\/\/jorpack.com\/fr\/developpement-professionnel\/#breadcrumb"},"inLanguage":"fr-FR","potentialAction":[{"@type":"ReadAction","target":["https:\/\/jorpack.com\/fr\/developpement-professionnel\/"]}]},{"@type":"BreadcrumbList","@id":"https:\/\/jorpack.com\/fr\/developpement-professionnel\/#breadcrumb","itemListElement":[{"@type":"ListItem","position":1,"name":"Portada","item":"https:\/\/jorpack.com\/fr\/"},{"@type":"ListItem","position":2,"name":"Soci\u00e9t\u00e9","item":"https:\/\/jorpack.com\/fr\/societe\/"},{"@type":"ListItem","position":3,"name":"D\u00e9veloppement Professionnel"}]},{"@type":"WebSite","@id":"https:\/\/jorpack.com\/fr\/#website","url":"https:\/\/jorpack.com\/fr\/","name":"Jorpack\u00ae","description":"Amplia selecci\u00f3n de Formadoras","publisher":{"@id":"https:\/\/jorpack.com\/fr\/#organization"},"potentialAction":[{"@type":"SearchAction","target":{"@type":"EntryPoint","urlTemplate":"https:\/\/jorpack.com\/fr\/?s={search_term_string}"},"query-input":{"@type":"PropertyValueSpecification","valueRequired":true,"valueName":"search_term_string"}}],"inLanguage":"fr-FR"},{"@type":"Organization","@id":"https:\/\/jorpack.com\/fr\/#organization","name":"Jorpack\u00ae","url":"https:\/\/jorpack.com\/fr\/","logo":{"@type":"ImageObject","inLanguage":"fr-FR","@id":"https:\/\/jorpack.com\/fr\/#\/schema\/logo\/image\/","url":"https:\/\/jorpack.com\/wp-content\/uploads\/2022\/03\/cropped-jorpack-logotipo.png","contentUrl":"https:\/\/jorpack.com\/wp-content\/uploads\/2022\/03\/cropped-jorpack-logotipo.png","width":500,"height":110,"caption":"Jorpack\u00ae"},"image":{"@id":"https:\/\/jorpack.com\/fr\/#\/schema\/logo\/image\/"}}]}},"_links":{"self":[{"href":"https:\/\/jorpack.com\/fr\/wp-json\/wp\/v2\/pages\/3614","targetHints":{"allow":["GET"]}}],"collection":[{"href":"https:\/\/jorpack.com\/fr\/wp-json\/wp\/v2\/pages"}],"about":[{"href":"https:\/\/jorpack.com\/fr\/wp-json\/wp\/v2\/types\/page"}],"author":[{"embeddable":true,"href":"https:\/\/jorpack.com\/fr\/wp-json\/wp\/v2\/users\/2"}],"replies":[{"embeddable":true,"href":"https:\/\/jorpack.com\/fr\/wp-json\/wp\/v2\/comments?post=3614"}],"version-history":[{"count":0,"href":"https:\/\/jorpack.com\/fr\/wp-json\/wp\/v2\/pages\/3614\/revisions"}],"up":[{"embeddable":true,"href":"https:\/\/jorpack.com\/fr\/wp-json\/wp\/v2\/pages\/3612"}],"wp:attachment":[{"href":"https:\/\/jorpack.com\/fr\/wp-json\/wp\/v2\/media?parent=3614"}],"curies":[{"name":"wp","href":"https:\/\/api.w.org\/{rel}","templated":true}]}}