{"id":3605,"date":"2022-09-08T13:54:41","date_gmt":"2022-09-08T13:54:41","guid":{"rendered":"https:\/\/jorpack.com\/?page_id=3605"},"modified":"2025-01-28T14:58:51","modified_gmt":"2025-01-28T14:58:51","slug":"aligneurs-et-retourneurs-de-caisses","status":"publish","type":"page","link":"https:\/\/jorpack.com\/fr\/aligneurs-et-distributeurs\/","title":{"rendered":"Aligneurs et Retourneurs de caisses"},"content":{"rendered":"<div class=\"wpb-content-wrapper\"><p>[vc_section full_width=\u00a0\u00bbstretch_row\u00a0\u00bb css=\u00a0\u00bb.vc_custom_1651499065727{padding-top: 30px !important;padding-bottom: 80px !important;background-color: #f5f5f5 !important;}\u00a0\u00bb][vc_row content_placement=\u00a0\u00bbmiddle\u00a0\u00bb el_class=\u00a0\u00bbpresentacion-producto\u00a0\u00bb][vc_column width=\u00a0\u00bb1\/2&Prime; offset=\u00a0\u00bbvc_hidden-xs\u00a0\u00bb][vc_single_image image=\u00a0\u00bb4800&Prime; img_size=\u00a0\u00bbfull\u00a0\u00bb][\/vc_column][vc_column width=\u00a0\u00bb1\/2&Prime;][vc_single_image image=\u00a0\u00bb4797&Prime; el_class=\u00a0\u00bbcolor-producto\u00a0\u00bb][vc_column_text css=\u00a0\u00bb.vc_custom_1662644911969{margin-bottom: 10px !important;}\u00a0\u00bb]<\/p>\n<h1>Aligneurs et Retourneurs de caisses<\/h1>\n<p>[\/vc_column_text][vc_column_text css=\u00a0\u00bb.vc_custom_1662644928037{margin-bottom: 10px !important;}\u00a0\u00bb]<\/p>\n<h3><span style=\"color: #a6a7a9; font-weight: 500;\">Prendre soin de votre produit<\/span><\/h3>\n<p>[\/vc_column_text][vc_column_text]Aligneurs et Retourneurs de caisses sans pression pour distribuer une ou plusieurs lignes pour n\u2019importe quel type de produit. Distribuez vos produits rapidement et en toute s\u00e9curit\u00e9.<\/p>\n<p>Et retourneurs de caisses avec syst\u00e8me de pales et haute pr\u00e9cision. Avec des virages jusqu\u2019\u00e0 180\u00ba.[\/vc_column_text][\/vc_column][\/vc_row][vc_row content_placement=\u00a0\u00bbmiddle\u00a0\u00bb][vc_column offset=\u00a0\u00bbvc_hidden-lg vc_hidden-md vc_hidden-sm\u00a0\u00bb][vc_single_image image=\u00a0\u00bb1838&Prime; img_size=\u00a0\u00bbfull\u00a0\u00bb][\/vc_column][\/vc_row][vc_row css=\u00a0\u00bb.vc_custom_1651499077117{padding-top: 40px !important;}\u00a0\u00bb][vc_column][vc_column_text el_id=\u00a0\u00bbdestacado\u00a0\u00bb]<\/p>\n<h4 style=\"text-align: center;\">D\u00e9couvrez la gamme d\u2019Aligneurs et Retourneurs de Bo\u00eetes Jorpack<\/h4>\n<p>[\/vc_column_text][vc_separator color=\u00a0\u00bbblack\u00a0\u00bb el_width=\u00a0\u00bb10&Prime;][\/vc_column][\/vc_row][vc_row full_width=\u00a0\u00bbstretch_row\u00a0\u00bb el_class=\u00a0\u00bbfichas-productos\u00a0\u00bb][vc_column]<div id=\"ult-carousel-371713695669f315acb015d\" class=\"ult-carousel-wrapper  vc_custom_1649749356235  ult_horizontal\" data-gutter=\"35\" data-rtl=\"false\" ><div class=\"ult-carousel-153580878369f315acaffc5 \" >[vc_row_inner css=\u00a0\u00bb.vc_custom_1649842321678{background-color: #ffffff !important;}\u00a0\u00bb el_class=\u00a0\u00bbficha-simple\u00a0\u00bb][vc_column_inner][vc_column_text css=\u00a0\u00bb.vc_custom_1663855245215{background-color: #ffffff !important;}\u00a0\u00bb]<\/p>\n<h4><a href=\"http:\/\/www.jorpack.com\/fr\/aligneurs-et-distributeurs\/desv-7700 \">DESV-7700<\/a><\/h4>\n<h6><span style=\"color: #808080;\">Aligneur &#8211; D\u00e9viateur de Produit<\/span><\/h6>\n<p>[\/vc_column_text][vc_single_image image=\u00a0\u00bb1898&Prime; img_size=\u00a0\u00bbmedium\u00a0\u00bb alignment=\u00a0\u00bbcenter\u00a0\u00bb onclick=\u00a0\u00bbcustom_link\u00a0\u00bb css=\u00a0\u00bb.vc_custom_1738076303181{margin-bottom: 30px !important;}\u00a0\u00bb el_class=\u00a0\u00bbfoto-producto-medium\u00a0\u00bb link=\u00a0\u00bbhttp:\/\/www.jorpack.com\/fr\/aligneurs-et-distributeurs\/desv-7700 \u00ab\u00a0][vc_empty_space][vc_single_image image=\u00a0\u00bb1428&Prime; img_size=\u00a0\u00bbmedium\u00a0\u00bb title=\u00a0\u00bbCualquier envases susceptible de ser encajado\u00a0\u00bb el_class=\u00a0\u00bbicono-ficha\u00a0\u00bb][vc_single_image image=\u00a0\u00bb1438&Prime; img_size=\u00a0\u00bb\u00a0\u00bb title=\u00a0\u00bb25000 bouteilles\/heure\u00a0\u00bb el_class=\u00a0\u00bbicono-ficha\u00a0\u00bb][vc_single_image image=\u00a0\u00bb1435&Prime; img_size=\u00a0\u00bbmedium\u00a0\u00bb el_class=\u00a0\u00bbicono-ficha\u00a0\u00bb title=\u00a0\u00bbChangements de format : tr\u00e8s courts et r\u00e9glement\u00e9s\u00a0\u00bb][vc_single_image image=\u00a0\u00bb1460&Prime; img_size=\u00a0\u00bb\u00a0\u00bb title=\u00a0\u00bbServomoteurs pour une plus grande pr\u00e9cision\u00a0\u00bb el_class=\u00a0\u00bbicono-ficha\u00a0\u00bb][vc_single_image image=\u00a0\u00bb4321&Prime; onclick=\u00a0\u00bbcustom_link\u00a0\u00bb el_class=\u00a0\u00bbicono-ficha view-more\u00a0\u00bb link=\u00a0\u00bbhttp:\/\/www.jorpack.com\/fr\/aligneurs-et-distributeurs\/desv-7700&Prime;][\/vc_column_inner][\/vc_row_inner][vc_row_inner css=\u00a0\u00bb.vc_custom_1649842321678{background-color: #ffffff !important;}\u00a0\u00bb el_class=\u00a0\u00bbficha-simple\u00a0\u00bb][vc_column_inner][vc_column_text css=\u00a0\u00bb.vc_custom_1663855269120{background-color: #ffffff !important;}\u00a0\u00bb]<\/p>\n<h4><a href=\"http:\/\/www.jorpack.com\/fr\/retourneurs-de-caisses\/volt-200 \">VOLT-200<\/a><\/h4>\n<h6><span style=\"color: #808080;\">Retourneurs de caisses Automatique<\/span><\/h6>\n<p>[\/vc_column_text][vc_single_image image=\u00a0\u00bb1899&Prime; img_size=\u00a0\u00bbmedium\u00a0\u00bb alignment=\u00a0\u00bbcenter\u00a0\u00bb onclick=\u00a0\u00bbcustom_link\u00a0\u00bb css=\u00a0\u00bb.vc_custom_1738076324958{margin-bottom: 30px !important;}\u00a0\u00bb el_class=\u00a0\u00bbfoto-producto-medium\u00a0\u00bb link=\u00a0\u00bbhttp:\/\/www.jorpack.com\/fr\/retourneurs-de-caisses\/volt-200 \u00ab\u00a0][vc_empty_space][vc_single_image image=\u00a0\u00bb1439&Prime; img_size=\u00a0\u00bbmedium\u00a0\u00bb title=\u00a0\u00bbPour cartons\u00a0\u00bb el_class=\u00a0\u00bbicono-ficha\u00a0\u00bb][vc_single_image image=\u00a0\u00bb1451&Prime; img_size=\u00a0\u00bbmedium\u00a0\u00bb title=\u00a0\u00bbRotation de 90\u00ba \u00e0 180\u00ba\u00a0\u00bb el_class=\u00a0\u00bbicono-ficha\u00a0\u00bb][vc_single_image image=\u00a0\u00bb1435&Prime; img_size=\u00a0\u00bbmedium\u00a0\u00bb el_class=\u00a0\u00bbicono-ficha\u00a0\u00bb title=\u00a0\u00bbChangements de format : Semi-automatique ou Automatique\u00a0\u00bb][vc_single_image image=\u00a0\u00bb1446&Prime; img_size=\u00a0\u00bbmedium\u00a0\u00bb title=\u00a0\u00bbExpulseur de produit : Optionnel\u00a0\u00bb el_class=\u00a0\u00bbicono-ficha\u00a0\u00bb][vc_single_image image=\u00a0\u00bb4321&Prime; onclick=\u00a0\u00bbcustom_link\u00a0\u00bb el_class=\u00a0\u00bbicono-ficha view-more\u00a0\u00bb link=\u00a0\u00bbhttp:\/\/www.jorpack.com\/fr\/retourneurs-de-caisses\/volt-200&Prime;][\/vc_column_inner][\/vc_row_inner]<\/div><\/div>\t\t\t<script type=\"text\/javascript\">\n\t\t\t\tjQuery(document).ready(function ($) {\n\t\t\t\t\tif( typeof jQuery('.ult-carousel-153580878369f315acaffc5').slick == \"function\"){\n\t\t\t\t\t\t$('.ult-carousel-153580878369f315acaffc5').slick({dots: false,autoplaySpeed: \"5000\",speed: \"300\",infinite: true,arrows: true,nextArrow: '<button type=\"button\" role=\"button\" aria-label=\"Next\" style=\"color:#333333; font-size:36px;\" class=\"slick-next default\"><i class=\"ultsl-arrow-right6\"><\/i><\/button>',prevArrow: '<button type=\"button\" role=\"button\" aria-label=\"Previous\" style=\"color:#333333; font-size:36px;\" class=\"slick-prev default\"><i class=\"ultsl-arrow-left6\"><\/i><\/button>',slidesToScroll:1,slidesToShow:3,swipe: true,draggable: true,touchMove: true,pauseOnHover: true,pauseOnFocus: false,responsive: [\n\t\t\t\t\t\t\t{\n\t\t\t\t\t\t\t  breakpoint: 1026,\n\t\t\t\t\t\t\t  settings: {\n\t\t\t\t\t\t\t\tslidesToShow: 3,\n\t\t\t\t\t\t\t\tslidesToScroll: 1,  \n\t\t\t\t\t\t\t  }\n\t\t\t\t\t\t\t},\n\t\t\t\t\t\t\t{\n\t\t\t\t\t\t\t  breakpoint: 1025,\n\t\t\t\t\t\t\t  settings: {\n\t\t\t\t\t\t\t\tslidesToShow: 2,\n\t\t\t\t\t\t\t\tslidesToScroll: 1\n\t\t\t\t\t\t\t  }\n\t\t\t\t\t\t\t},\n\t\t\t\t\t\t\t{\n\t\t\t\t\t\t\t  breakpoint: 760,\n\t\t\t\t\t\t\t  settings: {\n\t\t\t\t\t\t\t\tslidesToShow: 1,\n\t\t\t\t\t\t\t\tslidesToScroll: 1\n\t\t\t\t\t\t\t  }\n\t\t\t\t\t\t\t}\n\t\t\t\t\t\t],pauseOnDotsHover: true,customPaging: function(slider, i) {\n                   return '<i type=\"button\" style= \"color:#333333;\" class=\"ultsl-record\" data-role=\"none\"><\/i>';\n                },});\n\t\t\t\t\t}\n\t\t\t\t});\n\t\t\t<\/script>\n\t\t\t[\/vc_column][\/vc_row][\/vc_section][vc_section disable_element=\u00a0\u00bbyes\u00a0\u00bb css=\u00a0\u00bb.vc_custom_1650529136892{padding-top: 100px !important;padding-bottom: 50px !important;}\u00a0\u00bb][vc_row content_placement=\u00a0\u00bbmiddle\u00a0\u00bb][vc_column][vc_video align=\u00a0\u00bbright\u00a0\u00bb][\/vc_column][\/vc_row][\/vc_section]<\/p>\n<\/div>","protected":false},"excerpt":{"rendered":"<p>[vc_section full_width=\u00a0\u00bbstretch_row\u00a0\u00bb css=\u00a0\u00bb.vc_custom_1651499065727{padding-top: 30px !important;padding-bottom: 80px !important;background-color: #f5f5f5 !important;}\u00a0\u00bb][vc_row content_placement=\u00a0\u00bbmiddle\u00a0\u00bb el_class=\u00a0\u00bbpresentacion-producto\u00a0\u00bb][vc_column width=\u00a0\u00bb1\/2&Prime; offset=\u00a0\u00bbvc_hidden-xs\u00a0\u00bb][vc_single_image image=\u00a0\u00bb4800&Prime; img_size=\u00a0\u00bbfull\u00a0\u00bb][\/vc_column][vc_column width=\u00a0\u00bb1\/2&Prime;][vc_single_image image=\u00a0\u00bb4797&Prime; el_class=\u00a0\u00bbcolor-producto\u00a0\u00bb][vc_column_text css=\u00a0\u00bb.vc_custom_1662644911969{margin-bottom: 10px !important;}\u00a0\u00bb] Aligneurs et Retourneurs de caisses [\/vc_column_text][vc_column_text css=\u00a0\u00bb.vc_custom_1662644928037{margin-bottom: 10px !important;}\u00a0\u00bb] &#8230; <a title=\"Aligneurs et Retourneurs de caisses\" class=\"read-more\" href=\"https:\/\/jorpack.com\/fr\/aligneurs-et-distributeurs\/\" aria-label=\"En savoir plus sur Aligneurs et Retourneurs de caisses\">Leer m\u00e1s<\/a><\/p>\n","protected":false},"author":2,"featured_media":0,"parent":0,"menu_order":0,"comment_status":"closed","ping_status":"closed","template":"","meta":{"_acf_changed":false,"footnotes":""},"class_list":["post-3605","page","type-page","status-publish"],"acf":[],"yoast_head":"<!-- This site is optimized with the Yoast SEO plugin v27.5 - https:\/\/yoast.com\/product\/yoast-seo-wordpress\/ -->\n<title>Aligneurs et Retourneurs de caisses - Jorpack\u00ae<\/title>\n<meta name=\"robots\" content=\"index, follow, max-snippet:-1, max-image-preview:large, max-video-preview:-1\" \/>\n<link rel=\"canonical\" href=\"https:\/\/jorpack.com\/fr\/aligneurs-et-distributeurs\/\" \/>\n<meta property=\"og:locale\" content=\"fr_FR\" \/>\n<meta property=\"og:type\" content=\"article\" \/>\n<meta property=\"og:title\" content=\"Aligneurs et Retourneurs de caisses - Jorpack\u00ae\" \/>\n<meta property=\"og:description\" content=\"[vc_section full_width=\u00a0\u00bbstretch_row\u00a0\u00bb css=\u00a0\u00bb.vc_custom_1651499065727{padding-top: 30px !important;padding-bottom: 80px !important;background-color: #f5f5f5 !important;}\u00a0\u00bb][vc_row content_placement=\u00a0\u00bbmiddle\u00a0\u00bb el_class=\u00a0\u00bbpresentacion-producto\u00a0\u00bb][vc_column width=\u00a0\u00bb1\/2&Prime; offset=\u00a0\u00bbvc_hidden-xs\u00a0\u00bb][vc_single_image image=\u00a0\u00bb4800&Prime; img_size=\u00a0\u00bbfull\u00a0\u00bb][\/vc_column][vc_column width=\u00a0\u00bb1\/2&Prime;][vc_single_image image=\u00a0\u00bb4797&Prime; el_class=\u00a0\u00bbcolor-producto\u00a0\u00bb][vc_column_text css=\u00a0\u00bb.vc_custom_1662644911969{margin-bottom: 10px !important;}\u00a0\u00bb] Aligneurs et Retourneurs de caisses [\/vc_column_text][vc_column_text css=\u00a0\u00bb.vc_custom_1662644928037{margin-bottom: 10px !important;}\u00a0\u00bb] ... Leer m\u00e1s\" \/>\n<meta property=\"og:url\" content=\"https:\/\/jorpack.com\/fr\/aligneurs-et-distributeurs\/\" \/>\n<meta property=\"og:site_name\" content=\"Jorpack\u00ae\" \/>\n<meta property=\"article:modified_time\" content=\"2025-01-28T14:58:51+00:00\" \/>\n<meta name=\"twitter:card\" content=\"summary_large_image\" \/>\n<meta name=\"twitter:label1\" content=\"Dur\u00e9e de lecture estim\u00e9e\" \/>\n\t<meta name=\"twitter:data1\" content=\"4 minutes\" \/>\n<script type=\"application\/ld+json\" class=\"yoast-schema-graph\">{\"@context\":\"https:\\\/\\\/schema.org\",\"@graph\":[{\"@type\":\"WebPage\",\"@id\":\"https:\\\/\\\/jorpack.com\\\/fr\\\/aligneurs-et-distributeurs\\\/\",\"url\":\"https:\\\/\\\/jorpack.com\\\/fr\\\/aligneurs-et-distributeurs\\\/\",\"name\":\"Aligneurs et Retourneurs de caisses - Jorpack\u00ae\",\"isPartOf\":{\"@id\":\"https:\\\/\\\/jorpack.com\\\/fr\\\/#website\"},\"datePublished\":\"2022-09-08T13:54:41+00:00\",\"dateModified\":\"2025-01-28T14:58:51+00:00\",\"breadcrumb\":{\"@id\":\"https:\\\/\\\/jorpack.com\\\/fr\\\/aligneurs-et-distributeurs\\\/#breadcrumb\"},\"inLanguage\":\"fr-FR\",\"potentialAction\":[{\"@type\":\"ReadAction\",\"target\":[\"https:\\\/\\\/jorpack.com\\\/fr\\\/aligneurs-et-distributeurs\\\/\"]}]},{\"@type\":\"BreadcrumbList\",\"@id\":\"https:\\\/\\\/jorpack.com\\\/fr\\\/aligneurs-et-distributeurs\\\/#breadcrumb\",\"itemListElement\":[{\"@type\":\"ListItem\",\"position\":1,\"name\":\"Portada\",\"item\":\"https:\\\/\\\/jorpack.com\\\/fr\\\/\"},{\"@type\":\"ListItem\",\"position\":2,\"name\":\"Aligneurs et Retourneurs de caisses\"}]},{\"@type\":\"WebSite\",\"@id\":\"https:\\\/\\\/jorpack.com\\\/fr\\\/#website\",\"url\":\"https:\\\/\\\/jorpack.com\\\/fr\\\/\",\"name\":\"Jorpack\u00ae\",\"description\":\"Amplia selecci\u00f3n de Formadoras\",\"publisher\":{\"@id\":\"https:\\\/\\\/jorpack.com\\\/fr\\\/#organization\"},\"potentialAction\":[{\"@type\":\"SearchAction\",\"target\":{\"@type\":\"EntryPoint\",\"urlTemplate\":\"https:\\\/\\\/jorpack.com\\\/fr\\\/?s={search_term_string}\"},\"query-input\":{\"@type\":\"PropertyValueSpecification\",\"valueRequired\":true,\"valueName\":\"search_term_string\"}}],\"inLanguage\":\"fr-FR\"},{\"@type\":\"Organization\",\"@id\":\"https:\\\/\\\/jorpack.com\\\/fr\\\/#organization\",\"name\":\"Jorpack\u00ae\",\"url\":\"https:\\\/\\\/jorpack.com\\\/fr\\\/\",\"logo\":{\"@type\":\"ImageObject\",\"inLanguage\":\"fr-FR\",\"@id\":\"https:\\\/\\\/jorpack.com\\\/fr\\\/#\\\/schema\\\/logo\\\/image\\\/\",\"url\":\"https:\\\/\\\/jorpack.com\\\/wp-content\\\/uploads\\\/2022\\\/03\\\/cropped-jorpack-logotipo.png\",\"contentUrl\":\"https:\\\/\\\/jorpack.com\\\/wp-content\\\/uploads\\\/2022\\\/03\\\/cropped-jorpack-logotipo.png\",\"width\":500,\"height\":110,\"caption\":\"Jorpack\u00ae\"},\"image\":{\"@id\":\"https:\\\/\\\/jorpack.com\\\/fr\\\/#\\\/schema\\\/logo\\\/image\\\/\"}}]}<\/script>\n<!-- \/ Yoast SEO plugin. -->","yoast_head_json":{"title":"Aligneurs et Retourneurs de caisses - Jorpack\u00ae","robots":{"index":"index","follow":"follow","max-snippet":"max-snippet:-1","max-image-preview":"max-image-preview:large","max-video-preview":"max-video-preview:-1"},"canonical":"https:\/\/jorpack.com\/fr\/aligneurs-et-distributeurs\/","og_locale":"fr_FR","og_type":"article","og_title":"Aligneurs et Retourneurs de caisses - Jorpack\u00ae","og_description":"[vc_section full_width=\u00a0\u00bbstretch_row\u00a0\u00bb css=\u00a0\u00bb.vc_custom_1651499065727{padding-top: 30px !important;padding-bottom: 80px !important;background-color: #f5f5f5 !important;}\u00a0\u00bb][vc_row content_placement=\u00a0\u00bbmiddle\u00a0\u00bb el_class=\u00a0\u00bbpresentacion-producto\u00a0\u00bb][vc_column width=\u00a0\u00bb1\/2&Prime; offset=\u00a0\u00bbvc_hidden-xs\u00a0\u00bb][vc_single_image image=\u00a0\u00bb4800&Prime; img_size=\u00a0\u00bbfull\u00a0\u00bb][\/vc_column][vc_column width=\u00a0\u00bb1\/2&Prime;][vc_single_image image=\u00a0\u00bb4797&Prime; el_class=\u00a0\u00bbcolor-producto\u00a0\u00bb][vc_column_text css=\u00a0\u00bb.vc_custom_1662644911969{margin-bottom: 10px !important;}\u00a0\u00bb] Aligneurs et Retourneurs de caisses [\/vc_column_text][vc_column_text css=\u00a0\u00bb.vc_custom_1662644928037{margin-bottom: 10px !important;}\u00a0\u00bb] ... Leer m\u00e1s","og_url":"https:\/\/jorpack.com\/fr\/aligneurs-et-distributeurs\/","og_site_name":"Jorpack\u00ae","article_modified_time":"2025-01-28T14:58:51+00:00","twitter_card":"summary_large_image","twitter_misc":{"Dur\u00e9e de lecture estim\u00e9e":"4 minutes"},"schema":{"@context":"https:\/\/schema.org","@graph":[{"@type":"WebPage","@id":"https:\/\/jorpack.com\/fr\/aligneurs-et-distributeurs\/","url":"https:\/\/jorpack.com\/fr\/aligneurs-et-distributeurs\/","name":"Aligneurs et Retourneurs de caisses - Jorpack\u00ae","isPartOf":{"@id":"https:\/\/jorpack.com\/fr\/#website"},"datePublished":"2022-09-08T13:54:41+00:00","dateModified":"2025-01-28T14:58:51+00:00","breadcrumb":{"@id":"https:\/\/jorpack.com\/fr\/aligneurs-et-distributeurs\/#breadcrumb"},"inLanguage":"fr-FR","potentialAction":[{"@type":"ReadAction","target":["https:\/\/jorpack.com\/fr\/aligneurs-et-distributeurs\/"]}]},{"@type":"BreadcrumbList","@id":"https:\/\/jorpack.com\/fr\/aligneurs-et-distributeurs\/#breadcrumb","itemListElement":[{"@type":"ListItem","position":1,"name":"Portada","item":"https:\/\/jorpack.com\/fr\/"},{"@type":"ListItem","position":2,"name":"Aligneurs et Retourneurs de caisses"}]},{"@type":"WebSite","@id":"https:\/\/jorpack.com\/fr\/#website","url":"https:\/\/jorpack.com\/fr\/","name":"Jorpack\u00ae","description":"Amplia selecci\u00f3n de Formadoras","publisher":{"@id":"https:\/\/jorpack.com\/fr\/#organization"},"potentialAction":[{"@type":"SearchAction","target":{"@type":"EntryPoint","urlTemplate":"https:\/\/jorpack.com\/fr\/?s={search_term_string}"},"query-input":{"@type":"PropertyValueSpecification","valueRequired":true,"valueName":"search_term_string"}}],"inLanguage":"fr-FR"},{"@type":"Organization","@id":"https:\/\/jorpack.com\/fr\/#organization","name":"Jorpack\u00ae","url":"https:\/\/jorpack.com\/fr\/","logo":{"@type":"ImageObject","inLanguage":"fr-FR","@id":"https:\/\/jorpack.com\/fr\/#\/schema\/logo\/image\/","url":"https:\/\/jorpack.com\/wp-content\/uploads\/2022\/03\/cropped-jorpack-logotipo.png","contentUrl":"https:\/\/jorpack.com\/wp-content\/uploads\/2022\/03\/cropped-jorpack-logotipo.png","width":500,"height":110,"caption":"Jorpack\u00ae"},"image":{"@id":"https:\/\/jorpack.com\/fr\/#\/schema\/logo\/image\/"}}]}},"_links":{"self":[{"href":"https:\/\/jorpack.com\/fr\/wp-json\/wp\/v2\/pages\/3605","targetHints":{"allow":["GET"]}}],"collection":[{"href":"https:\/\/jorpack.com\/fr\/wp-json\/wp\/v2\/pages"}],"about":[{"href":"https:\/\/jorpack.com\/fr\/wp-json\/wp\/v2\/types\/page"}],"author":[{"embeddable":true,"href":"https:\/\/jorpack.com\/fr\/wp-json\/wp\/v2\/users\/2"}],"replies":[{"embeddable":true,"href":"https:\/\/jorpack.com\/fr\/wp-json\/wp\/v2\/comments?post=3605"}],"version-history":[{"count":0,"href":"https:\/\/jorpack.com\/fr\/wp-json\/wp\/v2\/pages\/3605\/revisions"}],"wp:attachment":[{"href":"https:\/\/jorpack.com\/fr\/wp-json\/wp\/v2\/media?parent=3605"}],"curies":[{"name":"wp","href":"https:\/\/api.w.org\/{rel}","templated":true}]}}