{"id":3598,"date":"2022-09-08T13:25:17","date_gmt":"2022-09-08T13:25:17","guid":{"rendered":"https:\/\/jorpack.com\/?page_id=3598"},"modified":"2025-04-23T08:49:24","modified_gmt":"2025-04-23T08:49:24","slug":"palettiseurs","status":"publish","type":"page","link":"https:\/\/jorpack.com\/fr\/palettiseurs\/","title":{"rendered":"Palettiseurs"},"content":{"rendered":"<div class=\"wpb-content-wrapper\"><p>[vc_section full_width=\u00a0\u00bbstretch_row\u00a0\u00bb css=\u00a0\u00bb.vc_custom_1651498818180{padding-top: 30px !important;padding-bottom: 80px !important;background-color: #f5f5f5 !important;}\u00a0\u00bb][vc_row content_placement=\u00a0\u00bbmiddle\u00a0\u00bb el_class=\u00a0\u00bbpresentacion-producto\u00a0\u00bb][vc_column width=\u00a0\u00bb1\/2&Prime; offset=\u00a0\u00bbvc_hidden-xs\u00a0\u00bb][vc_single_image image=\u00a0\u00bb5974&Prime; img_size=\u00a0\u00bbfull\u00a0\u00bb][\/vc_column][vc_column width=\u00a0\u00bb1\/2&Prime;][vc_single_image image=\u00a0\u00bb5978&Prime; el_class=\u00a0\u00bbcolor-producto\u00a0\u00bb][vc_column_text css=\u00a0\u00bb.vc_custom_1662643102005{margin-bottom: 10px !important;}\u00a0\u00bb]<\/p>\n<h1>Palettiseurs<\/h1>\n<p>[\/vc_column_text][vc_column_text css=\u00a0\u00bb.vc_custom_1662643122215{margin-bottom: 10px !important;}\u00a0\u00bb]<\/p>\n<h3><span style=\"color: #a6a7a9; font-weight: 500;\">La voie du succ\u00e8s<\/span><\/h3>\n<p>[\/vc_column_text][vc_column_text]La gamme de solutions de palettisation de Jorpak constitue le compl\u00e9ment id\u00e9al pour diff\u00e9rencier l\u2019image de votre entreprise de ses concurrents.<\/p>\n<p>Pour nous, le processus de formation d\u2019une palette est fondamental, afin d\u2019\u00e9viter des dommages pendant le transport et d\u2019arriver \u00e0 sa destination finale en parfait \u00e9tat.[\/vc_column_text][\/vc_column][\/vc_row][vc_row content_placement=\u00a0\u00bbmiddle\u00a0\u00bb][vc_column offset=\u00a0\u00bbvc_hidden-lg vc_hidden-md vc_hidden-sm\u00a0\u00bb][vc_single_image image=\u00a0\u00bb5974&Prime; img_size=\u00a0\u00bbfull\u00a0\u00bb][\/vc_column][\/vc_row][vc_row css=\u00a0\u00bb.vc_custom_1651498824181{padding-top: 40px !important;}\u00a0\u00bb][vc_column][vc_column_text el_class=\u00a0\u00bbdestacado\u00a0\u00bb]<\/p>\n<h4 style=\"text-align: center;\">D\u00e9couvrez la gamme de Palettiseurs Jorpack<\/h4>\n<p>[\/vc_column_text][vc_separator color=\u00a0\u00bbblack\u00a0\u00bb el_width=\u00a0\u00bb10&Prime;][\/vc_column][\/vc_row][vc_row full_width=\u00a0\u00bbstretch_row\u00a0\u00bb el_class=\u00a0\u00bbfichas-productos\u00a0\u00bb][vc_column]<div id=\"ult-carousel-137786013669f0587e5f5d9\" class=\"ult-carousel-wrapper  vc_custom_1649749356235  ult_horizontal\" data-gutter=\"35\" data-rtl=\"false\" ><div class=\"ult-carousel-91810010269f0587e5f43c \" >[vc_row_inner css=\u00a0\u00bb.vc_custom_1649842321678{background-color: #ffffff !important;}\u00a0\u00bb el_class=\u00a0\u00bbficha-simple\u00a0\u00bb][vc_column_inner][vc_column_text css=\u00a0\u00bb.vc_custom_1663856297264{background-color: #ffffff !important;}\u00a0\u00bb]<\/p>\n<h4><a href=\"https:\/\/www.jorpack.com\/fr\/palettiseurs\/man-6000 \">MAN-6000<\/a><\/h4>\n<h6><span style=\"color: #808080;\">D\u00e9palettiseur automatique<\/span><\/h6>\n<p>[\/vc_column_text][vc_single_image image=\u00a0\u00bb5981&Prime; img_size=\u00a0\u00bbmedium\u00a0\u00bb alignment=\u00a0\u00bbcenter\u00a0\u00bb onclick=\u00a0\u00bbcustom_link\u00a0\u00bb css=\u00a0\u00bb.vc_custom_1738073317925{margin-bottom: 30px !important;}\u00a0\u00bb el_class=\u00a0\u00bbfoto-producto-medium\u00a0\u00bb link=\u00a0\u00bbhttps:\/\/www.jorpack.com\/fr\/palettiseurs\/man-6000&Prime;][vc_empty_space][vc_single_image image=\u00a0\u00bb5991&Prime; img_size=\u00a0\u00bbmedium\u00a0\u00bb el_class=\u00a0\u00bbicono-ficha\u00a0\u00bb][vc_single_image image=\u00a0\u00bb5994&Prime; img_size=\u00a0\u00bbmedium\u00a0\u00bb title=\u00a0\u00bbChangements de formats: automatiques\u00a0\u00bb el_class=\u00a0\u00bbicono-ficha\u00a0\u00bb][vc_single_image image=\u00a0\u00bb5773&Prime; img_size=\u00a0\u00bb\u00a0\u00bb title=\u00a0\u00bbCambios de formatos: Autom\u00e1ticos\u00a0\u00bb el_class=\u00a0\u00bbicono-ficha\u00a0\u00bb][vc_single_image image=\u00a0\u00bb5997&Prime; img_size=\u00a0\u00bbmedium\u00a0\u00bb el_class=\u00a0\u00bbicono-ficha\u00a0\u00bb title=\u00a0\u00bbMagasin de palettes : optionnel\u00a0\u00bb][vc_single_image image=\u00a0\u00bb6000&Prime; img_size=\u00a0\u00bb\u00a0\u00bb title=\u00a0\u00bbIntercalaire de carton : Optionnel\u00a0\u00bb el_class=\u00a0\u00bbicono-ficha\u00a0\u00bb][vc_single_image image=\u00a0\u00bb4321&Prime; onclick=\u00a0\u00bbcustom_link\u00a0\u00bb el_class=\u00a0\u00bbicono-ficha view-more\u00a0\u00bb link=\u00a0\u00bbhttps:\/\/www.jorpack.com\/fr\/palettiseurs\/man-6000&Prime;][\/vc_column_inner][\/vc_row_inner][vc_row_inner css=\u00a0\u00bb.vc_custom_1649842321678{background-color: #ffffff !important;}\u00a0\u00bb el_class=\u00a0\u00bbficha-simple\u00a0\u00bb][vc_column_inner][vc_column_text css=\u00a0\u00bb.vc_custom_1663856321011{background-color: #ffffff !important;}\u00a0\u00bb]<\/p>\n<h4><a href=\"https:\/\/www.jorpack.com\/fr\/palettiseurs\/pli-2000 \">PLI-2000<\/a><\/h4>\n<h6><span style=\"color: #808080;\">Palettiseur automatique<\/span><\/h6>\n<p>[\/vc_column_text][vc_single_image image=\u00a0\u00bb5984&Prime; img_size=\u00a0\u00bbmedium\u00a0\u00bb alignment=\u00a0\u00bbcenter\u00a0\u00bb onclick=\u00a0\u00bbcustom_link\u00a0\u00bb css=\u00a0\u00bb.vc_custom_1738073341515{margin-bottom: 30px !important;}\u00a0\u00bb el_class=\u00a0\u00bbfoto-producto-medium\u00a0\u00bb link=\u00a0\u00bbhttps:\/\/www.jorpack.com\/fr\/palettiseurs\/pli-2000&Prime;][vc_empty_space][vc_single_image image=\u00a0\u00bb5991&Prime; img_size=\u00a0\u00bbmedium\u00a0\u00bb el_class=\u00a0\u00bbicono-ficha\u00a0\u00bb][vc_single_image image=\u00a0\u00bb5994&Prime; img_size=\u00a0\u00bbmedium\u00a0\u00bb title=\u00a0\u00bbChangements de formats: automatiques\u00a0\u00bb el_class=\u00a0\u00bbicono-ficha\u00a0\u00bb][vc_single_image image=\u00a0\u00bb5773&Prime; img_size=\u00a0\u00bb\u00a0\u00bb title=\u00a0\u00bbCambios de formatos: Autom\u00e1ticos\u00a0\u00bb el_class=\u00a0\u00bbicono-ficha\u00a0\u00bb][vc_single_image image=\u00a0\u00bb5997&Prime; img_size=\u00a0\u00bbmedium\u00a0\u00bb el_class=\u00a0\u00bbicono-ficha\u00a0\u00bb title=\u00a0\u00bbMagasin de palettes : inclus\u00a0\u00bb][vc_single_image image=\u00a0\u00bb6000&Prime; img_size=\u00a0\u00bb\u00a0\u00bb title=\u00a0\u00bbIntercalaire de carton : Optionnel\u00a0\u00bb el_class=\u00a0\u00bbicono-ficha\u00a0\u00bb][vc_single_image image=\u00a0\u00bb4321&Prime; onclick=\u00a0\u00bbcustom_link\u00a0\u00bb el_class=\u00a0\u00bbicono-ficha view-more\u00a0\u00bb link=\u00a0\u00bbhttps:\/\/www.jorpack.com\/fr\/palettiseurs\/pli-2000&Prime;][\/vc_column_inner][\/vc_row_inner][vc_row_inner css=\u00a0\u00bb.vc_custom_1649842321678{background-color: #ffffff !important;}\u00a0\u00bb el_class=\u00a0\u00bbficha-simple\u00a0\u00bb][vc_column_inner][vc_column_text css=\u00a0\u00bb.vc_custom_1663856351445{background-color: #ffffff !important;}\u00a0\u00bb]<\/p>\n<h4><a href=\"https:\/\/www.jorpack.com\/fr\/palettiseurs\/serie-9600 \"><span style=\"color: #edca00;\">ROBOT<\/span>PLI<\/a><\/h4>\n<h6><span style=\"color: #808080;\">Solutions de palettisation avec Robots<\/span><\/h6>\n<p>[\/vc_column_text][vc_single_image image=\u00a0\u00bb5987&Prime; img_size=\u00a0\u00bbmedium\u00a0\u00bb alignment=\u00a0\u00bbcenter\u00a0\u00bb onclick=\u00a0\u00bbcustom_link\u00a0\u00bb css=\u00a0\u00bb.vc_custom_1738073361266{margin-bottom: 30px !important;}\u00a0\u00bb el_class=\u00a0\u00bbfoto-producto-medium\u00a0\u00bb link=\u00a0\u00bbhttps:\/\/www.jorpack.com\/fr\/palettiseurs\/serie-9600&Prime;][vc_empty_space][vc_single_image image=\u00a0\u00bb5991&Prime; img_size=\u00a0\u00bbmedium\u00a0\u00bb el_class=\u00a0\u00bbicono-ficha\u00a0\u00bb][vc_single_image image=\u00a0\u00bb5994&Prime; img_size=\u00a0\u00bbmedium\u00a0\u00bb title=\u00a0\u00bbChangements de formats: automatiques\u00a0\u00bb el_class=\u00a0\u00bbicono-ficha\u00a0\u00bb][vc_single_image image=\u00a0\u00bb5773&Prime; img_size=\u00a0\u00bb\u00a0\u00bb title=\u00a0\u00bbCambios de formatos: Autom\u00e1ticos\u00a0\u00bb el_class=\u00a0\u00bbicono-ficha\u00a0\u00bb][vc_single_image image=\u00a0\u00bb5997&Prime; img_size=\u00a0\u00bbmedium\u00a0\u00bb el_class=\u00a0\u00bbicono-ficha\u00a0\u00bb title=\u00a0\u00bbMagasin de palettes : optionnel\u00a0\u00bb][vc_single_image image=\u00a0\u00bb6000&Prime; img_size=\u00a0\u00bb\u00a0\u00bb title=\u00a0\u00bbIntercalaire de carton : Optionnel\u00a0\u00bb el_class=\u00a0\u00bbicono-ficha\u00a0\u00bb][vc_single_image image=\u00a0\u00bb4321&Prime; onclick=\u00a0\u00bbcustom_link\u00a0\u00bb el_class=\u00a0\u00bbicono-ficha view-more\u00a0\u00bb link=\u00a0\u00bbhttps:\/\/www.jorpack.com\/fr\/palettiseurs\/serie-9600&Prime;][\/vc_column_inner][\/vc_row_inner]<\/div><\/div>\t\t\t<script type=\"text\/javascript\">\n\t\t\t\tjQuery(document).ready(function ($) {\n\t\t\t\t\tif( typeof jQuery('.ult-carousel-91810010269f0587e5f43c').slick == \"function\"){\n\t\t\t\t\t\t$('.ult-carousel-91810010269f0587e5f43c').slick({dots: false,autoplaySpeed: \"5000\",speed: \"300\",infinite: true,arrows: true,nextArrow: '<button type=\"button\" role=\"button\" aria-label=\"Next\" style=\"color:#333333; font-size:36px;\" class=\"slick-next default\"><i class=\"ultsl-arrow-right6\"><\/i><\/button>',prevArrow: '<button type=\"button\" role=\"button\" aria-label=\"Previous\" style=\"color:#333333; font-size:36px;\" class=\"slick-prev default\"><i class=\"ultsl-arrow-left6\"><\/i><\/button>',slidesToScroll:1,slidesToShow:3,swipe: true,draggable: true,touchMove: true,pauseOnHover: true,pauseOnFocus: false,responsive: [\n\t\t\t\t\t\t\t{\n\t\t\t\t\t\t\t  breakpoint: 1026,\n\t\t\t\t\t\t\t  settings: {\n\t\t\t\t\t\t\t\tslidesToShow: 3,\n\t\t\t\t\t\t\t\tslidesToScroll: 1,  \n\t\t\t\t\t\t\t  }\n\t\t\t\t\t\t\t},\n\t\t\t\t\t\t\t{\n\t\t\t\t\t\t\t  breakpoint: 1025,\n\t\t\t\t\t\t\t  settings: {\n\t\t\t\t\t\t\t\tslidesToShow: 2,\n\t\t\t\t\t\t\t\tslidesToScroll: 1\n\t\t\t\t\t\t\t  }\n\t\t\t\t\t\t\t},\n\t\t\t\t\t\t\t{\n\t\t\t\t\t\t\t  breakpoint: 760,\n\t\t\t\t\t\t\t  settings: {\n\t\t\t\t\t\t\t\tslidesToShow: 1,\n\t\t\t\t\t\t\t\tslidesToScroll: 1\n\t\t\t\t\t\t\t  }\n\t\t\t\t\t\t\t}\n\t\t\t\t\t\t],pauseOnDotsHover: true,customPaging: function(slider, i) {\n                   return '<i type=\"button\" style= \"color:#333333;\" class=\"ultsl-record\" data-role=\"none\"><\/i>';\n                },});\n\t\t\t\t\t}\n\t\t\t\t});\n\t\t\t<\/script>\n\t\t\t[\/vc_column][\/vc_row][\/vc_section][vc_section css=\u00a0\u00bb.vc_custom_1745398143817{padding-top: 100px !important;padding-bottom: 100px !important;}\u00a0\u00bb][vc_row content_placement=\u00a0\u00bbmiddle\u00a0\u00bb][vc_column][vc_video link=\u00a0\u00bbhttps:\/\/youtu.be\/Ej2onk1HDQQ\u00a0\u00bb el_width=\u00a0\u00bb60&Prime; align=\u00a0\u00bbcenter\u00a0\u00bb css=\u00a0\u00bb\u00a0\u00bb][\/vc_column][\/vc_row][\/vc_section]<\/p>\n<\/div>","protected":false},"excerpt":{"rendered":"<p>[vc_section full_width=\u00a0\u00bbstretch_row\u00a0\u00bb css=\u00a0\u00bb.vc_custom_1651498818180{padding-top: 30px !important;padding-bottom: 80px !important;background-color: #f5f5f5 !important;}\u00a0\u00bb][vc_row content_placement=\u00a0\u00bbmiddle\u00a0\u00bb el_class=\u00a0\u00bbpresentacion-producto\u00a0\u00bb][vc_column width=\u00a0\u00bb1\/2&Prime; offset=\u00a0\u00bbvc_hidden-xs\u00a0\u00bb][vc_single_image image=\u00a0\u00bb5974&Prime; img_size=\u00a0\u00bbfull\u00a0\u00bb][\/vc_column][vc_column width=\u00a0\u00bb1\/2&Prime;][vc_single_image image=\u00a0\u00bb5978&Prime; el_class=\u00a0\u00bbcolor-producto\u00a0\u00bb][vc_column_text css=\u00a0\u00bb.vc_custom_1662643102005{margin-bottom: 10px !important;}\u00a0\u00bb] Palettiseurs [\/vc_column_text][vc_column_text css=\u00a0\u00bb.vc_custom_1662643122215{margin-bottom: 10px !important;}\u00a0\u00bb] La voie du succ\u00e8s &#8230; <a title=\"Palettiseurs\" class=\"read-more\" href=\"https:\/\/jorpack.com\/fr\/palettiseurs\/\" aria-label=\"En savoir plus sur Palettiseurs\">Leer m\u00e1s<\/a><\/p>\n","protected":false},"author":2,"featured_media":0,"parent":0,"menu_order":0,"comment_status":"closed","ping_status":"closed","template":"","meta":{"_acf_changed":false,"footnotes":""},"class_list":["post-3598","page","type-page","status-publish"],"acf":[],"yoast_head":"<!-- This site is optimized with the Yoast SEO plugin v27.4 - https:\/\/yoast.com\/product\/yoast-seo-wordpress\/ -->\n<title>Palettiseurs - Jorpack\u00ae<\/title>\n<meta name=\"robots\" content=\"index, follow, max-snippet:-1, max-image-preview:large, max-video-preview:-1\" \/>\n<link rel=\"canonical\" href=\"https:\/\/jorpack.com\/fr\/palettiseurs\/\" \/>\n<meta property=\"og:locale\" content=\"fr_FR\" \/>\n<meta property=\"og:type\" content=\"article\" \/>\n<meta property=\"og:title\" content=\"Palettiseurs - Jorpack\u00ae\" \/>\n<meta property=\"og:description\" content=\"[vc_section full_width=\u00a0\u00bbstretch_row\u00a0\u00bb css=\u00a0\u00bb.vc_custom_1651498818180{padding-top: 30px !important;padding-bottom: 80px !important;background-color: #f5f5f5 !important;}\u00a0\u00bb][vc_row content_placement=\u00a0\u00bbmiddle\u00a0\u00bb el_class=\u00a0\u00bbpresentacion-producto\u00a0\u00bb][vc_column width=\u00a0\u00bb1\/2&Prime; offset=\u00a0\u00bbvc_hidden-xs\u00a0\u00bb][vc_single_image image=\u00a0\u00bb5974&Prime; img_size=\u00a0\u00bbfull\u00a0\u00bb][\/vc_column][vc_column width=\u00a0\u00bb1\/2&Prime;][vc_single_image image=\u00a0\u00bb5978&Prime; el_class=\u00a0\u00bbcolor-producto\u00a0\u00bb][vc_column_text css=\u00a0\u00bb.vc_custom_1662643102005{margin-bottom: 10px !important;}\u00a0\u00bb] Palettiseurs [\/vc_column_text][vc_column_text css=\u00a0\u00bb.vc_custom_1662643122215{margin-bottom: 10px !important;}\u00a0\u00bb] La voie du succ\u00e8s ... Leer m\u00e1s\" \/>\n<meta property=\"og:url\" content=\"https:\/\/jorpack.com\/fr\/palettiseurs\/\" \/>\n<meta property=\"og:site_name\" content=\"Jorpack\u00ae\" \/>\n<meta property=\"article:modified_time\" content=\"2025-04-23T08:49:24+00:00\" \/>\n<meta name=\"twitter:card\" content=\"summary_large_image\" \/>\n<meta name=\"twitter:label1\" content=\"Dur\u00e9e de lecture estim\u00e9e\" \/>\n\t<meta name=\"twitter:data1\" content=\"7 minutes\" \/>\n<script type=\"application\/ld+json\" class=\"yoast-schema-graph\">{\"@context\":\"https:\\\/\\\/schema.org\",\"@graph\":[{\"@type\":\"WebPage\",\"@id\":\"https:\\\/\\\/jorpack.com\\\/fr\\\/palettiseurs\\\/\",\"url\":\"https:\\\/\\\/jorpack.com\\\/fr\\\/palettiseurs\\\/\",\"name\":\"Palettiseurs - Jorpack\u00ae\",\"isPartOf\":{\"@id\":\"https:\\\/\\\/jorpack.com\\\/fr\\\/#website\"},\"datePublished\":\"2022-09-08T13:25:17+00:00\",\"dateModified\":\"2025-04-23T08:49:24+00:00\",\"breadcrumb\":{\"@id\":\"https:\\\/\\\/jorpack.com\\\/fr\\\/palettiseurs\\\/#breadcrumb\"},\"inLanguage\":\"fr-FR\",\"potentialAction\":[{\"@type\":\"ReadAction\",\"target\":[\"https:\\\/\\\/jorpack.com\\\/fr\\\/palettiseurs\\\/\"]}]},{\"@type\":\"BreadcrumbList\",\"@id\":\"https:\\\/\\\/jorpack.com\\\/fr\\\/palettiseurs\\\/#breadcrumb\",\"itemListElement\":[{\"@type\":\"ListItem\",\"position\":1,\"name\":\"Portada\",\"item\":\"https:\\\/\\\/jorpack.com\\\/fr\\\/\"},{\"@type\":\"ListItem\",\"position\":2,\"name\":\"Palettiseurs\"}]},{\"@type\":\"WebSite\",\"@id\":\"https:\\\/\\\/jorpack.com\\\/fr\\\/#website\",\"url\":\"https:\\\/\\\/jorpack.com\\\/fr\\\/\",\"name\":\"Jorpack\u00ae\",\"description\":\"Amplia selecci\u00f3n de Formadoras\",\"publisher\":{\"@id\":\"https:\\\/\\\/jorpack.com\\\/fr\\\/#organization\"},\"potentialAction\":[{\"@type\":\"SearchAction\",\"target\":{\"@type\":\"EntryPoint\",\"urlTemplate\":\"https:\\\/\\\/jorpack.com\\\/fr\\\/?s={search_term_string}\"},\"query-input\":{\"@type\":\"PropertyValueSpecification\",\"valueRequired\":true,\"valueName\":\"search_term_string\"}}],\"inLanguage\":\"fr-FR\"},{\"@type\":\"Organization\",\"@id\":\"https:\\\/\\\/jorpack.com\\\/fr\\\/#organization\",\"name\":\"Jorpack\u00ae\",\"url\":\"https:\\\/\\\/jorpack.com\\\/fr\\\/\",\"logo\":{\"@type\":\"ImageObject\",\"inLanguage\":\"fr-FR\",\"@id\":\"https:\\\/\\\/jorpack.com\\\/fr\\\/#\\\/schema\\\/logo\\\/image\\\/\",\"url\":\"https:\\\/\\\/jorpack.com\\\/wp-content\\\/uploads\\\/2022\\\/03\\\/cropped-jorpack-logotipo.png\",\"contentUrl\":\"https:\\\/\\\/jorpack.com\\\/wp-content\\\/uploads\\\/2022\\\/03\\\/cropped-jorpack-logotipo.png\",\"width\":500,\"height\":110,\"caption\":\"Jorpack\u00ae\"},\"image\":{\"@id\":\"https:\\\/\\\/jorpack.com\\\/fr\\\/#\\\/schema\\\/logo\\\/image\\\/\"}}]}<\/script>\n<!-- \/ Yoast SEO plugin. -->","yoast_head_json":{"title":"Palettiseurs - Jorpack\u00ae","robots":{"index":"index","follow":"follow","max-snippet":"max-snippet:-1","max-image-preview":"max-image-preview:large","max-video-preview":"max-video-preview:-1"},"canonical":"https:\/\/jorpack.com\/fr\/palettiseurs\/","og_locale":"fr_FR","og_type":"article","og_title":"Palettiseurs - Jorpack\u00ae","og_description":"[vc_section full_width=\u00a0\u00bbstretch_row\u00a0\u00bb css=\u00a0\u00bb.vc_custom_1651498818180{padding-top: 30px !important;padding-bottom: 80px !important;background-color: #f5f5f5 !important;}\u00a0\u00bb][vc_row content_placement=\u00a0\u00bbmiddle\u00a0\u00bb el_class=\u00a0\u00bbpresentacion-producto\u00a0\u00bb][vc_column width=\u00a0\u00bb1\/2&Prime; offset=\u00a0\u00bbvc_hidden-xs\u00a0\u00bb][vc_single_image image=\u00a0\u00bb5974&Prime; img_size=\u00a0\u00bbfull\u00a0\u00bb][\/vc_column][vc_column width=\u00a0\u00bb1\/2&Prime;][vc_single_image image=\u00a0\u00bb5978&Prime; el_class=\u00a0\u00bbcolor-producto\u00a0\u00bb][vc_column_text css=\u00a0\u00bb.vc_custom_1662643102005{margin-bottom: 10px !important;}\u00a0\u00bb] Palettiseurs [\/vc_column_text][vc_column_text css=\u00a0\u00bb.vc_custom_1662643122215{margin-bottom: 10px !important;}\u00a0\u00bb] La voie du succ\u00e8s ... Leer m\u00e1s","og_url":"https:\/\/jorpack.com\/fr\/palettiseurs\/","og_site_name":"Jorpack\u00ae","article_modified_time":"2025-04-23T08:49:24+00:00","twitter_card":"summary_large_image","twitter_misc":{"Dur\u00e9e de lecture estim\u00e9e":"7 minutes"},"schema":{"@context":"https:\/\/schema.org","@graph":[{"@type":"WebPage","@id":"https:\/\/jorpack.com\/fr\/palettiseurs\/","url":"https:\/\/jorpack.com\/fr\/palettiseurs\/","name":"Palettiseurs - Jorpack\u00ae","isPartOf":{"@id":"https:\/\/jorpack.com\/fr\/#website"},"datePublished":"2022-09-08T13:25:17+00:00","dateModified":"2025-04-23T08:49:24+00:00","breadcrumb":{"@id":"https:\/\/jorpack.com\/fr\/palettiseurs\/#breadcrumb"},"inLanguage":"fr-FR","potentialAction":[{"@type":"ReadAction","target":["https:\/\/jorpack.com\/fr\/palettiseurs\/"]}]},{"@type":"BreadcrumbList","@id":"https:\/\/jorpack.com\/fr\/palettiseurs\/#breadcrumb","itemListElement":[{"@type":"ListItem","position":1,"name":"Portada","item":"https:\/\/jorpack.com\/fr\/"},{"@type":"ListItem","position":2,"name":"Palettiseurs"}]},{"@type":"WebSite","@id":"https:\/\/jorpack.com\/fr\/#website","url":"https:\/\/jorpack.com\/fr\/","name":"Jorpack\u00ae","description":"Amplia selecci\u00f3n de Formadoras","publisher":{"@id":"https:\/\/jorpack.com\/fr\/#organization"},"potentialAction":[{"@type":"SearchAction","target":{"@type":"EntryPoint","urlTemplate":"https:\/\/jorpack.com\/fr\/?s={search_term_string}"},"query-input":{"@type":"PropertyValueSpecification","valueRequired":true,"valueName":"search_term_string"}}],"inLanguage":"fr-FR"},{"@type":"Organization","@id":"https:\/\/jorpack.com\/fr\/#organization","name":"Jorpack\u00ae","url":"https:\/\/jorpack.com\/fr\/","logo":{"@type":"ImageObject","inLanguage":"fr-FR","@id":"https:\/\/jorpack.com\/fr\/#\/schema\/logo\/image\/","url":"https:\/\/jorpack.com\/wp-content\/uploads\/2022\/03\/cropped-jorpack-logotipo.png","contentUrl":"https:\/\/jorpack.com\/wp-content\/uploads\/2022\/03\/cropped-jorpack-logotipo.png","width":500,"height":110,"caption":"Jorpack\u00ae"},"image":{"@id":"https:\/\/jorpack.com\/fr\/#\/schema\/logo\/image\/"}}]}},"_links":{"self":[{"href":"https:\/\/jorpack.com\/fr\/wp-json\/wp\/v2\/pages\/3598","targetHints":{"allow":["GET"]}}],"collection":[{"href":"https:\/\/jorpack.com\/fr\/wp-json\/wp\/v2\/pages"}],"about":[{"href":"https:\/\/jorpack.com\/fr\/wp-json\/wp\/v2\/types\/page"}],"author":[{"embeddable":true,"href":"https:\/\/jorpack.com\/fr\/wp-json\/wp\/v2\/users\/2"}],"replies":[{"embeddable":true,"href":"https:\/\/jorpack.com\/fr\/wp-json\/wp\/v2\/comments?post=3598"}],"version-history":[{"count":0,"href":"https:\/\/jorpack.com\/fr\/wp-json\/wp\/v2\/pages\/3598\/revisions"}],"wp:attachment":[{"href":"https:\/\/jorpack.com\/fr\/wp-json\/wp\/v2\/media?parent=3598"}],"curies":[{"name":"wp","href":"https:\/\/api.w.org\/{rel}","templated":true}]}}