{"id":3594,"date":"2022-09-08T13:15:10","date_gmt":"2022-09-08T13:15:10","guid":{"rendered":"https:\/\/jorpack.com\/?page_id=3594"},"modified":"2025-02-20T15:52:21","modified_gmt":"2025-02-20T15:52:21","slug":"formeuses-de-cartons-et-plateaux","status":"publish","type":"page","link":"https:\/\/jorpack.com\/fr\/formeuses-de-caisses-plateaux\/","title":{"rendered":"Formeuses de Cartons et Plateaux"},"content":{"rendered":"<div class=\"wpb-content-wrapper\"><p>[vc_section full_width=\u00a0\u00bbstretch_row\u00a0\u00bb css=\u00a0\u00bb.vc_custom_1651498994298{padding-top: 30px !important;padding-bottom: 50px !important;background-color: #f5f5f5 !important;}\u00a0\u00bb][vc_row content_placement=\u00a0\u00bbmiddle\u00a0\u00bb el_class=\u00a0\u00bbpresentacion-producto\u00a0\u00bb][vc_column width=\u00a0\u00bb1\/2&Prime; offset=\u00a0\u00bbvc_hidden-xs\u00a0\u00bb][vc_single_image image=\u00a0\u00bb14781&Prime; img_size=\u00a0\u00bbfull\u00a0\u00bb css=\u00a0\u00bb\u00a0\u00bb][\/vc_column][vc_column width=\u00a0\u00bb1\/2&Prime;][vc_single_image image=\u00a0\u00bb5763&Prime; el_class=\u00a0\u00bbcolor-producto\u00a0\u00bb][vc_column_text css=\u00a0\u00bb.vc_custom_1662638476779{margin-bottom: 10px !important;}\u00a0\u00bb]<\/p>\n<h1>Formeuses de Cartons et Plateaux<\/h1>\n<p>[\/vc_column_text][vc_column_text css=\u00a0\u00bb.vc_custom_1662638496021{margin-bottom: 10px !important;}\u00a0\u00bb]<\/p>\n<h3><span style=\"color: #a6a7a9; font-weight: 500;\">Le meilleur produit, la meilleure pr\u00e9sentation<\/span><\/h3>\n<p>[\/vc_column_text][vc_column_text]Apr\u00e8s le processus d\u2019\u00e9tiquetage, nous devons pr\u00e9parer le produit dans des conditions optimales pour qu\u2019il arrive \u00e0 destination en offrant la meilleure image.<\/p>\n<p>Nous disposons d\u2019une large gamme de fa\u00e7onneuses de bo\u00eetes, \u00e0 la fois de format vertical et horizontal, avec colle chaude hot-melt ou scell\u00e9, ainsi que de fa\u00e7onneuses de plateaux, qui s\u2019adaptent aux besoins sp\u00e9cifiques du client.[\/vc_column_text][\/vc_column][\/vc_row][vc_row content_placement=\u00a0\u00bbmiddle\u00a0\u00bb][vc_column offset=\u00a0\u00bbvc_hidden-lg vc_hidden-md vc_hidden-sm\u00a0\u00bb][vc_single_image image=\u00a0\u00bb5759&Prime; img_size=\u00a0\u00bbfull\u00a0\u00bb][\/vc_column][\/vc_row][vc_row css=\u00a0\u00bb.vc_custom_1651499006025{padding-top: 40px !important;}\u00a0\u00bb][vc_column][vc_column_text el_id=\u00a0\u00bbdestacado\u00a0\u00bb]<\/p>\n<h4 style=\"text-align: center;\">D\u00e9couvrez la gamme de Formeuses de Cartons et Plateaux Jorpack<\/h4>\n<p>[\/vc_column_text][vc_separator color=\u00a0\u00bbblack\u00a0\u00bb el_width=\u00a0\u00bb10&Prime;][\/vc_column][\/vc_row][vc_row full_width=\u00a0\u00bbstretch_row\u00a0\u00bb el_class=\u00a0\u00bbfichas-productos\u00a0\u00bb][vc_column]<div id=\"ult-carousel-287520714669df792149e4f\" class=\"ult-carousel-wrapper  vc_custom_1649749356235  ult_horizontal\" data-gutter=\"35\" data-rtl=\"false\" ><div class=\"ult-carousel-400919951669df792149bfe \" >[vc_row_inner css=\u00a0\u00bb.vc_custom_1648730828124{background-color: #ffffff !important;}\u00a0\u00bb][vc_column_inner][vc_column_text css=\u00a0\u00bb.vc_custom_1663855921798{background-color: #ffffff !important;}\u00a0\u00bb]<\/p>\n<h4><a href=\"http:\/\/www.jorpack.com\/fr\/formeuses-de-caisses-plateaux\/for-1200 \">FOR-1200<\/a><\/h4>\n<h6><span style=\"color: #808080;\">Formeuses de Caisses avec Scelle ou Colle Hot-Melt<\/span><\/h6>\n<p>[\/vc_column_text][vc_single_image image=\u00a0\u00bb14744&Prime; img_size=\u00a0\u00bbmedium\u00a0\u00bb alignment=\u00a0\u00bbcenter\u00a0\u00bb onclick=\u00a0\u00bbcustom_link\u00a0\u00bb css=\u00a0\u00bb.vc_custom_1740066625109{margin-bottom: 30px !important;}\u00a0\u00bb el_class=\u00a0\u00bbfoto-producto-medium\u00a0\u00bb link=\u00a0\u00bbhttp:\/\/www.jorpack.com\/fr\/formeuses-de-caisses-plateaux\/for-1200&Prime;][vc_empty_space][vc_single_image image=\u00a0\u00bb5770&Prime; img_size=\u00a0\u00bbmedium\u00a0\u00bb title=\u00a0\u00bbScellement ou Cola Hot-melt\u00a0\u00bb el_class=\u00a0\u00bbicono-ficha\u00a0\u00bb][vc_single_image image=\u00a0\u00bb5586&Prime; img_size=\u00a0\u00bb\u00a0\u00bb title=\u00a0\u00bbType : Vertical\u00a0\u00bb el_class=\u00a0\u00bbicono-ficha\u00a0\u00bb][vc_single_image image=\u00a0\u00bb5773&Prime; img_size=\u00a0\u00bbmedium\u00a0\u00bb el_class=\u00a0\u00bbicono-ficha\u00a0\u00bb title=\u00a0\u00bbChangements de formats : Tr\u00e8s brefs et avec r\u00e9gulation\u00a0\u00bb][vc_single_image image=\u00a0\u00bb5571&Prime; img_size=\u00a0\u00bb\u00a0\u00bb title=\u00a0\u00bb1200 cartons\/heure\u00a0\u00bb el_class=\u00a0\u00bbicono-ficha\u00a0\u00bb][vc_single_image image=\u00a0\u00bb5776&Prime; img_size=\u00a0\u00bb\u00a0\u00bb title=\u00a0\u00bbMagasin de Carton : Ergonomique\u00a0\u00bb el_class=\u00a0\u00bbicono-ficha\u00a0\u00bb][vc_single_image image=\u00a0\u00bb4321&Prime; onclick=\u00a0\u00bbcustom_link\u00a0\u00bb el_class=\u00a0\u00bbicono-ficha view-more\u00a0\u00bb link=\u00a0\u00bbhttp:\/\/www.jorpack.com\/fr\/formeuses-de-caisses-plateaux\/for-1200&Prime;][\/vc_column_inner][\/vc_row_inner][vc_row_inner css=\u00a0\u00bb.vc_custom_1648730828124{background-color: #ffffff !important;}\u00a0\u00bb][vc_column_inner][vc_column_text css=\u00a0\u00bb.vc_custom_1663855953056{background-color: #ffffff !important;}\u00a0\u00bb]<\/p>\n<h4><a href=\"http:\/\/www.jorpack.com\/fr\/formeuses-de-caisses-plateaux\/for-1700 \">FOR-1700<\/a><\/h4>\n<h6><span style=\"color: #808080;\">Formeuses de Caisses avec Colle Hot-Melt<\/span><\/h6>\n<p>[\/vc_column_text][vc_single_image image=\u00a0\u00bb9196&Prime; img_size=\u00a0\u00bbmedium\u00a0\u00bb alignment=\u00a0\u00bbcenter\u00a0\u00bb onclick=\u00a0\u00bbcustom_link\u00a0\u00bb css=\u00a0\u00bb.vc_custom_1738074641661{margin-bottom: 30px !important;}\u00a0\u00bb el_class=\u00a0\u00bbfoto-producto-medium\u00a0\u00bb link=\u00a0\u00bbhttp:\/\/www.jorpack.com\/fr\/formeuses-de-caisses-plateaux\/for-1700&Prime;][vc_empty_space][vc_single_image image=\u00a0\u00bb5779&Prime; img_size=\u00a0\u00bbmedium\u00a0\u00bb title=\u00a0\u00bbColle Hot-melt\u00a0\u00bb el_class=\u00a0\u00bbicono-ficha\u00a0\u00bb][vc_single_image image=\u00a0\u00bb5782&Prime; img_size=\u00a0\u00bb\u00a0\u00bb title=\u00a0\u00bbType : Horizontal\u00a0\u00bb el_class=\u00a0\u00bbicono-ficha\u00a0\u00bb][vc_single_image image=\u00a0\u00bb5773&Prime; img_size=\u00a0\u00bbmedium\u00a0\u00bb el_class=\u00a0\u00bbicono-ficha\u00a0\u00bb title=\u00a0\u00bbChangements de formats : Tr\u00e8s brefs et avec r\u00e9gulation\u00a0\u00bb][vc_single_image image=\u00a0\u00bb5571&Prime; img_size=\u00a0\u00bb\u00a0\u00bb title=\u00a0\u00bb2400 cartons\/heure\u00a0\u00bb el_class=\u00a0\u00bbicono-ficha\u00a0\u00bb][vc_single_image image=\u00a0\u00bb5776&Prime; img_size=\u00a0\u00bb\u00a0\u00bb title=\u00a0\u00bbMagasin de Carton : Ergonomique\u00a0\u00bb el_class=\u00a0\u00bbicono-ficha\u00a0\u00bb][vc_single_image image=\u00a0\u00bb4321&Prime; onclick=\u00a0\u00bbcustom_link\u00a0\u00bb el_class=\u00a0\u00bbicono-ficha view-more\u00a0\u00bb link=\u00a0\u00bbhttp:\/\/www.jorpack.com\/fr\/formeuses-de-caisses-plateaux\/for-1700&Prime;][\/vc_column_inner][\/vc_row_inner][vc_row_inner css=\u00a0\u00bb.vc_custom_1648730828124{background-color: #ffffff !important;}\u00a0\u00bb][vc_column_inner][vc_column_text css=\u00a0\u00bb.vc_custom_1663855974965{background-color: #ffffff !important;}\u00a0\u00bb]<\/p>\n<h4><a href=\"http:\/\/www.jorpack.com\/fr\/formeuses-de-caisses-plateaux\/for-band \">FORBAND<\/a><\/h4>\n<h6><span style=\"color: #808080;\">Formeuses de Plateuax avec Colle Hot-Melt<\/span><\/h6>\n<p>[\/vc_column_text][vc_single_image image=\u00a0\u00bb14724&Prime; img_size=\u00a0\u00bbmedium\u00a0\u00bb alignment=\u00a0\u00bbcenter\u00a0\u00bb onclick=\u00a0\u00bbcustom_link\u00a0\u00bb css=\u00a0\u00bb.vc_custom_1740066672211{margin-bottom: 30px !important;}\u00a0\u00bb el_class=\u00a0\u00bbfoto-producto-medium\u00a0\u00bb link=\u00a0\u00bbhttp:\/\/www.jorpack.com\/fr\/formeuses-de-caisses-plateaux\/for-band\u00a0\u00bb][vc_empty_space][vc_single_image image=\u00a0\u00bb5785&Prime; img_size=\u00a0\u00bbmedium\u00a0\u00bb title=\u00a0\u00bbColle Hot-melt\u00a0\u00bb el_class=\u00a0\u00bbicono-ficha\u00a0\u00bb][vc_single_image image=\u00a0\u00bb5788&Prime; img_size=\u00a0\u00bb\u00a0\u00bb title=\u00a0\u00bbPlateaux 600&#215;400&Prime; el_class=\u00a0\u00bbicono-ficha\u00a0\u00bb][vc_single_image image=\u00a0\u00bb5773&Prime; img_size=\u00a0\u00bbmedium\u00a0\u00bb el_class=\u00a0\u00bbicono-ficha\u00a0\u00bb title=\u00a0\u00bbChangements de formats : Tr\u00e8s brefs et avec r\u00e9gulation\u00a0\u00bb][vc_single_image image=\u00a0\u00bb5571&Prime; img_size=\u00a0\u00bb\u00a0\u00bb title=\u00a0\u00bb250 plateaux\/heure\u00a0\u00bb el_class=\u00a0\u00bbicono-ficha\u00a0\u00bb][vc_single_image image=\u00a0\u00bb5776&Prime; img_size=\u00a0\u00bb\u00a0\u00bb title=\u00a0\u00bbMagasin de Carton : Ergonomique\u00a0\u00bb el_class=\u00a0\u00bbicono-ficha\u00a0\u00bb][vc_single_image image=\u00a0\u00bb4321&Prime; onclick=\u00a0\u00bbcustom_link\u00a0\u00bb el_class=\u00a0\u00bbicono-ficha view-more\u00a0\u00bb link=\u00a0\u00bbhttp:\/\/www.jorpack.com\/fr\/formeuses-de-caisses-plateaux\/for-band\u00a0\u00bb][\/vc_column_inner][\/vc_row_inner][vc_row_inner css=\u00a0\u00bb.vc_custom_1648730828124{background-color: #ffffff !important;}\u00a0\u00bb][vc_column_inner][vc_column_text css=\u00a0\u00bb.vc_custom_1663855996516{background-color: #ffffff !important;}\u00a0\u00bb]<\/p>\n<h4><a href=\"http:\/\/www.jorpack.com\/fr\/fermeuses-de-caisses\/cer-1300 \">CER-1300<\/a><\/h4>\n<h6><span style=\"color: #808080;\">Fermeuses de caisses type B1<\/span><\/h6>\n<p>[\/vc_column_text][vc_single_image image=\u00a0\u00bb14753&Prime; img_size=\u00a0\u00bbmedium\u00a0\u00bb alignment=\u00a0\u00bbcenter\u00a0\u00bb onclick=\u00a0\u00bbcustom_link\u00a0\u00bb css=\u00a0\u00bb.vc_custom_1740066719325{margin-bottom: 30px !important;}\u00a0\u00bb el_class=\u00a0\u00bbfoto-producto-medium\u00a0\u00bb link=\u00a0\u00bbhttp:\/\/www.jorpack.com\/fr\/fermeuses-de-caisses\/cer-1300&Prime;][vc_empty_space][vc_single_image image=\u00a0\u00bb5791&Prime; img_size=\u00a0\u00bbmedium\u00a0\u00bb title=\u00a0\u00bbColle Hot-melt\u00a0\u00bb el_class=\u00a0\u00bbicono-ficha\u00a0\u00bb][vc_single_image image=\u00a0\u00bb5794&Prime; img_size=\u00a0\u00bb\u00a0\u00bb title=\u00a0\u00bbPour cartons de type B1&Prime; el_class=\u00a0\u00bbicono-ficha\u00a0\u00bb][vc_single_image image=\u00a0\u00bb5738&Prime; img_size=\u00a0\u00bbmedium\u00a0\u00bb el_class=\u00a0\u00bbicono-ficha\u00a0\u00bb title=\u00a0\u00bbChangements de format : Multi-format, tr\u00e8s court et avec r\u00e9gulation\u00a0\u00bb][vc_single_image image=\u00a0\u00bb5571&Prime; img_size=\u00a0\u00bb\u00a0\u00bb title=\u00a0\u00bb40 cartons\/minute\u00a0\u00bb el_class=\u00a0\u00bbicono-ficha\u00a0\u00bb][vc_single_image image=\u00a0\u00bb5586&Prime; img_size=\u00a0\u00bb\u00a0\u00bb title=\u00a0\u00bbVertical\u00a0\u00bb el_class=\u00a0\u00bbicono-ficha\u00a0\u00bb][vc_single_image image=\u00a0\u00bb4321&Prime; onclick=\u00a0\u00bbcustom_link\u00a0\u00bb el_class=\u00a0\u00bbicono-ficha view-more\u00a0\u00bb link=\u00a0\u00bbhttp:\/\/www.jorpack.com\/fr\/fermeuses-de-caisses\/cer-1300&Prime;][\/vc_column_inner][\/vc_row_inner][vc_row_inner css=\u00a0\u00bb.vc_custom_1648730828124{background-color: #ffffff !important;}\u00a0\u00bb][vc_column_inner][vc_column_text css=\u00a0\u00bb.vc_custom_1663856044575{background-color: #ffffff !important;}\u00a0\u00bb]<\/p>\n<h4><a href=\"http:\/\/www.jorpack.com\/fr\/formeuses-de-caisses-plateaux\/for-325 \">FOR-325<\/a><\/h4>\n<h6><span style=\"color: #808080;\">Formeuses de Plateuaux avec Colle Hot-Melt<\/span><\/h6>\n<p>[\/vc_column_text][vc_single_image image=\u00a0\u00bb5797&Prime; img_size=\u00a0\u00bbmedium\u00a0\u00bb alignment=\u00a0\u00bbcenter\u00a0\u00bb onclick=\u00a0\u00bbcustom_link\u00a0\u00bb css=\u00a0\u00bb.vc_custom_1738075095130{margin-bottom: 30px !important;}\u00a0\u00bb el_class=\u00a0\u00bbfoto-producto-medium\u00a0\u00bb link=\u00a0\u00bbhttp:\/\/www.jorpack.com\/fr\/formeuses-de-caisses-plateaux\/for-325&Prime;][vc_empty_space][vc_single_image image=\u00a0\u00bb5785&Prime; img_size=\u00a0\u00bbmedium\u00a0\u00bb title=\u00a0\u00bbColle Hot-melt\u00a0\u00bb el_class=\u00a0\u00bbicono-ficha\u00a0\u00bb][vc_single_image image=\u00a0\u00bb5788&Prime; img_size=\u00a0\u00bb\u00a0\u00bb title=\u00a0\u00bbPlateuax Display\u00a0\u00bb el_class=\u00a0\u00bbicono-ficha\u00a0\u00bb][vc_single_image image=\u00a0\u00bb5773&Prime; img_size=\u00a0\u00bbmedium\u00a0\u00bb el_class=\u00a0\u00bbicono-ficha\u00a0\u00bb title=\u00a0\u00bbChangements de formats : Tr\u00e8s brefs et r\u00e9glement\u00e9s\u00a0\u00bb][vc_single_image image=\u00a0\u00bb5571&Prime; img_size=\u00a0\u00bb\u00a0\u00bb title=\u00a0\u00bb250 plateaux\/heure\u00a0\u00bb el_class=\u00a0\u00bbicono-ficha\u00a0\u00bb][vc_single_image image=\u00a0\u00bb5776&Prime; img_size=\u00a0\u00bb\u00a0\u00bb title=\u00a0\u00bbMagasin de Carton : Ergonomique\u00a0\u00bb el_class=\u00a0\u00bbicono-ficha\u00a0\u00bb][vc_single_image image=\u00a0\u00bb4321&Prime; onclick=\u00a0\u00bbcustom_link\u00a0\u00bb el_class=\u00a0\u00bbicono-ficha view-more\u00a0\u00bb link=\u00a0\u00bbhttp:\/\/www.jorpack.com\/fr\/formeuses-de-caisses-plateaux\/for-325&Prime;][\/vc_column_inner][\/vc_row_inner]<\/div><\/div>\t\t\t<script type=\"text\/javascript\">\n\t\t\t\tjQuery(document).ready(function ($) {\n\t\t\t\t\tif( typeof jQuery('.ult-carousel-400919951669df792149bfe').slick == \"function\"){\n\t\t\t\t\t\t$('.ult-carousel-400919951669df792149bfe').slick({dots: false,autoplaySpeed: \"5000\",speed: \"300\",infinite: true,arrows: true,nextArrow: '<button type=\"button\" role=\"button\" aria-label=\"Next\" style=\"color:#333333; font-size:36px;\" class=\"slick-next default\"><i class=\"ultsl-arrow-right6\"><\/i><\/button>',prevArrow: '<button type=\"button\" role=\"button\" aria-label=\"Previous\" style=\"color:#333333; font-size:36px;\" class=\"slick-prev default\"><i class=\"ultsl-arrow-left6\"><\/i><\/button>',slidesToScroll:1,slidesToShow:3,swipe: true,draggable: true,touchMove: true,pauseOnHover: true,pauseOnFocus: false,responsive: [\n\t\t\t\t\t\t\t{\n\t\t\t\t\t\t\t  breakpoint: 1026,\n\t\t\t\t\t\t\t  settings: {\n\t\t\t\t\t\t\t\tslidesToShow: 3,\n\t\t\t\t\t\t\t\tslidesToScroll: 1,  \n\t\t\t\t\t\t\t  }\n\t\t\t\t\t\t\t},\n\t\t\t\t\t\t\t{\n\t\t\t\t\t\t\t  breakpoint: 1025,\n\t\t\t\t\t\t\t  settings: {\n\t\t\t\t\t\t\t\tslidesToShow: 2,\n\t\t\t\t\t\t\t\tslidesToScroll: 1\n\t\t\t\t\t\t\t  }\n\t\t\t\t\t\t\t},\n\t\t\t\t\t\t\t{\n\t\t\t\t\t\t\t  breakpoint: 760,\n\t\t\t\t\t\t\t  settings: {\n\t\t\t\t\t\t\t\tslidesToShow: 1,\n\t\t\t\t\t\t\t\tslidesToScroll: 1\n\t\t\t\t\t\t\t  }\n\t\t\t\t\t\t\t}\n\t\t\t\t\t\t],pauseOnDotsHover: true,customPaging: function(slider, i) {\n                   return '<i type=\"button\" style= \"color:#333333;\" class=\"ultsl-record\" data-role=\"none\"><\/i>';\n                },});\n\t\t\t\t\t}\n\t\t\t\t});\n\t\t\t<\/script>\n\t\t\t[\/vc_column][\/vc_row][\/vc_section][vc_section disable_element=\u00a0\u00bbyes\u00a0\u00bb css=\u00a0\u00bb.vc_custom_1650529374766{padding-top: 100px !important;padding-bottom: 50px !important;}\u00a0\u00bb][vc_row content_placement=\u00a0\u00bbmiddle\u00a0\u00bb][vc_column][vc_video align=\u00a0\u00bbright\u00a0\u00bb][\/vc_column][\/vc_row][\/vc_section]<\/p>\n<\/div>","protected":false},"excerpt":{"rendered":"<p>[vc_section full_width=\u00a0\u00bbstretch_row\u00a0\u00bb css=\u00a0\u00bb.vc_custom_1651498994298{padding-top: 30px !important;padding-bottom: 50px !important;background-color: #f5f5f5 !important;}\u00a0\u00bb][vc_row content_placement=\u00a0\u00bbmiddle\u00a0\u00bb el_class=\u00a0\u00bbpresentacion-producto\u00a0\u00bb][vc_column width=\u00a0\u00bb1\/2&Prime; offset=\u00a0\u00bbvc_hidden-xs\u00a0\u00bb][vc_single_image image=\u00a0\u00bb14781&Prime; img_size=\u00a0\u00bbfull\u00a0\u00bb css=\u00a0\u00bb\u00a0\u00bb][\/vc_column][vc_column width=\u00a0\u00bb1\/2&Prime;][vc_single_image image=\u00a0\u00bb5763&Prime; el_class=\u00a0\u00bbcolor-producto\u00a0\u00bb][vc_column_text css=\u00a0\u00bb.vc_custom_1662638476779{margin-bottom: 10px !important;}\u00a0\u00bb] Formeuses de Cartons et Plateaux [\/vc_column_text][vc_column_text css=\u00a0\u00bb.vc_custom_1662638496021{margin-bottom: 10px &#8230; <a title=\"Formeuses de Cartons et Plateaux\" class=\"read-more\" href=\"https:\/\/jorpack.com\/fr\/formeuses-de-caisses-plateaux\/\" aria-label=\"En savoir plus sur Formeuses de Cartons et Plateaux\">Leer m\u00e1s<\/a><\/p>\n","protected":false},"author":2,"featured_media":0,"parent":0,"menu_order":0,"comment_status":"closed","ping_status":"closed","template":"","meta":{"_acf_changed":false,"footnotes":""},"class_list":["post-3594","page","type-page","status-publish"],"acf":[],"yoast_head":"<!-- This site is optimized with the Yoast SEO plugin v27.2 - https:\/\/yoast.com\/product\/yoast-seo-wordpress\/ -->\n<title>Formeuses de Cartons et Plateaux - Jorpack\u00ae<\/title>\n<meta name=\"robots\" content=\"index, follow, max-snippet:-1, max-image-preview:large, max-video-preview:-1\" \/>\n<link rel=\"canonical\" href=\"https:\/\/jorpack.com\/fr\/formeuses-de-caisses-plateaux\/\" \/>\n<meta property=\"og:locale\" content=\"fr_FR\" \/>\n<meta property=\"og:type\" content=\"article\" \/>\n<meta property=\"og:title\" content=\"Formeuses de Cartons et Plateaux - Jorpack\u00ae\" \/>\n<meta property=\"og:description\" content=\"[vc_section full_width=\u00a0\u00bbstretch_row\u00a0\u00bb css=\u00a0\u00bb.vc_custom_1651498994298{padding-top: 30px !important;padding-bottom: 50px !important;background-color: #f5f5f5 !important;}\u00a0\u00bb][vc_row content_placement=\u00a0\u00bbmiddle\u00a0\u00bb el_class=\u00a0\u00bbpresentacion-producto\u00a0\u00bb][vc_column width=\u00a0\u00bb1\/2&Prime; offset=\u00a0\u00bbvc_hidden-xs\u00a0\u00bb][vc_single_image image=\u00a0\u00bb14781&Prime; img_size=\u00a0\u00bbfull\u00a0\u00bb css=\u00a0\u00bb\u00a0\u00bb][\/vc_column][vc_column width=\u00a0\u00bb1\/2&Prime;][vc_single_image image=\u00a0\u00bb5763&Prime; el_class=\u00a0\u00bbcolor-producto\u00a0\u00bb][vc_column_text css=\u00a0\u00bb.vc_custom_1662638476779{margin-bottom: 10px !important;}\u00a0\u00bb] Formeuses de Cartons et Plateaux [\/vc_column_text][vc_column_text css=\u00a0\u00bb.vc_custom_1662638496021{margin-bottom: 10px ... Leer m\u00e1s\" \/>\n<meta property=\"og:url\" content=\"https:\/\/jorpack.com\/fr\/formeuses-de-caisses-plateaux\/\" \/>\n<meta property=\"og:site_name\" content=\"Jorpack\u00ae\" \/>\n<meta property=\"article:modified_time\" content=\"2025-02-20T15:52:21+00:00\" \/>\n<meta name=\"twitter:card\" content=\"summary_large_image\" \/>\n<meta name=\"twitter:label1\" content=\"Dur\u00e9e de lecture estim\u00e9e\" \/>\n\t<meta name=\"twitter:data1\" content=\"10 minutes\" \/>\n<script type=\"application\/ld+json\" class=\"yoast-schema-graph\">{\"@context\":\"https:\/\/schema.org\",\"@graph\":[{\"@type\":\"WebPage\",\"@id\":\"https:\/\/jorpack.com\/fr\/formeuses-de-caisses-plateaux\/\",\"url\":\"https:\/\/jorpack.com\/fr\/formeuses-de-caisses-plateaux\/\",\"name\":\"Formeuses de Cartons et Plateaux - Jorpack\u00ae\",\"isPartOf\":{\"@id\":\"https:\/\/jorpack.com\/fr\/#website\"},\"datePublished\":\"2022-09-08T13:15:10+00:00\",\"dateModified\":\"2025-02-20T15:52:21+00:00\",\"breadcrumb\":{\"@id\":\"https:\/\/jorpack.com\/fr\/formeuses-de-caisses-plateaux\/#breadcrumb\"},\"inLanguage\":\"fr-FR\",\"potentialAction\":[{\"@type\":\"ReadAction\",\"target\":[\"https:\/\/jorpack.com\/fr\/formeuses-de-caisses-plateaux\/\"]}]},{\"@type\":\"BreadcrumbList\",\"@id\":\"https:\/\/jorpack.com\/fr\/formeuses-de-caisses-plateaux\/#breadcrumb\",\"itemListElement\":[{\"@type\":\"ListItem\",\"position\":1,\"name\":\"Portada\",\"item\":\"https:\/\/jorpack.com\/fr\/\"},{\"@type\":\"ListItem\",\"position\":2,\"name\":\"Formeuses de Cartons et Plateaux\"}]},{\"@type\":\"WebSite\",\"@id\":\"https:\/\/jorpack.com\/fr\/#website\",\"url\":\"https:\/\/jorpack.com\/fr\/\",\"name\":\"Jorpack\u00ae\",\"description\":\"Amplia selecci\u00f3n de Formadoras\",\"publisher\":{\"@id\":\"https:\/\/jorpack.com\/fr\/#organization\"},\"potentialAction\":[{\"@type\":\"SearchAction\",\"target\":{\"@type\":\"EntryPoint\",\"urlTemplate\":\"https:\/\/jorpack.com\/fr\/?s={search_term_string}\"},\"query-input\":{\"@type\":\"PropertyValueSpecification\",\"valueRequired\":true,\"valueName\":\"search_term_string\"}}],\"inLanguage\":\"fr-FR\"},{\"@type\":\"Organization\",\"@id\":\"https:\/\/jorpack.com\/fr\/#organization\",\"name\":\"Jorpack\u00ae\",\"url\":\"https:\/\/jorpack.com\/fr\/\",\"logo\":{\"@type\":\"ImageObject\",\"inLanguage\":\"fr-FR\",\"@id\":\"https:\/\/jorpack.com\/fr\/#\/schema\/logo\/image\/\",\"url\":\"https:\/\/jorpack.com\/wp-content\/uploads\/2022\/03\/cropped-jorpack-logotipo.png\",\"contentUrl\":\"https:\/\/jorpack.com\/wp-content\/uploads\/2022\/03\/cropped-jorpack-logotipo.png\",\"width\":500,\"height\":110,\"caption\":\"Jorpack\u00ae\"},\"image\":{\"@id\":\"https:\/\/jorpack.com\/fr\/#\/schema\/logo\/image\/\"}}]}<\/script>\n<!-- \/ Yoast SEO plugin. -->","yoast_head_json":{"title":"Formeuses de Cartons et Plateaux - Jorpack\u00ae","robots":{"index":"index","follow":"follow","max-snippet":"max-snippet:-1","max-image-preview":"max-image-preview:large","max-video-preview":"max-video-preview:-1"},"canonical":"https:\/\/jorpack.com\/fr\/formeuses-de-caisses-plateaux\/","og_locale":"fr_FR","og_type":"article","og_title":"Formeuses de Cartons et Plateaux - Jorpack\u00ae","og_description":"[vc_section full_width=\u00a0\u00bbstretch_row\u00a0\u00bb css=\u00a0\u00bb.vc_custom_1651498994298{padding-top: 30px !important;padding-bottom: 50px !important;background-color: #f5f5f5 !important;}\u00a0\u00bb][vc_row content_placement=\u00a0\u00bbmiddle\u00a0\u00bb el_class=\u00a0\u00bbpresentacion-producto\u00a0\u00bb][vc_column width=\u00a0\u00bb1\/2&Prime; offset=\u00a0\u00bbvc_hidden-xs\u00a0\u00bb][vc_single_image image=\u00a0\u00bb14781&Prime; img_size=\u00a0\u00bbfull\u00a0\u00bb css=\u00a0\u00bb\u00a0\u00bb][\/vc_column][vc_column width=\u00a0\u00bb1\/2&Prime;][vc_single_image image=\u00a0\u00bb5763&Prime; el_class=\u00a0\u00bbcolor-producto\u00a0\u00bb][vc_column_text css=\u00a0\u00bb.vc_custom_1662638476779{margin-bottom: 10px !important;}\u00a0\u00bb] Formeuses de Cartons et Plateaux [\/vc_column_text][vc_column_text css=\u00a0\u00bb.vc_custom_1662638496021{margin-bottom: 10px ... Leer m\u00e1s","og_url":"https:\/\/jorpack.com\/fr\/formeuses-de-caisses-plateaux\/","og_site_name":"Jorpack\u00ae","article_modified_time":"2025-02-20T15:52:21+00:00","twitter_card":"summary_large_image","twitter_misc":{"Dur\u00e9e de lecture estim\u00e9e":"10 minutes"},"schema":{"@context":"https:\/\/schema.org","@graph":[{"@type":"WebPage","@id":"https:\/\/jorpack.com\/fr\/formeuses-de-caisses-plateaux\/","url":"https:\/\/jorpack.com\/fr\/formeuses-de-caisses-plateaux\/","name":"Formeuses de Cartons et Plateaux - Jorpack\u00ae","isPartOf":{"@id":"https:\/\/jorpack.com\/fr\/#website"},"datePublished":"2022-09-08T13:15:10+00:00","dateModified":"2025-02-20T15:52:21+00:00","breadcrumb":{"@id":"https:\/\/jorpack.com\/fr\/formeuses-de-caisses-plateaux\/#breadcrumb"},"inLanguage":"fr-FR","potentialAction":[{"@type":"ReadAction","target":["https:\/\/jorpack.com\/fr\/formeuses-de-caisses-plateaux\/"]}]},{"@type":"BreadcrumbList","@id":"https:\/\/jorpack.com\/fr\/formeuses-de-caisses-plateaux\/#breadcrumb","itemListElement":[{"@type":"ListItem","position":1,"name":"Portada","item":"https:\/\/jorpack.com\/fr\/"},{"@type":"ListItem","position":2,"name":"Formeuses de Cartons et Plateaux"}]},{"@type":"WebSite","@id":"https:\/\/jorpack.com\/fr\/#website","url":"https:\/\/jorpack.com\/fr\/","name":"Jorpack\u00ae","description":"Amplia selecci\u00f3n de Formadoras","publisher":{"@id":"https:\/\/jorpack.com\/fr\/#organization"},"potentialAction":[{"@type":"SearchAction","target":{"@type":"EntryPoint","urlTemplate":"https:\/\/jorpack.com\/fr\/?s={search_term_string}"},"query-input":{"@type":"PropertyValueSpecification","valueRequired":true,"valueName":"search_term_string"}}],"inLanguage":"fr-FR"},{"@type":"Organization","@id":"https:\/\/jorpack.com\/fr\/#organization","name":"Jorpack\u00ae","url":"https:\/\/jorpack.com\/fr\/","logo":{"@type":"ImageObject","inLanguage":"fr-FR","@id":"https:\/\/jorpack.com\/fr\/#\/schema\/logo\/image\/","url":"https:\/\/jorpack.com\/wp-content\/uploads\/2022\/03\/cropped-jorpack-logotipo.png","contentUrl":"https:\/\/jorpack.com\/wp-content\/uploads\/2022\/03\/cropped-jorpack-logotipo.png","width":500,"height":110,"caption":"Jorpack\u00ae"},"image":{"@id":"https:\/\/jorpack.com\/fr\/#\/schema\/logo\/image\/"}}]}},"_links":{"self":[{"href":"https:\/\/jorpack.com\/fr\/wp-json\/wp\/v2\/pages\/3594","targetHints":{"allow":["GET"]}}],"collection":[{"href":"https:\/\/jorpack.com\/fr\/wp-json\/wp\/v2\/pages"}],"about":[{"href":"https:\/\/jorpack.com\/fr\/wp-json\/wp\/v2\/types\/page"}],"author":[{"embeddable":true,"href":"https:\/\/jorpack.com\/fr\/wp-json\/wp\/v2\/users\/2"}],"replies":[{"embeddable":true,"href":"https:\/\/jorpack.com\/fr\/wp-json\/wp\/v2\/comments?post=3594"}],"version-history":[{"count":0,"href":"https:\/\/jorpack.com\/fr\/wp-json\/wp\/v2\/pages\/3594\/revisions"}],"wp:attachment":[{"href":"https:\/\/jorpack.com\/fr\/wp-json\/wp\/v2\/media?parent=3594"}],"curies":[{"name":"wp","href":"https:\/\/api.w.org\/{rel}","templated":true}]}}