{"id":3591,"date":"2022-09-08T11:55:45","date_gmt":"2022-09-08T11:55:45","guid":{"rendered":"https:\/\/jorpack.com\/?page_id=3591"},"modified":"2025-01-28T14:56:13","modified_gmt":"2025-01-28T14:56:13","slug":"banderoleuses-de-palettes-et-fardeleuses","status":"publish","type":"page","link":"https:\/\/jorpack.com\/fr\/filmeuse-banderoleuse\/","title":{"rendered":"Filmeuses et Fardeleuses"},"content":{"rendered":"<div class=\"wpb-content-wrapper\"><p>[vc_section full_width=\u00a0\u00bbstretch_row\u00a0\u00bb css=\u00a0\u00bb.vc_custom_1651499108735{padding-top: 30px !important;padding-bottom: 50px !important;background-color: #f5f5f5 !important;}\u00a0\u00bb][vc_row content_placement=\u00a0\u00bbmiddle\u00a0\u00bb el_class=\u00a0\u00bbpresentacion-producto\u00a0\u00bb][vc_column width=\u00a0\u00bb1\/2&Prime; offset=\u00a0\u00bbvc_hidden-xs\u00a0\u00bb][vc_single_image image=\u00a0\u00bb6004&Prime; img_size=\u00a0\u00bbfull\u00a0\u00bb][\/vc_column][vc_column width=\u00a0\u00bb1\/2&Prime;][vc_single_image image=\u00a0\u00bb6008&Prime; el_class=\u00a0\u00bbcolor-producto\u00a0\u00bb][vc_column_text css=\u00a0\u00bb.vc_custom_1662637614324{margin-bottom: 10px !important;}\u00a0\u00bb]<\/p>\n<h1>Banderoleuses de palettes et Fardeleuses<\/h1>\n<p>[\/vc_column_text][vc_column_text css=\u00a0\u00bb.vc_custom_1662637678041{margin-bottom: 10px !important;}\u00a0\u00bb]<\/p>\n<h3><span style=\"color: #a6a7a9; font-weight: 500;\">Protection du produit<\/span><\/h3>\n<p>[\/vc_column_text][vc_column_text]Les \u00e9quipements de mise en balles et les fardeleuses Jorpack offrent des performances \u00e9lev\u00e9es et disposent des meilleures fonctionnalit\u00e9s pour \u00e9viter les impr\u00e9vus tels que les fuites d\u2019eau, la p\u00e9n\u00e9tration de poussi\u00e8re ou les probl\u00e8mes de transport, de notre usine de production au consommateur final.[\/vc_column_text][\/vc_column][\/vc_row][vc_row content_placement=\u00a0\u00bbmiddle\u00a0\u00bb][vc_column offset=\u00a0\u00bbvc_hidden-lg vc_hidden-md vc_hidden-sm\u00a0\u00bb][vc_single_image image=\u00a0\u00bb6004&Prime; img_size=\u00a0\u00bbfull\u00a0\u00bb][\/vc_column][\/vc_row][vc_row css=\u00a0\u00bb.vc_custom_1651499157825{padding-top: 40px !important;}\u00a0\u00bb][vc_column][vc_column_text el_id=\u00a0\u00bbdestacado\u00a0\u00bb]<\/p>\n<h4 style=\"text-align: center;\">D\u00e9couvrez la gamme de Banderoleuses de palettes et R\u00e9tracteurs Jorpack<\/h4>\n<p>[\/vc_column_text][vc_separator color=\u00a0\u00bbblack\u00a0\u00bb el_width=\u00a0\u00bb10&Prime;][\/vc_column][\/vc_row][vc_row full_width=\u00a0\u00bbstretch_row\u00a0\u00bb el_class=\u00a0\u00bbfichas-productos\u00a0\u00bb][vc_column]<div id=\"ult-carousel-118139703569df420fd6fb8\" class=\"ult-carousel-wrapper  vc_custom_1649749356235  ult_horizontal\" data-gutter=\"35\" data-rtl=\"false\" ><div class=\"ult-carousel-98146224569df420fd6d5b \" >[vc_row_inner css=\u00a0\u00bb.vc_custom_1649842329589{background-color: #ffffff !important;}\u00a0\u00bb el_class=\u00a0\u00bbficha-simple\u00a0\u00bb][vc_column_inner][vc_column_text css=\u00a0\u00bb.vc_custom_1663855813229{background-color: #ffffff !important;}\u00a0\u00bb]<\/p>\n<h4><a href=\"http:\/\/www.jorpack.com\/fr\/filmeuse-banderoleuse\/enf-200 \">JENF-200<\/a><\/h4>\n<h6><span style=\"color: #808080;\">Banderoleuse, Filmeuse automatique<\/span><\/h6>\n<p>[\/vc_column_text][vc_single_image image=\u00a0\u00bb6011&Prime; img_size=\u00a0\u00bbmedium\u00a0\u00bb alignment=\u00a0\u00bbcenter\u00a0\u00bb onclick=\u00a0\u00bbcustom_link\u00a0\u00bb css=\u00a0\u00bb.vc_custom_1738076130461{margin-bottom: 30px !important;}\u00a0\u00bb el_class=\u00a0\u00bbfoto-producto-medium\u00a0\u00bb link=\u00a0\u00bbhttp:\/\/www.jorpack.com\/fr\/filmeuse-banderoleuse\/enf-200 \u00ab\u00a0][vc_empty_space][vc_single_image image=\u00a0\u00bb6018&Prime; img_size=\u00a0\u00bbmedium\u00a0\u00bb title=\u00a0\u00bbPour les charges palettis\u00e9es\u00a0\u00bb el_class=\u00a0\u00bbicono-ficha\u00a0\u00bb][vc_single_image image=\u00a0\u00bb5571&Prime; img_size=\u00a0\u00bb\u00a0\u00bb title=\u00a0\u00bb40 palettes\/heure\u00a0\u00bb el_class=\u00a0\u00bbicono-ficha\u00a0\u00bb][vc_single_image image=\u00a0\u00bb6021&Prime; img_size=\u00a0\u00bbmedium\u00a0\u00bb el_class=\u00a0\u00bbicono-ficha\u00a0\u00bb title=\u00a0\u00bbTable tournante\u00a0\u00bb][vc_single_image image=\u00a0\u00bb6024&Prime; img_size=\u00a0\u00bb\u00a0\u00bb css=\u00a0\u00bb\u00a0\u00bb title=\u00a0\u00bbPr\u00e9-\u00e9tirage \u00e9lectronique : Optionnel\u00a0\u00bb el_class=\u00a0\u00bbicono-ficha\u00a0\u00bb][vc_single_image image=\u00a0\u00bb6027&Prime; img_size=\u00a0\u00bb\u00a0\u00bb title=\u00a0\u00bbSoudeur par contre-plaque : Optionnel\u00a0\u00bb el_class=\u00a0\u00bbicono-ficha\u00a0\u00bb][vc_single_image image=\u00a0\u00bb4321&Prime; onclick=\u00a0\u00bbcustom_link\u00a0\u00bb el_class=\u00a0\u00bbicono-ficha view-more\u00a0\u00bb link=\u00a0\u00bbhttp:\/\/www.jorpack.com\/fr\/filmeuse-banderoleuse\/enf-200&Prime;][\/vc_column_inner][\/vc_row_inner][vc_row_inner css=\u00a0\u00bb.vc_custom_1649842325503{background-color: #ffffff !important;}\u00a0\u00bb el_class=\u00a0\u00bbficha-simple\u00a0\u00bb][vc_column_inner][vc_column_text css=\u00a0\u00bb.vc_custom_1663855853596{background-color: #ffffff !important;}\u00a0\u00bb]<\/p>\n<h4><a href=\"http:\/\/www.jorpack.com\/fr\/filmeuse-banderoleuse\/enf-300 \">JENF-300<\/a><\/h4>\n<h6><span style=\"color: #808080;\">Banderoleuse, Filmeuse automatique<\/span><\/h6>\n<p>[\/vc_column_text][vc_single_image image=\u00a0\u00bb6014&Prime; img_size=\u00a0\u00bbmedium\u00a0\u00bb alignment=\u00a0\u00bbcenter\u00a0\u00bb onclick=\u00a0\u00bbcustom_link\u00a0\u00bb css=\u00a0\u00bb.vc_custom_1738076155264{margin-bottom: 30px !important;}\u00a0\u00bb el_class=\u00a0\u00bbfoto-producto-medium\u00a0\u00bb link=\u00a0\u00bbhttp:\/\/www.jorpack.com\/fr\/filmeuse-banderoleuse\/enf-300 \u00ab\u00a0][vc_empty_space][vc_single_image image=\u00a0\u00bb6018&Prime; img_size=\u00a0\u00bbmedium\u00a0\u00bb title=\u00a0\u00bbPour les charges palettis\u00e9es\u00a0\u00bb el_class=\u00a0\u00bbicono-ficha\u00a0\u00bb][vc_single_image image=\u00a0\u00bb5571&Prime; img_size=\u00a0\u00bb\u00a0\u00bb title=\u00a0\u00bb150 palettes\/heure\u00a0\u00bb el_class=\u00a0\u00bbicono-ficha\u00a0\u00bb][vc_single_image image=\u00a0\u00bb6031&Prime; img_size=\u00a0\u00bbmedium\u00a0\u00bb el_class=\u00a0\u00bbicono-ficha\u00a0\u00bb title=\u00a0\u00bbBras rotant\u00a0\u00bb][vc_single_image image=\u00a0\u00bb6024&Prime; img_size=\u00a0\u00bb\u00a0\u00bb css=\u00a0\u00bb\u00a0\u00bb title=\u00a0\u00bbPr\u00e9-\u00e9tirement \u00e9lectronique : Optionnel\u00a0\u00bb el_class=\u00a0\u00bbicono-ficha\u00a0\u00bb][vc_single_image image=\u00a0\u00bb6027&Prime; img_size=\u00a0\u00bb\u00a0\u00bb title=\u00a0\u00bbSoudeur par contre-plaque : Optionnel\u00a0\u00bb el_class=\u00a0\u00bbicono-ficha\u00a0\u00bb][vc_single_image image=\u00a0\u00bb4321&Prime; onclick=\u00a0\u00bbcustom_link\u00a0\u00bb el_class=\u00a0\u00bbicono-ficha view-more\u00a0\u00bb link=\u00a0\u00bbhttp:\/\/www.jorpack.com\/fr\/filmeuse-banderoleuse\/enf-300&Prime;][\/vc_column_inner][\/vc_row_inner][vc_row_inner css=\u00a0\u00bb.vc_custom_1649842321678{background-color: #ffffff !important;}\u00a0\u00bb el_class=\u00a0\u00bbficha-simple\u00a0\u00bb][vc_column_inner][vc_column_text css=\u00a0\u00bb.vc_custom_1662638079642{background-color: #ffffff !important;}\u00a0\u00bb]<\/p>\n<h4>RET-200<\/h4>\n<h6><span style=\"color: #808080;\">Fardeleuse Automatique<\/span><\/h6>\n<p>[\/vc_column_text][vc_single_image img_size=\u00a0\u00bbmedium\u00a0\u00bb alignment=\u00a0\u00bbcenter\u00a0\u00bb onclick=\u00a0\u00bbcustom_link\u00a0\u00bb css=\u00a0\u00bb.vc_custom_1654243194829{margin-bottom: 30px !important;}\u00a0\u00bb el_class=\u00a0\u00bbfoto-producto-medium\u00a0\u00bb][vc_empty_space][vc_single_image image=\u00a0\u00bb6035&Prime; img_size=\u00a0\u00bbmedium\u00a0\u00bb title=\u00a0\u00bbFlacons Pet, verre et aluminium\u00a0\u00bb el_class=\u00a0\u00bbicono-ficha\u00a0\u00bb][vc_single_image image=\u00a0\u00bb6038&Prime; title=\u00a0\u00bbChangements de format : semi-automatiques\u00a0\u00bb el_class=\u00a0\u00bbicono-ficha\u00a0\u00bb][vc_single_image image=\u00a0\u00bb6041&Prime; img_size=\u00a0\u00bbmedium\u00a0\u00bb el_class=\u00a0\u00bbicono-ficha\u00a0\u00bb title=\u00a0\u00bbPour plateaux avec film, plaques de carton avec film et r\u00e9tractation de l\u2019emballage\u00a0\u00bb][vc_single_image image=\u00a0\u00bb6044&Prime; img_size=\u00a0\u00bb\u00a0\u00bb title=\u00a0\u00bbTunnel de r\u00e9traction : inclus\u00a0\u00bb el_class=\u00a0\u00bbicono-ficha\u00a0\u00bb][vc_empty_space height=\u00a0\u00bb140px\u00a0\u00bb el_class=\u00a0\u00bbno-mobile\u00a0\u00bb][vc_single_image image=\u00a0\u00bb4321&Prime; onclick=\u00a0\u00bbcustom_link\u00a0\u00bb el_class=\u00a0\u00bbicono-ficha view-more\u00a0\u00bb link=\u00a0\u00bbhttp:\/\/www.jorpack.com\/fr\/filmeuse-banderoleuse\/enf-ret-200&Prime;][\/vc_column_inner][\/vc_row_inner]<\/div><\/div>\t\t\t<script type=\"text\/javascript\">\n\t\t\t\tjQuery(document).ready(function ($) {\n\t\t\t\t\tif( typeof jQuery('.ult-carousel-98146224569df420fd6d5b').slick == \"function\"){\n\t\t\t\t\t\t$('.ult-carousel-98146224569df420fd6d5b').slick({dots: false,autoplaySpeed: \"5000\",speed: \"300\",infinite: true,arrows: true,nextArrow: '<button type=\"button\" role=\"button\" aria-label=\"Next\" style=\"color:#333333; font-size:36px;\" class=\"slick-next default\"><i class=\"ultsl-arrow-right6\"><\/i><\/button>',prevArrow: '<button type=\"button\" role=\"button\" aria-label=\"Previous\" style=\"color:#333333; font-size:36px;\" class=\"slick-prev default\"><i class=\"ultsl-arrow-left6\"><\/i><\/button>',slidesToScroll:1,slidesToShow:3,swipe: true,draggable: true,touchMove: true,pauseOnHover: true,pauseOnFocus: false,responsive: [\n\t\t\t\t\t\t\t{\n\t\t\t\t\t\t\t  breakpoint: 1026,\n\t\t\t\t\t\t\t  settings: {\n\t\t\t\t\t\t\t\tslidesToShow: 3,\n\t\t\t\t\t\t\t\tslidesToScroll: 1,  \n\t\t\t\t\t\t\t  }\n\t\t\t\t\t\t\t},\n\t\t\t\t\t\t\t{\n\t\t\t\t\t\t\t  breakpoint: 1025,\n\t\t\t\t\t\t\t  settings: {\n\t\t\t\t\t\t\t\tslidesToShow: 2,\n\t\t\t\t\t\t\t\tslidesToScroll: 1\n\t\t\t\t\t\t\t  }\n\t\t\t\t\t\t\t},\n\t\t\t\t\t\t\t{\n\t\t\t\t\t\t\t  breakpoint: 760,\n\t\t\t\t\t\t\t  settings: {\n\t\t\t\t\t\t\t\tslidesToShow: 1,\n\t\t\t\t\t\t\t\tslidesToScroll: 1\n\t\t\t\t\t\t\t  }\n\t\t\t\t\t\t\t}\n\t\t\t\t\t\t],pauseOnDotsHover: true,customPaging: function(slider, i) {\n                   return '<i type=\"button\" style= \"color:#333333;\" class=\"ultsl-record\" data-role=\"none\"><\/i>';\n                },});\n\t\t\t\t\t}\n\t\t\t\t});\n\t\t\t<\/script>\n\t\t\t[\/vc_column][\/vc_row][\/vc_section][vc_section disable_element=\u00a0\u00bbyes\u00a0\u00bb css=\u00a0\u00bb.vc_custom_1650529367068{padding-top: 100px !important;padding-bottom: 50px !important;}\u00a0\u00bb][vc_row content_placement=\u00a0\u00bbmiddle\u00a0\u00bb][vc_column][vc_video align=\u00a0\u00bbright\u00a0\u00bb][\/vc_column][\/vc_row][\/vc_section]<\/p>\n<\/div>","protected":false},"excerpt":{"rendered":"<p>[vc_section full_width=\u00a0\u00bbstretch_row\u00a0\u00bb css=\u00a0\u00bb.vc_custom_1651499108735{padding-top: 30px !important;padding-bottom: 50px !important;background-color: #f5f5f5 !important;}\u00a0\u00bb][vc_row content_placement=\u00a0\u00bbmiddle\u00a0\u00bb el_class=\u00a0\u00bbpresentacion-producto\u00a0\u00bb][vc_column width=\u00a0\u00bb1\/2&Prime; offset=\u00a0\u00bbvc_hidden-xs\u00a0\u00bb][vc_single_image image=\u00a0\u00bb6004&Prime; img_size=\u00a0\u00bbfull\u00a0\u00bb][\/vc_column][vc_column width=\u00a0\u00bb1\/2&Prime;][vc_single_image image=\u00a0\u00bb6008&Prime; el_class=\u00a0\u00bbcolor-producto\u00a0\u00bb][vc_column_text css=\u00a0\u00bb.vc_custom_1662637614324{margin-bottom: 10px !important;}\u00a0\u00bb] Banderoleuses de palettes et Fardeleuses [\/vc_column_text][vc_column_text css=\u00a0\u00bb.vc_custom_1662637678041{margin-bottom: 10px !important;}\u00a0\u00bb] &#8230; <a title=\"Filmeuses et Fardeleuses\" class=\"read-more\" href=\"https:\/\/jorpack.com\/fr\/filmeuse-banderoleuse\/\" aria-label=\"En savoir plus sur Filmeuses et Fardeleuses\">Leer m\u00e1s<\/a><\/p>\n","protected":false},"author":2,"featured_media":0,"parent":0,"menu_order":0,"comment_status":"closed","ping_status":"closed","template":"","meta":{"_acf_changed":false,"footnotes":""},"class_list":["post-3591","page","type-page","status-publish"],"acf":[],"yoast_head":"<!-- This site is optimized with the Yoast SEO plugin v27.2 - https:\/\/yoast.com\/product\/yoast-seo-wordpress\/ -->\n<title>Filmeuses et Fardeleuses - Jorpack\u00ae<\/title>\n<meta name=\"robots\" content=\"index, follow, max-snippet:-1, max-image-preview:large, max-video-preview:-1\" \/>\n<link rel=\"canonical\" href=\"https:\/\/jorpack.com\/fr\/filmeuse-banderoleuse\/\" \/>\n<meta property=\"og:locale\" content=\"fr_FR\" \/>\n<meta property=\"og:type\" content=\"article\" \/>\n<meta property=\"og:title\" content=\"Filmeuses et Fardeleuses - Jorpack\u00ae\" \/>\n<meta property=\"og:description\" content=\"[vc_section full_width=\u00a0\u00bbstretch_row\u00a0\u00bb css=\u00a0\u00bb.vc_custom_1651499108735{padding-top: 30px !important;padding-bottom: 50px !important;background-color: #f5f5f5 !important;}\u00a0\u00bb][vc_row content_placement=\u00a0\u00bbmiddle\u00a0\u00bb el_class=\u00a0\u00bbpresentacion-producto\u00a0\u00bb][vc_column width=\u00a0\u00bb1\/2&Prime; offset=\u00a0\u00bbvc_hidden-xs\u00a0\u00bb][vc_single_image image=\u00a0\u00bb6004&Prime; img_size=\u00a0\u00bbfull\u00a0\u00bb][\/vc_column][vc_column width=\u00a0\u00bb1\/2&Prime;][vc_single_image image=\u00a0\u00bb6008&Prime; el_class=\u00a0\u00bbcolor-producto\u00a0\u00bb][vc_column_text css=\u00a0\u00bb.vc_custom_1662637614324{margin-bottom: 10px !important;}\u00a0\u00bb] Banderoleuses de palettes et Fardeleuses [\/vc_column_text][vc_column_text css=\u00a0\u00bb.vc_custom_1662637678041{margin-bottom: 10px !important;}\u00a0\u00bb] ... Leer m\u00e1s\" \/>\n<meta property=\"og:url\" content=\"https:\/\/jorpack.com\/fr\/filmeuse-banderoleuse\/\" \/>\n<meta property=\"og:site_name\" content=\"Jorpack\u00ae\" \/>\n<meta property=\"article:modified_time\" content=\"2025-01-28T14:56:13+00:00\" \/>\n<meta name=\"twitter:card\" content=\"summary_large_image\" \/>\n<meta name=\"twitter:label1\" content=\"Dur\u00e9e de lecture estim\u00e9e\" \/>\n\t<meta name=\"twitter:data1\" content=\"6 minutes\" \/>\n<script type=\"application\/ld+json\" class=\"yoast-schema-graph\">{\"@context\":\"https:\/\/schema.org\",\"@graph\":[{\"@type\":\"WebPage\",\"@id\":\"https:\/\/jorpack.com\/fr\/filmeuse-banderoleuse\/\",\"url\":\"https:\/\/jorpack.com\/fr\/filmeuse-banderoleuse\/\",\"name\":\"Filmeuses et Fardeleuses - Jorpack\u00ae\",\"isPartOf\":{\"@id\":\"https:\/\/jorpack.com\/fr\/#website\"},\"datePublished\":\"2022-09-08T11:55:45+00:00\",\"dateModified\":\"2025-01-28T14:56:13+00:00\",\"breadcrumb\":{\"@id\":\"https:\/\/jorpack.com\/fr\/filmeuse-banderoleuse\/#breadcrumb\"},\"inLanguage\":\"fr-FR\",\"potentialAction\":[{\"@type\":\"ReadAction\",\"target\":[\"https:\/\/jorpack.com\/fr\/filmeuse-banderoleuse\/\"]}]},{\"@type\":\"BreadcrumbList\",\"@id\":\"https:\/\/jorpack.com\/fr\/filmeuse-banderoleuse\/#breadcrumb\",\"itemListElement\":[{\"@type\":\"ListItem\",\"position\":1,\"name\":\"Portada\",\"item\":\"https:\/\/jorpack.com\/fr\/\"},{\"@type\":\"ListItem\",\"position\":2,\"name\":\"Filmeuses et Fardeleuses\"}]},{\"@type\":\"WebSite\",\"@id\":\"https:\/\/jorpack.com\/fr\/#website\",\"url\":\"https:\/\/jorpack.com\/fr\/\",\"name\":\"Jorpack\u00ae\",\"description\":\"Amplia selecci\u00f3n de Formadoras\",\"publisher\":{\"@id\":\"https:\/\/jorpack.com\/fr\/#organization\"},\"potentialAction\":[{\"@type\":\"SearchAction\",\"target\":{\"@type\":\"EntryPoint\",\"urlTemplate\":\"https:\/\/jorpack.com\/fr\/?s={search_term_string}\"},\"query-input\":{\"@type\":\"PropertyValueSpecification\",\"valueRequired\":true,\"valueName\":\"search_term_string\"}}],\"inLanguage\":\"fr-FR\"},{\"@type\":\"Organization\",\"@id\":\"https:\/\/jorpack.com\/fr\/#organization\",\"name\":\"Jorpack\u00ae\",\"url\":\"https:\/\/jorpack.com\/fr\/\",\"logo\":{\"@type\":\"ImageObject\",\"inLanguage\":\"fr-FR\",\"@id\":\"https:\/\/jorpack.com\/fr\/#\/schema\/logo\/image\/\",\"url\":\"https:\/\/jorpack.com\/wp-content\/uploads\/2022\/03\/cropped-jorpack-logotipo.png\",\"contentUrl\":\"https:\/\/jorpack.com\/wp-content\/uploads\/2022\/03\/cropped-jorpack-logotipo.png\",\"width\":500,\"height\":110,\"caption\":\"Jorpack\u00ae\"},\"image\":{\"@id\":\"https:\/\/jorpack.com\/fr\/#\/schema\/logo\/image\/\"}}]}<\/script>\n<!-- \/ Yoast SEO plugin. -->","yoast_head_json":{"title":"Filmeuses et Fardeleuses - Jorpack\u00ae","robots":{"index":"index","follow":"follow","max-snippet":"max-snippet:-1","max-image-preview":"max-image-preview:large","max-video-preview":"max-video-preview:-1"},"canonical":"https:\/\/jorpack.com\/fr\/filmeuse-banderoleuse\/","og_locale":"fr_FR","og_type":"article","og_title":"Filmeuses et Fardeleuses - Jorpack\u00ae","og_description":"[vc_section full_width=\u00a0\u00bbstretch_row\u00a0\u00bb css=\u00a0\u00bb.vc_custom_1651499108735{padding-top: 30px !important;padding-bottom: 50px !important;background-color: #f5f5f5 !important;}\u00a0\u00bb][vc_row content_placement=\u00a0\u00bbmiddle\u00a0\u00bb el_class=\u00a0\u00bbpresentacion-producto\u00a0\u00bb][vc_column width=\u00a0\u00bb1\/2&Prime; offset=\u00a0\u00bbvc_hidden-xs\u00a0\u00bb][vc_single_image image=\u00a0\u00bb6004&Prime; img_size=\u00a0\u00bbfull\u00a0\u00bb][\/vc_column][vc_column width=\u00a0\u00bb1\/2&Prime;][vc_single_image image=\u00a0\u00bb6008&Prime; el_class=\u00a0\u00bbcolor-producto\u00a0\u00bb][vc_column_text css=\u00a0\u00bb.vc_custom_1662637614324{margin-bottom: 10px !important;}\u00a0\u00bb] Banderoleuses de palettes et Fardeleuses [\/vc_column_text][vc_column_text css=\u00a0\u00bb.vc_custom_1662637678041{margin-bottom: 10px !important;}\u00a0\u00bb] ... Leer m\u00e1s","og_url":"https:\/\/jorpack.com\/fr\/filmeuse-banderoleuse\/","og_site_name":"Jorpack\u00ae","article_modified_time":"2025-01-28T14:56:13+00:00","twitter_card":"summary_large_image","twitter_misc":{"Dur\u00e9e de lecture estim\u00e9e":"6 minutes"},"schema":{"@context":"https:\/\/schema.org","@graph":[{"@type":"WebPage","@id":"https:\/\/jorpack.com\/fr\/filmeuse-banderoleuse\/","url":"https:\/\/jorpack.com\/fr\/filmeuse-banderoleuse\/","name":"Filmeuses et Fardeleuses - Jorpack\u00ae","isPartOf":{"@id":"https:\/\/jorpack.com\/fr\/#website"},"datePublished":"2022-09-08T11:55:45+00:00","dateModified":"2025-01-28T14:56:13+00:00","breadcrumb":{"@id":"https:\/\/jorpack.com\/fr\/filmeuse-banderoleuse\/#breadcrumb"},"inLanguage":"fr-FR","potentialAction":[{"@type":"ReadAction","target":["https:\/\/jorpack.com\/fr\/filmeuse-banderoleuse\/"]}]},{"@type":"BreadcrumbList","@id":"https:\/\/jorpack.com\/fr\/filmeuse-banderoleuse\/#breadcrumb","itemListElement":[{"@type":"ListItem","position":1,"name":"Portada","item":"https:\/\/jorpack.com\/fr\/"},{"@type":"ListItem","position":2,"name":"Filmeuses et Fardeleuses"}]},{"@type":"WebSite","@id":"https:\/\/jorpack.com\/fr\/#website","url":"https:\/\/jorpack.com\/fr\/","name":"Jorpack\u00ae","description":"Amplia selecci\u00f3n de Formadoras","publisher":{"@id":"https:\/\/jorpack.com\/fr\/#organization"},"potentialAction":[{"@type":"SearchAction","target":{"@type":"EntryPoint","urlTemplate":"https:\/\/jorpack.com\/fr\/?s={search_term_string}"},"query-input":{"@type":"PropertyValueSpecification","valueRequired":true,"valueName":"search_term_string"}}],"inLanguage":"fr-FR"},{"@type":"Organization","@id":"https:\/\/jorpack.com\/fr\/#organization","name":"Jorpack\u00ae","url":"https:\/\/jorpack.com\/fr\/","logo":{"@type":"ImageObject","inLanguage":"fr-FR","@id":"https:\/\/jorpack.com\/fr\/#\/schema\/logo\/image\/","url":"https:\/\/jorpack.com\/wp-content\/uploads\/2022\/03\/cropped-jorpack-logotipo.png","contentUrl":"https:\/\/jorpack.com\/wp-content\/uploads\/2022\/03\/cropped-jorpack-logotipo.png","width":500,"height":110,"caption":"Jorpack\u00ae"},"image":{"@id":"https:\/\/jorpack.com\/fr\/#\/schema\/logo\/image\/"}}]}},"_links":{"self":[{"href":"https:\/\/jorpack.com\/fr\/wp-json\/wp\/v2\/pages\/3591","targetHints":{"allow":["GET"]}}],"collection":[{"href":"https:\/\/jorpack.com\/fr\/wp-json\/wp\/v2\/pages"}],"about":[{"href":"https:\/\/jorpack.com\/fr\/wp-json\/wp\/v2\/types\/page"}],"author":[{"embeddable":true,"href":"https:\/\/jorpack.com\/fr\/wp-json\/wp\/v2\/users\/2"}],"replies":[{"embeddable":true,"href":"https:\/\/jorpack.com\/fr\/wp-json\/wp\/v2\/comments?post=3591"}],"version-history":[{"count":0,"href":"https:\/\/jorpack.com\/fr\/wp-json\/wp\/v2\/pages\/3591\/revisions"}],"wp:attachment":[{"href":"https:\/\/jorpack.com\/fr\/wp-json\/wp\/v2\/media?parent=3591"}],"curies":[{"name":"wp","href":"https:\/\/api.w.org\/{rel}","templated":true}]}}