{"id":3589,"date":"2022-09-08T11:44:59","date_gmt":"2022-09-08T11:44:59","guid":{"rendered":"https:\/\/jorpack.com\/?page_id=3589"},"modified":"2025-04-23T08:54:38","modified_gmt":"2025-04-23T08:54:38","slug":"encartonneuses-wrap-around","status":"publish","type":"page","link":"https:\/\/jorpack.com\/fr\/encartonneuses-wrap-around\/","title":{"rendered":"Encartonneuses Wrap-Around"},"content":{"rendered":"<div class=\"wpb-content-wrapper\"><p>[vc_section full_width=\u00a0\u00bbstretch_row\u00a0\u00bb css=\u00a0\u00bb.vc_custom_1651498943839{padding-top: 30px !important;padding-bottom: 50px !important;background-color: #f5f5f5 !important;}\u00a0\u00bb][vc_row content_placement=\u00a0\u00bbmiddle\u00a0\u00bb el_class=\u00a0\u00bbpresentacion-producto\u00a0\u00bb][vc_column width=\u00a0\u00bb1\/2&Prime; offset=\u00a0\u00bbvc_hidden-xs\u00a0\u00bb][vc_single_image image=\u00a0\u00bb5637&Prime; img_size=\u00a0\u00bbfull\u00a0\u00bb][\/vc_column][vc_column width=\u00a0\u00bb1\/2&Prime;][vc_single_image image=\u00a0\u00bb5552&Prime; el_class=\u00a0\u00bbcolor-producto\u00a0\u00bb][vc_column_text css=\u00a0\u00bb.vc_custom_1662636938753{margin-bottom: 10px !important;}\u00a0\u00bb]<\/p>\n<h1>Encartonneuses Wrap-Around<\/h1>\n<p>[\/vc_column_text][vc_column_text css=\u00a0\u00bb.vc_custom_1662636958544{margin-bottom: 10px !important;}\u00a0\u00bb]<\/p>\n<h3><span style=\"color: #a6a7a9; font-weight: 500;\">Encartonneuses Wrap-Around<\/span><\/h3>\n<p>[\/vc_column_text][vc_column_text]Dans un march\u00e9 de plus en plus concurrentiel, il est essentiel de pouvoir s\u2019adapter rapidement et rapidement \u00e0 tout changement. Les encartonneuses automatiques Wrap-Around de Jorpack r\u00e9pondent parfaitement \u00e0 cet objectif et constituent la meilleure solution pour les clients qui recherchent un maximum d\u2019efficacit\u00e9 et de rentabilit\u00e9 dans leurs processus d\u2019encastrement.[\/vc_column_text][\/vc_column][\/vc_row][vc_row content_placement=\u00a0\u00bbmiddle\u00a0\u00bb][vc_column offset=\u00a0\u00bbvc_hidden-lg vc_hidden-md vc_hidden-sm\u00a0\u00bb][vc_single_image image=\u00a0\u00bb5637&Prime; img_size=\u00a0\u00bbfull\u00a0\u00bb][\/vc_column][\/vc_row][vc_row css=\u00a0\u00bb.vc_custom_1651498972827{padding-top: 40px !important;}\u00a0\u00bb][vc_column][vc_column_text el_id=\u00a0\u00bbdestacado\u00a0\u00bb]<\/p>\n<h4 style=\"text-align: center;\">D\u00e9couvrez la gamme d\u2019Encartonneuses Wrap-Around Jorpack<\/h4>\n<p>[\/vc_column_text][vc_separator color=\u00a0\u00bbblack\u00a0\u00bb el_width=\u00a0\u00bb10&Prime;][\/vc_column][\/vc_row][vc_row full_width=\u00a0\u00bbstretch_row\u00a0\u00bb el_class=\u00a0\u00bbfichas-productos\u00a0\u00bb][vc_column]<div id=\"ult-carousel-298553521069f15f8c9a3b6\" class=\"ult-carousel-wrapper  vc_custom_1649749356235  ult_horizontal\" data-gutter=\"35\" data-rtl=\"false\" ><div class=\"ult-carousel-344175127869f15f8c9a1ae \" >[vc_row_inner css=\u00a0\u00bb.vc_custom_1649842321678{background-color: #ffffff !important;}\u00a0\u00bb el_class=\u00a0\u00bbficha-simple\u00a0\u00bb][vc_column_inner][vc_column_text css=\u00a0\u00bb.vc_custom_1663855710877{background-color: #ffffff !important;}\u00a0\u00bb]<\/p>\n<h4><a href=\"https:\/\/www.jorpack.com\/fr\/encartonneuses-wrap-around\/jwa-600 \"><span style=\"color: #c22622;\">JWA<\/span>600<\/a><\/h4>\n<h6><span style=\"color: #808080;\">Encartonneuse Automatique Jorpack Wrap-Around<\/span><\/h6>\n<p>[\/vc_column_text][vc_single_image image=\u00a0\u00bb5637&Prime; img_size=\u00a0\u00bbmedium\u00a0\u00bb alignment=\u00a0\u00bbcenter\u00a0\u00bb onclick=\u00a0\u00bbcustom_link\u00a0\u00bb css=\u00a0\u00bb.vc_custom_1738074014375{margin-bottom: 30px !important;}\u00a0\u00bb el_class=\u00a0\u00bbfoto-producto-medium\u00a0\u00bb link=\u00a0\u00bbhttps:\/\/www.jorpack.com\/fr\/encartonneuses-wrap-around\/jwa-600&Prime;][vc_empty_space][vc_single_image image=\u00a0\u00bb5651&Prime; img_size=\u00a0\u00bbmedium\u00a0\u00bb title=\u00a0\u00bbFonctionnement intermittent\u00a0\u00bb el_class=\u00a0\u00bbicono-ficha\u00a0\u00bb][vc_single_image image=\u00a0\u00bb5568&Prime; img_size=\u00a0\u00bbmedium\u00a0\u00bb title=\u00a0\u00bbBouteilles, emballages, bo\u00eetes, cartons et sacs\u00a0\u00bb el_class=\u00a0\u00bbicono-ficha\u00a0\u00bb][vc_single_image image=\u00a0\u00bb5571&Prime; img_size=\u00a0\u00bb\u00a0\u00bb title=\u00a0\u00bb10 cycles\/minute\u00a0\u00bb el_class=\u00a0\u00bbicono-ficha\u00a0\u00bb][vc_single_image image=\u00a0\u00bb5533&Prime; img_size=\u00a0\u00bbmedium\u00a0\u00bb el_class=\u00a0\u00bbicono-ficha\u00a0\u00bb title=\u00a0\u00bbMultiformat\u00a0\u00bb][vc_single_image image=\u00a0\u00bb5654&Prime; img_size=\u00a0\u00bb\u00a0\u00bb title=\u00a0\u00bbFormation de cartons et de plateaux\u00a0\u00bb el_class=\u00a0\u00bbicono-ficha\u00a0\u00bb][vc_single_image image=\u00a0\u00bb4321&Prime; onclick=\u00a0\u00bbcustom_link\u00a0\u00bb el_class=\u00a0\u00bbicono-ficha view-more\u00a0\u00bb link=\u00a0\u00bbhttps:\/\/www.jorpack.com\/fr\/encartonneuses-wrap-around\/jwa-600&Prime;][\/vc_column_inner][\/vc_row_inner][vc_row_inner css=\u00a0\u00bb.vc_custom_1649842321678{background-color: #ffffff !important;}\u00a0\u00bb el_class=\u00a0\u00bbficha-simple\u00a0\u00bb][vc_column_inner][vc_column_text css=\u00a0\u00bb.vc_custom_1663855732700{background-color: #ffffff !important;}\u00a0\u00bb]<\/p>\n<h4><a href=\"https:\/\/www.jorpack.com\/fr\/encartonneuses-wrap-around\/jwa-625 \"><span style=\"color: #c22622;\">JWA<\/span>625<\/a><\/h4>\n<h6><span style=\"color: #808080;\">Encartonneuse Automatique Jorpack Wrap-Around<\/span><\/h6>\n<p>[\/vc_column_text][vc_single_image image=\u00a0\u00bb14713&Prime; img_size=\u00a0\u00bbmedium\u00a0\u00bb alignment=\u00a0\u00bbcenter\u00a0\u00bb onclick=\u00a0\u00bbcustom_link\u00a0\u00bb css=\u00a0\u00bb.vc_custom_1740066177892{margin-bottom: 30px !important;}\u00a0\u00bb el_class=\u00a0\u00bbfoto-producto-medium\u00a0\u00bb link=\u00a0\u00bbhttps:\/\/www.jorpack.com\/fr\/encartonneuses-wrap-around\/jwa-625&Prime;][vc_empty_space][vc_single_image image=\u00a0\u00bb5651&Prime; img_size=\u00a0\u00bbmedium\u00a0\u00bb title=\u00a0\u00bbFonctionnement intermittent\u00a0\u00bb el_class=\u00a0\u00bbicono-ficha\u00a0\u00bb][vc_single_image image=\u00a0\u00bb5568&Prime; img_size=\u00a0\u00bbmedium\u00a0\u00bb title=\u00a0\u00bbBouteilles, emballages, bo\u00eetes, cartons et sacs\u00a0\u00bb el_class=\u00a0\u00bbicono-ficha\u00a0\u00bb][vc_single_image image=\u00a0\u00bb5571&Prime; img_size=\u00a0\u00bb\u00a0\u00bb title=\u00a0\u00bb14 cycles\/minute\u00a0\u00bb el_class=\u00a0\u00bbicono-ficha\u00a0\u00bb][vc_single_image image=\u00a0\u00bb5533&Prime; img_size=\u00a0\u00bbmedium\u00a0\u00bb el_class=\u00a0\u00bbicono-ficha\u00a0\u00bb title=\u00a0\u00bbMultiformat\u00a0\u00bb][vc_single_image image=\u00a0\u00bb5654&Prime; img_size=\u00a0\u00bb\u00a0\u00bb title=\u00a0\u00bbFormation de cartons et de plateaux\u00a0\u00bb el_class=\u00a0\u00bbicono-ficha\u00a0\u00bb][vc_single_image image=\u00a0\u00bb4321&Prime; onclick=\u00a0\u00bbcustom_link\u00a0\u00bb el_class=\u00a0\u00bbicono-ficha view-more\u00a0\u00bb link=\u00a0\u00bbhttps:\/\/www.jorpack.com\/fr\/encartonneuses-wrap-around\/jwa-625&Prime;][\/vc_column_inner][\/vc_row_inner][vc_row_inner css=\u00a0\u00bb.vc_custom_1649842321678{background-color: #ffffff !important;}\u00a0\u00bb el_class=\u00a0\u00bbficha-simple\u00a0\u00bb][vc_column_inner][vc_column_text css=\u00a0\u00bb.vc_custom_1663855754130{background-color: #ffffff !important;}\u00a0\u00bb]<\/p>\n<h4><a href=\"https:\/\/www.jorpack.com\/fr\/encartonneuses-wrap-around\/jwa-2400 \"><span style=\"color: #c22622;\">JWA<\/span>2400<\/a><\/h4>\n<h6><span style=\"color: #808080;\">Encartonneuse Automatique Jorpack Wrap-Around<\/span><\/h6>\n<p>[\/vc_column_text][vc_single_image image=\u00a0\u00bb5647&Prime; img_size=\u00a0\u00bbmedium\u00a0\u00bb alignment=\u00a0\u00bbcenter\u00a0\u00bb onclick=\u00a0\u00bbcustom_link\u00a0\u00bb css=\u00a0\u00bb.vc_custom_1738074050951{margin-bottom: 30px !important;}\u00a0\u00bb el_class=\u00a0\u00bbfoto-producto-medium\u00a0\u00bb link=\u00a0\u00bbhttps:\/\/www.jorpack.com\/fr\/encartonneuses-wrap-around\/jwa-2400&Prime;][vc_empty_space][vc_single_image image=\u00a0\u00bb5657&Prime; img_size=\u00a0\u00bbmedium\u00a0\u00bb title=\u00a0\u00bbFonctionnement en continu\u00a0\u00bb el_class=\u00a0\u00bbicono-ficha\u00a0\u00bb][vc_single_image image=\u00a0\u00bb5568&Prime; img_size=\u00a0\u00bbmedium\u00a0\u00bb title=\u00a0\u00bbBouteilles, emballages, bo\u00eetes, cartons et sacs\u00a0\u00bb el_class=\u00a0\u00bbicono-ficha\u00a0\u00bb][vc_single_image image=\u00a0\u00bb5571&Prime; img_size=\u00a0\u00bb\u00a0\u00bb title=\u00a0\u00bb25 cycles\/minute\u00a0\u00bb el_class=\u00a0\u00bbicono-ficha\u00a0\u00bb][vc_single_image image=\u00a0\u00bb5574&Prime; img_size=\u00a0\u00bbmedium\u00a0\u00bb el_class=\u00a0\u00bbicono-ficha\u00a0\u00bb title=\u00a0\u00bbMultiformat\u00a0\u00bb][vc_single_image image=\u00a0\u00bb5654&Prime; img_size=\u00a0\u00bb\u00a0\u00bb title=\u00a0\u00bbFormation de cartons et de plateaux\u00a0\u00bb el_class=\u00a0\u00bbicono-ficha\u00a0\u00bb][vc_single_image image=\u00a0\u00bb4321&Prime; onclick=\u00a0\u00bbcustom_link\u00a0\u00bb el_class=\u00a0\u00bbicono-ficha view-more\u00a0\u00bb link=\u00a0\u00bbhttps:\/\/www.jorpack.com\/fr\/encartonneuses-wrap-around\/jwa-2400&Prime;][\/vc_column_inner][\/vc_row_inner]<\/div><\/div>\t\t\t<script type=\"text\/javascript\">\n\t\t\t\tjQuery(document).ready(function ($) {\n\t\t\t\t\tif( typeof jQuery('.ult-carousel-344175127869f15f8c9a1ae').slick == \"function\"){\n\t\t\t\t\t\t$('.ult-carousel-344175127869f15f8c9a1ae').slick({dots: false,autoplaySpeed: \"5000\",speed: \"300\",infinite: true,arrows: true,nextArrow: '<button type=\"button\" role=\"button\" aria-label=\"Next\" style=\"color:#333333; font-size:36px;\" class=\"slick-next default\"><i class=\"ultsl-arrow-right6\"><\/i><\/button>',prevArrow: '<button type=\"button\" role=\"button\" aria-label=\"Previous\" style=\"color:#333333; font-size:36px;\" class=\"slick-prev default\"><i class=\"ultsl-arrow-left6\"><\/i><\/button>',slidesToScroll:1,slidesToShow:3,swipe: true,draggable: true,touchMove: true,pauseOnHover: true,pauseOnFocus: false,responsive: [\n\t\t\t\t\t\t\t{\n\t\t\t\t\t\t\t  breakpoint: 1026,\n\t\t\t\t\t\t\t  settings: {\n\t\t\t\t\t\t\t\tslidesToShow: 3,\n\t\t\t\t\t\t\t\tslidesToScroll: 1,  \n\t\t\t\t\t\t\t  }\n\t\t\t\t\t\t\t},\n\t\t\t\t\t\t\t{\n\t\t\t\t\t\t\t  breakpoint: 1025,\n\t\t\t\t\t\t\t  settings: {\n\t\t\t\t\t\t\t\tslidesToShow: 2,\n\t\t\t\t\t\t\t\tslidesToScroll: 1\n\t\t\t\t\t\t\t  }\n\t\t\t\t\t\t\t},\n\t\t\t\t\t\t\t{\n\t\t\t\t\t\t\t  breakpoint: 760,\n\t\t\t\t\t\t\t  settings: {\n\t\t\t\t\t\t\t\tslidesToShow: 1,\n\t\t\t\t\t\t\t\tslidesToScroll: 1\n\t\t\t\t\t\t\t  }\n\t\t\t\t\t\t\t}\n\t\t\t\t\t\t],pauseOnDotsHover: true,customPaging: function(slider, i) {\n                   return '<i type=\"button\" style= \"color:#333333;\" class=\"ultsl-record\" data-role=\"none\"><\/i>';\n                },});\n\t\t\t\t\t}\n\t\t\t\t});\n\t\t\t<\/script>\n\t\t\t[\/vc_column][\/vc_row][\/vc_section][vc_section css=\u00a0\u00bb.vc_custom_1745398462043{padding-top: 100px !important;padding-bottom: 50px !important;}\u00a0\u00bb][vc_row content_placement=\u00a0\u00bbmiddle\u00a0\u00bb][vc_column][vc_video link=\u00a0\u00bbhttps:\/\/www.youtube.com\/watch?v=VzRsDt7CRTk\u00a0\u00bb el_width=\u00a0\u00bb60&Prime; align=\u00a0\u00bbcenter\u00a0\u00bb css=\u00a0\u00bb\u00a0\u00bb][\/vc_column][\/vc_row][\/vc_section]<\/p>\n<\/div>","protected":false},"excerpt":{"rendered":"<p>[vc_section full_width=\u00a0\u00bbstretch_row\u00a0\u00bb css=\u00a0\u00bb.vc_custom_1651498943839{padding-top: 30px !important;padding-bottom: 50px !important;background-color: #f5f5f5 !important;}\u00a0\u00bb][vc_row content_placement=\u00a0\u00bbmiddle\u00a0\u00bb el_class=\u00a0\u00bbpresentacion-producto\u00a0\u00bb][vc_column width=\u00a0\u00bb1\/2&Prime; offset=\u00a0\u00bbvc_hidden-xs\u00a0\u00bb][vc_single_image image=\u00a0\u00bb5637&Prime; img_size=\u00a0\u00bbfull\u00a0\u00bb][\/vc_column][vc_column width=\u00a0\u00bb1\/2&Prime;][vc_single_image image=\u00a0\u00bb5552&Prime; el_class=\u00a0\u00bbcolor-producto\u00a0\u00bb][vc_column_text css=\u00a0\u00bb.vc_custom_1662636938753{margin-bottom: 10px !important;}\u00a0\u00bb] Encartonneuses Wrap-Around [\/vc_column_text][vc_column_text css=\u00a0\u00bb.vc_custom_1662636958544{margin-bottom: 10px !important;}\u00a0\u00bb] Encartonneuses Wrap-Around [\/vc_column_text][vc_column_text]Dans &#8230; <a title=\"Encartonneuses Wrap-Around\" class=\"read-more\" href=\"https:\/\/jorpack.com\/fr\/encartonneuses-wrap-around\/\" aria-label=\"En savoir plus sur Encartonneuses Wrap-Around\">Leer m\u00e1s<\/a><\/p>\n","protected":false},"author":2,"featured_media":0,"parent":0,"menu_order":0,"comment_status":"closed","ping_status":"closed","template":"","meta":{"_acf_changed":false,"footnotes":""},"class_list":["post-3589","page","type-page","status-publish"],"acf":[],"yoast_head":"<!-- This site is optimized with the Yoast SEO plugin v27.5 - https:\/\/yoast.com\/product\/yoast-seo-wordpress\/ -->\n<title>Encartonneuses Wrap-Around - Jorpack\u00ae<\/title>\n<meta name=\"robots\" content=\"index, follow, max-snippet:-1, max-image-preview:large, max-video-preview:-1\" \/>\n<link rel=\"canonical\" href=\"https:\/\/jorpack.com\/fr\/encartonneuses-wrap-around\/\" \/>\n<meta property=\"og:locale\" content=\"fr_FR\" \/>\n<meta property=\"og:type\" content=\"article\" \/>\n<meta property=\"og:title\" content=\"Encartonneuses Wrap-Around - Jorpack\u00ae\" \/>\n<meta property=\"og:description\" content=\"[vc_section full_width=\u00a0\u00bbstretch_row\u00a0\u00bb css=\u00a0\u00bb.vc_custom_1651498943839{padding-top: 30px !important;padding-bottom: 50px !important;background-color: #f5f5f5 !important;}\u00a0\u00bb][vc_row content_placement=\u00a0\u00bbmiddle\u00a0\u00bb el_class=\u00a0\u00bbpresentacion-producto\u00a0\u00bb][vc_column width=\u00a0\u00bb1\/2&Prime; offset=\u00a0\u00bbvc_hidden-xs\u00a0\u00bb][vc_single_image image=\u00a0\u00bb5637&Prime; img_size=\u00a0\u00bbfull\u00a0\u00bb][\/vc_column][vc_column width=\u00a0\u00bb1\/2&Prime;][vc_single_image image=\u00a0\u00bb5552&Prime; el_class=\u00a0\u00bbcolor-producto\u00a0\u00bb][vc_column_text css=\u00a0\u00bb.vc_custom_1662636938753{margin-bottom: 10px !important;}\u00a0\u00bb] Encartonneuses Wrap-Around [\/vc_column_text][vc_column_text css=\u00a0\u00bb.vc_custom_1662636958544{margin-bottom: 10px !important;}\u00a0\u00bb] Encartonneuses Wrap-Around [\/vc_column_text][vc_column_text]Dans ... Leer m\u00e1s\" \/>\n<meta property=\"og:url\" content=\"https:\/\/jorpack.com\/fr\/encartonneuses-wrap-around\/\" \/>\n<meta property=\"og:site_name\" content=\"Jorpack\u00ae\" \/>\n<meta property=\"article:modified_time\" content=\"2025-04-23T08:54:38+00:00\" \/>\n<meta name=\"twitter:card\" content=\"summary_large_image\" \/>\n<meta name=\"twitter:label1\" content=\"Dur\u00e9e de lecture estim\u00e9e\" \/>\n\t<meta name=\"twitter:data1\" content=\"7 minutes\" \/>\n<script type=\"application\/ld+json\" class=\"yoast-schema-graph\">{\"@context\":\"https:\\\/\\\/schema.org\",\"@graph\":[{\"@type\":\"WebPage\",\"@id\":\"https:\\\/\\\/jorpack.com\\\/fr\\\/encartonneuses-wrap-around\\\/\",\"url\":\"https:\\\/\\\/jorpack.com\\\/fr\\\/encartonneuses-wrap-around\\\/\",\"name\":\"Encartonneuses Wrap-Around - Jorpack\u00ae\",\"isPartOf\":{\"@id\":\"https:\\\/\\\/jorpack.com\\\/fr\\\/#website\"},\"datePublished\":\"2022-09-08T11:44:59+00:00\",\"dateModified\":\"2025-04-23T08:54:38+00:00\",\"breadcrumb\":{\"@id\":\"https:\\\/\\\/jorpack.com\\\/fr\\\/encartonneuses-wrap-around\\\/#breadcrumb\"},\"inLanguage\":\"fr-FR\",\"potentialAction\":[{\"@type\":\"ReadAction\",\"target\":[\"https:\\\/\\\/jorpack.com\\\/fr\\\/encartonneuses-wrap-around\\\/\"]}]},{\"@type\":\"BreadcrumbList\",\"@id\":\"https:\\\/\\\/jorpack.com\\\/fr\\\/encartonneuses-wrap-around\\\/#breadcrumb\",\"itemListElement\":[{\"@type\":\"ListItem\",\"position\":1,\"name\":\"Portada\",\"item\":\"https:\\\/\\\/jorpack.com\\\/fr\\\/\"},{\"@type\":\"ListItem\",\"position\":2,\"name\":\"Encartonneuses Wrap-Around\"}]},{\"@type\":\"WebSite\",\"@id\":\"https:\\\/\\\/jorpack.com\\\/fr\\\/#website\",\"url\":\"https:\\\/\\\/jorpack.com\\\/fr\\\/\",\"name\":\"Jorpack\u00ae\",\"description\":\"Amplia selecci\u00f3n de Formadoras\",\"publisher\":{\"@id\":\"https:\\\/\\\/jorpack.com\\\/fr\\\/#organization\"},\"potentialAction\":[{\"@type\":\"SearchAction\",\"target\":{\"@type\":\"EntryPoint\",\"urlTemplate\":\"https:\\\/\\\/jorpack.com\\\/fr\\\/?s={search_term_string}\"},\"query-input\":{\"@type\":\"PropertyValueSpecification\",\"valueRequired\":true,\"valueName\":\"search_term_string\"}}],\"inLanguage\":\"fr-FR\"},{\"@type\":\"Organization\",\"@id\":\"https:\\\/\\\/jorpack.com\\\/fr\\\/#organization\",\"name\":\"Jorpack\u00ae\",\"url\":\"https:\\\/\\\/jorpack.com\\\/fr\\\/\",\"logo\":{\"@type\":\"ImageObject\",\"inLanguage\":\"fr-FR\",\"@id\":\"https:\\\/\\\/jorpack.com\\\/fr\\\/#\\\/schema\\\/logo\\\/image\\\/\",\"url\":\"https:\\\/\\\/jorpack.com\\\/wp-content\\\/uploads\\\/2022\\\/03\\\/cropped-jorpack-logotipo.png\",\"contentUrl\":\"https:\\\/\\\/jorpack.com\\\/wp-content\\\/uploads\\\/2022\\\/03\\\/cropped-jorpack-logotipo.png\",\"width\":500,\"height\":110,\"caption\":\"Jorpack\u00ae\"},\"image\":{\"@id\":\"https:\\\/\\\/jorpack.com\\\/fr\\\/#\\\/schema\\\/logo\\\/image\\\/\"}}]}<\/script>\n<!-- \/ Yoast SEO plugin. -->","yoast_head_json":{"title":"Encartonneuses Wrap-Around - Jorpack\u00ae","robots":{"index":"index","follow":"follow","max-snippet":"max-snippet:-1","max-image-preview":"max-image-preview:large","max-video-preview":"max-video-preview:-1"},"canonical":"https:\/\/jorpack.com\/fr\/encartonneuses-wrap-around\/","og_locale":"fr_FR","og_type":"article","og_title":"Encartonneuses Wrap-Around - Jorpack\u00ae","og_description":"[vc_section full_width=\u00a0\u00bbstretch_row\u00a0\u00bb css=\u00a0\u00bb.vc_custom_1651498943839{padding-top: 30px !important;padding-bottom: 50px !important;background-color: #f5f5f5 !important;}\u00a0\u00bb][vc_row content_placement=\u00a0\u00bbmiddle\u00a0\u00bb el_class=\u00a0\u00bbpresentacion-producto\u00a0\u00bb][vc_column width=\u00a0\u00bb1\/2&Prime; offset=\u00a0\u00bbvc_hidden-xs\u00a0\u00bb][vc_single_image image=\u00a0\u00bb5637&Prime; img_size=\u00a0\u00bbfull\u00a0\u00bb][\/vc_column][vc_column width=\u00a0\u00bb1\/2&Prime;][vc_single_image image=\u00a0\u00bb5552&Prime; el_class=\u00a0\u00bbcolor-producto\u00a0\u00bb][vc_column_text css=\u00a0\u00bb.vc_custom_1662636938753{margin-bottom: 10px !important;}\u00a0\u00bb] Encartonneuses Wrap-Around [\/vc_column_text][vc_column_text css=\u00a0\u00bb.vc_custom_1662636958544{margin-bottom: 10px !important;}\u00a0\u00bb] Encartonneuses Wrap-Around [\/vc_column_text][vc_column_text]Dans ... Leer m\u00e1s","og_url":"https:\/\/jorpack.com\/fr\/encartonneuses-wrap-around\/","og_site_name":"Jorpack\u00ae","article_modified_time":"2025-04-23T08:54:38+00:00","twitter_card":"summary_large_image","twitter_misc":{"Dur\u00e9e de lecture estim\u00e9e":"7 minutes"},"schema":{"@context":"https:\/\/schema.org","@graph":[{"@type":"WebPage","@id":"https:\/\/jorpack.com\/fr\/encartonneuses-wrap-around\/","url":"https:\/\/jorpack.com\/fr\/encartonneuses-wrap-around\/","name":"Encartonneuses Wrap-Around - Jorpack\u00ae","isPartOf":{"@id":"https:\/\/jorpack.com\/fr\/#website"},"datePublished":"2022-09-08T11:44:59+00:00","dateModified":"2025-04-23T08:54:38+00:00","breadcrumb":{"@id":"https:\/\/jorpack.com\/fr\/encartonneuses-wrap-around\/#breadcrumb"},"inLanguage":"fr-FR","potentialAction":[{"@type":"ReadAction","target":["https:\/\/jorpack.com\/fr\/encartonneuses-wrap-around\/"]}]},{"@type":"BreadcrumbList","@id":"https:\/\/jorpack.com\/fr\/encartonneuses-wrap-around\/#breadcrumb","itemListElement":[{"@type":"ListItem","position":1,"name":"Portada","item":"https:\/\/jorpack.com\/fr\/"},{"@type":"ListItem","position":2,"name":"Encartonneuses Wrap-Around"}]},{"@type":"WebSite","@id":"https:\/\/jorpack.com\/fr\/#website","url":"https:\/\/jorpack.com\/fr\/","name":"Jorpack\u00ae","description":"Amplia selecci\u00f3n de Formadoras","publisher":{"@id":"https:\/\/jorpack.com\/fr\/#organization"},"potentialAction":[{"@type":"SearchAction","target":{"@type":"EntryPoint","urlTemplate":"https:\/\/jorpack.com\/fr\/?s={search_term_string}"},"query-input":{"@type":"PropertyValueSpecification","valueRequired":true,"valueName":"search_term_string"}}],"inLanguage":"fr-FR"},{"@type":"Organization","@id":"https:\/\/jorpack.com\/fr\/#organization","name":"Jorpack\u00ae","url":"https:\/\/jorpack.com\/fr\/","logo":{"@type":"ImageObject","inLanguage":"fr-FR","@id":"https:\/\/jorpack.com\/fr\/#\/schema\/logo\/image\/","url":"https:\/\/jorpack.com\/wp-content\/uploads\/2022\/03\/cropped-jorpack-logotipo.png","contentUrl":"https:\/\/jorpack.com\/wp-content\/uploads\/2022\/03\/cropped-jorpack-logotipo.png","width":500,"height":110,"caption":"Jorpack\u00ae"},"image":{"@id":"https:\/\/jorpack.com\/fr\/#\/schema\/logo\/image\/"}}]}},"_links":{"self":[{"href":"https:\/\/jorpack.com\/fr\/wp-json\/wp\/v2\/pages\/3589","targetHints":{"allow":["GET"]}}],"collection":[{"href":"https:\/\/jorpack.com\/fr\/wp-json\/wp\/v2\/pages"}],"about":[{"href":"https:\/\/jorpack.com\/fr\/wp-json\/wp\/v2\/types\/page"}],"author":[{"embeddable":true,"href":"https:\/\/jorpack.com\/fr\/wp-json\/wp\/v2\/users\/2"}],"replies":[{"embeddable":true,"href":"https:\/\/jorpack.com\/fr\/wp-json\/wp\/v2\/comments?post=3589"}],"version-history":[{"count":0,"href":"https:\/\/jorpack.com\/fr\/wp-json\/wp\/v2\/pages\/3589\/revisions"}],"wp:attachment":[{"href":"https:\/\/jorpack.com\/fr\/wp-json\/wp\/v2\/media?parent=3589"}],"curies":[{"name":"wp","href":"https:\/\/api.w.org\/{rel}","templated":true}]}}