{"id":3584,"date":"2022-09-08T11:26:29","date_gmt":"2022-09-08T11:26:29","guid":{"rendered":"https:\/\/jorpack.com\/?page_id=3584"},"modified":"2025-04-23T09:13:17","modified_gmt":"2025-04-23T09:13:17","slug":"depalettiseurs","status":"publish","type":"page","link":"https:\/\/jorpack.com\/fr\/depalettiseurs\/","title":{"rendered":"D\u00e9palettiseurs"},"content":{"rendered":"<div class=\"wpb-content-wrapper\"><p>[vc_section full_width=\u00a0\u00bbstretch_row\u00a0\u00bb css=\u00a0\u00bb.vc_custom_1651498774718{padding-top: 30px !important;padding-bottom: 50px !important;background-color: #f5f5f5 !important;}\u00a0\u00bb][vc_row content_placement=\u00a0\u00bbmiddle\u00a0\u00bb el_class=\u00a0\u00bbpresentacion-producto\u00a0\u00bb][vc_column width=\u00a0\u00bb1\/2&Prime; offset=\u00a0\u00bbvc_hidden-xs\u00a0\u00bb][vc_single_image image=\u00a0\u00bb4806&Prime; img_size=\u00a0\u00bbfull\u00a0\u00bb][\/vc_column][vc_column width=\u00a0\u00bb1\/2&Prime;][vc_single_image image=\u00a0\u00bb4803&Prime; el_class=\u00a0\u00bbcolor-producto\u00a0\u00bb][vc_column_text css=\u00a0\u00bb.vc_custom_1662635339053{margin-bottom: 10px !important;}\u00a0\u00bb]<\/p>\n<h1>D\u00e9palettiseurs<\/h1>\n<p>[\/vc_column_text][vc_column_text css=\u00a0\u00bb.vc_custom_1662635359772{margin-bottom: 10px !important;}\u00a0\u00bb]<\/p>\n<h3><span style=\"color: #a6a7a9; font-weight: 500;\">Pr\u00e9cision et d\u00e9licatesse<\/span><\/h3>\n<p>[\/vc_column_text][vc_column_text]La gamme de machines de d\u00e9palettisation de Jorpack disposent d\u2019un design soign\u00e9 jusqu\u2019au dernier d\u00e9tail dans chacun des composants qui le composent. La grande pr\u00e9cision requise par le processus de d\u00e9palettisation fait que notre \u00e9quipe d\u00e9veloppe des solutions avec le plus grand soin et l\u2019engagement de qualit\u00e9.[\/vc_column_text][\/vc_column][\/vc_row][vc_row content_placement=\u00a0\u00bbmiddle\u00a0\u00bb][vc_column offset=\u00a0\u00bbvc_hidden-lg vc_hidden-md vc_hidden-sm\u00a0\u00bb][vc_single_image image=\u00a0\u00bb1809&Prime; img_size=\u00a0\u00bbfull\u00a0\u00bb][\/vc_column][\/vc_row][vc_row css=\u00a0\u00bb.vc_custom_1651498751131{padding-top: 40px !important;}\u00a0\u00bb][vc_column][vc_column_text el_id=\u00a0\u00bbdestacado\u00a0\u00bb]<\/p>\n<h4 style=\"text-align: center;\">D\u00e9couvrez la gamme de d\u00e9palettiseurs Jorpack<\/h4>\n<p>[\/vc_column_text][vc_separator color=\u00a0\u00bbblack\u00a0\u00bb el_width=\u00a0\u00bb10&Prime;][\/vc_column][\/vc_row][vc_row full_width=\u00a0\u00bbstretch_row\u00a0\u00bb el_class=\u00a0\u00bbfichas-productos\u00a0\u00bb][vc_column]<div id=\"ult-carousel-369400276069e787bb19580\" class=\"ult-carousel-wrapper  vc_custom_1649749356235  ult_horizontal\" data-gutter=\"35\" data-rtl=\"false\" ><div class=\"ult-carousel-203982733669e787bb1916b \" >[vc_row_inner css=\u00a0\u00bb.vc_custom_1648730828124{background-color: #ffffff !important;}\u00a0\u00bb][vc_column_inner][vc_column_text css=\u00a0\u00bb.vc_custom_1663855421234{background-color: #ffffff !important;}\u00a0\u00bb]<\/p>\n<h4><a href=\"https:\/\/www.jorpack.com\/fr\/depalettiseurs\/desp-4000 \">DESP-4000<\/a><\/h4>\n<h6><span style=\"color: #808080;\">D\u00e9palettiseur automatique<\/span><\/h6>\n<p>[\/vc_column_text][vc_single_image image=\u00a0\u00bb1820&Prime; img_size=\u00a0\u00bbmedium\u00a0\u00bb alignment=\u00a0\u00bbcenter\u00a0\u00bb onclick=\u00a0\u00bbcustom_link\u00a0\u00bb css=\u00a0\u00bb.vc_custom_1738073524541{margin-bottom: 30px !important;}\u00a0\u00bb el_class=\u00a0\u00bbfoto-producto-medium\u00a0\u00bb link=\u00a0\u00bbhttps:\/\/www.jorpack.com\/fr\/depalettiseurs\/desp-4000&Prime;][vc_empty_space][vc_single_image image=\u00a0\u00bb1457&Prime; img_size=\u00a0\u00bbmedium\u00a0\u00bb title=\u00a0\u00bbM\u00e9thode de d\u00e9palettisation : Par pouss\u00e9e\u00a0\u00bb el_class=\u00a0\u00bbicono-ficha\u00a0\u00bb][vc_single_image image=\u00a0\u00bb1428&Prime; img_size=\u00a0\u00bbmedium\u00a0\u00bb title=\u00a0\u00bbEmballages Pet, verre et aluminium, bo\u00eetes et bo\u00eetes de produits r\u00e9utilisables\u00a0\u00bb el_class=\u00a0\u00bbicono-ficha\u00a0\u00bb][vc_single_image image=\u00a0\u00bb1437&Prime; img_size=\u00a0\u00bbmedium\u00a0\u00bb el_class=\u00a0\u00bbicono-ficha\u00a0\u00bb title=\u00a0\u00bbChangement de format : automatique\u00a0\u00bb][vc_single_image image=\u00a0\u00bb1424&Prime; img_size=\u00a0\u00bbmedium\u00a0\u00bb title=\u00a0\u00bbMagasin de palettes : inclus\u00a0\u00bb el_class=\u00a0\u00bbicono-ficha\u00a0\u00bb][vc_single_image image=\u00a0\u00bb1447&Prime; img_size=\u00a0\u00bbmedium\u00a0\u00bb title=\u00a0\u00bbExtracteur de carton : Inclus\u00a0\u00bb el_class=\u00a0\u00bbicono-ficha\u00a0\u00bb][vc_single_image image=\u00a0\u00bb4321&Prime; onclick=\u00a0\u00bbcustom_link\u00a0\u00bb el_class=\u00a0\u00bbicono-ficha view-more\u00a0\u00bb link=\u00a0\u00bbhttps:\/\/www.jorpack.com\/fr\/depalettiseurs\/desp-4000&Prime;][\/vc_column_inner][\/vc_row_inner][vc_row_inner css=\u00a0\u00bb.vc_custom_1648730828124{background-color: #ffffff !important;}\u00a0\u00bb][vc_column_inner][vc_column_text css=\u00a0\u00bb.vc_custom_1663855443931{background-color: #ffffff !important;}\u00a0\u00bb]<\/p>\n<h4><a href=\"https:\/\/www.jorpack.com\/fr\/depalettiseurs\/desp-4500 \">DESP-4500<\/a><\/h4>\n<h6><span style=\"color: #808080;\">D\u00e9palettiseur automatique<\/span><\/h6>\n<p>[\/vc_column_text][vc_single_image image=\u00a0\u00bb1819&Prime; img_size=\u00a0\u00bbmedium\u00a0\u00bb alignment=\u00a0\u00bbcenter\u00a0\u00bb onclick=\u00a0\u00bbcustom_link\u00a0\u00bb css=\u00a0\u00bb.vc_custom_1738073544123{margin-bottom: 30px !important;}\u00a0\u00bb el_class=\u00a0\u00bbfoto-producto-medium\u00a0\u00bb link=\u00a0\u00bbhttps:\/\/www.jorpack.com\/fr\/depalettiseurs\/desp-4500&Prime;][vc_empty_space][vc_single_image image=\u00a0\u00bb1457&Prime; img_size=\u00a0\u00bbmedium\u00a0\u00bb title=\u00a0\u00bbM\u00e9thode de d\u00e9palettisation : Par pouss\u00e9e\u00a0\u00bb el_class=\u00a0\u00bbicono-ficha\u00a0\u00bb][vc_single_image image=\u00a0\u00bb1453&Prime; img_size=\u00a0\u00bbmedium\u00a0\u00bb title=\u00a0\u00bbEmballages Pet et Aluminium\u00a0\u00bb el_class=\u00a0\u00bbicono-ficha\u00a0\u00bb][vc_single_image image=\u00a0\u00bb1437&Prime; img_size=\u00a0\u00bbmedium\u00a0\u00bb el_class=\u00a0\u00bbicono-ficha\u00a0\u00bb title=\u00a0\u00bbChangement de format : automatique\u00a0\u00bb][vc_single_image image=\u00a0\u00bb1424&Prime; img_size=\u00a0\u00bbmedium\u00a0\u00bb title=\u00a0\u00bbMagasin de palettes : inclus\u00a0\u00bb el_class=\u00a0\u00bbicono-ficha\u00a0\u00bb][vc_single_image image=\u00a0\u00bb1447&Prime; img_size=\u00a0\u00bbmedium\u00a0\u00bb title=\u00a0\u00bbExtracteur de carton : Inclus\u00a0\u00bb el_class=\u00a0\u00bbicono-ficha\u00a0\u00bb][vc_single_image image=\u00a0\u00bb4321&Prime; onclick=\u00a0\u00bbcustom_link\u00a0\u00bb el_class=\u00a0\u00bbicono-ficha view-more\u00a0\u00bb link=\u00a0\u00bbhttps:\/\/www.jorpack.com\/fr\/depalettiseurs\/desp-4500&Prime;][\/vc_column_inner][\/vc_row_inner][vc_row_inner css=\u00a0\u00bb.vc_custom_1648730828124{background-color: #ffffff !important;}\u00a0\u00bb][vc_column_inner][vc_column_text css=\u00a0\u00bb.vc_custom_1663855469628{background-color: #ffffff !important;}\u00a0\u00bb]<\/p>\n<h4><a href=\"https:\/\/www.jorpack.com\/fr\/depalettiseurs\/desp-5000 \">DESP-5000<\/a><\/h4>\n<h6><span style=\"color: #808080;\">D\u00e9palettiseur Semi-automatique<\/span><\/h6>\n<p>[\/vc_column_text][vc_single_image image=\u00a0\u00bb1895&Prime; img_size=\u00a0\u00bbmedium\u00a0\u00bb alignment=\u00a0\u00bbcenter\u00a0\u00bb onclick=\u00a0\u00bbcustom_link\u00a0\u00bb css=\u00a0\u00bb.vc_custom_1738073566655{margin-bottom: 30px !important;}\u00a0\u00bb el_class=\u00a0\u00bbfoto-producto-medium\u00a0\u00bb link=\u00a0\u00bbhttps:\/\/www.jorpack.com\/fr\/depalettiseurs\/desp-5000&Prime;][vc_empty_space][vc_single_image image=\u00a0\u00bb1457&Prime; img_size=\u00a0\u00bbmedium\u00a0\u00bb title=\u00a0\u00bbM\u00e9thode de d\u00e9ppalettisation : matelas ou aimant\u00e9\u00a0\u00bb el_class=\u00a0\u00bbicono-ficha\u00a0\u00bb][vc_single_image image=\u00a0\u00bb1426&Prime; img_size=\u00a0\u00bbmedium\u00a0\u00bb title=\u00a0\u00bbR\u00e9cipients en PEHD, verre et aluminium\u00a0\u00bb el_class=\u00a0\u00bbicono-ficha\u00a0\u00bb][vc_single_image image=\u00a0\u00bb1437&Prime; img_size=\u00a0\u00bbmedium\u00a0\u00bb el_class=\u00a0\u00bbicono-ficha\u00a0\u00bb title=\u00a0\u00bbChangements de format : rapides\u00a0\u00bb][vc_single_image image=\u00a0\u00bb1461&Prime; img_size=\u00a0\u00bbmedium\u00a0\u00bb title=\u00a0\u00bbPalette au sol\u00a0\u00bb el_class=\u00a0\u00bbicono-ficha\u00a0\u00bb][vc_single_image image=\u00a0\u00bb1447&Prime; img_size=\u00a0\u00bbmedium\u00a0\u00bb title=\u00a0\u00bbExtracteur de carton : Optionnel\u00a0\u00bb el_class=\u00a0\u00bbicono-ficha\u00a0\u00bb][vc_single_image image=\u00a0\u00bb4321&Prime; onclick=\u00a0\u00bbcustom_link\u00a0\u00bb el_class=\u00a0\u00bbicono-ficha view-more\u00a0\u00bb link=\u00a0\u00bbhttps:\/\/www.jorpack.com\/fr\/depalettiseurs\/desp-5000&Prime;][\/vc_column_inner][\/vc_row_inner][vc_row_inner css=\u00a0\u00bb.vc_custom_1648730828124{background-color: #ffffff !important;}\u00a0\u00bb][vc_column_inner][vc_column_text css=\u00a0\u00bb.vc_custom_1663855488288{background-color: #ffffff !important;}\u00a0\u00bb]<\/p>\n<h4><a href=\"https:\/\/www.jorpack.com\/fr\/depalettiseurs\/desp-6000 \">DESP-6000<\/a><\/h4>\n<h6><span style=\"color: #808080;\">D\u00e9palettiseur Semi-automatique<\/span><\/h6>\n<p>[\/vc_column_text][vc_single_image image=\u00a0\u00bb2336&Prime; img_size=\u00a0\u00bbmedium\u00a0\u00bb alignment=\u00a0\u00bbcenter\u00a0\u00bb onclick=\u00a0\u00bbcustom_link\u00a0\u00bb css=\u00a0\u00bb.vc_custom_1738073590418{margin-bottom: 30px !important;}\u00a0\u00bb el_class=\u00a0\u00bbfoto-producto-medium\u00a0\u00bb link=\u00a0\u00bbhttps:\/\/www.jorpack.com\/fr\/depalettiseurs\/desp-6000&Prime;][vc_empty_space][vc_single_image image=\u00a0\u00bb1457&Prime; img_size=\u00a0\u00bbmedium\u00a0\u00bb title=\u00a0\u00bbM\u00e9thode de d\u00e9palettisation : pouss\u00e9e ou aimant\u00e9\u00a0\u00bb el_class=\u00a0\u00bbicono-ficha\u00a0\u00bb][vc_single_image image=\u00a0\u00bb1436&Prime; img_size=\u00a0\u00bbmedium\u00a0\u00bb title=\u00a0\u00bbEmballages Pet, verre et aluminium, bo\u00eetes et bo\u00eetes de produits r\u00e9utilisables\u00a0\u00bb el_class=\u00a0\u00bbicono-ficha\u00a0\u00bb][vc_single_image image=\u00a0\u00bb1437&Prime; img_size=\u00a0\u00bbmedium\u00a0\u00bb el_class=\u00a0\u00bbicono-ficha\u00a0\u00bb title=\u00a0\u00bbChangement de format : automatique\u00a0\u00bb][vc_single_image image=\u00a0\u00bb1424&Prime; img_size=\u00a0\u00bbmedium\u00a0\u00bb title=\u00a0\u00bbMagasin de palettes : optionnel\u00a0\u00bb el_class=\u00a0\u00bbicono-ficha\u00a0\u00bb][vc_single_image image=\u00a0\u00bb1447&Prime; img_size=\u00a0\u00bbmedium\u00a0\u00bb title=\u00a0\u00bbExtracteur de carton : Optionnel\u00a0\u00bb el_class=\u00a0\u00bbicono-ficha\u00a0\u00bb][vc_single_image image=\u00a0\u00bb4321&Prime; onclick=\u00a0\u00bbcustom_link\u00a0\u00bb el_class=\u00a0\u00bbicono-ficha view-more\u00a0\u00bb link=\u00a0\u00bbhttps:\/\/www.jorpack.com\/fr\/depalettiseurs\/desp-6000&Prime;][\/vc_column_inner][\/vc_row_inner][vc_row_inner css=\u00a0\u00bb.vc_custom_1648730828124{background-color: #ffffff !important;}\u00a0\u00bb][vc_column_inner][vc_column_text css=\u00a0\u00bb.vc_custom_1663855512744{background-color: #ffffff !important;}\u00a0\u00bb]<\/p>\n<h4><a href=\"https:\/\/www.jorpack.com\/fr\/robots\/depalettiseurs\/desp-9600 \"><span style=\"color: #edca00;\">ROBOT<\/span>DESP<\/a><\/h4>\n<h6><span style=\"color: #808080;\">Solutions de d\u00e9palettisation avec des robots<\/span><\/h6>\n<p>[\/vc_column_text][vc_single_image image=\u00a0\u00bb1818&Prime; img_size=\u00a0\u00bbmedium\u00a0\u00bb alignment=\u00a0\u00bbcenter\u00a0\u00bb onclick=\u00a0\u00bbcustom_link\u00a0\u00bb css=\u00a0\u00bb.vc_custom_1738073608978{margin-bottom: 30px !important;}\u00a0\u00bb el_class=\u00a0\u00bbfoto-producto-medium\u00a0\u00bb link=\u00a0\u00bbhttps:\/\/www.jorpack.com\/fr\/robots\/depalettiseurs\/desp-9600&Prime;][vc_empty_space][vc_single_image image=\u00a0\u00bb1457&Prime; img_size=\u00a0\u00bbmedium\u00a0\u00bb title=\u00a0\u00bbPlusieurs solutions de d\u00e9palettisation\u00a0\u00bb el_class=\u00a0\u00bbicono-ficha\u00a0\u00bb][vc_single_image image=\u00a0\u00bb1434&Prime; img_size=\u00a0\u00bb\u00a0\u00bb title=\u00a0\u00bbEmballages PET, verre et bo\u00eetes\u00a0\u00bb el_class=\u00a0\u00bbicono-ficha\u00a0\u00bb][vc_single_image image=\u00a0\u00bb1437&Prime; img_size=\u00a0\u00bbmedium\u00a0\u00bb el_class=\u00a0\u00bbicono-ficha\u00a0\u00bb title=\u00a0\u00bbChangement de format : automatique\u00a0\u00bb][vc_single_image image=\u00a0\u00bb1424&Prime; img_size=\u00a0\u00bb\u00a0\u00bb title=\u00a0\u00bbMagasin de palettes : optionnel\u00a0\u00bb el_class=\u00a0\u00bbicono-ficha\u00a0\u00bb][vc_single_image image=\u00a0\u00bb1447&Prime; img_size=\u00a0\u00bb\u00a0\u00bb title=\u00a0\u00bbExtracteur de carton : Inclus\u00a0\u00bb el_class=\u00a0\u00bbicono-ficha\u00a0\u00bb][vc_single_image image=\u00a0\u00bb4321&Prime; onclick=\u00a0\u00bbcustom_link\u00a0\u00bb el_class=\u00a0\u00bbicono-ficha view-more\u00a0\u00bb link=\u00a0\u00bbhttps:\/\/www.jorpack.com\/fr\/robots\/depalettiseurs\/desp-9600&Prime;][\/vc_column_inner][\/vc_row_inner]<\/div><\/div>\t\t\t<script type=\"text\/javascript\">\n\t\t\t\tjQuery(document).ready(function ($) {\n\t\t\t\t\tif( typeof jQuery('.ult-carousel-203982733669e787bb1916b').slick == \"function\"){\n\t\t\t\t\t\t$('.ult-carousel-203982733669e787bb1916b').slick({dots: false,autoplaySpeed: \"5000\",speed: \"300\",infinite: true,arrows: true,nextArrow: '<button type=\"button\" role=\"button\" aria-label=\"Next\" style=\"color:#333333; font-size:36px;\" class=\"slick-next default\"><i class=\"ultsl-arrow-right6\"><\/i><\/button>',prevArrow: '<button type=\"button\" role=\"button\" aria-label=\"Previous\" style=\"color:#333333; font-size:36px;\" class=\"slick-prev default\"><i class=\"ultsl-arrow-left6\"><\/i><\/button>',slidesToScroll:1,slidesToShow:3,swipe: true,draggable: true,touchMove: true,pauseOnHover: true,pauseOnFocus: false,responsive: [\n\t\t\t\t\t\t\t{\n\t\t\t\t\t\t\t  breakpoint: 1026,\n\t\t\t\t\t\t\t  settings: {\n\t\t\t\t\t\t\t\tslidesToShow: 3,\n\t\t\t\t\t\t\t\tslidesToScroll: 1,  \n\t\t\t\t\t\t\t  }\n\t\t\t\t\t\t\t},\n\t\t\t\t\t\t\t{\n\t\t\t\t\t\t\t  breakpoint: 1025,\n\t\t\t\t\t\t\t  settings: {\n\t\t\t\t\t\t\t\tslidesToShow: 2,\n\t\t\t\t\t\t\t\tslidesToScroll: 1\n\t\t\t\t\t\t\t  }\n\t\t\t\t\t\t\t},\n\t\t\t\t\t\t\t{\n\t\t\t\t\t\t\t  breakpoint: 760,\n\t\t\t\t\t\t\t  settings: {\n\t\t\t\t\t\t\t\tslidesToShow: 1,\n\t\t\t\t\t\t\t\tslidesToScroll: 1\n\t\t\t\t\t\t\t  }\n\t\t\t\t\t\t\t}\n\t\t\t\t\t\t],pauseOnDotsHover: true,customPaging: function(slider, i) {\n                   return '<i type=\"button\" style= \"color:#333333;\" class=\"ultsl-record\" data-role=\"none\"><\/i>';\n                },});\n\t\t\t\t\t}\n\t\t\t\t});\n\t\t\t<\/script>\n\t\t\t[\/vc_column][\/vc_row][\/vc_section][vc_section css=\u00a0\u00bb.vc_custom_1745399578979{padding-top: 100px !important;padding-bottom: 50px !important;}\u00a0\u00bb][vc_row content_placement=\u00a0\u00bbmiddle\u00a0\u00bb][vc_column][vc_video link=\u00a0\u00bbhttps:\/\/youtu.be\/xMRw0ygO-mY\u00a0\u00bb el_width=\u00a0\u00bb60&Prime; align=\u00a0\u00bbcenter\u00a0\u00bb css=\u00a0\u00bb\u00a0\u00bb][\/vc_column][\/vc_row][\/vc_section]<\/p>\n<\/div>","protected":false},"excerpt":{"rendered":"<p>[vc_section full_width=\u00a0\u00bbstretch_row\u00a0\u00bb css=\u00a0\u00bb.vc_custom_1651498774718{padding-top: 30px !important;padding-bottom: 50px !important;background-color: #f5f5f5 !important;}\u00a0\u00bb][vc_row content_placement=\u00a0\u00bbmiddle\u00a0\u00bb el_class=\u00a0\u00bbpresentacion-producto\u00a0\u00bb][vc_column width=\u00a0\u00bb1\/2&Prime; offset=\u00a0\u00bbvc_hidden-xs\u00a0\u00bb][vc_single_image image=\u00a0\u00bb4806&Prime; img_size=\u00a0\u00bbfull\u00a0\u00bb][\/vc_column][vc_column width=\u00a0\u00bb1\/2&Prime;][vc_single_image image=\u00a0\u00bb4803&Prime; el_class=\u00a0\u00bbcolor-producto\u00a0\u00bb][vc_column_text css=\u00a0\u00bb.vc_custom_1662635339053{margin-bottom: 10px !important;}\u00a0\u00bb] D\u00e9palettiseurs [\/vc_column_text][vc_column_text css=\u00a0\u00bb.vc_custom_1662635359772{margin-bottom: 10px !important;}\u00a0\u00bb] Pr\u00e9cision et d\u00e9licatesse [\/vc_column_text][vc_column_text]La &#8230; <a title=\"D\u00e9palettiseurs\" class=\"read-more\" href=\"https:\/\/jorpack.com\/fr\/depalettiseurs\/\" aria-label=\"En savoir plus sur D\u00e9palettiseurs\">Leer m\u00e1s<\/a><\/p>\n","protected":false},"author":2,"featured_media":0,"parent":0,"menu_order":0,"comment_status":"closed","ping_status":"closed","template":"","meta":{"_acf_changed":false,"footnotes":""},"class_list":["post-3584","page","type-page","status-publish"],"acf":[],"yoast_head":"<!-- This site is optimized with the Yoast SEO plugin v27.4 - https:\/\/yoast.com\/product\/yoast-seo-wordpress\/ -->\n<title>D\u00e9palettiseurs - Jorpack\u00ae<\/title>\n<meta name=\"robots\" content=\"index, follow, max-snippet:-1, max-image-preview:large, max-video-preview:-1\" \/>\n<link rel=\"canonical\" href=\"https:\/\/jorpack.com\/fr\/depalettiseurs\/\" \/>\n<meta property=\"og:locale\" content=\"fr_FR\" \/>\n<meta property=\"og:type\" content=\"article\" \/>\n<meta property=\"og:title\" content=\"D\u00e9palettiseurs - Jorpack\u00ae\" \/>\n<meta property=\"og:description\" content=\"[vc_section full_width=\u00a0\u00bbstretch_row\u00a0\u00bb css=\u00a0\u00bb.vc_custom_1651498774718{padding-top: 30px !important;padding-bottom: 50px !important;background-color: #f5f5f5 !important;}\u00a0\u00bb][vc_row content_placement=\u00a0\u00bbmiddle\u00a0\u00bb el_class=\u00a0\u00bbpresentacion-producto\u00a0\u00bb][vc_column width=\u00a0\u00bb1\/2&Prime; offset=\u00a0\u00bbvc_hidden-xs\u00a0\u00bb][vc_single_image image=\u00a0\u00bb4806&Prime; img_size=\u00a0\u00bbfull\u00a0\u00bb][\/vc_column][vc_column width=\u00a0\u00bb1\/2&Prime;][vc_single_image image=\u00a0\u00bb4803&Prime; el_class=\u00a0\u00bbcolor-producto\u00a0\u00bb][vc_column_text css=\u00a0\u00bb.vc_custom_1662635339053{margin-bottom: 10px !important;}\u00a0\u00bb] D\u00e9palettiseurs [\/vc_column_text][vc_column_text css=\u00a0\u00bb.vc_custom_1662635359772{margin-bottom: 10px !important;}\u00a0\u00bb] Pr\u00e9cision et d\u00e9licatesse [\/vc_column_text][vc_column_text]La ... Leer m\u00e1s\" \/>\n<meta property=\"og:url\" content=\"https:\/\/jorpack.com\/fr\/depalettiseurs\/\" \/>\n<meta property=\"og:site_name\" content=\"Jorpack\u00ae\" \/>\n<meta property=\"article:modified_time\" content=\"2025-04-23T09:13:17+00:00\" \/>\n<meta name=\"twitter:card\" content=\"summary_large_image\" \/>\n<meta name=\"twitter:label1\" content=\"Dur\u00e9e de lecture estim\u00e9e\" \/>\n\t<meta name=\"twitter:data1\" content=\"10 minutes\" \/>\n<script type=\"application\/ld+json\" class=\"yoast-schema-graph\">{\"@context\":\"https:\\\/\\\/schema.org\",\"@graph\":[{\"@type\":\"WebPage\",\"@id\":\"https:\\\/\\\/jorpack.com\\\/fr\\\/depalettiseurs\\\/\",\"url\":\"https:\\\/\\\/jorpack.com\\\/fr\\\/depalettiseurs\\\/\",\"name\":\"D\u00e9palettiseurs - Jorpack\u00ae\",\"isPartOf\":{\"@id\":\"https:\\\/\\\/jorpack.com\\\/fr\\\/#website\"},\"datePublished\":\"2022-09-08T11:26:29+00:00\",\"dateModified\":\"2025-04-23T09:13:17+00:00\",\"breadcrumb\":{\"@id\":\"https:\\\/\\\/jorpack.com\\\/fr\\\/depalettiseurs\\\/#breadcrumb\"},\"inLanguage\":\"fr-FR\",\"potentialAction\":[{\"@type\":\"ReadAction\",\"target\":[\"https:\\\/\\\/jorpack.com\\\/fr\\\/depalettiseurs\\\/\"]}]},{\"@type\":\"BreadcrumbList\",\"@id\":\"https:\\\/\\\/jorpack.com\\\/fr\\\/depalettiseurs\\\/#breadcrumb\",\"itemListElement\":[{\"@type\":\"ListItem\",\"position\":1,\"name\":\"Portada\",\"item\":\"https:\\\/\\\/jorpack.com\\\/fr\\\/\"},{\"@type\":\"ListItem\",\"position\":2,\"name\":\"D\u00e9palettiseurs\"}]},{\"@type\":\"WebSite\",\"@id\":\"https:\\\/\\\/jorpack.com\\\/fr\\\/#website\",\"url\":\"https:\\\/\\\/jorpack.com\\\/fr\\\/\",\"name\":\"Jorpack\u00ae\",\"description\":\"Amplia selecci\u00f3n de Formadoras\",\"publisher\":{\"@id\":\"https:\\\/\\\/jorpack.com\\\/fr\\\/#organization\"},\"potentialAction\":[{\"@type\":\"SearchAction\",\"target\":{\"@type\":\"EntryPoint\",\"urlTemplate\":\"https:\\\/\\\/jorpack.com\\\/fr\\\/?s={search_term_string}\"},\"query-input\":{\"@type\":\"PropertyValueSpecification\",\"valueRequired\":true,\"valueName\":\"search_term_string\"}}],\"inLanguage\":\"fr-FR\"},{\"@type\":\"Organization\",\"@id\":\"https:\\\/\\\/jorpack.com\\\/fr\\\/#organization\",\"name\":\"Jorpack\u00ae\",\"url\":\"https:\\\/\\\/jorpack.com\\\/fr\\\/\",\"logo\":{\"@type\":\"ImageObject\",\"inLanguage\":\"fr-FR\",\"@id\":\"https:\\\/\\\/jorpack.com\\\/fr\\\/#\\\/schema\\\/logo\\\/image\\\/\",\"url\":\"https:\\\/\\\/jorpack.com\\\/wp-content\\\/uploads\\\/2022\\\/03\\\/cropped-jorpack-logotipo.png\",\"contentUrl\":\"https:\\\/\\\/jorpack.com\\\/wp-content\\\/uploads\\\/2022\\\/03\\\/cropped-jorpack-logotipo.png\",\"width\":500,\"height\":110,\"caption\":\"Jorpack\u00ae\"},\"image\":{\"@id\":\"https:\\\/\\\/jorpack.com\\\/fr\\\/#\\\/schema\\\/logo\\\/image\\\/\"}}]}<\/script>\n<!-- \/ Yoast SEO plugin. -->","yoast_head_json":{"title":"D\u00e9palettiseurs - Jorpack\u00ae","robots":{"index":"index","follow":"follow","max-snippet":"max-snippet:-1","max-image-preview":"max-image-preview:large","max-video-preview":"max-video-preview:-1"},"canonical":"https:\/\/jorpack.com\/fr\/depalettiseurs\/","og_locale":"fr_FR","og_type":"article","og_title":"D\u00e9palettiseurs - Jorpack\u00ae","og_description":"[vc_section full_width=\u00a0\u00bbstretch_row\u00a0\u00bb css=\u00a0\u00bb.vc_custom_1651498774718{padding-top: 30px !important;padding-bottom: 50px !important;background-color: #f5f5f5 !important;}\u00a0\u00bb][vc_row content_placement=\u00a0\u00bbmiddle\u00a0\u00bb el_class=\u00a0\u00bbpresentacion-producto\u00a0\u00bb][vc_column width=\u00a0\u00bb1\/2&Prime; offset=\u00a0\u00bbvc_hidden-xs\u00a0\u00bb][vc_single_image image=\u00a0\u00bb4806&Prime; img_size=\u00a0\u00bbfull\u00a0\u00bb][\/vc_column][vc_column width=\u00a0\u00bb1\/2&Prime;][vc_single_image image=\u00a0\u00bb4803&Prime; el_class=\u00a0\u00bbcolor-producto\u00a0\u00bb][vc_column_text css=\u00a0\u00bb.vc_custom_1662635339053{margin-bottom: 10px !important;}\u00a0\u00bb] D\u00e9palettiseurs [\/vc_column_text][vc_column_text css=\u00a0\u00bb.vc_custom_1662635359772{margin-bottom: 10px !important;}\u00a0\u00bb] Pr\u00e9cision et d\u00e9licatesse [\/vc_column_text][vc_column_text]La ... Leer m\u00e1s","og_url":"https:\/\/jorpack.com\/fr\/depalettiseurs\/","og_site_name":"Jorpack\u00ae","article_modified_time":"2025-04-23T09:13:17+00:00","twitter_card":"summary_large_image","twitter_misc":{"Dur\u00e9e de lecture estim\u00e9e":"10 minutes"},"schema":{"@context":"https:\/\/schema.org","@graph":[{"@type":"WebPage","@id":"https:\/\/jorpack.com\/fr\/depalettiseurs\/","url":"https:\/\/jorpack.com\/fr\/depalettiseurs\/","name":"D\u00e9palettiseurs - Jorpack\u00ae","isPartOf":{"@id":"https:\/\/jorpack.com\/fr\/#website"},"datePublished":"2022-09-08T11:26:29+00:00","dateModified":"2025-04-23T09:13:17+00:00","breadcrumb":{"@id":"https:\/\/jorpack.com\/fr\/depalettiseurs\/#breadcrumb"},"inLanguage":"fr-FR","potentialAction":[{"@type":"ReadAction","target":["https:\/\/jorpack.com\/fr\/depalettiseurs\/"]}]},{"@type":"BreadcrumbList","@id":"https:\/\/jorpack.com\/fr\/depalettiseurs\/#breadcrumb","itemListElement":[{"@type":"ListItem","position":1,"name":"Portada","item":"https:\/\/jorpack.com\/fr\/"},{"@type":"ListItem","position":2,"name":"D\u00e9palettiseurs"}]},{"@type":"WebSite","@id":"https:\/\/jorpack.com\/fr\/#website","url":"https:\/\/jorpack.com\/fr\/","name":"Jorpack\u00ae","description":"Amplia selecci\u00f3n de Formadoras","publisher":{"@id":"https:\/\/jorpack.com\/fr\/#organization"},"potentialAction":[{"@type":"SearchAction","target":{"@type":"EntryPoint","urlTemplate":"https:\/\/jorpack.com\/fr\/?s={search_term_string}"},"query-input":{"@type":"PropertyValueSpecification","valueRequired":true,"valueName":"search_term_string"}}],"inLanguage":"fr-FR"},{"@type":"Organization","@id":"https:\/\/jorpack.com\/fr\/#organization","name":"Jorpack\u00ae","url":"https:\/\/jorpack.com\/fr\/","logo":{"@type":"ImageObject","inLanguage":"fr-FR","@id":"https:\/\/jorpack.com\/fr\/#\/schema\/logo\/image\/","url":"https:\/\/jorpack.com\/wp-content\/uploads\/2022\/03\/cropped-jorpack-logotipo.png","contentUrl":"https:\/\/jorpack.com\/wp-content\/uploads\/2022\/03\/cropped-jorpack-logotipo.png","width":500,"height":110,"caption":"Jorpack\u00ae"},"image":{"@id":"https:\/\/jorpack.com\/fr\/#\/schema\/logo\/image\/"}}]}},"_links":{"self":[{"href":"https:\/\/jorpack.com\/fr\/wp-json\/wp\/v2\/pages\/3584","targetHints":{"allow":["GET"]}}],"collection":[{"href":"https:\/\/jorpack.com\/fr\/wp-json\/wp\/v2\/pages"}],"about":[{"href":"https:\/\/jorpack.com\/fr\/wp-json\/wp\/v2\/types\/page"}],"author":[{"embeddable":true,"href":"https:\/\/jorpack.com\/fr\/wp-json\/wp\/v2\/users\/2"}],"replies":[{"embeddable":true,"href":"https:\/\/jorpack.com\/fr\/wp-json\/wp\/v2\/comments?post=3584"}],"version-history":[{"count":0,"href":"https:\/\/jorpack.com\/fr\/wp-json\/wp\/v2\/pages\/3584\/revisions"}],"wp:attachment":[{"href":"https:\/\/jorpack.com\/fr\/wp-json\/wp\/v2\/media?parent=3584"}],"curies":[{"name":"wp","href":"https:\/\/api.w.org\/{rel}","templated":true}]}}