{"id":3489,"date":"2022-04-19T15:26:04","date_gmt":"2022-09-08T06:33:47","guid":{"rendered":"https:\/\/jorpack.com\/?post_type=product&#038;p=3489"},"modified":"2024-10-16T11:17:30","modified_gmt":"2024-10-16T11:17:30","slug":"desp-5000","status":"publish","type":"product","link":"https:\/\/jorpack.com\/ca\/despaletitzadors\/desp-5000\/","title":{"rendered":"DESP-5000"},"content":{"rendered":"<div class=\"wpb-content-wrapper\"><p>[vc_section css=&#8221;.vc_custom_1650361358445{margin-top: 0px !important;}&#8221; el_class=&#8221;ficha-tecnica&#8221;][vc_row][vc_column width=&#8221;5\/6&#8243;][vc_toggle title=&#8221;Metodologia de despaletitzat&#8221;]- <strong>Despaletitzador de matalassos:<\/strong> pel despaletitzat d&#8217;ampolles de vidre<\/p>\n<p>&#8211; <strong>Despaletitzador compacte:<\/strong> pel despaletitzat d&#8217;envasos de pl\u00e0stic<\/p>\n<p>&#8211; <strong>Despaletitzador imantat:<\/strong> pel despaletitzat de llaunes buides o productes d&#8217;alumini.[\/vc_toggle][vc_toggle title=&#8221;Tipus de palet a despaletitzar&#8221; el_class=&#8221;faq-palet&#8221;]<\/p>\n<div class=\"cont-flex\">\n<p style=\"text-align: left;\"><img decoding=\"async\" class=\"alignnone wp-image-1726 size-medium\" src=\"https:\/\/jorpack.com\/wp-content\/uploads\/2022\/04\/icono-bandeja-display-2-300x300.png\" alt=\"\" width=\"300\" height=\"300\" srcset=\"https:\/\/jorpack.com\/wp-content\/uploads\/2022\/04\/icono-bandeja-display-2-300x300.png 300w, https:\/\/jorpack.com\/wp-content\/uploads\/2022\/04\/icono-bandeja-display-2-150x150.png 150w, https:\/\/jorpack.com\/wp-content\/uploads\/2022\/04\/icono-bandeja-display-2-100x100.png 100w, https:\/\/jorpack.com\/wp-content\/uploads\/2022\/04\/icono-bandeja-display-2.png 540w\" sizes=\"(max-width: 300px) 100vw, 300px\" \/><br \/>\nPalet amb safata<\/p>\n<p><img decoding=\"async\" class=\"alignnone wp-image-2108 size-medium\" src=\"https:\/\/jorpack.com\/wp-content\/uploads\/2022\/04\/icono-palet-con-bandeja-invertida-300x300.png\" alt=\"\" width=\"300\" height=\"300\" srcset=\"https:\/\/jorpack.com\/wp-content\/uploads\/2022\/04\/icono-palet-con-bandeja-invertida-300x300.png 300w, https:\/\/jorpack.com\/wp-content\/uploads\/2022\/04\/icono-palet-con-bandeja-invertida-150x150.png 150w, https:\/\/jorpack.com\/wp-content\/uploads\/2022\/04\/icono-palet-con-bandeja-invertida-600x600.png 600w, https:\/\/jorpack.com\/wp-content\/uploads\/2022\/04\/icono-palet-con-bandeja-invertida-100x100.png 100w, https:\/\/jorpack.com\/wp-content\/uploads\/2022\/04\/icono-palet-con-bandeja-invertida.png 721w\" sizes=\"(max-width: 300px) 100vw, 300px\" \/><br \/>\nPalet amb safata invertida de cart\u00f3<\/p>\n<p style=\"text-align: left;\"><img decoding=\"async\" class=\"alignnone wp-image-2109 size-medium\" src=\"https:\/\/jorpack.com\/wp-content\/uploads\/2022\/04\/icono-palet-con-planchas-de-carton-y-bandeja-invertida-300x300.png\" alt=\"\" width=\"300\" height=\"300\" srcset=\"https:\/\/jorpack.com\/wp-content\/uploads\/2022\/04\/icono-palet-con-planchas-de-carton-y-bandeja-invertida-300x300.png 300w, https:\/\/jorpack.com\/wp-content\/uploads\/2022\/04\/icono-palet-con-planchas-de-carton-y-bandeja-invertida-150x150.png 150w, https:\/\/jorpack.com\/wp-content\/uploads\/2022\/04\/icono-palet-con-planchas-de-carton-y-bandeja-invertida-600x600.png 600w, https:\/\/jorpack.com\/wp-content\/uploads\/2022\/04\/icono-palet-con-planchas-de-carton-y-bandeja-invertida-100x100.png 100w, https:\/\/jorpack.com\/wp-content\/uploads\/2022\/04\/icono-palet-con-planchas-de-carton-y-bandeja-invertida.png 721w\" sizes=\"(max-width: 300px) 100vw, 300px\" \/><br \/>\nPalet amb planxes de cart\u00f3 i safata invertida<\/p>\n<p style=\"text-align: left;\"><img decoding=\"async\" class=\"alignnone wp-image-2107 size-medium\" src=\"https:\/\/jorpack.com\/wp-content\/uploads\/2022\/04\/icono-palet-cajas-plastico-producto-retornable-300x300.png\" alt=\"\" width=\"300\" height=\"300\" srcset=\"https:\/\/jorpack.com\/wp-content\/uploads\/2022\/04\/icono-palet-cajas-plastico-producto-retornable-300x300.png 300w, https:\/\/jorpack.com\/wp-content\/uploads\/2022\/04\/icono-palet-cajas-plastico-producto-retornable-150x150.png 150w, https:\/\/jorpack.com\/wp-content\/uploads\/2022\/04\/icono-palet-cajas-plastico-producto-retornable-600x600.png 600w, https:\/\/jorpack.com\/wp-content\/uploads\/2022\/04\/icono-palet-cajas-plastico-producto-retornable-100x100.png 100w, https:\/\/jorpack.com\/wp-content\/uploads\/2022\/04\/icono-palet-cajas-plastico-producto-retornable.png 721w\" sizes=\"(max-width: 300px) 100vw, 300px\" \/><br \/>\nPalet de caixes de pl\u00e0stic de producte retornable<\/p>\n<p style=\"text-align: left;\"><img decoding=\"async\" class=\"alignnone wp-image-2110 size-medium\" src=\"https:\/\/jorpack.com\/wp-content\/uploads\/2022\/04\/icono-palet-planchas-carton-y-plancha-estabilizdora-parte-superior-300x300.png\" alt=\"\" width=\"300\" height=\"300\" srcset=\"https:\/\/jorpack.com\/wp-content\/uploads\/2022\/04\/icono-palet-planchas-carton-y-plancha-estabilizdora-parte-superior-300x300.png 300w, https:\/\/jorpack.com\/wp-content\/uploads\/2022\/04\/icono-palet-planchas-carton-y-plancha-estabilizdora-parte-superior-150x150.png 150w, https:\/\/jorpack.com\/wp-content\/uploads\/2022\/04\/icono-palet-planchas-carton-y-plancha-estabilizdora-parte-superior-600x600.png 600w, https:\/\/jorpack.com\/wp-content\/uploads\/2022\/04\/icono-palet-planchas-carton-y-plancha-estabilizdora-parte-superior-100x100.png 100w, https:\/\/jorpack.com\/wp-content\/uploads\/2022\/04\/icono-palet-planchas-carton-y-plancha-estabilizdora-parte-superior.png 721w\" sizes=\"(max-width: 300px) 100vw, 300px\" \/><br \/>\nPalet de caixes de pl\u00e0stic de producte retornable<\/p>\n<\/div>\n<p>[\/vc_toggle][vc_toggle title=&#8221;Accessoris Inclosos&#8221;]- <strong>Inclou extractor de cart\u00f3:<\/strong> recull les safates invertides i les planxes de cart\u00f3 per dipositar-les en un magatzem de cart\u00f3.[\/vc_toggle][vc_toggle title=&#8221;Opcionals&#8221;]- <strong>Transportador:<\/strong> d&#8217;ampolles, envasos o caixes a la sortida de la taula d&#8217;acumulaci\u00f3.[\/vc_toggle][vc_raw_html]W1Nhc3N5X1NvY2lhbF9TaGFyZSB0aXRsZT0iQ29tcGFydGVpeCJd[\/vc_raw_html][\/vc_column][vc_column width=&#8221;1\/6&#8243; offset=&#8221;vc_hidden-xs&#8221;]<div class=\"ult-content-box-container \" >\t\t<div class=\"ult-content-box\" style=\"box-shadow: px px px px none;-webkit-transition: all 700ms ease;-moz-transition: all 700ms ease;-ms-transition: all 700ms ease;-o-transition: all 700ms ease;transition: all 700ms ease;\"  data-hover_box_shadow=\"none\"    >[vc_single_image image=&#8221;645&#8243; alignment=&#8221;center&#8221; css=&#8221;.vc_custom_1648732644686{margin-bottom: 10px !important;}&#8221;][vc_column_text]<\/p>\n<p style=\"text-align: center;\"><span style=\"color: #394049;\">Fitxa t\u00e8cnica<br \/>\nDESP-4000<\/span><\/p>\n<p>[\/vc_column_text]\t\t<\/div><\/div>[\/vc_column][\/vc_row][\/vc_section][vc_section][vc_row gap=&#8221;35&#8243;][vc_column width=&#8221;3\/4&#8243; el_class=&#8221;productos-sugeridos&#8221;][vc_column_text]<\/p>\n<h3>Completa la l\u00ednia amb:<\/h3>\n<p>[\/vc_column_text][vc_basic_grid post_type=&#8221;ids&#8221; element_width=&#8221;3&#8243; gap=&#8221;35&#8243; item=&#8221;1394&#8243; grid_id=&#8221;vc_gid:1663924877342-943b9a35-8ae7-3&#8243; include=&#8221;1500, 1508, 1517&#8243;][\/vc_column][vc_column width=&#8221;1\/4&#8243; el_class=&#8221;productos-relacionados&#8221;][vc_column_text]<\/p>\n<h3>Productes relacionats:<\/h3>\n<p>[\/vc_column_text][vc_column_text]<a href=\"https:\/\/www.jorpack.com\/ca\/despaletitzadors\/desp-4000 \">DESP-4000<\/a><\/p>\n<p><a href=\"https:\/\/www.jorpack.com\/ca\/despaletitzadors\/desp-4500 \">DESP-4500<\/a><\/p>\n<p><a href=\"https:\/\/www.jorpack.com\/ca\/despaletitzadors\/desp-6000 \">DESP-6000<\/a><\/p>\n<p><a href=\"https:\/\/www.jorpack.com\/ca\/robots\/despaletitzadors\/desp-9600 \">DESP-9600<\/a>[\/vc_column_text][\/vc_column][\/vc_row][\/vc_section]<\/p>\n<\/div>","protected":false},"excerpt":{"rendered":"<p>Despaletitzador semiautom\u00e0tic<\/p>\n<p>El Despaletitzador semiautom\u00e0tic Jorpack DESP-5000 realitza la despaletitzaci\u00f3 d&#8217;ampolles, envasos PET, envasos de vidre o llaunes sobre una taula de despaletitzat de manera semiautom\u00e0tica.<\/p>\n<p>Els despaletitzadors semiautom\u00e0tics de Jorpack es caracteritzen per la seva gran robustesa i fiabilitat. Satisfan processos de despaletitzaci\u00f3 fins a produccions mitjanes,sense pressi\u00f3 en el producte per no maltractar-lo.<\/p>\n<p>La introducci\u00f3 del palet es produeix de manera manual amb palet a terra. L&#8217;operari de la m\u00e0quina despaletitzadora DESP-5000 simplement ha de validar cadascuna de les capes a despaletitzar i extreure la safata o planxa de cartr\u00f3 entre capes, per continuar de manera autom\u00e0tica despaletitzant el palet.<\/p>\n<p>Ofereixen un gran rendiment en el proc\u00e9s de despaletitzat amb palet a terra.<\/p>\n","protected":false},"featured_media":3053,"template":"","meta":{"_acf_changed":false},"sector":[157,158,154,153,181,171,159,178,180,155,150,168,172,166,173,149,169,182,170,163,156,164,187,174,177,151,161,189,165,167,160],"product_brand":[],"product_cat":[78],"product_tag":[],"class_list":{"0":"post-3489","1":"product","2":"type-product","3":"status-publish","4":"has-post-thumbnail","6":"sector-aceite","7":"sector-agua","8":"sector-alimentacion","9":"sector-automocion","10":"sector-azucar","11":"sector-bandas-depilatorias","12":"sector-bodegas","13":"sector-cafe","14":"sector-conservas","15":"sector-construccion","16":"sector-cosmetica","17":"sector-cremas","18":"sector-decoracion-envases-2","19":"sector-decoracion-envases","20":"sector-detergentes","21":"sector-embotellado","22":"sector-estuches","23":"sector-galletas","24":"sector-higiene","25":"sector-horchata","26":"sector-jardineria","27":"sector-licores","28":"sector-pintura","29":"sector-productos-de-limpieza","30":"sector-productos-de-limpieza-2","31":"sector-quimico","32":"sector-refrescos","33":"sector-semillas","34":"sector-sidra","35":"sector-tarros","36":"sector-zumos","37":"product_cat-despaletitzadors","39":"first","40":"instock","41":"shipping-taxable","42":"product-type-simple"},"acf":[],"yoast_head":"<!-- This site is optimized with the Yoast SEO plugin v27.2 - https:\/\/yoast.com\/product\/yoast-seo-wordpress\/ -->\n<title>DESP-5000 - Jorpack\u00ae<\/title>\n<meta name=\"robots\" content=\"index, follow, max-snippet:-1, max-image-preview:large, max-video-preview:-1\" \/>\n<link rel=\"canonical\" href=\"https:\/\/jorpack.com\/ca\/despaletitzadors\/desp-5000\/\" \/>\n<meta property=\"og:locale\" content=\"ca_ES\" \/>\n<meta property=\"og:type\" content=\"article\" \/>\n<meta property=\"og:title\" content=\"DESP-5000 - Jorpack\u00ae\" \/>\n<meta property=\"og:description\" content=\"Despaletitzador semiautom\u00e0tic  El Despaletitzador semiautom\u00e0tic Jorpack DESP-5000 realitza la despaletitzaci\u00f3 d&#039;ampolles, envasos PET, envasos de vidre o llaunes sobre una taula de despaletitzat de manera semiautom\u00e0tica.  Els despaletitzadors semiautom\u00e0tics de Jorpack es caracteritzen per la seva gran robustesa i fiabilitat. Satisfan processos de despaletitzaci\u00f3 fins a produccions mitjanes,sense pressi\u00f3 en el producte per no maltractar-lo.  La introducci\u00f3 del palet es produeix de manera manual amb palet a terra. L&#039;operari de la m\u00e0quina despaletitzadora DESP-5000 simplement ha de validar cadascuna de les capes a despaletitzar i extreure la safata o planxa de cartr\u00f3 entre capes, per continuar de manera autom\u00e0tica despaletitzant el palet.  Ofereixen un gran rendiment en el proc\u00e9s de despaletitzat amb palet a terra.\" \/>\n<meta property=\"og:url\" content=\"https:\/\/jorpack.com\/ca\/despaletitzadors\/desp-5000\/\" \/>\n<meta property=\"og:site_name\" content=\"Jorpack\u00ae\" \/>\n<meta property=\"article:modified_time\" content=\"2024-10-16T11:17:30+00:00\" \/>\n<meta property=\"og:image\" content=\"https:\/\/jorpack.com\/wp-content\/uploads\/2022\/05\/despaletizador-semiautomatico-colchones-jorpack-DESP-5000-1.jpg\" \/>\n\t<meta property=\"og:image:width\" content=\"1024\" \/>\n\t<meta property=\"og:image:height\" content=\"1024\" \/>\n\t<meta property=\"og:image:type\" content=\"image\/jpeg\" \/>\n<meta name=\"twitter:card\" content=\"summary_large_image\" \/>\n<meta name=\"twitter:label1\" content=\"Temps estimat de lectura\" \/>\n\t<meta name=\"twitter:data1\" content=\"2 minuts\" \/>\n<script type=\"application\/ld+json\" class=\"yoast-schema-graph\">{\"@context\":\"https:\/\/schema.org\",\"@graph\":[{\"@type\":\"WebPage\",\"@id\":\"https:\/\/jorpack.com\/ca\/despaletitzadors\/desp-5000\/\",\"url\":\"https:\/\/jorpack.com\/ca\/despaletitzadors\/desp-5000\/\",\"name\":\"DESP-5000 - Jorpack\u00ae\",\"isPartOf\":{\"@id\":\"https:\/\/jorpack.com\/ca\/#website\"},\"primaryImageOfPage\":{\"@id\":\"https:\/\/jorpack.com\/ca\/despaletitzadors\/desp-5000\/#primaryimage\"},\"image\":{\"@id\":\"https:\/\/jorpack.com\/ca\/despaletitzadors\/desp-5000\/#primaryimage\"},\"thumbnailUrl\":\"https:\/\/jorpack.com\/wp-content\/uploads\/2022\/05\/despaletizador-semiautomatico-colchones-jorpack-DESP-5000-1.jpg\",\"datePublished\":\"2022-09-08T06:33:47+00:00\",\"dateModified\":\"2024-10-16T11:17:30+00:00\",\"breadcrumb\":{\"@id\":\"https:\/\/jorpack.com\/ca\/despaletitzadors\/desp-5000\/#breadcrumb\"},\"inLanguage\":\"ca\",\"potentialAction\":[{\"@type\":\"ReadAction\",\"target\":[\"https:\/\/jorpack.com\/ca\/despaletitzadors\/desp-5000\/\"]}]},{\"@type\":\"ImageObject\",\"inLanguage\":\"ca\",\"@id\":\"https:\/\/jorpack.com\/ca\/despaletitzadors\/desp-5000\/#primaryimage\",\"url\":\"https:\/\/jorpack.com\/wp-content\/uploads\/2022\/05\/despaletizador-semiautomatico-colchones-jorpack-DESP-5000-1.jpg\",\"contentUrl\":\"https:\/\/jorpack.com\/wp-content\/uploads\/2022\/05\/despaletizador-semiautomatico-colchones-jorpack-DESP-5000-1.jpg\",\"width\":1024,\"height\":1024,\"caption\":\"despaletizador semiautom\u00e1tico DESP5000\"},{\"@type\":\"BreadcrumbList\",\"@id\":\"https:\/\/jorpack.com\/ca\/despaletitzadors\/desp-5000\/#breadcrumb\",\"itemListElement\":[{\"@type\":\"ListItem\",\"position\":1,\"name\":\"Portada\",\"item\":\"https:\/\/jorpack.com\/ca\/\"},{\"@type\":\"ListItem\",\"position\":2,\"name\":\"Tienda\",\"item\":\"https:\/\/jorpack.com\/tienda\/\"},{\"@type\":\"ListItem\",\"position\":3,\"name\":\"DESP-5000\"}]},{\"@type\":\"WebSite\",\"@id\":\"https:\/\/jorpack.com\/ca\/#website\",\"url\":\"https:\/\/jorpack.com\/ca\/\",\"name\":\"Jorpack\u00ae\",\"description\":\"Amplia selecci\u00f3n de Formadoras\",\"publisher\":{\"@id\":\"https:\/\/jorpack.com\/ca\/#organization\"},\"potentialAction\":[{\"@type\":\"SearchAction\",\"target\":{\"@type\":\"EntryPoint\",\"urlTemplate\":\"https:\/\/jorpack.com\/ca\/?s={search_term_string}\"},\"query-input\":{\"@type\":\"PropertyValueSpecification\",\"valueRequired\":true,\"valueName\":\"search_term_string\"}}],\"inLanguage\":\"ca\"},{\"@type\":\"Organization\",\"@id\":\"https:\/\/jorpack.com\/ca\/#organization\",\"name\":\"Jorpack\u00ae\",\"url\":\"https:\/\/jorpack.com\/ca\/\",\"logo\":{\"@type\":\"ImageObject\",\"inLanguage\":\"ca\",\"@id\":\"https:\/\/jorpack.com\/ca\/#\/schema\/logo\/image\/\",\"url\":\"https:\/\/jorpack.com\/wp-content\/uploads\/2022\/03\/cropped-jorpack-logotipo.png\",\"contentUrl\":\"https:\/\/jorpack.com\/wp-content\/uploads\/2022\/03\/cropped-jorpack-logotipo.png\",\"width\":500,\"height\":110,\"caption\":\"Jorpack\u00ae\"},\"image\":{\"@id\":\"https:\/\/jorpack.com\/ca\/#\/schema\/logo\/image\/\"}}]}<\/script>\n<!-- \/ Yoast SEO plugin. -->","yoast_head_json":{"title":"DESP-5000 - Jorpack\u00ae","robots":{"index":"index","follow":"follow","max-snippet":"max-snippet:-1","max-image-preview":"max-image-preview:large","max-video-preview":"max-video-preview:-1"},"canonical":"https:\/\/jorpack.com\/ca\/despaletitzadors\/desp-5000\/","og_locale":"ca_ES","og_type":"article","og_title":"DESP-5000 - Jorpack\u00ae","og_description":"Despaletitzador semiautom\u00e0tic  El Despaletitzador semiautom\u00e0tic Jorpack DESP-5000 realitza la despaletitzaci\u00f3 d'ampolles, envasos PET, envasos de vidre o llaunes sobre una taula de despaletitzat de manera semiautom\u00e0tica.  Els despaletitzadors semiautom\u00e0tics de Jorpack es caracteritzen per la seva gran robustesa i fiabilitat. Satisfan processos de despaletitzaci\u00f3 fins a produccions mitjanes,sense pressi\u00f3 en el producte per no maltractar-lo.  La introducci\u00f3 del palet es produeix de manera manual amb palet a terra. L'operari de la m\u00e0quina despaletitzadora DESP-5000 simplement ha de validar cadascuna de les capes a despaletitzar i extreure la safata o planxa de cartr\u00f3 entre capes, per continuar de manera autom\u00e0tica despaletitzant el palet.  Ofereixen un gran rendiment en el proc\u00e9s de despaletitzat amb palet a terra.","og_url":"https:\/\/jorpack.com\/ca\/despaletitzadors\/desp-5000\/","og_site_name":"Jorpack\u00ae","article_modified_time":"2024-10-16T11:17:30+00:00","og_image":[{"width":1024,"height":1024,"url":"https:\/\/jorpack.com\/wp-content\/uploads\/2022\/05\/despaletizador-semiautomatico-colchones-jorpack-DESP-5000-1.jpg","type":"image\/jpeg"}],"twitter_card":"summary_large_image","twitter_misc":{"Temps estimat de lectura":"2 minuts"},"schema":{"@context":"https:\/\/schema.org","@graph":[{"@type":"WebPage","@id":"https:\/\/jorpack.com\/ca\/despaletitzadors\/desp-5000\/","url":"https:\/\/jorpack.com\/ca\/despaletitzadors\/desp-5000\/","name":"DESP-5000 - Jorpack\u00ae","isPartOf":{"@id":"https:\/\/jorpack.com\/ca\/#website"},"primaryImageOfPage":{"@id":"https:\/\/jorpack.com\/ca\/despaletitzadors\/desp-5000\/#primaryimage"},"image":{"@id":"https:\/\/jorpack.com\/ca\/despaletitzadors\/desp-5000\/#primaryimage"},"thumbnailUrl":"https:\/\/jorpack.com\/wp-content\/uploads\/2022\/05\/despaletizador-semiautomatico-colchones-jorpack-DESP-5000-1.jpg","datePublished":"2022-09-08T06:33:47+00:00","dateModified":"2024-10-16T11:17:30+00:00","breadcrumb":{"@id":"https:\/\/jorpack.com\/ca\/despaletitzadors\/desp-5000\/#breadcrumb"},"inLanguage":"ca","potentialAction":[{"@type":"ReadAction","target":["https:\/\/jorpack.com\/ca\/despaletitzadors\/desp-5000\/"]}]},{"@type":"ImageObject","inLanguage":"ca","@id":"https:\/\/jorpack.com\/ca\/despaletitzadors\/desp-5000\/#primaryimage","url":"https:\/\/jorpack.com\/wp-content\/uploads\/2022\/05\/despaletizador-semiautomatico-colchones-jorpack-DESP-5000-1.jpg","contentUrl":"https:\/\/jorpack.com\/wp-content\/uploads\/2022\/05\/despaletizador-semiautomatico-colchones-jorpack-DESP-5000-1.jpg","width":1024,"height":1024,"caption":"despaletizador semiautom\u00e1tico DESP5000"},{"@type":"BreadcrumbList","@id":"https:\/\/jorpack.com\/ca\/despaletitzadors\/desp-5000\/#breadcrumb","itemListElement":[{"@type":"ListItem","position":1,"name":"Portada","item":"https:\/\/jorpack.com\/ca\/"},{"@type":"ListItem","position":2,"name":"Tienda","item":"https:\/\/jorpack.com\/tienda\/"},{"@type":"ListItem","position":3,"name":"DESP-5000"}]},{"@type":"WebSite","@id":"https:\/\/jorpack.com\/ca\/#website","url":"https:\/\/jorpack.com\/ca\/","name":"Jorpack\u00ae","description":"Amplia selecci\u00f3n de Formadoras","publisher":{"@id":"https:\/\/jorpack.com\/ca\/#organization"},"potentialAction":[{"@type":"SearchAction","target":{"@type":"EntryPoint","urlTemplate":"https:\/\/jorpack.com\/ca\/?s={search_term_string}"},"query-input":{"@type":"PropertyValueSpecification","valueRequired":true,"valueName":"search_term_string"}}],"inLanguage":"ca"},{"@type":"Organization","@id":"https:\/\/jorpack.com\/ca\/#organization","name":"Jorpack\u00ae","url":"https:\/\/jorpack.com\/ca\/","logo":{"@type":"ImageObject","inLanguage":"ca","@id":"https:\/\/jorpack.com\/ca\/#\/schema\/logo\/image\/","url":"https:\/\/jorpack.com\/wp-content\/uploads\/2022\/03\/cropped-jorpack-logotipo.png","contentUrl":"https:\/\/jorpack.com\/wp-content\/uploads\/2022\/03\/cropped-jorpack-logotipo.png","width":500,"height":110,"caption":"Jorpack\u00ae"},"image":{"@id":"https:\/\/jorpack.com\/ca\/#\/schema\/logo\/image\/"}}]}},"_links":{"self":[{"href":"https:\/\/jorpack.com\/ca\/wp-json\/wp\/v2\/product\/3489","targetHints":{"allow":["GET"]}}],"collection":[{"href":"https:\/\/jorpack.com\/ca\/wp-json\/wp\/v2\/product"}],"about":[{"href":"https:\/\/jorpack.com\/ca\/wp-json\/wp\/v2\/types\/product"}],"wp:featuredmedia":[{"embeddable":true,"href":"https:\/\/jorpack.com\/ca\/wp-json\/wp\/v2\/media\/3053"}],"wp:attachment":[{"href":"https:\/\/jorpack.com\/ca\/wp-json\/wp\/v2\/media?parent=3489"}],"wp:term":[{"taxonomy":"sector","embeddable":true,"href":"https:\/\/jorpack.com\/ca\/wp-json\/wp\/v2\/sector?post=3489"},{"taxonomy":"product_brand","embeddable":true,"href":"https:\/\/jorpack.com\/ca\/wp-json\/wp\/v2\/product_brand?post=3489"},{"taxonomy":"product_cat","embeddable":true,"href":"https:\/\/jorpack.com\/ca\/wp-json\/wp\/v2\/product_cat?post=3489"},{"taxonomy":"product_tag","embeddable":true,"href":"https:\/\/jorpack.com\/ca\/wp-json\/wp\/v2\/product_tag?post=3489"}],"curies":[{"name":"wp","href":"https:\/\/api.w.org\/{rel}","templated":true}]}}