{"id":3483,"date":"2022-04-20T09:23:28","date_gmt":"2022-09-08T05:57:54","guid":{"rendered":"https:\/\/jorpack.com\/?post_type=product&#038;p=3483"},"modified":"2023-02-23T08:23:58","modified_gmt":"2023-02-23T08:23:58","slug":"volt-200","status":"publish","type":"product","link":"https:\/\/jorpack.com\/ca\/voltejador-de-caixes\/volt-200\/","title":{"rendered":"VOLT-200"},"content":{"rendered":"<div class=\"wpb-content-wrapper\"><p>[vc_section css=&#8221;.vc_custom_1650361358445{margin-top: 0px !important;}&#8221; el_class=&#8221;ficha-tecnica&#8221;][vc_row][vc_column width=&#8221;5\/6&#8243;][vc_toggle title=&#8221;Producci\u00f3&#8221;]- Des de baixes fins a altes produccions[\/vc_toggle][vc_toggle title=&#8221;Accessoris inclosos&#8221; el_class=&#8221;faq-palet&#8221;]<\/p>\n<div class=\"cont-flex\">\n<p style=\"text-align: left;\"><img decoding=\"async\" class=\"alignnone wp-image-4933 size-medium\" src=\"https:\/\/jorpack.com\/wp-content\/uploads\/2022\/04\/icona-pantalla-display-jorpack-300x300.webp\" alt=\"\" width=\"300\" height=\"300\" srcset=\"https:\/\/jorpack.com\/wp-content\/uploads\/2022\/04\/icona-pantalla-display-jorpack-300x300.webp 300w, https:\/\/jorpack.com\/wp-content\/uploads\/2022\/04\/icona-pantalla-display-jorpack-150x150.webp 150w, https:\/\/jorpack.com\/wp-content\/uploads\/2022\/04\/icona-pantalla-display-jorpack-100x100.webp 100w, https:\/\/jorpack.com\/wp-content\/uploads\/2022\/04\/icona-pantalla-display-jorpack.webp 540w\" sizes=\"(max-width: 300px) 100vw, 300px\" \/><br \/>\nPantalla t\u00e0ctil display<\/p>\n<\/div>\n<p>[\/vc_toggle][vc_toggle title=&#8221;Canvis de format&#8221;]- Molt r\u00e0pids i amb regulaci\u00f3<\/p>\n<p>&#8211; Multiformat[\/vc_toggle][vc_toggle title=&#8221;Opcionals&#8221;]- Expulsor de caixes previ al voltejat de caixes[\/vc_toggle][vc_raw_html]W1Nhc3N5X1NvY2lhbF9TaGFyZSB0aXRsZT0iQ29tcGFydGVpeCJd[\/vc_raw_html][\/vc_column][vc_column width=&#8221;1\/6&#8243; offset=&#8221;vc_hidden-xs&#8221;]<div class=\"ult-content-box-container \" >\t\t<div class=\"ult-content-box\" style=\"box-shadow: px px px px none;-webkit-transition: all 700ms ease;-moz-transition: all 700ms ease;-ms-transition: all 700ms ease;-o-transition: all 700ms ease;transition: all 700ms ease;\"  data-hover_box_shadow=\"none\"    >[vc_single_image image=&#8221;645&#8243; alignment=&#8221;center&#8221; css=&#8221;.vc_custom_1648732644686{margin-bottom: 10px !important;}&#8221;][vc_column_text]<\/p>\n<p style=\"text-align: center;\"><span style=\"color: #394049;\">Fitxa t\u00e8cnica<br \/>\nDESP-4000<\/span><\/p>\n<p>[\/vc_column_text]\t\t<\/div><\/div>[\/vc_column][\/vc_row][\/vc_section][vc_section][vc_row gap=&#8221;35&#8243;][vc_column width=&#8221;3\/4&#8243; el_class=&#8221;productos-sugeridos&#8221;][vc_column_text]<\/p>\n<h3>Completa la l\u00ednia amb:<\/h3>\n<p>[\/vc_column_text][vc_basic_grid post_type=&#8221;ids&#8221; element_width=&#8221;3&#8243; gap=&#8221;35&#8243; item=&#8221;1394&#8243; grid_id=&#8221;vc_gid:1677140221554-1fc4dc0f-583a-4&#8243; include=&#8221;1506, 1517, 1500&#8243;][\/vc_column][vc_column width=&#8221;1\/4&#8243; el_class=&#8221;productos-relacionados&#8221;][vc_column_text]<\/p>\n<h3>Productes relacionats:<\/h3>\n<p>[\/vc_column_text][vc_column_text]<a href=\"http:\/\/www.jorpack.com\/ca\/aliniadors-desviadors\/desv-7700 \">DESV-7700<\/a>[\/vc_column_text][\/vc_column][\/vc_row][\/vc_section]<\/p>\n<\/div>","protected":false},"excerpt":{"rendered":"<p>Voltejador de Caixes Autom\u00e0tiques<\/p>\n<p>Voltejador de caixes VOLT-200 pel voltejat de capses de cart\u00f3 o pl\u00e0stic a 90\u00ba o 180\u00ba<\/p>\n<p>M\u00e0quina voltejadora de caixes autom\u00e0tiques amb moviments de gir molt controlats per no fer malb\u00e9 el producte.<\/p>\n<p>Els voltejadors de caixes Jorpack han sigut dissenyats per satisfer des de produccions baixes fins a alts rendiments de voltejats de caixes.<\/p>\n<p>Disposem de mecanismes i elements que permeten realitzar diferents formats de caixa, obtenint uns canvis de format de manera molt senzilla, simple i r\u00e0pida.<\/p>\n","protected":false},"featured_media":4993,"template":"","meta":{"_acf_changed":false},"sector":[159,149],"product_brand":[],"product_cat":[83],"product_tag":[],"class_list":{"0":"post-3483","1":"product","2":"type-product","3":"status-publish","4":"has-post-thumbnail","6":"sector-bodegas","7":"sector-embotellado","8":"product_cat-alineadors-i-desviadors","10":"first","11":"instock","12":"shipping-taxable","13":"product-type-simple"},"acf":[],"yoast_head":"<!-- This site is optimized with the Yoast SEO plugin v27.2 - https:\/\/yoast.com\/product\/yoast-seo-wordpress\/ -->\n<title>VOLT-200 - Jorpack\u00ae<\/title>\n<meta name=\"robots\" content=\"index, follow, max-snippet:-1, max-image-preview:large, max-video-preview:-1\" \/>\n<link rel=\"canonical\" href=\"https:\/\/jorpack.com\/ca\/voltejador-de-caixes\/volt-200\/\" \/>\n<meta property=\"og:locale\" content=\"ca_ES\" \/>\n<meta property=\"og:type\" content=\"article\" \/>\n<meta property=\"og:title\" content=\"VOLT-200 - Jorpack\u00ae\" \/>\n<meta property=\"og:description\" content=\"Voltejador de Caixes Autom\u00e0tiques  Voltejador de caixes VOLT-200 pel voltejat de capses de cart\u00f3 o pl\u00e0stic a 90\u00ba o 180\u00ba  M\u00e0quina voltejadora de caixes autom\u00e0tiques amb moviments de gir molt controlats per no fer malb\u00e9 el producte.  Els voltejadors de caixes Jorpack han sigut dissenyats per satisfer des de produccions baixes fins a alts rendiments de voltejats de caixes.  Disposem de mecanismes i elements que permeten realitzar diferents formats de caixa, obtenint uns canvis de format de manera molt senzilla, simple i r\u00e0pida.\" \/>\n<meta property=\"og:url\" content=\"https:\/\/jorpack.com\/ca\/voltejador-de-caixes\/volt-200\/\" \/>\n<meta property=\"og:site_name\" content=\"Jorpack\u00ae\" \/>\n<meta property=\"article:modified_time\" content=\"2023-02-23T08:23:58+00:00\" \/>\n<meta property=\"og:image\" content=\"https:\/\/jorpack.com\/wp-content\/uploads\/2022\/05\/volteador-de-cajas-jorpack-VOLT-200-1.jpg\" \/>\n\t<meta property=\"og:image:width\" content=\"1024\" \/>\n\t<meta property=\"og:image:height\" content=\"1024\" \/>\n\t<meta property=\"og:image:type\" content=\"image\/jpeg\" \/>\n<meta name=\"twitter:card\" content=\"summary_large_image\" \/>\n<meta name=\"twitter:label1\" content=\"Temps estimat de lectura\" \/>\n\t<meta name=\"twitter:data1\" content=\"1 minut\" \/>\n<script type=\"application\/ld+json\" class=\"yoast-schema-graph\">{\"@context\":\"https:\/\/schema.org\",\"@graph\":[{\"@type\":\"WebPage\",\"@id\":\"https:\/\/jorpack.com\/ca\/voltejador-de-caixes\/volt-200\/\",\"url\":\"https:\/\/jorpack.com\/ca\/voltejador-de-caixes\/volt-200\/\",\"name\":\"VOLT-200 - Jorpack\u00ae\",\"isPartOf\":{\"@id\":\"https:\/\/jorpack.com\/ca\/#website\"},\"primaryImageOfPage\":{\"@id\":\"https:\/\/jorpack.com\/ca\/voltejador-de-caixes\/volt-200\/#primaryimage\"},\"image\":{\"@id\":\"https:\/\/jorpack.com\/ca\/voltejador-de-caixes\/volt-200\/#primaryimage\"},\"thumbnailUrl\":\"https:\/\/jorpack.com\/wp-content\/uploads\/2022\/04\/volteador-de-cajas-jorpack-VOLT-200.webp\",\"datePublished\":\"2022-09-08T05:57:54+00:00\",\"dateModified\":\"2023-02-23T08:23:58+00:00\",\"breadcrumb\":{\"@id\":\"https:\/\/jorpack.com\/ca\/voltejador-de-caixes\/volt-200\/#breadcrumb\"},\"inLanguage\":\"ca\",\"potentialAction\":[{\"@type\":\"ReadAction\",\"target\":[\"https:\/\/jorpack.com\/ca\/voltejador-de-caixes\/volt-200\/\"]}]},{\"@type\":\"ImageObject\",\"inLanguage\":\"ca\",\"@id\":\"https:\/\/jorpack.com\/ca\/voltejador-de-caixes\/volt-200\/#primaryimage\",\"url\":\"https:\/\/jorpack.com\/wp-content\/uploads\/2022\/04\/volteador-de-cajas-jorpack-VOLT-200.webp\",\"contentUrl\":\"https:\/\/jorpack.com\/wp-content\/uploads\/2022\/04\/volteador-de-cajas-jorpack-VOLT-200.webp\",\"width\":1417,\"height\":1417,\"caption\":\"volteador de cajas Jorpack VOLT-200\"},{\"@type\":\"BreadcrumbList\",\"@id\":\"https:\/\/jorpack.com\/ca\/voltejador-de-caixes\/volt-200\/#breadcrumb\",\"itemListElement\":[{\"@type\":\"ListItem\",\"position\":1,\"name\":\"Portada\",\"item\":\"https:\/\/jorpack.com\/ca\/\"},{\"@type\":\"ListItem\",\"position\":2,\"name\":\"Tienda\",\"item\":\"https:\/\/jorpack.com\/tienda\/\"},{\"@type\":\"ListItem\",\"position\":3,\"name\":\"VOLT-200\"}]},{\"@type\":\"WebSite\",\"@id\":\"https:\/\/jorpack.com\/ca\/#website\",\"url\":\"https:\/\/jorpack.com\/ca\/\",\"name\":\"Jorpack\u00ae\",\"description\":\"Amplia selecci\u00f3n de Formadoras\",\"publisher\":{\"@id\":\"https:\/\/jorpack.com\/ca\/#organization\"},\"potentialAction\":[{\"@type\":\"SearchAction\",\"target\":{\"@type\":\"EntryPoint\",\"urlTemplate\":\"https:\/\/jorpack.com\/ca\/?s={search_term_string}\"},\"query-input\":{\"@type\":\"PropertyValueSpecification\",\"valueRequired\":true,\"valueName\":\"search_term_string\"}}],\"inLanguage\":\"ca\"},{\"@type\":\"Organization\",\"@id\":\"https:\/\/jorpack.com\/ca\/#organization\",\"name\":\"Jorpack\u00ae\",\"url\":\"https:\/\/jorpack.com\/ca\/\",\"logo\":{\"@type\":\"ImageObject\",\"inLanguage\":\"ca\",\"@id\":\"https:\/\/jorpack.com\/ca\/#\/schema\/logo\/image\/\",\"url\":\"https:\/\/jorpack.com\/wp-content\/uploads\/2022\/03\/cropped-jorpack-logotipo.png\",\"contentUrl\":\"https:\/\/jorpack.com\/wp-content\/uploads\/2022\/03\/cropped-jorpack-logotipo.png\",\"width\":500,\"height\":110,\"caption\":\"Jorpack\u00ae\"},\"image\":{\"@id\":\"https:\/\/jorpack.com\/ca\/#\/schema\/logo\/image\/\"}}]}<\/script>\n<!-- \/ Yoast SEO plugin. -->","yoast_head_json":{"title":"VOLT-200 - Jorpack\u00ae","robots":{"index":"index","follow":"follow","max-snippet":"max-snippet:-1","max-image-preview":"max-image-preview:large","max-video-preview":"max-video-preview:-1"},"canonical":"https:\/\/jorpack.com\/ca\/voltejador-de-caixes\/volt-200\/","og_locale":"ca_ES","og_type":"article","og_title":"VOLT-200 - Jorpack\u00ae","og_description":"Voltejador de Caixes Autom\u00e0tiques  Voltejador de caixes VOLT-200 pel voltejat de capses de cart\u00f3 o pl\u00e0stic a 90\u00ba o 180\u00ba  M\u00e0quina voltejadora de caixes autom\u00e0tiques amb moviments de gir molt controlats per no fer malb\u00e9 el producte.  Els voltejadors de caixes Jorpack han sigut dissenyats per satisfer des de produccions baixes fins a alts rendiments de voltejats de caixes.  Disposem de mecanismes i elements que permeten realitzar diferents formats de caixa, obtenint uns canvis de format de manera molt senzilla, simple i r\u00e0pida.","og_url":"https:\/\/jorpack.com\/ca\/voltejador-de-caixes\/volt-200\/","og_site_name":"Jorpack\u00ae","article_modified_time":"2023-02-23T08:23:58+00:00","og_image":[{"width":1024,"height":1024,"url":"https:\/\/jorpack.com\/wp-content\/uploads\/2022\/05\/volteador-de-cajas-jorpack-VOLT-200-1.jpg","type":"image\/jpeg"}],"twitter_card":"summary_large_image","twitter_misc":{"Temps estimat de lectura":"1 minut"},"schema":{"@context":"https:\/\/schema.org","@graph":[{"@type":"WebPage","@id":"https:\/\/jorpack.com\/ca\/voltejador-de-caixes\/volt-200\/","url":"https:\/\/jorpack.com\/ca\/voltejador-de-caixes\/volt-200\/","name":"VOLT-200 - Jorpack\u00ae","isPartOf":{"@id":"https:\/\/jorpack.com\/ca\/#website"},"primaryImageOfPage":{"@id":"https:\/\/jorpack.com\/ca\/voltejador-de-caixes\/volt-200\/#primaryimage"},"image":{"@id":"https:\/\/jorpack.com\/ca\/voltejador-de-caixes\/volt-200\/#primaryimage"},"thumbnailUrl":"https:\/\/jorpack.com\/wp-content\/uploads\/2022\/04\/volteador-de-cajas-jorpack-VOLT-200.webp","datePublished":"2022-09-08T05:57:54+00:00","dateModified":"2023-02-23T08:23:58+00:00","breadcrumb":{"@id":"https:\/\/jorpack.com\/ca\/voltejador-de-caixes\/volt-200\/#breadcrumb"},"inLanguage":"ca","potentialAction":[{"@type":"ReadAction","target":["https:\/\/jorpack.com\/ca\/voltejador-de-caixes\/volt-200\/"]}]},{"@type":"ImageObject","inLanguage":"ca","@id":"https:\/\/jorpack.com\/ca\/voltejador-de-caixes\/volt-200\/#primaryimage","url":"https:\/\/jorpack.com\/wp-content\/uploads\/2022\/04\/volteador-de-cajas-jorpack-VOLT-200.webp","contentUrl":"https:\/\/jorpack.com\/wp-content\/uploads\/2022\/04\/volteador-de-cajas-jorpack-VOLT-200.webp","width":1417,"height":1417,"caption":"volteador de cajas Jorpack VOLT-200"},{"@type":"BreadcrumbList","@id":"https:\/\/jorpack.com\/ca\/voltejador-de-caixes\/volt-200\/#breadcrumb","itemListElement":[{"@type":"ListItem","position":1,"name":"Portada","item":"https:\/\/jorpack.com\/ca\/"},{"@type":"ListItem","position":2,"name":"Tienda","item":"https:\/\/jorpack.com\/tienda\/"},{"@type":"ListItem","position":3,"name":"VOLT-200"}]},{"@type":"WebSite","@id":"https:\/\/jorpack.com\/ca\/#website","url":"https:\/\/jorpack.com\/ca\/","name":"Jorpack\u00ae","description":"Amplia selecci\u00f3n de Formadoras","publisher":{"@id":"https:\/\/jorpack.com\/ca\/#organization"},"potentialAction":[{"@type":"SearchAction","target":{"@type":"EntryPoint","urlTemplate":"https:\/\/jorpack.com\/ca\/?s={search_term_string}"},"query-input":{"@type":"PropertyValueSpecification","valueRequired":true,"valueName":"search_term_string"}}],"inLanguage":"ca"},{"@type":"Organization","@id":"https:\/\/jorpack.com\/ca\/#organization","name":"Jorpack\u00ae","url":"https:\/\/jorpack.com\/ca\/","logo":{"@type":"ImageObject","inLanguage":"ca","@id":"https:\/\/jorpack.com\/ca\/#\/schema\/logo\/image\/","url":"https:\/\/jorpack.com\/wp-content\/uploads\/2022\/03\/cropped-jorpack-logotipo.png","contentUrl":"https:\/\/jorpack.com\/wp-content\/uploads\/2022\/03\/cropped-jorpack-logotipo.png","width":500,"height":110,"caption":"Jorpack\u00ae"},"image":{"@id":"https:\/\/jorpack.com\/ca\/#\/schema\/logo\/image\/"}}]}},"_links":{"self":[{"href":"https:\/\/jorpack.com\/ca\/wp-json\/wp\/v2\/product\/3483","targetHints":{"allow":["GET"]}}],"collection":[{"href":"https:\/\/jorpack.com\/ca\/wp-json\/wp\/v2\/product"}],"about":[{"href":"https:\/\/jorpack.com\/ca\/wp-json\/wp\/v2\/types\/product"}],"wp:featuredmedia":[{"embeddable":true,"href":"https:\/\/jorpack.com\/ca\/wp-json\/wp\/v2\/media\/4993"}],"wp:attachment":[{"href":"https:\/\/jorpack.com\/ca\/wp-json\/wp\/v2\/media?parent=3483"}],"wp:term":[{"taxonomy":"sector","embeddable":true,"href":"https:\/\/jorpack.com\/ca\/wp-json\/wp\/v2\/sector?post=3483"},{"taxonomy":"product_brand","embeddable":true,"href":"https:\/\/jorpack.com\/ca\/wp-json\/wp\/v2\/product_brand?post=3483"},{"taxonomy":"product_cat","embeddable":true,"href":"https:\/\/jorpack.com\/ca\/wp-json\/wp\/v2\/product_cat?post=3483"},{"taxonomy":"product_tag","embeddable":true,"href":"https:\/\/jorpack.com\/ca\/wp-json\/wp\/v2\/product_tag?post=3483"}],"curies":[{"name":"wp","href":"https:\/\/api.w.org\/{rel}","templated":true}]}}