{"id":3481,"date":"2022-04-20T09:26:36","date_gmt":"2022-09-08T05:45:17","guid":{"rendered":"https:\/\/jorpack.com\/?post_type=product&#038;p=3481"},"modified":"2023-02-23T08:16:11","modified_gmt":"2023-02-23T08:16:11","slug":"desv-7700","status":"publish","type":"product","link":"https:\/\/jorpack.com\/ca\/alineadors-desviadors\/desv-7700\/","title":{"rendered":"DESV-7700"},"content":{"rendered":"<div class=\"wpb-content-wrapper\"><p>[vc_section css=&#8221;.vc_custom_1650361358445{margin-top: 0px !important;}&#8221; el_class=&#8221;ficha-tecnica&#8221;][vc_row][vc_column width=&#8221;5\/6&#8243;][vc_toggle title=&#8221;M\u00e9s informaci\u00f3&#8221;]Dissenyat per satisfer produccions d&#8217;altes velocitat de l\u00ednies de producci\u00f3.<\/p>\n<p>Aquest model de m\u00e0quina desviador-alineador DESV-7700 pot anar tamb\u00e9 integrat en els models d&#8217;encartonadores Tipus B1, que requereixen grans produccions d&#8217;encaixat d&#8217;envasos amb la m\u00e0xima fiabilitat.<\/p>\n<p>Amb els diferents alineadors d&#8217;envasos de Jorpack evitar\u00e0 fer malb\u00e9 les etiquetes dels envasos, pressions entre els envasos i parades o reduccions de la producci\u00f3, ja que, en optimitzar els diferents carrils, els grups de formats a encaixar es produiran de manera m\u00e9s constant.<\/p>\n<p>Els canvis de format s\u00f3n molt senzills i molt r\u00e0pids perqu\u00e8 es produeixen amb un sistema de regulaci\u00f3 per augmentar la seva simplicitat.[\/vc_toggle][vc_toggle title=&#8221;Producci\u00f3&#8221;]- 150 palets\/hora[\/vc_toggle][vc_toggle title=&#8221;Canvis de format&#8221;]- Molt r\u00e0pids i amb regulaci\u00f3<\/p>\n<p>&#8211; Multiformat[\/vc_toggle][vc_toggle title=&#8221;Exemple de productes&#8221; el_class=&#8221;faq-palet&#8221;]<\/p>\n<div class=\"cont-flex\">\n<p style=\"text-align: left;\"><img decoding=\"async\" class=\"alignnone wp-image-4943 size-medium\" src=\"https:\/\/jorpack.com\/wp-content\/uploads\/2022\/04\/icona-ampolla-300x300.webp\" alt=\"\" width=\"300\" height=\"300\" srcset=\"https:\/\/jorpack.com\/wp-content\/uploads\/2022\/04\/icona-ampolla-300x300.webp 300w, https:\/\/jorpack.com\/wp-content\/uploads\/2022\/04\/icona-ampolla-150x150.webp 150w, https:\/\/jorpack.com\/wp-content\/uploads\/2022\/04\/icona-ampolla-100x100.webp 100w, https:\/\/jorpack.com\/wp-content\/uploads\/2022\/04\/icona-ampolla.webp 540w\" sizes=\"(max-width: 300px) 100vw, 300px\" \/><br \/>\nAmpolles de vidre<\/p>\n<p style=\"text-align: left;\"><img decoding=\"async\" class=\"alignnone wp-image-4958 size-medium\" src=\"https:\/\/jorpack.com\/wp-content\/uploads\/2022\/04\/icona-llauna-alumini-300x300.webp\" alt=\"\" width=\"300\" height=\"300\" srcset=\"https:\/\/jorpack.com\/wp-content\/uploads\/2022\/04\/icona-llauna-alumini-300x300.webp 300w, https:\/\/jorpack.com\/wp-content\/uploads\/2022\/04\/icona-llauna-alumini-150x150.webp 150w, https:\/\/jorpack.com\/wp-content\/uploads\/2022\/04\/icona-llauna-alumini-100x100.webp 100w, https:\/\/jorpack.com\/wp-content\/uploads\/2022\/04\/icona-llauna-alumini.webp 540w\" sizes=\"(max-width: 300px) 100vw, 300px\" \/><br \/>\nLlaunes<\/p>\n<p style=\"text-align: left;\"><img decoding=\"async\" class=\"alignnone wp-image-4964 size-medium\" src=\"https:\/\/jorpack.com\/wp-content\/uploads\/2022\/04\/icona-envasos-pet-300x300.webp\" alt=\"\" width=\"300\" height=\"300\" srcset=\"https:\/\/jorpack.com\/wp-content\/uploads\/2022\/04\/icona-envasos-pet-300x300.webp 300w, https:\/\/jorpack.com\/wp-content\/uploads\/2022\/04\/icona-envasos-pet-150x150.webp 150w, https:\/\/jorpack.com\/wp-content\/uploads\/2022\/04\/icona-envasos-pet-100x100.webp 100w, https:\/\/jorpack.com\/wp-content\/uploads\/2022\/04\/icona-envasos-pet.webp 540w\" sizes=\"(max-width: 300px) 100vw, 300px\" \/><br \/>\nEnvasos Pet<\/p>\n<p style=\"text-align: left;\"><img decoding=\"async\" class=\"alignnone wp-image-4961 size-medium\" src=\"https:\/\/jorpack.com\/wp-content\/uploads\/2022\/04\/icona-envasos-de-alumini-300x300.webp\" alt=\"\" width=\"300\" height=\"300\" srcset=\"https:\/\/jorpack.com\/wp-content\/uploads\/2022\/04\/icona-envasos-de-alumini-300x300.webp 300w, https:\/\/jorpack.com\/wp-content\/uploads\/2022\/04\/icona-envasos-de-alumini-150x150.webp 150w, https:\/\/jorpack.com\/wp-content\/uploads\/2022\/04\/icona-envasos-de-alumini-100x100.webp 100w, https:\/\/jorpack.com\/wp-content\/uploads\/2022\/04\/icona-envasos-de-alumini.webp 540w\" sizes=\"(max-width: 300px) 100vw, 300px\" \/><br \/>\nEnvasos d\u2019Alumini<\/p>\n<p><img decoding=\"async\" class=\"alignnone size-medium wp-image-1427\" src=\"https:\/\/jorpack.com\/wp-content\/uploads\/2022\/04\/icono-botella-de-vino-y-botella-de-cava-300x300.png\" alt=\"\" width=\"300\" height=\"300\" srcset=\"https:\/\/jorpack.com\/wp-content\/uploads\/2022\/04\/icono-botella-de-vino-y-botella-de-cava-300x300.png 300w, https:\/\/jorpack.com\/wp-content\/uploads\/2022\/04\/icono-botella-de-vino-y-botella-de-cava-150x150.png 150w, https:\/\/jorpack.com\/wp-content\/uploads\/2022\/04\/icono-botella-de-vino-y-botella-de-cava-100x100.png 100w, https:\/\/jorpack.com\/wp-content\/uploads\/2022\/04\/icono-botella-de-vino-y-botella-de-cava.png 540w\" sizes=\"(max-width: 300px) 100vw, 300px\" \/><br \/>\nEnvasos de vidre<\/p>\n<p><img decoding=\"async\" class=\"alignnone size-medium wp-image-1728\" src=\"https:\/\/jorpack.com\/wp-content\/uploads\/2022\/04\/icono-cajas-de-carton-300x300.png\" alt=\"\" width=\"300\" height=\"300\" srcset=\"https:\/\/jorpack.com\/wp-content\/uploads\/2022\/04\/icono-cajas-de-carton-300x300.png 300w, https:\/\/jorpack.com\/wp-content\/uploads\/2022\/04\/icono-cajas-de-carton-150x150.png 150w, https:\/\/jorpack.com\/wp-content\/uploads\/2022\/04\/icono-cajas-de-carton-100x100.png 100w, https:\/\/jorpack.com\/wp-content\/uploads\/2022\/04\/icono-cajas-de-carton.png 541w\" sizes=\"(max-width: 300px) 100vw, 300px\" \/><br \/>\nCaixes<\/p>\n<p><img decoding=\"async\" class=\"alignnone size-medium wp-image-1729\" src=\"https:\/\/jorpack.com\/wp-content\/uploads\/2022\/04\/icono-packs-retracilados-300x300.png\" alt=\"\" width=\"300\" height=\"300\" srcset=\"https:\/\/jorpack.com\/wp-content\/uploads\/2022\/04\/icono-packs-retracilados-300x300.png 300w, https:\/\/jorpack.com\/wp-content\/uploads\/2022\/04\/icono-packs-retracilados-150x150.png 150w, https:\/\/jorpack.com\/wp-content\/uploads\/2022\/04\/icono-packs-retracilados-100x100.png 100w, https:\/\/jorpack.com\/wp-content\/uploads\/2022\/04\/icono-packs-retracilados.png 541w\" sizes=\"(max-width: 300px) 100vw, 300px\" \/><br \/>\nPacks<\/p>\n<p><img decoding=\"async\" class=\"alignnone wp-image-4967 size-medium\" src=\"https:\/\/jorpack.com\/wp-content\/uploads\/2022\/04\/icona-estoigs-de-carto-300x300.webp\" alt=\"\" width=\"300\" height=\"300\" srcset=\"https:\/\/jorpack.com\/wp-content\/uploads\/2022\/04\/icona-estoigs-de-carto-300x300.webp 300w, https:\/\/jorpack.com\/wp-content\/uploads\/2022\/04\/icona-estoigs-de-carto-150x150.webp 150w, https:\/\/jorpack.com\/wp-content\/uploads\/2022\/04\/icona-estoigs-de-carto-100x100.webp 100w, https:\/\/jorpack.com\/wp-content\/uploads\/2022\/04\/icona-estoigs-de-carto.webp 540w\" sizes=\"(max-width: 300px) 100vw, 300px\" \/><br \/>\nEstoigs<\/p>\n<p><img decoding=\"async\" class=\"alignnone size-medium wp-image-1731\" src=\"https:\/\/jorpack.com\/wp-content\/uploads\/2022\/04\/icono-saco-300x300.png\" alt=\"\" width=\"300\" height=\"300\" srcset=\"https:\/\/jorpack.com\/wp-content\/uploads\/2022\/04\/icono-saco-300x300.png 300w, https:\/\/jorpack.com\/wp-content\/uploads\/2022\/04\/icono-saco-150x150.png 150w, https:\/\/jorpack.com\/wp-content\/uploads\/2022\/04\/icono-saco-100x100.png 100w, https:\/\/jorpack.com\/wp-content\/uploads\/2022\/04\/icono-saco.png 541w\" sizes=\"(max-width: 300px) 100vw, 300px\" \/><br \/>\nBosses<\/p>\n<p><img decoding=\"async\" class=\"alignnone size-medium wp-image-1726\" src=\"https:\/\/jorpack.com\/wp-content\/uploads\/2022\/04\/icono-bandeja-display-2-300x300.png\" alt=\"\" width=\"300\" height=\"300\" srcset=\"https:\/\/jorpack.com\/wp-content\/uploads\/2022\/04\/icono-bandeja-display-2-300x300.png 300w, https:\/\/jorpack.com\/wp-content\/uploads\/2022\/04\/icono-bandeja-display-2-150x150.png 150w, https:\/\/jorpack.com\/wp-content\/uploads\/2022\/04\/icono-bandeja-display-2-100x100.png 100w, https:\/\/jorpack.com\/wp-content\/uploads\/2022\/04\/icono-bandeja-display-2.png 540w\" sizes=\"(max-width: 300px) 100vw, 300px\" \/><br \/>\nSafates display<\/p>\n<\/div>\n<p>[\/vc_toggle][vc_toggle title=&#8221;Accessoris inclosos&#8221; el_class=&#8221;faq-palet&#8221;]<\/p>\n<div class=\"cont-flex\">\n<p style=\"text-align: left;\"><img decoding=\"async\" class=\"alignnone wp-image-4936 size-medium\" src=\"https:\/\/jorpack.com\/wp-content\/uploads\/2022\/04\/icona-servomotor-300x300.webp\" alt=\"\" width=\"300\" height=\"300\" srcset=\"https:\/\/jorpack.com\/wp-content\/uploads\/2022\/04\/icona-servomotor-300x300.webp 300w, https:\/\/jorpack.com\/wp-content\/uploads\/2022\/04\/icona-servomotor-150x150.webp 150w, https:\/\/jorpack.com\/wp-content\/uploads\/2022\/04\/icona-servomotor-100x100.webp 100w, https:\/\/jorpack.com\/wp-content\/uploads\/2022\/04\/icona-servomotor.webp 540w\" sizes=\"(max-width: 300px) 100vw, 300px\" \/><br \/>\nServomotors per aconseguir una major precisi\u00f3<\/p>\n<p style=\"text-align: left;\"><img decoding=\"async\" class=\"alignnone wp-image-4933 size-medium\" src=\"https:\/\/jorpack.com\/wp-content\/uploads\/2022\/04\/icona-pantalla-display-jorpack-300x300.webp\" alt=\"\" width=\"300\" height=\"300\" srcset=\"https:\/\/jorpack.com\/wp-content\/uploads\/2022\/04\/icona-pantalla-display-jorpack-300x300.webp 300w, https:\/\/jorpack.com\/wp-content\/uploads\/2022\/04\/icona-pantalla-display-jorpack-150x150.webp 150w, https:\/\/jorpack.com\/wp-content\/uploads\/2022\/04\/icona-pantalla-display-jorpack-100x100.webp 100w, https:\/\/jorpack.com\/wp-content\/uploads\/2022\/04\/icona-pantalla-display-jorpack.webp 540w\" sizes=\"(max-width: 300px) 100vw, 300px\" \/><br \/>\nPantalla t\u00e0ctil display<\/p>\n<\/div>\n<p>[\/vc_toggle][vc_raw_html]W1Nhc3N5X1NvY2lhbF9TaGFyZSB0aXRsZT0iQ29tcGFydGVpeCJd[\/vc_raw_html][\/vc_column][vc_column width=&#8221;1\/6&#8243; offset=&#8221;vc_hidden-xs&#8221;]<div class=\"ult-content-box-container \" >\t\t<div class=\"ult-content-box\" style=\"box-shadow: px px px px none;-webkit-transition: all 700ms ease;-moz-transition: all 700ms ease;-ms-transition: all 700ms ease;-o-transition: all 700ms ease;transition: all 700ms ease;\"  data-hover_box_shadow=\"none\"    >[vc_single_image image=&#8221;645&#8243; alignment=&#8221;center&#8221; css=&#8221;.vc_custom_1648732644686{margin-bottom: 10px !important;}&#8221;][vc_column_text]<\/p>\n<p style=\"text-align: center;\"><span style=\"color: #394049;\">Fitxa t\u00e8cnica<br \/>\nDESP-4000<\/span><\/p>\n<p>[\/vc_column_text]\t\t<\/div><\/div>[\/vc_column][\/vc_row][\/vc_section][vc_section][vc_row gap=&#8221;35&#8243;][vc_column width=&#8221;3\/4&#8243; el_class=&#8221;productos-sugeridos&#8221;][vc_column_text]<\/p>\n<h3>Completa la l\u00ednia amb:<\/h3>\n<p>[\/vc_column_text][vc_basic_grid post_type=&#8221;ids&#8221; element_width=&#8221;3&#8243; gap=&#8221;35&#8243; item=&#8221;1394&#8243; grid_id=&#8221;vc_gid:1677139517964-c4a7297e-e449-6&#8243; include=&#8221;1504, 1526&#8243;][\/vc_column][vc_column width=&#8221;1\/4&#8243; el_class=&#8221;productos-relacionados&#8221;][vc_column_text]<\/p>\n<h3>Productes relacionats:<\/h3>\n<p>[\/vc_column_text][vc_column_text]<a href=\"https:\/\/www.jorpack.com\/ca\/voltejador-de-caixes\/volt-200 \">VOLT-200<\/a>[\/vc_column_text][\/vc_column][\/vc_row][\/vc_section]<\/p>\n<\/div>","protected":false},"excerpt":{"rendered":"<p>Distribuidor &#8211; alineador de producte<\/p>\n<p>El desviador-alineador de producte DESV-7700 \u00e9s una m\u00e0quina dissenyada per realitzar la funci\u00f3 de distribu\u00efdor en continuo de productes o envasos.<\/p>\n<p>En canviar de carril sense parar l&#8217;env\u00e0s evita fer malb\u00e9 el producte.<\/p>\n<p>Els distribu\u00efdors-alineadors de producte Jorpack es caracteritzen per distribuir el producte d&#8217;una o v\u00e0ries vies. No importa que el producte sigui cil\u00edndric, rectangular, quadrat, etc.<\/p>\n<p>Incorpora servomotors per aconseguir una major precisi\u00f3 i que els moviments que fa, siguin molt m\u00e9s suaus.<\/p>\n<p>&nbsp;<\/p>\n","protected":false},"featured_media":4877,"template":"","meta":{"_acf_changed":false},"sector":[157,158,154,153,181,171,159,178,180,155,150,168,172,166,173,149,169,182,170,163,179,156,164,183,162,187,174,177,151,161,189,165,167,160],"product_brand":[],"product_cat":[83],"product_tag":[],"class_list":{"0":"post-3481","1":"product","2":"type-product","3":"status-publish","4":"has-post-thumbnail","6":"sector-aceite","7":"sector-agua","8":"sector-alimentacion","9":"sector-automocion","10":"sector-azucar","11":"sector-bandas-depilatorias","12":"sector-bodegas","13":"sector-cafe","14":"sector-conservas","15":"sector-construccion","16":"sector-cosmetica","17":"sector-cremas","18":"sector-decoracion-envases-2","19":"sector-decoracion-envases","20":"sector-detergentes","21":"sector-embotellado","22":"sector-estuches","23":"sector-galletas","24":"sector-higiene","25":"sector-horchata","26":"sector-huevos","27":"sector-jardineria","28":"sector-licores","29":"sector-packs-al","30":"sector-packs","31":"sector-pintura","32":"sector-productos-de-limpieza","33":"sector-productos-de-limpieza-2","34":"sector-quimico","35":"sector-refrescos","36":"sector-semillas","37":"sector-sidra","38":"sector-tarros","39":"sector-zumos","40":"product_cat-alineadors-i-desviadors","42":"first","43":"instock","44":"shipping-taxable","45":"product-type-simple"},"acf":[],"yoast_head":"<!-- This site is optimized with the Yoast SEO plugin v27.2 - https:\/\/yoast.com\/product\/yoast-seo-wordpress\/ -->\n<title>DESV-7700 - Jorpack\u00ae<\/title>\n<meta name=\"robots\" content=\"index, follow, max-snippet:-1, max-image-preview:large, max-video-preview:-1\" \/>\n<link rel=\"canonical\" href=\"https:\/\/jorpack.com\/ca\/alineadors-desviadors\/desv-7700\/\" \/>\n<meta property=\"og:locale\" content=\"ca_ES\" \/>\n<meta property=\"og:type\" content=\"article\" \/>\n<meta property=\"og:title\" content=\"DESV-7700 - Jorpack\u00ae\" \/>\n<meta property=\"og:description\" content=\"Distribuidor - alineador de producte  El desviador-alineador de producte DESV-7700 \u00e9s una m\u00e0quina dissenyada per realitzar la funci\u00f3 de distribu\u00efdor en continuo de productes o envasos.  En canviar de carril sense parar l&#039;env\u00e0s evita fer malb\u00e9 el producte.  Els distribu\u00efdors-alineadors de producte Jorpack es caracteritzen per distribuir el producte d&#039;una o v\u00e0ries vies. No importa que el producte sigui cil\u00edndric, rectangular, quadrat, etc.  Incorpora servomotors per aconseguir una major precisi\u00f3 i que els moviments que fa, siguin molt m\u00e9s suaus.  &nbsp;\" \/>\n<meta property=\"og:url\" content=\"https:\/\/jorpack.com\/ca\/alineadors-desviadors\/desv-7700\/\" \/>\n<meta property=\"og:site_name\" content=\"Jorpack\u00ae\" \/>\n<meta property=\"article:modified_time\" content=\"2023-02-23T08:16:11+00:00\" \/>\n<meta property=\"og:image\" content=\"https:\/\/jorpack.com\/wp-content\/uploads\/2023\/02\/desviador-alineador-de-botellas-jorpack-DESV-7700-3.webp\" \/>\n\t<meta property=\"og:image:width\" content=\"2268\" \/>\n\t<meta property=\"og:image:height\" content=\"2268\" \/>\n\t<meta property=\"og:image:type\" content=\"image\/webp\" \/>\n<meta name=\"twitter:card\" content=\"summary_large_image\" \/>\n<meta name=\"twitter:label1\" content=\"Temps estimat de lectura\" \/>\n\t<meta name=\"twitter:data1\" content=\"4 minuts\" \/>\n<script type=\"application\/ld+json\" class=\"yoast-schema-graph\">{\"@context\":\"https:\/\/schema.org\",\"@graph\":[{\"@type\":\"WebPage\",\"@id\":\"https:\/\/jorpack.com\/ca\/alineadors-desviadors\/desv-7700\/\",\"url\":\"https:\/\/jorpack.com\/ca\/alineadors-desviadors\/desv-7700\/\",\"name\":\"DESV-7700 - Jorpack\u00ae\",\"isPartOf\":{\"@id\":\"https:\/\/jorpack.com\/ca\/#website\"},\"primaryImageOfPage\":{\"@id\":\"https:\/\/jorpack.com\/ca\/alineadors-desviadors\/desv-7700\/#primaryimage\"},\"image\":{\"@id\":\"https:\/\/jorpack.com\/ca\/alineadors-desviadors\/desv-7700\/#primaryimage\"},\"thumbnailUrl\":\"https:\/\/jorpack.com\/wp-content\/uploads\/2023\/02\/desviador-alineador-de-botellas-jorpack-DESV-7700-3.webp\",\"datePublished\":\"2022-09-08T05:45:17+00:00\",\"dateModified\":\"2023-02-23T08:16:11+00:00\",\"breadcrumb\":{\"@id\":\"https:\/\/jorpack.com\/ca\/alineadors-desviadors\/desv-7700\/#breadcrumb\"},\"inLanguage\":\"ca\",\"potentialAction\":[{\"@type\":\"ReadAction\",\"target\":[\"https:\/\/jorpack.com\/ca\/alineadors-desviadors\/desv-7700\/\"]}]},{\"@type\":\"ImageObject\",\"inLanguage\":\"ca\",\"@id\":\"https:\/\/jorpack.com\/ca\/alineadors-desviadors\/desv-7700\/#primaryimage\",\"url\":\"https:\/\/jorpack.com\/wp-content\/uploads\/2023\/02\/desviador-alineador-de-botellas-jorpack-DESV-7700-3.webp\",\"contentUrl\":\"https:\/\/jorpack.com\/wp-content\/uploads\/2023\/02\/desviador-alineador-de-botellas-jorpack-DESV-7700-3.webp\",\"width\":2268,\"height\":2268,\"caption\":\"desviador alineador de botellas Jorpack DESV-7700\"},{\"@type\":\"BreadcrumbList\",\"@id\":\"https:\/\/jorpack.com\/ca\/alineadors-desviadors\/desv-7700\/#breadcrumb\",\"itemListElement\":[{\"@type\":\"ListItem\",\"position\":1,\"name\":\"Portada\",\"item\":\"https:\/\/jorpack.com\/ca\/\"},{\"@type\":\"ListItem\",\"position\":2,\"name\":\"Tienda\",\"item\":\"https:\/\/jorpack.com\/tienda\/\"},{\"@type\":\"ListItem\",\"position\":3,\"name\":\"DESV-7700\"}]},{\"@type\":\"WebSite\",\"@id\":\"https:\/\/jorpack.com\/ca\/#website\",\"url\":\"https:\/\/jorpack.com\/ca\/\",\"name\":\"Jorpack\u00ae\",\"description\":\"Amplia selecci\u00f3n de Formadoras\",\"publisher\":{\"@id\":\"https:\/\/jorpack.com\/ca\/#organization\"},\"potentialAction\":[{\"@type\":\"SearchAction\",\"target\":{\"@type\":\"EntryPoint\",\"urlTemplate\":\"https:\/\/jorpack.com\/ca\/?s={search_term_string}\"},\"query-input\":{\"@type\":\"PropertyValueSpecification\",\"valueRequired\":true,\"valueName\":\"search_term_string\"}}],\"inLanguage\":\"ca\"},{\"@type\":\"Organization\",\"@id\":\"https:\/\/jorpack.com\/ca\/#organization\",\"name\":\"Jorpack\u00ae\",\"url\":\"https:\/\/jorpack.com\/ca\/\",\"logo\":{\"@type\":\"ImageObject\",\"inLanguage\":\"ca\",\"@id\":\"https:\/\/jorpack.com\/ca\/#\/schema\/logo\/image\/\",\"url\":\"https:\/\/jorpack.com\/wp-content\/uploads\/2022\/03\/cropped-jorpack-logotipo.png\",\"contentUrl\":\"https:\/\/jorpack.com\/wp-content\/uploads\/2022\/03\/cropped-jorpack-logotipo.png\",\"width\":500,\"height\":110,\"caption\":\"Jorpack\u00ae\"},\"image\":{\"@id\":\"https:\/\/jorpack.com\/ca\/#\/schema\/logo\/image\/\"}}]}<\/script>\n<!-- \/ Yoast SEO plugin. -->","yoast_head_json":{"title":"DESV-7700 - Jorpack\u00ae","robots":{"index":"index","follow":"follow","max-snippet":"max-snippet:-1","max-image-preview":"max-image-preview:large","max-video-preview":"max-video-preview:-1"},"canonical":"https:\/\/jorpack.com\/ca\/alineadors-desviadors\/desv-7700\/","og_locale":"ca_ES","og_type":"article","og_title":"DESV-7700 - Jorpack\u00ae","og_description":"Distribuidor - alineador de producte  El desviador-alineador de producte DESV-7700 \u00e9s una m\u00e0quina dissenyada per realitzar la funci\u00f3 de distribu\u00efdor en continuo de productes o envasos.  En canviar de carril sense parar l'env\u00e0s evita fer malb\u00e9 el producte.  Els distribu\u00efdors-alineadors de producte Jorpack es caracteritzen per distribuir el producte d'una o v\u00e0ries vies. No importa que el producte sigui cil\u00edndric, rectangular, quadrat, etc.  Incorpora servomotors per aconseguir una major precisi\u00f3 i que els moviments que fa, siguin molt m\u00e9s suaus.  &nbsp;","og_url":"https:\/\/jorpack.com\/ca\/alineadors-desviadors\/desv-7700\/","og_site_name":"Jorpack\u00ae","article_modified_time":"2023-02-23T08:16:11+00:00","og_image":[{"width":2268,"height":2268,"url":"https:\/\/jorpack.com\/wp-content\/uploads\/2023\/02\/desviador-alineador-de-botellas-jorpack-DESV-7700-3.webp","type":"image\/webp"}],"twitter_card":"summary_large_image","twitter_misc":{"Temps estimat de lectura":"4 minuts"},"schema":{"@context":"https:\/\/schema.org","@graph":[{"@type":"WebPage","@id":"https:\/\/jorpack.com\/ca\/alineadors-desviadors\/desv-7700\/","url":"https:\/\/jorpack.com\/ca\/alineadors-desviadors\/desv-7700\/","name":"DESV-7700 - Jorpack\u00ae","isPartOf":{"@id":"https:\/\/jorpack.com\/ca\/#website"},"primaryImageOfPage":{"@id":"https:\/\/jorpack.com\/ca\/alineadors-desviadors\/desv-7700\/#primaryimage"},"image":{"@id":"https:\/\/jorpack.com\/ca\/alineadors-desviadors\/desv-7700\/#primaryimage"},"thumbnailUrl":"https:\/\/jorpack.com\/wp-content\/uploads\/2023\/02\/desviador-alineador-de-botellas-jorpack-DESV-7700-3.webp","datePublished":"2022-09-08T05:45:17+00:00","dateModified":"2023-02-23T08:16:11+00:00","breadcrumb":{"@id":"https:\/\/jorpack.com\/ca\/alineadors-desviadors\/desv-7700\/#breadcrumb"},"inLanguage":"ca","potentialAction":[{"@type":"ReadAction","target":["https:\/\/jorpack.com\/ca\/alineadors-desviadors\/desv-7700\/"]}]},{"@type":"ImageObject","inLanguage":"ca","@id":"https:\/\/jorpack.com\/ca\/alineadors-desviadors\/desv-7700\/#primaryimage","url":"https:\/\/jorpack.com\/wp-content\/uploads\/2023\/02\/desviador-alineador-de-botellas-jorpack-DESV-7700-3.webp","contentUrl":"https:\/\/jorpack.com\/wp-content\/uploads\/2023\/02\/desviador-alineador-de-botellas-jorpack-DESV-7700-3.webp","width":2268,"height":2268,"caption":"desviador alineador de botellas Jorpack DESV-7700"},{"@type":"BreadcrumbList","@id":"https:\/\/jorpack.com\/ca\/alineadors-desviadors\/desv-7700\/#breadcrumb","itemListElement":[{"@type":"ListItem","position":1,"name":"Portada","item":"https:\/\/jorpack.com\/ca\/"},{"@type":"ListItem","position":2,"name":"Tienda","item":"https:\/\/jorpack.com\/tienda\/"},{"@type":"ListItem","position":3,"name":"DESV-7700"}]},{"@type":"WebSite","@id":"https:\/\/jorpack.com\/ca\/#website","url":"https:\/\/jorpack.com\/ca\/","name":"Jorpack\u00ae","description":"Amplia selecci\u00f3n de Formadoras","publisher":{"@id":"https:\/\/jorpack.com\/ca\/#organization"},"potentialAction":[{"@type":"SearchAction","target":{"@type":"EntryPoint","urlTemplate":"https:\/\/jorpack.com\/ca\/?s={search_term_string}"},"query-input":{"@type":"PropertyValueSpecification","valueRequired":true,"valueName":"search_term_string"}}],"inLanguage":"ca"},{"@type":"Organization","@id":"https:\/\/jorpack.com\/ca\/#organization","name":"Jorpack\u00ae","url":"https:\/\/jorpack.com\/ca\/","logo":{"@type":"ImageObject","inLanguage":"ca","@id":"https:\/\/jorpack.com\/ca\/#\/schema\/logo\/image\/","url":"https:\/\/jorpack.com\/wp-content\/uploads\/2022\/03\/cropped-jorpack-logotipo.png","contentUrl":"https:\/\/jorpack.com\/wp-content\/uploads\/2022\/03\/cropped-jorpack-logotipo.png","width":500,"height":110,"caption":"Jorpack\u00ae"},"image":{"@id":"https:\/\/jorpack.com\/ca\/#\/schema\/logo\/image\/"}}]}},"_links":{"self":[{"href":"https:\/\/jorpack.com\/ca\/wp-json\/wp\/v2\/product\/3481","targetHints":{"allow":["GET"]}}],"collection":[{"href":"https:\/\/jorpack.com\/ca\/wp-json\/wp\/v2\/product"}],"about":[{"href":"https:\/\/jorpack.com\/ca\/wp-json\/wp\/v2\/types\/product"}],"wp:featuredmedia":[{"embeddable":true,"href":"https:\/\/jorpack.com\/ca\/wp-json\/wp\/v2\/media\/4877"}],"wp:attachment":[{"href":"https:\/\/jorpack.com\/ca\/wp-json\/wp\/v2\/media?parent=3481"}],"wp:term":[{"taxonomy":"sector","embeddable":true,"href":"https:\/\/jorpack.com\/ca\/wp-json\/wp\/v2\/sector?post=3481"},{"taxonomy":"product_brand","embeddable":true,"href":"https:\/\/jorpack.com\/ca\/wp-json\/wp\/v2\/product_brand?post=3481"},{"taxonomy":"product_cat","embeddable":true,"href":"https:\/\/jorpack.com\/ca\/wp-json\/wp\/v2\/product_cat?post=3481"},{"taxonomy":"product_tag","embeddable":true,"href":"https:\/\/jorpack.com\/ca\/wp-json\/wp\/v2\/product_tag?post=3481"}],"curies":[{"name":"wp","href":"https:\/\/api.w.org\/{rel}","templated":true}]}}