{"id":3479,"date":"2022-04-20T09:33:40","date_gmt":"2022-09-08T05:30:39","guid":{"rendered":"https:\/\/jorpack.com\/?post_type=product&#038;p=3479"},"modified":"2024-10-16T09:26:43","modified_gmt":"2024-10-16T09:26:43","slug":"serie-9600","status":"publish","type":"product","link":"https:\/\/jorpack.com\/ca\/paletitzadors\/serie-9600\/","title":{"rendered":"Serie 9600"},"content":{"rendered":"<div class=\"wpb-content-wrapper\"><p>[vc_section css=&#8221;.vc_custom_1650361358445{margin-top: 0px !important;}&#8221; el_class=&#8221;ficha-tecnica&#8221;][vc_row][vc_column width=&#8221;5\/6&#8243;][vc_toggle title=&#8221;Producci\u00f3&#8221;]6-8 moviments\/minut[\/vc_toggle][vc_toggle title=&#8221;Accessoris Inclosos&#8221; el_class=&#8221;faq-palet&#8221;]<\/p>\n<div class=\"cont-flex\">\n<p style=\"text-align: left;\"><img decoding=\"async\" class=\"alignnone size-medium wp-image-1730\" src=\"https:\/\/jorpack.com\/wp-content\/uploads\/2022\/04\/icono-protecciones-y-barreras-seguridad-300x300.png\" alt=\"\" width=\"300\" height=\"300\" srcset=\"https:\/\/jorpack.com\/wp-content\/uploads\/2022\/04\/icono-protecciones-y-barreras-seguridad-300x300.png 300w, https:\/\/jorpack.com\/wp-content\/uploads\/2022\/04\/icono-protecciones-y-barreras-seguridad-150x150.png 150w, https:\/\/jorpack.com\/wp-content\/uploads\/2022\/04\/icono-protecciones-y-barreras-seguridad-100x100.png 100w, https:\/\/jorpack.com\/wp-content\/uploads\/2022\/04\/icono-protecciones-y-barreras-seguridad.png 540w\" sizes=\"(max-width: 300px) 100vw, 300px\" \/><br \/>\nConjunt de Proteccions i Barreres de Seguretat segons normativa CE necess\u00e0ries per cada c\u00e8l\u00b7lula robotitzada.<\/p>\n<p style=\"text-align: left;\"><img decoding=\"async\" class=\"alignnone size-medium wp-image-1732\" src=\"https:\/\/jorpack.com\/wp-content\/uploads\/2022\/04\/icono-transportadores-300x300.png\" alt=\"\" width=\"300\" height=\"300\" srcset=\"https:\/\/jorpack.com\/wp-content\/uploads\/2022\/04\/icono-transportadores-300x300.png 300w, https:\/\/jorpack.com\/wp-content\/uploads\/2022\/04\/icono-transportadores-150x150.png 150w, https:\/\/jorpack.com\/wp-content\/uploads\/2022\/04\/icono-transportadores-100x100.png 100w, https:\/\/jorpack.com\/wp-content\/uploads\/2022\/04\/icono-transportadores.png 541w\" sizes=\"(max-width: 300px) 100vw, 300px\" \/><br \/>\nTransportador d\u2019entrada de producte.<\/p>\n<\/div>\n<p>[\/vc_toggle][vc_toggle title=&#8221;Opcionals&#8221;]-\u00a0Magatzem de palets pel paletitzat autom\u00e0tic.<\/p>\n<p>&#8211;\u00a0Insertador de cart\u00f3 entre capes.[\/vc_toggle][vc_raw_html]W1Nhc3N5X1NvY2lhbF9TaGFyZSB0aXRsZT0iQ29tcGFydGVpeCJd[\/vc_raw_html][\/vc_column][vc_column width=&#8221;1\/6&#8243; offset=&#8221;vc_hidden-xs&#8221;]<div class=\"ult-content-box-container \" >\t\t<div class=\"ult-content-box\" style=\"box-shadow: px px px px none;-webkit-transition: all 700ms ease;-moz-transition: all 700ms ease;-ms-transition: all 700ms ease;-o-transition: all 700ms ease;transition: all 700ms ease;\"  data-hover_box_shadow=\"none\"    >[vc_single_image image=&#8221;645&#8243; alignment=&#8221;center&#8221; css=&#8221;.vc_custom_1648732644686{margin-bottom: 10px !important;}&#8221;][vc_column_text]<\/p>\n<p style=\"text-align: center;\"><span style=\"color: #394049;\">Fitxa t\u00e8cnica<br \/>\nDESP-4000<\/span><\/p>\n<p>[\/vc_column_text]\t\t<\/div><\/div>[\/vc_column][\/vc_row][\/vc_section][vc_section][vc_row gap=&#8221;35&#8243;][vc_column width=&#8221;3\/4&#8243; el_class=&#8221;productos-sugeridos&#8221;][vc_column_text]<\/p>\n<h3>Completa la l\u00ednia amb:<\/h3>\n<p>[\/vc_column_text][vc_basic_grid post_type=&#8221;ids&#8221; element_width=&#8221;3&#8243; gap=&#8221;35&#8243; item=&#8221;1394&#8243; grid_id=&#8221;vc_gid:1663922735983-ea1f72d2-5e55-4&#8243; include=&#8221;1519, 1528, 1498&#8243;][\/vc_column][vc_column width=&#8221;1\/4&#8243; el_class=&#8221;productos-relacionados&#8221;][vc_column_text]<\/p>\n<h3>Productes relacionats:<\/h3>\n<p>[\/vc_column_text][vc_column_text]<a href=\"https:\/\/www.jorpack.com\/ca\/paletitzadors\/man-6000 \">MAN-6000<\/a><\/p>\n<p><a href=\"https:\/\/www.jorpack.com\/ca\/paletitzadors\/pli-2000 \">PLI-2000<\/a>[\/vc_column_text][\/vc_column][\/vc_row][\/vc_section]<\/p>\n<\/div>","protected":false},"excerpt":{"rendered":"<p>Solucions de Paletitzat amb Robots<\/p>\n<p>Jorpack ofereix diferents solucions de paletitzat mitjan\u00e7ant c\u00e8l\u00b7lules paletitzades robotitzades.<\/p>\n<p>El robot paletitzador antropom\u00f2rfic de Jorpack ofereix m\u00faltiples aplicacions o c\u00e8l\u00b7lules de paletitzat en funci\u00f3 de les necessitats i la producci\u00f3.<\/p>\n<p>\u00c9s per aix\u00f2, que en funci\u00f3 de la instal\u00b7laci\u00f3 el robot pot paletitzar capa completa, mitja capa, diverses capes o fins i tot caixa a caixa.<\/p>\n<p>L&#8217;exemple est\u00e0 posat en caixes, per\u00f2 els robots paletitzadors que ofereix Jorpack poden paletitzar qualsevol producte susceptible a ser paletitzat, com sacs, packs, caixes de pl\u00e0stic de producte retornable, safates, etc.<\/p>\n<p>Els robots paletitzadors ofereixen la possibilitat de poder paletitzar v\u00e0ries l\u00ednies a la vegada de manera simult\u00e0nia.<\/p>\n","protected":false},"featured_media":2823,"template":"","meta":{"_acf_changed":false},"sector":[157,158,154,153,181,171,176,159,178,188,180,155,150,168,172,166,173,149,169,152,182,170,163,179,156,164,186,162,183,187,174,177,151,161,184,185,189,165,175,167,160],"product_brand":[],"product_cat":[79,82],"product_tag":[],"class_list":{"0":"post-3479","1":"product","2":"type-product","3":"status-publish","4":"has-post-thumbnail","6":"sector-aceite","7":"sector-agua","8":"sector-alimentacion","9":"sector-automocion","10":"sector-azucar","11":"sector-bandas-depilatorias","12":"sector-blisters","13":"sector-bodegas","14":"sector-cafe","15":"sector-ceramica","16":"sector-conservas","17":"sector-construccion","18":"sector-cosmetica","19":"sector-cremas","20":"sector-decoracion-envases-2","21":"sector-decoracion-envases","22":"sector-detergentes","23":"sector-embotellado","24":"sector-estuches","25":"sector-farmacia","26":"sector-galletas","27":"sector-higiene","28":"sector-horchata","29":"sector-huevos","30":"sector-jardineria","31":"sector-licores","32":"sector-madera","33":"sector-packs","34":"sector-packs-al","35":"sector-pintura","36":"sector-productos-de-limpieza","37":"sector-productos-de-limpieza-2","38":"sector-quimico","39":"sector-refrescos","40":"sector-reposteria","41":"sector-sacos","42":"sector-semillas","43":"sector-sidra","44":"sector-sueros","45":"sector-tarros","46":"sector-zumos","47":"product_cat-paletitzadors","48":"product_cat-solucions-amb-robots","50":"first","51":"instock","52":"shipping-taxable","53":"product-type-simple"},"acf":[],"yoast_head":"<!-- This site is optimized with the Yoast SEO plugin v27.2 - https:\/\/yoast.com\/product\/yoast-seo-wordpress\/ -->\n<title>Serie 9600 - Jorpack\u00ae<\/title>\n<meta name=\"robots\" content=\"index, follow, max-snippet:-1, max-image-preview:large, max-video-preview:-1\" \/>\n<link rel=\"canonical\" href=\"https:\/\/jorpack.com\/ca\/paletitzadors\/serie-9600\/\" \/>\n<meta property=\"og:locale\" content=\"ca_ES\" \/>\n<meta property=\"og:type\" content=\"article\" \/>\n<meta property=\"og:title\" content=\"Serie 9600 - Jorpack\u00ae\" \/>\n<meta property=\"og:description\" content=\"Solucions de Paletitzat amb Robots  Jorpack ofereix diferents solucions de paletitzat mitjan\u00e7ant c\u00e8l\u00b7lules paletitzades robotitzades.  El robot paletitzador antropom\u00f2rfic de Jorpack ofereix m\u00faltiples aplicacions o c\u00e8l\u00b7lules de paletitzat en funci\u00f3 de les necessitats i la producci\u00f3.  \u00c9s per aix\u00f2, que en funci\u00f3 de la instal\u00b7laci\u00f3 el robot pot paletitzar capa completa, mitja capa, diverses capes o fins i tot caixa a caixa.  L&#039;exemple est\u00e0 posat en caixes, per\u00f2 els robots paletitzadors que ofereix Jorpack poden paletitzar qualsevol producte susceptible a ser paletitzat, com sacs, packs, caixes de pl\u00e0stic de producte retornable, safates, etc.  Els robots paletitzadors ofereixen la possibilitat de poder paletitzar v\u00e0ries l\u00ednies a la vegada de manera simult\u00e0nia.\" \/>\n<meta property=\"og:url\" content=\"https:\/\/jorpack.com\/ca\/paletitzadors\/serie-9600\/\" \/>\n<meta property=\"og:site_name\" content=\"Jorpack\u00ae\" \/>\n<meta property=\"article:modified_time\" content=\"2024-10-16T09:26:43+00:00\" \/>\n<meta property=\"og:image\" content=\"https:\/\/jorpack.com\/wp-content\/uploads\/2022\/04\/SERIE_9600-robot-paletizador-scaled.jpg\" \/>\n\t<meta property=\"og:image:width\" content=\"2560\" \/>\n\t<meta property=\"og:image:height\" content=\"2560\" \/>\n\t<meta property=\"og:image:type\" content=\"image\/jpeg\" \/>\n<meta name=\"twitter:card\" content=\"summary_large_image\" \/>\n<meta name=\"twitter:label1\" content=\"Temps estimat de lectura\" \/>\n\t<meta name=\"twitter:data1\" content=\"1 minut\" \/>\n<script type=\"application\/ld+json\" class=\"yoast-schema-graph\">{\"@context\":\"https:\/\/schema.org\",\"@graph\":[{\"@type\":\"WebPage\",\"@id\":\"https:\/\/jorpack.com\/ca\/paletitzadors\/serie-9600\/\",\"url\":\"https:\/\/jorpack.com\/ca\/paletitzadors\/serie-9600\/\",\"name\":\"Serie 9600 - Jorpack\u00ae\",\"isPartOf\":{\"@id\":\"https:\/\/jorpack.com\/ca\/#website\"},\"primaryImageOfPage\":{\"@id\":\"https:\/\/jorpack.com\/ca\/paletitzadors\/serie-9600\/#primaryimage\"},\"image\":{\"@id\":\"https:\/\/jorpack.com\/ca\/paletitzadors\/serie-9600\/#primaryimage\"},\"thumbnailUrl\":\"https:\/\/jorpack.com\/wp-content\/uploads\/2022\/04\/SERIE_9600-robot-paletizador-scaled.jpg\",\"datePublished\":\"2022-09-08T05:30:39+00:00\",\"dateModified\":\"2024-10-16T09:26:43+00:00\",\"breadcrumb\":{\"@id\":\"https:\/\/jorpack.com\/ca\/paletitzadors\/serie-9600\/#breadcrumb\"},\"inLanguage\":\"ca\",\"potentialAction\":[{\"@type\":\"ReadAction\",\"target\":[\"https:\/\/jorpack.com\/ca\/paletitzadors\/serie-9600\/\"]}]},{\"@type\":\"ImageObject\",\"inLanguage\":\"ca\",\"@id\":\"https:\/\/jorpack.com\/ca\/paletitzadors\/serie-9600\/#primaryimage\",\"url\":\"https:\/\/jorpack.com\/wp-content\/uploads\/2022\/04\/SERIE_9600-robot-paletizador-scaled.jpg\",\"contentUrl\":\"https:\/\/jorpack.com\/wp-content\/uploads\/2022\/04\/SERIE_9600-robot-paletizador-scaled.jpg\",\"width\":2560,\"height\":2560,\"caption\":\"robot paletizador 9600 de jorpack\"},{\"@type\":\"BreadcrumbList\",\"@id\":\"https:\/\/jorpack.com\/ca\/paletitzadors\/serie-9600\/#breadcrumb\",\"itemListElement\":[{\"@type\":\"ListItem\",\"position\":1,\"name\":\"Portada\",\"item\":\"https:\/\/jorpack.com\/ca\/\"},{\"@type\":\"ListItem\",\"position\":2,\"name\":\"Tienda\",\"item\":\"https:\/\/jorpack.com\/tienda\/\"},{\"@type\":\"ListItem\",\"position\":3,\"name\":\"Serie 9600\"}]},{\"@type\":\"WebSite\",\"@id\":\"https:\/\/jorpack.com\/ca\/#website\",\"url\":\"https:\/\/jorpack.com\/ca\/\",\"name\":\"Jorpack\u00ae\",\"description\":\"Amplia selecci\u00f3n de Formadoras\",\"publisher\":{\"@id\":\"https:\/\/jorpack.com\/ca\/#organization\"},\"potentialAction\":[{\"@type\":\"SearchAction\",\"target\":{\"@type\":\"EntryPoint\",\"urlTemplate\":\"https:\/\/jorpack.com\/ca\/?s={search_term_string}\"},\"query-input\":{\"@type\":\"PropertyValueSpecification\",\"valueRequired\":true,\"valueName\":\"search_term_string\"}}],\"inLanguage\":\"ca\"},{\"@type\":\"Organization\",\"@id\":\"https:\/\/jorpack.com\/ca\/#organization\",\"name\":\"Jorpack\u00ae\",\"url\":\"https:\/\/jorpack.com\/ca\/\",\"logo\":{\"@type\":\"ImageObject\",\"inLanguage\":\"ca\",\"@id\":\"https:\/\/jorpack.com\/ca\/#\/schema\/logo\/image\/\",\"url\":\"https:\/\/jorpack.com\/wp-content\/uploads\/2022\/03\/cropped-jorpack-logotipo.png\",\"contentUrl\":\"https:\/\/jorpack.com\/wp-content\/uploads\/2022\/03\/cropped-jorpack-logotipo.png\",\"width\":500,\"height\":110,\"caption\":\"Jorpack\u00ae\"},\"image\":{\"@id\":\"https:\/\/jorpack.com\/ca\/#\/schema\/logo\/image\/\"}}]}<\/script>\n<!-- \/ Yoast SEO plugin. -->","yoast_head_json":{"title":"Serie 9600 - Jorpack\u00ae","robots":{"index":"index","follow":"follow","max-snippet":"max-snippet:-1","max-image-preview":"max-image-preview:large","max-video-preview":"max-video-preview:-1"},"canonical":"https:\/\/jorpack.com\/ca\/paletitzadors\/serie-9600\/","og_locale":"ca_ES","og_type":"article","og_title":"Serie 9600 - Jorpack\u00ae","og_description":"Solucions de Paletitzat amb Robots  Jorpack ofereix diferents solucions de paletitzat mitjan\u00e7ant c\u00e8l\u00b7lules paletitzades robotitzades.  El robot paletitzador antropom\u00f2rfic de Jorpack ofereix m\u00faltiples aplicacions o c\u00e8l\u00b7lules de paletitzat en funci\u00f3 de les necessitats i la producci\u00f3.  \u00c9s per aix\u00f2, que en funci\u00f3 de la instal\u00b7laci\u00f3 el robot pot paletitzar capa completa, mitja capa, diverses capes o fins i tot caixa a caixa.  L'exemple est\u00e0 posat en caixes, per\u00f2 els robots paletitzadors que ofereix Jorpack poden paletitzar qualsevol producte susceptible a ser paletitzat, com sacs, packs, caixes de pl\u00e0stic de producte retornable, safates, etc.  Els robots paletitzadors ofereixen la possibilitat de poder paletitzar v\u00e0ries l\u00ednies a la vegada de manera simult\u00e0nia.","og_url":"https:\/\/jorpack.com\/ca\/paletitzadors\/serie-9600\/","og_site_name":"Jorpack\u00ae","article_modified_time":"2024-10-16T09:26:43+00:00","og_image":[{"width":2560,"height":2560,"url":"https:\/\/jorpack.com\/wp-content\/uploads\/2022\/04\/SERIE_9600-robot-paletizador-scaled.jpg","type":"image\/jpeg"}],"twitter_card":"summary_large_image","twitter_misc":{"Temps estimat de lectura":"1 minut"},"schema":{"@context":"https:\/\/schema.org","@graph":[{"@type":"WebPage","@id":"https:\/\/jorpack.com\/ca\/paletitzadors\/serie-9600\/","url":"https:\/\/jorpack.com\/ca\/paletitzadors\/serie-9600\/","name":"Serie 9600 - Jorpack\u00ae","isPartOf":{"@id":"https:\/\/jorpack.com\/ca\/#website"},"primaryImageOfPage":{"@id":"https:\/\/jorpack.com\/ca\/paletitzadors\/serie-9600\/#primaryimage"},"image":{"@id":"https:\/\/jorpack.com\/ca\/paletitzadors\/serie-9600\/#primaryimage"},"thumbnailUrl":"https:\/\/jorpack.com\/wp-content\/uploads\/2022\/04\/SERIE_9600-robot-paletizador-scaled.jpg","datePublished":"2022-09-08T05:30:39+00:00","dateModified":"2024-10-16T09:26:43+00:00","breadcrumb":{"@id":"https:\/\/jorpack.com\/ca\/paletitzadors\/serie-9600\/#breadcrumb"},"inLanguage":"ca","potentialAction":[{"@type":"ReadAction","target":["https:\/\/jorpack.com\/ca\/paletitzadors\/serie-9600\/"]}]},{"@type":"ImageObject","inLanguage":"ca","@id":"https:\/\/jorpack.com\/ca\/paletitzadors\/serie-9600\/#primaryimage","url":"https:\/\/jorpack.com\/wp-content\/uploads\/2022\/04\/SERIE_9600-robot-paletizador-scaled.jpg","contentUrl":"https:\/\/jorpack.com\/wp-content\/uploads\/2022\/04\/SERIE_9600-robot-paletizador-scaled.jpg","width":2560,"height":2560,"caption":"robot paletizador 9600 de jorpack"},{"@type":"BreadcrumbList","@id":"https:\/\/jorpack.com\/ca\/paletitzadors\/serie-9600\/#breadcrumb","itemListElement":[{"@type":"ListItem","position":1,"name":"Portada","item":"https:\/\/jorpack.com\/ca\/"},{"@type":"ListItem","position":2,"name":"Tienda","item":"https:\/\/jorpack.com\/tienda\/"},{"@type":"ListItem","position":3,"name":"Serie 9600"}]},{"@type":"WebSite","@id":"https:\/\/jorpack.com\/ca\/#website","url":"https:\/\/jorpack.com\/ca\/","name":"Jorpack\u00ae","description":"Amplia selecci\u00f3n de Formadoras","publisher":{"@id":"https:\/\/jorpack.com\/ca\/#organization"},"potentialAction":[{"@type":"SearchAction","target":{"@type":"EntryPoint","urlTemplate":"https:\/\/jorpack.com\/ca\/?s={search_term_string}"},"query-input":{"@type":"PropertyValueSpecification","valueRequired":true,"valueName":"search_term_string"}}],"inLanguage":"ca"},{"@type":"Organization","@id":"https:\/\/jorpack.com\/ca\/#organization","name":"Jorpack\u00ae","url":"https:\/\/jorpack.com\/ca\/","logo":{"@type":"ImageObject","inLanguage":"ca","@id":"https:\/\/jorpack.com\/ca\/#\/schema\/logo\/image\/","url":"https:\/\/jorpack.com\/wp-content\/uploads\/2022\/03\/cropped-jorpack-logotipo.png","contentUrl":"https:\/\/jorpack.com\/wp-content\/uploads\/2022\/03\/cropped-jorpack-logotipo.png","width":500,"height":110,"caption":"Jorpack\u00ae"},"image":{"@id":"https:\/\/jorpack.com\/ca\/#\/schema\/logo\/image\/"}}]}},"_links":{"self":[{"href":"https:\/\/jorpack.com\/ca\/wp-json\/wp\/v2\/product\/3479","targetHints":{"allow":["GET"]}}],"collection":[{"href":"https:\/\/jorpack.com\/ca\/wp-json\/wp\/v2\/product"}],"about":[{"href":"https:\/\/jorpack.com\/ca\/wp-json\/wp\/v2\/types\/product"}],"wp:featuredmedia":[{"embeddable":true,"href":"https:\/\/jorpack.com\/ca\/wp-json\/wp\/v2\/media\/2823"}],"wp:attachment":[{"href":"https:\/\/jorpack.com\/ca\/wp-json\/wp\/v2\/media?parent=3479"}],"wp:term":[{"taxonomy":"sector","embeddable":true,"href":"https:\/\/jorpack.com\/ca\/wp-json\/wp\/v2\/sector?post=3479"},{"taxonomy":"product_brand","embeddable":true,"href":"https:\/\/jorpack.com\/ca\/wp-json\/wp\/v2\/product_brand?post=3479"},{"taxonomy":"product_cat","embeddable":true,"href":"https:\/\/jorpack.com\/ca\/wp-json\/wp\/v2\/product_cat?post=3479"},{"taxonomy":"product_tag","embeddable":true,"href":"https:\/\/jorpack.com\/ca\/wp-json\/wp\/v2\/product_tag?post=3479"}],"curies":[{"name":"wp","href":"https:\/\/api.w.org\/{rel}","templated":true}]}}