{"id":3476,"date":"2022-04-20T09:53:07","date_gmt":"2022-09-07T14:51:08","guid":{"rendered":"https:\/\/jorpack.com\/?post_type=product&#038;p=3476"},"modified":"2024-10-16T08:52:57","modified_gmt":"2024-10-16T08:52:57","slug":"enc-9600","status":"publish","type":"product","link":"https:\/\/jorpack.com\/ca\/robots\/encaixadores-caixa-tipus-b1-americana\/enc-9600\/","title":{"rendered":"ENC-9600"},"content":{"rendered":"<div class=\"wpb-content-wrapper\"><p>[vc_section css=&#8221;.vc_custom_1650361358445{margin-top: 0px !important;}&#8221; el_class=&#8221;ficha-tecnica&#8221;][vc_row][vc_column width=&#8221;5\/6&#8243;][vc_toggle title=&#8221;Producci\u00f3&#8221;]6-8 moviments\/minut<br \/>\nExemple en envasos com ampolles, fins a 25.000 ampolles\/hora[\/vc_toggle][vc_toggle title=&#8221;Accessoris Inclosos&#8221;]Conjunt de proteccions i barreres de seguretat segons normativa CE necess\u00e0ries per a cada c\u00e8l\u00b7lula robotitzades.[\/vc_toggle][vc_toggle title=&#8221;Opcionals&#8221; el_class=&#8221;faq-palet&#8221;]<\/p>\n<div class=\"cont-flex\">\n<p style=\"text-align: left;\"><img decoding=\"async\" class=\"alignnone size-full wp-image-1697\" src=\"https:\/\/jorpack.com\/wp-content\/uploads\/2022\/04\/parillas-centradoras-encajadoras-b1.png\" alt=\"\" width=\"181\" height=\"180\" srcset=\"https:\/\/jorpack.com\/wp-content\/uploads\/2022\/04\/parillas-centradoras-encajadoras-b1.png 181w, https:\/\/jorpack.com\/wp-content\/uploads\/2022\/04\/parillas-centradoras-encajadoras-b1-150x150.png 150w, https:\/\/jorpack.com\/wp-content\/uploads\/2022\/04\/parillas-centradoras-encajadoras-b1-100x100.png 100w\" sizes=\"(max-width: 181px) 100vw, 181px\" \/><br \/>\nGraella centradora d&#8217;encaixat especial per l&#8217;encaixat o desencaixat de productes en capses de cart\u00f3 amb reixa incorporada.<\/p>\n<p style=\"text-align: left;\"><img decoding=\"async\" class=\"alignnone size-full wp-image-1692\" src=\"https:\/\/jorpack.com\/wp-content\/uploads\/2022\/04\/cabezal-encajado-multiformato-encajadoras-b1.png\" alt=\"\" width=\"180\" height=\"180\" srcset=\"https:\/\/jorpack.com\/wp-content\/uploads\/2022\/04\/cabezal-encajado-multiformato-encajadoras-b1.png 180w, https:\/\/jorpack.com\/wp-content\/uploads\/2022\/04\/cabezal-encajado-multiformato-encajadoras-b1-150x150.png 150w, https:\/\/jorpack.com\/wp-content\/uploads\/2022\/04\/cabezal-encajado-multiformato-encajadoras-b1-100x100.png 100w\" sizes=\"(max-width: 180px) 100vw, 180px\" \/><br \/>\nCap\u00e7al o cap\u00e7als per l&#8217;encaixat o desencaixat multiformat.<\/p>\n<p style=\"text-align: left;\"><img decoding=\"async\" class=\"alignnone size-full wp-image-1693\" src=\"https:\/\/jorpack.com\/wp-content\/uploads\/2022\/04\/distribuidor-producto-para-clasificar-envases-encajado-b1.png\" alt=\"\" width=\"181\" height=\"180\" srcset=\"https:\/\/jorpack.com\/wp-content\/uploads\/2022\/04\/distribuidor-producto-para-clasificar-envases-encajado-b1.png 181w, https:\/\/jorpack.com\/wp-content\/uploads\/2022\/04\/distribuidor-producto-para-clasificar-envases-encajado-b1-150x150.png 150w, https:\/\/jorpack.com\/wp-content\/uploads\/2022\/04\/distribuidor-producto-para-clasificar-envases-encajado-b1-100x100.png 100w\" sizes=\"(max-width: 181px) 100vw, 181px\" \/><br \/>\nSistema de distribu\u00efdor mec\u00e0nic de producte per realitzar la classificaci\u00f3 dels productes en els carrils necessaris per procedir a l&#8217;agrupaci\u00f3 i separaci\u00f3 per grups per procedir a l&#8217;encaixat amb robot.<\/p>\n<p style=\"text-align: left;\"><img decoding=\"async\" class=\"alignnone size-full wp-image-1695\" src=\"https:\/\/jorpack.com\/wp-content\/uploads\/2022\/04\/maquina-alineadora-desviadora-desv-7700-jorpack.png\" alt=\"\" width=\"181\" height=\"180\" srcset=\"https:\/\/jorpack.com\/wp-content\/uploads\/2022\/04\/maquina-alineadora-desviadora-desv-7700-jorpack.png 181w, https:\/\/jorpack.com\/wp-content\/uploads\/2022\/04\/maquina-alineadora-desviadora-desv-7700-jorpack-150x150.png 150w, https:\/\/jorpack.com\/wp-content\/uploads\/2022\/04\/maquina-alineadora-desviadora-desv-7700-jorpack-100x100.png 100w\" sizes=\"(max-width: 181px) 100vw, 181px\" \/><br \/>\nM\u00e0quina alineadora &#8211; desviadora model DESV-7700 de Jorpack de producte per produccions mitjanes-altes&#8221;<\/p>\n<\/div>\n<p>[\/vc_toggle][vc_raw_html]W1Nhc3N5X1NvY2lhbF9TaGFyZSB0aXRsZT0iQ29tcGFydGVpeCJd[\/vc_raw_html][\/vc_column][vc_column width=&#8221;1\/6&#8243; offset=&#8221;vc_hidden-xs&#8221;][vc_single_image image=&#8221;4344&#8243; add_caption=&#8221;yes&#8221; alignment=&#8221;center&#8221;]<div class=\"ult-content-box-container \" >\t\t<div class=\"ult-content-box\" style=\"box-shadow: px px px px none;-webkit-transition: all 700ms ease;-moz-transition: all 700ms ease;-ms-transition: all 700ms ease;-o-transition: all 700ms ease;transition: all 700ms ease;\"  data-hover_box_shadow=\"none\"    >[vc_single_image image=&#8221;645&#8243; alignment=&#8221;center&#8221; css=&#8221;.vc_custom_1648732644686{margin-bottom: 10px !important;}&#8221;][vc_column_text]<\/p>\n<p style=\"text-align: center;\"><span style=\"color: #394049;\">Fitxa t\u00e8cnica<br \/>\nDESP-4000<\/span><\/p>\n<p>[\/vc_column_text]\t\t<\/div><\/div>[\/vc_column][\/vc_row][\/vc_section][vc_section][vc_row gap=&#8221;35&#8243;][vc_column width=&#8221;3\/4&#8243; el_class=&#8221;productos-sugeridos&#8221;][vc_column_text]<\/p>\n<h3>Completa la l\u00ednia amb:<\/h3>\n<p>[\/vc_column_text][vc_basic_grid post_type=&#8221;ids&#8221; element_width=&#8221;3&#8243; gap=&#8221;35&#8243; item=&#8221;1394&#8243; grid_id=&#8221;vc_gid:1663921626487-32ae4f2b-fc46-7&#8243; include=&#8221;1498, 1510, 1413&#8243;][\/vc_column][vc_column width=&#8221;1\/4&#8243; el_class=&#8221;productos-relacionados&#8221;][vc_column_text]<\/p>\n<h3>Productes relacionats:<\/h3>\n<p>[\/vc_column_text][vc_column_text]<a href=\"https:\/\/www.jorpack.com\/ca\/encaixadores-caixa-tipus-b1-americana\/enc-850 \">ENC-850<\/a><\/p>\n<p><a href=\"https:\/\/www.jorpack.com\/ca\/encaixadores-caixa-tipus-b1-americana\/mb-875 \">MB-875<\/a><\/p>\n<p><a href=\"https:\/\/www.jorpack.com\/ca\/encaixadores-caixa-tipus-b1-americana\/enc-9500 \">ENC-9500<\/a>[\/vc_column_text][\/vc_column][\/vc_row][\/vc_section]<\/p>\n<\/div>","protected":false},"excerpt":{"rendered":"<p>Solucions d\u2019Encaixat &#8211; Desencaixat amb Robots<\/p>\n<p>Jorpack ofereix diferents solucions d&#8217;encaixat o desencaixat de productes mitjan\u00e7ant c\u00e8l\u00b7lules robotitzades encaixadores i\/o desencaixadores.<\/p>\n<p>Per l&#8217;encaixat o desencaixat de productes com caixes, safates display o caixes de producte retornable en altes produccions disposem de solucions de robots encaixadors per diferents aplicacions.<\/p>\n<p>La versatilitat que ens ofereix la rob\u00f2tica ens permet poder adaptar els projectes a les diferents necessitats de cada client.<\/p>\n<p>Quan parlem d&#8217;alts rendiments de producci\u00f3, els robots antropom\u00f2rfics s\u00f3n la soluci\u00f3 perfecta per satisfer les necessitats.<\/p>\n<p>Disposem de cap\u00e7als multiformats per l&#8217;encaixat o desencaixat de productes com robots per agilitzar els canvis de format.<\/p>\n<p>Cada robot ofereix uns rendiments mitjans entre 6-8 moviments\/minut<\/p>\n","protected":false},"featured_media":3039,"template":"","meta":{"_acf_changed":false},"sector":[157,158,154,153,181,171,159,178,180,155,150,168,173,149,169,182,170,163,179,156,164,187,174,177,151,161,184,189,165,167,160],"product_brand":[],"product_cat":[81,82],"product_tag":[],"class_list":{"0":"post-3476","1":"product","2":"type-product","3":"status-publish","4":"has-post-thumbnail","6":"sector-aceite","7":"sector-agua","8":"sector-alimentacion","9":"sector-automocion","10":"sector-azucar","11":"sector-bandas-depilatorias","12":"sector-bodegas","13":"sector-cafe","14":"sector-conservas","15":"sector-construccion","16":"sector-cosmetica","17":"sector-cremas","18":"sector-detergentes","19":"sector-embotellado","20":"sector-estuches","21":"sector-galletas","22":"sector-higiene","23":"sector-horchata","24":"sector-huevos","25":"sector-jardineria","26":"sector-licores","27":"sector-pintura","28":"sector-productos-de-limpieza","29":"sector-productos-de-limpieza-2","30":"sector-quimico","31":"sector-refrescos","32":"sector-reposteria","33":"sector-semillas","34":"sector-sidra","35":"sector-tarros","36":"sector-zumos","37":"product_cat-encaixadores-tipus-b1","38":"product_cat-solucions-amb-robots","40":"first","41":"instock","42":"shipping-taxable","43":"product-type-simple"},"acf":[],"yoast_head":"<!-- This site is optimized with the Yoast SEO plugin v27.2 - https:\/\/yoast.com\/product\/yoast-seo-wordpress\/ -->\n<title>ENC-9600 - Jorpack\u00ae<\/title>\n<meta name=\"robots\" content=\"index, follow, max-snippet:-1, max-image-preview:large, max-video-preview:-1\" \/>\n<link rel=\"canonical\" href=\"https:\/\/jorpack.com\/ca\/robots\/encaixadores-caixa-tipus-b1-americana\/enc-9600\/\" \/>\n<meta property=\"og:locale\" content=\"ca_ES\" \/>\n<meta property=\"og:type\" content=\"article\" \/>\n<meta property=\"og:title\" content=\"ENC-9600 - Jorpack\u00ae\" \/>\n<meta property=\"og:description\" content=\"Solucions d\u2019Encaixat - Desencaixat amb Robots  Jorpack ofereix diferents solucions d&#039;encaixat o desencaixat de productes mitjan\u00e7ant c\u00e8l\u00b7lules robotitzades encaixadores i\/o desencaixadores.  Per l&#039;encaixat o desencaixat de productes com caixes, safates display o caixes de producte retornable en altes produccions disposem de solucions de robots encaixadors per diferents aplicacions.  La versatilitat que ens ofereix la rob\u00f2tica ens permet poder adaptar els projectes a les diferents necessitats de cada client.  Quan parlem d&#039;alts rendiments de producci\u00f3, els robots antropom\u00f2rfics s\u00f3n la soluci\u00f3 perfecta per satisfer les necessitats.  Disposem de cap\u00e7als multiformats per l&#039;encaixat o desencaixat de productes com robots per agilitzar els canvis de format.  Cada robot ofereix uns rendiments mitjans entre 6-8 moviments\/minut\" \/>\n<meta property=\"og:url\" content=\"https:\/\/jorpack.com\/ca\/robots\/encaixadores-caixa-tipus-b1-americana\/enc-9600\/\" \/>\n<meta property=\"og:site_name\" content=\"Jorpack\u00ae\" \/>\n<meta property=\"article:modified_time\" content=\"2024-10-16T08:52:57+00:00\" \/>\n<meta property=\"og:image\" content=\"https:\/\/jorpack.com\/wp-content\/uploads\/2022\/05\/robot-encajador-caja-y-bandeja-jorpack-ENC-9600.jpg\" \/>\n\t<meta property=\"og:image:width\" content=\"1024\" \/>\n\t<meta property=\"og:image:height\" content=\"1024\" \/>\n\t<meta property=\"og:image:type\" content=\"image\/jpeg\" \/>\n<meta name=\"twitter:card\" content=\"summary_large_image\" \/>\n<meta name=\"twitter:label1\" content=\"Temps estimat de lectura\" \/>\n\t<meta name=\"twitter:data1\" content=\"2 minuts\" \/>\n<script type=\"application\/ld+json\" class=\"yoast-schema-graph\">{\"@context\":\"https:\/\/schema.org\",\"@graph\":[{\"@type\":\"WebPage\",\"@id\":\"https:\/\/jorpack.com\/ca\/robots\/encaixadores-caixa-tipus-b1-americana\/enc-9600\/\",\"url\":\"https:\/\/jorpack.com\/ca\/robots\/encaixadores-caixa-tipus-b1-americana\/enc-9600\/\",\"name\":\"ENC-9600 - Jorpack\u00ae\",\"isPartOf\":{\"@id\":\"https:\/\/jorpack.com\/ca\/#website\"},\"primaryImageOfPage\":{\"@id\":\"https:\/\/jorpack.com\/ca\/robots\/encaixadores-caixa-tipus-b1-americana\/enc-9600\/#primaryimage\"},\"image\":{\"@id\":\"https:\/\/jorpack.com\/ca\/robots\/encaixadores-caixa-tipus-b1-americana\/enc-9600\/#primaryimage\"},\"thumbnailUrl\":\"https:\/\/jorpack.com\/wp-content\/uploads\/2022\/05\/robot-encajador-caja-y-bandeja-jorpack-ENC-9600.jpg\",\"datePublished\":\"2022-09-07T14:51:08+00:00\",\"dateModified\":\"2024-10-16T08:52:57+00:00\",\"breadcrumb\":{\"@id\":\"https:\/\/jorpack.com\/ca\/robots\/encaixadores-caixa-tipus-b1-americana\/enc-9600\/#breadcrumb\"},\"inLanguage\":\"ca\",\"potentialAction\":[{\"@type\":\"ReadAction\",\"target\":[\"https:\/\/jorpack.com\/ca\/robots\/encaixadores-caixa-tipus-b1-americana\/enc-9600\/\"]}]},{\"@type\":\"ImageObject\",\"inLanguage\":\"ca\",\"@id\":\"https:\/\/jorpack.com\/ca\/robots\/encaixadores-caixa-tipus-b1-americana\/enc-9600\/#primaryimage\",\"url\":\"https:\/\/jorpack.com\/wp-content\/uploads\/2022\/05\/robot-encajador-caja-y-bandeja-jorpack-ENC-9600.jpg\",\"contentUrl\":\"https:\/\/jorpack.com\/wp-content\/uploads\/2022\/05\/robot-encajador-caja-y-bandeja-jorpack-ENC-9600.jpg\",\"width\":1024,\"height\":1024,\"caption\":\"ENC9600 robot encajador\"},{\"@type\":\"BreadcrumbList\",\"@id\":\"https:\/\/jorpack.com\/ca\/robots\/encaixadores-caixa-tipus-b1-americana\/enc-9600\/#breadcrumb\",\"itemListElement\":[{\"@type\":\"ListItem\",\"position\":1,\"name\":\"Portada\",\"item\":\"https:\/\/jorpack.com\/ca\/\"},{\"@type\":\"ListItem\",\"position\":2,\"name\":\"Tienda\",\"item\":\"https:\/\/jorpack.com\/tienda\/\"},{\"@type\":\"ListItem\",\"position\":3,\"name\":\"ENC-9600\"}]},{\"@type\":\"WebSite\",\"@id\":\"https:\/\/jorpack.com\/ca\/#website\",\"url\":\"https:\/\/jorpack.com\/ca\/\",\"name\":\"Jorpack\u00ae\",\"description\":\"Amplia selecci\u00f3n de Formadoras\",\"publisher\":{\"@id\":\"https:\/\/jorpack.com\/ca\/#organization\"},\"potentialAction\":[{\"@type\":\"SearchAction\",\"target\":{\"@type\":\"EntryPoint\",\"urlTemplate\":\"https:\/\/jorpack.com\/ca\/?s={search_term_string}\"},\"query-input\":{\"@type\":\"PropertyValueSpecification\",\"valueRequired\":true,\"valueName\":\"search_term_string\"}}],\"inLanguage\":\"ca\"},{\"@type\":\"Organization\",\"@id\":\"https:\/\/jorpack.com\/ca\/#organization\",\"name\":\"Jorpack\u00ae\",\"url\":\"https:\/\/jorpack.com\/ca\/\",\"logo\":{\"@type\":\"ImageObject\",\"inLanguage\":\"ca\",\"@id\":\"https:\/\/jorpack.com\/ca\/#\/schema\/logo\/image\/\",\"url\":\"https:\/\/jorpack.com\/wp-content\/uploads\/2022\/03\/cropped-jorpack-logotipo.png\",\"contentUrl\":\"https:\/\/jorpack.com\/wp-content\/uploads\/2022\/03\/cropped-jorpack-logotipo.png\",\"width\":500,\"height\":110,\"caption\":\"Jorpack\u00ae\"},\"image\":{\"@id\":\"https:\/\/jorpack.com\/ca\/#\/schema\/logo\/image\/\"}}]}<\/script>\n<!-- \/ Yoast SEO plugin. -->","yoast_head_json":{"title":"ENC-9600 - Jorpack\u00ae","robots":{"index":"index","follow":"follow","max-snippet":"max-snippet:-1","max-image-preview":"max-image-preview:large","max-video-preview":"max-video-preview:-1"},"canonical":"https:\/\/jorpack.com\/ca\/robots\/encaixadores-caixa-tipus-b1-americana\/enc-9600\/","og_locale":"ca_ES","og_type":"article","og_title":"ENC-9600 - Jorpack\u00ae","og_description":"Solucions d\u2019Encaixat - Desencaixat amb Robots  Jorpack ofereix diferents solucions d'encaixat o desencaixat de productes mitjan\u00e7ant c\u00e8l\u00b7lules robotitzades encaixadores i\/o desencaixadores.  Per l'encaixat o desencaixat de productes com caixes, safates display o caixes de producte retornable en altes produccions disposem de solucions de robots encaixadors per diferents aplicacions.  La versatilitat que ens ofereix la rob\u00f2tica ens permet poder adaptar els projectes a les diferents necessitats de cada client.  Quan parlem d'alts rendiments de producci\u00f3, els robots antropom\u00f2rfics s\u00f3n la soluci\u00f3 perfecta per satisfer les necessitats.  Disposem de cap\u00e7als multiformats per l'encaixat o desencaixat de productes com robots per agilitzar els canvis de format.  Cada robot ofereix uns rendiments mitjans entre 6-8 moviments\/minut","og_url":"https:\/\/jorpack.com\/ca\/robots\/encaixadores-caixa-tipus-b1-americana\/enc-9600\/","og_site_name":"Jorpack\u00ae","article_modified_time":"2024-10-16T08:52:57+00:00","og_image":[{"width":1024,"height":1024,"url":"https:\/\/jorpack.com\/wp-content\/uploads\/2022\/05\/robot-encajador-caja-y-bandeja-jorpack-ENC-9600.jpg","type":"image\/jpeg"}],"twitter_card":"summary_large_image","twitter_misc":{"Temps estimat de lectura":"2 minuts"},"schema":{"@context":"https:\/\/schema.org","@graph":[{"@type":"WebPage","@id":"https:\/\/jorpack.com\/ca\/robots\/encaixadores-caixa-tipus-b1-americana\/enc-9600\/","url":"https:\/\/jorpack.com\/ca\/robots\/encaixadores-caixa-tipus-b1-americana\/enc-9600\/","name":"ENC-9600 - Jorpack\u00ae","isPartOf":{"@id":"https:\/\/jorpack.com\/ca\/#website"},"primaryImageOfPage":{"@id":"https:\/\/jorpack.com\/ca\/robots\/encaixadores-caixa-tipus-b1-americana\/enc-9600\/#primaryimage"},"image":{"@id":"https:\/\/jorpack.com\/ca\/robots\/encaixadores-caixa-tipus-b1-americana\/enc-9600\/#primaryimage"},"thumbnailUrl":"https:\/\/jorpack.com\/wp-content\/uploads\/2022\/05\/robot-encajador-caja-y-bandeja-jorpack-ENC-9600.jpg","datePublished":"2022-09-07T14:51:08+00:00","dateModified":"2024-10-16T08:52:57+00:00","breadcrumb":{"@id":"https:\/\/jorpack.com\/ca\/robots\/encaixadores-caixa-tipus-b1-americana\/enc-9600\/#breadcrumb"},"inLanguage":"ca","potentialAction":[{"@type":"ReadAction","target":["https:\/\/jorpack.com\/ca\/robots\/encaixadores-caixa-tipus-b1-americana\/enc-9600\/"]}]},{"@type":"ImageObject","inLanguage":"ca","@id":"https:\/\/jorpack.com\/ca\/robots\/encaixadores-caixa-tipus-b1-americana\/enc-9600\/#primaryimage","url":"https:\/\/jorpack.com\/wp-content\/uploads\/2022\/05\/robot-encajador-caja-y-bandeja-jorpack-ENC-9600.jpg","contentUrl":"https:\/\/jorpack.com\/wp-content\/uploads\/2022\/05\/robot-encajador-caja-y-bandeja-jorpack-ENC-9600.jpg","width":1024,"height":1024,"caption":"ENC9600 robot encajador"},{"@type":"BreadcrumbList","@id":"https:\/\/jorpack.com\/ca\/robots\/encaixadores-caixa-tipus-b1-americana\/enc-9600\/#breadcrumb","itemListElement":[{"@type":"ListItem","position":1,"name":"Portada","item":"https:\/\/jorpack.com\/ca\/"},{"@type":"ListItem","position":2,"name":"Tienda","item":"https:\/\/jorpack.com\/tienda\/"},{"@type":"ListItem","position":3,"name":"ENC-9600"}]},{"@type":"WebSite","@id":"https:\/\/jorpack.com\/ca\/#website","url":"https:\/\/jorpack.com\/ca\/","name":"Jorpack\u00ae","description":"Amplia selecci\u00f3n de Formadoras","publisher":{"@id":"https:\/\/jorpack.com\/ca\/#organization"},"potentialAction":[{"@type":"SearchAction","target":{"@type":"EntryPoint","urlTemplate":"https:\/\/jorpack.com\/ca\/?s={search_term_string}"},"query-input":{"@type":"PropertyValueSpecification","valueRequired":true,"valueName":"search_term_string"}}],"inLanguage":"ca"},{"@type":"Organization","@id":"https:\/\/jorpack.com\/ca\/#organization","name":"Jorpack\u00ae","url":"https:\/\/jorpack.com\/ca\/","logo":{"@type":"ImageObject","inLanguage":"ca","@id":"https:\/\/jorpack.com\/ca\/#\/schema\/logo\/image\/","url":"https:\/\/jorpack.com\/wp-content\/uploads\/2022\/03\/cropped-jorpack-logotipo.png","contentUrl":"https:\/\/jorpack.com\/wp-content\/uploads\/2022\/03\/cropped-jorpack-logotipo.png","width":500,"height":110,"caption":"Jorpack\u00ae"},"image":{"@id":"https:\/\/jorpack.com\/ca\/#\/schema\/logo\/image\/"}}]}},"_links":{"self":[{"href":"https:\/\/jorpack.com\/ca\/wp-json\/wp\/v2\/product\/3476","targetHints":{"allow":["GET"]}}],"collection":[{"href":"https:\/\/jorpack.com\/ca\/wp-json\/wp\/v2\/product"}],"about":[{"href":"https:\/\/jorpack.com\/ca\/wp-json\/wp\/v2\/types\/product"}],"wp:featuredmedia":[{"embeddable":true,"href":"https:\/\/jorpack.com\/ca\/wp-json\/wp\/v2\/media\/3039"}],"wp:attachment":[{"href":"https:\/\/jorpack.com\/ca\/wp-json\/wp\/v2\/media?parent=3476"}],"wp:term":[{"taxonomy":"sector","embeddable":true,"href":"https:\/\/jorpack.com\/ca\/wp-json\/wp\/v2\/sector?post=3476"},{"taxonomy":"product_brand","embeddable":true,"href":"https:\/\/jorpack.com\/ca\/wp-json\/wp\/v2\/product_brand?post=3476"},{"taxonomy":"product_cat","embeddable":true,"href":"https:\/\/jorpack.com\/ca\/wp-json\/wp\/v2\/product_cat?post=3476"},{"taxonomy":"product_tag","embeddable":true,"href":"https:\/\/jorpack.com\/ca\/wp-json\/wp\/v2\/product_tag?post=3476"}],"curies":[{"name":"wp","href":"https:\/\/api.w.org\/{rel}","templated":true}]}}