{"id":3469,"date":"2022-04-20T09:29:23","date_gmt":"2022-09-07T14:10:53","guid":{"rendered":"https:\/\/jorpack.com\/?post_type=product&#038;p=3469"},"modified":"2025-02-20T11:55:58","modified_gmt":"2025-02-20T11:55:58","slug":"jwa-625","status":"publish","type":"product","link":"https:\/\/jorpack.com\/ca\/encartonadores-wrap-around\/jwa-625\/","title":{"rendered":"JWA-625"},"content":{"rendered":"<div class=\"wpb-content-wrapper\"><p>[vc_section css=&#8221;.vc_custom_1650361358445{margin-top: 0px !important;}&#8221; el_class=&#8221;ficha-tecnica&#8221;][vc_row][vc_column width=&#8221;5\/6&#8243;][vc_toggle title=&#8221;Caracter\u00edstiques principals&#8221;]- Producci\u00f3 m\u00e0xima: 14 caixes\/minut.<\/p>\n<p>&#8211; Magatzem de cart\u00f3 regulable.<\/p>\n<p>&#8211; Distribu\u00efdor de producte per envasos o productes que no siguin cil\u00edndrics.[\/vc_toggle][vc_toggle title=&#8221;Tipus de caixes&#8221; el_class=&#8221;faq-palet&#8221;]<\/p>\n<div class=\"cont-flex\">\n<p style=\"text-align: left;\"><img decoding=\"async\" class=\"alignnone size-full wp-image-1699\" src=\"https:\/\/jorpack.com\/wp-content\/uploads\/2022\/04\/caja-encartonadora-wrap-around.png\" alt=\"\" width=\"181\" height=\"180\" srcset=\"https:\/\/jorpack.com\/wp-content\/uploads\/2022\/04\/caja-encartonadora-wrap-around.png 181w, https:\/\/jorpack.com\/wp-content\/uploads\/2022\/04\/caja-encartonadora-wrap-around-150x150.png 150w, https:\/\/jorpack.com\/wp-content\/uploads\/2022\/04\/caja-encartonadora-wrap-around-100x100.png 100w\" sizes=\"(max-width: 181px) 100vw, 181px\" \/><br \/>\nPlanxes de cart\u00f3 per caixes Wrap-Around<\/p>\n<p style=\"text-align: left;\"><img decoding=\"async\" class=\"alignnone size-full wp-image-1698\" src=\"https:\/\/jorpack.com\/wp-content\/uploads\/2022\/04\/bandeja-encartonadora-wrap-around.png\" alt=\"\" width=\"181\" height=\"180\" srcset=\"https:\/\/jorpack.com\/wp-content\/uploads\/2022\/04\/bandeja-encartonadora-wrap-around.png 181w, https:\/\/jorpack.com\/wp-content\/uploads\/2022\/04\/bandeja-encartonadora-wrap-around-150x150.png 150w, https:\/\/jorpack.com\/wp-content\/uploads\/2022\/04\/bandeja-encartonadora-wrap-around-100x100.png 100w\" sizes=\"(max-width: 181px) 100vw, 181px\" \/><br \/>\nPlanxes de cart\u00f3 per safates Wrap-Around<\/p>\n<\/div>\n<p>[\/vc_toggle][vc_toggle title=&#8221;Accessoris Inclosos&#8221;]- Agrupador de producte autom\u00e0tic.[\/vc_toggle][vc_toggle title=&#8221;Opcionals&#8221; el_class=&#8221;faq-palet&#8221;]<img decoding=\"async\" class=\"alignnone wp-image-2282 \" src=\"https:\/\/jorpack.com\/wp-content\/uploads\/2022\/04\/logo-jwa-625-plus.png\" alt=\"\" width=\"151\" height=\"40\" \/><\/p>\n<p>&#8211; Sistema de guies regulables<\/p>\n<p>&#8211; Opcional: insertador de reixes<\/p>\n<p>&#8211; Distribu\u00efdor de producte<\/p>\n<p>&nbsp;<\/p>\n<p><img decoding=\"async\" class=\"alignnone wp-image-2283 \" src=\"https:\/\/jorpack.com\/wp-content\/uploads\/2022\/04\/logo-jwa-625-pro.png\" alt=\"\" width=\"144\" height=\"40\" \/><\/p>\n<p>&#8211; Sistema de guies regulables<\/p>\n<p>&#8211;\u00a0Opcional: insertador de reixes<\/p>\n<p>&#8211; Distribu\u00efdor de producte<\/p>\n<p>&#8211;\u00a0Regulaci\u00f3 autom\u00e0tica: ample i altura de la m\u00e0quina[\/vc_toggle][vc_raw_html]W1Nhc3N5X1NvY2lhbF9TaGFyZSB0aXRsZT0iQ29tcGFydGVpeCJd[\/vc_raw_html][\/vc_column][vc_column width=&#8221;1\/6&#8243; offset=&#8221;vc_hidden-xs&#8221;]<div class=\"ult-content-box-container \" >\t\t<div class=\"ult-content-box\" style=\"box-shadow: px px px px none;-webkit-transition: all 700ms ease;-moz-transition: all 700ms ease;-ms-transition: all 700ms ease;-o-transition: all 700ms ease;transition: all 700ms ease;\"  data-hover_box_shadow=\"none\"    >[vc_single_image image=&#8221;645&#8243; alignment=&#8221;center&#8221; css=&#8221;.vc_custom_1648732644686{margin-bottom: 10px !important;}&#8221;][vc_column_text]<\/p>\n<p style=\"text-align: center;\"><span style=\"color: #394049;\">Fitxa t\u00e8cnica<br \/>\nDESP-4000<\/span><\/p>\n<p>[\/vc_column_text]\t\t<\/div><\/div>[\/vc_column][\/vc_row][\/vc_section][vc_section][vc_row gap=&#8221;35&#8243;][vc_column width=&#8221;3\/4&#8243; el_class=&#8221;productos-sugeridos&#8221;][vc_column_text]<\/p>\n<h3>Completa la l\u00ednia amb:<\/h3>\n<p>[\/vc_column_text][vc_basic_grid post_type=&#8221;ids&#8221; element_width=&#8221;3&#8243; gap=&#8221;35&#8243; item=&#8221;1394&#8243; grid_id=&#8221;vc_gid:1663923501390-ccc2dbe3-4ab2-4&#8243; include=&#8221;1521, 1506, 1405&#8243;][\/vc_column][vc_column width=&#8221;1\/4&#8243; el_class=&#8221;productos-relacionados&#8221;][vc_column_text]<\/p>\n<h3>Productes relacionats:<\/h3>\n<p>[\/vc_column_text][vc_column_text]<a href=\"https:\/\/www.jorpack.com\/ca\/encartonadores-wrap-around\/jwa-600 \">JWA-600<\/a><\/p>\n<p><a href=\"https:\/\/www.jorpack.com\/ca\/encartonadores-wrap-around\/jwa-2400 \">JWA-2400<\/a>[\/vc_column_text][\/vc_column][\/vc_row][\/vc_section]<\/p>\n<\/div>","protected":false},"excerpt":{"rendered":"<p>Encartonadora Autom\u00e0tica Wrap-Around<\/p>\n<p>L&#8217;encartonadora Wrap-Around JWA-625 basa el seu disseny en el model d&#8217;encartonadora JWA-600.<\/p>\n<p>\u00c9s tamb\u00e9 de funcionament intermitent per l&#8217;encaixat del mateix tipus de productes, amb la particularitat, que ofereix un millor rendiment a un nivell de producci\u00f3, amb un lleuger augment de mides exteriors, tenint dues estacions m\u00e9s que el model inferior, per\u00f2 mantenint l&#8217;efici\u00e8ncia i efic\u00e0cia en cada un dels processos d&#8217;encaixat.<\/p>\n<p>Parteix d&#8217;una planxa de cart\u00f3 la qual es forma al voltant del producte i realitza el tancament de la caixa o safata mitjan\u00e7ant l&#8217;equip d&#8217;encolat hot-melt.<\/p>\n<p>Mant\u00e9 l&#8217;ess\u00e8ncia en la introducci\u00f3 del producte mantenint a un mateix nivell.<\/p>\n<p><strong>Encartonadora Wrap-Around de disseny ergon\u00f2mic perqu\u00e8 els canvis de format siguin molt r\u00e0pids i molt senzills.<\/strong> Ofereixen un gran rendiment en el <strong>proc\u00e9s d\u2019encartonat.<\/strong><\/p>\n","protected":false},"featured_media":14834,"template":"","meta":{"_acf_changed":false},"sector":[157,158,154,153,181,171,176,159,178,180,155,150,168,173,149,169,152,182,170,163,179,156,164,183,162,187,174,177,151,161,184,189,165,175,167,160],"product_brand":[],"product_cat":[80],"product_tag":[],"class_list":{"0":"post-3469","1":"product","2":"type-product","3":"status-publish","4":"has-post-thumbnail","6":"sector-aceite","7":"sector-agua","8":"sector-alimentacion","9":"sector-automocion","10":"sector-azucar","11":"sector-bandas-depilatorias","12":"sector-blisters","13":"sector-bodegas","14":"sector-cafe","15":"sector-conservas","16":"sector-construccion","17":"sector-cosmetica","18":"sector-cremas","19":"sector-detergentes","20":"sector-embotellado","21":"sector-estuches","22":"sector-farmacia","23":"sector-galletas","24":"sector-higiene","25":"sector-horchata","26":"sector-huevos","27":"sector-jardineria","28":"sector-licores","29":"sector-packs-al","30":"sector-packs","31":"sector-pintura","32":"sector-productos-de-limpieza","33":"sector-productos-de-limpieza-2","34":"sector-quimico","35":"sector-refrescos","36":"sector-reposteria","37":"sector-semillas","38":"sector-sidra","39":"sector-sueros","40":"sector-tarros","41":"sector-zumos","42":"product_cat-encartonadores-wrap-around","44":"first","45":"instock","46":"shipping-taxable","47":"product-type-simple"},"acf":[],"yoast_head":"<!-- This site is optimized with the Yoast SEO plugin v27.2 - https:\/\/yoast.com\/product\/yoast-seo-wordpress\/ -->\n<title>JWA-625 - Jorpack\u00ae<\/title>\n<meta name=\"robots\" content=\"index, follow, max-snippet:-1, max-image-preview:large, max-video-preview:-1\" \/>\n<link rel=\"canonical\" href=\"https:\/\/jorpack.com\/ca\/encartonadores-wrap-around\/jwa-625\/\" \/>\n<meta property=\"og:locale\" content=\"ca_ES\" \/>\n<meta property=\"og:type\" content=\"article\" \/>\n<meta property=\"og:title\" content=\"JWA-625 - Jorpack\u00ae\" \/>\n<meta property=\"og:description\" content=\"Encartonadora Autom\u00e0tica Wrap-Around  L&#039;encartonadora Wrap-Around JWA-625 basa el seu disseny en el model d&#039;encartonadora JWA-600.  \u00c9s tamb\u00e9 de funcionament intermitent per l&#039;encaixat del mateix tipus de productes, amb la particularitat, que ofereix un millor rendiment a un nivell de producci\u00f3, amb un lleuger augment de mides exteriors, tenint dues estacions m\u00e9s que el model inferior, per\u00f2 mantenint l&#039;efici\u00e8ncia i efic\u00e0cia en cada un dels processos d&#039;encaixat.  Parteix d&#039;una planxa de cart\u00f3 la qual es forma al voltant del producte i realitza el tancament de la caixa o safata mitjan\u00e7ant l&#039;equip d&#039;encolat hot-melt.  Mant\u00e9 l&#039;ess\u00e8ncia en la introducci\u00f3 del producte mantenint a un mateix nivell.  Encartonadora Wrap-Around de disseny ergon\u00f2mic perqu\u00e8 els canvis de format siguin molt r\u00e0pids i molt senzills. Ofereixen un gran rendiment en el proc\u00e9s d\u2019encartonat.\" \/>\n<meta property=\"og:url\" content=\"https:\/\/jorpack.com\/ca\/encartonadores-wrap-around\/jwa-625\/\" \/>\n<meta property=\"og:site_name\" content=\"Jorpack\u00ae\" \/>\n<meta property=\"article:modified_time\" content=\"2025-02-20T11:55:58+00:00\" \/>\n<meta property=\"og:image\" content=\"https:\/\/jorpack.com\/wp-content\/uploads\/2022\/04\/img-encartonadora-automatica-wrap-around-intermitente-jorpack-JWA-625.jpg\" \/>\n\t<meta property=\"og:image:width\" content=\"1080\" \/>\n\t<meta property=\"og:image:height\" content=\"1080\" \/>\n\t<meta property=\"og:image:type\" content=\"image\/jpeg\" \/>\n<meta name=\"twitter:card\" content=\"summary_large_image\" \/>\n<meta name=\"twitter:label1\" content=\"Temps estimat de lectura\" \/>\n\t<meta name=\"twitter:data1\" content=\"2 minuts\" \/>\n<script type=\"application\/ld+json\" class=\"yoast-schema-graph\">{\"@context\":\"https:\/\/schema.org\",\"@graph\":[{\"@type\":\"WebPage\",\"@id\":\"https:\/\/jorpack.com\/ca\/encartonadores-wrap-around\/jwa-625\/\",\"url\":\"https:\/\/jorpack.com\/ca\/encartonadores-wrap-around\/jwa-625\/\",\"name\":\"JWA-625 - Jorpack\u00ae\",\"isPartOf\":{\"@id\":\"https:\/\/jorpack.com\/ca\/#website\"},\"primaryImageOfPage\":{\"@id\":\"https:\/\/jorpack.com\/ca\/encartonadores-wrap-around\/jwa-625\/#primaryimage\"},\"image\":{\"@id\":\"https:\/\/jorpack.com\/ca\/encartonadores-wrap-around\/jwa-625\/#primaryimage\"},\"thumbnailUrl\":\"https:\/\/jorpack.com\/wp-content\/uploads\/2022\/04\/encartonadora-automatica-wrap-around-de-funcionamiento-intermitente-jorpack-JWA-625.webp\",\"datePublished\":\"2022-09-07T14:10:53+00:00\",\"dateModified\":\"2025-02-20T11:55:58+00:00\",\"breadcrumb\":{\"@id\":\"https:\/\/jorpack.com\/ca\/encartonadores-wrap-around\/jwa-625\/#breadcrumb\"},\"inLanguage\":\"ca\",\"potentialAction\":[{\"@type\":\"ReadAction\",\"target\":[\"https:\/\/jorpack.com\/ca\/encartonadores-wrap-around\/jwa-625\/\"]}]},{\"@type\":\"ImageObject\",\"inLanguage\":\"ca\",\"@id\":\"https:\/\/jorpack.com\/ca\/encartonadores-wrap-around\/jwa-625\/#primaryimage\",\"url\":\"https:\/\/jorpack.com\/wp-content\/uploads\/2022\/04\/encartonadora-automatica-wrap-around-de-funcionamiento-intermitente-jorpack-JWA-625.webp\",\"contentUrl\":\"https:\/\/jorpack.com\/wp-content\/uploads\/2022\/04\/encartonadora-automatica-wrap-around-de-funcionamiento-intermitente-jorpack-JWA-625.webp\",\"width\":1080,\"height\":1080,\"caption\":\"encartonadora-automatica-wrap-around-de-funcionamiento-intermitente-jorpack-JWA-625\"},{\"@type\":\"BreadcrumbList\",\"@id\":\"https:\/\/jorpack.com\/ca\/encartonadores-wrap-around\/jwa-625\/#breadcrumb\",\"itemListElement\":[{\"@type\":\"ListItem\",\"position\":1,\"name\":\"Portada\",\"item\":\"https:\/\/jorpack.com\/ca\/\"},{\"@type\":\"ListItem\",\"position\":2,\"name\":\"Tienda\",\"item\":\"https:\/\/jorpack.com\/tienda\/\"},{\"@type\":\"ListItem\",\"position\":3,\"name\":\"JWA-625\"}]},{\"@type\":\"WebSite\",\"@id\":\"https:\/\/jorpack.com\/ca\/#website\",\"url\":\"https:\/\/jorpack.com\/ca\/\",\"name\":\"Jorpack\u00ae\",\"description\":\"Amplia selecci\u00f3n de Formadoras\",\"publisher\":{\"@id\":\"https:\/\/jorpack.com\/ca\/#organization\"},\"potentialAction\":[{\"@type\":\"SearchAction\",\"target\":{\"@type\":\"EntryPoint\",\"urlTemplate\":\"https:\/\/jorpack.com\/ca\/?s={search_term_string}\"},\"query-input\":{\"@type\":\"PropertyValueSpecification\",\"valueRequired\":true,\"valueName\":\"search_term_string\"}}],\"inLanguage\":\"ca\"},{\"@type\":\"Organization\",\"@id\":\"https:\/\/jorpack.com\/ca\/#organization\",\"name\":\"Jorpack\u00ae\",\"url\":\"https:\/\/jorpack.com\/ca\/\",\"logo\":{\"@type\":\"ImageObject\",\"inLanguage\":\"ca\",\"@id\":\"https:\/\/jorpack.com\/ca\/#\/schema\/logo\/image\/\",\"url\":\"https:\/\/jorpack.com\/wp-content\/uploads\/2022\/03\/cropped-jorpack-logotipo.png\",\"contentUrl\":\"https:\/\/jorpack.com\/wp-content\/uploads\/2022\/03\/cropped-jorpack-logotipo.png\",\"width\":500,\"height\":110,\"caption\":\"Jorpack\u00ae\"},\"image\":{\"@id\":\"https:\/\/jorpack.com\/ca\/#\/schema\/logo\/image\/\"}}]}<\/script>\n<!-- \/ Yoast SEO plugin. -->","yoast_head_json":{"title":"JWA-625 - Jorpack\u00ae","robots":{"index":"index","follow":"follow","max-snippet":"max-snippet:-1","max-image-preview":"max-image-preview:large","max-video-preview":"max-video-preview:-1"},"canonical":"https:\/\/jorpack.com\/ca\/encartonadores-wrap-around\/jwa-625\/","og_locale":"ca_ES","og_type":"article","og_title":"JWA-625 - Jorpack\u00ae","og_description":"Encartonadora Autom\u00e0tica Wrap-Around  L'encartonadora Wrap-Around JWA-625 basa el seu disseny en el model d'encartonadora JWA-600.  \u00c9s tamb\u00e9 de funcionament intermitent per l'encaixat del mateix tipus de productes, amb la particularitat, que ofereix un millor rendiment a un nivell de producci\u00f3, amb un lleuger augment de mides exteriors, tenint dues estacions m\u00e9s que el model inferior, per\u00f2 mantenint l'efici\u00e8ncia i efic\u00e0cia en cada un dels processos d'encaixat.  Parteix d'una planxa de cart\u00f3 la qual es forma al voltant del producte i realitza el tancament de la caixa o safata mitjan\u00e7ant l'equip d'encolat hot-melt.  Mant\u00e9 l'ess\u00e8ncia en la introducci\u00f3 del producte mantenint a un mateix nivell.  Encartonadora Wrap-Around de disseny ergon\u00f2mic perqu\u00e8 els canvis de format siguin molt r\u00e0pids i molt senzills. Ofereixen un gran rendiment en el proc\u00e9s d\u2019encartonat.","og_url":"https:\/\/jorpack.com\/ca\/encartonadores-wrap-around\/jwa-625\/","og_site_name":"Jorpack\u00ae","article_modified_time":"2025-02-20T11:55:58+00:00","og_image":[{"width":1080,"height":1080,"url":"https:\/\/jorpack.com\/wp-content\/uploads\/2022\/04\/img-encartonadora-automatica-wrap-around-intermitente-jorpack-JWA-625.jpg","type":"image\/jpeg"}],"twitter_card":"summary_large_image","twitter_misc":{"Temps estimat de lectura":"2 minuts"},"schema":{"@context":"https:\/\/schema.org","@graph":[{"@type":"WebPage","@id":"https:\/\/jorpack.com\/ca\/encartonadores-wrap-around\/jwa-625\/","url":"https:\/\/jorpack.com\/ca\/encartonadores-wrap-around\/jwa-625\/","name":"JWA-625 - Jorpack\u00ae","isPartOf":{"@id":"https:\/\/jorpack.com\/ca\/#website"},"primaryImageOfPage":{"@id":"https:\/\/jorpack.com\/ca\/encartonadores-wrap-around\/jwa-625\/#primaryimage"},"image":{"@id":"https:\/\/jorpack.com\/ca\/encartonadores-wrap-around\/jwa-625\/#primaryimage"},"thumbnailUrl":"https:\/\/jorpack.com\/wp-content\/uploads\/2022\/04\/encartonadora-automatica-wrap-around-de-funcionamiento-intermitente-jorpack-JWA-625.webp","datePublished":"2022-09-07T14:10:53+00:00","dateModified":"2025-02-20T11:55:58+00:00","breadcrumb":{"@id":"https:\/\/jorpack.com\/ca\/encartonadores-wrap-around\/jwa-625\/#breadcrumb"},"inLanguage":"ca","potentialAction":[{"@type":"ReadAction","target":["https:\/\/jorpack.com\/ca\/encartonadores-wrap-around\/jwa-625\/"]}]},{"@type":"ImageObject","inLanguage":"ca","@id":"https:\/\/jorpack.com\/ca\/encartonadores-wrap-around\/jwa-625\/#primaryimage","url":"https:\/\/jorpack.com\/wp-content\/uploads\/2022\/04\/encartonadora-automatica-wrap-around-de-funcionamiento-intermitente-jorpack-JWA-625.webp","contentUrl":"https:\/\/jorpack.com\/wp-content\/uploads\/2022\/04\/encartonadora-automatica-wrap-around-de-funcionamiento-intermitente-jorpack-JWA-625.webp","width":1080,"height":1080,"caption":"encartonadora-automatica-wrap-around-de-funcionamiento-intermitente-jorpack-JWA-625"},{"@type":"BreadcrumbList","@id":"https:\/\/jorpack.com\/ca\/encartonadores-wrap-around\/jwa-625\/#breadcrumb","itemListElement":[{"@type":"ListItem","position":1,"name":"Portada","item":"https:\/\/jorpack.com\/ca\/"},{"@type":"ListItem","position":2,"name":"Tienda","item":"https:\/\/jorpack.com\/tienda\/"},{"@type":"ListItem","position":3,"name":"JWA-625"}]},{"@type":"WebSite","@id":"https:\/\/jorpack.com\/ca\/#website","url":"https:\/\/jorpack.com\/ca\/","name":"Jorpack\u00ae","description":"Amplia selecci\u00f3n de Formadoras","publisher":{"@id":"https:\/\/jorpack.com\/ca\/#organization"},"potentialAction":[{"@type":"SearchAction","target":{"@type":"EntryPoint","urlTemplate":"https:\/\/jorpack.com\/ca\/?s={search_term_string}"},"query-input":{"@type":"PropertyValueSpecification","valueRequired":true,"valueName":"search_term_string"}}],"inLanguage":"ca"},{"@type":"Organization","@id":"https:\/\/jorpack.com\/ca\/#organization","name":"Jorpack\u00ae","url":"https:\/\/jorpack.com\/ca\/","logo":{"@type":"ImageObject","inLanguage":"ca","@id":"https:\/\/jorpack.com\/ca\/#\/schema\/logo\/image\/","url":"https:\/\/jorpack.com\/wp-content\/uploads\/2022\/03\/cropped-jorpack-logotipo.png","contentUrl":"https:\/\/jorpack.com\/wp-content\/uploads\/2022\/03\/cropped-jorpack-logotipo.png","width":500,"height":110,"caption":"Jorpack\u00ae"},"image":{"@id":"https:\/\/jorpack.com\/ca\/#\/schema\/logo\/image\/"}}]}},"_links":{"self":[{"href":"https:\/\/jorpack.com\/ca\/wp-json\/wp\/v2\/product\/3469","targetHints":{"allow":["GET"]}}],"collection":[{"href":"https:\/\/jorpack.com\/ca\/wp-json\/wp\/v2\/product"}],"about":[{"href":"https:\/\/jorpack.com\/ca\/wp-json\/wp\/v2\/types\/product"}],"wp:featuredmedia":[{"embeddable":true,"href":"https:\/\/jorpack.com\/ca\/wp-json\/wp\/v2\/media\/14834"}],"wp:attachment":[{"href":"https:\/\/jorpack.com\/ca\/wp-json\/wp\/v2\/media?parent=3469"}],"wp:term":[{"taxonomy":"sector","embeddable":true,"href":"https:\/\/jorpack.com\/ca\/wp-json\/wp\/v2\/sector?post=3469"},{"taxonomy":"product_brand","embeddable":true,"href":"https:\/\/jorpack.com\/ca\/wp-json\/wp\/v2\/product_brand?post=3469"},{"taxonomy":"product_cat","embeddable":true,"href":"https:\/\/jorpack.com\/ca\/wp-json\/wp\/v2\/product_cat?post=3469"},{"taxonomy":"product_tag","embeddable":true,"href":"https:\/\/jorpack.com\/ca\/wp-json\/wp\/v2\/product_tag?post=3469"}],"curies":[{"name":"wp","href":"https:\/\/api.w.org\/{rel}","templated":true}]}}