{"id":3465,"date":"2022-04-20T09:31:42","date_gmt":"2022-09-07T13:44:26","guid":{"rendered":"https:\/\/jorpack.com\/?post_type=product&#038;p=3465"},"modified":"2024-10-16T09:31:08","modified_gmt":"2024-10-16T09:31:08","slug":"pli-2000","status":"publish","type":"product","link":"https:\/\/jorpack.com\/ca\/paletitzadors\/pli-2000\/","title":{"rendered":"PLI-2000"},"content":{"rendered":"<div class=\"wpb-content-wrapper\"><p>[vc_section css=&#8221;.vc_custom_1650361358445{margin-top: 0px !important;}&#8221; el_class=&#8221;ficha-tecnica&#8221;][vc_row][vc_column width=&#8221;5\/6&#8243;][vc_toggle title=&#8221;Opcions del paletitzador&#8221;]-\u00a0Palets tipus Europeus (800\u00d71200)<\/p>\n<p>&#8211;\u00a0Palets tipus Americans (1000\u00d71200)<\/p>\n<p>&#8211;\u00a0Mig palet<\/p>\n<p>&#8211;\u00a0Quart de palet[\/vc_toggle][vc_toggle title=&#8221;Exemple de producte a paletitzar&#8221; el_class=&#8221;faq-palet&#8221;]<\/p>\n<div class=\"cont-flex\">\n<p style=\"text-align: left;\"><img decoding=\"async\" class=\"alignnone size-medium wp-image-1728\" src=\"https:\/\/jorpack.com\/wp-content\/uploads\/2022\/04\/icono-cajas-de-carton-300x300.png\" alt=\"\" width=\"300\" height=\"300\" srcset=\"https:\/\/jorpack.com\/wp-content\/uploads\/2022\/04\/icono-cajas-de-carton-300x300.png 300w, https:\/\/jorpack.com\/wp-content\/uploads\/2022\/04\/icono-cajas-de-carton-150x150.png 150w, https:\/\/jorpack.com\/wp-content\/uploads\/2022\/04\/icono-cajas-de-carton-100x100.png 100w, https:\/\/jorpack.com\/wp-content\/uploads\/2022\/04\/icono-cajas-de-carton.png 541w\" sizes=\"(max-width: 300px) 100vw, 300px\" \/><br \/>\nCaixes de cart\u00f3<\/p>\n<p style=\"text-align: left;\"><img decoding=\"async\" class=\"alignnone size-medium wp-image-1726\" src=\"https:\/\/jorpack.com\/wp-content\/uploads\/2022\/04\/icono-bandeja-display-2-300x300.png\" alt=\"\" width=\"300\" height=\"300\" srcset=\"https:\/\/jorpack.com\/wp-content\/uploads\/2022\/04\/icono-bandeja-display-2-300x300.png 300w, https:\/\/jorpack.com\/wp-content\/uploads\/2022\/04\/icono-bandeja-display-2-150x150.png 150w, https:\/\/jorpack.com\/wp-content\/uploads\/2022\/04\/icono-bandeja-display-2-100x100.png 100w, https:\/\/jorpack.com\/wp-content\/uploads\/2022\/04\/icono-bandeja-display-2.png 540w\" sizes=\"(max-width: 300px) 100vw, 300px\" \/><br \/>\nSafates displays<\/p>\n<p style=\"text-align: left;\"><img decoding=\"async\" class=\"alignnone size-medium wp-image-1729\" src=\"https:\/\/jorpack.com\/wp-content\/uploads\/2022\/04\/icono-packs-retracilados-300x300.png\" alt=\"\" width=\"300\" height=\"300\" srcset=\"https:\/\/jorpack.com\/wp-content\/uploads\/2022\/04\/icono-packs-retracilados-300x300.png 300w, https:\/\/jorpack.com\/wp-content\/uploads\/2022\/04\/icono-packs-retracilados-150x150.png 150w, https:\/\/jorpack.com\/wp-content\/uploads\/2022\/04\/icono-packs-retracilados-100x100.png 100w, https:\/\/jorpack.com\/wp-content\/uploads\/2022\/04\/icono-packs-retracilados.png 541w\" sizes=\"(max-width: 300px) 100vw, 300px\" \/><br \/>\nPacks o packs de retr\u00e0ctil<\/p>\n<p style=\"text-align: left;\"><img decoding=\"async\" class=\"alignnone size-medium wp-image-1727\" src=\"https:\/\/jorpack.com\/wp-content\/uploads\/2022\/04\/icono-caja-producto-retornable-300x300.png\" alt=\"\" width=\"300\" height=\"300\" srcset=\"https:\/\/jorpack.com\/wp-content\/uploads\/2022\/04\/icono-caja-producto-retornable-300x300.png 300w, https:\/\/jorpack.com\/wp-content\/uploads\/2022\/04\/icono-caja-producto-retornable-150x150.png 150w, https:\/\/jorpack.com\/wp-content\/uploads\/2022\/04\/icono-caja-producto-retornable-100x100.png 100w, https:\/\/jorpack.com\/wp-content\/uploads\/2022\/04\/icono-caja-producto-retornable.png 541w\" sizes=\"(max-width: 300px) 100vw, 300px\" \/><br \/>\nCaixes de Pl\u00e0stic de Producte Retornable<\/p>\n<p><img decoding=\"async\" class=\"alignnone size-medium wp-image-1731\" src=\"https:\/\/jorpack.com\/wp-content\/uploads\/2022\/04\/icono-saco-300x300.png\" alt=\"\" width=\"300\" height=\"300\" srcset=\"https:\/\/jorpack.com\/wp-content\/uploads\/2022\/04\/icono-saco-300x300.png 300w, https:\/\/jorpack.com\/wp-content\/uploads\/2022\/04\/icono-saco-150x150.png 150w, https:\/\/jorpack.com\/wp-content\/uploads\/2022\/04\/icono-saco-100x100.png 100w, https:\/\/jorpack.com\/wp-content\/uploads\/2022\/04\/icono-saco.png 541w\" sizes=\"(max-width: 300px) 100vw, 300px\" \/><br \/>\nSacs<\/p>\n<\/div>\n<p>[\/vc_toggle][vc_toggle title=&#8221;Accessoris Inclosos&#8221;]- Inclou transportador d&#8217;entrada de producte per paletitzar.<\/p>\n<p>&#8211; Inclou conjunt de proteccions i barreres de seguretat segons la normativa CE.<\/p>\n<p>&#8211; Inclou magatzem de palets vuits[\/vc_toggle][vc_toggle title=&#8221;Opcionals&#8221;]- Opci\u00f3 d&#8217;inseridor de cart\u00f3 entre capes.<\/p>\n<p>&#8211; Transportador de rodets d&#8217;acumulaci\u00f3 addicionals.[\/vc_toggle][vc_raw_html]W1Nhc3N5X1NvY2lhbF9TaGFyZSB0aXRsZT0iQ29tcGFydGVpeCJd[\/vc_raw_html][\/vc_column][vc_column width=&#8221;1\/6&#8243; offset=&#8221;vc_hidden-xs&#8221;]<div class=\"ult-content-box-container \" >\t\t<div class=\"ult-content-box\" style=\"box-shadow: px px px px none;-webkit-transition: all 700ms ease;-moz-transition: all 700ms ease;-ms-transition: all 700ms ease;-o-transition: all 700ms ease;transition: all 700ms ease;\"  data-hover_box_shadow=\"none\"    >[vc_single_image image=&#8221;645&#8243; alignment=&#8221;center&#8221; css=&#8221;.vc_custom_1648732644686{margin-bottom: 10px !important;}&#8221;][vc_column_text]<\/p>\n<p style=\"text-align: center;\"><span style=\"color: #394049;\">Fitxa t\u00e8cnica<br \/>\nDESP-4000<\/span><\/p>\n<p>[\/vc_column_text]\t\t<\/div><\/div>[\/vc_column][\/vc_row][\/vc_section][vc_section][vc_row gap=&#8221;35&#8243;][vc_column width=&#8221;3\/4&#8243; el_class=&#8221;productos-sugeridos&#8221;][vc_column_text]<\/p>\n<h3>Completa la l\u00ednia amb:<\/h3>\n<p>[\/vc_column_text][vc_basic_grid post_type=&#8221;ids&#8221; element_width=&#8221;3&#8243; gap=&#8221;35&#8243; item=&#8221;1394&#8243; grid_id=&#8221;vc_gid:1663923095234-c6de456c-05ab-0&#8243; include=&#8221;1517, 1502, 1493&#8243;][\/vc_column][vc_column width=&#8221;1\/4&#8243; el_class=&#8221;productos-relacionados&#8221;][vc_column_text]<\/p>\n<h3>Productes relacionats:<\/h3>\n<p>[\/vc_column_text][vc_column_text]<a href=\"https:\/\/www.jorpack.com\/ca\/paletitzadors\/man-6000 \">MAN-6000<\/a><\/p>\n<p><a href=\"https:\/\/www.jorpack.com\/ca\/paletitzadors\/serie-9600 \">Serie-9600<\/a>[\/vc_column_text][\/vc_column][\/vc_row][\/vc_section]<\/p>\n<\/div>","protected":false},"excerpt":{"rendered":"<p>Paletitzador autom\u00e0tic<\/p>\n<p>El Paletitzador autom\u00e0tic convencional PLI-2000 Jorpack es caracteritza per ser un equip de construcci\u00f3 modular. La c\u00e0rrega del producte es realitza per la part inferior, treballant al mateix nivell per no fer malb\u00e9 el producte.<\/p>\n<p>Aquest model de paletitzat satisf\u00e0 produccions mitjanes-altes.<\/p>\n<p>Incorpora un magatzem de palets per dosificar a la zona base de paletitzaci\u00f3, els palets, previ a l&#8217;inici de la paletitzaci\u00f3.<\/p>\n<p>El canvi de format, com a la resta de la gamma de solucions paletitzadores Jorpack es realitza de manera autom\u00e0tica.<\/p>\n<p>En destaca la senzillesa, la simplicitat en el maneig i la versatilitat.<\/p>\n<p>El mateix usuari de la m\u00e0quina paletitzadora pot crear un nou mosaic de paletitzat segons futures necessitats.<\/p>\n","protected":false},"featured_media":3033,"template":"","meta":{"_acf_changed":false},"sector":[157,158,154,153,181,171,176,159,178,188,180,155,150,168,172,166,173,149,169,152,182,170,163,179,156,164,186,162,183,187,174,177,151,161,184,185,189,165,175,167,160],"product_brand":[],"product_cat":[79],"product_tag":[],"class_list":{"0":"post-3465","1":"product","2":"type-product","3":"status-publish","4":"has-post-thumbnail","6":"sector-aceite","7":"sector-agua","8":"sector-alimentacion","9":"sector-automocion","10":"sector-azucar","11":"sector-bandas-depilatorias","12":"sector-blisters","13":"sector-bodegas","14":"sector-cafe","15":"sector-ceramica","16":"sector-conservas","17":"sector-construccion","18":"sector-cosmetica","19":"sector-cremas","20":"sector-decoracion-envases-2","21":"sector-decoracion-envases","22":"sector-detergentes","23":"sector-embotellado","24":"sector-estuches","25":"sector-farmacia","26":"sector-galletas","27":"sector-higiene","28":"sector-horchata","29":"sector-huevos","30":"sector-jardineria","31":"sector-licores","32":"sector-madera","33":"sector-packs","34":"sector-packs-al","35":"sector-pintura","36":"sector-productos-de-limpieza","37":"sector-productos-de-limpieza-2","38":"sector-quimico","39":"sector-refrescos","40":"sector-reposteria","41":"sector-sacos","42":"sector-semillas","43":"sector-sidra","44":"sector-sueros","45":"sector-tarros","46":"sector-zumos","47":"product_cat-paletitzadors","49":"first","50":"instock","51":"shipping-taxable","52":"product-type-simple"},"acf":[],"yoast_head":"<!-- This site is optimized with the Yoast SEO plugin v27.4 - https:\/\/yoast.com\/product\/yoast-seo-wordpress\/ -->\n<title>PLI-2000 - Jorpack\u00ae<\/title>\n<meta name=\"robots\" content=\"index, follow, max-snippet:-1, max-image-preview:large, max-video-preview:-1\" \/>\n<link rel=\"canonical\" href=\"https:\/\/jorpack.com\/ca\/paletitzadors\/pli-2000\/\" \/>\n<meta property=\"og:locale\" content=\"ca_ES\" \/>\n<meta property=\"og:type\" content=\"article\" \/>\n<meta property=\"og:title\" content=\"PLI-2000 - Jorpack\u00ae\" \/>\n<meta property=\"og:description\" content=\"Paletitzador autom\u00e0tic  El Paletitzador autom\u00e0tic convencional PLI-2000 Jorpack es caracteritza per ser un equip de construcci\u00f3 modular. La c\u00e0rrega del producte es realitza per la part inferior, treballant al mateix nivell per no fer malb\u00e9 el producte.  Aquest model de paletitzat satisf\u00e0 produccions mitjanes-altes.  Incorpora un magatzem de palets per dosificar a la zona base de paletitzaci\u00f3, els palets, previ a l&#039;inici de la paletitzaci\u00f3.  El canvi de format, com a la resta de la gamma de solucions paletitzadores Jorpack es realitza de manera autom\u00e0tica.  En destaca la senzillesa, la simplicitat en el maneig i la versatilitat.  El mateix usuari de la m\u00e0quina paletitzadora pot crear un nou mosaic de paletitzat segons futures necessitats.\" \/>\n<meta property=\"og:url\" content=\"https:\/\/jorpack.com\/ca\/paletitzadors\/pli-2000\/\" \/>\n<meta property=\"og:site_name\" content=\"Jorpack\u00ae\" \/>\n<meta property=\"article:modified_time\" content=\"2024-10-16T09:31:08+00:00\" \/>\n<meta property=\"og:image\" content=\"https:\/\/jorpack.com\/wp-content\/uploads\/2022\/05\/paletizador-automatico-jorpack-pli-2000-1.jpg\" \/>\n\t<meta property=\"og:image:width\" content=\"1024\" \/>\n\t<meta property=\"og:image:height\" content=\"1024\" \/>\n\t<meta property=\"og:image:type\" content=\"image\/jpeg\" \/>\n<meta name=\"twitter:card\" content=\"summary_large_image\" \/>\n<meta name=\"twitter:label1\" content=\"Temps estimat de lectura\" \/>\n\t<meta name=\"twitter:data1\" content=\"2 minuts\" \/>\n<script type=\"application\/ld+json\" class=\"yoast-schema-graph\">{\"@context\":\"https:\\\/\\\/schema.org\",\"@graph\":[{\"@type\":\"WebPage\",\"@id\":\"https:\\\/\\\/jorpack.com\\\/ca\\\/paletitzadors\\\/pli-2000\\\/\",\"url\":\"https:\\\/\\\/jorpack.com\\\/ca\\\/paletitzadors\\\/pli-2000\\\/\",\"name\":\"PLI-2000 - Jorpack\u00ae\",\"isPartOf\":{\"@id\":\"https:\\\/\\\/jorpack.com\\\/ca\\\/#website\"},\"primaryImageOfPage\":{\"@id\":\"https:\\\/\\\/jorpack.com\\\/ca\\\/paletitzadors\\\/pli-2000\\\/#primaryimage\"},\"image\":{\"@id\":\"https:\\\/\\\/jorpack.com\\\/ca\\\/paletitzadors\\\/pli-2000\\\/#primaryimage\"},\"thumbnailUrl\":\"https:\\\/\\\/jorpack.com\\\/wp-content\\\/uploads\\\/2022\\\/05\\\/paletizador-automatico-jorpack-pli-2000-1.jpg\",\"datePublished\":\"2022-09-07T13:44:26+00:00\",\"dateModified\":\"2024-10-16T09:31:08+00:00\",\"breadcrumb\":{\"@id\":\"https:\\\/\\\/jorpack.com\\\/ca\\\/paletitzadors\\\/pli-2000\\\/#breadcrumb\"},\"inLanguage\":\"ca\",\"potentialAction\":[{\"@type\":\"ReadAction\",\"target\":[\"https:\\\/\\\/jorpack.com\\\/ca\\\/paletitzadors\\\/pli-2000\\\/\"]}]},{\"@type\":\"ImageObject\",\"inLanguage\":\"ca\",\"@id\":\"https:\\\/\\\/jorpack.com\\\/ca\\\/paletitzadors\\\/pli-2000\\\/#primaryimage\",\"url\":\"https:\\\/\\\/jorpack.com\\\/wp-content\\\/uploads\\\/2022\\\/05\\\/paletizador-automatico-jorpack-pli-2000-1.jpg\",\"contentUrl\":\"https:\\\/\\\/jorpack.com\\\/wp-content\\\/uploads\\\/2022\\\/05\\\/paletizador-automatico-jorpack-pli-2000-1.jpg\",\"width\":1024,\"height\":1024,\"caption\":\"paletizador autom\u00e1tico de jorpack PLI 2000\"},{\"@type\":\"BreadcrumbList\",\"@id\":\"https:\\\/\\\/jorpack.com\\\/ca\\\/paletitzadors\\\/pli-2000\\\/#breadcrumb\",\"itemListElement\":[{\"@type\":\"ListItem\",\"position\":1,\"name\":\"Portada\",\"item\":\"https:\\\/\\\/jorpack.com\\\/ca\\\/\"},{\"@type\":\"ListItem\",\"position\":2,\"name\":\"Tienda\",\"item\":\"https:\\\/\\\/jorpack.com\\\/tienda\\\/\"},{\"@type\":\"ListItem\",\"position\":3,\"name\":\"PLI-2000\"}]},{\"@type\":\"WebSite\",\"@id\":\"https:\\\/\\\/jorpack.com\\\/ca\\\/#website\",\"url\":\"https:\\\/\\\/jorpack.com\\\/ca\\\/\",\"name\":\"Jorpack\u00ae\",\"description\":\"Amplia selecci\u00f3n de Formadoras\",\"publisher\":{\"@id\":\"https:\\\/\\\/jorpack.com\\\/ca\\\/#organization\"},\"potentialAction\":[{\"@type\":\"SearchAction\",\"target\":{\"@type\":\"EntryPoint\",\"urlTemplate\":\"https:\\\/\\\/jorpack.com\\\/ca\\\/?s={search_term_string}\"},\"query-input\":{\"@type\":\"PropertyValueSpecification\",\"valueRequired\":true,\"valueName\":\"search_term_string\"}}],\"inLanguage\":\"ca\"},{\"@type\":\"Organization\",\"@id\":\"https:\\\/\\\/jorpack.com\\\/ca\\\/#organization\",\"name\":\"Jorpack\u00ae\",\"url\":\"https:\\\/\\\/jorpack.com\\\/ca\\\/\",\"logo\":{\"@type\":\"ImageObject\",\"inLanguage\":\"ca\",\"@id\":\"https:\\\/\\\/jorpack.com\\\/ca\\\/#\\\/schema\\\/logo\\\/image\\\/\",\"url\":\"https:\\\/\\\/jorpack.com\\\/wp-content\\\/uploads\\\/2022\\\/03\\\/cropped-jorpack-logotipo.png\",\"contentUrl\":\"https:\\\/\\\/jorpack.com\\\/wp-content\\\/uploads\\\/2022\\\/03\\\/cropped-jorpack-logotipo.png\",\"width\":500,\"height\":110,\"caption\":\"Jorpack\u00ae\"},\"image\":{\"@id\":\"https:\\\/\\\/jorpack.com\\\/ca\\\/#\\\/schema\\\/logo\\\/image\\\/\"}}]}<\/script>\n<!-- \/ Yoast SEO plugin. -->","yoast_head_json":{"title":"PLI-2000 - Jorpack\u00ae","robots":{"index":"index","follow":"follow","max-snippet":"max-snippet:-1","max-image-preview":"max-image-preview:large","max-video-preview":"max-video-preview:-1"},"canonical":"https:\/\/jorpack.com\/ca\/paletitzadors\/pli-2000\/","og_locale":"ca_ES","og_type":"article","og_title":"PLI-2000 - Jorpack\u00ae","og_description":"Paletitzador autom\u00e0tic  El Paletitzador autom\u00e0tic convencional PLI-2000 Jorpack es caracteritza per ser un equip de construcci\u00f3 modular. La c\u00e0rrega del producte es realitza per la part inferior, treballant al mateix nivell per no fer malb\u00e9 el producte.  Aquest model de paletitzat satisf\u00e0 produccions mitjanes-altes.  Incorpora un magatzem de palets per dosificar a la zona base de paletitzaci\u00f3, els palets, previ a l'inici de la paletitzaci\u00f3.  El canvi de format, com a la resta de la gamma de solucions paletitzadores Jorpack es realitza de manera autom\u00e0tica.  En destaca la senzillesa, la simplicitat en el maneig i la versatilitat.  El mateix usuari de la m\u00e0quina paletitzadora pot crear un nou mosaic de paletitzat segons futures necessitats.","og_url":"https:\/\/jorpack.com\/ca\/paletitzadors\/pli-2000\/","og_site_name":"Jorpack\u00ae","article_modified_time":"2024-10-16T09:31:08+00:00","og_image":[{"width":1024,"height":1024,"url":"https:\/\/jorpack.com\/wp-content\/uploads\/2022\/05\/paletizador-automatico-jorpack-pli-2000-1.jpg","type":"image\/jpeg"}],"twitter_card":"summary_large_image","twitter_misc":{"Temps estimat de lectura":"2 minuts"},"schema":{"@context":"https:\/\/schema.org","@graph":[{"@type":"WebPage","@id":"https:\/\/jorpack.com\/ca\/paletitzadors\/pli-2000\/","url":"https:\/\/jorpack.com\/ca\/paletitzadors\/pli-2000\/","name":"PLI-2000 - Jorpack\u00ae","isPartOf":{"@id":"https:\/\/jorpack.com\/ca\/#website"},"primaryImageOfPage":{"@id":"https:\/\/jorpack.com\/ca\/paletitzadors\/pli-2000\/#primaryimage"},"image":{"@id":"https:\/\/jorpack.com\/ca\/paletitzadors\/pli-2000\/#primaryimage"},"thumbnailUrl":"https:\/\/jorpack.com\/wp-content\/uploads\/2022\/05\/paletizador-automatico-jorpack-pli-2000-1.jpg","datePublished":"2022-09-07T13:44:26+00:00","dateModified":"2024-10-16T09:31:08+00:00","breadcrumb":{"@id":"https:\/\/jorpack.com\/ca\/paletitzadors\/pli-2000\/#breadcrumb"},"inLanguage":"ca","potentialAction":[{"@type":"ReadAction","target":["https:\/\/jorpack.com\/ca\/paletitzadors\/pli-2000\/"]}]},{"@type":"ImageObject","inLanguage":"ca","@id":"https:\/\/jorpack.com\/ca\/paletitzadors\/pli-2000\/#primaryimage","url":"https:\/\/jorpack.com\/wp-content\/uploads\/2022\/05\/paletizador-automatico-jorpack-pli-2000-1.jpg","contentUrl":"https:\/\/jorpack.com\/wp-content\/uploads\/2022\/05\/paletizador-automatico-jorpack-pli-2000-1.jpg","width":1024,"height":1024,"caption":"paletizador autom\u00e1tico de jorpack PLI 2000"},{"@type":"BreadcrumbList","@id":"https:\/\/jorpack.com\/ca\/paletitzadors\/pli-2000\/#breadcrumb","itemListElement":[{"@type":"ListItem","position":1,"name":"Portada","item":"https:\/\/jorpack.com\/ca\/"},{"@type":"ListItem","position":2,"name":"Tienda","item":"https:\/\/jorpack.com\/tienda\/"},{"@type":"ListItem","position":3,"name":"PLI-2000"}]},{"@type":"WebSite","@id":"https:\/\/jorpack.com\/ca\/#website","url":"https:\/\/jorpack.com\/ca\/","name":"Jorpack\u00ae","description":"Amplia selecci\u00f3n de Formadoras","publisher":{"@id":"https:\/\/jorpack.com\/ca\/#organization"},"potentialAction":[{"@type":"SearchAction","target":{"@type":"EntryPoint","urlTemplate":"https:\/\/jorpack.com\/ca\/?s={search_term_string}"},"query-input":{"@type":"PropertyValueSpecification","valueRequired":true,"valueName":"search_term_string"}}],"inLanguage":"ca"},{"@type":"Organization","@id":"https:\/\/jorpack.com\/ca\/#organization","name":"Jorpack\u00ae","url":"https:\/\/jorpack.com\/ca\/","logo":{"@type":"ImageObject","inLanguage":"ca","@id":"https:\/\/jorpack.com\/ca\/#\/schema\/logo\/image\/","url":"https:\/\/jorpack.com\/wp-content\/uploads\/2022\/03\/cropped-jorpack-logotipo.png","contentUrl":"https:\/\/jorpack.com\/wp-content\/uploads\/2022\/03\/cropped-jorpack-logotipo.png","width":500,"height":110,"caption":"Jorpack\u00ae"},"image":{"@id":"https:\/\/jorpack.com\/ca\/#\/schema\/logo\/image\/"}}]}},"_links":{"self":[{"href":"https:\/\/jorpack.com\/ca\/wp-json\/wp\/v2\/product\/3465","targetHints":{"allow":["GET"]}}],"collection":[{"href":"https:\/\/jorpack.com\/ca\/wp-json\/wp\/v2\/product"}],"about":[{"href":"https:\/\/jorpack.com\/ca\/wp-json\/wp\/v2\/types\/product"}],"wp:featuredmedia":[{"embeddable":true,"href":"https:\/\/jorpack.com\/ca\/wp-json\/wp\/v2\/media\/3033"}],"wp:attachment":[{"href":"https:\/\/jorpack.com\/ca\/wp-json\/wp\/v2\/media?parent=3465"}],"wp:term":[{"taxonomy":"sector","embeddable":true,"href":"https:\/\/jorpack.com\/ca\/wp-json\/wp\/v2\/sector?post=3465"},{"taxonomy":"product_brand","embeddable":true,"href":"https:\/\/jorpack.com\/ca\/wp-json\/wp\/v2\/product_brand?post=3465"},{"taxonomy":"product_cat","embeddable":true,"href":"https:\/\/jorpack.com\/ca\/wp-json\/wp\/v2\/product_cat?post=3465"},{"taxonomy":"product_tag","embeddable":true,"href":"https:\/\/jorpack.com\/ca\/wp-json\/wp\/v2\/product_tag?post=3465"}],"curies":[{"name":"wp","href":"https:\/\/api.w.org\/{rel}","templated":true}]}}