{"id":3459,"date":"2022-04-20T09:41:52","date_gmt":"2022-09-07T11:58:49","guid":{"rendered":"https:\/\/jorpack.com\/?post_type=product&#038;p=3459"},"modified":"2024-10-16T12:51:25","modified_gmt":"2024-10-16T12:51:25","slug":"jenf-300","status":"publish","type":"product","link":"https:\/\/jorpack.com\/ca\/enfardadora-retractil\/jenf-300\/","title":{"rendered":"JENF-300"},"content":{"rendered":"<div class=\"wpb-content-wrapper\"><p>[vc_section css=&#8221;.vc_custom_1650361358445{margin-top: 0px !important;}&#8221; el_class=&#8221;ficha-tecnica&#8221;][vc_row][vc_column width=&#8221;5\/6&#8243;][vc_toggle title=&#8221;Producci\u00f3&#8221;]150 palets\/hora[\/vc_toggle][vc_toggle title=&#8221;Accessoris Inclosos&#8221; el_class=&#8221;faq-palet&#8221;]<\/p>\n<div class=\"cont-flex\">\n<p style=\"text-align: left;\"><img decoding=\"async\" class=\"alignnone size-medium wp-image-1458\" src=\"https:\/\/jorpack.com\/wp-content\/uploads\/2022\/04\/icono-rollo-de-film-preestiro-enfardadora-1-300x300.png\" alt=\"\" width=\"300\" height=\"300\" srcset=\"https:\/\/jorpack.com\/wp-content\/uploads\/2022\/04\/icono-rollo-de-film-preestiro-enfardadora-1-300x300.png 300w, https:\/\/jorpack.com\/wp-content\/uploads\/2022\/04\/icono-rollo-de-film-preestiro-enfardadora-1-150x150.png 150w, https:\/\/jorpack.com\/wp-content\/uploads\/2022\/04\/icono-rollo-de-film-preestiro-enfardadora-1-100x100.png 100w, https:\/\/jorpack.com\/wp-content\/uploads\/2022\/04\/icono-rollo-de-film-preestiro-enfardadora-1.png 540w\" sizes=\"(max-width: 300px) 100vw, 300px\" \/><br \/>\nPre-estiro motoritzat<\/p>\n<p style=\"text-align: left;\"><img decoding=\"async\" class=\"alignnone size-medium wp-image-1730\" src=\"https:\/\/jorpack.com\/wp-content\/uploads\/2022\/04\/icono-protecciones-y-barreras-seguridad-300x300.png\" alt=\"\" width=\"300\" height=\"300\" srcset=\"https:\/\/jorpack.com\/wp-content\/uploads\/2022\/04\/icono-protecciones-y-barreras-seguridad-300x300.png 300w, https:\/\/jorpack.com\/wp-content\/uploads\/2022\/04\/icono-protecciones-y-barreras-seguridad-150x150.png 150w, https:\/\/jorpack.com\/wp-content\/uploads\/2022\/04\/icono-protecciones-y-barreras-seguridad-100x100.png 100w, https:\/\/jorpack.com\/wp-content\/uploads\/2022\/04\/icono-protecciones-y-barreras-seguridad.png 540w\" sizes=\"(max-width: 300px) 100vw, 300px\" \/><br \/>\nConjunt de Proteccions i Barreres de seguretat segons normativa CE<\/p>\n<\/div>\n<p>[\/vc_toggle][vc_toggle title=&#8221;Opcionals&#8221;]- Soldador de contra-platina[\/vc_toggle][vc_raw_html]W1Nhc3N5X1NvY2lhbF9TaGFyZSB0aXRsZT0iQ29tcGFydGVpeCJd[\/vc_raw_html][\/vc_column][vc_column width=&#8221;1\/6&#8243; offset=&#8221;vc_hidden-xs&#8221;]<div class=\"ult-content-box-container \" >\t\t<div class=\"ult-content-box\" style=\"box-shadow: px px px px none;-webkit-transition: all 700ms ease;-moz-transition: all 700ms ease;-ms-transition: all 700ms ease;-o-transition: all 700ms ease;transition: all 700ms ease;\"  data-hover_box_shadow=\"none\"    >[vc_single_image image=&#8221;645&#8243; alignment=&#8221;center&#8221; css=&#8221;.vc_custom_1648732644686{margin-bottom: 10px !important;}&#8221;][vc_column_text]<\/p>\n<p style=\"text-align: center;\"><span style=\"color: #394049;\">Fitxa t\u00e8cnica<br \/>\nDESP-4000<\/span><\/p>\n<p>[\/vc_column_text]\t\t<\/div><\/div>[\/vc_column][\/vc_row][\/vc_section][vc_section][vc_row gap=&#8221;35&#8243;][vc_column width=&#8221;3\/4&#8243; el_class=&#8221;productos-sugeridos&#8221;][vc_column_text]<\/p>\n<h3>Completa la l\u00ednia amb:<\/h3>\n<p>[\/vc_column_text][vc_basic_grid post_type=&#8221;ids&#8221; element_width=&#8221;3&#8243; gap=&#8221;35&#8243; item=&#8221;1394&#8243; grid_id=&#8221;vc_gid:1663922376459-c4fab230-043d-0&#8243; include=&#8221;1510, 1504&#8243;][\/vc_column][vc_column width=&#8221;1\/4&#8243; el_class=&#8221;productos-relacionados&#8221;][vc_column_text]<\/p>\n<h3>Productes relacionats:<\/h3>\n<p>[\/vc_column_text][vc_column_text]<a href=\"http:\/\/www.jorpack.com\/ca\/enfardadora-retractil\/enf-200 \">JENF-200<\/a>[\/vc_column_text][\/vc_column][\/vc_row][\/vc_section]<\/p>\n<\/div>","protected":false},"excerpt":{"rendered":"<p>Enfardadora de Palets<\/p>\n<p>Embolicadora o enfardadora autom\u00e0tica de palets de bra\u00e7 rotant Jorpack JENF-300.<\/p>\n<p>L&#8217;arrencada i la parada del bra\u00e7 rotant \u00e9s progressiu i inclou un dispositiu per la regulaci\u00f3 electr\u00f2nica de la velocitat de la rotaci\u00f3 del bra\u00e7.<\/p>\n<p>Les enfardadores autom\u00e0tiques JENF-300 incorporen una regulaci\u00f3 electr\u00f2nica de la velocitat de pujada i baixada del grup de porta bobines, per permetre d&#8217;aquesta forma, un enfardat amb diferents espirals.<\/p>\n<p>Aquest model de m\u00e0quina embolicadora permet regular el nombre de voltes d&#8217;enfardat programables separadament, tant en la part superior, com la inferior de la c\u00e0rrega.<\/p>\n<p>Les embolicadores autom\u00e0tiques de Jorpack JENF-300 tenen un doble grup de pin\u00e7a i tall del film.<\/p>\n","protected":false},"featured_media":9191,"template":"","meta":{"_acf_changed":false},"sector":[157,158,154,153,181,171,176,159,178,188,180,155,150,168,172,166,173,149,169,152,182,170,163,179,156,164,186,162,183,187,174,177,151,161,184,185,189,165,175,167,160],"product_brand":[],"product_cat":[84],"product_tag":[],"class_list":{"0":"post-3459","1":"product","2":"type-product","3":"status-publish","4":"has-post-thumbnail","6":"sector-aceite","7":"sector-agua","8":"sector-alimentacion","9":"sector-automocion","10":"sector-azucar","11":"sector-bandas-depilatorias","12":"sector-blisters","13":"sector-bodegas","14":"sector-cafe","15":"sector-ceramica","16":"sector-conservas","17":"sector-construccion","18":"sector-cosmetica","19":"sector-cremas","20":"sector-decoracion-envases-2","21":"sector-decoracion-envases","22":"sector-detergentes","23":"sector-embotellado","24":"sector-estuches","25":"sector-farmacia","26":"sector-galletas","27":"sector-higiene","28":"sector-horchata","29":"sector-huevos","30":"sector-jardineria","31":"sector-licores","32":"sector-madera","33":"sector-packs","34":"sector-packs-al","35":"sector-pintura","36":"sector-productos-de-limpieza","37":"sector-productos-de-limpieza-2","38":"sector-quimico","39":"sector-refrescos","40":"sector-reposteria","41":"sector-sacos","42":"sector-semillas","43":"sector-sidra","44":"sector-sueros","45":"sector-tarros","46":"sector-zumos","47":"product_cat-enfardadores-de-palets-i-retractiladores","49":"first","50":"instock","51":"shipping-taxable","52":"product-type-simple"},"acf":[],"yoast_head":"<!-- This site is optimized with the Yoast SEO plugin v27.2 - https:\/\/yoast.com\/product\/yoast-seo-wordpress\/ -->\n<title>JENF-300 - Jorpack\u00ae<\/title>\n<meta name=\"robots\" content=\"index, follow, max-snippet:-1, max-image-preview:large, max-video-preview:-1\" \/>\n<link rel=\"canonical\" href=\"https:\/\/jorpack.com\/ca\/enfardadora-retractil\/jenf-300\/\" \/>\n<meta property=\"og:locale\" content=\"ca_ES\" \/>\n<meta property=\"og:type\" content=\"article\" \/>\n<meta property=\"og:title\" content=\"JENF-300 - Jorpack\u00ae\" \/>\n<meta property=\"og:description\" content=\"Enfardadora de Palets  Embolicadora o enfardadora autom\u00e0tica de palets de bra\u00e7 rotant Jorpack JENF-300.  L&#039;arrencada i la parada del bra\u00e7 rotant \u00e9s progressiu i inclou un dispositiu per la regulaci\u00f3 electr\u00f2nica de la velocitat de la rotaci\u00f3 del bra\u00e7.  Les enfardadores autom\u00e0tiques JENF-300 incorporen una regulaci\u00f3 electr\u00f2nica de la velocitat de pujada i baixada del grup de porta bobines, per permetre d&#039;aquesta forma, un enfardat amb diferents espirals.  Aquest model de m\u00e0quina embolicadora permet regular el nombre de voltes d&#039;enfardat programables separadament, tant en la part superior, com la inferior de la c\u00e0rrega.  Les embolicadores autom\u00e0tiques de Jorpack JENF-300 tenen un doble grup de pin\u00e7a i tall del film.\" \/>\n<meta property=\"og:url\" content=\"https:\/\/jorpack.com\/ca\/enfardadora-retractil\/jenf-300\/\" \/>\n<meta property=\"og:site_name\" content=\"Jorpack\u00ae\" \/>\n<meta property=\"article:modified_time\" content=\"2024-10-16T12:51:25+00:00\" \/>\n<meta property=\"og:image\" content=\"https:\/\/jorpack.com\/wp-content\/uploads\/2024\/09\/enfardadora-de-palets-de-brazo-rotante-jorpack-JENF-300-01-scaled.webp\" \/>\n\t<meta property=\"og:image:width\" content=\"2560\" \/>\n\t<meta property=\"og:image:height\" content=\"2560\" \/>\n\t<meta property=\"og:image:type\" content=\"image\/webp\" \/>\n<meta name=\"twitter:card\" content=\"summary_large_image\" \/>\n<meta name=\"twitter:label1\" content=\"Temps estimat de lectura\" \/>\n\t<meta name=\"twitter:data1\" content=\"1 minut\" \/>\n<script type=\"application\/ld+json\" class=\"yoast-schema-graph\">{\"@context\":\"https:\/\/schema.org\",\"@graph\":[{\"@type\":\"WebPage\",\"@id\":\"https:\/\/jorpack.com\/ca\/enfardadora-retractil\/jenf-300\/\",\"url\":\"https:\/\/jorpack.com\/ca\/enfardadora-retractil\/jenf-300\/\",\"name\":\"JENF-300 - Jorpack\u00ae\",\"isPartOf\":{\"@id\":\"https:\/\/jorpack.com\/ca\/#website\"},\"primaryImageOfPage\":{\"@id\":\"https:\/\/jorpack.com\/ca\/enfardadora-retractil\/jenf-300\/#primaryimage\"},\"image\":{\"@id\":\"https:\/\/jorpack.com\/ca\/enfardadora-retractil\/jenf-300\/#primaryimage\"},\"thumbnailUrl\":\"https:\/\/jorpack.com\/wp-content\/uploads\/2024\/09\/enfardadora-de-palets-de-brazo-rotante-jorpack-JENF-300-01-scaled.webp\",\"datePublished\":\"2022-09-07T11:58:49+00:00\",\"dateModified\":\"2024-10-16T12:51:25+00:00\",\"breadcrumb\":{\"@id\":\"https:\/\/jorpack.com\/ca\/enfardadora-retractil\/jenf-300\/#breadcrumb\"},\"inLanguage\":\"ca\",\"potentialAction\":[{\"@type\":\"ReadAction\",\"target\":[\"https:\/\/jorpack.com\/ca\/enfardadora-retractil\/jenf-300\/\"]}]},{\"@type\":\"ImageObject\",\"inLanguage\":\"ca\",\"@id\":\"https:\/\/jorpack.com\/ca\/enfardadora-retractil\/jenf-300\/#primaryimage\",\"url\":\"https:\/\/jorpack.com\/wp-content\/uploads\/2024\/09\/enfardadora-de-palets-de-brazo-rotante-jorpack-JENF-300-01-scaled.webp\",\"contentUrl\":\"https:\/\/jorpack.com\/wp-content\/uploads\/2024\/09\/enfardadora-de-palets-de-brazo-rotante-jorpack-JENF-300-01-scaled.webp\",\"width\":2560,\"height\":2560,\"caption\":\"enfardadora JENF300\"},{\"@type\":\"BreadcrumbList\",\"@id\":\"https:\/\/jorpack.com\/ca\/enfardadora-retractil\/jenf-300\/#breadcrumb\",\"itemListElement\":[{\"@type\":\"ListItem\",\"position\":1,\"name\":\"Portada\",\"item\":\"https:\/\/jorpack.com\/ca\/\"},{\"@type\":\"ListItem\",\"position\":2,\"name\":\"Tienda\",\"item\":\"https:\/\/jorpack.com\/tienda\/\"},{\"@type\":\"ListItem\",\"position\":3,\"name\":\"JENF-300\"}]},{\"@type\":\"WebSite\",\"@id\":\"https:\/\/jorpack.com\/ca\/#website\",\"url\":\"https:\/\/jorpack.com\/ca\/\",\"name\":\"Jorpack\u00ae\",\"description\":\"Amplia selecci\u00f3n de Formadoras\",\"publisher\":{\"@id\":\"https:\/\/jorpack.com\/ca\/#organization\"},\"potentialAction\":[{\"@type\":\"SearchAction\",\"target\":{\"@type\":\"EntryPoint\",\"urlTemplate\":\"https:\/\/jorpack.com\/ca\/?s={search_term_string}\"},\"query-input\":{\"@type\":\"PropertyValueSpecification\",\"valueRequired\":true,\"valueName\":\"search_term_string\"}}],\"inLanguage\":\"ca\"},{\"@type\":\"Organization\",\"@id\":\"https:\/\/jorpack.com\/ca\/#organization\",\"name\":\"Jorpack\u00ae\",\"url\":\"https:\/\/jorpack.com\/ca\/\",\"logo\":{\"@type\":\"ImageObject\",\"inLanguage\":\"ca\",\"@id\":\"https:\/\/jorpack.com\/ca\/#\/schema\/logo\/image\/\",\"url\":\"https:\/\/jorpack.com\/wp-content\/uploads\/2022\/03\/cropped-jorpack-logotipo.png\",\"contentUrl\":\"https:\/\/jorpack.com\/wp-content\/uploads\/2022\/03\/cropped-jorpack-logotipo.png\",\"width\":500,\"height\":110,\"caption\":\"Jorpack\u00ae\"},\"image\":{\"@id\":\"https:\/\/jorpack.com\/ca\/#\/schema\/logo\/image\/\"}}]}<\/script>\n<!-- \/ Yoast SEO plugin. -->","yoast_head_json":{"title":"JENF-300 - Jorpack\u00ae","robots":{"index":"index","follow":"follow","max-snippet":"max-snippet:-1","max-image-preview":"max-image-preview:large","max-video-preview":"max-video-preview:-1"},"canonical":"https:\/\/jorpack.com\/ca\/enfardadora-retractil\/jenf-300\/","og_locale":"ca_ES","og_type":"article","og_title":"JENF-300 - Jorpack\u00ae","og_description":"Enfardadora de Palets  Embolicadora o enfardadora autom\u00e0tica de palets de bra\u00e7 rotant Jorpack JENF-300.  L'arrencada i la parada del bra\u00e7 rotant \u00e9s progressiu i inclou un dispositiu per la regulaci\u00f3 electr\u00f2nica de la velocitat de la rotaci\u00f3 del bra\u00e7.  Les enfardadores autom\u00e0tiques JENF-300 incorporen una regulaci\u00f3 electr\u00f2nica de la velocitat de pujada i baixada del grup de porta bobines, per permetre d'aquesta forma, un enfardat amb diferents espirals.  Aquest model de m\u00e0quina embolicadora permet regular el nombre de voltes d'enfardat programables separadament, tant en la part superior, com la inferior de la c\u00e0rrega.  Les embolicadores autom\u00e0tiques de Jorpack JENF-300 tenen un doble grup de pin\u00e7a i tall del film.","og_url":"https:\/\/jorpack.com\/ca\/enfardadora-retractil\/jenf-300\/","og_site_name":"Jorpack\u00ae","article_modified_time":"2024-10-16T12:51:25+00:00","og_image":[{"width":2560,"height":2560,"url":"https:\/\/jorpack.com\/wp-content\/uploads\/2024\/09\/enfardadora-de-palets-de-brazo-rotante-jorpack-JENF-300-01-scaled.webp","type":"image\/webp"}],"twitter_card":"summary_large_image","twitter_misc":{"Temps estimat de lectura":"1 minut"},"schema":{"@context":"https:\/\/schema.org","@graph":[{"@type":"WebPage","@id":"https:\/\/jorpack.com\/ca\/enfardadora-retractil\/jenf-300\/","url":"https:\/\/jorpack.com\/ca\/enfardadora-retractil\/jenf-300\/","name":"JENF-300 - Jorpack\u00ae","isPartOf":{"@id":"https:\/\/jorpack.com\/ca\/#website"},"primaryImageOfPage":{"@id":"https:\/\/jorpack.com\/ca\/enfardadora-retractil\/jenf-300\/#primaryimage"},"image":{"@id":"https:\/\/jorpack.com\/ca\/enfardadora-retractil\/jenf-300\/#primaryimage"},"thumbnailUrl":"https:\/\/jorpack.com\/wp-content\/uploads\/2024\/09\/enfardadora-de-palets-de-brazo-rotante-jorpack-JENF-300-01-scaled.webp","datePublished":"2022-09-07T11:58:49+00:00","dateModified":"2024-10-16T12:51:25+00:00","breadcrumb":{"@id":"https:\/\/jorpack.com\/ca\/enfardadora-retractil\/jenf-300\/#breadcrumb"},"inLanguage":"ca","potentialAction":[{"@type":"ReadAction","target":["https:\/\/jorpack.com\/ca\/enfardadora-retractil\/jenf-300\/"]}]},{"@type":"ImageObject","inLanguage":"ca","@id":"https:\/\/jorpack.com\/ca\/enfardadora-retractil\/jenf-300\/#primaryimage","url":"https:\/\/jorpack.com\/wp-content\/uploads\/2024\/09\/enfardadora-de-palets-de-brazo-rotante-jorpack-JENF-300-01-scaled.webp","contentUrl":"https:\/\/jorpack.com\/wp-content\/uploads\/2024\/09\/enfardadora-de-palets-de-brazo-rotante-jorpack-JENF-300-01-scaled.webp","width":2560,"height":2560,"caption":"enfardadora JENF300"},{"@type":"BreadcrumbList","@id":"https:\/\/jorpack.com\/ca\/enfardadora-retractil\/jenf-300\/#breadcrumb","itemListElement":[{"@type":"ListItem","position":1,"name":"Portada","item":"https:\/\/jorpack.com\/ca\/"},{"@type":"ListItem","position":2,"name":"Tienda","item":"https:\/\/jorpack.com\/tienda\/"},{"@type":"ListItem","position":3,"name":"JENF-300"}]},{"@type":"WebSite","@id":"https:\/\/jorpack.com\/ca\/#website","url":"https:\/\/jorpack.com\/ca\/","name":"Jorpack\u00ae","description":"Amplia selecci\u00f3n de Formadoras","publisher":{"@id":"https:\/\/jorpack.com\/ca\/#organization"},"potentialAction":[{"@type":"SearchAction","target":{"@type":"EntryPoint","urlTemplate":"https:\/\/jorpack.com\/ca\/?s={search_term_string}"},"query-input":{"@type":"PropertyValueSpecification","valueRequired":true,"valueName":"search_term_string"}}],"inLanguage":"ca"},{"@type":"Organization","@id":"https:\/\/jorpack.com\/ca\/#organization","name":"Jorpack\u00ae","url":"https:\/\/jorpack.com\/ca\/","logo":{"@type":"ImageObject","inLanguage":"ca","@id":"https:\/\/jorpack.com\/ca\/#\/schema\/logo\/image\/","url":"https:\/\/jorpack.com\/wp-content\/uploads\/2022\/03\/cropped-jorpack-logotipo.png","contentUrl":"https:\/\/jorpack.com\/wp-content\/uploads\/2022\/03\/cropped-jorpack-logotipo.png","width":500,"height":110,"caption":"Jorpack\u00ae"},"image":{"@id":"https:\/\/jorpack.com\/ca\/#\/schema\/logo\/image\/"}}]}},"_links":{"self":[{"href":"https:\/\/jorpack.com\/ca\/wp-json\/wp\/v2\/product\/3459","targetHints":{"allow":["GET"]}}],"collection":[{"href":"https:\/\/jorpack.com\/ca\/wp-json\/wp\/v2\/product"}],"about":[{"href":"https:\/\/jorpack.com\/ca\/wp-json\/wp\/v2\/types\/product"}],"wp:featuredmedia":[{"embeddable":true,"href":"https:\/\/jorpack.com\/ca\/wp-json\/wp\/v2\/media\/9191"}],"wp:attachment":[{"href":"https:\/\/jorpack.com\/ca\/wp-json\/wp\/v2\/media?parent=3459"}],"wp:term":[{"taxonomy":"sector","embeddable":true,"href":"https:\/\/jorpack.com\/ca\/wp-json\/wp\/v2\/sector?post=3459"},{"taxonomy":"product_brand","embeddable":true,"href":"https:\/\/jorpack.com\/ca\/wp-json\/wp\/v2\/product_brand?post=3459"},{"taxonomy":"product_cat","embeddable":true,"href":"https:\/\/jorpack.com\/ca\/wp-json\/wp\/v2\/product_cat?post=3459"},{"taxonomy":"product_tag","embeddable":true,"href":"https:\/\/jorpack.com\/ca\/wp-json\/wp\/v2\/product_tag?post=3459"}],"curies":[{"name":"wp","href":"https:\/\/api.w.org\/{rel}","templated":true}]}}