{"id":3455,"date":"2022-04-20T09:50:23","date_gmt":"2022-09-07T11:22:34","guid":{"rendered":"https:\/\/jorpack.com\/?post_type=product&#038;p=3455"},"modified":"2025-02-20T11:32:30","modified_gmt":"2025-02-20T11:32:30","slug":"enc-850","status":"publish","type":"product","link":"https:\/\/jorpack.com\/ca\/encaixadores-caixa-tipus-b1-americana\/enc-850\/","title":{"rendered":"ENC-850"},"content":{"rendered":"<div class=\"wpb-content-wrapper\"><p>[vc_section css=&#8221;.vc_custom_1650361358445{margin-top: 0px !important;}&#8221; el_class=&#8221;ficha-tecnica&#8221;][vc_row][vc_column width=&#8221;5\/6&#8243;][vc_toggle title=&#8221;M\u00e9s informaci\u00f3&#8221;]Possibilitat d&#8217;incloure a l&#8217;encaixadora un distribu\u00efdor de producte per no fer malb\u00e9 el producte, ni etiquetes a la classificaci\u00f3 dels diferents carrils de producte, abans de realitzar els diferents grups d&#8217;envasos segons el format a encaixar.<\/p>\n<p>Inclou transportador d\u2019entrada o sortida de producte i transportador d\u2019entrada o sortida de cart\u00f3 o safata.<\/p>\n<p>La versatilitat que ofereix aquest model d&#8217;encaixat Jorpack permet fer la funci\u00f3 de m\u00e0quina encaixadora de productes o b\u00e9 la funci\u00f3 inversa, \u00e9s a dir, desencaixadora de productes.<\/p>\n<p>La funci\u00f3 de desencaixat se sol utilitzar molt per a la reutilitzaci\u00f3 d&#8217;envasos de vidre, que tornen a ser rentats per promoure la sostenibilitat dels envasos.[\/vc_toggle][vc_toggle title=&#8221;Producci\u00f3&#8221;]250 cicles\/hora[\/vc_toggle][vc_toggle title=&#8221;Accessoris Inclosos&#8221;]- Inclou graella centradora de caixes per a la m\u00e0xima precisi\u00f3 de l&#8217;encaixat o desencaixat del producte.[\/vc_toggle][vc_toggle title=&#8221;Opcionals&#8221; el_class=&#8221;faq-palet&#8221;]<\/p>\n<div class=\"cont-flex\">\n<p style=\"text-align: left;\"><img decoding=\"async\" class=\"alignnone size-full wp-image-1697\" src=\"https:\/\/jorpack.com\/wp-content\/uploads\/2022\/04\/parillas-centradoras-encajadoras-b1.png\" alt=\"\" width=\"181\" height=\"180\" srcset=\"https:\/\/jorpack.com\/wp-content\/uploads\/2022\/04\/parillas-centradoras-encajadoras-b1.png 181w, https:\/\/jorpack.com\/wp-content\/uploads\/2022\/04\/parillas-centradoras-encajadoras-b1-150x150.png 150w, https:\/\/jorpack.com\/wp-content\/uploads\/2022\/04\/parillas-centradoras-encajadoras-b1-100x100.png 100w\" sizes=\"(max-width: 181px) 100vw, 181px\" \/><br \/>\nGraelles centradores especials per les caixes de cart\u00f3 amb reixeta incorporada.<\/p>\n<p style=\"text-align: left;\"><img decoding=\"async\" class=\"alignnone size-full wp-image-1692\" src=\"https:\/\/jorpack.com\/wp-content\/uploads\/2022\/04\/cabezal-encajado-multiformato-encajadoras-b1.png\" alt=\"\" width=\"180\" height=\"180\" srcset=\"https:\/\/jorpack.com\/wp-content\/uploads\/2022\/04\/cabezal-encajado-multiformato-encajadoras-b1.png 180w, https:\/\/jorpack.com\/wp-content\/uploads\/2022\/04\/cabezal-encajado-multiformato-encajadoras-b1-150x150.png 150w, https:\/\/jorpack.com\/wp-content\/uploads\/2022\/04\/cabezal-encajado-multiformato-encajadoras-b1-100x100.png 100w\" sizes=\"(max-width: 180px) 100vw, 180px\" \/><br \/>\nCap\u00e7al d&#8217;encaixat multiformat.<\/p>\n<p style=\"text-align: left;\"><img decoding=\"async\" class=\"alignnone size-full wp-image-1693\" src=\"https:\/\/jorpack.com\/wp-content\/uploads\/2022\/04\/distribuidor-producto-para-clasificar-envases-encajado-b1.png\" alt=\"\" width=\"181\" height=\"180\" srcset=\"https:\/\/jorpack.com\/wp-content\/uploads\/2022\/04\/distribuidor-producto-para-clasificar-envases-encajado-b1.png 181w, https:\/\/jorpack.com\/wp-content\/uploads\/2022\/04\/distribuidor-producto-para-clasificar-envases-encajado-b1-150x150.png 150w, https:\/\/jorpack.com\/wp-content\/uploads\/2022\/04\/distribuidor-producto-para-clasificar-envases-encajado-b1-100x100.png 100w\" sizes=\"(max-width: 181px) 100vw, 181px\" \/><br \/>\nDistribu\u00efdor de producte pel classificat dels envasos en els diferents carrils previs a la seva posterior agrupaci\u00f3 en els diferents formats.<\/p>\n<p style=\"text-align: left;\"><img decoding=\"async\" class=\"alignnone size-full wp-image-1694\" src=\"https:\/\/jorpack.com\/wp-content\/uploads\/2022\/04\/insertador-de-cestas-encajado-b1.png\" alt=\"\" width=\"181\" height=\"180\" srcset=\"https:\/\/jorpack.com\/wp-content\/uploads\/2022\/04\/insertador-de-cestas-encajado-b1.png 181w, https:\/\/jorpack.com\/wp-content\/uploads\/2022\/04\/insertador-de-cestas-encajado-b1-150x150.png 150w, https:\/\/jorpack.com\/wp-content\/uploads\/2022\/04\/insertador-de-cestas-encajado-b1-100x100.png 100w\" sizes=\"(max-width: 181px) 100vw, 181px\" \/><br \/>\nInseridor de cistelles a les caixes de cart\u00f3, previ a l&#8217;encaixat de producte.<\/p>\n<\/div>\n<p>[\/vc_toggle][vc_raw_html]W1Nhc3N5X1NvY2lhbF9TaGFyZSB0aXRsZT0iQ29tcGFydGVpeCJd[\/vc_raw_html][\/vc_column][vc_column width=&#8221;1\/6&#8243;][vc_single_image image=&#8221;4344&#8243; add_caption=&#8221;yes&#8221; alignment=&#8221;center&#8221;]<div class=\"ult-content-box-container \" >\t\t<div class=\"ult-content-box\" style=\"box-shadow: px px px px none;-webkit-transition: all 700ms ease;-moz-transition: all 700ms ease;-ms-transition: all 700ms ease;-o-transition: all 700ms ease;transition: all 700ms ease;\"  data-hover_box_shadow=\"none\"    >[vc_single_image image=&#8221;645&#8243; alignment=&#8221;center&#8221; css=&#8221;.vc_custom_1648732644686{margin-bottom: 10px !important;}&#8221;][vc_column_text]<\/p>\n<p style=\"text-align: center;\"><span style=\"color: #394049;\">Fitxa t\u00e8cnica<br \/>\nDESP-4000<\/span><\/p>\n<p>[\/vc_column_text]\t\t<\/div><\/div>[\/vc_column][\/vc_row][\/vc_section][vc_section][vc_row gap=&#8221;35&#8243;][vc_column width=&#8221;3\/4&#8243; el_class=&#8221;productos-sugeridos&#8221;][vc_column_text]<\/p>\n<h3>Completa la l\u00ednia amb:<\/h3>\n<p>[\/vc_column_text][vc_basic_grid post_type=&#8221;ids&#8221; element_width=&#8221;3&#8243; gap=&#8221;35&#8243; item=&#8221;1394&#8243; grid_id=&#8221;vc_gid:1663921942041-11f0a67a-8242-10&#8243; include=&#8221;1532, 1536, 1409&#8243;][\/vc_column][vc_column width=&#8221;1\/4&#8243; el_class=&#8221;productos-relacionados&#8221;][vc_column_text]<\/p>\n<h3>Productes relacionats:<\/h3>\n<p>[\/vc_column_text][vc_column_text]<a href=\"https:\/\/www.jorpack.com\/ca\/encaixadores-caixa-tipus-b1-americana\/mb-875 \">MB-875<\/a><\/p>\n<p><a href=\"https:\/\/www.jorpack.com\/ca\/encaixadores-caixa-tipus-b1-americana\/enc-9500 \">ENC-9500<\/a><\/p>\n<p><a href=\"https:\/\/www.jorpack.com\/ca\/robots\/encaixadores-caixa-tipus-b1-americana\/enc-9600 \">ENC-9600<\/a>[\/vc_column_text][\/vc_column][\/vc_row][\/vc_section]<\/p>\n<\/div>","protected":false},"excerpt":{"rendered":"<p>Encaixadora \u2013 Desencaixadora Mec\u00e0nica<\/p>\n<p>Les encaixadores \u2013 desencaixadores autom\u00e0tiques de Jorpack destaquen per les seves redu\u00efdes dimensions.<\/p>\n<p>La seva funci\u00f3 principal \u00e9s encaixar o desencaixar qualsevol env\u00e0s que sigui susceptible de ser encaixonat o desencaixonat dins d&#8217;una caixa de cart\u00f3 tipus B1, una safata display o una caixa de pl\u00e0stic de producte retornable.<\/p>\n<p>L&#8217;encaixonadora de Jorpack ENC-850 permet incorporar diferents cap\u00e7als a la mateixa m\u00e0quina, o b\u00e9 incorporar un cap\u00e7al regulable multiformat, per evitar canvis de format.<\/p>\n<p><strong>Els canvis de format s\u00f3n molt breus i amb regulaci\u00f3 per ser m\u00e9s simples i \u00e0gils.<\/strong><\/p>\n","protected":false},"featured_media":14701,"template":"","meta":{"_acf_changed":false},"sector":[157,158,154,153,181,171,176,159,178,180,155,150,168,173,149,169,152,182,170,163,179,156,164,187,174,177,151,161,184,189,165,175,167,160],"product_brand":[],"product_cat":[81],"product_tag":[],"class_list":{"0":"post-3455","1":"product","2":"type-product","3":"status-publish","4":"has-post-thumbnail","6":"sector-aceite","7":"sector-agua","8":"sector-alimentacion","9":"sector-automocion","10":"sector-azucar","11":"sector-bandas-depilatorias","12":"sector-blisters","13":"sector-bodegas","14":"sector-cafe","15":"sector-conservas","16":"sector-construccion","17":"sector-cosmetica","18":"sector-cremas","19":"sector-detergentes","20":"sector-embotellado","21":"sector-estuches","22":"sector-farmacia","23":"sector-galletas","24":"sector-higiene","25":"sector-horchata","26":"sector-huevos","27":"sector-jardineria","28":"sector-licores","29":"sector-pintura","30":"sector-productos-de-limpieza","31":"sector-productos-de-limpieza-2","32":"sector-quimico","33":"sector-refrescos","34":"sector-reposteria","35":"sector-semillas","36":"sector-sidra","37":"sector-sueros","38":"sector-tarros","39":"sector-zumos","40":"product_cat-encaixadores-tipus-b1","42":"first","43":"instock","44":"shipping-taxable","45":"product-type-simple"},"acf":[],"yoast_head":"<!-- This site is optimized with the Yoast SEO plugin v27.2 - https:\/\/yoast.com\/product\/yoast-seo-wordpress\/ -->\n<title>ENC-850 - Jorpack\u00ae<\/title>\n<meta name=\"robots\" content=\"index, follow, max-snippet:-1, max-image-preview:large, max-video-preview:-1\" \/>\n<link rel=\"canonical\" href=\"https:\/\/jorpack.com\/ca\/encaixadores-caixa-tipus-b1-americana\/enc-850\/\" \/>\n<meta property=\"og:locale\" content=\"ca_ES\" \/>\n<meta property=\"og:type\" content=\"article\" \/>\n<meta property=\"og:title\" content=\"ENC-850 - Jorpack\u00ae\" \/>\n<meta property=\"og:description\" content=\"Encaixadora \u2013 Desencaixadora Mec\u00e0nica  Les encaixadores \u2013 desencaixadores autom\u00e0tiques de Jorpack destaquen per les seves redu\u00efdes dimensions.  La seva funci\u00f3 principal \u00e9s encaixar o desencaixar qualsevol env\u00e0s que sigui susceptible de ser encaixonat o desencaixonat dins d&#039;una caixa de cart\u00f3 tipus B1, una safata display o una caixa de pl\u00e0stic de producte retornable.  L&#039;encaixonadora de Jorpack ENC-850 permet incorporar diferents cap\u00e7als a la mateixa m\u00e0quina, o b\u00e9 incorporar un cap\u00e7al regulable multiformat, per evitar canvis de format.  Els canvis de format s\u00f3n molt breus i amb regulaci\u00f3 per ser m\u00e9s simples i \u00e0gils.\" \/>\n<meta property=\"og:url\" content=\"https:\/\/jorpack.com\/ca\/encaixadores-caixa-tipus-b1-americana\/enc-850\/\" \/>\n<meta property=\"og:site_name\" content=\"Jorpack\u00ae\" \/>\n<meta property=\"article:modified_time\" content=\"2025-02-20T11:32:30+00:00\" \/>\n<meta property=\"og:image\" content=\"https:\/\/jorpack.com\/wp-content\/uploads\/2024\/09\/encajadora-desencajadora-caja-tipo-b1-jorpack-ENC-850-scaled.webp\" \/>\n\t<meta property=\"og:image:width\" content=\"2560\" \/>\n\t<meta property=\"og:image:height\" content=\"2560\" \/>\n\t<meta property=\"og:image:type\" content=\"image\/webp\" \/>\n<meta name=\"twitter:card\" content=\"summary_large_image\" \/>\n<meta name=\"twitter:label1\" content=\"Temps estimat de lectura\" \/>\n\t<meta name=\"twitter:data1\" content=\"3 minuts\" \/>\n<script type=\"application\/ld+json\" class=\"yoast-schema-graph\">{\"@context\":\"https:\/\/schema.org\",\"@graph\":[{\"@type\":\"WebPage\",\"@id\":\"https:\/\/jorpack.com\/ca\/encaixadores-caixa-tipus-b1-americana\/enc-850\/\",\"url\":\"https:\/\/jorpack.com\/ca\/encaixadores-caixa-tipus-b1-americana\/enc-850\/\",\"name\":\"ENC-850 - Jorpack\u00ae\",\"isPartOf\":{\"@id\":\"https:\/\/jorpack.com\/ca\/#website\"},\"primaryImageOfPage\":{\"@id\":\"https:\/\/jorpack.com\/ca\/encaixadores-caixa-tipus-b1-americana\/enc-850\/#primaryimage\"},\"image\":{\"@id\":\"https:\/\/jorpack.com\/ca\/encaixadores-caixa-tipus-b1-americana\/enc-850\/#primaryimage\"},\"thumbnailUrl\":\"https:\/\/jorpack.com\/wp-content\/uploads\/2022\/04\/encajadora-desencajadora-caja-tipo-b1-jorpack-ENC-850-1.webp\",\"datePublished\":\"2022-09-07T11:22:34+00:00\",\"dateModified\":\"2025-02-20T11:32:30+00:00\",\"breadcrumb\":{\"@id\":\"https:\/\/jorpack.com\/ca\/encaixadores-caixa-tipus-b1-americana\/enc-850\/#breadcrumb\"},\"inLanguage\":\"ca\",\"potentialAction\":[{\"@type\":\"ReadAction\",\"target\":[\"https:\/\/jorpack.com\/ca\/encaixadores-caixa-tipus-b1-americana\/enc-850\/\"]}]},{\"@type\":\"ImageObject\",\"inLanguage\":\"ca\",\"@id\":\"https:\/\/jorpack.com\/ca\/encaixadores-caixa-tipus-b1-americana\/enc-850\/#primaryimage\",\"url\":\"https:\/\/jorpack.com\/wp-content\/uploads\/2022\/04\/encajadora-desencajadora-caja-tipo-b1-jorpack-ENC-850-1.webp\",\"contentUrl\":\"https:\/\/jorpack.com\/wp-content\/uploads\/2022\/04\/encajadora-desencajadora-caja-tipo-b1-jorpack-ENC-850-1.webp\",\"width\":1500,\"height\":1500,\"caption\":\"encajadora-desencajadora-caja-tipo-b1-jorpack-ENC-850\"},{\"@type\":\"BreadcrumbList\",\"@id\":\"https:\/\/jorpack.com\/ca\/encaixadores-caixa-tipus-b1-americana\/enc-850\/#breadcrumb\",\"itemListElement\":[{\"@type\":\"ListItem\",\"position\":1,\"name\":\"Portada\",\"item\":\"https:\/\/jorpack.com\/ca\/\"},{\"@type\":\"ListItem\",\"position\":2,\"name\":\"Tienda\",\"item\":\"https:\/\/jorpack.com\/tienda\/\"},{\"@type\":\"ListItem\",\"position\":3,\"name\":\"ENC-850\"}]},{\"@type\":\"WebSite\",\"@id\":\"https:\/\/jorpack.com\/ca\/#website\",\"url\":\"https:\/\/jorpack.com\/ca\/\",\"name\":\"Jorpack\u00ae\",\"description\":\"Amplia selecci\u00f3n de Formadoras\",\"publisher\":{\"@id\":\"https:\/\/jorpack.com\/ca\/#organization\"},\"potentialAction\":[{\"@type\":\"SearchAction\",\"target\":{\"@type\":\"EntryPoint\",\"urlTemplate\":\"https:\/\/jorpack.com\/ca\/?s={search_term_string}\"},\"query-input\":{\"@type\":\"PropertyValueSpecification\",\"valueRequired\":true,\"valueName\":\"search_term_string\"}}],\"inLanguage\":\"ca\"},{\"@type\":\"Organization\",\"@id\":\"https:\/\/jorpack.com\/ca\/#organization\",\"name\":\"Jorpack\u00ae\",\"url\":\"https:\/\/jorpack.com\/ca\/\",\"logo\":{\"@type\":\"ImageObject\",\"inLanguage\":\"ca\",\"@id\":\"https:\/\/jorpack.com\/ca\/#\/schema\/logo\/image\/\",\"url\":\"https:\/\/jorpack.com\/wp-content\/uploads\/2022\/03\/cropped-jorpack-logotipo.png\",\"contentUrl\":\"https:\/\/jorpack.com\/wp-content\/uploads\/2022\/03\/cropped-jorpack-logotipo.png\",\"width\":500,\"height\":110,\"caption\":\"Jorpack\u00ae\"},\"image\":{\"@id\":\"https:\/\/jorpack.com\/ca\/#\/schema\/logo\/image\/\"}}]}<\/script>\n<!-- \/ Yoast SEO plugin. -->","yoast_head_json":{"title":"ENC-850 - Jorpack\u00ae","robots":{"index":"index","follow":"follow","max-snippet":"max-snippet:-1","max-image-preview":"max-image-preview:large","max-video-preview":"max-video-preview:-1"},"canonical":"https:\/\/jorpack.com\/ca\/encaixadores-caixa-tipus-b1-americana\/enc-850\/","og_locale":"ca_ES","og_type":"article","og_title":"ENC-850 - Jorpack\u00ae","og_description":"Encaixadora \u2013 Desencaixadora Mec\u00e0nica  Les encaixadores \u2013 desencaixadores autom\u00e0tiques de Jorpack destaquen per les seves redu\u00efdes dimensions.  La seva funci\u00f3 principal \u00e9s encaixar o desencaixar qualsevol env\u00e0s que sigui susceptible de ser encaixonat o desencaixonat dins d'una caixa de cart\u00f3 tipus B1, una safata display o una caixa de pl\u00e0stic de producte retornable.  L'encaixonadora de Jorpack ENC-850 permet incorporar diferents cap\u00e7als a la mateixa m\u00e0quina, o b\u00e9 incorporar un cap\u00e7al regulable multiformat, per evitar canvis de format.  Els canvis de format s\u00f3n molt breus i amb regulaci\u00f3 per ser m\u00e9s simples i \u00e0gils.","og_url":"https:\/\/jorpack.com\/ca\/encaixadores-caixa-tipus-b1-americana\/enc-850\/","og_site_name":"Jorpack\u00ae","article_modified_time":"2025-02-20T11:32:30+00:00","og_image":[{"width":2560,"height":2560,"url":"https:\/\/jorpack.com\/wp-content\/uploads\/2024\/09\/encajadora-desencajadora-caja-tipo-b1-jorpack-ENC-850-scaled.webp","type":"image\/webp"}],"twitter_card":"summary_large_image","twitter_misc":{"Temps estimat de lectura":"3 minuts"},"schema":{"@context":"https:\/\/schema.org","@graph":[{"@type":"WebPage","@id":"https:\/\/jorpack.com\/ca\/encaixadores-caixa-tipus-b1-americana\/enc-850\/","url":"https:\/\/jorpack.com\/ca\/encaixadores-caixa-tipus-b1-americana\/enc-850\/","name":"ENC-850 - Jorpack\u00ae","isPartOf":{"@id":"https:\/\/jorpack.com\/ca\/#website"},"primaryImageOfPage":{"@id":"https:\/\/jorpack.com\/ca\/encaixadores-caixa-tipus-b1-americana\/enc-850\/#primaryimage"},"image":{"@id":"https:\/\/jorpack.com\/ca\/encaixadores-caixa-tipus-b1-americana\/enc-850\/#primaryimage"},"thumbnailUrl":"https:\/\/jorpack.com\/wp-content\/uploads\/2022\/04\/encajadora-desencajadora-caja-tipo-b1-jorpack-ENC-850-1.webp","datePublished":"2022-09-07T11:22:34+00:00","dateModified":"2025-02-20T11:32:30+00:00","breadcrumb":{"@id":"https:\/\/jorpack.com\/ca\/encaixadores-caixa-tipus-b1-americana\/enc-850\/#breadcrumb"},"inLanguage":"ca","potentialAction":[{"@type":"ReadAction","target":["https:\/\/jorpack.com\/ca\/encaixadores-caixa-tipus-b1-americana\/enc-850\/"]}]},{"@type":"ImageObject","inLanguage":"ca","@id":"https:\/\/jorpack.com\/ca\/encaixadores-caixa-tipus-b1-americana\/enc-850\/#primaryimage","url":"https:\/\/jorpack.com\/wp-content\/uploads\/2022\/04\/encajadora-desencajadora-caja-tipo-b1-jorpack-ENC-850-1.webp","contentUrl":"https:\/\/jorpack.com\/wp-content\/uploads\/2022\/04\/encajadora-desencajadora-caja-tipo-b1-jorpack-ENC-850-1.webp","width":1500,"height":1500,"caption":"encajadora-desencajadora-caja-tipo-b1-jorpack-ENC-850"},{"@type":"BreadcrumbList","@id":"https:\/\/jorpack.com\/ca\/encaixadores-caixa-tipus-b1-americana\/enc-850\/#breadcrumb","itemListElement":[{"@type":"ListItem","position":1,"name":"Portada","item":"https:\/\/jorpack.com\/ca\/"},{"@type":"ListItem","position":2,"name":"Tienda","item":"https:\/\/jorpack.com\/tienda\/"},{"@type":"ListItem","position":3,"name":"ENC-850"}]},{"@type":"WebSite","@id":"https:\/\/jorpack.com\/ca\/#website","url":"https:\/\/jorpack.com\/ca\/","name":"Jorpack\u00ae","description":"Amplia selecci\u00f3n de Formadoras","publisher":{"@id":"https:\/\/jorpack.com\/ca\/#organization"},"potentialAction":[{"@type":"SearchAction","target":{"@type":"EntryPoint","urlTemplate":"https:\/\/jorpack.com\/ca\/?s={search_term_string}"},"query-input":{"@type":"PropertyValueSpecification","valueRequired":true,"valueName":"search_term_string"}}],"inLanguage":"ca"},{"@type":"Organization","@id":"https:\/\/jorpack.com\/ca\/#organization","name":"Jorpack\u00ae","url":"https:\/\/jorpack.com\/ca\/","logo":{"@type":"ImageObject","inLanguage":"ca","@id":"https:\/\/jorpack.com\/ca\/#\/schema\/logo\/image\/","url":"https:\/\/jorpack.com\/wp-content\/uploads\/2022\/03\/cropped-jorpack-logotipo.png","contentUrl":"https:\/\/jorpack.com\/wp-content\/uploads\/2022\/03\/cropped-jorpack-logotipo.png","width":500,"height":110,"caption":"Jorpack\u00ae"},"image":{"@id":"https:\/\/jorpack.com\/ca\/#\/schema\/logo\/image\/"}}]}},"_links":{"self":[{"href":"https:\/\/jorpack.com\/ca\/wp-json\/wp\/v2\/product\/3455","targetHints":{"allow":["GET"]}}],"collection":[{"href":"https:\/\/jorpack.com\/ca\/wp-json\/wp\/v2\/product"}],"about":[{"href":"https:\/\/jorpack.com\/ca\/wp-json\/wp\/v2\/types\/product"}],"wp:featuredmedia":[{"embeddable":true,"href":"https:\/\/jorpack.com\/ca\/wp-json\/wp\/v2\/media\/14701"}],"wp:attachment":[{"href":"https:\/\/jorpack.com\/ca\/wp-json\/wp\/v2\/media?parent=3455"}],"wp:term":[{"taxonomy":"sector","embeddable":true,"href":"https:\/\/jorpack.com\/ca\/wp-json\/wp\/v2\/sector?post=3455"},{"taxonomy":"product_brand","embeddable":true,"href":"https:\/\/jorpack.com\/ca\/wp-json\/wp\/v2\/product_brand?post=3455"},{"taxonomy":"product_cat","embeddable":true,"href":"https:\/\/jorpack.com\/ca\/wp-json\/wp\/v2\/product_cat?post=3455"},{"taxonomy":"product_tag","embeddable":true,"href":"https:\/\/jorpack.com\/ca\/wp-json\/wp\/v2\/product_tag?post=3455"}],"curies":[{"name":"wp","href":"https:\/\/api.w.org\/{rel}","templated":true}]}}