{"id":3454,"date":"2022-04-20T09:56:11","date_gmt":"2022-09-07T11:11:23","guid":{"rendered":"https:\/\/jorpack.com\/?post_type=product&#038;p=3454"},"modified":"2025-02-20T11:45:11","modified_gmt":"2025-02-20T11:45:11","slug":"mb-875","status":"publish","type":"product","link":"https:\/\/jorpack.com\/ca\/encaixadores-caixa-tipus-b1-americana\/mb-875\/","title":{"rendered":"MB-875"},"content":{"rendered":"<div class=\"wpb-content-wrapper\"><p>[vc_section css=&#8221;.vc_custom_1650361358445{margin-top: 0px !important;}&#8221; el_class=&#8221;ficha-tecnica&#8221;][vc_row][vc_column width=&#8221;5\/6&#8243;][vc_toggle title=&#8221;M\u00e9s Informaci\u00f3&#8221;]La difer\u00e8ncia d&#8217;aquesta m\u00e0quina monobloc formadora-encaixadora, amb una m\u00e0quina formadora i una m\u00e0quina encaixonadora, \u00e9s que amb el monobloc de format-encaixat, pots fer les dues funcions en un espai m\u00e9s redu\u00eft.<\/p>\n<p>El model MB-875 us ofereix un magatzem de cart\u00f3 ergon\u00f2mic i l&#8217;encaixat del producte es realitza de manera vertical.<\/p>\n<p>Els canvis de format s\u00f3n molt r\u00e0pids, per poder fer produccions curtes i poder canviar de producte freq\u00fcentment.[\/vc_toggle][vc_toggle title=&#8221;Producci\u00f3&#8221;]Exemple d\u2019envasos com ampolles, fins 4.000 ampolles\/hora[\/vc_toggle][vc_toggle title=&#8221;Accessoris Inclosos&#8221;]- Magatzem de cart\u00f3 ergon\u00f2mic i amb regulaci\u00f3.<\/p>\n<p>&#8211; Distribu\u00efdor de producte mec\u00e0nic.<\/p>\n<p>&#8211; Sistema de precintat per al format de caixes amb precinte o Equip de Cola Hot-melt per a l&#8217;encolat de les solapes inferiors a la formadora de caixes.[\/vc_toggle][vc_toggle title=&#8221;Opcionals&#8221; el_class=&#8221;faq-palet&#8221;]<\/p>\n<div class=\"cont-flex\">\n<p style=\"text-align: left;\"><img decoding=\"async\" class=\"alignnone size-full wp-image-1697\" src=\"https:\/\/jorpack.com\/wp-content\/uploads\/2022\/04\/parillas-centradoras-encajadoras-b1.png\" alt=\"\" width=\"181\" height=\"180\" srcset=\"https:\/\/jorpack.com\/wp-content\/uploads\/2022\/04\/parillas-centradoras-encajadoras-b1.png 181w, https:\/\/jorpack.com\/wp-content\/uploads\/2022\/04\/parillas-centradoras-encajadoras-b1-150x150.png 150w, https:\/\/jorpack.com\/wp-content\/uploads\/2022\/04\/parillas-centradoras-encajadoras-b1-100x100.png 100w\" sizes=\"(max-width: 181px) 100vw, 181px\" \/><br \/>\nGraella centradora per a l&#8217;encaixat de productes en caixes de cart\u00f3 amb reixeta incorporada.<\/p>\n<p style=\"text-align: left;\"><img decoding=\"async\" class=\"alignnone size-full wp-image-1692\" src=\"https:\/\/jorpack.com\/wp-content\/uploads\/2022\/04\/cabezal-encajado-multiformato-encajadoras-b1.png\" alt=\"\" width=\"180\" height=\"180\" srcset=\"https:\/\/jorpack.com\/wp-content\/uploads\/2022\/04\/cabezal-encajado-multiformato-encajadoras-b1.png 180w, https:\/\/jorpack.com\/wp-content\/uploads\/2022\/04\/cabezal-encajado-multiformato-encajadoras-b1-150x150.png 150w, https:\/\/jorpack.com\/wp-content\/uploads\/2022\/04\/cabezal-encajado-multiformato-encajadoras-b1-100x100.png 100w\" sizes=\"(max-width: 180px) 100vw, 180px\" \/><br \/>\nCap\u00e7al multiformat per a l&#8217;encaixat de diferents formats amb el mateix cap\u00e7al.<\/p>\n<p style=\"text-align: left;\"><img decoding=\"async\" class=\"alignnone size-full wp-image-1693\" src=\"https:\/\/jorpack.com\/wp-content\/uploads\/2022\/04\/distribuidor-producto-para-clasificar-envases-encajado-b1.png\" alt=\"\" width=\"181\" height=\"180\" srcset=\"https:\/\/jorpack.com\/wp-content\/uploads\/2022\/04\/distribuidor-producto-para-clasificar-envases-encajado-b1.png 181w, https:\/\/jorpack.com\/wp-content\/uploads\/2022\/04\/distribuidor-producto-para-clasificar-envases-encajado-b1-150x150.png 150w, https:\/\/jorpack.com\/wp-content\/uploads\/2022\/04\/distribuidor-producto-para-clasificar-envases-encajado-b1-100x100.png 100w\" sizes=\"(max-width: 181px) 100vw, 181px\" \/><br \/>\nSistema de distribu\u00efdor mec\u00e0nic de producte per realitzar la classificaci\u00f3 dels productes als carrils necessaris per procedir a l&#8217;agrupaci\u00f3 i separaci\u00f3 per grups per procedir a l&#8217;encaixat amb el robot.<\/p>\n<\/div>\n<p>[\/vc_toggle][vc_raw_html]W1Nhc3N5X1NvY2lhbF9TaGFyZSB0aXRsZT0iQ29tcGFydGVpeCJd[\/vc_raw_html][\/vc_column][vc_column width=&#8221;1\/6&#8243; offset=&#8221;vc_hidden-xs&#8221;]<div class=\"ult-content-box-container \" >\t\t<div class=\"ult-content-box\" style=\"box-shadow: px px px px none;-webkit-transition: all 700ms ease;-moz-transition: all 700ms ease;-ms-transition: all 700ms ease;-o-transition: all 700ms ease;transition: all 700ms ease;\"  data-hover_box_shadow=\"none\"    >[vc_single_image image=&#8221;645&#8243; alignment=&#8221;center&#8221; css=&#8221;.vc_custom_1648732644686{margin-bottom: 10px !important;}&#8221;][vc_column_text]<\/p>\n<p style=\"text-align: center;\"><span style=\"color: #394049;\">Fitxa t\u00e8cnica<br \/>\nDESP-4000<\/span><\/p>\n<p>[\/vc_column_text]\t\t<\/div><\/div>[\/vc_column][\/vc_row][\/vc_section][vc_section][vc_row gap=&#8221;35&#8243;][vc_column width=&#8221;3\/4&#8243; el_class=&#8221;productos-sugeridos&#8221;][vc_column_text]<\/p>\n<h3>Completa la l\u00ednia amb:<\/h3>\n<p>[\/vc_column_text][vc_basic_grid post_type=&#8221;ids&#8221; element_width=&#8221;3&#8243; gap=&#8221;35&#8243; item=&#8221;1394&#8243; grid_id=&#8221;vc_gid:1663920912312-2a555fc7-78bc-6&#8243; include=&#8221;1536, 1506, 1409&#8243;][\/vc_column][vc_column width=&#8221;1\/4&#8243; el_class=&#8221;productos-relacionados&#8221;][vc_column_text]<\/p>\n<h3>Productes relacionats:<\/h3>\n<p>[\/vc_column_text][vc_column_text]<a href=\"https:\/\/www.jorpack.com\/ca\/encaixadores-caixa-tipus-b1-americana\/enc-850 \">ENC-850<\/a><\/p>\n<p><a href=\"https:\/\/www.jorpack.com\/ca\/encaixadores-caixa-tipus-b1-americana\/enc-9500 \">ENC-9500<\/a><\/p>\n<p><a href=\"https:\/\/www.jorpack.com\/ca\/robots\/encaixadores-caixa-tipus-b1-americana\/enc-9600 \">ENC-9600<\/a>[\/vc_column_text][\/vc_column][\/vc_row][\/vc_section]<\/p>\n<\/div>","protected":false},"excerpt":{"rendered":"<p>Monobloc Formadora i Encaixadora<\/p>\n<p>A Jorpack oferim diferents solucions d&#8217;encaixat o desencaixat de productes.<\/p>\n<p>M\u00e0quina monobloc formadora i encaixadora de productes, com ampolles de vidre, llaunes, envasos PET, envasos d&#8217;alumini, envasos de vidre, caixes, packs, estoigs, bosses o qualsevol altre producte susceptible de ser encaixonat.<\/p>\n<p>Formadora de caixes i encaixadora de producte compacta, alhora que \u00e9s una m\u00e0quina monobloc molt s\u00f2lida i robusta.<\/p>\n<p>Aquesta m\u00e0quina integra el proc\u00e9s de formadora de caixes o formadora de safates, per posteriorment encaixar-hi el producte.<\/p>\n<p>Un cop s&#8217;ha realitzat el proc\u00e9s d&#8217;encaixat a la caixa de cart\u00f3 tipus B1 (coneguda tamb\u00e9 com a caixa americana), s&#8217;ha de tancar les solapes superiors, amb una precintadora de caixes, o b\u00e9 una tancadora de caixes amb cola hot- melt, com el model CER-1300<\/p>\n","protected":false},"featured_media":14705,"template":"","meta":{"_acf_changed":false},"sector":[157,158,154,153,181,171,176,159,178,180,155,150,168,173,149,169,152,182,170,163,179,156,164,162,187,174,177,151,161,184,189,165,175,167,160],"product_brand":[],"product_cat":[81],"product_tag":[],"class_list":{"0":"post-3454","1":"product","2":"type-product","3":"status-publish","4":"has-post-thumbnail","6":"sector-aceite","7":"sector-agua","8":"sector-alimentacion","9":"sector-automocion","10":"sector-azucar","11":"sector-bandas-depilatorias","12":"sector-blisters","13":"sector-bodegas","14":"sector-cafe","15":"sector-conservas","16":"sector-construccion","17":"sector-cosmetica","18":"sector-cremas","19":"sector-detergentes","20":"sector-embotellado","21":"sector-estuches","22":"sector-farmacia","23":"sector-galletas","24":"sector-higiene","25":"sector-horchata","26":"sector-huevos","27":"sector-jardineria","28":"sector-licores","29":"sector-packs","30":"sector-pintura","31":"sector-productos-de-limpieza","32":"sector-productos-de-limpieza-2","33":"sector-quimico","34":"sector-refrescos","35":"sector-reposteria","36":"sector-semillas","37":"sector-sidra","38":"sector-sueros","39":"sector-tarros","40":"sector-zumos","41":"product_cat-encaixadores-tipus-b1","43":"first","44":"instock","45":"shipping-taxable","46":"product-type-simple"},"acf":[],"yoast_head":"<!-- This site is optimized with the Yoast SEO plugin v27.2 - https:\/\/yoast.com\/product\/yoast-seo-wordpress\/ -->\n<title>MB-875 - Jorpack\u00ae<\/title>\n<meta name=\"robots\" content=\"index, follow, max-snippet:-1, max-image-preview:large, max-video-preview:-1\" \/>\n<link rel=\"canonical\" href=\"https:\/\/jorpack.com\/ca\/encaixadores-caixa-tipus-b1-americana\/mb-875\/\" \/>\n<meta property=\"og:locale\" content=\"ca_ES\" \/>\n<meta property=\"og:type\" content=\"article\" \/>\n<meta property=\"og:title\" content=\"MB-875 - Jorpack\u00ae\" \/>\n<meta property=\"og:description\" content=\"Monobloc Formadora i Encaixadora  A Jorpack oferim diferents solucions d&#039;encaixat o desencaixat de productes.  M\u00e0quina monobloc formadora i encaixadora de productes, com ampolles de vidre, llaunes, envasos PET, envasos d&#039;alumini, envasos de vidre, caixes, packs, estoigs, bosses o qualsevol altre producte susceptible de ser encaixonat.  Formadora de caixes i encaixadora de producte compacta, alhora que \u00e9s una m\u00e0quina monobloc molt s\u00f2lida i robusta.  Aquesta m\u00e0quina integra el proc\u00e9s de formadora de caixes o formadora de safates, per posteriorment encaixar-hi el producte.  Un cop s&#039;ha realitzat el proc\u00e9s d&#039;encaixat a la caixa de cart\u00f3 tipus B1 (coneguda tamb\u00e9 com a caixa americana), s&#039;ha de tancar les solapes superiors, amb una precintadora de caixes, o b\u00e9 una tancadora de caixes amb cola hot- melt, com el model CER-1300\" \/>\n<meta property=\"og:url\" content=\"https:\/\/jorpack.com\/ca\/encaixadores-caixa-tipus-b1-americana\/mb-875\/\" \/>\n<meta property=\"og:site_name\" content=\"Jorpack\u00ae\" \/>\n<meta property=\"article:modified_time\" content=\"2025-02-20T11:45:11+00:00\" \/>\n<meta property=\"og:image\" content=\"https:\/\/jorpack.com\/wp-content\/uploads\/2022\/04\/monobloc-formadora-encajadora-caja-americana-jorpack-MB-875-4.webp\" \/>\n\t<meta property=\"og:image:width\" content=\"1500\" \/>\n\t<meta property=\"og:image:height\" content=\"1500\" \/>\n\t<meta property=\"og:image:type\" content=\"image\/webp\" \/>\n<meta name=\"twitter:card\" content=\"summary_large_image\" \/>\n<meta name=\"twitter:label1\" content=\"Temps estimat de lectura\" \/>\n\t<meta name=\"twitter:data1\" content=\"2 minuts\" \/>\n<script type=\"application\/ld+json\" class=\"yoast-schema-graph\">{\"@context\":\"https:\/\/schema.org\",\"@graph\":[{\"@type\":\"WebPage\",\"@id\":\"https:\/\/jorpack.com\/ca\/encaixadores-caixa-tipus-b1-americana\/mb-875\/\",\"url\":\"https:\/\/jorpack.com\/ca\/encaixadores-caixa-tipus-b1-americana\/mb-875\/\",\"name\":\"MB-875 - Jorpack\u00ae\",\"isPartOf\":{\"@id\":\"https:\/\/jorpack.com\/ca\/#website\"},\"primaryImageOfPage\":{\"@id\":\"https:\/\/jorpack.com\/ca\/encaixadores-caixa-tipus-b1-americana\/mb-875\/#primaryimage\"},\"image\":{\"@id\":\"https:\/\/jorpack.com\/ca\/encaixadores-caixa-tipus-b1-americana\/mb-875\/#primaryimage\"},\"thumbnailUrl\":\"https:\/\/jorpack.com\/wp-content\/uploads\/2022\/04\/monobloc-formadora-encajadora-caja-americana-jorpack-MB-875-4.webp\",\"datePublished\":\"2022-09-07T11:11:23+00:00\",\"dateModified\":\"2025-02-20T11:45:11+00:00\",\"breadcrumb\":{\"@id\":\"https:\/\/jorpack.com\/ca\/encaixadores-caixa-tipus-b1-americana\/mb-875\/#breadcrumb\"},\"inLanguage\":\"ca\",\"potentialAction\":[{\"@type\":\"ReadAction\",\"target\":[\"https:\/\/jorpack.com\/ca\/encaixadores-caixa-tipus-b1-americana\/mb-875\/\"]}]},{\"@type\":\"ImageObject\",\"inLanguage\":\"ca\",\"@id\":\"https:\/\/jorpack.com\/ca\/encaixadores-caixa-tipus-b1-americana\/mb-875\/#primaryimage\",\"url\":\"https:\/\/jorpack.com\/wp-content\/uploads\/2022\/04\/monobloc-formadora-encajadora-caja-americana-jorpack-MB-875-4.webp\",\"contentUrl\":\"https:\/\/jorpack.com\/wp-content\/uploads\/2022\/04\/monobloc-formadora-encajadora-caja-americana-jorpack-MB-875-4.webp\",\"width\":1500,\"height\":1500,\"caption\":\"monobloc-formadora-encajadora-caja-americana-jorpack-MB-875\"},{\"@type\":\"BreadcrumbList\",\"@id\":\"https:\/\/jorpack.com\/ca\/encaixadores-caixa-tipus-b1-americana\/mb-875\/#breadcrumb\",\"itemListElement\":[{\"@type\":\"ListItem\",\"position\":1,\"name\":\"Portada\",\"item\":\"https:\/\/jorpack.com\/ca\/\"},{\"@type\":\"ListItem\",\"position\":2,\"name\":\"Tienda\",\"item\":\"https:\/\/jorpack.com\/tienda\/\"},{\"@type\":\"ListItem\",\"position\":3,\"name\":\"MB-875\"}]},{\"@type\":\"WebSite\",\"@id\":\"https:\/\/jorpack.com\/ca\/#website\",\"url\":\"https:\/\/jorpack.com\/ca\/\",\"name\":\"Jorpack\u00ae\",\"description\":\"Amplia selecci\u00f3n de Formadoras\",\"publisher\":{\"@id\":\"https:\/\/jorpack.com\/ca\/#organization\"},\"potentialAction\":[{\"@type\":\"SearchAction\",\"target\":{\"@type\":\"EntryPoint\",\"urlTemplate\":\"https:\/\/jorpack.com\/ca\/?s={search_term_string}\"},\"query-input\":{\"@type\":\"PropertyValueSpecification\",\"valueRequired\":true,\"valueName\":\"search_term_string\"}}],\"inLanguage\":\"ca\"},{\"@type\":\"Organization\",\"@id\":\"https:\/\/jorpack.com\/ca\/#organization\",\"name\":\"Jorpack\u00ae\",\"url\":\"https:\/\/jorpack.com\/ca\/\",\"logo\":{\"@type\":\"ImageObject\",\"inLanguage\":\"ca\",\"@id\":\"https:\/\/jorpack.com\/ca\/#\/schema\/logo\/image\/\",\"url\":\"https:\/\/jorpack.com\/wp-content\/uploads\/2022\/03\/cropped-jorpack-logotipo.png\",\"contentUrl\":\"https:\/\/jorpack.com\/wp-content\/uploads\/2022\/03\/cropped-jorpack-logotipo.png\",\"width\":500,\"height\":110,\"caption\":\"Jorpack\u00ae\"},\"image\":{\"@id\":\"https:\/\/jorpack.com\/ca\/#\/schema\/logo\/image\/\"}}]}<\/script>\n<!-- \/ Yoast SEO plugin. -->","yoast_head_json":{"title":"MB-875 - Jorpack\u00ae","robots":{"index":"index","follow":"follow","max-snippet":"max-snippet:-1","max-image-preview":"max-image-preview:large","max-video-preview":"max-video-preview:-1"},"canonical":"https:\/\/jorpack.com\/ca\/encaixadores-caixa-tipus-b1-americana\/mb-875\/","og_locale":"ca_ES","og_type":"article","og_title":"MB-875 - Jorpack\u00ae","og_description":"Monobloc Formadora i Encaixadora  A Jorpack oferim diferents solucions d'encaixat o desencaixat de productes.  M\u00e0quina monobloc formadora i encaixadora de productes, com ampolles de vidre, llaunes, envasos PET, envasos d'alumini, envasos de vidre, caixes, packs, estoigs, bosses o qualsevol altre producte susceptible de ser encaixonat.  Formadora de caixes i encaixadora de producte compacta, alhora que \u00e9s una m\u00e0quina monobloc molt s\u00f2lida i robusta.  Aquesta m\u00e0quina integra el proc\u00e9s de formadora de caixes o formadora de safates, per posteriorment encaixar-hi el producte.  Un cop s'ha realitzat el proc\u00e9s d'encaixat a la caixa de cart\u00f3 tipus B1 (coneguda tamb\u00e9 com a caixa americana), s'ha de tancar les solapes superiors, amb una precintadora de caixes, o b\u00e9 una tancadora de caixes amb cola hot- melt, com el model CER-1300","og_url":"https:\/\/jorpack.com\/ca\/encaixadores-caixa-tipus-b1-americana\/mb-875\/","og_site_name":"Jorpack\u00ae","article_modified_time":"2025-02-20T11:45:11+00:00","og_image":[{"width":1500,"height":1500,"url":"https:\/\/jorpack.com\/wp-content\/uploads\/2022\/04\/monobloc-formadora-encajadora-caja-americana-jorpack-MB-875-4.webp","type":"image\/webp"}],"twitter_card":"summary_large_image","twitter_misc":{"Temps estimat de lectura":"2 minuts"},"schema":{"@context":"https:\/\/schema.org","@graph":[{"@type":"WebPage","@id":"https:\/\/jorpack.com\/ca\/encaixadores-caixa-tipus-b1-americana\/mb-875\/","url":"https:\/\/jorpack.com\/ca\/encaixadores-caixa-tipus-b1-americana\/mb-875\/","name":"MB-875 - Jorpack\u00ae","isPartOf":{"@id":"https:\/\/jorpack.com\/ca\/#website"},"primaryImageOfPage":{"@id":"https:\/\/jorpack.com\/ca\/encaixadores-caixa-tipus-b1-americana\/mb-875\/#primaryimage"},"image":{"@id":"https:\/\/jorpack.com\/ca\/encaixadores-caixa-tipus-b1-americana\/mb-875\/#primaryimage"},"thumbnailUrl":"https:\/\/jorpack.com\/wp-content\/uploads\/2022\/04\/monobloc-formadora-encajadora-caja-americana-jorpack-MB-875-4.webp","datePublished":"2022-09-07T11:11:23+00:00","dateModified":"2025-02-20T11:45:11+00:00","breadcrumb":{"@id":"https:\/\/jorpack.com\/ca\/encaixadores-caixa-tipus-b1-americana\/mb-875\/#breadcrumb"},"inLanguage":"ca","potentialAction":[{"@type":"ReadAction","target":["https:\/\/jorpack.com\/ca\/encaixadores-caixa-tipus-b1-americana\/mb-875\/"]}]},{"@type":"ImageObject","inLanguage":"ca","@id":"https:\/\/jorpack.com\/ca\/encaixadores-caixa-tipus-b1-americana\/mb-875\/#primaryimage","url":"https:\/\/jorpack.com\/wp-content\/uploads\/2022\/04\/monobloc-formadora-encajadora-caja-americana-jorpack-MB-875-4.webp","contentUrl":"https:\/\/jorpack.com\/wp-content\/uploads\/2022\/04\/monobloc-formadora-encajadora-caja-americana-jorpack-MB-875-4.webp","width":1500,"height":1500,"caption":"monobloc-formadora-encajadora-caja-americana-jorpack-MB-875"},{"@type":"BreadcrumbList","@id":"https:\/\/jorpack.com\/ca\/encaixadores-caixa-tipus-b1-americana\/mb-875\/#breadcrumb","itemListElement":[{"@type":"ListItem","position":1,"name":"Portada","item":"https:\/\/jorpack.com\/ca\/"},{"@type":"ListItem","position":2,"name":"Tienda","item":"https:\/\/jorpack.com\/tienda\/"},{"@type":"ListItem","position":3,"name":"MB-875"}]},{"@type":"WebSite","@id":"https:\/\/jorpack.com\/ca\/#website","url":"https:\/\/jorpack.com\/ca\/","name":"Jorpack\u00ae","description":"Amplia selecci\u00f3n de Formadoras","publisher":{"@id":"https:\/\/jorpack.com\/ca\/#organization"},"potentialAction":[{"@type":"SearchAction","target":{"@type":"EntryPoint","urlTemplate":"https:\/\/jorpack.com\/ca\/?s={search_term_string}"},"query-input":{"@type":"PropertyValueSpecification","valueRequired":true,"valueName":"search_term_string"}}],"inLanguage":"ca"},{"@type":"Organization","@id":"https:\/\/jorpack.com\/ca\/#organization","name":"Jorpack\u00ae","url":"https:\/\/jorpack.com\/ca\/","logo":{"@type":"ImageObject","inLanguage":"ca","@id":"https:\/\/jorpack.com\/ca\/#\/schema\/logo\/image\/","url":"https:\/\/jorpack.com\/wp-content\/uploads\/2022\/03\/cropped-jorpack-logotipo.png","contentUrl":"https:\/\/jorpack.com\/wp-content\/uploads\/2022\/03\/cropped-jorpack-logotipo.png","width":500,"height":110,"caption":"Jorpack\u00ae"},"image":{"@id":"https:\/\/jorpack.com\/ca\/#\/schema\/logo\/image\/"}}]}},"_links":{"self":[{"href":"https:\/\/jorpack.com\/ca\/wp-json\/wp\/v2\/product\/3454","targetHints":{"allow":["GET"]}}],"collection":[{"href":"https:\/\/jorpack.com\/ca\/wp-json\/wp\/v2\/product"}],"about":[{"href":"https:\/\/jorpack.com\/ca\/wp-json\/wp\/v2\/types\/product"}],"wp:featuredmedia":[{"embeddable":true,"href":"https:\/\/jorpack.com\/ca\/wp-json\/wp\/v2\/media\/14705"}],"wp:attachment":[{"href":"https:\/\/jorpack.com\/ca\/wp-json\/wp\/v2\/media?parent=3454"}],"wp:term":[{"taxonomy":"sector","embeddable":true,"href":"https:\/\/jorpack.com\/ca\/wp-json\/wp\/v2\/sector?post=3454"},{"taxonomy":"product_brand","embeddable":true,"href":"https:\/\/jorpack.com\/ca\/wp-json\/wp\/v2\/product_brand?post=3454"},{"taxonomy":"product_cat","embeddable":true,"href":"https:\/\/jorpack.com\/ca\/wp-json\/wp\/v2\/product_cat?post=3454"},{"taxonomy":"product_tag","embeddable":true,"href":"https:\/\/jorpack.com\/ca\/wp-json\/wp\/v2\/product_tag?post=3454"}],"curies":[{"name":"wp","href":"https:\/\/api.w.org\/{rel}","templated":true}]}}