{"id":3448,"date":"2022-04-21T05:30:18","date_gmt":"2022-09-07T10:26:06","guid":{"rendered":"https:\/\/jorpack.com\/?post_type=product&#038;p=3448"},"modified":"2025-02-20T14:03:34","modified_gmt":"2025-02-20T14:03:34","slug":"for-band","status":"publish","type":"product","link":"https:\/\/jorpack.com\/ca\/formadores-de-caixes-safates\/for-band\/","title":{"rendered":"FOR-BAND"},"content":{"rendered":"<div class=\"wpb-content-wrapper\"><p>[vc_section css=&#8221;.vc_custom_1650361358445{margin-top: 0px !important;}&#8221; el_class=&#8221;ficha-tecnica&#8221;][vc_row][vc_column width=&#8221;5\/6&#8243;][vc_toggle title=&#8221;Producci\u00f3&#8221;]250 safates\/hora[\/vc_toggle][vc_toggle title=&#8221;Accessoris Inclosos&#8221; el_class=&#8221;faq-palet&#8221;]<\/p>\n<div class=\"cont-flex\">\n<p style=\"text-align: left;\"><img decoding=\"async\" class=\"alignnone size-medium wp-image-1735\" src=\"https:\/\/jorpack.com\/wp-content\/uploads\/2022\/04\/icono-pantalla-display-jorpack-300x300.png\" alt=\"\" width=\"300\" height=\"300\" srcset=\"https:\/\/jorpack.com\/wp-content\/uploads\/2022\/04\/icono-pantalla-display-jorpack-300x300.png 300w, https:\/\/jorpack.com\/wp-content\/uploads\/2022\/04\/icono-pantalla-display-jorpack-150x150.png 150w, https:\/\/jorpack.com\/wp-content\/uploads\/2022\/04\/icono-pantalla-display-jorpack-100x100.png 100w, https:\/\/jorpack.com\/wp-content\/uploads\/2022\/04\/icono-pantalla-display-jorpack.png 540w\" sizes=\"(max-width: 300px) 100vw, 300px\" \/><br \/>\nPantalla t\u00e0ctil display<\/p>\n<p><img decoding=\"async\" class=\"alignnone size-medium wp-image-1829\" src=\"https:\/\/jorpack.com\/wp-content\/uploads\/2022\/05\/icono-almacen-de-palets-300x300.png\" alt=\"\" width=\"300\" height=\"300\" srcset=\"https:\/\/jorpack.com\/wp-content\/uploads\/2022\/05\/icono-almacen-de-palets-300x300.png 300w, https:\/\/jorpack.com\/wp-content\/uploads\/2022\/05\/icono-almacen-de-palets-150x150.png 150w, https:\/\/jorpack.com\/wp-content\/uploads\/2022\/05\/icono-almacen-de-palets-100x100.png 100w, https:\/\/jorpack.com\/wp-content\/uploads\/2022\/05\/icono-almacen-de-palets.png 540w\" sizes=\"(max-width: 300px) 100vw, 300px\" \/><br \/>\nMagatzem de cart\u00f3 ergon\u00f2mic<\/p>\n<p style=\"text-align: left;\"><img decoding=\"async\" class=\"alignnone size-medium wp-image-1830\" src=\"https:\/\/jorpack.com\/wp-content\/uploads\/2022\/05\/icono-equipo-encolado-hotmelt-300x300.png\" alt=\"\" width=\"300\" height=\"300\" srcset=\"https:\/\/jorpack.com\/wp-content\/uploads\/2022\/05\/icono-equipo-encolado-hotmelt-300x300.png 300w, https:\/\/jorpack.com\/wp-content\/uploads\/2022\/05\/icono-equipo-encolado-hotmelt-150x150.png 150w, https:\/\/jorpack.com\/wp-content\/uploads\/2022\/05\/icono-equipo-encolado-hotmelt-100x100.png 100w, https:\/\/jorpack.com\/wp-content\/uploads\/2022\/05\/icono-equipo-encolado-hotmelt.png 541w\" sizes=\"(max-width: 300px) 100vw, 300px\" \/><br \/>\nEquip d&#8217;encolat Hot-melt<\/p>\n<\/div>\n<p>[\/vc_toggle][vc_raw_html]W1Nhc3N5X1NvY2lhbF9TaGFyZSB0aXRsZT0iQ29tcGFydGVpeCJd[\/vc_raw_html][\/vc_column][vc_column width=&#8221;1\/6&#8243; offset=&#8221;vc_hidden-xs&#8221; el_class=&#8221;col-descargar-ficha&#8221;]<div class=\"ult-content-box-container \" >\t\t<div class=\"ult-content-box\" style=\"box-shadow: px px px px none;-webkit-transition: all 700ms ease;-moz-transition: all 700ms ease;-ms-transition: all 700ms ease;-o-transition: all 700ms ease;transition: all 700ms ease;\"  data-hover_box_shadow=\"none\"    >[vc_single_image image=&#8221;645&#8243; alignment=&#8221;center&#8221; css=&#8221;.vc_custom_1648732644686{margin-bottom: 10px !important;}&#8221;][vc_column_text]<\/p>\n<p style=\"text-align: center;\"><span style=\"color: #394049;\">Fitxa t\u00e8cnica<br \/>\nDESP-4000<\/span><\/p>\n<p>[\/vc_column_text]\t\t<\/div><\/div>[\/vc_column][\/vc_row][\/vc_section][vc_section][vc_row gap=&#8221;35&#8243;][vc_column width=&#8221;3\/4&#8243; el_class=&#8221;productos-sugeridos&#8221;][vc_column_text]<\/p>\n<h3>Completa la l\u00ednia amb:<\/h3>\n<p>[\/vc_column_text][vc_basic_grid post_type=&#8221;ids&#8221; element_width=&#8221;3&#8243; gap=&#8221;35&#8243; item=&#8221;1394&#8243; grid_id=&#8221;vc_gid:1663919789825-1ea20938-aea6-5&#8243; include=&#8221;1524, 1506, 1412&#8243;][\/vc_column][vc_column width=&#8221;1\/4&#8243; el_class=&#8221;productos-relacionados&#8221;][vc_column_text]<\/p>\n<h3>Productes relacionats:<\/h3>\n<p>[\/vc_column_text][vc_column_text]<a href=\"http:\/\/www.jorpack.com\/ca\/formadores-de-caixes-safates\/for-1200 \">FOR-1200<\/a><\/p>\n<p><a href=\"http:\/\/www.jorpack.com\/ca\/formadores-de-caixes-safates\/for-1700 \">FOR-1700<\/a><\/p>\n<p><a href=\"http:\/\/www.jorpack.com\/ca\/formadores-de-caixes-safates\/for-325 \">FOR-325<\/a><\/p>\n<p><a href=\"http:\/\/www.jorpack.com\/ca\/tancadores-de-caixes-tipus-b1-americana\/cer-1300 \">CER-1300<\/a>[\/vc_column_text][\/vc_column][\/vc_row][\/vc_section]<\/p>\n<\/div>","protected":false},"excerpt":{"rendered":"<p>Formadores de Safates<\/p>\n<p>Formadora de safates displays FOR-BAND Jorpack de construcci\u00f3 modular.<\/p>\n<p>M\u00e0quina dissenyada per a la formaci\u00f3 de safates de 600x400mm, partint de planxa de cart\u00f3 totalment troquelada mitjan\u00e7ant el sistema d&#8217;encolat hot-melt.<\/p>\n<p>Inclou magatzem de planxes de cart\u00f3 ergon\u00f2mic.<\/p>\n","protected":false},"featured_media":14742,"template":"","meta":{"_acf_changed":false},"sector":[157,158,154,153,181,171,159,178,180,155,150,168,173,149,169,182,170,163,179,156,164,183,162,187,174,177,151,161,184,189,165,167,160],"product_brand":[],"product_cat":[77],"product_tag":[],"class_list":{"0":"post-3448","1":"product","2":"type-product","3":"status-publish","4":"has-post-thumbnail","6":"sector-aceite","7":"sector-agua","8":"sector-alimentacion","9":"sector-automocion","10":"sector-azucar","11":"sector-bandas-depilatorias","12":"sector-bodegas","13":"sector-cafe","14":"sector-conservas","15":"sector-construccion","16":"sector-cosmetica","17":"sector-cremas","18":"sector-detergentes","19":"sector-embotellado","20":"sector-estuches","21":"sector-galletas","22":"sector-higiene","23":"sector-horchata","24":"sector-huevos","25":"sector-jardineria","26":"sector-licores","27":"sector-packs-al","28":"sector-packs","29":"sector-pintura","30":"sector-productos-de-limpieza","31":"sector-productos-de-limpieza-2","32":"sector-quimico","33":"sector-refrescos","34":"sector-reposteria","35":"sector-semillas","36":"sector-sidra","37":"sector-tarros","38":"sector-zumos","39":"product_cat-formadores-de-caixes-i-safates","41":"first","42":"instock","43":"shipping-taxable","44":"product-type-simple"},"acf":[],"yoast_head":"<!-- This site is optimized with the Yoast SEO plugin v27.2 - https:\/\/yoast.com\/product\/yoast-seo-wordpress\/ -->\n<title>FOR-BAND - Jorpack\u00ae<\/title>\n<meta name=\"robots\" content=\"index, follow, max-snippet:-1, max-image-preview:large, max-video-preview:-1\" \/>\n<link rel=\"canonical\" href=\"https:\/\/jorpack.com\/ca\/formadores-de-caixes-safates\/for-band\/\" \/>\n<meta property=\"og:locale\" content=\"ca_ES\" \/>\n<meta property=\"og:type\" content=\"article\" \/>\n<meta property=\"og:title\" content=\"FOR-BAND - Jorpack\u00ae\" \/>\n<meta property=\"og:description\" content=\"Formadores de Safates  Formadora de safates displays FOR-BAND Jorpack de construcci\u00f3 modular.  M\u00e0quina dissenyada per a la formaci\u00f3 de safates de 600x400mm, partint de planxa de cart\u00f3 totalment troquelada mitjan\u00e7ant el sistema d&#039;encolat hot-melt.  Inclou magatzem de planxes de cart\u00f3 ergon\u00f2mic.\" \/>\n<meta property=\"og:url\" content=\"https:\/\/jorpack.com\/ca\/formadores-de-caixes-safates\/for-band\/\" \/>\n<meta property=\"og:site_name\" content=\"Jorpack\u00ae\" \/>\n<meta property=\"article:modified_time\" content=\"2025-02-20T14:03:34+00:00\" \/>\n<meta property=\"og:image\" content=\"https:\/\/jorpack.com\/wp-content\/uploads\/2022\/05\/formadora-de-bandejas-jorpack-FOR-BAND-1.jpg\" \/>\n\t<meta property=\"og:image:width\" content=\"1024\" \/>\n\t<meta property=\"og:image:height\" content=\"1024\" \/>\n\t<meta property=\"og:image:type\" content=\"image\/jpeg\" \/>\n<meta name=\"twitter:card\" content=\"summary_large_image\" \/>\n<meta name=\"twitter:label1\" content=\"Temps estimat de lectura\" \/>\n\t<meta name=\"twitter:data1\" content=\"2 minuts\" \/>\n<script type=\"application\/ld+json\" class=\"yoast-schema-graph\">{\"@context\":\"https:\/\/schema.org\",\"@graph\":[{\"@type\":\"WebPage\",\"@id\":\"https:\/\/jorpack.com\/ca\/formadores-de-caixes-safates\/for-band\/\",\"url\":\"https:\/\/jorpack.com\/ca\/formadores-de-caixes-safates\/for-band\/\",\"name\":\"FOR-BAND - Jorpack\u00ae\",\"isPartOf\":{\"@id\":\"https:\/\/jorpack.com\/ca\/#website\"},\"primaryImageOfPage\":{\"@id\":\"https:\/\/jorpack.com\/ca\/formadores-de-caixes-safates\/for-band\/#primaryimage\"},\"image\":{\"@id\":\"https:\/\/jorpack.com\/ca\/formadores-de-caixes-safates\/for-band\/#primaryimage\"},\"thumbnailUrl\":\"https:\/\/jorpack.com\/wp-content\/uploads\/2022\/04\/formadora-de-bandejas-jorpack-FOR-BAND_2025-1.webp\",\"datePublished\":\"2022-09-07T10:26:06+00:00\",\"dateModified\":\"2025-02-20T14:03:34+00:00\",\"breadcrumb\":{\"@id\":\"https:\/\/jorpack.com\/ca\/formadores-de-caixes-safates\/for-band\/#breadcrumb\"},\"inLanguage\":\"ca\",\"potentialAction\":[{\"@type\":\"ReadAction\",\"target\":[\"https:\/\/jorpack.com\/ca\/formadores-de-caixes-safates\/for-band\/\"]}]},{\"@type\":\"ImageObject\",\"inLanguage\":\"ca\",\"@id\":\"https:\/\/jorpack.com\/ca\/formadores-de-caixes-safates\/for-band\/#primaryimage\",\"url\":\"https:\/\/jorpack.com\/wp-content\/uploads\/2022\/04\/formadora-de-bandejas-jorpack-FOR-BAND_2025-1.webp\",\"contentUrl\":\"https:\/\/jorpack.com\/wp-content\/uploads\/2022\/04\/formadora-de-bandejas-jorpack-FOR-BAND_2025-1.webp\",\"width\":1200,\"height\":1200},{\"@type\":\"BreadcrumbList\",\"@id\":\"https:\/\/jorpack.com\/ca\/formadores-de-caixes-safates\/for-band\/#breadcrumb\",\"itemListElement\":[{\"@type\":\"ListItem\",\"position\":1,\"name\":\"Portada\",\"item\":\"https:\/\/jorpack.com\/ca\/\"},{\"@type\":\"ListItem\",\"position\":2,\"name\":\"Tienda\",\"item\":\"https:\/\/jorpack.com\/tienda\/\"},{\"@type\":\"ListItem\",\"position\":3,\"name\":\"FOR-BAND\"}]},{\"@type\":\"WebSite\",\"@id\":\"https:\/\/jorpack.com\/ca\/#website\",\"url\":\"https:\/\/jorpack.com\/ca\/\",\"name\":\"Jorpack\u00ae\",\"description\":\"Amplia selecci\u00f3n de Formadoras\",\"publisher\":{\"@id\":\"https:\/\/jorpack.com\/ca\/#organization\"},\"potentialAction\":[{\"@type\":\"SearchAction\",\"target\":{\"@type\":\"EntryPoint\",\"urlTemplate\":\"https:\/\/jorpack.com\/ca\/?s={search_term_string}\"},\"query-input\":{\"@type\":\"PropertyValueSpecification\",\"valueRequired\":true,\"valueName\":\"search_term_string\"}}],\"inLanguage\":\"ca\"},{\"@type\":\"Organization\",\"@id\":\"https:\/\/jorpack.com\/ca\/#organization\",\"name\":\"Jorpack\u00ae\",\"url\":\"https:\/\/jorpack.com\/ca\/\",\"logo\":{\"@type\":\"ImageObject\",\"inLanguage\":\"ca\",\"@id\":\"https:\/\/jorpack.com\/ca\/#\/schema\/logo\/image\/\",\"url\":\"https:\/\/jorpack.com\/wp-content\/uploads\/2022\/03\/cropped-jorpack-logotipo.png\",\"contentUrl\":\"https:\/\/jorpack.com\/wp-content\/uploads\/2022\/03\/cropped-jorpack-logotipo.png\",\"width\":500,\"height\":110,\"caption\":\"Jorpack\u00ae\"},\"image\":{\"@id\":\"https:\/\/jorpack.com\/ca\/#\/schema\/logo\/image\/\"}}]}<\/script>\n<!-- \/ Yoast SEO plugin. -->","yoast_head_json":{"title":"FOR-BAND - Jorpack\u00ae","robots":{"index":"index","follow":"follow","max-snippet":"max-snippet:-1","max-image-preview":"max-image-preview:large","max-video-preview":"max-video-preview:-1"},"canonical":"https:\/\/jorpack.com\/ca\/formadores-de-caixes-safates\/for-band\/","og_locale":"ca_ES","og_type":"article","og_title":"FOR-BAND - Jorpack\u00ae","og_description":"Formadores de Safates  Formadora de safates displays FOR-BAND Jorpack de construcci\u00f3 modular.  M\u00e0quina dissenyada per a la formaci\u00f3 de safates de 600x400mm, partint de planxa de cart\u00f3 totalment troquelada mitjan\u00e7ant el sistema d'encolat hot-melt.  Inclou magatzem de planxes de cart\u00f3 ergon\u00f2mic.","og_url":"https:\/\/jorpack.com\/ca\/formadores-de-caixes-safates\/for-band\/","og_site_name":"Jorpack\u00ae","article_modified_time":"2025-02-20T14:03:34+00:00","og_image":[{"width":1024,"height":1024,"url":"https:\/\/jorpack.com\/wp-content\/uploads\/2022\/05\/formadora-de-bandejas-jorpack-FOR-BAND-1.jpg","type":"image\/jpeg"}],"twitter_card":"summary_large_image","twitter_misc":{"Temps estimat de lectura":"2 minuts"},"schema":{"@context":"https:\/\/schema.org","@graph":[{"@type":"WebPage","@id":"https:\/\/jorpack.com\/ca\/formadores-de-caixes-safates\/for-band\/","url":"https:\/\/jorpack.com\/ca\/formadores-de-caixes-safates\/for-band\/","name":"FOR-BAND - Jorpack\u00ae","isPartOf":{"@id":"https:\/\/jorpack.com\/ca\/#website"},"primaryImageOfPage":{"@id":"https:\/\/jorpack.com\/ca\/formadores-de-caixes-safates\/for-band\/#primaryimage"},"image":{"@id":"https:\/\/jorpack.com\/ca\/formadores-de-caixes-safates\/for-band\/#primaryimage"},"thumbnailUrl":"https:\/\/jorpack.com\/wp-content\/uploads\/2022\/04\/formadora-de-bandejas-jorpack-FOR-BAND_2025-1.webp","datePublished":"2022-09-07T10:26:06+00:00","dateModified":"2025-02-20T14:03:34+00:00","breadcrumb":{"@id":"https:\/\/jorpack.com\/ca\/formadores-de-caixes-safates\/for-band\/#breadcrumb"},"inLanguage":"ca","potentialAction":[{"@type":"ReadAction","target":["https:\/\/jorpack.com\/ca\/formadores-de-caixes-safates\/for-band\/"]}]},{"@type":"ImageObject","inLanguage":"ca","@id":"https:\/\/jorpack.com\/ca\/formadores-de-caixes-safates\/for-band\/#primaryimage","url":"https:\/\/jorpack.com\/wp-content\/uploads\/2022\/04\/formadora-de-bandejas-jorpack-FOR-BAND_2025-1.webp","contentUrl":"https:\/\/jorpack.com\/wp-content\/uploads\/2022\/04\/formadora-de-bandejas-jorpack-FOR-BAND_2025-1.webp","width":1200,"height":1200},{"@type":"BreadcrumbList","@id":"https:\/\/jorpack.com\/ca\/formadores-de-caixes-safates\/for-band\/#breadcrumb","itemListElement":[{"@type":"ListItem","position":1,"name":"Portada","item":"https:\/\/jorpack.com\/ca\/"},{"@type":"ListItem","position":2,"name":"Tienda","item":"https:\/\/jorpack.com\/tienda\/"},{"@type":"ListItem","position":3,"name":"FOR-BAND"}]},{"@type":"WebSite","@id":"https:\/\/jorpack.com\/ca\/#website","url":"https:\/\/jorpack.com\/ca\/","name":"Jorpack\u00ae","description":"Amplia selecci\u00f3n de Formadoras","publisher":{"@id":"https:\/\/jorpack.com\/ca\/#organization"},"potentialAction":[{"@type":"SearchAction","target":{"@type":"EntryPoint","urlTemplate":"https:\/\/jorpack.com\/ca\/?s={search_term_string}"},"query-input":{"@type":"PropertyValueSpecification","valueRequired":true,"valueName":"search_term_string"}}],"inLanguage":"ca"},{"@type":"Organization","@id":"https:\/\/jorpack.com\/ca\/#organization","name":"Jorpack\u00ae","url":"https:\/\/jorpack.com\/ca\/","logo":{"@type":"ImageObject","inLanguage":"ca","@id":"https:\/\/jorpack.com\/ca\/#\/schema\/logo\/image\/","url":"https:\/\/jorpack.com\/wp-content\/uploads\/2022\/03\/cropped-jorpack-logotipo.png","contentUrl":"https:\/\/jorpack.com\/wp-content\/uploads\/2022\/03\/cropped-jorpack-logotipo.png","width":500,"height":110,"caption":"Jorpack\u00ae"},"image":{"@id":"https:\/\/jorpack.com\/ca\/#\/schema\/logo\/image\/"}}]}},"_links":{"self":[{"href":"https:\/\/jorpack.com\/ca\/wp-json\/wp\/v2\/product\/3448","targetHints":{"allow":["GET"]}}],"collection":[{"href":"https:\/\/jorpack.com\/ca\/wp-json\/wp\/v2\/product"}],"about":[{"href":"https:\/\/jorpack.com\/ca\/wp-json\/wp\/v2\/types\/product"}],"wp:featuredmedia":[{"embeddable":true,"href":"https:\/\/jorpack.com\/ca\/wp-json\/wp\/v2\/media\/14742"}],"wp:attachment":[{"href":"https:\/\/jorpack.com\/ca\/wp-json\/wp\/v2\/media?parent=3448"}],"wp:term":[{"taxonomy":"sector","embeddable":true,"href":"https:\/\/jorpack.com\/ca\/wp-json\/wp\/v2\/sector?post=3448"},{"taxonomy":"product_brand","embeddable":true,"href":"https:\/\/jorpack.com\/ca\/wp-json\/wp\/v2\/product_brand?post=3448"},{"taxonomy":"product_cat","embeddable":true,"href":"https:\/\/jorpack.com\/ca\/wp-json\/wp\/v2\/product_cat?post=3448"},{"taxonomy":"product_tag","embeddable":true,"href":"https:\/\/jorpack.com\/ca\/wp-json\/wp\/v2\/product_tag?post=3448"}],"curies":[{"name":"wp","href":"https:\/\/api.w.org\/{rel}","templated":true}]}}