{"id":3386,"date":"2022-04-21T05:31:01","date_gmt":"2022-09-07T08:42:40","guid":{"rendered":"https:\/\/jorpack.com\/?post_type=product&#038;p=3386"},"modified":"2025-02-20T14:39:10","modified_gmt":"2025-02-20T14:39:10","slug":"cer-1300","status":"publish","type":"product","link":"https:\/\/jorpack.com\/ca\/tancadores-de-caixes-tipus-b1-americana\/cer-1300\/","title":{"rendered":"CER-1300"},"content":{"rendered":"<div class=\"wpb-content-wrapper\"><p>[vc_section css=&#8221;.vc_custom_1650361358445{margin-top: 0px !important;}&#8221; el_class=&#8221;ficha-tecnica&#8221;][vc_row][vc_column width=&#8221;5\/6&#8243;][vc_toggle title=&#8221;Producci\u00f3&#8221;]40 cajas\/minuto[\/vc_toggle][vc_toggle title=&#8221;Accessoris Inclosos&#8221; el_class=&#8221;faq-palet&#8221;]<\/p>\n<div class=\"cont-flex\">\n<p style=\"text-align: left;\"><img decoding=\"async\" class=\"alignnone size-medium wp-image-1735\" src=\"https:\/\/jorpack.com\/wp-content\/uploads\/2022\/04\/icono-pantalla-display-jorpack-300x300.png\" alt=\"\" width=\"300\" height=\"300\" srcset=\"https:\/\/jorpack.com\/wp-content\/uploads\/2022\/04\/icono-pantalla-display-jorpack-300x300.png 300w, https:\/\/jorpack.com\/wp-content\/uploads\/2022\/04\/icono-pantalla-display-jorpack-150x150.png 150w, https:\/\/jorpack.com\/wp-content\/uploads\/2022\/04\/icono-pantalla-display-jorpack-100x100.png 100w, https:\/\/jorpack.com\/wp-content\/uploads\/2022\/04\/icono-pantalla-display-jorpack.png 540w\" sizes=\"(max-width: 300px) 100vw, 300px\" \/><br \/>\nPantalla t\u00e1ctil display<\/p>\n<p style=\"text-align: left;\"><img decoding=\"async\" class=\"alignnone size-medium wp-image-1830\" src=\"https:\/\/jorpack.com\/wp-content\/uploads\/2022\/05\/icono-equipo-encolado-hotmelt-300x300.png\" alt=\"\" width=\"300\" height=\"300\" srcset=\"https:\/\/jorpack.com\/wp-content\/uploads\/2022\/05\/icono-equipo-encolado-hotmelt-300x300.png 300w, https:\/\/jorpack.com\/wp-content\/uploads\/2022\/05\/icono-equipo-encolado-hotmelt-150x150.png 150w, https:\/\/jorpack.com\/wp-content\/uploads\/2022\/05\/icono-equipo-encolado-hotmelt-100x100.png 100w, https:\/\/jorpack.com\/wp-content\/uploads\/2022\/05\/icono-equipo-encolado-hotmelt.png 541w\" sizes=\"(max-width: 300px) 100vw, 300px\" \/><br \/>\nEquipo de encolado Hot-melt<\/p>\n<\/div>\n<p>[\/vc_toggle][vc_raw_html]W1Nhc3N5X1NvY2lhbF9TaGFyZSB0aXRsZT0iQ29tcGFydGVpeCJd[\/vc_raw_html][\/vc_column][vc_column width=&#8221;1\/6&#8243; offset=&#8221;vc_hidden-xs&#8221; el_class=&#8221;col-descargar-ficha&#8221;]<div class=\"ult-content-box-container \" >\t\t<div class=\"ult-content-box\" style=\"box-shadow: px px px px none;-webkit-transition: all 700ms ease;-moz-transition: all 700ms ease;-ms-transition: all 700ms ease;-o-transition: all 700ms ease;transition: all 700ms ease;\"  data-hover_box_shadow=\"none\"    >[vc_single_image image=&#8221;645&#8243; alignment=&#8221;center&#8221; css=&#8221;.vc_custom_1648732644686{margin-bottom: 10px !important;}&#8221;][vc_column_text]<\/p>\n<p style=\"text-align: center;\"><span style=\"color: #394049;\">Fitxaa t\u00e8cnica<br \/>\nDESP-4000<\/span><\/p>\n<p>[\/vc_column_text]\t\t<\/div><\/div>[\/vc_column][\/vc_row][\/vc_section][vc_section][vc_row gap=&#8221;35&#8243;][vc_column width=&#8221;3\/4&#8243; el_class=&#8221;productos-sugeridos&#8221;][vc_column_text]<\/p>\n<h3>Completa la l\u00ednia amb:<\/h3>\n<p>[\/vc_column_text][vc_basic_grid post_type=&#8221;ids&#8221; element_width=&#8221;3&#8243; gap=&#8221;35&#8243; item=&#8221;1394&#8243; grid_id=&#8221;vc_gid:1663919585690-d5404219-4dd6-6&#8243; include=&#8221;1526, 1532, 1506&#8243;][\/vc_column][vc_column width=&#8221;1\/4&#8243; el_class=&#8221;productos-relacionados&#8221;][vc_column_text]<\/p>\n<h3>Productes relacionats:<\/h3>\n<p>[\/vc_column_text][vc_column_text]<a href=\"http:\/\/www.jorpack.com\/ca\/formadores-de-caixes-safates\/for-1200 \">FOR-1200<\/a><\/p>\n<p><a href=\"http:\/\/www.jorpack.com\/ca\/formadores-de-caixes-safates\/for-1700 \">FOR-1700<\/a><\/p>\n<p><a href=\"http:\/\/www.jorpack.com\/ca\/formadores-de-caixes-safates\/for-325 \">FOR-325<\/a><\/p>\n<p><a href=\"http:\/\/www.jorpack.com\/ca\/formadores-de-caixes-safates\/for-band \">FOR-BAND<\/a>[\/vc_column_text][\/vc_column][\/vc_row][\/vc_section]<\/p>\n<\/div>","protected":false},"excerpt":{"rendered":"<p>Tancadora de caixes<\/p>\n<p>La Tancadora de caixes de cart\u00f3 autom\u00e0tica CER-1300 Jorpack es caracteritza per ser una m\u00e0quina de construcci\u00f3 modular, s\u00f2lida, robusta, vers\u00e0til i de gran fiabilitat, capa\u00e7 de satisfer des de baixes fins a produccions altes.<\/p>\n<p>La funci\u00f3 d&#8217;aquesta m\u00e0quina tancadora de caixes \u00e9s la de tancar les solapes superiors de les caixes de cart\u00f3 tipus B1 amb el sistema d&#8217;encolat hot-melt un cop el producte ja ha estat encaixat.<\/p>\n<p>Inclou un sistema de regulaci\u00f3 per realitzar una infinitat de formats diferents de caixes, entre els quals destaca l&#8217;obertura i el tancament de la m\u00e0quina.<\/p>\n","protected":false},"featured_media":14751,"template":"","meta":{"_acf_changed":false},"sector":[157,158,154,153,181,171,176,159,178,180,155,150,168,173,149,169,152,182,170,163,179,156,164,187,174,177,151,161,184,189,165,175,167,160],"product_brand":[],"product_cat":[77],"product_tag":[],"class_list":{"0":"post-3386","1":"product","2":"type-product","3":"status-publish","4":"has-post-thumbnail","6":"sector-aceite","7":"sector-agua","8":"sector-alimentacion","9":"sector-automocion","10":"sector-azucar","11":"sector-bandas-depilatorias","12":"sector-blisters","13":"sector-bodegas","14":"sector-cafe","15":"sector-conservas","16":"sector-construccion","17":"sector-cosmetica","18":"sector-cremas","19":"sector-detergentes","20":"sector-embotellado","21":"sector-estuches","22":"sector-farmacia","23":"sector-galletas","24":"sector-higiene","25":"sector-horchata","26":"sector-huevos","27":"sector-jardineria","28":"sector-licores","29":"sector-pintura","30":"sector-productos-de-limpieza","31":"sector-productos-de-limpieza-2","32":"sector-quimico","33":"sector-refrescos","34":"sector-reposteria","35":"sector-semillas","36":"sector-sidra","37":"sector-sueros","38":"sector-tarros","39":"sector-zumos","40":"product_cat-formadores-de-caixes-i-safates","42":"first","43":"instock","44":"shipping-taxable","45":"product-type-simple"},"acf":[],"yoast_head":"<!-- This site is optimized with the Yoast SEO plugin v27.2 - https:\/\/yoast.com\/product\/yoast-seo-wordpress\/ -->\n<title>CER-1300 - Jorpack\u00ae<\/title>\n<meta name=\"robots\" content=\"index, follow, max-snippet:-1, max-image-preview:large, max-video-preview:-1\" \/>\n<link rel=\"canonical\" href=\"https:\/\/jorpack.com\/ca\/tancadores-de-caixes-tipus-b1-americana\/cer-1300\/\" \/>\n<meta property=\"og:locale\" content=\"ca_ES\" \/>\n<meta property=\"og:type\" content=\"article\" \/>\n<meta property=\"og:title\" content=\"CER-1300 - Jorpack\u00ae\" \/>\n<meta property=\"og:description\" content=\"Tancadora de caixes  La Tancadora de caixes de cart\u00f3 autom\u00e0tica CER-1300 Jorpack es caracteritza per ser una m\u00e0quina de construcci\u00f3 modular, s\u00f2lida, robusta, vers\u00e0til i de gran fiabilitat, capa\u00e7 de satisfer des de baixes fins a produccions altes.  La funci\u00f3 d&#039;aquesta m\u00e0quina tancadora de caixes \u00e9s la de tancar les solapes superiors de les caixes de cart\u00f3 tipus B1 amb el sistema d&#039;encolat hot-melt un cop el producte ja ha estat encaixat.  Inclou un sistema de regulaci\u00f3 per realitzar una infinitat de formats diferents de caixes, entre els quals destaca l&#039;obertura i el tancament de la m\u00e0quina.\" \/>\n<meta property=\"og:url\" content=\"https:\/\/jorpack.com\/ca\/tancadores-de-caixes-tipus-b1-americana\/cer-1300\/\" \/>\n<meta property=\"og:site_name\" content=\"Jorpack\u00ae\" \/>\n<meta property=\"article:modified_time\" content=\"2025-02-20T14:39:10+00:00\" \/>\n<meta property=\"og:image\" content=\"https:\/\/jorpack.com\/wp-content\/uploads\/2022\/04\/cerradora-de-cajas-tipo-b1-americana-jorpack-CER-1300.webp\" \/>\n\t<meta property=\"og:image:width\" content=\"1200\" \/>\n\t<meta property=\"og:image:height\" content=\"1200\" \/>\n\t<meta property=\"og:image:type\" content=\"image\/webp\" \/>\n<meta name=\"twitter:card\" content=\"summary_large_image\" \/>\n<meta name=\"twitter:label1\" content=\"Temps estimat de lectura\" \/>\n\t<meta name=\"twitter:data1\" content=\"1 minut\" \/>\n<script type=\"application\/ld+json\" class=\"yoast-schema-graph\">{\"@context\":\"https:\/\/schema.org\",\"@graph\":[{\"@type\":\"WebPage\",\"@id\":\"https:\/\/jorpack.com\/ca\/tancadores-de-caixes-tipus-b1-americana\/cer-1300\/\",\"url\":\"https:\/\/jorpack.com\/ca\/tancadores-de-caixes-tipus-b1-americana\/cer-1300\/\",\"name\":\"CER-1300 - Jorpack\u00ae\",\"isPartOf\":{\"@id\":\"https:\/\/jorpack.com\/ca\/#website\"},\"primaryImageOfPage\":{\"@id\":\"https:\/\/jorpack.com\/ca\/tancadores-de-caixes-tipus-b1-americana\/cer-1300\/#primaryimage\"},\"image\":{\"@id\":\"https:\/\/jorpack.com\/ca\/tancadores-de-caixes-tipus-b1-americana\/cer-1300\/#primaryimage\"},\"thumbnailUrl\":\"https:\/\/jorpack.com\/wp-content\/uploads\/2022\/04\/cerradora-de-cajas-tipo-b1-americana-jorpack-CER-1300.webp\",\"datePublished\":\"2022-09-07T08:42:40+00:00\",\"dateModified\":\"2025-02-20T14:39:10+00:00\",\"breadcrumb\":{\"@id\":\"https:\/\/jorpack.com\/ca\/tancadores-de-caixes-tipus-b1-americana\/cer-1300\/#breadcrumb\"},\"inLanguage\":\"ca\",\"potentialAction\":[{\"@type\":\"ReadAction\",\"target\":[\"https:\/\/jorpack.com\/ca\/tancadores-de-caixes-tipus-b1-americana\/cer-1300\/\"]}]},{\"@type\":\"ImageObject\",\"inLanguage\":\"ca\",\"@id\":\"https:\/\/jorpack.com\/ca\/tancadores-de-caixes-tipus-b1-americana\/cer-1300\/#primaryimage\",\"url\":\"https:\/\/jorpack.com\/wp-content\/uploads\/2022\/04\/cerradora-de-cajas-tipo-b1-americana-jorpack-CER-1300.webp\",\"contentUrl\":\"https:\/\/jorpack.com\/wp-content\/uploads\/2022\/04\/cerradora-de-cajas-tipo-b1-americana-jorpack-CER-1300.webp\",\"width\":1200,\"height\":1200,\"caption\":\"cerradora-de-cajas-tipo-b1-americana-jorpack-CER-1300\"},{\"@type\":\"BreadcrumbList\",\"@id\":\"https:\/\/jorpack.com\/ca\/tancadores-de-caixes-tipus-b1-americana\/cer-1300\/#breadcrumb\",\"itemListElement\":[{\"@type\":\"ListItem\",\"position\":1,\"name\":\"Portada\",\"item\":\"https:\/\/jorpack.com\/ca\/\"},{\"@type\":\"ListItem\",\"position\":2,\"name\":\"Tienda\",\"item\":\"https:\/\/jorpack.com\/tienda\/\"},{\"@type\":\"ListItem\",\"position\":3,\"name\":\"CER-1300\"}]},{\"@type\":\"WebSite\",\"@id\":\"https:\/\/jorpack.com\/ca\/#website\",\"url\":\"https:\/\/jorpack.com\/ca\/\",\"name\":\"Jorpack\u00ae\",\"description\":\"Amplia selecci\u00f3n de Formadoras\",\"publisher\":{\"@id\":\"https:\/\/jorpack.com\/ca\/#organization\"},\"potentialAction\":[{\"@type\":\"SearchAction\",\"target\":{\"@type\":\"EntryPoint\",\"urlTemplate\":\"https:\/\/jorpack.com\/ca\/?s={search_term_string}\"},\"query-input\":{\"@type\":\"PropertyValueSpecification\",\"valueRequired\":true,\"valueName\":\"search_term_string\"}}],\"inLanguage\":\"ca\"},{\"@type\":\"Organization\",\"@id\":\"https:\/\/jorpack.com\/ca\/#organization\",\"name\":\"Jorpack\u00ae\",\"url\":\"https:\/\/jorpack.com\/ca\/\",\"logo\":{\"@type\":\"ImageObject\",\"inLanguage\":\"ca\",\"@id\":\"https:\/\/jorpack.com\/ca\/#\/schema\/logo\/image\/\",\"url\":\"https:\/\/jorpack.com\/wp-content\/uploads\/2022\/03\/cropped-jorpack-logotipo.png\",\"contentUrl\":\"https:\/\/jorpack.com\/wp-content\/uploads\/2022\/03\/cropped-jorpack-logotipo.png\",\"width\":500,\"height\":110,\"caption\":\"Jorpack\u00ae\"},\"image\":{\"@id\":\"https:\/\/jorpack.com\/ca\/#\/schema\/logo\/image\/\"}}]}<\/script>\n<!-- \/ Yoast SEO plugin. -->","yoast_head_json":{"title":"CER-1300 - Jorpack\u00ae","robots":{"index":"index","follow":"follow","max-snippet":"max-snippet:-1","max-image-preview":"max-image-preview:large","max-video-preview":"max-video-preview:-1"},"canonical":"https:\/\/jorpack.com\/ca\/tancadores-de-caixes-tipus-b1-americana\/cer-1300\/","og_locale":"ca_ES","og_type":"article","og_title":"CER-1300 - Jorpack\u00ae","og_description":"Tancadora de caixes  La Tancadora de caixes de cart\u00f3 autom\u00e0tica CER-1300 Jorpack es caracteritza per ser una m\u00e0quina de construcci\u00f3 modular, s\u00f2lida, robusta, vers\u00e0til i de gran fiabilitat, capa\u00e7 de satisfer des de baixes fins a produccions altes.  La funci\u00f3 d'aquesta m\u00e0quina tancadora de caixes \u00e9s la de tancar les solapes superiors de les caixes de cart\u00f3 tipus B1 amb el sistema d'encolat hot-melt un cop el producte ja ha estat encaixat.  Inclou un sistema de regulaci\u00f3 per realitzar una infinitat de formats diferents de caixes, entre els quals destaca l'obertura i el tancament de la m\u00e0quina.","og_url":"https:\/\/jorpack.com\/ca\/tancadores-de-caixes-tipus-b1-americana\/cer-1300\/","og_site_name":"Jorpack\u00ae","article_modified_time":"2025-02-20T14:39:10+00:00","og_image":[{"width":1200,"height":1200,"url":"https:\/\/jorpack.com\/wp-content\/uploads\/2022\/04\/cerradora-de-cajas-tipo-b1-americana-jorpack-CER-1300.webp","type":"image\/webp"}],"twitter_card":"summary_large_image","twitter_misc":{"Temps estimat de lectura":"1 minut"},"schema":{"@context":"https:\/\/schema.org","@graph":[{"@type":"WebPage","@id":"https:\/\/jorpack.com\/ca\/tancadores-de-caixes-tipus-b1-americana\/cer-1300\/","url":"https:\/\/jorpack.com\/ca\/tancadores-de-caixes-tipus-b1-americana\/cer-1300\/","name":"CER-1300 - Jorpack\u00ae","isPartOf":{"@id":"https:\/\/jorpack.com\/ca\/#website"},"primaryImageOfPage":{"@id":"https:\/\/jorpack.com\/ca\/tancadores-de-caixes-tipus-b1-americana\/cer-1300\/#primaryimage"},"image":{"@id":"https:\/\/jorpack.com\/ca\/tancadores-de-caixes-tipus-b1-americana\/cer-1300\/#primaryimage"},"thumbnailUrl":"https:\/\/jorpack.com\/wp-content\/uploads\/2022\/04\/cerradora-de-cajas-tipo-b1-americana-jorpack-CER-1300.webp","datePublished":"2022-09-07T08:42:40+00:00","dateModified":"2025-02-20T14:39:10+00:00","breadcrumb":{"@id":"https:\/\/jorpack.com\/ca\/tancadores-de-caixes-tipus-b1-americana\/cer-1300\/#breadcrumb"},"inLanguage":"ca","potentialAction":[{"@type":"ReadAction","target":["https:\/\/jorpack.com\/ca\/tancadores-de-caixes-tipus-b1-americana\/cer-1300\/"]}]},{"@type":"ImageObject","inLanguage":"ca","@id":"https:\/\/jorpack.com\/ca\/tancadores-de-caixes-tipus-b1-americana\/cer-1300\/#primaryimage","url":"https:\/\/jorpack.com\/wp-content\/uploads\/2022\/04\/cerradora-de-cajas-tipo-b1-americana-jorpack-CER-1300.webp","contentUrl":"https:\/\/jorpack.com\/wp-content\/uploads\/2022\/04\/cerradora-de-cajas-tipo-b1-americana-jorpack-CER-1300.webp","width":1200,"height":1200,"caption":"cerradora-de-cajas-tipo-b1-americana-jorpack-CER-1300"},{"@type":"BreadcrumbList","@id":"https:\/\/jorpack.com\/ca\/tancadores-de-caixes-tipus-b1-americana\/cer-1300\/#breadcrumb","itemListElement":[{"@type":"ListItem","position":1,"name":"Portada","item":"https:\/\/jorpack.com\/ca\/"},{"@type":"ListItem","position":2,"name":"Tienda","item":"https:\/\/jorpack.com\/tienda\/"},{"@type":"ListItem","position":3,"name":"CER-1300"}]},{"@type":"WebSite","@id":"https:\/\/jorpack.com\/ca\/#website","url":"https:\/\/jorpack.com\/ca\/","name":"Jorpack\u00ae","description":"Amplia selecci\u00f3n de Formadoras","publisher":{"@id":"https:\/\/jorpack.com\/ca\/#organization"},"potentialAction":[{"@type":"SearchAction","target":{"@type":"EntryPoint","urlTemplate":"https:\/\/jorpack.com\/ca\/?s={search_term_string}"},"query-input":{"@type":"PropertyValueSpecification","valueRequired":true,"valueName":"search_term_string"}}],"inLanguage":"ca"},{"@type":"Organization","@id":"https:\/\/jorpack.com\/ca\/#organization","name":"Jorpack\u00ae","url":"https:\/\/jorpack.com\/ca\/","logo":{"@type":"ImageObject","inLanguage":"ca","@id":"https:\/\/jorpack.com\/ca\/#\/schema\/logo\/image\/","url":"https:\/\/jorpack.com\/wp-content\/uploads\/2022\/03\/cropped-jorpack-logotipo.png","contentUrl":"https:\/\/jorpack.com\/wp-content\/uploads\/2022\/03\/cropped-jorpack-logotipo.png","width":500,"height":110,"caption":"Jorpack\u00ae"},"image":{"@id":"https:\/\/jorpack.com\/ca\/#\/schema\/logo\/image\/"}}]}},"_links":{"self":[{"href":"https:\/\/jorpack.com\/ca\/wp-json\/wp\/v2\/product\/3386","targetHints":{"allow":["GET"]}}],"collection":[{"href":"https:\/\/jorpack.com\/ca\/wp-json\/wp\/v2\/product"}],"about":[{"href":"https:\/\/jorpack.com\/ca\/wp-json\/wp\/v2\/types\/product"}],"wp:featuredmedia":[{"embeddable":true,"href":"https:\/\/jorpack.com\/ca\/wp-json\/wp\/v2\/media\/14751"}],"wp:attachment":[{"href":"https:\/\/jorpack.com\/ca\/wp-json\/wp\/v2\/media?parent=3386"}],"wp:term":[{"taxonomy":"sector","embeddable":true,"href":"https:\/\/jorpack.com\/ca\/wp-json\/wp\/v2\/sector?post=3386"},{"taxonomy":"product_brand","embeddable":true,"href":"https:\/\/jorpack.com\/ca\/wp-json\/wp\/v2\/product_brand?post=3386"},{"taxonomy":"product_cat","embeddable":true,"href":"https:\/\/jorpack.com\/ca\/wp-json\/wp\/v2\/product_cat?post=3386"},{"taxonomy":"product_tag","embeddable":true,"href":"https:\/\/jorpack.com\/ca\/wp-json\/wp\/v2\/product_tag?post=3386"}],"curies":[{"name":"wp","href":"https:\/\/api.w.org\/{rel}","templated":true}]}}