{"id":3430,"date":"2022-09-07T08:03:37","date_gmt":"2022-09-07T08:03:37","guid":{"rendered":"https:\/\/jorpack.com\/?page_id=3430"},"modified":"2025-05-16T06:01:11","modified_gmt":"2025-05-16T06:01:11","slug":"noticies","status":"publish","type":"page","link":"https:\/\/jorpack.com\/ca\/noticies\/","title":{"rendered":"Not\u00edcies"},"content":{"rendered":"<div class=\"wpb-content-wrapper\"><p>[vc_section full_width=&#8221;stretch_row&#8221; css=&#8221;.vc_custom_1649253047809{margin-top: 0px !important;margin-bottom: 0px !important;border-top-width: 0px !important;border-bottom-width: 0px !important;padding-top: 0px !important;padding-bottom: 0px !important;background-color: #75787b !important;}&#8221;][vc_row full_width=&#8221;stretch_row_content&#8221; equal_height=&#8221;yes&#8221; content_placement=&#8221;middle&#8221; css=&#8221;.vc_custom_1649253062229{margin-top: 0px !important;margin-right: 0px !important;margin-bottom: 0px !important;margin-left: 0px !important;border-top-width: 0px !important;border-right-width: 0px !important;border-bottom-width: 0px !important;border-left-width: 0px !important;padding-top: 0px !important;padding-right: 0px !important;padding-bottom: 0px !important;padding-left: 0px !important;}&#8221; el_class=&#8221;noticias_col-con-imagen&#8221;][vc_column width=&#8221;2\/3&#8243;][\/vc_column][vc_column width=&#8221;1\/3&#8243; css=&#8221;.vc_custom_1649253008386{margin-top: 0px !important;margin-right: 0px !important;margin-bottom: 0px !important;border-top-width: 0px !important;border-right-width: 0px !important;border-bottom-width: 0px !important;padding-top: 0px !important;padding-right: 0px !important;background-color: #c22622 !important;}&#8221;][\/vc_column][\/vc_row][vc_row content_placement=&#8221;middle&#8221; el_class=&#8221;noticias_fila-texto-sobre-color&#8221;][vc_column css=&#8221;.vc_custom_1649252870393{padding-top: 0px !important;}&#8221;][vc_column_text css=&#8221;.vc_custom_1662536875792{padding-bottom: 0px !important;}&#8221; el_class=&#8221;text-white&#8221;]<\/p>\n<h1 style=\"text-align: left;\">Not\u00edcies &amp; Esdeveniments<\/h1>\n<p>[\/vc_column_text][\/vc_column][\/vc_row][vc_row bg_type=&#8221;bg_color&#8221; bg_override=&#8221;full&#8221; css=&#8221;.vc_custom_1747375246359{padding-top: 100px !important;padding-bottom: 50px !important;}&#8221; el_id=&#8221;noticias&#8221; bg_color_value=&#8221;#FFFFFF&#8221;][vc_column width=&#8221;3\/4&#8243;][vc_basic_grid post_type=&#8221;post&#8221; max_items=&#8221;-1&#8243; element_width=&#8221;12&#8243; gap=&#8221;35&#8243; item=&#8221;1089&#8243; css=&#8221;.vc_custom_1747375127356{background-color: #FFFFFF00 !important;}&#8221; grid_id=&#8221;vc_gid:1747375024125-054c505d-5035-9&#8243; taxonomies=&#8221;117&#8243;][\/vc_column][vc_column width=&#8221;1\/12&#8243; el_id=&#8221;eventos-sidebar&#8221;][\/vc_column][\/vc_row][\/vc_section][vc_section disable_element=&#8221;yes&#8221; el_id=&#8221;eventos-sidebar&#8221; el_class=&#8221;no-desktop&#8221;][vc_row][vc_column][vc_column_text]<\/p>\n<h5>Pr\u00f3ximos Eventos<\/h5>\n<p>[\/vc_column_text][vc_empty_space height=&#8221;16px&#8221;][\/vc_column][\/vc_row][vc_row][vc_column width=&#8221;1\/2&#8243; offset=&#8221;vc_col-xs-6&#8243;][vc_single_image image=&#8221;1803&#8243; img_size=&#8221;full&#8221;][vc_column_text]<\/p>\n<h5>Hispack 2022<\/h5>\n<p>24-27 de Mayo<br \/>\nBarcelona[\/vc_column_text][\/vc_column][vc_column width=&#8221;1\/2&#8243; offset=&#8221;vc_col-xs-6&#8243;][vc_single_image image=&#8221;1802&#8243; img_size=&#8221;full&#8221;][vc_column_text]<\/p>\n<h5>Euromaq 2023<\/h5>\n<p>14-17 de Febrero<br \/>\nZaragoza[\/vc_column_text][\/vc_column][\/vc_row][\/vc_section][vc_section disable_element=&#8221;yes&#8221;][vc_row][vc_column][vc_row_inner equal_height=&#8221;yes&#8221; content_placement=&#8221;middle&#8221;][vc_column_inner width=&#8221;1\/12&#8243;][vc_column_text]<\/p>\n<h6>Filtros:<\/h6>\n<p>[\/vc_column_text][\/vc_column_inner][vc_column_inner width=&#8221;11\/12&#8243; offset=&#8221;vc_hidden-lg vc_hidden-md vc_hidden-sm vc_hidden-xs&#8221;][vc_raw_html]JTNDZGl2JTIwY2xhc3MlM0QlMjJjb250LWZpbHRyb3MlMjIlM0UlMEElM0NidXR0b24lMjBjbGFzcyUzRCUyMmJ0bi1maWx0cm8lMjBmaWx0cm8tYWN0aXZvJTIyJTIwb25jbGljayUzRCUyMnRvZ2dsZUZpbHRlciUyOCUyOSUzQiUyMiUzRUNhdGVnb3IlQzMlQURhJTIwMSUzQyUyRmJ1dHRvbiUzRSUwQSUzQ2J1dHRvbiUyMGNsYXNzJTNEJTIyYnRuLWZpbHRybyUyMiUyMG9uY2xpY2slM0QlMjJ0b2dnbGVGaWx0ZXIlMjglMjklM0IlMjIlM0VDYXRlZ29yJUMzJUFEYSUyMDElM0MlMkZidXR0b24lM0UlMEElM0NidXR0b24lMjBjbGFzcyUzRCUyMmJ0bi1maWx0cm8lMjIlMjBvbmNsaWNrJTNEJTIydG9nZ2xlRmlsdGVyJTI4JTI5JTNCJTIyJTNFQ2F0ZWdvciVDMyVBRGElMjAxJTNDJTJGYnV0dG9uJTNFJTBBJTNDJTJGZGl2JTNF[\/vc_raw_html][\/vc_column_inner][\/vc_row_inner][vc_basic_grid post_type=&#8221;post&#8221; max_items=&#8221;10&#8243; item=&#8221;1092&#8243; grid_id=&#8221;vc_gid:1747375007998-66e47046-4a17-10&#8243;][\/vc_column][\/vc_row][\/vc_section]<\/p>\n<\/div>","protected":false},"excerpt":{"rendered":"<p>[vc_section full_width=&#8221;stretch_row&#8221; css=&#8221;.vc_custom_1649253047809{margin-top: 0px !important;margin-bottom: 0px !important;border-top-width: 0px !important;border-bottom-width: 0px !important;padding-top: 0px !important;padding-bottom: 0px !important;background-color: #75787b !important;}&#8221;][vc_row full_width=&#8221;stretch_row_content&#8221; equal_height=&#8221;yes&#8221; content_placement=&#8221;middle&#8221; css=&#8221;.vc_custom_1649253062229{margin-top: 0px !important;margin-right: 0px !important;margin-bottom: 0px !important;margin-left: 0px !important;border-top-width: 0px &#8230; <a title=\"Not\u00edcies\" class=\"read-more\" href=\"https:\/\/jorpack.com\/ca\/noticies\/\" aria-label=\"M\u00e9s informaci\u00f3 sobre Not\u00edcies\">Leer m\u00e1s<\/a><\/p>\n","protected":false},"author":2,"featured_media":0,"parent":0,"menu_order":0,"comment_status":"closed","ping_status":"closed","template":"","meta":{"_acf_changed":false,"footnotes":""},"class_list":["post-3430","page","type-page","status-publish"],"acf":[],"yoast_head":"<!-- This site is optimized with the Yoast SEO plugin v27.2 - https:\/\/yoast.com\/product\/yoast-seo-wordpress\/ -->\n<title>Not\u00edcies - Jorpack\u00ae<\/title>\n<meta name=\"description\" content=\"Tota l&#039;actualitat de Jorpack. Les \u00faltimes not\u00edcies i informaci\u00f3 relacionades amb les nostres m\u00e0quines per a embalatge de finals de l\u00ednia.\" \/>\n<meta name=\"robots\" content=\"index, follow, max-snippet:-1, max-image-preview:large, max-video-preview:-1\" \/>\n<link rel=\"canonical\" href=\"https:\/\/jorpack.com\/ca\/noticies\/\" \/>\n<meta property=\"og:locale\" content=\"ca_ES\" \/>\n<meta property=\"og:type\" content=\"article\" \/>\n<meta property=\"og:title\" content=\"Not\u00edcies - Jorpack\u00ae\" \/>\n<meta property=\"og:description\" content=\"Tota l&#039;actualitat de Jorpack. Les \u00faltimes not\u00edcies i informaci\u00f3 relacionades amb les nostres m\u00e0quines per a embalatge de finals de l\u00ednia.\" \/>\n<meta property=\"og:url\" content=\"https:\/\/jorpack.com\/ca\/noticies\/\" \/>\n<meta property=\"og:site_name\" content=\"Jorpack\u00ae\" \/>\n<meta property=\"article:modified_time\" content=\"2025-05-16T06:01:11+00:00\" \/>\n<meta name=\"twitter:card\" content=\"summary_large_image\" \/>\n<meta name=\"twitter:label1\" content=\"Temps estimat de lectura\" \/>\n\t<meta name=\"twitter:data1\" content=\"2 minuts\" \/>\n<script type=\"application\/ld+json\" class=\"yoast-schema-graph\">{\"@context\":\"https:\/\/schema.org\",\"@graph\":[{\"@type\":\"WebPage\",\"@id\":\"https:\/\/jorpack.com\/ca\/noticies\/\",\"url\":\"https:\/\/jorpack.com\/ca\/noticies\/\",\"name\":\"Not\u00edcies - Jorpack\u00ae\",\"isPartOf\":{\"@id\":\"https:\/\/jorpack.com\/ca\/#website\"},\"datePublished\":\"2022-09-07T08:03:37+00:00\",\"dateModified\":\"2025-05-16T06:01:11+00:00\",\"description\":\"Tota l'actualitat de Jorpack. Les \u00faltimes not\u00edcies i informaci\u00f3 relacionades amb les nostres m\u00e0quines per a embalatge de finals de l\u00ednia.\",\"breadcrumb\":{\"@id\":\"https:\/\/jorpack.com\/ca\/noticies\/#breadcrumb\"},\"inLanguage\":\"ca\",\"potentialAction\":[{\"@type\":\"ReadAction\",\"target\":[\"https:\/\/jorpack.com\/ca\/noticies\/\"]}]},{\"@type\":\"BreadcrumbList\",\"@id\":\"https:\/\/jorpack.com\/ca\/noticies\/#breadcrumb\",\"itemListElement\":[{\"@type\":\"ListItem\",\"position\":1,\"name\":\"Portada\",\"item\":\"https:\/\/jorpack.com\/ca\/\"},{\"@type\":\"ListItem\",\"position\":2,\"name\":\"Not\u00edcies\"}]},{\"@type\":\"WebSite\",\"@id\":\"https:\/\/jorpack.com\/ca\/#website\",\"url\":\"https:\/\/jorpack.com\/ca\/\",\"name\":\"Jorpack\u00ae\",\"description\":\"Amplia selecci\u00f3n de Formadoras\",\"publisher\":{\"@id\":\"https:\/\/jorpack.com\/ca\/#organization\"},\"potentialAction\":[{\"@type\":\"SearchAction\",\"target\":{\"@type\":\"EntryPoint\",\"urlTemplate\":\"https:\/\/jorpack.com\/ca\/?s={search_term_string}\"},\"query-input\":{\"@type\":\"PropertyValueSpecification\",\"valueRequired\":true,\"valueName\":\"search_term_string\"}}],\"inLanguage\":\"ca\"},{\"@type\":\"Organization\",\"@id\":\"https:\/\/jorpack.com\/ca\/#organization\",\"name\":\"Jorpack\u00ae\",\"url\":\"https:\/\/jorpack.com\/ca\/\",\"logo\":{\"@type\":\"ImageObject\",\"inLanguage\":\"ca\",\"@id\":\"https:\/\/jorpack.com\/ca\/#\/schema\/logo\/image\/\",\"url\":\"https:\/\/jorpack.com\/wp-content\/uploads\/2022\/03\/cropped-jorpack-logotipo.png\",\"contentUrl\":\"https:\/\/jorpack.com\/wp-content\/uploads\/2022\/03\/cropped-jorpack-logotipo.png\",\"width\":500,\"height\":110,\"caption\":\"Jorpack\u00ae\"},\"image\":{\"@id\":\"https:\/\/jorpack.com\/ca\/#\/schema\/logo\/image\/\"}}]}<\/script>\n<!-- \/ Yoast SEO plugin. -->","yoast_head_json":{"title":"Not\u00edcies - Jorpack\u00ae","description":"Tota l'actualitat de Jorpack. Les \u00faltimes not\u00edcies i informaci\u00f3 relacionades amb les nostres m\u00e0quines per a embalatge de finals de l\u00ednia.","robots":{"index":"index","follow":"follow","max-snippet":"max-snippet:-1","max-image-preview":"max-image-preview:large","max-video-preview":"max-video-preview:-1"},"canonical":"https:\/\/jorpack.com\/ca\/noticies\/","og_locale":"ca_ES","og_type":"article","og_title":"Not\u00edcies - Jorpack\u00ae","og_description":"Tota l'actualitat de Jorpack. Les \u00faltimes not\u00edcies i informaci\u00f3 relacionades amb les nostres m\u00e0quines per a embalatge de finals de l\u00ednia.","og_url":"https:\/\/jorpack.com\/ca\/noticies\/","og_site_name":"Jorpack\u00ae","article_modified_time":"2025-05-16T06:01:11+00:00","twitter_card":"summary_large_image","twitter_misc":{"Temps estimat de lectura":"2 minuts"},"schema":{"@context":"https:\/\/schema.org","@graph":[{"@type":"WebPage","@id":"https:\/\/jorpack.com\/ca\/noticies\/","url":"https:\/\/jorpack.com\/ca\/noticies\/","name":"Not\u00edcies - Jorpack\u00ae","isPartOf":{"@id":"https:\/\/jorpack.com\/ca\/#website"},"datePublished":"2022-09-07T08:03:37+00:00","dateModified":"2025-05-16T06:01:11+00:00","description":"Tota l'actualitat de Jorpack. Les \u00faltimes not\u00edcies i informaci\u00f3 relacionades amb les nostres m\u00e0quines per a embalatge de finals de l\u00ednia.","breadcrumb":{"@id":"https:\/\/jorpack.com\/ca\/noticies\/#breadcrumb"},"inLanguage":"ca","potentialAction":[{"@type":"ReadAction","target":["https:\/\/jorpack.com\/ca\/noticies\/"]}]},{"@type":"BreadcrumbList","@id":"https:\/\/jorpack.com\/ca\/noticies\/#breadcrumb","itemListElement":[{"@type":"ListItem","position":1,"name":"Portada","item":"https:\/\/jorpack.com\/ca\/"},{"@type":"ListItem","position":2,"name":"Not\u00edcies"}]},{"@type":"WebSite","@id":"https:\/\/jorpack.com\/ca\/#website","url":"https:\/\/jorpack.com\/ca\/","name":"Jorpack\u00ae","description":"Amplia selecci\u00f3n de Formadoras","publisher":{"@id":"https:\/\/jorpack.com\/ca\/#organization"},"potentialAction":[{"@type":"SearchAction","target":{"@type":"EntryPoint","urlTemplate":"https:\/\/jorpack.com\/ca\/?s={search_term_string}"},"query-input":{"@type":"PropertyValueSpecification","valueRequired":true,"valueName":"search_term_string"}}],"inLanguage":"ca"},{"@type":"Organization","@id":"https:\/\/jorpack.com\/ca\/#organization","name":"Jorpack\u00ae","url":"https:\/\/jorpack.com\/ca\/","logo":{"@type":"ImageObject","inLanguage":"ca","@id":"https:\/\/jorpack.com\/ca\/#\/schema\/logo\/image\/","url":"https:\/\/jorpack.com\/wp-content\/uploads\/2022\/03\/cropped-jorpack-logotipo.png","contentUrl":"https:\/\/jorpack.com\/wp-content\/uploads\/2022\/03\/cropped-jorpack-logotipo.png","width":500,"height":110,"caption":"Jorpack\u00ae"},"image":{"@id":"https:\/\/jorpack.com\/ca\/#\/schema\/logo\/image\/"}}]}},"_links":{"self":[{"href":"https:\/\/jorpack.com\/ca\/wp-json\/wp\/v2\/pages\/3430","targetHints":{"allow":["GET"]}}],"collection":[{"href":"https:\/\/jorpack.com\/ca\/wp-json\/wp\/v2\/pages"}],"about":[{"href":"https:\/\/jorpack.com\/ca\/wp-json\/wp\/v2\/types\/page"}],"author":[{"embeddable":true,"href":"https:\/\/jorpack.com\/ca\/wp-json\/wp\/v2\/users\/2"}],"replies":[{"embeddable":true,"href":"https:\/\/jorpack.com\/ca\/wp-json\/wp\/v2\/comments?post=3430"}],"version-history":[{"count":0,"href":"https:\/\/jorpack.com\/ca\/wp-json\/wp\/v2\/pages\/3430\/revisions"}],"wp:attachment":[{"href":"https:\/\/jorpack.com\/ca\/wp-json\/wp\/v2\/media?parent=3430"}],"curies":[{"name":"wp","href":"https:\/\/api.w.org\/{rel}","templated":true}]}}