{"id":3311,"date":"2022-09-06T10:11:13","date_gmt":"2022-09-06T10:11:13","guid":{"rendered":"https:\/\/jorpack.com\/?page_id=3311"},"modified":"2023-02-23T09:35:17","modified_gmt":"2023-02-23T09:35:17","slug":"desenvolupament-professional","status":"publish","type":"page","link":"https:\/\/jorpack.com\/ca\/desenvolupament-professional\/","title":{"rendered":"Desenvolupament Professional"},"content":{"rendered":"<div class=\"wpb-content-wrapper\"><p>[vc_row full_width=&#8221;stretch_row_content_no_spaces&#8221; content_placement=&#8221;middle&#8221; parallax=&#8221;content-moving&#8221; parallax_image=&#8221;5027&#8243; el_class=&#8221;mision-vision&#8221;][vc_column][vc_column_text el_class=&#8221;text-white&#8221;]<\/p>\n<h1 style=\"text-align: center;\">Missi\u00f3 i Visi\u00f3<\/h1>\n<p>[\/vc_column_text][\/vc_column][\/vc_row][vc_section full_width=&#8221;stretch_row&#8221; css=&#8221;.vc_custom_1651819222404{padding-top: 100px !important;padding-bottom: 100px !important;}&#8221;][vc_row][vc_column width=&#8221;1\/12&#8243;][\/vc_column][vc_column width=&#8221;10\/12&#8243;][vc_column_text]<\/p>\n<h2 style=\"text-align: center;\">Missi\u00f3<\/h2>\n<p>[\/vc_column_text][vc_column_text el_class=&#8221;destacado&#8221;]<\/p>\n<p style=\"text-align: center;\">La missi\u00f3 de Jorpack \u00e9s ser l&#8217;empresa referent en el sector de l&#8217;embalatge.<\/p>\n<p>[\/vc_column_text][vc_column_text el_class=&#8221;destacado&#8221;]<\/p>\n<p style=\"text-align: center;\">El nostre comprom\u00eds \u00e9s aconseguir la m\u00e0xima satisfacci\u00f3 en els nostres clients. Per aix\u00f2, ens esforcem per oferir-los un valor afegit, proporcionant millores cont\u00ednues tant en la qualitat dels nostres productes, com en l&#8217;efici\u00e8ncia dels processos.<\/p>\n<p>[\/vc_column_text][vc_column_text css=&#8221;.vc_custom_1662458798039{margin-top: 70px !important;}&#8221;]<\/p>\n<h2 style=\"text-align: center;\">Visi\u00f3<\/h2>\n<p>[\/vc_column_text][vc_column_text el_class=&#8221;destacado&#8221;]<\/p>\n<p style=\"text-align: center;\">Treballem per oferir solucions pioneres i innovadores que ens permeten ser l&#8217;empresa de refer\u00e8ncia en maquin\u00e0ria per l&#8217;env\u00e0s i l&#8217;embalatge. Per aix\u00f2, invertim cada dia en el desenvolupament de nous productes i serveis que donen resposta a les necessitats dels nostres clients.<\/p>\n<p>[\/vc_column_text][\/vc_column][vc_column width=&#8221;1\/12&#8243;][\/vc_column][\/vc_row][\/vc_section][vc_section full_width=&#8221;stretch_row&#8221; css=&#8221;.vc_custom_1651128051232{padding-top: 0px !important;padding-bottom: 0px !important;background-color: #f7f8f9 !important;}&#8221;][vc_row full_width=&#8221;stretch_row_content&#8221; equal_height=&#8221;yes&#8221; content_placement=&#8221;middle&#8221;][vc_column width=&#8221;1\/2&#8243; css=&#8221;.vc_custom_1651128012588{padding-top: 40px !important;padding-right: 30px !important;padding-bottom: 40px !important;padding-left: 30px !important;}&#8221; el_class=&#8221;columna-text-left&#8221;][vc_row_inner content_placement=&#8221;middle&#8221;][vc_column_inner el_class=&#8221;mobile-text-align-center&#8221; width=&#8221;11\/12&#8243;][vc_column_text css=&#8221;.vc_custom_1662458872888{margin-bottom: 20px !important;}&#8221;]<\/p>\n<h2 style=\"text-align: left;\">Treballar a Jorpack<\/h2>\n<p>[\/vc_column_text][vc_column_text css=&#8221;.vc_custom_1663768782335{margin-bottom: 10px !important;}&#8221;]<\/p>\n<h4><span style=\"color: #c22622;\">Treballar a Jorpack<\/span><\/h4>\n<p>[\/vc_column_text][vc_column_text]A Jorpack\u00ae apostem pel talent. Per nosaltres, el talent \u00e9s sin\u00f2nim d&#8217;innovaci\u00f3, nous serveis i millor qualitat.[\/vc_column_text][vc_column_text css=&#8221;.vc_custom_1662458995710{margin-bottom: 10px !important;}&#8221;]<\/p>\n<h6><span style=\"color: #c22622;\">Vols formar part del nostre equip?<\/span><\/h6>\n<p>[\/vc_column_text][vc_column_text]Volem con\u00e8ixer-te! Si desitges treballar en un entorn laboral on desenvolupar la teva carrera professional, explica&#8217;ns sobre tu. Estarem encantats de rebre la teva sol\u00b7licitud.[\/vc_column_text][vc_btn title=&#8221;Treballa amb nosaltres&#8221; style=&#8221;flat&#8221; shape=&#8221;square&#8221; color=&#8221;danger&#8221; align=&#8221;left&#8221; link=&#8221;url:https%3A%2F%2Fjorpack.com%2Fca%2Ftreballa-amb-nosaltres%2F|title:Trabaja%20con%20nosotros&#8221; el_class=&#8221;mad_btn-primary&#8221;][\/vc_column_inner][vc_column_inner width=&#8221;1\/12&#8243;][\/vc_column_inner][\/vc_row_inner][\/vc_column][vc_column width=&#8221;1\/2&#8243; css=&#8221;.vc_custom_1677144904468{margin-top: 0px !important;margin-right: 0px !important;margin-bottom: 0px !important;margin-left: 0px !important;padding-top: 0px !important;padding-right: 0px !important;padding-bottom: 0px !important;padding-left: 0px !important;background-image: url(https:\/\/jorpack.com\/wp-content\/uploads\/2022\/04\/trabajador-fabricando-piezas-microcut.jpg?id=1368) !important;background-position: center !important;background-repeat: no-repeat !important;background-size: cover !important;}&#8221; el_class=&#8221;columna-bg-img&#8221;][\/vc_column][\/vc_row][\/vc_section][vc_section full_width=&#8221;stretch_row&#8221; disable_element=&#8221;yes&#8221; css=&#8221;.vc_custom_1651128038280{margin-top: 0px !important;margin-bottom: 0px !important;border-top-width: 0px !important;border-bottom-width: 0px !important;padding-top: 0px !important;padding-bottom: 0px !important;background-color: #f7f8f9 !important;}&#8221; el_class=&#8221;no-mobile&#8221;][vc_row full_width=&#8221;stretch_row_content&#8221; content_placement=&#8221;middle&#8221;][vc_column width=&#8221;1\/2&#8243; css=&#8221;.vc_custom_1647721144249{margin-top: 50px !important;margin-right: 50px !important;border-top-width: 50px !important;}&#8221;][\/vc_column][vc_column width=&#8221;1\/2&#8243; css=&#8221;.vc_custom_1649231599626{padding-top: 0px !important;padding-right: 0px !important;padding-bottom: 0px !important;padding-left: 0px !important;background-position: center !important;background-repeat: no-repeat !important;background-size: cover !important;}&#8221; el_class=&#8221;col-con-imagen&#8221;][vc_single_image image=&#8221;1368&#8243; img_size=&#8221;full&#8221; css=&#8221;.vc_custom_1650354019355{margin-top: 0px !important;margin-bottom: 0px !important;}&#8221;][\/vc_column][\/vc_row][vc_row content_placement=&#8221;middle&#8221; el_class=&#8221;fila-texto-sobre-color&#8221;][vc_column width=&#8221;1\/2&#8243;][vc_row_inner][vc_column_inner el_class=&#8221;mobile-text-align-center&#8221; width=&#8221;5\/6&#8243;][vc_column_text css=&#8221;.vc_custom_1649145811907{margin-bottom: 20px !important;}&#8221;]<\/p>\n<h2 style=\"text-align: left;\">Trabajar en Jorpack<\/h2>\n<p>[\/vc_column_text][vc_column_text css=&#8221;.vc_custom_1649145865700{margin-bottom: 10px !important;}&#8221;]<\/p>\n<h4><span style=\"color: #c22622;\">Empleo<\/span><\/h4>\n<p>[\/vc_column_text][vc_column_text]En Jorpack\u00ae apostamos por el talento. Para nosotros, talento es sin\u00f3nimo de innovaci\u00f3n, nuevos servicios y mayor calidad.[\/vc_column_text][vc_column_text css=&#8221;.vc_custom_1650525473352{margin-bottom: 10px !important;}&#8221;]<\/p>\n<h6><span style=\"color: #c22622;\">\u00bfQuieres formar parte de nuestro equipo? <\/span><\/h6>\n<p>[\/vc_column_text][vc_column_text]\u00a1Queremos conocerte!, Si deseas trabajar en un entorno laboral donde desarrollar tu carrera profesional, cu\u00e9ntanos sobre ti. Estaremos encantados de recibir tu solicitud.[\/vc_column_text][vc_btn title=&#8221;Ir a empleos&#8221; style=&#8221;flat&#8221; shape=&#8221;square&#8221; color=&#8221;danger&#8221; align=&#8221;left&#8221; link=&#8221;url:https%3A%2F%2Fjorpack.com%2Ftrabaja-con-nosotros%2F|title:Trabaja%20con%20nosotros&#8221; el_class=&#8221;mad_btn-primary&#8221;][\/vc_column_inner][vc_column_inner width=&#8221;1\/6&#8243;][\/vc_column_inner][\/vc_row_inner][\/vc_column][vc_column width=&#8221;1\/2&#8243; css=&#8221;.vc_custom_1649231659804{background-position: center !important;background-repeat: no-repeat !important;background-size: cover !important;}&#8221;][\/vc_column][\/vc_row][\/vc_section][vc_section full_width=&#8221;stretch_row&#8221; disable_element=&#8221;yes&#8221; css=&#8221;.vc_custom_1651128242008{background-color: #f7f8f9 !important;}&#8221; el_class=&#8221;no-desktop&#8221;][vc_row full_width=&#8221;stretch_row_content&#8221; content_placement=&#8221;middle&#8221;][vc_column el_class=&#8221;mobile-text-align-center&#8221;][vc_column_text css=&#8221;.vc_custom_1649778247851{margin-bottom: 20px !important;}&#8221;]<\/p>\n<h2 style=\"text-align: center;\">Trabajar en Jorpack<\/h2>\n<p>[\/vc_column_text][vc_column_text css=&#8221;.vc_custom_1649145865700{margin-bottom: 10px !important;}&#8221;]<\/p>\n<h4><span style=\"color: #c22622;\">Empleo<\/span><\/h4>\n<p>[\/vc_column_text][vc_column_text]En Jorpack\u00ae apostamos por el talento. Para nosotros, talento es sin\u00f3nimo de innovaci\u00f3n, nuevos servicios y mayor calidad.[\/vc_column_text][vc_column_text css=&#8221;.vc_custom_1650525480656{margin-bottom: 10px !important;}&#8221;]<\/p>\n<h6><span style=\"color: #c22622;\">\u00bfQuieres formar parte de nuestro equipo? <\/span><\/h6>\n<p>[\/vc_column_text][vc_column_text]\u00a1Queremos conocerte!, Si deseas trabajar en un entorno laboral donde desarrollar tu carrera profesional, cu\u00e9ntanos sobre ti. Estaremos encantados de recibir tu solicitud.[\/vc_column_text][vc_btn title=&#8221;Ir a empleos&#8221; style=&#8221;flat&#8221; shape=&#8221;square&#8221; color=&#8221;danger&#8221; align=&#8221;center&#8221; link=&#8221;url:https%3A%2F%2Fjorpack.com%2Ftrabaja-con-nosotros%2F|title:Trabaja%20con%20nosotros&#8221; el_class=&#8221;mad_btn-primary&#8221;][\/vc_column][\/vc_row][vc_row full_width=&#8221;stretch_row_content_no_spaces&#8221;][vc_column][vc_single_image image=&#8221;1368&#8243; img_size=&#8221;full&#8221; alignment=&#8221;center&#8221; css=&#8221;.vc_custom_1650354043712{margin-top: 0px !important;margin-bottom: 0px !important;}&#8221;][\/vc_column][\/vc_row][\/vc_section]<\/p>\n<\/div>","protected":false},"excerpt":{"rendered":"<p>[vc_row full_width=&#8221;stretch_row_content_no_spaces&#8221; content_placement=&#8221;middle&#8221; parallax=&#8221;content-moving&#8221; parallax_image=&#8221;5027&#8243; el_class=&#8221;mision-vision&#8221;][vc_column][vc_column_text el_class=&#8221;text-white&#8221;] Missi\u00f3 i Visi\u00f3 [\/vc_column_text][\/vc_column][\/vc_row][vc_section full_width=&#8221;stretch_row&#8221; css=&#8221;.vc_custom_1651819222404{padding-top: 100px !important;padding-bottom: 100px !important;}&#8221;][vc_row][vc_column width=&#8221;1\/12&#8243;][\/vc_column][vc_column width=&#8221;10\/12&#8243;][vc_column_text] Missi\u00f3 [\/vc_column_text][vc_column_text el_class=&#8221;destacado&#8221;] La missi\u00f3 de Jorpack \u00e9s ser l&#8217;empresa referent &#8230; <a title=\"Desenvolupament Professional\" class=\"read-more\" href=\"https:\/\/jorpack.com\/ca\/desenvolupament-professional\/\" aria-label=\"M\u00e9s informaci\u00f3 sobre Desenvolupament Professional\">Leer m\u00e1s<\/a><\/p>\n","protected":false},"author":2,"featured_media":0,"parent":3320,"menu_order":0,"comment_status":"closed","ping_status":"closed","template":"","meta":{"_acf_changed":false,"footnotes":""},"class_list":["post-3311","page","type-page","status-publish"],"acf":[],"yoast_head":"<!-- This site is optimized with the Yoast SEO plugin v27.5 - https:\/\/yoast.com\/product\/yoast-seo-wordpress\/ -->\n<title>Desenvolupament Professional - Jorpack\u00ae<\/title>\n<meta name=\"robots\" content=\"index, follow, max-snippet:-1, max-image-preview:large, max-video-preview:-1\" \/>\n<link rel=\"canonical\" href=\"https:\/\/jorpack.com\/ca\/desenvolupament-professional\/\" \/>\n<meta property=\"og:locale\" content=\"ca_ES\" \/>\n<meta property=\"og:type\" content=\"article\" \/>\n<meta property=\"og:title\" content=\"Desenvolupament Professional - Jorpack\u00ae\" \/>\n<meta property=\"og:description\" content=\"[vc_row full_width=&#8221;stretch_row_content_no_spaces&#8221; content_placement=&#8221;middle&#8221; parallax=&#8221;content-moving&#8221; parallax_image=&#8221;5027&#8243; el_class=&#8221;mision-vision&#8221;][vc_column][vc_column_text el_class=&#8221;text-white&#8221;] Missi\u00f3 i Visi\u00f3 [\/vc_column_text][\/vc_column][\/vc_row][vc_section full_width=&#8221;stretch_row&#8221; css=&#8221;.vc_custom_1651819222404{padding-top: 100px !important;padding-bottom: 100px !important;}&#8221;][vc_row][vc_column width=&#8221;1\/12&#8243;][\/vc_column][vc_column width=&#8221;10\/12&#8243;][vc_column_text] Missi\u00f3 [\/vc_column_text][vc_column_text el_class=&#8221;destacado&#8221;] La missi\u00f3 de Jorpack \u00e9s ser l&#8217;empresa referent ... Leer m\u00e1s\" \/>\n<meta property=\"og:url\" content=\"https:\/\/jorpack.com\/ca\/desenvolupament-professional\/\" \/>\n<meta property=\"og:site_name\" content=\"Jorpack\u00ae\" \/>\n<meta property=\"article:modified_time\" content=\"2023-02-23T09:35:17+00:00\" \/>\n<meta name=\"twitter:card\" content=\"summary_large_image\" \/>\n<meta name=\"twitter:label1\" content=\"Temps estimat de lectura\" \/>\n\t<meta name=\"twitter:data1\" content=\"3 minuts\" \/>\n<script type=\"application\/ld+json\" class=\"yoast-schema-graph\">{\"@context\":\"https:\\\/\\\/schema.org\",\"@graph\":[{\"@type\":\"WebPage\",\"@id\":\"https:\\\/\\\/jorpack.com\\\/ca\\\/desenvolupament-professional\\\/\",\"url\":\"https:\\\/\\\/jorpack.com\\\/ca\\\/desenvolupament-professional\\\/\",\"name\":\"Desenvolupament Professional - Jorpack\u00ae\",\"isPartOf\":{\"@id\":\"https:\\\/\\\/jorpack.com\\\/ca\\\/#website\"},\"datePublished\":\"2022-09-06T10:11:13+00:00\",\"dateModified\":\"2023-02-23T09:35:17+00:00\",\"breadcrumb\":{\"@id\":\"https:\\\/\\\/jorpack.com\\\/ca\\\/desenvolupament-professional\\\/#breadcrumb\"},\"inLanguage\":\"ca\",\"potentialAction\":[{\"@type\":\"ReadAction\",\"target\":[\"https:\\\/\\\/jorpack.com\\\/ca\\\/desenvolupament-professional\\\/\"]}]},{\"@type\":\"BreadcrumbList\",\"@id\":\"https:\\\/\\\/jorpack.com\\\/ca\\\/desenvolupament-professional\\\/#breadcrumb\",\"itemListElement\":[{\"@type\":\"ListItem\",\"position\":1,\"name\":\"Portada\",\"item\":\"https:\\\/\\\/jorpack.com\\\/ca\\\/\"},{\"@type\":\"ListItem\",\"position\":2,\"name\":\"Empresa\",\"item\":\"https:\\\/\\\/jorpack.com\\\/ca\\\/empresa\\\/\"},{\"@type\":\"ListItem\",\"position\":3,\"name\":\"Desenvolupament Professional\"}]},{\"@type\":\"WebSite\",\"@id\":\"https:\\\/\\\/jorpack.com\\\/ca\\\/#website\",\"url\":\"https:\\\/\\\/jorpack.com\\\/ca\\\/\",\"name\":\"Jorpack\u00ae\",\"description\":\"Amplia selecci\u00f3n de Formadoras\",\"publisher\":{\"@id\":\"https:\\\/\\\/jorpack.com\\\/ca\\\/#organization\"},\"potentialAction\":[{\"@type\":\"SearchAction\",\"target\":{\"@type\":\"EntryPoint\",\"urlTemplate\":\"https:\\\/\\\/jorpack.com\\\/ca\\\/?s={search_term_string}\"},\"query-input\":{\"@type\":\"PropertyValueSpecification\",\"valueRequired\":true,\"valueName\":\"search_term_string\"}}],\"inLanguage\":\"ca\"},{\"@type\":\"Organization\",\"@id\":\"https:\\\/\\\/jorpack.com\\\/ca\\\/#organization\",\"name\":\"Jorpack\u00ae\",\"url\":\"https:\\\/\\\/jorpack.com\\\/ca\\\/\",\"logo\":{\"@type\":\"ImageObject\",\"inLanguage\":\"ca\",\"@id\":\"https:\\\/\\\/jorpack.com\\\/ca\\\/#\\\/schema\\\/logo\\\/image\\\/\",\"url\":\"https:\\\/\\\/jorpack.com\\\/wp-content\\\/uploads\\\/2022\\\/03\\\/cropped-jorpack-logotipo.png\",\"contentUrl\":\"https:\\\/\\\/jorpack.com\\\/wp-content\\\/uploads\\\/2022\\\/03\\\/cropped-jorpack-logotipo.png\",\"width\":500,\"height\":110,\"caption\":\"Jorpack\u00ae\"},\"image\":{\"@id\":\"https:\\\/\\\/jorpack.com\\\/ca\\\/#\\\/schema\\\/logo\\\/image\\\/\"}}]}<\/script>\n<!-- \/ Yoast SEO plugin. -->","yoast_head_json":{"title":"Desenvolupament Professional - Jorpack\u00ae","robots":{"index":"index","follow":"follow","max-snippet":"max-snippet:-1","max-image-preview":"max-image-preview:large","max-video-preview":"max-video-preview:-1"},"canonical":"https:\/\/jorpack.com\/ca\/desenvolupament-professional\/","og_locale":"ca_ES","og_type":"article","og_title":"Desenvolupament Professional - Jorpack\u00ae","og_description":"[vc_row full_width=&#8221;stretch_row_content_no_spaces&#8221; content_placement=&#8221;middle&#8221; parallax=&#8221;content-moving&#8221; parallax_image=&#8221;5027&#8243; el_class=&#8221;mision-vision&#8221;][vc_column][vc_column_text el_class=&#8221;text-white&#8221;] Missi\u00f3 i Visi\u00f3 [\/vc_column_text][\/vc_column][\/vc_row][vc_section full_width=&#8221;stretch_row&#8221; css=&#8221;.vc_custom_1651819222404{padding-top: 100px !important;padding-bottom: 100px !important;}&#8221;][vc_row][vc_column width=&#8221;1\/12&#8243;][\/vc_column][vc_column width=&#8221;10\/12&#8243;][vc_column_text] Missi\u00f3 [\/vc_column_text][vc_column_text el_class=&#8221;destacado&#8221;] La missi\u00f3 de Jorpack \u00e9s ser l&#8217;empresa referent ... Leer m\u00e1s","og_url":"https:\/\/jorpack.com\/ca\/desenvolupament-professional\/","og_site_name":"Jorpack\u00ae","article_modified_time":"2023-02-23T09:35:17+00:00","twitter_card":"summary_large_image","twitter_misc":{"Temps estimat de lectura":"3 minuts"},"schema":{"@context":"https:\/\/schema.org","@graph":[{"@type":"WebPage","@id":"https:\/\/jorpack.com\/ca\/desenvolupament-professional\/","url":"https:\/\/jorpack.com\/ca\/desenvolupament-professional\/","name":"Desenvolupament Professional - Jorpack\u00ae","isPartOf":{"@id":"https:\/\/jorpack.com\/ca\/#website"},"datePublished":"2022-09-06T10:11:13+00:00","dateModified":"2023-02-23T09:35:17+00:00","breadcrumb":{"@id":"https:\/\/jorpack.com\/ca\/desenvolupament-professional\/#breadcrumb"},"inLanguage":"ca","potentialAction":[{"@type":"ReadAction","target":["https:\/\/jorpack.com\/ca\/desenvolupament-professional\/"]}]},{"@type":"BreadcrumbList","@id":"https:\/\/jorpack.com\/ca\/desenvolupament-professional\/#breadcrumb","itemListElement":[{"@type":"ListItem","position":1,"name":"Portada","item":"https:\/\/jorpack.com\/ca\/"},{"@type":"ListItem","position":2,"name":"Empresa","item":"https:\/\/jorpack.com\/ca\/empresa\/"},{"@type":"ListItem","position":3,"name":"Desenvolupament Professional"}]},{"@type":"WebSite","@id":"https:\/\/jorpack.com\/ca\/#website","url":"https:\/\/jorpack.com\/ca\/","name":"Jorpack\u00ae","description":"Amplia selecci\u00f3n de Formadoras","publisher":{"@id":"https:\/\/jorpack.com\/ca\/#organization"},"potentialAction":[{"@type":"SearchAction","target":{"@type":"EntryPoint","urlTemplate":"https:\/\/jorpack.com\/ca\/?s={search_term_string}"},"query-input":{"@type":"PropertyValueSpecification","valueRequired":true,"valueName":"search_term_string"}}],"inLanguage":"ca"},{"@type":"Organization","@id":"https:\/\/jorpack.com\/ca\/#organization","name":"Jorpack\u00ae","url":"https:\/\/jorpack.com\/ca\/","logo":{"@type":"ImageObject","inLanguage":"ca","@id":"https:\/\/jorpack.com\/ca\/#\/schema\/logo\/image\/","url":"https:\/\/jorpack.com\/wp-content\/uploads\/2022\/03\/cropped-jorpack-logotipo.png","contentUrl":"https:\/\/jorpack.com\/wp-content\/uploads\/2022\/03\/cropped-jorpack-logotipo.png","width":500,"height":110,"caption":"Jorpack\u00ae"},"image":{"@id":"https:\/\/jorpack.com\/ca\/#\/schema\/logo\/image\/"}}]}},"_links":{"self":[{"href":"https:\/\/jorpack.com\/ca\/wp-json\/wp\/v2\/pages\/3311","targetHints":{"allow":["GET"]}}],"collection":[{"href":"https:\/\/jorpack.com\/ca\/wp-json\/wp\/v2\/pages"}],"about":[{"href":"https:\/\/jorpack.com\/ca\/wp-json\/wp\/v2\/types\/page"}],"author":[{"embeddable":true,"href":"https:\/\/jorpack.com\/ca\/wp-json\/wp\/v2\/users\/2"}],"replies":[{"embeddable":true,"href":"https:\/\/jorpack.com\/ca\/wp-json\/wp\/v2\/comments?post=3311"}],"version-history":[{"count":0,"href":"https:\/\/jorpack.com\/ca\/wp-json\/wp\/v2\/pages\/3311\/revisions"}],"up":[{"embeddable":true,"href":"https:\/\/jorpack.com\/ca\/wp-json\/wp\/v2\/pages\/3320"}],"wp:attachment":[{"href":"https:\/\/jorpack.com\/ca\/wp-json\/wp\/v2\/media?parent=3311"}],"curies":[{"name":"wp","href":"https:\/\/api.w.org\/{rel}","templated":true}]}}