{"id":3305,"date":"2022-09-06T09:55:43","date_gmt":"2022-09-06T09:55:43","guid":{"rendered":"https:\/\/jorpack.com\/?page_id=3305"},"modified":"2024-10-22T15:01:39","modified_gmt":"2024-10-22T15:01:39","slug":"qui-som","status":"publish","type":"page","link":"https:\/\/jorpack.com\/ca\/qui-som\/","title":{"rendered":"Qui som"},"content":{"rendered":"<div class=\"wpb-content-wrapper\"><p>[vc_section content_placement=&#8221;middle&#8221; css=&#8221;.vc_custom_1651821436834{padding-top: 80px !important;padding-bottom: 100px !important;}&#8221;][vc_row][vc_column width=&#8221;1\/12&#8243;][\/vc_column][vc_column width=&#8221;10\/12&#8243;][vc_single_image image=&#8221;1761&#8243; img_size=&#8221;75&#215;86&#8243; alignment=&#8221;center&#8221;][vc_column_text el_class=&#8221;destacado&#8221;]<\/p>\n<p style=\"text-align: center;\">\u00a0A Jorpack ens dediquem al disseny, fabricaci\u00f3 i muntatge de maquin\u00e0ria de l\u00ednies completes per l\u2019env\u00e0s i embalatge.<\/p>\n<p>[\/vc_column_text][vc_column_text el_class=&#8221;destacado&#8221;]<\/p>\n<p style=\"text-align: center;\">Amb m\u00e9s de 30 anys d\u2019experi\u00e8ncia en el sector, apostem per la formaci\u00f3, la innovaci\u00f3 i la tecnologia proporcionant a cada client la millor soluci\u00f3 que s\u2019adapti als seus productes.<\/p>\n<p>[\/vc_column_text][vc_empty_space el_class=&#8221;no-mobile&#8221;][\/vc_column][vc_column width=&#8221;1\/12&#8243;][\/vc_column][\/vc_row][\/vc_section][vc_section full_width=&#8221;stretch_row&#8221; css=&#8221;.vc_custom_1649771487787{padding-top: 100px !important;padding-bottom: 100px !important;background-color: #f7f8f9 !important;}&#8221; el_id=&#8221;valores&#8221;][vc_row][vc_column][vc_column_text]<\/p>\n<h2>Els Nostres Valors<\/h2>\n<p>[\/vc_column_text][\/vc_column][\/vc_row][vc_row][vc_column][vc_empty_space height=&#8221;100px&#8221; el_class=&#8221;no-mobile&#8221;][vc_empty_space height=&#8221;60px&#8221;][\/vc_column][\/vc_row][vc_row][vc_column width=&#8221;1\/4&#8243;][vc_column_text]<\/p>\n<h3>01<\/h3>\n<p>[\/vc_column_text][vc_column_text]<\/p>\n<h4><span style=\"color: #c22622;\">Innovaci\u00f3<\/span><\/h4>\n<p>[\/vc_column_text][vc_column_text]La nostra empresa viu en un proc\u00e9s de desenvolupament continuo. Fem projectes a l\u2019avantguarda tecnol\u00f2gica en l\u00ednia amb les tend\u00e8ncies del mercat.[\/vc_column_text][\/vc_column][vc_column width=&#8221;1\/4&#8243;][vc_column_text]<\/p>\n<h3>02<\/h3>\n<p>[\/vc_column_text][vc_column_text]<\/p>\n<h4><span style=\"color: #c22622;\">Qualitat i Confian\u00e7a<\/span><\/h4>\n<p>[\/vc_column_text][vc_column_text]Incorporem en els nostres productes \u00fanicament primeres marques. Els nostres processos de fabricaci\u00f3 superen un rigor\u00f3s control de qualitat.[\/vc_column_text][\/vc_column][vc_column width=&#8221;1\/4&#8243;][vc_column_text]<\/p>\n<h3>03<\/h3>\n<p>[\/vc_column_text][vc_column_text]<\/p>\n<h4><span style=\"color: #c22622;\">Proximitat<\/span><\/h4>\n<p>[\/vc_column_text][vc_column_text]Oferim un tracte proper i familiar amb tots els nostres clients. Els assessorem i tenim una clara vocaci\u00f3 de servei per satisfer les seves necessitats.[\/vc_column_text][\/vc_column][vc_column width=&#8221;1\/4&#8243;][vc_column_text]<\/p>\n<h3>04<\/h3>\n<p>[\/vc_column_text][vc_column_text]<\/p>\n<h4><span style=\"color: #c22622;\">Professionalitat<\/span><\/h4>\n<p>[\/vc_column_text][vc_column_text]Mantenim un alt est\u00e0ndard de qualitat. Apostem per solucions que millor s\u2019adaptin a cada circumst\u00e0ncia. Per nosaltres, cada projecte \u00e9s \u00fanic.[\/vc_column_text][\/vc_column][\/vc_row][\/vc_section][vc_section css=&#8221;.vc_custom_1651821107796{padding-top: 100px !important;padding-bottom: 100px !important;}&#8221; el_class=&#8221;no-mobile&#8221;][vc_row gap=&#8221;35&#8243; equal_height=&#8221;yes&#8221; content_placement=&#8221;middle&#8221; el_class=&#8221;mobile-text-align-center&#8221;][vc_column width=&#8221;1\/2&#8243; el_class=&#8221;mobile-no-padding&#8221;][vc_single_image image=&#8221;5195&#8243; img_size=&#8221;650&#215;650&#8243; alignment=&#8221;right&#8221;][\/vc_column][vc_column width=&#8221;1\/2&#8243;][vc_column_text css=&#8221;.vc_custom_1662457745735{margin-bottom: 30px !important;}&#8221;]<\/p>\n<h2>Responsabilitat Corporativa<\/h2>\n<p>[\/vc_column_text][vc_column_text css=&#8221;.vc_custom_1662457769910{margin-bottom: 30px !important;}&#8221;]<\/p>\n<h5><span style=\"color: #c22622;\">Clients<\/span><\/h5>\n<p>L&#8217;efici\u00e8ncia en els processos productius dels nostres clients ens porta a desenvolupar solucions innovadores de m\u00e0xima fiabilitat i qualitat.[\/vc_column_text][vc_column_text css=&#8221;.vc_custom_1662457946413{margin-bottom: 30px !important;}&#8221;]<\/p>\n<h5><span style=\"color: #c22622;\">Societat<\/span><\/h5>\n<p>El nostre comprom\u00eds amb la societat es basa en la creaci\u00f3 de nous llocs de treball, fruit de la constant innovaci\u00f3 tecnol\u00f2gica.[\/vc_column_text][vc_column_text css=&#8221;.vc_custom_1662457985330{margin-bottom: 30px !important;}&#8221;]<\/p>\n<h5><span style=\"color: #c22622;\">El Nostre Equip<\/span><\/h5>\n<p>A Jorpack, apostem pel talent i la formaci\u00f3. Promovem un entorn de treball basat en la igualtat d\u2019oportunitats, la diversitat i la inclusi\u00f3.[\/vc_column_text][vc_column_text css=&#8221;.vc_custom_1662458015683{margin-bottom: 30px !important;}&#8221;]<\/p>\n<h5><span style=\"color: #c22622;\">Medi Ambient<\/span><\/h5>\n<p>Per protegir el nostre entorn, ens hem dotat d&#8217;un sistema intern de gesti\u00f3 mediambiental per cada un dels nostres processos de treball.[\/vc_column_text][\/vc_column][\/vc_row][\/vc_section][vc_section css=&#8221;.vc_custom_1651821182768{padding-top: 0px !important;}&#8221; el_class=&#8221;no-desktop&#8221;][vc_row full_width=&#8221;stretch_row_content&#8221; equal_height=&#8221;yes&#8221; content_placement=&#8221;middle&#8221; el_class=&#8221;mobile-text-align-center&#8221; css=&#8221;.vc_custom_1651821391795{padding-top: 0px !important;}&#8221;][vc_column el_class=&#8221;mobile-no-padding&#8221; css=&#8221;.vc_custom_1651821276294{padding-top: 0px !important;}&#8221;][vc_single_image image=&#8221;5195&#8243; img_size=&#8221;650&#215;650&#8243; alignment=&#8221;right&#8221;][vc_row_inner css=&#8221;.vc_custom_1651821312083{padding-right: 30px !important;padding-left: 30px !important;}&#8221;][vc_column_inner][vc_column_text css=&#8221;.vc_custom_1663842421467{margin-bottom: 30px !important;}&#8221;]<\/p>\n<h2>Responsabilitat<br \/>\nCorporativa<\/h2>\n<p>[\/vc_column_text][vc_column_text css=&#8221;.vc_custom_1663842401142{margin-bottom: 30px !important;}&#8221;]<\/p>\n<h5><span style=\"color: #c22622;\">Clients<\/span><\/h5>\n<p>L&#8217;efici\u00e8ncia en els processos productius dels nostres clients ens porta a desenvolupar solucions innovadores de m\u00e0xima fiabilitat i qualitat.[\/vc_column_text][vc_column_text css=&#8221;.vc_custom_1663842444307{margin-bottom: 30px !important;}&#8221;]<\/p>\n<h5><span style=\"color: #c22622;\">Societat<\/span><\/h5>\n<p>L&#8217;efici\u00e8ncia en els processos productius dels nostres clients ens porta a desenvolupar solucions innovadores de m\u00e0xima fiabilitat i qualitat.[\/vc_column_text][vc_column_text css=&#8221;.vc_custom_1663842481407{margin-bottom: 30px !important;}&#8221;]<\/p>\n<h5><span style=\"color: #c22622;\">El Nostre Equip<\/span><\/h5>\n<p>A Jorpack, apostem pel talent i la formaci\u00f3. Promovem un entorn de treball basat en la igualtat d\u2019oportunitats, la diversitat i la inclusi\u00f3.[\/vc_column_text][vc_column_text css=&#8221;.vc_custom_1663842506578{margin-bottom: 30px !important;}&#8221;]<\/p>\n<h5><span style=\"color: #c22622;\">Medi Ambient<\/span><\/h5>\n<p>Per protegir el nostre entorn, ens hem dotat d&#8217;un sistema intern de gesti\u00f3 mediambiental per cada un dels nostres processos de treball.[\/vc_column_text][\/vc_column_inner][\/vc_row_inner][\/vc_column][\/vc_row][\/vc_section]<\/p>\n<\/div>","protected":false},"excerpt":{"rendered":"<p>[vc_section content_placement=&#8221;middle&#8221; css=&#8221;.vc_custom_1651821436834{padding-top: 80px !important;padding-bottom: 100px !important;}&#8221;][vc_row][vc_column width=&#8221;1\/12&#8243;][\/vc_column][vc_column width=&#8221;10\/12&#8243;][vc_single_image image=&#8221;1761&#8243; img_size=&#8221;75&#215;86&#8243; alignment=&#8221;center&#8221;][vc_column_text el_class=&#8221;destacado&#8221;] \u00a0A Jorpack ens dediquem al disseny, fabricaci\u00f3 i muntatge de maquin\u00e0ria de l\u00ednies completes per l\u2019env\u00e0s i &#8230; <a title=\"Qui som\" class=\"read-more\" href=\"https:\/\/jorpack.com\/ca\/qui-som\/\" aria-label=\"M\u00e9s informaci\u00f3 sobre Qui som\">Leer m\u00e1s<\/a><\/p>\n","protected":false},"author":2,"featured_media":0,"parent":3320,"menu_order":0,"comment_status":"closed","ping_status":"closed","template":"","meta":{"_acf_changed":false,"footnotes":""},"class_list":["post-3305","page","type-page","status-publish"],"acf":[],"yoast_head":"<!-- This site is optimized with the Yoast SEO plugin v27.4 - https:\/\/yoast.com\/product\/yoast-seo-wordpress\/ -->\n<title>Qui som - Jorpack\u00ae<\/title>\n<meta name=\"description\" content=\"Amb m\u00e9s de 30 anys d&#039;experi\u00e8ncia, ens dediquem a la fabricaci\u00f3 i muntatge de maquin\u00e0ria de l\u00ednies completes per a l&#039;env\u00e0s i l&#039;embalatge.\" \/>\n<meta name=\"robots\" content=\"index, follow, max-snippet:-1, max-image-preview:large, max-video-preview:-1\" \/>\n<link rel=\"canonical\" href=\"https:\/\/jorpack.com\/ca\/qui-som\/\" \/>\n<meta property=\"og:locale\" content=\"ca_ES\" \/>\n<meta property=\"og:type\" content=\"article\" \/>\n<meta property=\"og:title\" content=\"Qui som - Jorpack\u00ae\" \/>\n<meta property=\"og:description\" content=\"Amb m\u00e9s de 30 anys d&#039;experi\u00e8ncia, ens dediquem a la fabricaci\u00f3 i muntatge de maquin\u00e0ria de l\u00ednies completes per a l&#039;env\u00e0s i l&#039;embalatge.\" \/>\n<meta property=\"og:url\" content=\"https:\/\/jorpack.com\/ca\/qui-som\/\" \/>\n<meta property=\"og:site_name\" content=\"Jorpack\u00ae\" \/>\n<meta property=\"article:modified_time\" content=\"2024-10-22T15:01:39+00:00\" \/>\n<meta name=\"twitter:card\" content=\"summary_large_image\" \/>\n<meta name=\"twitter:label1\" content=\"Temps estimat de lectura\" \/>\n\t<meta name=\"twitter:data1\" content=\"3 minuts\" \/>\n<script type=\"application\/ld+json\" class=\"yoast-schema-graph\">{\"@context\":\"https:\\\/\\\/schema.org\",\"@graph\":[{\"@type\":\"WebPage\",\"@id\":\"https:\\\/\\\/jorpack.com\\\/ca\\\/qui-som\\\/\",\"url\":\"https:\\\/\\\/jorpack.com\\\/ca\\\/qui-som\\\/\",\"name\":\"Qui som - Jorpack\u00ae\",\"isPartOf\":{\"@id\":\"https:\\\/\\\/jorpack.com\\\/ca\\\/#website\"},\"datePublished\":\"2022-09-06T09:55:43+00:00\",\"dateModified\":\"2024-10-22T15:01:39+00:00\",\"description\":\"Amb m\u00e9s de 30 anys d'experi\u00e8ncia, ens dediquem a la fabricaci\u00f3 i muntatge de maquin\u00e0ria de l\u00ednies completes per a l'env\u00e0s i l'embalatge.\",\"breadcrumb\":{\"@id\":\"https:\\\/\\\/jorpack.com\\\/ca\\\/qui-som\\\/#breadcrumb\"},\"inLanguage\":\"ca\",\"potentialAction\":[{\"@type\":\"ReadAction\",\"target\":[\"https:\\\/\\\/jorpack.com\\\/ca\\\/qui-som\\\/\"]}]},{\"@type\":\"BreadcrumbList\",\"@id\":\"https:\\\/\\\/jorpack.com\\\/ca\\\/qui-som\\\/#breadcrumb\",\"itemListElement\":[{\"@type\":\"ListItem\",\"position\":1,\"name\":\"Portada\",\"item\":\"https:\\\/\\\/jorpack.com\\\/ca\\\/\"},{\"@type\":\"ListItem\",\"position\":2,\"name\":\"Empresa\",\"item\":\"https:\\\/\\\/jorpack.com\\\/ca\\\/empresa\\\/\"},{\"@type\":\"ListItem\",\"position\":3,\"name\":\"Qui som\"}]},{\"@type\":\"WebSite\",\"@id\":\"https:\\\/\\\/jorpack.com\\\/ca\\\/#website\",\"url\":\"https:\\\/\\\/jorpack.com\\\/ca\\\/\",\"name\":\"Jorpack\u00ae\",\"description\":\"Amplia selecci\u00f3n de Formadoras\",\"publisher\":{\"@id\":\"https:\\\/\\\/jorpack.com\\\/ca\\\/#organization\"},\"potentialAction\":[{\"@type\":\"SearchAction\",\"target\":{\"@type\":\"EntryPoint\",\"urlTemplate\":\"https:\\\/\\\/jorpack.com\\\/ca\\\/?s={search_term_string}\"},\"query-input\":{\"@type\":\"PropertyValueSpecification\",\"valueRequired\":true,\"valueName\":\"search_term_string\"}}],\"inLanguage\":\"ca\"},{\"@type\":\"Organization\",\"@id\":\"https:\\\/\\\/jorpack.com\\\/ca\\\/#organization\",\"name\":\"Jorpack\u00ae\",\"url\":\"https:\\\/\\\/jorpack.com\\\/ca\\\/\",\"logo\":{\"@type\":\"ImageObject\",\"inLanguage\":\"ca\",\"@id\":\"https:\\\/\\\/jorpack.com\\\/ca\\\/#\\\/schema\\\/logo\\\/image\\\/\",\"url\":\"https:\\\/\\\/jorpack.com\\\/wp-content\\\/uploads\\\/2022\\\/03\\\/cropped-jorpack-logotipo.png\",\"contentUrl\":\"https:\\\/\\\/jorpack.com\\\/wp-content\\\/uploads\\\/2022\\\/03\\\/cropped-jorpack-logotipo.png\",\"width\":500,\"height\":110,\"caption\":\"Jorpack\u00ae\"},\"image\":{\"@id\":\"https:\\\/\\\/jorpack.com\\\/ca\\\/#\\\/schema\\\/logo\\\/image\\\/\"}}]}<\/script>\n<!-- \/ Yoast SEO plugin. -->","yoast_head_json":{"title":"Qui som - Jorpack\u00ae","description":"Amb m\u00e9s de 30 anys d'experi\u00e8ncia, ens dediquem a la fabricaci\u00f3 i muntatge de maquin\u00e0ria de l\u00ednies completes per a l'env\u00e0s i l'embalatge.","robots":{"index":"index","follow":"follow","max-snippet":"max-snippet:-1","max-image-preview":"max-image-preview:large","max-video-preview":"max-video-preview:-1"},"canonical":"https:\/\/jorpack.com\/ca\/qui-som\/","og_locale":"ca_ES","og_type":"article","og_title":"Qui som - Jorpack\u00ae","og_description":"Amb m\u00e9s de 30 anys d'experi\u00e8ncia, ens dediquem a la fabricaci\u00f3 i muntatge de maquin\u00e0ria de l\u00ednies completes per a l'env\u00e0s i l'embalatge.","og_url":"https:\/\/jorpack.com\/ca\/qui-som\/","og_site_name":"Jorpack\u00ae","article_modified_time":"2024-10-22T15:01:39+00:00","twitter_card":"summary_large_image","twitter_misc":{"Temps estimat de lectura":"3 minuts"},"schema":{"@context":"https:\/\/schema.org","@graph":[{"@type":"WebPage","@id":"https:\/\/jorpack.com\/ca\/qui-som\/","url":"https:\/\/jorpack.com\/ca\/qui-som\/","name":"Qui som - Jorpack\u00ae","isPartOf":{"@id":"https:\/\/jorpack.com\/ca\/#website"},"datePublished":"2022-09-06T09:55:43+00:00","dateModified":"2024-10-22T15:01:39+00:00","description":"Amb m\u00e9s de 30 anys d'experi\u00e8ncia, ens dediquem a la fabricaci\u00f3 i muntatge de maquin\u00e0ria de l\u00ednies completes per a l'env\u00e0s i l'embalatge.","breadcrumb":{"@id":"https:\/\/jorpack.com\/ca\/qui-som\/#breadcrumb"},"inLanguage":"ca","potentialAction":[{"@type":"ReadAction","target":["https:\/\/jorpack.com\/ca\/qui-som\/"]}]},{"@type":"BreadcrumbList","@id":"https:\/\/jorpack.com\/ca\/qui-som\/#breadcrumb","itemListElement":[{"@type":"ListItem","position":1,"name":"Portada","item":"https:\/\/jorpack.com\/ca\/"},{"@type":"ListItem","position":2,"name":"Empresa","item":"https:\/\/jorpack.com\/ca\/empresa\/"},{"@type":"ListItem","position":3,"name":"Qui som"}]},{"@type":"WebSite","@id":"https:\/\/jorpack.com\/ca\/#website","url":"https:\/\/jorpack.com\/ca\/","name":"Jorpack\u00ae","description":"Amplia selecci\u00f3n de Formadoras","publisher":{"@id":"https:\/\/jorpack.com\/ca\/#organization"},"potentialAction":[{"@type":"SearchAction","target":{"@type":"EntryPoint","urlTemplate":"https:\/\/jorpack.com\/ca\/?s={search_term_string}"},"query-input":{"@type":"PropertyValueSpecification","valueRequired":true,"valueName":"search_term_string"}}],"inLanguage":"ca"},{"@type":"Organization","@id":"https:\/\/jorpack.com\/ca\/#organization","name":"Jorpack\u00ae","url":"https:\/\/jorpack.com\/ca\/","logo":{"@type":"ImageObject","inLanguage":"ca","@id":"https:\/\/jorpack.com\/ca\/#\/schema\/logo\/image\/","url":"https:\/\/jorpack.com\/wp-content\/uploads\/2022\/03\/cropped-jorpack-logotipo.png","contentUrl":"https:\/\/jorpack.com\/wp-content\/uploads\/2022\/03\/cropped-jorpack-logotipo.png","width":500,"height":110,"caption":"Jorpack\u00ae"},"image":{"@id":"https:\/\/jorpack.com\/ca\/#\/schema\/logo\/image\/"}}]}},"_links":{"self":[{"href":"https:\/\/jorpack.com\/ca\/wp-json\/wp\/v2\/pages\/3305","targetHints":{"allow":["GET"]}}],"collection":[{"href":"https:\/\/jorpack.com\/ca\/wp-json\/wp\/v2\/pages"}],"about":[{"href":"https:\/\/jorpack.com\/ca\/wp-json\/wp\/v2\/types\/page"}],"author":[{"embeddable":true,"href":"https:\/\/jorpack.com\/ca\/wp-json\/wp\/v2\/users\/2"}],"replies":[{"embeddable":true,"href":"https:\/\/jorpack.com\/ca\/wp-json\/wp\/v2\/comments?post=3305"}],"version-history":[{"count":0,"href":"https:\/\/jorpack.com\/ca\/wp-json\/wp\/v2\/pages\/3305\/revisions"}],"up":[{"embeddable":true,"href":"https:\/\/jorpack.com\/ca\/wp-json\/wp\/v2\/pages\/3320"}],"wp:attachment":[{"href":"https:\/\/jorpack.com\/ca\/wp-json\/wp\/v2\/media?parent=3305"}],"curies":[{"name":"wp","href":"https:\/\/api.w.org\/{rel}","templated":true}]}}