{"id":3269,"date":"2022-09-06T09:40:40","date_gmt":"2022-09-06T09:40:40","guid":{"rendered":"https:\/\/jorpack.com\/?page_id=3269"},"modified":"2025-06-12T14:05:59","modified_gmt":"2025-06-12T14:05:59","slug":"historia","status":"publish","type":"page","link":"https:\/\/jorpack.com\/ca\/jorpack-historia\/","title":{"rendered":"Hist\u00f2ria"},"content":{"rendered":"<div class=\"wpb-content-wrapper\"><p>[vc_row bg_type=&#8221;bg_color&#8221; bg_override=&#8221;full&#8221; bg_color_value=&#8221;#f7f8f9&#8243; css=&#8221;.vc_custom_1652112291345{padding-top: 0px !important;padding-right: 15px !important;padding-bottom: 50px !important;padding-left: 15px !important;}&#8221; el_id=&#8221;linea-tiempo&#8221;][vc_column css=&#8221;.vc_custom_1651822744769{padding-right: 0px !important;padding-left: 0px !important;}&#8221;][vc_single_image image=&#8221;5099&#8243; img_size=&#8221;full&#8221; alignment=&#8221;center&#8221; css_animation=&#8221;fadeIn&#8221; css=&#8221;.vc_custom_1677151334099{margin-bottom: 0px !important;}&#8221;][vc_single_image image=&#8221;5102&#8243; img_size=&#8221;full&#8221; alignment=&#8221;center&#8221; css_animation=&#8221;fadeInUp&#8221; css=&#8221;.vc_custom_1677151363269{margin-bottom: 0px !important;}&#8221;][vc_single_image image=&#8221;5105&#8243; img_size=&#8221;full&#8221; alignment=&#8221;center&#8221; css_animation=&#8221;fadeInUp&#8221; css=&#8221;.vc_custom_1677151394097{margin-bottom: 0px !important;}&#8221;][vc_single_image image=&#8221;5108&#8243; img_size=&#8221;full&#8221; alignment=&#8221;center&#8221; css_animation=&#8221;fadeInUp&#8221; css=&#8221;.vc_custom_1677151446547{margin-bottom: 0px !important;}&#8221;][vc_single_image image=&#8221;5111&#8243; img_size=&#8221;full&#8221; alignment=&#8221;center&#8221; css_animation=&#8221;fadeInUp&#8221; css=&#8221;.vc_custom_1677151469902{margin-bottom: 0px !important;}&#8221;][vc_single_image image=&#8221;5114&#8243; img_size=&#8221;full&#8221; alignment=&#8221;center&#8221; css_animation=&#8221;fadeInUp&#8221; css=&#8221;.vc_custom_1677151488718{margin-bottom: 0px !important;}&#8221;][vc_single_image image=&#8221;5117&#8243; img_size=&#8221;full&#8221; alignment=&#8221;center&#8221; css_animation=&#8221;fadeInUp&#8221; css=&#8221;.vc_custom_1677151521801{margin-bottom: 0px !important;}&#8221;][vc_single_image image=&#8221;5120&#8243; img_size=&#8221;full&#8221; alignment=&#8221;center&#8221; css_animation=&#8221;fadeInUp&#8221; css=&#8221;.vc_custom_1677151542050{margin-bottom: 0px !important;}&#8221;][vc_single_image image=&#8221;5123&#8243; img_size=&#8221;full&#8221; alignment=&#8221;center&#8221; css_animation=&#8221;fadeInUp&#8221; css=&#8221;.vc_custom_1677151564418{margin-bottom: 0px !important;}&#8221;][vc_single_image image=&#8221;21929&#8243; img_size=&#8221;full&#8221; alignment=&#8221;center&#8221; css_animation=&#8221;fadeInUp&#8221; css=&#8221;.vc_custom_1749737127078{margin-bottom: 0px !important;}&#8221;][vc_single_image image=&#8221;5129&#8243; img_size=&#8221;full&#8221; alignment=&#8221;center&#8221; css_animation=&#8221;fadeInUp&#8221; css=&#8221;.vc_custom_1677151626351{margin-bottom: 0px !important;}&#8221;][\/vc_column][\/vc_row]<\/p>\n<\/div>","protected":false},"excerpt":{"rendered":"<p>[vc_row bg_type=&#8221;bg_color&#8221; bg_override=&#8221;full&#8221; bg_color_value=&#8221;#f7f8f9&#8243; css=&#8221;.vc_custom_1652112291345{padding-top: 0px !important;padding-right: 15px !important;padding-bottom: 50px !important;padding-left: 15px !important;}&#8221; el_id=&#8221;linea-tiempo&#8221;][vc_column css=&#8221;.vc_custom_1651822744769{padding-right: 0px !important;padding-left: 0px !important;}&#8221;][vc_single_image image=&#8221;5099&#8243; img_size=&#8221;full&#8221; alignment=&#8221;center&#8221; css_animation=&#8221;fadeIn&#8221; css=&#8221;.vc_custom_1677151334099{margin-bottom: 0px !important;}&#8221;][vc_single_image image=&#8221;5102&#8243; img_size=&#8221;full&#8221; alignment=&#8221;center&#8221; css_animation=&#8221;fadeInUp&#8221; &#8230; <a title=\"Hist\u00f2ria\" class=\"read-more\" href=\"https:\/\/jorpack.com\/ca\/jorpack-historia\/\" aria-label=\"M\u00e9s informaci\u00f3 sobre Hist\u00f2ria\">Leer m\u00e1s<\/a><\/p>\n","protected":false},"author":2,"featured_media":0,"parent":3320,"menu_order":0,"comment_status":"closed","ping_status":"closed","template":"","meta":{"_acf_changed":false,"footnotes":""},"class_list":["post-3269","page","type-page","status-publish"],"acf":[],"yoast_head":"<!-- This site is optimized with the Yoast SEO plugin v27.2 - https:\/\/yoast.com\/product\/yoast-seo-wordpress\/ -->\n<title>Hist\u00f2ria - Jorpack\u00ae<\/title>\n<meta name=\"description\" content=\"La nostra hist\u00f2ria comen\u00e7a en 1992, amb la primera Encartonadora Wrap-Around i el primer paletitzador PLI-2000.\" \/>\n<meta name=\"robots\" content=\"index, follow, max-snippet:-1, max-image-preview:large, max-video-preview:-1\" \/>\n<link rel=\"canonical\" href=\"https:\/\/jorpack.com\/ca\/jorpack-historia\/\" \/>\n<meta property=\"og:locale\" content=\"ca_ES\" \/>\n<meta property=\"og:type\" content=\"article\" \/>\n<meta property=\"og:title\" content=\"Hist\u00f2ria - Jorpack\u00ae\" \/>\n<meta property=\"og:description\" content=\"La nostra hist\u00f2ria comen\u00e7a en 1992, amb la primera Encartonadora Wrap-Around i el primer paletitzador PLI-2000.\" \/>\n<meta property=\"og:url\" content=\"https:\/\/jorpack.com\/ca\/jorpack-historia\/\" \/>\n<meta property=\"og:site_name\" content=\"Jorpack\u00ae\" \/>\n<meta property=\"article:modified_time\" content=\"2025-06-12T14:05:59+00:00\" \/>\n<meta name=\"twitter:card\" content=\"summary_large_image\" \/>\n<meta name=\"twitter:label1\" content=\"Temps estimat de lectura\" \/>\n\t<meta name=\"twitter:data1\" content=\"1 minut\" \/>\n<script type=\"application\/ld+json\" class=\"yoast-schema-graph\">{\"@context\":\"https:\/\/schema.org\",\"@graph\":[{\"@type\":\"WebPage\",\"@id\":\"https:\/\/jorpack.com\/ca\/jorpack-historia\/\",\"url\":\"https:\/\/jorpack.com\/ca\/jorpack-historia\/\",\"name\":\"Hist\u00f2ria - Jorpack\u00ae\",\"isPartOf\":{\"@id\":\"https:\/\/jorpack.com\/ca\/#website\"},\"datePublished\":\"2022-09-06T09:40:40+00:00\",\"dateModified\":\"2025-06-12T14:05:59+00:00\",\"description\":\"La nostra hist\u00f2ria comen\u00e7a en 1992, amb la primera Encartonadora Wrap-Around i el primer paletitzador PLI-2000.\",\"breadcrumb\":{\"@id\":\"https:\/\/jorpack.com\/ca\/jorpack-historia\/#breadcrumb\"},\"inLanguage\":\"ca\",\"potentialAction\":[{\"@type\":\"ReadAction\",\"target\":[\"https:\/\/jorpack.com\/ca\/jorpack-historia\/\"]}]},{\"@type\":\"BreadcrumbList\",\"@id\":\"https:\/\/jorpack.com\/ca\/jorpack-historia\/#breadcrumb\",\"itemListElement\":[{\"@type\":\"ListItem\",\"position\":1,\"name\":\"Portada\",\"item\":\"https:\/\/jorpack.com\/ca\/\"},{\"@type\":\"ListItem\",\"position\":2,\"name\":\"Empresa\",\"item\":\"https:\/\/jorpack.com\/ca\/empresa\/\"},{\"@type\":\"ListItem\",\"position\":3,\"name\":\"Hist\u00f2ria\"}]},{\"@type\":\"WebSite\",\"@id\":\"https:\/\/jorpack.com\/ca\/#website\",\"url\":\"https:\/\/jorpack.com\/ca\/\",\"name\":\"Jorpack\u00ae\",\"description\":\"Amplia selecci\u00f3n de Formadoras\",\"publisher\":{\"@id\":\"https:\/\/jorpack.com\/ca\/#organization\"},\"potentialAction\":[{\"@type\":\"SearchAction\",\"target\":{\"@type\":\"EntryPoint\",\"urlTemplate\":\"https:\/\/jorpack.com\/ca\/?s={search_term_string}\"},\"query-input\":{\"@type\":\"PropertyValueSpecification\",\"valueRequired\":true,\"valueName\":\"search_term_string\"}}],\"inLanguage\":\"ca\"},{\"@type\":\"Organization\",\"@id\":\"https:\/\/jorpack.com\/ca\/#organization\",\"name\":\"Jorpack\u00ae\",\"url\":\"https:\/\/jorpack.com\/ca\/\",\"logo\":{\"@type\":\"ImageObject\",\"inLanguage\":\"ca\",\"@id\":\"https:\/\/jorpack.com\/ca\/#\/schema\/logo\/image\/\",\"url\":\"https:\/\/jorpack.com\/wp-content\/uploads\/2022\/03\/cropped-jorpack-logotipo.png\",\"contentUrl\":\"https:\/\/jorpack.com\/wp-content\/uploads\/2022\/03\/cropped-jorpack-logotipo.png\",\"width\":500,\"height\":110,\"caption\":\"Jorpack\u00ae\"},\"image\":{\"@id\":\"https:\/\/jorpack.com\/ca\/#\/schema\/logo\/image\/\"}}]}<\/script>\n<!-- \/ Yoast SEO plugin. -->","yoast_head_json":{"title":"Hist\u00f2ria - Jorpack\u00ae","description":"La nostra hist\u00f2ria comen\u00e7a en 1992, amb la primera Encartonadora Wrap-Around i el primer paletitzador PLI-2000.","robots":{"index":"index","follow":"follow","max-snippet":"max-snippet:-1","max-image-preview":"max-image-preview:large","max-video-preview":"max-video-preview:-1"},"canonical":"https:\/\/jorpack.com\/ca\/jorpack-historia\/","og_locale":"ca_ES","og_type":"article","og_title":"Hist\u00f2ria - Jorpack\u00ae","og_description":"La nostra hist\u00f2ria comen\u00e7a en 1992, amb la primera Encartonadora Wrap-Around i el primer paletitzador PLI-2000.","og_url":"https:\/\/jorpack.com\/ca\/jorpack-historia\/","og_site_name":"Jorpack\u00ae","article_modified_time":"2025-06-12T14:05:59+00:00","twitter_card":"summary_large_image","twitter_misc":{"Temps estimat de lectura":"1 minut"},"schema":{"@context":"https:\/\/schema.org","@graph":[{"@type":"WebPage","@id":"https:\/\/jorpack.com\/ca\/jorpack-historia\/","url":"https:\/\/jorpack.com\/ca\/jorpack-historia\/","name":"Hist\u00f2ria - Jorpack\u00ae","isPartOf":{"@id":"https:\/\/jorpack.com\/ca\/#website"},"datePublished":"2022-09-06T09:40:40+00:00","dateModified":"2025-06-12T14:05:59+00:00","description":"La nostra hist\u00f2ria comen\u00e7a en 1992, amb la primera Encartonadora Wrap-Around i el primer paletitzador PLI-2000.","breadcrumb":{"@id":"https:\/\/jorpack.com\/ca\/jorpack-historia\/#breadcrumb"},"inLanguage":"ca","potentialAction":[{"@type":"ReadAction","target":["https:\/\/jorpack.com\/ca\/jorpack-historia\/"]}]},{"@type":"BreadcrumbList","@id":"https:\/\/jorpack.com\/ca\/jorpack-historia\/#breadcrumb","itemListElement":[{"@type":"ListItem","position":1,"name":"Portada","item":"https:\/\/jorpack.com\/ca\/"},{"@type":"ListItem","position":2,"name":"Empresa","item":"https:\/\/jorpack.com\/ca\/empresa\/"},{"@type":"ListItem","position":3,"name":"Hist\u00f2ria"}]},{"@type":"WebSite","@id":"https:\/\/jorpack.com\/ca\/#website","url":"https:\/\/jorpack.com\/ca\/","name":"Jorpack\u00ae","description":"Amplia selecci\u00f3n de Formadoras","publisher":{"@id":"https:\/\/jorpack.com\/ca\/#organization"},"potentialAction":[{"@type":"SearchAction","target":{"@type":"EntryPoint","urlTemplate":"https:\/\/jorpack.com\/ca\/?s={search_term_string}"},"query-input":{"@type":"PropertyValueSpecification","valueRequired":true,"valueName":"search_term_string"}}],"inLanguage":"ca"},{"@type":"Organization","@id":"https:\/\/jorpack.com\/ca\/#organization","name":"Jorpack\u00ae","url":"https:\/\/jorpack.com\/ca\/","logo":{"@type":"ImageObject","inLanguage":"ca","@id":"https:\/\/jorpack.com\/ca\/#\/schema\/logo\/image\/","url":"https:\/\/jorpack.com\/wp-content\/uploads\/2022\/03\/cropped-jorpack-logotipo.png","contentUrl":"https:\/\/jorpack.com\/wp-content\/uploads\/2022\/03\/cropped-jorpack-logotipo.png","width":500,"height":110,"caption":"Jorpack\u00ae"},"image":{"@id":"https:\/\/jorpack.com\/ca\/#\/schema\/logo\/image\/"}}]}},"_links":{"self":[{"href":"https:\/\/jorpack.com\/ca\/wp-json\/wp\/v2\/pages\/3269","targetHints":{"allow":["GET"]}}],"collection":[{"href":"https:\/\/jorpack.com\/ca\/wp-json\/wp\/v2\/pages"}],"about":[{"href":"https:\/\/jorpack.com\/ca\/wp-json\/wp\/v2\/types\/page"}],"author":[{"embeddable":true,"href":"https:\/\/jorpack.com\/ca\/wp-json\/wp\/v2\/users\/2"}],"replies":[{"embeddable":true,"href":"https:\/\/jorpack.com\/ca\/wp-json\/wp\/v2\/comments?post=3269"}],"version-history":[{"count":0,"href":"https:\/\/jorpack.com\/ca\/wp-json\/wp\/v2\/pages\/3269\/revisions"}],"up":[{"embeddable":true,"href":"https:\/\/jorpack.com\/ca\/wp-json\/wp\/v2\/pages\/3320"}],"wp:attachment":[{"href":"https:\/\/jorpack.com\/ca\/wp-json\/wp\/v2\/media?parent=3269"}],"curies":[{"name":"wp","href":"https:\/\/api.w.org\/{rel}","templated":true}]}}