{"id":3263,"date":"2022-09-06T08:57:43","date_gmt":"2022-09-06T08:57:43","guid":{"rendered":"https:\/\/jorpack.com\/?page_id=3263"},"modified":"2024-10-22T14:50:32","modified_gmt":"2024-10-22T14:50:32","slug":"contacte","status":"publish","type":"page","link":"https:\/\/jorpack.com\/ca\/contacte\/","title":{"rendered":"Contacte"},"content":{"rendered":"<div class=\"wpb-content-wrapper\"><p>[vc_section full_width=&#8221;stretch_row_content&#8221; css=&#8221;.vc_custom_1649862073212{margin-right: 0px !important;padding-top: 0px !important;padding-bottom: 0px !important;background-color: #f7f8f9 !important;}&#8221; el_id=&#8221;contacto&#8221;][vc_row full_width=&#8221;stretch_row&#8221; css=&#8221;.vc_custom_1649165962421{border-top-width: 100px !important;}&#8221;][vc_column][vc_row_inner][vc_column_inner][vc_column_text css=&#8221;.vc_custom_1663769324458{margin-bottom: 0px !important;}&#8221;]<\/p>\n<h1 style=\"text-align: center;\"><span style=\"color: #c22622;\"><strong>\u00bfParlem?<\/strong><\/span><\/h1>\n<p>[\/vc_column_text][\/vc_column_inner][\/vc_row_inner][vc_row_inner css=&#8221;.vc_custom_1649749570839{padding-top: 0px !important;}&#8221;][vc_column_inner width=&#8221;1\/2&#8243;][\/vc_column_inner][vc_column_inner width=&#8221;1\/2&#8243; css=&#8221;.vc_custom_1651585714397{padding-left: 5px !important;}&#8221; offset=&#8221;vc_hidden-xs&#8221;][vc_column_text]<\/p>\n<h2>Explica&#8217;ns en qu\u00e8<br \/>\npodem ajudar-te<\/h2>\n<p>[\/vc_column_text][\/vc_column_inner][\/vc_row_inner][vc_row_inner css=&#8221;.vc_custom_1649749570839{padding-top: 0px !important;}&#8221;][vc_column_inner offset=&#8221;vc_hidden-lg vc_hidden-md vc_hidden-sm&#8221;][vc_column_text css=&#8221;.vc_custom_1662453956356{padding-left: 30% !important;}&#8221;]<\/p>\n<h2>Explica\u2019ns en qu\u00e8 podem ajudar-te<\/h2>\n<p>[\/vc_column_text][\/vc_column_inner][\/vc_row_inner][\/vc_column][\/vc_row][\/vc_section][vc_section full_width=&#8221;stretch_row&#8221; css=&#8221;.vc_custom_1651585330778{margin-right: 0px !important;padding-top: 0px !important;padding-bottom: 50px !important;background-color: #f7f8f9 !important;}&#8221; el_class=&#8221;form-contacto-hablamos&#8221;][vc_row][vc_column]\n<div class=\"wpcf7 no-js\" id=\"wpcf7-f6363-o1\" lang=\"ca\" dir=\"ltr\" data-wpcf7-id=\"6363\">\n<div class=\"screen-reader-response\"><p role=\"status\" aria-live=\"polite\" aria-atomic=\"true\"><\/p> <ul><\/ul><\/div>\n<form action=\"\/ca\/wp-json\/wp\/v2\/pages\/3263#wpcf7-f6363-o1\" method=\"post\" class=\"wpcf7-form init\" aria-label=\"Formulari de contacte\" enctype=\"multipart\/form-data\" novalidate=\"novalidate\" data-status=\"init\">\n<fieldset class=\"hidden-fields-container\"><input type=\"hidden\" name=\"_wpcf7\" value=\"6363\" \/><input type=\"hidden\" name=\"_wpcf7_version\" value=\"6.1.5\" \/><input type=\"hidden\" name=\"_wpcf7_locale\" value=\"ca\" \/><input type=\"hidden\" name=\"_wpcf7_unit_tag\" value=\"wpcf7-f6363-o1\" \/><input type=\"hidden\" name=\"_wpcf7_container_post\" value=\"0\" \/><input type=\"hidden\" name=\"_wpcf7_posted_data_hash\" value=\"\" \/><input type=\"hidden\" name=\"_wpcf7_recaptcha_response\" value=\"\" \/>\n<\/fieldset>\n<p><label> Dirigit a *<br \/>\n<span class=\"wpcf7-form-control-wrap\" data-name=\"menu-139\"><select class=\"wpcf7-form-control wpcf7-select wpcf7-validates-as-required\" aria-required=\"true\" aria-invalid=\"false\" name=\"menu-139\"><option value=\"\">&#8212;Trieu una opci\u00f3&#8212;<\/option><option value=\"Comercial\">Comercial<\/option><option value=\"Postvenda\">Postvenda<\/option><option value=\"Compres\">Compres<\/option><\/select><\/span><br \/>\n<\/label>\n<\/p>\n<div class=\"vc_row wpb_row vc_row-fluid\">\n\t<div class=\"wpb_column vc_column_container vc_col-sm-6\">\n\t\t<div class=\"vc_column-inner\">\n\t\t\t<div class=\"wpb_wrapper\">\n\t\t\t\t<div class=\"vc_row wpb_row vc_inner vc_row-fluid\">\n\t\t\t\t\t<div class=\"wpb_column vc_column_container vc_col-sm-6\">\n\t\t\t\t\t\t<div class=\"vc_column-inner\">\n\t\t\t\t\t\t\t<div class=\"wpb_wrapper\">\n\t\t\t\t\t\t\t\t<p><label> Nom *<br \/>\n<span class=\"wpcf7-form-control-wrap\" data-name=\"your-name\"><input size=\"40\" maxlength=\"400\" class=\"wpcf7-form-control wpcf7-text wpcf7-validates-as-required\" aria-required=\"true\" aria-invalid=\"false\" placeholder=\"Nom\" value=\"\" type=\"text\" name=\"your-name\" \/><\/span> <\/label>\n\t\t\t\t\t\t\t\t<\/p>\n\t\t\t\t\t\t\t<\/div>\n\t\t\t\t\t\t<\/div>\n\t\t\t\t\t<\/div>\n\t\t\t\t\t<div class=\"wpb_column vc_column_container vc_col-sm-6\">\n\t\t\t\t\t\t<div class=\"vc_column-inner\">\n\t\t\t\t\t\t\t<div class=\"wpb_wrapper\">\n\t\t\t\t\t\t\t\t<p><label> Cognoms *<br \/>\n<span class=\"wpcf7-form-control-wrap\" data-name=\"your-surname\"><input size=\"40\" maxlength=\"400\" class=\"wpcf7-form-control wpcf7-text wpcf7-validates-as-required\" aria-required=\"true\" aria-invalid=\"false\" placeholder=\"Cognoms\" value=\"\" type=\"text\" name=\"your-surname\" \/><\/span> <\/label>\n\t\t\t\t\t\t\t\t<\/p>\n\t\t\t\t\t\t\t<\/div>\n\t\t\t\t\t\t<\/div>\n\t\t\t\t\t<\/div>\n\t\t\t\t<\/div>\n\t\t\t\t<div class=\"vc_row wpb_row vc_inner vc_row-fluid\">\n\t\t\t\t\t<div class=\"wpb_column vc_column_container vc_col-sm-6\">\n\t\t\t\t\t\t<div class=\"vc_column-inner\">\n\t\t\t\t\t\t\t<div class=\"wpb_wrapper\">\n\t\t\t\t\t\t\t\t<p><label> Tel\u00e8fon *<br \/>\n<span class=\"wpcf7-form-control-wrap\" data-name=\"your-phone\"><input size=\"40\" maxlength=\"400\" class=\"wpcf7-form-control wpcf7-tel wpcf7-validates-as-required wpcf7-text wpcf7-validates-as-tel\" aria-required=\"true\" aria-invalid=\"false\" placeholder=\"Tel\u00e8fon\" value=\"\" type=\"tel\" name=\"your-phone\" \/><\/span> <\/label>\n\t\t\t\t\t\t\t\t<\/p>\n\t\t\t\t\t\t\t<\/div>\n\t\t\t\t\t\t<\/div>\n\t\t\t\t\t<\/div>\n\t\t\t\t\t<div class=\"wpb_column vc_column_container vc_col-sm-6\">\n\t\t\t\t\t\t<div class=\"vc_column-inner\">\n\t\t\t\t\t\t\t<div class=\"wpb_wrapper\">\n\t\t\t\t\t\t\t\t<p><label> Empresa *<br \/>\n<span class=\"wpcf7-form-control-wrap\" data-name=\"your-company\"><input size=\"40\" maxlength=\"400\" class=\"wpcf7-form-control wpcf7-text wpcf7-validates-as-required\" aria-required=\"true\" aria-invalid=\"false\" placeholder=\"Empresa\" value=\"\" type=\"text\" name=\"your-company\" \/><\/span> <\/label>\n\t\t\t\t\t\t\t\t<\/p>\n\t\t\t\t\t\t\t<\/div>\n\t\t\t\t\t\t<\/div>\n\t\t\t\t\t<\/div>\n\t\t\t\t<\/div>\n\t\t\t\t<div class=\"vc_row wpb_row vc_inner vc_row-fluid\">\n\t\t\t\t\t<div class=\"wpb_column vc_column_container vc_col-sm-12\">\n\t\t\t\t\t\t<div class=\"vc_column-inner\">\n\t\t\t\t\t\t\t<div class=\"wpb_wrapper\">\n\t\t\t\t\t\t\t\t<p><label> Email *<br \/>\n<span class=\"wpcf7-form-control-wrap\" data-name=\"your-email\"><input size=\"40\" maxlength=\"400\" class=\"wpcf7-form-control wpcf7-email wpcf7-validates-as-required wpcf7-text wpcf7-validates-as-email\" aria-required=\"true\" aria-invalid=\"false\" placeholder=\"Email\" value=\"\" type=\"email\" name=\"your-email\" \/><\/span> <\/label>\n\t\t\t\t\t\t\t\t<\/p>\n\t\t\t\t\t\t\t<\/div>\n\t\t\t\t\t\t<\/div>\n\t\t\t\t\t<\/div>\n\t\t\t\t<\/div>\n\t\t\t<\/div>\n\t\t<\/div>\n\t<\/div>\n\t<div class=\"wpb_column vc_column_container vc_col-sm-6\">\n\t\t<div class=\"vc_column-inner\">\n\t\t\t<div class=\"wpb_wrapper\">\n\t\t\t\t<div class=\"vc_row wpb_row vc_inner vc_row-fluid\">\n\t\t\t\t\t<div class=\"wpb_column vc_column_container vc_col-sm-12\">\n\t\t\t\t\t\t<div class=\"vc_column-inner\">\n\t\t\t\t\t\t\t<div class=\"wpb_wrapper\">\n\t\t\t\t\t\t\t\t<p><label class=\"mad_text-transform-unset\"> Explica\u2019ns en qu\u00e8 podem ajudar-te\u2026<br \/>\n<span class=\"wpcf7-form-control-wrap\" data-name=\"your-message\"><textarea cols=\"40\" rows=\"5\" maxlength=\"2000\" class=\"wpcf7-form-control wpcf7-textarea\" aria-invalid=\"false\" placeholder=\"Hola S\u00f3c Joan de l&#039;empresa Jorpack, empresa que ofereix solucions pel sector del packaging, i estaria interessat en rebre pressupost per una m\u00e0quina que\u2026\" name=\"your-message\"><\/textarea><\/span> <\/label>\n\t\t\t\t\t\t\t\t<\/p>\n\t\t\t\t\t\t\t\t<p><label class=\"label-file mad_text-transform-unset\"> Adjunta un arxiu<br \/>\n<span class=\"wpcf7-form-control-wrap\" data-name=\"file-862\"><input size=\"40\" class=\"wpcf7-form-control wpcf7-file\" accept=\".pdf,.txt,.jpg,.png,.xls,.xlsx,.csv,.docx\" aria-invalid=\"false\" type=\"file\" name=\"file-862\" \/><\/span><\/label>\n\t\t\t\t\t\t\t\t<\/p>\n\t\t\t\t\t\t\t<\/div>\n\t\t\t\t\t\t<\/div>\n\t\t\t\t\t<\/div>\n\t\t\t\t<\/div>\n\t\t\t<\/div>\n\t\t<\/div>\n\t<\/div>\n<\/div>\n<p><span class=\"wpcf7-form-control-wrap\" data-name=\"acceptance-763\"><span class=\"wpcf7-form-control wpcf7-acceptance\"><span class=\"wpcf7-list-item\"><label><input type=\"checkbox\" name=\"acceptance-763\" value=\"1\" class=\"checkbox-legal\" aria-invalid=\"false\" \/><span class=\"wpcf7-list-item-label\">He llegit i accepto les condicions de la <a href=\"https:\/\/jorpack.com\/ca\/politica-privacitat#clausula-contacto\">Pol\u00edtica de privacitat<\/a>.<\/span><\/label><\/span><\/span><\/span>\n<\/p>\n<p><input class=\"wpcf7-form-control wpcf7-submit has-spinner\" type=\"submit\" value=\"Enviar\" \/>\n<\/p>\n<p class=\"obligatorios\">Tots els camps marcats amb (*) s\u00f3n obligatoris\n<\/p><input type='hidden' class='wpcf7-pum' value='{\"closepopup\":false,\"closedelay\":0,\"openpopup\":false,\"openpopup_id\":0}' \/><div class=\"wpcf7-response-output\" aria-hidden=\"true\"><\/div>\n<\/form>\n<\/div>\n[\/vc_column][\/vc_row][\/vc_section][vc_section css=&#8221;.vc_custom_1649166647800{padding-top: 100px !important;padding-bottom: 50px !important;}&#8221; el_id=&#8221;faqs&#8221; el_class=&#8221;mobile-margin-0&#8243;][vc_row][vc_column][vc_column_text]<\/p>\n<h4><span style=\"color: #c22622;\">Preguntes Freq\u00fcents<\/span><\/h4>\n<p>[\/vc_column_text][\/vc_column][\/vc_row][vc_row][vc_column width=&#8221;1\/2&#8243;][vc_toggle title=&#8221;Quan es va fundar Jorpack?&#8221; style=&#8221;text_only&#8221;]L&#8217;empresa va ser fundada el 1992 per l&#8217;actual CEO i fundador, Jordi Mart\u00edn.[\/vc_toggle][vc_toggle title=&#8221;Quins productes ofereix Jorpack?&#8221; style=&#8221;text_only&#8221;]Jorpack ofereix productes i solucions, aix\u00ed com l\u00ednies completes de maquin\u00e0ria per env\u00e0s i embalatge.[\/vc_toggle][vc_toggle title=&#8221;On estem?&#8221; style=&#8221;text_only&#8221;]Jorpack es troba ubicat en un lloc privilegiat. Les nostres instal\u00b7lacions estan ubicades en el municipi de Caldes de Montbui, a tan sols 20 minuts de la ciutat de Barcelona.[\/vc_toggle][vc_toggle title=&#8221;En quins pa\u00efsos comercialitzem els nostres productes?&#8221; style=&#8221;text_only&#8221;]Actualment, el nostre major volum de negoci se centra en Espanya i Fran\u00e7a, encara que Jorpack disposa de maquin\u00e0ria per tot Europa, incl\u00fas tot el m\u00f3n.[\/vc_toggle][\/vc_column][vc_column width=&#8221;1\/2&#8243;][vc_toggle title=&#8221;Per quins sectors treballem?&#8221; style=&#8221;text_only&#8221;]Oferim solucions per tot tipus de sectors, entre els quals destaquen, alimentaci\u00f3 i begudes, farmac\u00e8utic, qu\u00edmic i automoci\u00f3. Per\u00f2 cada client i projecte \u00e9s \u00fanic. Adaptem les nostres m\u00e0quines a qualsevol sector. Pregunti&#8217;ns![\/vc_toggle][vc_toggle title=&#8221;Com combatem el canvi clim\u00e0tic?&#8221; style=&#8221;text_only&#8221;]Incorporem en els nostres productes, motors reductors d&#8217;efici\u00e8ncia m\u00ednima IE3 per reduir la contaminaci\u00f3 ac\u00fastica en les plantes de producci\u00f3 dels nostres clients.<\/p>\n<p>Hem centralitzat el nostre horari laboral a les hores de m\u00e9s llum, per reduir el consum d&#8217;energia el\u00e8ctrica.<\/p>\n<p>Un altre dels nostres objectius es continuar reduint la generaci\u00f3 de residus, aix\u00ed com millorar el proc\u00e9s de reciclatge.[\/vc_toggle][vc_toggle title=&#8221;Quins materials incorporen les m\u00e0quines de Jorpack?&#8221; style=&#8221;text_only&#8221;]Treballem \u00fanica i exclusivament amb materials de primeres marques, les quals han passat controls de qualitat estrictes i gesti\u00f3 mediambiental.[\/vc_toggle][vc_toggle title=&#8221;En qu\u00e8 es caracteritzen els nostres productes?&#8221; style=&#8221;text_only&#8221;]Els productes de Jorpack requereixen d&#8217;un manteniment m\u00ednim, garantint la m\u00e0xima efic\u00e0cia i fiabilitat, per obtenir m\u00e9s rendiment.[\/vc_toggle][\/vc_column][\/vc_row][vc_row][vc_column width=&#8221;1\/2&#8243;][vc_column_text el_class=&#8221;text-small&#8221;]No trobes la resposta que buscaves? Envia&#8217;ns un formulari i et respondrem el m\u00e9s aviat possible. <a href=\"#\"><span style=\"color: #c22622;\">Aqu\u00ed<\/span><\/a>[\/vc_column_text][\/vc_column][vc_column width=&#8221;1\/2&#8243;][\/vc_column][\/vc_row][\/vc_section][vc_row full_width=&#8221;stretch_row_content_no_spaces&#8221; css=&#8221;.vc_custom_1649107160296{margin-top: 0px !important;margin-right: 0px !important;margin-bottom: 0px !important;margin-left: 0px !important;border-top-width: 0px !important;border-right-width: 0px !important;border-bottom-width: 0px !important;border-left-width: 0px !important;}&#8221; el_id=&#8221;mapa&#8221;][vc_column css=&#8221;.vc_custom_1647717138165{margin-bottom: 0px !important;border-bottom-width: 0px !important;}&#8221;][vc_raw_html]JTVCcHV0X3dwZ20lMjBpZCUzRDElNUQ=[\/vc_raw_html][\/vc_column][\/vc_row][vc_section css=&#8221;.vc_custom_1649104993094{padding-bottom: 50px !important;}&#8221; el_class=&#8221;datos-sede&#8221;][vc_row css=&#8221;.vc_custom_1651760161727{padding-top: 50px !important;padding-right: 15px !important;padding-left: 15px !important;}&#8221;][vc_column width=&#8221;1\/3&#8243;][vc_column_text css=&#8221;.vc_custom_1662454515883{margin-bottom: 10px !important;}&#8221;]<\/p>\n<h5><span style=\"color: #c22622; font-weight: 600;\">Horari d&#8217;atenci\u00f3:<\/span><\/h5>\n<p>[\/vc_column_text][vc_column_text]<strong>Dill-Dij:<\/strong> 8:00h a 13:00h i<br \/>\nde 15:00h a 18:00h<br \/>\n<strong>Divendres:<\/strong> 8:00h a 13:00h<br \/>\n<strong>Dis-Dium:<\/strong> Tancat[\/vc_column_text][\/vc_column][vc_column width=&#8221;1\/3&#8243;][vc_column_text css=&#8221;.vc_custom_1663769509311{margin-bottom: 10px !important;}&#8221;]<\/p>\n<h5><span style=\"color: #c22622;\">Direcci\u00f3:<\/span><\/h5>\n<p>[\/vc_column_text][vc_column_text css=&#8221;&#8221;]Pol. Ind. \u201cLa Borda\u201d<br \/>\nC\/Josep Bonastre, 18-20<br \/>\n08140 Caldes de Montbui<br \/>\nBarcelona, Espanya[\/vc_column_text][\/vc_column][vc_column width=&#8221;1\/3&#8243;][vc_column_text css=&#8221;.vc_custom_1662454648791{margin-bottom: 10px !important;}&#8221;]<\/p>\n<h5><span style=\"color: #c22622;\">Contacte:<\/span><\/h5>\n<p>[\/vc_column_text][vc_column_text]<strong>Tel\u00e9fono:<\/strong> (+34) 93 865 48 18[\/vc_column_text][\/vc_column][\/vc_row][\/vc_section]<\/p>\n<\/div>","protected":false},"excerpt":{"rendered":"<p>[vc_section full_width=&#8221;stretch_row_content&#8221; css=&#8221;.vc_custom_1649862073212{margin-right: 0px !important;padding-top: 0px !important;padding-bottom: 0px !important;background-color: #f7f8f9 !important;}&#8221; el_id=&#8221;contacto&#8221;][vc_row full_width=&#8221;stretch_row&#8221; css=&#8221;.vc_custom_1649165962421{border-top-width: 100px !important;}&#8221;][vc_column][vc_row_inner][vc_column_inner][vc_column_text css=&#8221;.vc_custom_1663769324458{margin-bottom: 0px !important;}&#8221;] \u00bfParlem? [\/vc_column_text][\/vc_column_inner][\/vc_row_inner][vc_row_inner css=&#8221;.vc_custom_1649749570839{padding-top: 0px !important;}&#8221;][vc_column_inner width=&#8221;1\/2&#8243;][\/vc_column_inner][vc_column_inner width=&#8221;1\/2&#8243; css=&#8221;.vc_custom_1651585714397{padding-left: 5px !important;}&#8221; offset=&#8221;vc_hidden-xs&#8221;][vc_column_text] &#8230; <a title=\"Contacte\" class=\"read-more\" href=\"https:\/\/jorpack.com\/ca\/contacte\/\" aria-label=\"M\u00e9s informaci\u00f3 sobre Contacte\">Leer m\u00e1s<\/a><\/p>\n","protected":false},"author":2,"featured_media":0,"parent":0,"menu_order":0,"comment_status":"closed","ping_status":"closed","template":"","meta":{"_acf_changed":false,"footnotes":""},"class_list":["post-3263","page","type-page","status-publish"],"acf":[],"yoast_head":"<!-- This site is optimized with the Yoast SEO plugin v27.2 - https:\/\/yoast.com\/product\/yoast-seo-wordpress\/ -->\n<title>Contacte - Jorpack\u00ae<\/title>\n<meta name=\"description\" content=\"Tens dubtes o necessites ajuda? Entra a la nostra p\u00e0gina de contacte i emplena el formulari, envia&#039;ns un email o crida a les nostres oficines.\" \/>\n<meta name=\"robots\" content=\"index, follow, max-snippet:-1, max-image-preview:large, max-video-preview:-1\" \/>\n<link rel=\"canonical\" href=\"https:\/\/jorpack.com\/ca\/contacte\/\" \/>\n<meta property=\"og:locale\" content=\"ca_ES\" \/>\n<meta property=\"og:type\" content=\"article\" \/>\n<meta property=\"og:title\" content=\"Contacte - Jorpack\u00ae\" \/>\n<meta property=\"og:description\" content=\"Tens dubtes o necessites ajuda? Entra a la nostra p\u00e0gina de contacte i emplena el formulari, envia&#039;ns un email o crida a les nostres oficines.\" \/>\n<meta property=\"og:url\" content=\"https:\/\/jorpack.com\/ca\/contacte\/\" \/>\n<meta property=\"og:site_name\" content=\"Jorpack\u00ae\" \/>\n<meta property=\"article:modified_time\" content=\"2024-10-22T14:50:32+00:00\" \/>\n<meta name=\"twitter:card\" content=\"summary_large_image\" \/>\n<meta name=\"twitter:label1\" content=\"Temps estimat de lectura\" \/>\n\t<meta name=\"twitter:data1\" content=\"3 minuts\" \/>\n<script type=\"application\/ld+json\" class=\"yoast-schema-graph\">{\"@context\":\"https:\/\/schema.org\",\"@graph\":[{\"@type\":\"WebPage\",\"@id\":\"https:\/\/jorpack.com\/ca\/contacte\/\",\"url\":\"https:\/\/jorpack.com\/ca\/contacte\/\",\"name\":\"Contacte - Jorpack\u00ae\",\"isPartOf\":{\"@id\":\"https:\/\/jorpack.com\/ca\/#website\"},\"datePublished\":\"2022-09-06T08:57:43+00:00\",\"dateModified\":\"2024-10-22T14:50:32+00:00\",\"description\":\"Tens dubtes o necessites ajuda? Entra a la nostra p\u00e0gina de contacte i emplena el formulari, envia'ns un email o crida a les nostres oficines.\",\"breadcrumb\":{\"@id\":\"https:\/\/jorpack.com\/ca\/contacte\/#breadcrumb\"},\"inLanguage\":\"ca\",\"potentialAction\":[{\"@type\":\"ReadAction\",\"target\":[\"https:\/\/jorpack.com\/ca\/contacte\/\"]}]},{\"@type\":\"BreadcrumbList\",\"@id\":\"https:\/\/jorpack.com\/ca\/contacte\/#breadcrumb\",\"itemListElement\":[{\"@type\":\"ListItem\",\"position\":1,\"name\":\"Portada\",\"item\":\"https:\/\/jorpack.com\/ca\/\"},{\"@type\":\"ListItem\",\"position\":2,\"name\":\"Contacte\"}]},{\"@type\":\"WebSite\",\"@id\":\"https:\/\/jorpack.com\/ca\/#website\",\"url\":\"https:\/\/jorpack.com\/ca\/\",\"name\":\"Jorpack\u00ae\",\"description\":\"Amplia selecci\u00f3n de Formadoras\",\"publisher\":{\"@id\":\"https:\/\/jorpack.com\/ca\/#organization\"},\"potentialAction\":[{\"@type\":\"SearchAction\",\"target\":{\"@type\":\"EntryPoint\",\"urlTemplate\":\"https:\/\/jorpack.com\/ca\/?s={search_term_string}\"},\"query-input\":{\"@type\":\"PropertyValueSpecification\",\"valueRequired\":true,\"valueName\":\"search_term_string\"}}],\"inLanguage\":\"ca\"},{\"@type\":\"Organization\",\"@id\":\"https:\/\/jorpack.com\/ca\/#organization\",\"name\":\"Jorpack\u00ae\",\"url\":\"https:\/\/jorpack.com\/ca\/\",\"logo\":{\"@type\":\"ImageObject\",\"inLanguage\":\"ca\",\"@id\":\"https:\/\/jorpack.com\/ca\/#\/schema\/logo\/image\/\",\"url\":\"https:\/\/jorpack.com\/wp-content\/uploads\/2022\/03\/cropped-jorpack-logotipo.png\",\"contentUrl\":\"https:\/\/jorpack.com\/wp-content\/uploads\/2022\/03\/cropped-jorpack-logotipo.png\",\"width\":500,\"height\":110,\"caption\":\"Jorpack\u00ae\"},\"image\":{\"@id\":\"https:\/\/jorpack.com\/ca\/#\/schema\/logo\/image\/\"}}]}<\/script>\n<!-- \/ Yoast SEO plugin. -->","yoast_head_json":{"title":"Contacte - Jorpack\u00ae","description":"Tens dubtes o necessites ajuda? Entra a la nostra p\u00e0gina de contacte i emplena el formulari, envia'ns un email o crida a les nostres oficines.","robots":{"index":"index","follow":"follow","max-snippet":"max-snippet:-1","max-image-preview":"max-image-preview:large","max-video-preview":"max-video-preview:-1"},"canonical":"https:\/\/jorpack.com\/ca\/contacte\/","og_locale":"ca_ES","og_type":"article","og_title":"Contacte - Jorpack\u00ae","og_description":"Tens dubtes o necessites ajuda? Entra a la nostra p\u00e0gina de contacte i emplena el formulari, envia'ns un email o crida a les nostres oficines.","og_url":"https:\/\/jorpack.com\/ca\/contacte\/","og_site_name":"Jorpack\u00ae","article_modified_time":"2024-10-22T14:50:32+00:00","twitter_card":"summary_large_image","twitter_misc":{"Temps estimat de lectura":"3 minuts"},"schema":{"@context":"https:\/\/schema.org","@graph":[{"@type":"WebPage","@id":"https:\/\/jorpack.com\/ca\/contacte\/","url":"https:\/\/jorpack.com\/ca\/contacte\/","name":"Contacte - Jorpack\u00ae","isPartOf":{"@id":"https:\/\/jorpack.com\/ca\/#website"},"datePublished":"2022-09-06T08:57:43+00:00","dateModified":"2024-10-22T14:50:32+00:00","description":"Tens dubtes o necessites ajuda? Entra a la nostra p\u00e0gina de contacte i emplena el formulari, envia'ns un email o crida a les nostres oficines.","breadcrumb":{"@id":"https:\/\/jorpack.com\/ca\/contacte\/#breadcrumb"},"inLanguage":"ca","potentialAction":[{"@type":"ReadAction","target":["https:\/\/jorpack.com\/ca\/contacte\/"]}]},{"@type":"BreadcrumbList","@id":"https:\/\/jorpack.com\/ca\/contacte\/#breadcrumb","itemListElement":[{"@type":"ListItem","position":1,"name":"Portada","item":"https:\/\/jorpack.com\/ca\/"},{"@type":"ListItem","position":2,"name":"Contacte"}]},{"@type":"WebSite","@id":"https:\/\/jorpack.com\/ca\/#website","url":"https:\/\/jorpack.com\/ca\/","name":"Jorpack\u00ae","description":"Amplia selecci\u00f3n de Formadoras","publisher":{"@id":"https:\/\/jorpack.com\/ca\/#organization"},"potentialAction":[{"@type":"SearchAction","target":{"@type":"EntryPoint","urlTemplate":"https:\/\/jorpack.com\/ca\/?s={search_term_string}"},"query-input":{"@type":"PropertyValueSpecification","valueRequired":true,"valueName":"search_term_string"}}],"inLanguage":"ca"},{"@type":"Organization","@id":"https:\/\/jorpack.com\/ca\/#organization","name":"Jorpack\u00ae","url":"https:\/\/jorpack.com\/ca\/","logo":{"@type":"ImageObject","inLanguage":"ca","@id":"https:\/\/jorpack.com\/ca\/#\/schema\/logo\/image\/","url":"https:\/\/jorpack.com\/wp-content\/uploads\/2022\/03\/cropped-jorpack-logotipo.png","contentUrl":"https:\/\/jorpack.com\/wp-content\/uploads\/2022\/03\/cropped-jorpack-logotipo.png","width":500,"height":110,"caption":"Jorpack\u00ae"},"image":{"@id":"https:\/\/jorpack.com\/ca\/#\/schema\/logo\/image\/"}}]}},"_links":{"self":[{"href":"https:\/\/jorpack.com\/ca\/wp-json\/wp\/v2\/pages\/3263","targetHints":{"allow":["GET"]}}],"collection":[{"href":"https:\/\/jorpack.com\/ca\/wp-json\/wp\/v2\/pages"}],"about":[{"href":"https:\/\/jorpack.com\/ca\/wp-json\/wp\/v2\/types\/page"}],"author":[{"embeddable":true,"href":"https:\/\/jorpack.com\/ca\/wp-json\/wp\/v2\/users\/2"}],"replies":[{"embeddable":true,"href":"https:\/\/jorpack.com\/ca\/wp-json\/wp\/v2\/comments?post=3263"}],"version-history":[{"count":0,"href":"https:\/\/jorpack.com\/ca\/wp-json\/wp\/v2\/pages\/3263\/revisions"}],"wp:attachment":[{"href":"https:\/\/jorpack.com\/ca\/wp-json\/wp\/v2\/media?parent=3263"}],"curies":[{"name":"wp","href":"https:\/\/api.w.org\/{rel}","templated":true}]}}