{"id":3237,"date":"2022-09-05T11:48:17","date_gmt":"2022-09-05T11:48:17","guid":{"rendered":"https:\/\/jorpack.com\/?page_id=3237"},"modified":"2025-10-14T10:24:38","modified_gmt":"2025-10-14T10:24:38","slug":"solucions-amb-robots","status":"publish","type":"page","link":"https:\/\/jorpack.com\/ca\/robots\/","title":{"rendered":"Solucions amb Robots"},"content":{"rendered":"<div class=\"wpb-content-wrapper\"><p>[vc_section full_width=&#8221;stretch_row&#8221; css=&#8221;.vc_custom_1651498784065{padding-top: 30px !important;padding-bottom: 50px !important;background-color: #f5f5f5 !important;}&#8221;][vc_row content_placement=&#8221;middle&#8221; el_class=&#8221;presentacion-producto&#8221;][vc_column width=&#8221;1\/2&#8243; offset=&#8221;vc_hidden-xs&#8221;][vc_single_image image=&#8221;1837&#8243; img_size=&#8221;full&#8221;][\/vc_column][vc_column width=&#8221;1\/2&#8243;][vc_single_image image=&#8221;1286&#8243; el_class=&#8221;color-producto&#8221;][vc_column_text css=&#8221;.vc_custom_1662377851118{margin-bottom: 10px !important;}&#8221;]<\/p>\n<h1>Solucions amb Robots<\/h1>\n<p>[\/vc_column_text][vc_column_text css=&#8221;.vc_custom_1662377899366{margin-bottom: 10px !important;}&#8221;]<\/p>\n<h3><span style=\"color: #a6a7a9; font-weight: 500;\">Versatilitat i flexibilitat amb diferents aplicacions rob\u00f2tiques<\/span><\/h3>\n<p>[\/vc_column_text][vc_column_text]&#8221;La innovaci\u00f3 i l&#8217;\u00fas de noves tecnologies \u00e9s vital per oferir productes pioners.<\/p>\n<p>A Jorpack apostem per introduir la rob\u00f2tica en processos com el paletitzat, el despaletitzat i\/o l&#8217;encaixat. Aix\u00f2 ens permet aportar noves i millors solucions i ens adaptem a les necessitats de cada sector.<\/p>\n<p>A m\u00e9s a m\u00e9s, disposem d&#8217;una \u00e0mplia gamma de <strong><u>robots colaboratius<\/u><\/strong> per una \u00e0mplia varietat d&#8217;aplicacions robotitzada.&#8221;[\/vc_column_text][\/vc_column][\/vc_row][vc_row content_placement=&#8221;middle&#8221;][vc_column offset=&#8221;vc_hidden-lg vc_hidden-md vc_hidden-sm&#8221;][vc_single_image image=&#8221;1837&#8243; img_size=&#8221;full&#8221;][\/vc_column][\/vc_row][vc_row css=&#8221;.vc_custom_1651498791836{padding-top: 40px !important;}&#8221;][vc_column][vc_column_text el_id=&#8221;destacado&#8221;]<\/p>\n<h4 style=\"text-align: center;\">Descobreix la gamma de Solucions amb Robots<\/h4>\n<p>[\/vc_column_text][vc_separator color=&#8221;black&#8221; el_width=&#8221;10&#8243;][\/vc_column][\/vc_row][vc_row full_width=&#8221;stretch_row&#8221; el_class=&#8221;fichas-productos&#8221;][vc_column]<div id=\"ult-carousel-380460447969de0ceac55f4\" class=\"ult-carousel-wrapper  vc_custom_1649749356235  ult_horizontal\" data-gutter=\"35\" data-rtl=\"false\" ><div class=\"ult-carousel-129447212369de0ceac5490 \" >[vc_row_inner css=&#8221;.vc_custom_1648730828124{background-color: #ffffff !important;}&#8221;][vc_column_inner][vc_column_text css=&#8221;.vc_custom_1663854955933{background-color: #ffffff !important;}&#8221;]<\/p>\n<h4><a href=\"https:\/\/jorpack.com\/ca\/paletitzadors\/serie-9600\/\">Serie 9600<\/a><\/h4>\n<h6><span style=\"color: #808080;\">Robot paletitzador<br \/>\n<\/span><\/h6>\n<p>[\/vc_column_text][vc_single_image image=&#8221;1908&#8243; img_size=&#8221;medium&#8221; alignment=&#8221;center&#8221; onclick=&#8221;custom_link&#8221; css=&#8221;.vc_custom_1738072840775{margin-bottom: 30px !important;}&#8221; el_class=&#8221;foto-producto-medium&#8221; link=&#8221;https:\/\/jorpack.com\/ca\/paletitzadors\/serie-9600\/&#8221;][vc_empty_space][vc_single_image image=&#8221;1457&#8243; img_size=&#8221;medium&#8221; title=&#8221;Paletitzador Autom\u00e0tic&#8221; el_class=&#8221;icono-ficha&#8221;][vc_single_image image=&#8221;1433&#8243; img_size=&#8221;&#8221; title=&#8221;Caixes, safates, caixes de producte retornable i sacs&#8221; el_class=&#8221;icono-ficha&#8221;][vc_single_image image=&#8221;1437&#8243; img_size=&#8221;medium&#8221; el_class=&#8221;icono-ficha&#8221; title=&#8221;Canvis de formats: autom\u00e0tics&#8221;][vc_single_image image=&#8221;1424&#8243; img_size=&#8221;&#8221; title=&#8221;Magatzem palets: Opcional&#8221; el_class=&#8221;icono-ficha&#8221;][vc_single_image image=&#8221;1452&#8243; img_size=&#8221;&#8221; title=&#8221;Insertador de cart\u00f3: Opcional&#8221; el_class=&#8221;icono-ficha&#8221;][vc_single_image image=&#8221;4317&#8243; onclick=&#8221;custom_link&#8221; el_class=&#8221;icono-ficha view-more&#8221; link=&#8221;https:\/\/www.jorpack.com\/ca\/paletitzadors\/serie-9600&#8243;][\/vc_column_inner][\/vc_row_inner][vc_row_inner disable_element=&#8221;yes&#8221; css=&#8221;.vc_custom_1760426319768{background-color: #ffffff !important;}&#8221;][vc_column_inner][vc_column_text css=&#8221;.vc_custom_1760424568673{background-color: #ffffff !important;}&#8221;]<\/p>\n<h4>COBOTS<\/h4>\n<h6><span style=\"color: #808080;\">Solucions colaboratives<\/span><\/h6>\n<p>[\/vc_column_text][vc_single_image image=&#8221;33230&#8243; img_size=&#8221;medium&#8221; alignment=&#8221;center&#8221; onclick=&#8221;custom_link&#8221; css=&#8221;.vc_custom_1760426278569{margin-bottom: 30px !important;}&#8221; el_class=&#8221;foto-producto-medium&#8221; link=&#8221;https:\/\/jorpack.com\/ca\/encaixadores-caixa-tipus-b1-americana\/enc-9600\/&#8221;][vc_empty_space][vc_single_image image=&#8221;33257&#8243; img_size=&#8221;medium&#8221; css=&#8221;&#8221; title=&#8221;M\u00faltiples aplicacions per a diferents productes i solucions de despaletitzat, encaixat o paletitzat&#8221; el_class=&#8221;icono-ficha&#8221;][vc_single_image image=&#8221;1437&#8243; img_size=&#8221;medium&#8221; css=&#8221;&#8221; el_class=&#8221;icono-ficha&#8221; title=&#8221;Canvis de formats: autom\u00e0tics i molt breus&#8221;][vc_single_image image=&#8221;1430&#8243; img_size=&#8221;&#8221; css=&#8221;&#8221; title=&#8221;Pinces col\u00b7laboratives adaptades a cada aplicaci\u00f3&#8221; el_class=&#8221;icono-ficha&#8221;][vc_single_image image=&#8221;33260&#8243; img_size=&#8221;&#8221; css=&#8221;&#8221; title=&#8221;Solucions amb cobots despaltitzadors, robots col\u00b7laboratius d&#8217;encaixat i solucions col\u00b7laboratives de paletitzat&#8221; el_class=&#8221;icono-ficha&#8221;][vc_single_image image=&#8221;4317&#8243; onclick=&#8221;custom_link&#8221; el_class=&#8221;icono-ficha view-more&#8221; link=&#8221;https:\/\/www.jorpack.com\/ca\/robots\/encaixadores-caixa-tipus-b1-americana\/enc-9600&#8243;][\/vc_column_inner][\/vc_row_inner][vc_row_inner css=&#8221;.vc_custom_1648730828124{background-color: #ffffff !important;}&#8221;][vc_column_inner][vc_column_text css=&#8221;.vc_custom_1663854988480{background-color: #ffffff !important;}&#8221;]<\/p>\n<h4><a href=\"https:\/\/jorpack.com\/ca\/robots\/despaletitzadors\/desp-9600\/\">DESP-9600<\/a><\/h4>\n<h6><span style=\"color: #808080;\">Robot Despaletitzador<\/span><\/h6>\n<p>[\/vc_column_text][vc_single_image image=&#8221;1818&#8243; img_size=&#8221;medium&#8221; alignment=&#8221;center&#8221; onclick=&#8221;custom_link&#8221; css=&#8221;.vc_custom_1738072860113{margin-bottom: 30px !important;}&#8221; el_class=&#8221;foto-producto-medium&#8221; link=&#8221;https:\/\/jorpack.com\/ca\/robots\/despaletitzadors\/desp-9600\/&#8221;][vc_empty_space][vc_single_image image=&#8221;1457&#8243; img_size=&#8221;medium&#8221; title=&#8221;M\u00faltiples solucions de despaletitzat&#8221; el_class=&#8221;icono-ficha&#8221;][vc_single_image image=&#8221;1434&#8243; img_size=&#8221;&#8221; title=&#8221;Envasos Pet, vidre, alumini i caixes&#8221; el_class=&#8221;icono-ficha&#8221;][vc_single_image image=&#8221;1437&#8243; img_size=&#8221;medium&#8221; el_class=&#8221;icono-ficha&#8221; title=&#8221;Canvis de formats: Autom\u00e0tics&#8221;][vc_single_image image=&#8221;1424&#8243; img_size=&#8221;&#8221; title=&#8221;Magatzem palets: Opcional&#8221; el_class=&#8221;icono-ficha&#8221;][vc_single_image image=&#8221;1447&#8243; img_size=&#8221;&#8221; title=&#8221;Extractor de cart\u00f3: Opcional&#8221; el_class=&#8221;icono-ficha&#8221;][vc_single_image image=&#8221;4317&#8243; onclick=&#8221;custom_link&#8221; el_class=&#8221;icono-ficha view-more&#8221; link=&#8221;https:\/\/www.jorpack.com\/ca\/robots\/despaletitzadors\/desp-9600&#8243;][\/vc_column_inner][\/vc_row_inner][vc_row_inner css=&#8221;.vc_custom_1648730828124{background-color: #ffffff !important;}&#8221;][vc_column_inner][vc_column_text css=&#8221;.vc_custom_1663855063374{background-color: #ffffff !important;}&#8221;]<\/p>\n<h4><a href=\"https:\/\/jorpack.com\/ca\/encaixadores-caixa-tipus-b1-americana\/enc-9600\/\">ENC-9600<\/a><\/h4>\n<h6><span style=\"color: #808080;\">Robot Encaixador Desencaixador<br \/>\n<\/span><\/h6>\n<p>[\/vc_column_text][vc_single_image image=&#8221;1710&#8243; img_size=&#8221;medium&#8221; alignment=&#8221;center&#8221; onclick=&#8221;custom_link&#8221; css=&#8221;.vc_custom_1738072879820{margin-bottom: 30px !important;}&#8221; el_class=&#8221;foto-producto-medium&#8221; link=&#8221;https:\/\/jorpack.com\/ca\/encaixadores-caixa-tipus-b1-americana\/enc-9600\/&#8221;][vc_empty_space][vc_single_image image=&#8221;1428&#8243; img_size=&#8221;medium&#8221; title=&#8221;Qualsevol env\u00e0s susceptible de ser envasat&#8221; el_class=&#8221;icono-ficha&#8221;][vc_single_image image=&#8221;1438&#8243; img_size=&#8221;&#8221; title=&#8221;En ampolles: 25.000 ampolles\/hora Cicles: 6-8 moviments\/minut&#8221; el_class=&#8221;icono-ficha&#8221;][vc_single_image image=&#8221;1437&#8243; img_size=&#8221;medium&#8221; el_class=&#8221;icono-ficha&#8221; title=&#8221;Canvis de formats: molt breus i amb regulaci\u00f3&#8221;][vc_single_image image=&#8221;1430&#8243; img_size=&#8221;&#8221; title=&#8221;Cap\u00e7al per un o diversos formats. Cap\u00e7al multiformat&#8221; el_class=&#8221;icono-ficha&#8221;][vc_single_image image=&#8221;1432&#8243; img_size=&#8221;&#8221; title=&#8221;Encaixat i desencaixat per caixes, safates, o caixes de producte retornable&#8221; el_class=&#8221;icono-ficha&#8221;][vc_single_image image=&#8221;4317&#8243; onclick=&#8221;custom_link&#8221; el_class=&#8221;icono-ficha view-more&#8221; link=&#8221;https:\/\/www.jorpack.com\/ca\/robots\/encaixadores-caixa-tipus-b1-americana\/enc-9600&#8243;][\/vc_column_inner][\/vc_row_inner]<\/div><\/div>\t\t\t<script type=\"text\/javascript\">\n\t\t\t\tjQuery(document).ready(function ($) {\n\t\t\t\t\tif( typeof jQuery('.ult-carousel-129447212369de0ceac5490').slick == \"function\"){\n\t\t\t\t\t\t$('.ult-carousel-129447212369de0ceac5490').slick({dots: false,autoplaySpeed: \"5000\",speed: \"300\",infinite: true,arrows: true,nextArrow: '<button type=\"button\" role=\"button\" aria-label=\"Next\" style=\"color:#333333; font-size:36px;\" class=\"slick-next default\"><i class=\"ultsl-arrow-right6\"><\/i><\/button>',prevArrow: '<button type=\"button\" role=\"button\" aria-label=\"Previous\" style=\"color:#333333; font-size:36px;\" class=\"slick-prev default\"><i class=\"ultsl-arrow-left6\"><\/i><\/button>',slidesToScroll:1,slidesToShow:3,swipe: true,draggable: true,touchMove: true,pauseOnHover: true,pauseOnFocus: false,responsive: [\n\t\t\t\t\t\t\t{\n\t\t\t\t\t\t\t  breakpoint: 1026,\n\t\t\t\t\t\t\t  settings: {\n\t\t\t\t\t\t\t\tslidesToShow: 3,\n\t\t\t\t\t\t\t\tslidesToScroll: 1,  \n\t\t\t\t\t\t\t  }\n\t\t\t\t\t\t\t},\n\t\t\t\t\t\t\t{\n\t\t\t\t\t\t\t  breakpoint: 1025,\n\t\t\t\t\t\t\t  settings: {\n\t\t\t\t\t\t\t\tslidesToShow: 2,\n\t\t\t\t\t\t\t\tslidesToScroll: 1\n\t\t\t\t\t\t\t  }\n\t\t\t\t\t\t\t},\n\t\t\t\t\t\t\t{\n\t\t\t\t\t\t\t  breakpoint: 760,\n\t\t\t\t\t\t\t  settings: {\n\t\t\t\t\t\t\t\tslidesToShow: 1,\n\t\t\t\t\t\t\t\tslidesToScroll: 1\n\t\t\t\t\t\t\t  }\n\t\t\t\t\t\t\t}\n\t\t\t\t\t\t],pauseOnDotsHover: true,customPaging: function(slider, i) {\n                   return '<i type=\"button\" style= \"color:#333333;\" class=\"ultsl-record\" data-role=\"none\"><\/i>';\n                },});\n\t\t\t\t\t}\n\t\t\t\t});\n\t\t\t<\/script>\n\t\t\t[\/vc_column][\/vc_row][\/vc_section][vc_section css=&#8221;.vc_custom_1745398677886{padding-top: 100px !important;padding-bottom: 50px !important;}&#8221;][vc_row content_placement=&#8221;middle&#8221;][vc_column][vc_video link=&#8221;https:\/\/www.youtube.com\/watch?v=VZuajP-KwIY&#8221; el_width=&#8221;60&#8243; align=&#8221;center&#8221; css=&#8221;&#8221;][\/vc_column][\/vc_row][\/vc_section]<\/p>\n<\/div>","protected":false},"excerpt":{"rendered":"<p>[vc_section full_width=&#8221;stretch_row&#8221; css=&#8221;.vc_custom_1651498784065{padding-top: 30px !important;padding-bottom: 50px !important;background-color: #f5f5f5 !important;}&#8221;][vc_row content_placement=&#8221;middle&#8221; el_class=&#8221;presentacion-producto&#8221;][vc_column width=&#8221;1\/2&#8243; offset=&#8221;vc_hidden-xs&#8221;][vc_single_image image=&#8221;1837&#8243; img_size=&#8221;full&#8221;][\/vc_column][vc_column width=&#8221;1\/2&#8243;][vc_single_image image=&#8221;1286&#8243; el_class=&#8221;color-producto&#8221;][vc_column_text css=&#8221;.vc_custom_1662377851118{margin-bottom: 10px !important;}&#8221;] Solucions amb Robots [\/vc_column_text][vc_column_text css=&#8221;.vc_custom_1662377899366{margin-bottom: 10px !important;}&#8221;] Versatilitat i &#8230; <a title=\"Solucions amb Robots\" class=\"read-more\" href=\"https:\/\/jorpack.com\/ca\/robots\/\" aria-label=\"M\u00e9s informaci\u00f3 sobre Solucions amb Robots\">Leer m\u00e1s<\/a><\/p>\n","protected":false},"author":2,"featured_media":0,"parent":0,"menu_order":0,"comment_status":"closed","ping_status":"closed","template":"","meta":{"_acf_changed":false,"footnotes":""},"class_list":["post-3237","page","type-page","status-publish"],"acf":[],"yoast_head":"<!-- This site is optimized with the Yoast SEO plugin v27.2 - https:\/\/yoast.com\/product\/yoast-seo-wordpress\/ -->\n<title>Solucions amb Robots - Jorpack\u00ae<\/title>\n<meta name=\"robots\" content=\"index, follow, max-snippet:-1, max-image-preview:large, max-video-preview:-1\" \/>\n<link rel=\"canonical\" href=\"https:\/\/jorpack.com\/ca\/robots\/\" \/>\n<meta property=\"og:locale\" content=\"ca_ES\" \/>\n<meta property=\"og:type\" content=\"article\" \/>\n<meta property=\"og:title\" content=\"Solucions amb Robots - Jorpack\u00ae\" \/>\n<meta property=\"og:description\" content=\"[vc_section full_width=&#8221;stretch_row&#8221; css=&#8221;.vc_custom_1651498784065{padding-top: 30px !important;padding-bottom: 50px !important;background-color: #f5f5f5 !important;}&#8221;][vc_row content_placement=&#8221;middle&#8221; el_class=&#8221;presentacion-producto&#8221;][vc_column width=&#8221;1\/2&#8243; offset=&#8221;vc_hidden-xs&#8221;][vc_single_image image=&#8221;1837&#8243; img_size=&#8221;full&#8221;][\/vc_column][vc_column width=&#8221;1\/2&#8243;][vc_single_image image=&#8221;1286&#8243; el_class=&#8221;color-producto&#8221;][vc_column_text css=&#8221;.vc_custom_1662377851118{margin-bottom: 10px !important;}&#8221;] Solucions amb Robots [\/vc_column_text][vc_column_text css=&#8221;.vc_custom_1662377899366{margin-bottom: 10px !important;}&#8221;] Versatilitat i ... Leer m\u00e1s\" \/>\n<meta property=\"og:url\" content=\"https:\/\/jorpack.com\/ca\/robots\/\" \/>\n<meta property=\"og:site_name\" content=\"Jorpack\u00ae\" \/>\n<meta property=\"article:modified_time\" content=\"2025-10-14T10:24:38+00:00\" \/>\n<meta name=\"twitter:card\" content=\"summary_large_image\" \/>\n<meta name=\"twitter:label1\" content=\"Temps estimat de lectura\" \/>\n\t<meta name=\"twitter:data1\" content=\"8 minuts\" \/>\n<script type=\"application\/ld+json\" class=\"yoast-schema-graph\">{\"@context\":\"https:\/\/schema.org\",\"@graph\":[{\"@type\":\"WebPage\",\"@id\":\"https:\/\/jorpack.com\/ca\/robots\/\",\"url\":\"https:\/\/jorpack.com\/ca\/robots\/\",\"name\":\"Solucions amb Robots - Jorpack\u00ae\",\"isPartOf\":{\"@id\":\"https:\/\/jorpack.com\/ca\/#website\"},\"datePublished\":\"2022-09-05T11:48:17+00:00\",\"dateModified\":\"2025-10-14T10:24:38+00:00\",\"breadcrumb\":{\"@id\":\"https:\/\/jorpack.com\/ca\/robots\/#breadcrumb\"},\"inLanguage\":\"ca\",\"potentialAction\":[{\"@type\":\"ReadAction\",\"target\":[\"https:\/\/jorpack.com\/ca\/robots\/\"]}]},{\"@type\":\"BreadcrumbList\",\"@id\":\"https:\/\/jorpack.com\/ca\/robots\/#breadcrumb\",\"itemListElement\":[{\"@type\":\"ListItem\",\"position\":1,\"name\":\"Portada\",\"item\":\"https:\/\/jorpack.com\/ca\/\"},{\"@type\":\"ListItem\",\"position\":2,\"name\":\"Solucions amb Robots\"}]},{\"@type\":\"WebSite\",\"@id\":\"https:\/\/jorpack.com\/ca\/#website\",\"url\":\"https:\/\/jorpack.com\/ca\/\",\"name\":\"Jorpack\u00ae\",\"description\":\"Amplia selecci\u00f3n de Formadoras\",\"publisher\":{\"@id\":\"https:\/\/jorpack.com\/ca\/#organization\"},\"potentialAction\":[{\"@type\":\"SearchAction\",\"target\":{\"@type\":\"EntryPoint\",\"urlTemplate\":\"https:\/\/jorpack.com\/ca\/?s={search_term_string}\"},\"query-input\":{\"@type\":\"PropertyValueSpecification\",\"valueRequired\":true,\"valueName\":\"search_term_string\"}}],\"inLanguage\":\"ca\"},{\"@type\":\"Organization\",\"@id\":\"https:\/\/jorpack.com\/ca\/#organization\",\"name\":\"Jorpack\u00ae\",\"url\":\"https:\/\/jorpack.com\/ca\/\",\"logo\":{\"@type\":\"ImageObject\",\"inLanguage\":\"ca\",\"@id\":\"https:\/\/jorpack.com\/ca\/#\/schema\/logo\/image\/\",\"url\":\"https:\/\/jorpack.com\/wp-content\/uploads\/2022\/03\/cropped-jorpack-logotipo.png\",\"contentUrl\":\"https:\/\/jorpack.com\/wp-content\/uploads\/2022\/03\/cropped-jorpack-logotipo.png\",\"width\":500,\"height\":110,\"caption\":\"Jorpack\u00ae\"},\"image\":{\"@id\":\"https:\/\/jorpack.com\/ca\/#\/schema\/logo\/image\/\"}}]}<\/script>\n<!-- \/ Yoast SEO plugin. -->","yoast_head_json":{"title":"Solucions amb Robots - Jorpack\u00ae","robots":{"index":"index","follow":"follow","max-snippet":"max-snippet:-1","max-image-preview":"max-image-preview:large","max-video-preview":"max-video-preview:-1"},"canonical":"https:\/\/jorpack.com\/ca\/robots\/","og_locale":"ca_ES","og_type":"article","og_title":"Solucions amb Robots - Jorpack\u00ae","og_description":"[vc_section full_width=&#8221;stretch_row&#8221; css=&#8221;.vc_custom_1651498784065{padding-top: 30px !important;padding-bottom: 50px !important;background-color: #f5f5f5 !important;}&#8221;][vc_row content_placement=&#8221;middle&#8221; el_class=&#8221;presentacion-producto&#8221;][vc_column width=&#8221;1\/2&#8243; offset=&#8221;vc_hidden-xs&#8221;][vc_single_image image=&#8221;1837&#8243; img_size=&#8221;full&#8221;][\/vc_column][vc_column width=&#8221;1\/2&#8243;][vc_single_image image=&#8221;1286&#8243; el_class=&#8221;color-producto&#8221;][vc_column_text css=&#8221;.vc_custom_1662377851118{margin-bottom: 10px !important;}&#8221;] Solucions amb Robots [\/vc_column_text][vc_column_text css=&#8221;.vc_custom_1662377899366{margin-bottom: 10px !important;}&#8221;] Versatilitat i ... Leer m\u00e1s","og_url":"https:\/\/jorpack.com\/ca\/robots\/","og_site_name":"Jorpack\u00ae","article_modified_time":"2025-10-14T10:24:38+00:00","twitter_card":"summary_large_image","twitter_misc":{"Temps estimat de lectura":"8 minuts"},"schema":{"@context":"https:\/\/schema.org","@graph":[{"@type":"WebPage","@id":"https:\/\/jorpack.com\/ca\/robots\/","url":"https:\/\/jorpack.com\/ca\/robots\/","name":"Solucions amb Robots - Jorpack\u00ae","isPartOf":{"@id":"https:\/\/jorpack.com\/ca\/#website"},"datePublished":"2022-09-05T11:48:17+00:00","dateModified":"2025-10-14T10:24:38+00:00","breadcrumb":{"@id":"https:\/\/jorpack.com\/ca\/robots\/#breadcrumb"},"inLanguage":"ca","potentialAction":[{"@type":"ReadAction","target":["https:\/\/jorpack.com\/ca\/robots\/"]}]},{"@type":"BreadcrumbList","@id":"https:\/\/jorpack.com\/ca\/robots\/#breadcrumb","itemListElement":[{"@type":"ListItem","position":1,"name":"Portada","item":"https:\/\/jorpack.com\/ca\/"},{"@type":"ListItem","position":2,"name":"Solucions amb Robots"}]},{"@type":"WebSite","@id":"https:\/\/jorpack.com\/ca\/#website","url":"https:\/\/jorpack.com\/ca\/","name":"Jorpack\u00ae","description":"Amplia selecci\u00f3n de Formadoras","publisher":{"@id":"https:\/\/jorpack.com\/ca\/#organization"},"potentialAction":[{"@type":"SearchAction","target":{"@type":"EntryPoint","urlTemplate":"https:\/\/jorpack.com\/ca\/?s={search_term_string}"},"query-input":{"@type":"PropertyValueSpecification","valueRequired":true,"valueName":"search_term_string"}}],"inLanguage":"ca"},{"@type":"Organization","@id":"https:\/\/jorpack.com\/ca\/#organization","name":"Jorpack\u00ae","url":"https:\/\/jorpack.com\/ca\/","logo":{"@type":"ImageObject","inLanguage":"ca","@id":"https:\/\/jorpack.com\/ca\/#\/schema\/logo\/image\/","url":"https:\/\/jorpack.com\/wp-content\/uploads\/2022\/03\/cropped-jorpack-logotipo.png","contentUrl":"https:\/\/jorpack.com\/wp-content\/uploads\/2022\/03\/cropped-jorpack-logotipo.png","width":500,"height":110,"caption":"Jorpack\u00ae"},"image":{"@id":"https:\/\/jorpack.com\/ca\/#\/schema\/logo\/image\/"}}]}},"_links":{"self":[{"href":"https:\/\/jorpack.com\/ca\/wp-json\/wp\/v2\/pages\/3237","targetHints":{"allow":["GET"]}}],"collection":[{"href":"https:\/\/jorpack.com\/ca\/wp-json\/wp\/v2\/pages"}],"about":[{"href":"https:\/\/jorpack.com\/ca\/wp-json\/wp\/v2\/types\/page"}],"author":[{"embeddable":true,"href":"https:\/\/jorpack.com\/ca\/wp-json\/wp\/v2\/users\/2"}],"replies":[{"embeddable":true,"href":"https:\/\/jorpack.com\/ca\/wp-json\/wp\/v2\/comments?post=3237"}],"version-history":[{"count":3,"href":"https:\/\/jorpack.com\/ca\/wp-json\/wp\/v2\/pages\/3237\/revisions"}],"predecessor-version":[{"id":33263,"href":"https:\/\/jorpack.com\/ca\/wp-json\/wp\/v2\/pages\/3237\/revisions\/33263"}],"wp:attachment":[{"href":"https:\/\/jorpack.com\/ca\/wp-json\/wp\/v2\/media?parent=3237"}],"curies":[{"name":"wp","href":"https:\/\/api.w.org\/{rel}","templated":true}]}}