{"id":3235,"date":"2022-09-05T11:34:19","date_gmt":"2022-09-05T11:34:19","guid":{"rendered":"https:\/\/jorpack.com\/?page_id=3235"},"modified":"2025-04-23T08:48:16","modified_gmt":"2025-04-23T08:48:16","slug":"paletitzadors","status":"publish","type":"page","link":"https:\/\/jorpack.com\/ca\/paletitzadors\/","title":{"rendered":"Paletitzadors"},"content":{"rendered":"<div class=\"wpb-content-wrapper\"><p>[vc_section full_width=&#8221;stretch_row&#8221; css=&#8221;.vc_custom_1651498818180{padding-top: 30px !important;padding-bottom: 80px !important;background-color: #f5f5f5 !important;}&#8221;][vc_row content_placement=&#8221;middle&#8221; el_class=&#8221;presentacion-producto&#8221;][vc_column width=&#8221;1\/2&#8243; offset=&#8221;vc_hidden-xs&#8221;][vc_single_image image=&#8221;5939&#8243; img_size=&#8221;full&#8221;][\/vc_column][vc_column width=&#8221;1\/2&#8243;][vc_single_image image=&#8221;5942&#8243; el_class=&#8221;color-producto&#8221;][vc_column_text css=&#8221;.vc_custom_1662377212674{margin-bottom: 10px !important;}&#8221;]<\/p>\n<h1>Paletitzadors<\/h1>\n<p>[\/vc_column_text][vc_column_text css=&#8221;.vc_custom_1662379595074{margin-bottom: 10px !important;}&#8221;]<\/p>\n<h3><span style=\"color: #a6a7a9; font-weight: 500;\">El cam\u00ed cap a l&#8217;\u00e8xit<br \/>\n<\/span><\/h3>\n<p>[\/vc_column_text][vc_column_text css=&#8221;&#8221;]La gamma de solucions de paletitzats Jorpack constitueix el complement perfecte per diferenciar la imatge de la teva empresa, dels seus competidors.<\/p>\n<p>Per nosaltres \u00e9s fonamental el proc\u00e9s de formaci\u00f3 d\u2019un palet, per evitar danys Durant el transport i que arribi al seu dest\u00ed final en perfectes condicions.[\/vc_column_text][\/vc_column][\/vc_row][vc_row content_placement=&#8221;middle&#8221;][vc_column offset=&#8221;vc_hidden-lg vc_hidden-md vc_hidden-sm&#8221;][vc_single_image image=&#8221;5939&#8243; img_size=&#8221;full&#8221;][\/vc_column][\/vc_row][vc_row css=&#8221;.vc_custom_1651498824181{padding-top: 40px !important;}&#8221;][vc_column][vc_column_text el_class=&#8221;destacado&#8221;]<\/p>\n<h4 style=\"text-align: center;\">Descobreix la gamma de Paletitzadors Jorpack<\/h4>\n<p>[\/vc_column_text][vc_separator color=&#8221;black&#8221; el_width=&#8221;10&#8243;][\/vc_column][\/vc_row][vc_row full_width=&#8221;stretch_row&#8221; el_class=&#8221;fichas-productos&#8221;][vc_column]<div id=\"ult-carousel-220852294469ddee35a6f2c\" class=\"ult-carousel-wrapper  vc_custom_1649749356235  ult_horizontal\" data-gutter=\"35\" data-rtl=\"false\" ><div class=\"ult-carousel-70219057369ddee35a6d6e \" >[vc_row_inner css=&#8221;.vc_custom_1649842321678{background-color: #ffffff !important;}&#8221; el_class=&#8221;ficha-simple&#8221;][vc_column_inner][vc_column_text css=&#8221;.vc_custom_1663854706961{background-color: #ffffff !important;}&#8221;]<\/p>\n<h4><a href=\"https:\/\/jorpack.com\/ca\/paletitzadors\/man-6000\/\">MAN-6000<\/a><\/h4>\n<h6><span style=\"color: #808080;\">Paletitzador Cartesi\u00e0<br \/>\n<\/span><\/h6>\n<p>[\/vc_column_text][vc_single_image image=&#8221;5947&#8243; img_size=&#8221;medium&#8221; alignment=&#8221;center&#8221; onclick=&#8221;custom_link&#8221; css=&#8221;.vc_custom_1738064876460{margin-bottom: 30px !important;}&#8221; el_class=&#8221;foto-producto-medium&#8221; link=&#8221;https:\/\/jorpack.com\/ca\/paletitzadors\/man-6000\/&#8221;][vc_empty_space][vc_single_image image=&#8221;5960&#8243; img_size=&#8221;medium&#8221; title=&#8221;Paletitzador Cartesi\u00e0 3 eixos&#8221; el_class=&#8221;icono-ficha&#8221;][vc_single_image image=&#8221;5963&#8243; img_size=&#8221;medium&#8221; title=&#8221;Caixes, safates, caixes de producte retornable i sacs&#8221; el_class=&#8221;icono-ficha&#8221;][vc_single_image image=&#8221;5737&#8243; img_size=&#8221;&#8221; title=&#8221;Canvis de formats: Autom\u00e0tics&#8221; el_class=&#8221;icono-ficha&#8221;][vc_single_image image=&#8221;5966&#8243; img_size=&#8221;medium&#8221; el_class=&#8221;icono-ficha&#8221; title=&#8221;Magatzem palets: Incl\u00f2s&#8221;][vc_single_image image=&#8221;5969&#8243; img_size=&#8221;&#8221; title=&#8221;Insertador de cart\u00f3: Opcional&#8221; el_class=&#8221;icono-ficha&#8221;][vc_single_image image=&#8221;4317&#8243; onclick=&#8221;custom_link&#8221; el_class=&#8221;icono-ficha view-more&#8221; link=&#8221;https:\/\/www.jorpack.com\/ca\/paletitzadors\/man-6000&#8243;][\/vc_column_inner][\/vc_row_inner][vc_row_inner css=&#8221;.vc_custom_1649842321678{background-color: #ffffff !important;}&#8221; el_class=&#8221;ficha-simple&#8221;][vc_column_inner][vc_column_text css=&#8221;.vc_custom_1663854730558{background-color: #ffffff !important;}&#8221;]<\/p>\n<h4><a href=\"https:\/\/jorpack.com\/ca\/paletitzadors\/pli-2000\/\">PLI-2000<\/a><\/h4>\n<h6><span style=\"color: #808080;\">Paletitzador Autom\u00e0tic<\/span><\/h6>\n<p>[\/vc_column_text][vc_single_image image=&#8221;5950&#8243; img_size=&#8221;medium&#8221; alignment=&#8221;center&#8221; onclick=&#8221;custom_link&#8221; css=&#8221;.vc_custom_1738064906728{margin-bottom: 30px !important;}&#8221; el_class=&#8221;foto-producto-medium&#8221; link=&#8221;https:\/\/jorpack.com\/ca\/paletitzadors\/pli-2000\/&#8221;][vc_empty_space][vc_single_image image=&#8221;5960&#8243; img_size=&#8221;medium&#8221; title=&#8221;Paletitzador Autom\u00e0tic&#8221; el_class=&#8221;icono-ficha&#8221;][vc_single_image image=&#8221;5963&#8243; img_size=&#8221;medium&#8221; title=&#8221;Caixes, safates, caixes de producte retornable i sacs&#8221; el_class=&#8221;icono-ficha&#8221;][vc_single_image image=&#8221;5737&#8243; img_size=&#8221;&#8221; title=&#8221;Canvis de formats: Autom\u00e0tics&#8221; el_class=&#8221;icono-ficha&#8221;][vc_single_image image=&#8221;5966&#8243; img_size=&#8221;medium&#8221; el_class=&#8221;icono-ficha&#8221; title=&#8221;Magatzem palets: Incl\u00f2s&#8221;][vc_single_image image=&#8221;5969&#8243; img_size=&#8221;&#8221; title=&#8221;Insertador de cart\u00f3: Opcional&#8221; el_class=&#8221;icono-ficha&#8221;][vc_single_image image=&#8221;4317&#8243; onclick=&#8221;custom_link&#8221; el_class=&#8221;icono-ficha view-more&#8221; link=&#8221;https:\/\/www.jorpack.com\/ca\/paletitzadors\/pli-2000&#8243;][\/vc_column_inner][\/vc_row_inner][vc_row_inner css=&#8221;.vc_custom_1649842321678{background-color: #ffffff !important;}&#8221; el_class=&#8221;ficha-simple&#8221;][vc_column_inner][vc_column_text css=&#8221;.vc_custom_1663854765048{background-color: #ffffff !important;}&#8221;]<\/p>\n<h4><a href=\"https:\/\/jorpack.com\/ca\/paletitzadors\/serie-9600\/\"><span style=\"color: #edca00;\">ROBOT<\/span>PLI<\/a><\/h4>\n<h6><span style=\"color: #808080;\">Solucions de paletitzat amb Robots<\/span><\/h6>\n<p>[\/vc_column_text][vc_single_image image=&#8221;5953&#8243; img_size=&#8221;medium&#8221; alignment=&#8221;center&#8221; onclick=&#8221;custom_link&#8221; css=&#8221;.vc_custom_1738064927154{margin-bottom: 30px !important;}&#8221; el_class=&#8221;foto-producto-medium&#8221; link=&#8221;https:\/\/jorpack.com\/ca\/paletitzadors\/serie-9600\/&#8221;][vc_empty_space][vc_single_image image=&#8221;5960&#8243; img_size=&#8221;medium&#8221; title=&#8221;Paletitzador Autom\u00e0tic&#8221; el_class=&#8221;icono-ficha&#8221;][vc_single_image image=&#8221;5963&#8243; img_size=&#8221;medium&#8221; title=&#8221;Caixes, safates, caixes de producte retornable i sacs&#8221; el_class=&#8221;icono-ficha&#8221;][vc_single_image image=&#8221;5737&#8243; img_size=&#8221;&#8221; title=&#8221;Canvis de formats: Autom\u00e0tics&#8221; el_class=&#8221;icono-ficha&#8221;][vc_single_image image=&#8221;5966&#8243; img_size=&#8221;medium&#8221; el_class=&#8221;icono-ficha&#8221; title=&#8221;Magatzem palets: Opcional&#8221;][vc_single_image image=&#8221;5969&#8243; img_size=&#8221;&#8221; title=&#8221;Insertador de cart\u00f3: Opcional&#8221; el_class=&#8221;icono-ficha&#8221;][vc_single_image image=&#8221;4317&#8243; onclick=&#8221;custom_link&#8221; el_class=&#8221;icono-ficha view-more&#8221; link=&#8221;https:\/\/www.jorpack.com\/ca\/paletitzadors\/serie-9600&#8243;][\/vc_column_inner][\/vc_row_inner]<\/div><\/div>\t\t\t<script type=\"text\/javascript\">\n\t\t\t\tjQuery(document).ready(function ($) {\n\t\t\t\t\tif( typeof jQuery('.ult-carousel-70219057369ddee35a6d6e').slick == \"function\"){\n\t\t\t\t\t\t$('.ult-carousel-70219057369ddee35a6d6e').slick({dots: false,autoplaySpeed: \"5000\",speed: \"300\",infinite: true,arrows: true,nextArrow: '<button type=\"button\" role=\"button\" aria-label=\"Next\" style=\"color:#333333; font-size:36px;\" class=\"slick-next default\"><i class=\"ultsl-arrow-right6\"><\/i><\/button>',prevArrow: '<button type=\"button\" role=\"button\" aria-label=\"Previous\" style=\"color:#333333; font-size:36px;\" class=\"slick-prev default\"><i class=\"ultsl-arrow-left6\"><\/i><\/button>',slidesToScroll:1,slidesToShow:3,swipe: true,draggable: true,touchMove: true,pauseOnHover: true,pauseOnFocus: false,responsive: [\n\t\t\t\t\t\t\t{\n\t\t\t\t\t\t\t  breakpoint: 1026,\n\t\t\t\t\t\t\t  settings: {\n\t\t\t\t\t\t\t\tslidesToShow: 3,\n\t\t\t\t\t\t\t\tslidesToScroll: 1,  \n\t\t\t\t\t\t\t  }\n\t\t\t\t\t\t\t},\n\t\t\t\t\t\t\t{\n\t\t\t\t\t\t\t  breakpoint: 1025,\n\t\t\t\t\t\t\t  settings: {\n\t\t\t\t\t\t\t\tslidesToShow: 2,\n\t\t\t\t\t\t\t\tslidesToScroll: 1\n\t\t\t\t\t\t\t  }\n\t\t\t\t\t\t\t},\n\t\t\t\t\t\t\t{\n\t\t\t\t\t\t\t  breakpoint: 760,\n\t\t\t\t\t\t\t  settings: {\n\t\t\t\t\t\t\t\tslidesToShow: 1,\n\t\t\t\t\t\t\t\tslidesToScroll: 1\n\t\t\t\t\t\t\t  }\n\t\t\t\t\t\t\t}\n\t\t\t\t\t\t],pauseOnDotsHover: true,customPaging: function(slider, i) {\n                   return '<i type=\"button\" style= \"color:#333333;\" class=\"ultsl-record\" data-role=\"none\"><\/i>';\n                },});\n\t\t\t\t\t}\n\t\t\t\t});\n\t\t\t<\/script>\n\t\t\t[\/vc_column][\/vc_row][\/vc_section][vc_section css=&#8221;.vc_custom_1745398044014{padding-top: 100px !important;padding-bottom: 100px !important;}&#8221;][vc_row content_placement=&#8221;middle&#8221;][vc_column][vc_video link=&#8221;https:\/\/youtu.be\/Ej2onk1HDQQ&#8221; el_width=&#8221;60&#8243; align=&#8221;center&#8221; css=&#8221;&#8221;][\/vc_column][\/vc_row][\/vc_section]<\/p>\n<\/div>","protected":false},"excerpt":{"rendered":"<p>[vc_section full_width=&#8221;stretch_row&#8221; css=&#8221;.vc_custom_1651498818180{padding-top: 30px !important;padding-bottom: 80px !important;background-color: #f5f5f5 !important;}&#8221;][vc_row content_placement=&#8221;middle&#8221; el_class=&#8221;presentacion-producto&#8221;][vc_column width=&#8221;1\/2&#8243; offset=&#8221;vc_hidden-xs&#8221;][vc_single_image image=&#8221;5939&#8243; img_size=&#8221;full&#8221;][\/vc_column][vc_column width=&#8221;1\/2&#8243;][vc_single_image image=&#8221;5942&#8243; el_class=&#8221;color-producto&#8221;][vc_column_text css=&#8221;.vc_custom_1662377212674{margin-bottom: 10px !important;}&#8221;] Paletitzadors [\/vc_column_text][vc_column_text css=&#8221;.vc_custom_1662379595074{margin-bottom: 10px !important;}&#8221;] El cam\u00ed cap a &#8230; <a title=\"Paletitzadors\" class=\"read-more\" href=\"https:\/\/jorpack.com\/ca\/paletitzadors\/\" aria-label=\"M\u00e9s informaci\u00f3 sobre Paletitzadors\">Leer m\u00e1s<\/a><\/p>\n","protected":false},"author":2,"featured_media":0,"parent":0,"menu_order":0,"comment_status":"closed","ping_status":"closed","template":"","meta":{"_acf_changed":false,"footnotes":""},"class_list":["post-3235","page","type-page","status-publish"],"acf":[],"yoast_head":"<!-- This site is optimized with the Yoast SEO plugin v27.2 - https:\/\/yoast.com\/product\/yoast-seo-wordpress\/ -->\n<title>Paletitzadors - Jorpack\u00ae<\/title>\n<meta name=\"description\" content=\"La gamma de Paletitzadors Jorpack constitueix el complement perfecte per a diferenciar la imatge de la teva empresa, dels teus competidors.\" \/>\n<meta name=\"robots\" content=\"index, follow, max-snippet:-1, max-image-preview:large, max-video-preview:-1\" \/>\n<link rel=\"canonical\" href=\"https:\/\/jorpack.com\/ca\/paletitzadors\/\" \/>\n<meta property=\"og:locale\" content=\"ca_ES\" \/>\n<meta property=\"og:type\" content=\"article\" \/>\n<meta property=\"og:title\" content=\"Paletitzadors - Jorpack\u00ae\" \/>\n<meta property=\"og:description\" content=\"La gamma de Paletitzadors Jorpack constitueix el complement perfecte per a diferenciar la imatge de la teva empresa, dels teus competidors.\" \/>\n<meta property=\"og:url\" content=\"https:\/\/jorpack.com\/ca\/paletitzadors\/\" \/>\n<meta property=\"og:site_name\" content=\"Jorpack\u00ae\" \/>\n<meta property=\"article:modified_time\" content=\"2025-04-23T08:48:16+00:00\" \/>\n<meta name=\"twitter:card\" content=\"summary_large_image\" \/>\n<meta name=\"twitter:label1\" content=\"Temps estimat de lectura\" \/>\n\t<meta name=\"twitter:data1\" content=\"7 minuts\" \/>\n<script type=\"application\/ld+json\" class=\"yoast-schema-graph\">{\"@context\":\"https:\/\/schema.org\",\"@graph\":[{\"@type\":\"WebPage\",\"@id\":\"https:\/\/jorpack.com\/ca\/paletitzadors\/\",\"url\":\"https:\/\/jorpack.com\/ca\/paletitzadors\/\",\"name\":\"Paletitzadors - Jorpack\u00ae\",\"isPartOf\":{\"@id\":\"https:\/\/jorpack.com\/ca\/#website\"},\"datePublished\":\"2022-09-05T11:34:19+00:00\",\"dateModified\":\"2025-04-23T08:48:16+00:00\",\"description\":\"La gamma de Paletitzadors Jorpack constitueix el complement perfecte per a diferenciar la imatge de la teva empresa, dels teus competidors.\",\"breadcrumb\":{\"@id\":\"https:\/\/jorpack.com\/ca\/paletitzadors\/#breadcrumb\"},\"inLanguage\":\"ca\",\"potentialAction\":[{\"@type\":\"ReadAction\",\"target\":[\"https:\/\/jorpack.com\/ca\/paletitzadors\/\"]}]},{\"@type\":\"BreadcrumbList\",\"@id\":\"https:\/\/jorpack.com\/ca\/paletitzadors\/#breadcrumb\",\"itemListElement\":[{\"@type\":\"ListItem\",\"position\":1,\"name\":\"Portada\",\"item\":\"https:\/\/jorpack.com\/ca\/\"},{\"@type\":\"ListItem\",\"position\":2,\"name\":\"Paletitzadors\"}]},{\"@type\":\"WebSite\",\"@id\":\"https:\/\/jorpack.com\/ca\/#website\",\"url\":\"https:\/\/jorpack.com\/ca\/\",\"name\":\"Jorpack\u00ae\",\"description\":\"Amplia selecci\u00f3n de Formadoras\",\"publisher\":{\"@id\":\"https:\/\/jorpack.com\/ca\/#organization\"},\"potentialAction\":[{\"@type\":\"SearchAction\",\"target\":{\"@type\":\"EntryPoint\",\"urlTemplate\":\"https:\/\/jorpack.com\/ca\/?s={search_term_string}\"},\"query-input\":{\"@type\":\"PropertyValueSpecification\",\"valueRequired\":true,\"valueName\":\"search_term_string\"}}],\"inLanguage\":\"ca\"},{\"@type\":\"Organization\",\"@id\":\"https:\/\/jorpack.com\/ca\/#organization\",\"name\":\"Jorpack\u00ae\",\"url\":\"https:\/\/jorpack.com\/ca\/\",\"logo\":{\"@type\":\"ImageObject\",\"inLanguage\":\"ca\",\"@id\":\"https:\/\/jorpack.com\/ca\/#\/schema\/logo\/image\/\",\"url\":\"https:\/\/jorpack.com\/wp-content\/uploads\/2022\/03\/cropped-jorpack-logotipo.png\",\"contentUrl\":\"https:\/\/jorpack.com\/wp-content\/uploads\/2022\/03\/cropped-jorpack-logotipo.png\",\"width\":500,\"height\":110,\"caption\":\"Jorpack\u00ae\"},\"image\":{\"@id\":\"https:\/\/jorpack.com\/ca\/#\/schema\/logo\/image\/\"}}]}<\/script>\n<!-- \/ Yoast SEO plugin. -->","yoast_head_json":{"title":"Paletitzadors - Jorpack\u00ae","description":"La gamma de Paletitzadors Jorpack constitueix el complement perfecte per a diferenciar la imatge de la teva empresa, dels teus competidors.","robots":{"index":"index","follow":"follow","max-snippet":"max-snippet:-1","max-image-preview":"max-image-preview:large","max-video-preview":"max-video-preview:-1"},"canonical":"https:\/\/jorpack.com\/ca\/paletitzadors\/","og_locale":"ca_ES","og_type":"article","og_title":"Paletitzadors - Jorpack\u00ae","og_description":"La gamma de Paletitzadors Jorpack constitueix el complement perfecte per a diferenciar la imatge de la teva empresa, dels teus competidors.","og_url":"https:\/\/jorpack.com\/ca\/paletitzadors\/","og_site_name":"Jorpack\u00ae","article_modified_time":"2025-04-23T08:48:16+00:00","twitter_card":"summary_large_image","twitter_misc":{"Temps estimat de lectura":"7 minuts"},"schema":{"@context":"https:\/\/schema.org","@graph":[{"@type":"WebPage","@id":"https:\/\/jorpack.com\/ca\/paletitzadors\/","url":"https:\/\/jorpack.com\/ca\/paletitzadors\/","name":"Paletitzadors - Jorpack\u00ae","isPartOf":{"@id":"https:\/\/jorpack.com\/ca\/#website"},"datePublished":"2022-09-05T11:34:19+00:00","dateModified":"2025-04-23T08:48:16+00:00","description":"La gamma de Paletitzadors Jorpack constitueix el complement perfecte per a diferenciar la imatge de la teva empresa, dels teus competidors.","breadcrumb":{"@id":"https:\/\/jorpack.com\/ca\/paletitzadors\/#breadcrumb"},"inLanguage":"ca","potentialAction":[{"@type":"ReadAction","target":["https:\/\/jorpack.com\/ca\/paletitzadors\/"]}]},{"@type":"BreadcrumbList","@id":"https:\/\/jorpack.com\/ca\/paletitzadors\/#breadcrumb","itemListElement":[{"@type":"ListItem","position":1,"name":"Portada","item":"https:\/\/jorpack.com\/ca\/"},{"@type":"ListItem","position":2,"name":"Paletitzadors"}]},{"@type":"WebSite","@id":"https:\/\/jorpack.com\/ca\/#website","url":"https:\/\/jorpack.com\/ca\/","name":"Jorpack\u00ae","description":"Amplia selecci\u00f3n de Formadoras","publisher":{"@id":"https:\/\/jorpack.com\/ca\/#organization"},"potentialAction":[{"@type":"SearchAction","target":{"@type":"EntryPoint","urlTemplate":"https:\/\/jorpack.com\/ca\/?s={search_term_string}"},"query-input":{"@type":"PropertyValueSpecification","valueRequired":true,"valueName":"search_term_string"}}],"inLanguage":"ca"},{"@type":"Organization","@id":"https:\/\/jorpack.com\/ca\/#organization","name":"Jorpack\u00ae","url":"https:\/\/jorpack.com\/ca\/","logo":{"@type":"ImageObject","inLanguage":"ca","@id":"https:\/\/jorpack.com\/ca\/#\/schema\/logo\/image\/","url":"https:\/\/jorpack.com\/wp-content\/uploads\/2022\/03\/cropped-jorpack-logotipo.png","contentUrl":"https:\/\/jorpack.com\/wp-content\/uploads\/2022\/03\/cropped-jorpack-logotipo.png","width":500,"height":110,"caption":"Jorpack\u00ae"},"image":{"@id":"https:\/\/jorpack.com\/ca\/#\/schema\/logo\/image\/"}}]}},"_links":{"self":[{"href":"https:\/\/jorpack.com\/ca\/wp-json\/wp\/v2\/pages\/3235","targetHints":{"allow":["GET"]}}],"collection":[{"href":"https:\/\/jorpack.com\/ca\/wp-json\/wp\/v2\/pages"}],"about":[{"href":"https:\/\/jorpack.com\/ca\/wp-json\/wp\/v2\/types\/page"}],"author":[{"embeddable":true,"href":"https:\/\/jorpack.com\/ca\/wp-json\/wp\/v2\/users\/2"}],"replies":[{"embeddable":true,"href":"https:\/\/jorpack.com\/ca\/wp-json\/wp\/v2\/comments?post=3235"}],"version-history":[{"count":0,"href":"https:\/\/jorpack.com\/ca\/wp-json\/wp\/v2\/pages\/3235\/revisions"}],"wp:attachment":[{"href":"https:\/\/jorpack.com\/ca\/wp-json\/wp\/v2\/media?parent=3235"}],"curies":[{"name":"wp","href":"https:\/\/api.w.org\/{rel}","templated":true}]}}