{"id":3229,"date":"2022-09-05T11:05:10","date_gmt":"2022-09-05T11:05:10","guid":{"rendered":"https:\/\/jorpack.com\/?page_id=3229"},"modified":"2025-02-20T15:58:11","modified_gmt":"2025-02-20T15:58:11","slug":"formadores-de-caixes-i-safates","status":"publish","type":"page","link":"https:\/\/jorpack.com\/ca\/formadores-de-caixes-safates\/","title":{"rendered":"Formadores de Caixes i Safates"},"content":{"rendered":"<div class=\"wpb-content-wrapper\"><p>[vc_section full_width=&#8221;stretch_row&#8221; css=&#8221;.vc_custom_1651498994298{padding-top: 30px !important;padding-bottom: 50px !important;background-color: #f5f5f5 !important;}&#8221;][vc_row content_placement=&#8221;middle&#8221; el_class=&#8221;presentacion-producto&#8221;][vc_column width=&#8221;1\/2&#8243; offset=&#8221;vc_hidden-xs&#8221;][vc_single_image image=&#8221;14785&#8243; img_size=&#8221;full&#8221; css=&#8221;&#8221;][\/vc_column][vc_column width=&#8221;1\/2&#8243;][vc_single_image image=&#8221;5710&#8243; el_class=&#8221;color-producto&#8221;][vc_column_text css=&#8221;.vc_custom_1662375110940{margin-bottom: 10px !important;}&#8221;]<\/p>\n<h1>Formadores de Caixes i Safates<\/h1>\n<p>[\/vc_column_text][vc_column_text css=&#8221;.vc_custom_1662375164860{margin-bottom: 10px !important;}&#8221;]<\/p>\n<h3><span style=\"color: #a6a7a9; font-weight: 500;\">El millor producte, la millor presentaci\u00f3<\/span><\/h3>\n<p>[\/vc_column_text][vc_column_text]&#8221;Despr\u00e9s del proc\u00e9s d&#8217;etiquetatge, hem de preparar el producte en condicions \u00f2ptimes perqu\u00e8 arribi al seu dest\u00ed, oferint la millor imatge.<\/p>\n<p>Disposem d&#8217;una \u00e0mplia gamma de formadores de caixes, tant de format vertical com horitzontal, amb cola calenta hot-melt o precinte, a m\u00e9s a m\u00e9s de formadores de safates, que s&#8217;adapten a les necessitats espec\u00edfiques del client&#8221;[\/vc_column_text][\/vc_column][\/vc_row][vc_row content_placement=&#8221;middle&#8221;][vc_column offset=&#8221;vc_hidden-lg vc_hidden-md vc_hidden-sm&#8221;][vc_single_image image=&#8221;5707&#8243; img_size=&#8221;full&#8221;][\/vc_column][\/vc_row][vc_row css=&#8221;.vc_custom_1651499006025{padding-top: 40px !important;}&#8221;][vc_column][vc_column_text el_id=&#8221;destacado&#8221;]<\/p>\n<h4 style=\"text-align: center;\">Descobreix la gamma de Formadores de Caixes i Safates Jorpack<\/h4>\n<p>[\/vc_column_text][vc_separator color=&#8221;black&#8221; el_width=&#8221;10&#8243;][\/vc_column][\/vc_row][vc_row full_width=&#8221;stretch_row&#8221; el_class=&#8221;fichas-productos&#8221;][vc_column]<div id=\"ult-carousel-151985996569de0ae449ccd\" class=\"ult-carousel-wrapper  vc_custom_1649749356235  ult_horizontal\" data-gutter=\"35\" data-rtl=\"false\" ><div class=\"ult-carousel-357628670969de0ae449a21 \" >[vc_row_inner css=&#8221;.vc_custom_1648730828124{background-color: #ffffff !important;}&#8221;][vc_column_inner][vc_column_text css=&#8221;.vc_custom_1663854343338{background-color: #ffffff !important;}&#8221;]<\/p>\n<h4><a href=\"https:\/\/jorpack.com\/ca\/formadores-de-caixes-safates\/for-1200\/\">FOR-1200<\/a><\/h4>\n<h6><span style=\"color: #808080;\">Formadores de Caixes amb precinte o cola hot-melt<\/span><\/h6>\n<p>[\/vc_column_text][vc_single_image image=&#8221;14748&#8243; img_size=&#8221;medium&#8221; alignment=&#8221;center&#8221; onclick=&#8221;custom_link&#8221; css=&#8221;.vc_custom_1740066967799{margin-bottom: 30px !important;}&#8221; el_class=&#8221;foto-producto-medium&#8221; link=&#8221;https:\/\/jorpack.com\/ca\/formadores-de-caixes-safates\/for-1200\/&#8221;][vc_empty_space][vc_single_image image=&#8221;5734&#8243; img_size=&#8221;medium&#8221; title=&#8221;Precinte o cola hot-melt&#8221; el_class=&#8221;icono-ficha&#8221;][vc_single_image image=&#8221;5544&#8243; img_size=&#8221;&#8221; title=&#8221;Tipus: Vertical&#8221; el_class=&#8221;icono-ficha&#8221;][vc_single_image image=&#8221;5737&#8243; img_size=&#8221;medium&#8221; el_class=&#8221;icono-ficha&#8221; title=&#8221;Canvis de format: Molt breus i amb regulaci\u00f3&#8221;][vc_single_image image=&#8221;5529&#8243; img_size=&#8221;&#8221; title=&#8221;1200 caixes\/hora&#8221; el_class=&#8221;icono-ficha&#8221;][vc_single_image image=&#8221;5740&#8243; img_size=&#8221;&#8221; title=&#8221;Magatzem cart\u00f3: Ergon\u00f2mic&#8221; el_class=&#8221;icono-ficha&#8221;][vc_single_image image=&#8221;4317&#8243; onclick=&#8221;custom_link&#8221; el_class=&#8221;icono-ficha view-more&#8221; link=&#8221;http:\/\/www.jorpack.com\/ca\/formadores-de-caixes-safates\/for-1200&#8243;][\/vc_column_inner][\/vc_row_inner][vc_row_inner css=&#8221;.vc_custom_1648730828124{background-color: #ffffff !important;}&#8221;][vc_column_inner][vc_column_text css=&#8221;.vc_custom_1663854379831{background-color: #ffffff !important;}&#8221;]<\/p>\n<h4><a href=\"https:\/\/jorpack.com\/ca\/formadores-de-caixes-safates\/for-1700\/\">FOR-1700<\/a><\/h4>\n<h6><span style=\"color: #808080;\">Formadores de Caixes amb cola hot-melt<\/span><\/h6>\n<p>[\/vc_column_text][vc_single_image image=&#8221;9195&#8243; img_size=&#8221;medium&#8221; alignment=&#8221;center&#8221; onclick=&#8221;custom_link&#8221; css=&#8221;.vc_custom_1738065766906{margin-bottom: 30px !important;}&#8221; el_class=&#8221;foto-producto-medium&#8221; link=&#8221;https:\/\/jorpack.com\/ca\/formadores-de-caixes-safates\/for-1700\/&#8221;][vc_empty_space][vc_single_image image=&#8221;5743&#8243; img_size=&#8221;medium&#8221; title=&#8221;Cola hot-melt&#8221; el_class=&#8221;icono-ficha&#8221;][vc_single_image image=&#8221;5746&#8243; img_size=&#8221;&#8221; title=&#8221;Tipus: Horitzontal&#8221; el_class=&#8221;icono-ficha&#8221;][vc_single_image image=&#8221;5737&#8243; img_size=&#8221;medium&#8221; el_class=&#8221;icono-ficha&#8221; title=&#8221;Canvis de format: Molt breus i amb regulaci\u00f3&#8221;][vc_single_image image=&#8221;5529&#8243; img_size=&#8221;&#8221; title=&#8221;2400 caixes\/hora&#8221; el_class=&#8221;icono-ficha&#8221;][vc_single_image image=&#8221;5740&#8243; img_size=&#8221;&#8221; title=&#8221;Magatzem cart\u00f3: Ergon\u00f2mic&#8221; el_class=&#8221;icono-ficha&#8221;][vc_single_image image=&#8221;4317&#8243; onclick=&#8221;custom_link&#8221; el_class=&#8221;icono-ficha view-more&#8221; link=&#8221;http:\/\/www.jorpack.com\/ca\/formadores-de-caixes-safates\/for-1700&#8243;][\/vc_column_inner][\/vc_row_inner][vc_row_inner css=&#8221;.vc_custom_1648730828124{background-color: #ffffff !important;}&#8221;][vc_column_inner][vc_column_text css=&#8221;.vc_custom_1663854409765{background-color: #ffffff !important;}&#8221;]<\/p>\n<h4><a href=\"https:\/\/jorpack.com\/ca\/formadores-de-caixes-safates\/for-band\/\">FORBAND<\/a><\/h4>\n<h6><span style=\"color: #808080;\">Formadores de Safates amb cola hot-melt<\/span><\/h6>\n<p>[\/vc_column_text][vc_single_image image=&#8221;14738&#8243; img_size=&#8221;medium&#8221; alignment=&#8221;center&#8221; onclick=&#8221;custom_link&#8221; css=&#8221;.vc_custom_1740067026544{margin-bottom: 30px !important;}&#8221; el_class=&#8221;foto-producto-medium&#8221; link=&#8221;https:\/\/jorpack.com\/ca\/formadores-de-caixes-safates\/for-band\/&#8221;][vc_empty_space][vc_single_image image=&#8221;5749&#8243; img_size=&#8221;medium&#8221; title=&#8221;Cola hot-melt&#8221; el_class=&#8221;icono-ficha&#8221;][vc_single_image image=&#8221;5752&#8243; img_size=&#8221;&#8221; title=&#8221;Safates 600&#215;400&#8243; el_class=&#8221;icono-ficha&#8221;][vc_single_image image=&#8221;5737&#8243; img_size=&#8221;medium&#8221; el_class=&#8221;icono-ficha&#8221; title=&#8221;Canvis de format: Molt breus i amb regulaci\u00f3&#8221;][vc_single_image image=&#8221;5529&#8243; img_size=&#8221;&#8221; title=&#8221;250 safates\/hora&#8221; el_class=&#8221;icono-ficha&#8221;][vc_single_image image=&#8221;5740&#8243; img_size=&#8221;&#8221; title=&#8221;Magatzem cart\u00f3: Ergon\u00f2mic&#8221; el_class=&#8221;icono-ficha&#8221;][vc_single_image image=&#8221;4317&#8243; onclick=&#8221;custom_link&#8221; el_class=&#8221;icono-ficha view-more&#8221; link=&#8221;http:\/\/www.jorpack.com\/ca\/formadores-de-caixes-safates\/for-band&#8221;][\/vc_column_inner][\/vc_row_inner][vc_row_inner css=&#8221;.vc_custom_1648730828124{background-color: #ffffff !important;}&#8221;][vc_column_inner][vc_column_text css=&#8221;.vc_custom_1663854453360{background-color: #ffffff !important;}&#8221;]<\/p>\n<h4><a href=\"https:\/\/jorpack.com\/ca\/tancadores-de-caixes-tipus-b1-americana\/cer-1300\/\">CER-1300<\/a><\/h4>\n<h6><span style=\"color: #808080;\">Tancadora de Caixes Tipus B1<\/span><\/h6>\n<p>[\/vc_column_text][vc_single_image image=&#8221;14756&#8243; img_size=&#8221;medium&#8221; alignment=&#8221;center&#8221; onclick=&#8221;custom_link&#8221; css=&#8221;.vc_custom_1740067078738{margin-bottom: 30px !important;}&#8221; el_class=&#8221;foto-producto-medium&#8221; link=&#8221;https:\/\/jorpack.com\/ca\/tancadores-de-caixes-tipus-b1-americana\/cer-1300\/&#8221;][vc_empty_space][vc_single_image image=&#8221;5743&#8243; img_size=&#8221;medium&#8221; title=&#8221;Cola hot-melt&#8221; el_class=&#8221;icono-ficha&#8221;][vc_single_image image=&#8221;5755&#8243; img_size=&#8221;&#8221; title=&#8221;Per caixes tipus B1&#8243; el_class=&#8221;icono-ficha&#8221;][vc_single_image image=&#8221;5737&#8243; img_size=&#8221;medium&#8221; el_class=&#8221;icono-ficha&#8221; title=&#8221;Canvis de format: Molt breus i amb regulaci\u00f3&#8221;][vc_single_image image=&#8221;5529&#8243; img_size=&#8221;&#8221; title=&#8221;40 caixes\/minut&#8221; el_class=&#8221;icono-ficha&#8221;][vc_single_image image=&#8221;5498&#8243; img_size=&#8221;&#8221; title=&#8221;Vertical&#8221; el_class=&#8221;icono-ficha&#8221;][vc_single_image image=&#8221;4317&#8243; onclick=&#8221;custom_link&#8221; el_class=&#8221;icono-ficha view-more&#8221; link=&#8221;http:\/\/www.jorpack.com\/ca\/tancadores-de-caixes-tipus-b1-americana\/cer-1300&#8243;][\/vc_column_inner][\/vc_row_inner][vc_row_inner css=&#8221;.vc_custom_1648730828124{background-color: #ffffff !important;}&#8221;][vc_column_inner][vc_column_text css=&#8221;.vc_custom_1663854521410{background-color: #ffffff !important;}&#8221;]<\/p>\n<h4><a href=\"http:\/\/www.jorpack.com\/ca\/formadores-de-caixes-safates\/for-325 \">FOR-325<\/a><\/h4>\n<h6><span style=\"color: #808080;\">Formadora de Safates amb Cola Hot-melt<br \/>\n<\/span><\/h6>\n<p>[\/vc_column_text][vc_single_image image=&#8221;5729&#8243; img_size=&#8221;medium&#8221; alignment=&#8221;center&#8221; onclick=&#8221;custom_link&#8221; css=&#8221;.vc_custom_1738065862377{margin-bottom: 30px !important;}&#8221; el_class=&#8221;foto-producto-medium&#8221; link=&#8221;http:\/\/www.jorpack.com\/ca\/formadores-de-caixes-safates\/for-325&#8243;][vc_empty_space][vc_single_image image=&#8221;1425&#8243; img_size=&#8221;medium&#8221; title=&#8221;Cola hot-melt&#8221; el_class=&#8221;icono-ficha&#8221;][vc_single_image image=&#8221;1448&#8243; img_size=&#8221;&#8221; title=&#8221;Safates Display&#8221; el_class=&#8221;icono-ficha&#8221;][vc_single_image image=&#8221;1437&#8243; img_size=&#8221;medium&#8221; el_class=&#8221;icono-ficha&#8221; title=&#8221;Canvis de format: Molt breus i amb regulaci\u00f3&#8221;][vc_single_image image=&#8221;1438&#8243; img_size=&#8221;&#8221; title=&#8221;250 safates\/hora&#8221; el_class=&#8221;icono-ficha&#8221;][vc_single_image image=&#8221;1423&#8243; img_size=&#8221;&#8221; title=&#8221;Magatzem Cart\u00f3: Ergon\u00f2mic&#8221; el_class=&#8221;icono-ficha&#8221;][vc_single_image image=&#8221;4317&#8243; onclick=&#8221;custom_link&#8221; el_class=&#8221;icono-ficha view-more&#8221; link=&#8221;http:\/\/www.jorpack.com\/ca\/formadores-de-caixes-safates\/for-325&#8243;][\/vc_column_inner][\/vc_row_inner]<\/div><\/div>\t\t\t<script type=\"text\/javascript\">\n\t\t\t\tjQuery(document).ready(function ($) {\n\t\t\t\t\tif( typeof jQuery('.ult-carousel-357628670969de0ae449a21').slick == \"function\"){\n\t\t\t\t\t\t$('.ult-carousel-357628670969de0ae449a21').slick({dots: false,autoplaySpeed: \"5000\",speed: \"300\",infinite: true,arrows: true,nextArrow: '<button type=\"button\" role=\"button\" aria-label=\"Next\" style=\"color:#333333; font-size:36px;\" class=\"slick-next default\"><i class=\"ultsl-arrow-right6\"><\/i><\/button>',prevArrow: '<button type=\"button\" role=\"button\" aria-label=\"Previous\" style=\"color:#333333; font-size:36px;\" class=\"slick-prev default\"><i class=\"ultsl-arrow-left6\"><\/i><\/button>',slidesToScroll:1,slidesToShow:3,swipe: true,draggable: true,touchMove: true,pauseOnHover: true,pauseOnFocus: false,responsive: [\n\t\t\t\t\t\t\t{\n\t\t\t\t\t\t\t  breakpoint: 1026,\n\t\t\t\t\t\t\t  settings: {\n\t\t\t\t\t\t\t\tslidesToShow: 3,\n\t\t\t\t\t\t\t\tslidesToScroll: 1,  \n\t\t\t\t\t\t\t  }\n\t\t\t\t\t\t\t},\n\t\t\t\t\t\t\t{\n\t\t\t\t\t\t\t  breakpoint: 1025,\n\t\t\t\t\t\t\t  settings: {\n\t\t\t\t\t\t\t\tslidesToShow: 2,\n\t\t\t\t\t\t\t\tslidesToScroll: 1\n\t\t\t\t\t\t\t  }\n\t\t\t\t\t\t\t},\n\t\t\t\t\t\t\t{\n\t\t\t\t\t\t\t  breakpoint: 760,\n\t\t\t\t\t\t\t  settings: {\n\t\t\t\t\t\t\t\tslidesToShow: 1,\n\t\t\t\t\t\t\t\tslidesToScroll: 1\n\t\t\t\t\t\t\t  }\n\t\t\t\t\t\t\t}\n\t\t\t\t\t\t],pauseOnDotsHover: true,customPaging: function(slider, i) {\n                   return '<i type=\"button\" style= \"color:#333333;\" class=\"ultsl-record\" data-role=\"none\"><\/i>';\n                },});\n\t\t\t\t\t}\n\t\t\t\t});\n\t\t\t<\/script>\n\t\t\t[\/vc_column][\/vc_row][\/vc_section][vc_section disable_element=&#8221;yes&#8221; css=&#8221;.vc_custom_1650529374766{padding-top: 100px !important;padding-bottom: 50px !important;}&#8221;][vc_row content_placement=&#8221;middle&#8221;][vc_column][vc_video align=&#8221;right&#8221;][\/vc_column][\/vc_row][\/vc_section]<\/p>\n<\/div>","protected":false},"excerpt":{"rendered":"<p>[vc_section full_width=&#8221;stretch_row&#8221; css=&#8221;.vc_custom_1651498994298{padding-top: 30px !important;padding-bottom: 50px !important;background-color: #f5f5f5 !important;}&#8221;][vc_row content_placement=&#8221;middle&#8221; el_class=&#8221;presentacion-producto&#8221;][vc_column width=&#8221;1\/2&#8243; offset=&#8221;vc_hidden-xs&#8221;][vc_single_image image=&#8221;14785&#8243; img_size=&#8221;full&#8221; css=&#8221;&#8221;][\/vc_column][vc_column width=&#8221;1\/2&#8243;][vc_single_image image=&#8221;5710&#8243; el_class=&#8221;color-producto&#8221;][vc_column_text css=&#8221;.vc_custom_1662375110940{margin-bottom: 10px !important;}&#8221;] Formadores de Caixes i Safates [\/vc_column_text][vc_column_text css=&#8221;.vc_custom_1662375164860{margin-bottom: 10px &#8230; <a title=\"Formadores de Caixes i Safates\" class=\"read-more\" href=\"https:\/\/jorpack.com\/ca\/formadores-de-caixes-safates\/\" aria-label=\"M\u00e9s informaci\u00f3 sobre Formadores de Caixes i Safates\">Leer m\u00e1s<\/a><\/p>\n","protected":false},"author":2,"featured_media":0,"parent":0,"menu_order":0,"comment_status":"closed","ping_status":"closed","template":"","meta":{"_acf_changed":false,"footnotes":""},"class_list":["post-3229","page","type-page","status-publish"],"acf":[],"yoast_head":"<!-- This site is optimized with the Yoast SEO plugin v27.2 - https:\/\/yoast.com\/product\/yoast-seo-wordpress\/ -->\n<title>Formadores de Caixes i Safates - Jorpack\u00ae<\/title>\n<meta name=\"description\" content=\"Les nostres Formadores de Caixes i Safates s&#039;adapten perfectament a les necessitats espec\u00edfiques del client.\" \/>\n<meta name=\"robots\" content=\"index, follow, max-snippet:-1, max-image-preview:large, max-video-preview:-1\" \/>\n<link rel=\"canonical\" href=\"https:\/\/jorpack.com\/ca\/formadores-de-caixes-safates\/\" \/>\n<meta property=\"og:locale\" content=\"ca_ES\" \/>\n<meta property=\"og:type\" content=\"article\" \/>\n<meta property=\"og:title\" content=\"Formadores de Caixes i Safates - Jorpack\u00ae\" \/>\n<meta property=\"og:description\" content=\"Les nostres Formadores de Caixes i Safates s&#039;adapten perfectament a les necessitats espec\u00edfiques del client.\" \/>\n<meta property=\"og:url\" content=\"https:\/\/jorpack.com\/ca\/formadores-de-caixes-safates\/\" \/>\n<meta property=\"og:site_name\" content=\"Jorpack\u00ae\" \/>\n<meta property=\"article:modified_time\" content=\"2025-02-20T15:58:11+00:00\" \/>\n<meta name=\"twitter:card\" content=\"summary_large_image\" \/>\n<meta name=\"twitter:label1\" content=\"Temps estimat de lectura\" \/>\n\t<meta name=\"twitter:data1\" content=\"10 minuts\" \/>\n<script type=\"application\/ld+json\" class=\"yoast-schema-graph\">{\"@context\":\"https:\/\/schema.org\",\"@graph\":[{\"@type\":\"WebPage\",\"@id\":\"https:\/\/jorpack.com\/ca\/formadores-de-caixes-safates\/\",\"url\":\"https:\/\/jorpack.com\/ca\/formadores-de-caixes-safates\/\",\"name\":\"Formadores de Caixes i Safates - Jorpack\u00ae\",\"isPartOf\":{\"@id\":\"https:\/\/jorpack.com\/ca\/#website\"},\"datePublished\":\"2022-09-05T11:05:10+00:00\",\"dateModified\":\"2025-02-20T15:58:11+00:00\",\"description\":\"Les nostres Formadores de Caixes i Safates s'adapten perfectament a les necessitats espec\u00edfiques del client.\",\"breadcrumb\":{\"@id\":\"https:\/\/jorpack.com\/ca\/formadores-de-caixes-safates\/#breadcrumb\"},\"inLanguage\":\"ca\",\"potentialAction\":[{\"@type\":\"ReadAction\",\"target\":[\"https:\/\/jorpack.com\/ca\/formadores-de-caixes-safates\/\"]}]},{\"@type\":\"BreadcrumbList\",\"@id\":\"https:\/\/jorpack.com\/ca\/formadores-de-caixes-safates\/#breadcrumb\",\"itemListElement\":[{\"@type\":\"ListItem\",\"position\":1,\"name\":\"Portada\",\"item\":\"https:\/\/jorpack.com\/ca\/\"},{\"@type\":\"ListItem\",\"position\":2,\"name\":\"Formadores de Caixes i Safates\"}]},{\"@type\":\"WebSite\",\"@id\":\"https:\/\/jorpack.com\/ca\/#website\",\"url\":\"https:\/\/jorpack.com\/ca\/\",\"name\":\"Jorpack\u00ae\",\"description\":\"Amplia selecci\u00f3n de Formadoras\",\"publisher\":{\"@id\":\"https:\/\/jorpack.com\/ca\/#organization\"},\"potentialAction\":[{\"@type\":\"SearchAction\",\"target\":{\"@type\":\"EntryPoint\",\"urlTemplate\":\"https:\/\/jorpack.com\/ca\/?s={search_term_string}\"},\"query-input\":{\"@type\":\"PropertyValueSpecification\",\"valueRequired\":true,\"valueName\":\"search_term_string\"}}],\"inLanguage\":\"ca\"},{\"@type\":\"Organization\",\"@id\":\"https:\/\/jorpack.com\/ca\/#organization\",\"name\":\"Jorpack\u00ae\",\"url\":\"https:\/\/jorpack.com\/ca\/\",\"logo\":{\"@type\":\"ImageObject\",\"inLanguage\":\"ca\",\"@id\":\"https:\/\/jorpack.com\/ca\/#\/schema\/logo\/image\/\",\"url\":\"https:\/\/jorpack.com\/wp-content\/uploads\/2022\/03\/cropped-jorpack-logotipo.png\",\"contentUrl\":\"https:\/\/jorpack.com\/wp-content\/uploads\/2022\/03\/cropped-jorpack-logotipo.png\",\"width\":500,\"height\":110,\"caption\":\"Jorpack\u00ae\"},\"image\":{\"@id\":\"https:\/\/jorpack.com\/ca\/#\/schema\/logo\/image\/\"}}]}<\/script>\n<!-- \/ Yoast SEO plugin. -->","yoast_head_json":{"title":"Formadores de Caixes i Safates - Jorpack\u00ae","description":"Les nostres Formadores de Caixes i Safates s'adapten perfectament a les necessitats espec\u00edfiques del client.","robots":{"index":"index","follow":"follow","max-snippet":"max-snippet:-1","max-image-preview":"max-image-preview:large","max-video-preview":"max-video-preview:-1"},"canonical":"https:\/\/jorpack.com\/ca\/formadores-de-caixes-safates\/","og_locale":"ca_ES","og_type":"article","og_title":"Formadores de Caixes i Safates - Jorpack\u00ae","og_description":"Les nostres Formadores de Caixes i Safates s'adapten perfectament a les necessitats espec\u00edfiques del client.","og_url":"https:\/\/jorpack.com\/ca\/formadores-de-caixes-safates\/","og_site_name":"Jorpack\u00ae","article_modified_time":"2025-02-20T15:58:11+00:00","twitter_card":"summary_large_image","twitter_misc":{"Temps estimat de lectura":"10 minuts"},"schema":{"@context":"https:\/\/schema.org","@graph":[{"@type":"WebPage","@id":"https:\/\/jorpack.com\/ca\/formadores-de-caixes-safates\/","url":"https:\/\/jorpack.com\/ca\/formadores-de-caixes-safates\/","name":"Formadores de Caixes i Safates - Jorpack\u00ae","isPartOf":{"@id":"https:\/\/jorpack.com\/ca\/#website"},"datePublished":"2022-09-05T11:05:10+00:00","dateModified":"2025-02-20T15:58:11+00:00","description":"Les nostres Formadores de Caixes i Safates s'adapten perfectament a les necessitats espec\u00edfiques del client.","breadcrumb":{"@id":"https:\/\/jorpack.com\/ca\/formadores-de-caixes-safates\/#breadcrumb"},"inLanguage":"ca","potentialAction":[{"@type":"ReadAction","target":["https:\/\/jorpack.com\/ca\/formadores-de-caixes-safates\/"]}]},{"@type":"BreadcrumbList","@id":"https:\/\/jorpack.com\/ca\/formadores-de-caixes-safates\/#breadcrumb","itemListElement":[{"@type":"ListItem","position":1,"name":"Portada","item":"https:\/\/jorpack.com\/ca\/"},{"@type":"ListItem","position":2,"name":"Formadores de Caixes i Safates"}]},{"@type":"WebSite","@id":"https:\/\/jorpack.com\/ca\/#website","url":"https:\/\/jorpack.com\/ca\/","name":"Jorpack\u00ae","description":"Amplia selecci\u00f3n de Formadoras","publisher":{"@id":"https:\/\/jorpack.com\/ca\/#organization"},"potentialAction":[{"@type":"SearchAction","target":{"@type":"EntryPoint","urlTemplate":"https:\/\/jorpack.com\/ca\/?s={search_term_string}"},"query-input":{"@type":"PropertyValueSpecification","valueRequired":true,"valueName":"search_term_string"}}],"inLanguage":"ca"},{"@type":"Organization","@id":"https:\/\/jorpack.com\/ca\/#organization","name":"Jorpack\u00ae","url":"https:\/\/jorpack.com\/ca\/","logo":{"@type":"ImageObject","inLanguage":"ca","@id":"https:\/\/jorpack.com\/ca\/#\/schema\/logo\/image\/","url":"https:\/\/jorpack.com\/wp-content\/uploads\/2022\/03\/cropped-jorpack-logotipo.png","contentUrl":"https:\/\/jorpack.com\/wp-content\/uploads\/2022\/03\/cropped-jorpack-logotipo.png","width":500,"height":110,"caption":"Jorpack\u00ae"},"image":{"@id":"https:\/\/jorpack.com\/ca\/#\/schema\/logo\/image\/"}}]}},"_links":{"self":[{"href":"https:\/\/jorpack.com\/ca\/wp-json\/wp\/v2\/pages\/3229","targetHints":{"allow":["GET"]}}],"collection":[{"href":"https:\/\/jorpack.com\/ca\/wp-json\/wp\/v2\/pages"}],"about":[{"href":"https:\/\/jorpack.com\/ca\/wp-json\/wp\/v2\/types\/page"}],"author":[{"embeddable":true,"href":"https:\/\/jorpack.com\/ca\/wp-json\/wp\/v2\/users\/2"}],"replies":[{"embeddable":true,"href":"https:\/\/jorpack.com\/ca\/wp-json\/wp\/v2\/comments?post=3229"}],"version-history":[{"count":0,"href":"https:\/\/jorpack.com\/ca\/wp-json\/wp\/v2\/pages\/3229\/revisions"}],"wp:attachment":[{"href":"https:\/\/jorpack.com\/ca\/wp-json\/wp\/v2\/media?parent=3229"}],"curies":[{"name":"wp","href":"https:\/\/api.w.org\/{rel}","templated":true}]}}