{"id":3220,"date":"2022-09-05T09:59:58","date_gmt":"2022-09-05T09:59:58","guid":{"rendered":"https:\/\/jorpack.com\/?page_id=3220"},"modified":"2025-02-20T15:31:28","modified_gmt":"2025-02-20T15:31:28","slug":"encaixadores-tipus-b1","status":"publish","type":"page","link":"https:\/\/jorpack.com\/ca\/encaixadores-caixa-tipus-b1-americana\/","title":{"rendered":"Encaixadores Tipus B1"},"content":{"rendered":"<div class=\"wpb-content-wrapper\"><p>[vc_section full_width=&#8221;stretch_row&#8221; css=&#8221;.vc_custom_1651498849144{padding-top: 30px !important;padding-bottom: 50px !important;background-color: #f5f5f5 !important;}&#8221;][vc_row content_placement=&#8221;middle&#8221; el_class=&#8221;presentacion-producto&#8221;][vc_column width=&#8221;1\/2&#8243; offset=&#8221;vc_hidden-xs&#8221;][vc_single_image image=&#8221;14766&#8243; img_size=&#8221;full&#8221; css=&#8221;&#8221;][\/vc_column][vc_column width=&#8221;1\/2&#8243;][vc_single_image image=&#8221;5642&#8243; el_class=&#8221;color-producto&#8221;][vc_column_text css=&#8221;.vc_custom_1662371130330{margin-bottom: 10px !important;}&#8221;]<\/p>\n<h1>Encaixadores &#8211; Desencaixadores B1<\/h1>\n<p>[\/vc_column_text][vc_column_text css=&#8221;.vc_custom_1662371174448{margin-bottom: 10px !important;}&#8221;]<\/p>\n<h3><span style=\"color: #a6a7a9; font-weight: 500;\">M\u00e0xima flexibilitat en l&#8217;encaixat i desencaixat de productes<\/span><\/h3>\n<p>[\/vc_column_text][vc_column_text css=&#8221;&#8221;]La gamma d\u2019encaixadores &#8211; desencaixadores Jorpack es caracteritzen per la seva eleg\u00e0ncia, fiabilitat i flexibilitat. Disposa d\u2019una \u00e0mplia gamma d\u2019encaixadores per caixes tipus B1 (caixes americanes), caixes de pl\u00e0stic (per productes retornables) i safates display, que ajudaran a la teva empresa a augmentar la seva productivitat i competivitat di\u00e0riament.[\/vc_column_text][\/vc_column][\/vc_row][vc_row content_placement=&#8221;middle&#8221;][vc_column offset=&#8221;vc_hidden-lg vc_hidden-md vc_hidden-sm&#8221;][vc_single_image image=&#8221;1810&#8243; img_size=&#8221;full&#8221;][\/vc_column][\/vc_row][vc_row css=&#8221;.vc_custom_1651499194722{padding-top: 40px !important;}&#8221;][vc_column][vc_column_text el_id=&#8221;destacado&#8221;]<\/p>\n<h4 style=\"text-align: center;\">Descobreix la gamma d\u2019Encaixadores i Desencaixadores Jorpack<\/h4>\n<p>[\/vc_column_text][vc_separator color=&#8221;black&#8221; el_width=&#8221;10&#8243;][\/vc_column][\/vc_row][vc_row][vc_column][vc_column_text][\/vc_column_text][\/vc_column][\/vc_row][vc_row full_width=&#8221;stretch_row&#8221; el_class=&#8221;fichas-productos&#8221;][vc_column]<div id=\"ult-carousel-279673559769de3ef6f011c\" class=\"ult-carousel-wrapper  vc_custom_1649749356235  ult_horizontal\" data-gutter=\"35\" data-rtl=\"false\" ><div class=\"ult-carousel-170718265469de3ef6efea1 \" >[vc_row_inner css=&#8221;.vc_custom_1649842321678{background-color: #ffffff !important;}&#8221; el_class=&#8221;ficha-simple&#8221;][vc_column_inner][vc_column_text css=&#8221;.vc_custom_1663853341449{background-color: #ffffff !important;}&#8221;]<\/p>\n<h4><a href=\"https:\/\/jorpack.com\/ca\/encaixadores-caixa-tipus-b1-americana\/enc-850\/\">ENC-850<\/a><\/h4>\n<h6><span style=\"color: #808080;\">Encaixat per Caixes Tipus B1<\/span><\/h6>\n<p>[\/vc_column_text][vc_single_image image=&#8221;14694&#8243; img_size=&#8221;medium&#8221; alignment=&#8221;center&#8221; onclick=&#8221;custom_link&#8221; css=&#8221;.vc_custom_1740065332430{margin-bottom: 30px !important;}&#8221; el_class=&#8221;foto-producto-medium&#8221; link=&#8221;https:\/\/jorpack.com\/ca\/encaixadores-caixa-tipus-b1-americana\/enc-850\/&#8221;][vc_empty_space][vc_single_image image=&#8221;5523&#8243; img_size=&#8221;medium&#8221; title=&#8221;Qualsevol env\u00e0s susceptible de ser envasat&#8221; el_class=&#8221;icono-ficha&#8221;][vc_single_image image=&#8221;5529&#8243; img_size=&#8221;&#8221; title=&#8221;250 cicles\/hora&#8221; el_class=&#8221;icono-ficha&#8221;][vc_single_image image=&#8221;5532&#8243; img_size=&#8221;medium&#8221; el_class=&#8221;icono-ficha&#8221; title=&#8221;Canvis de formats: molt breus i amb regulaci\u00f3&#8221;][vc_single_image image=&#8221;5535&#8243; img_size=&#8221;&#8221; title=&#8221;Cap\u00e7al per un o diversos formats. Cap\u00e7al multiformat&#8221; el_class=&#8221;icono-ficha&#8221;][vc_single_image image=&#8221;5538&#8243; img_size=&#8221;&#8221; title=&#8221;Encaixat i desencaixat per caixes, safates, o caixes de producte retornable&#8221; el_class=&#8221;icono-ficha&#8221;][vc_single_image image=&#8221;4317&#8243; onclick=&#8221;custom_link&#8221; el_class=&#8221;icono-ficha view-more&#8221; link=&#8221;https:\/\/www.jorpack.com\/ca\/encaixadores-caixa-tipus-b1-americana\/enc-850&#8243;][\/vc_column_inner][\/vc_row_inner][vc_row_inner css=&#8221;.vc_custom_1649842321678{background-color: #ffffff !important;}&#8221; el_class=&#8221;ficha-simple&#8221;][vc_column_inner][vc_column_text css=&#8221;.vc_custom_1663853361586{background-color: #ffffff !important;}&#8221;]<\/p>\n<h4><a href=\"https:\/\/jorpack.com\/ca\/encaixadores-caixa-tipus-b1-americana\/enc-9500\/\">ENC-9500<\/a><\/h4>\n<h6><span style=\"color: #808080;\">Encaixadora i desencaixadora Autom\u00e0tica<br \/>\n<\/span><\/h6>\n<p>[\/vc_column_text][vc_single_image image=&#8221;14665&#8243; img_size=&#8221;medium&#8221; alignment=&#8221;center&#8221; onclick=&#8221;custom_link&#8221; css=&#8221;.vc_custom_1740065377441{margin-bottom: 30px !important;}&#8221; el_class=&#8221;foto-producto-medium&#8221; link=&#8221;https:\/\/jorpack.com\/ca\/encaixadores-caixa-tipus-b1-americana\/enc-9500\/&#8221;][vc_empty_space][vc_single_image image=&#8221;5523&#8243; img_size=&#8221;medium&#8221; title=&#8221;Qualsevol env\u00e0s susceptible de ser envasat&#8221; el_class=&#8221;icono-ficha&#8221;][vc_single_image image=&#8221;5529&#8243; img_size=&#8221;&#8221; title=&#8221;En ampolles: 12.000 ampolles\/hora Cicles: 250 hora&#8221; el_class=&#8221;icono-ficha&#8221;][vc_single_image image=&#8221;5532&#8243; img_size=&#8221;medium&#8221; el_class=&#8221;icono-ficha&#8221; title=&#8221;Canvis de formats: molt breus i amb regulaci\u00f3&#8221;][vc_single_image image=&#8221;5535&#8243; img_size=&#8221;&#8221; title=&#8221;Cap\u00e7al per un o diversos formats. Cap\u00e7al multiformat&#8221; el_class=&#8221;icono-ficha&#8221;][vc_single_image image=&#8221;5538&#8243; img_size=&#8221;&#8221; title=&#8221;Encaixat i desencaixat per caixes, safates, o caixes de producte retornable&#8221; el_class=&#8221;icono-ficha&#8221;][vc_single_image image=&#8221;4317&#8243; onclick=&#8221;custom_link&#8221; el_class=&#8221;icono-ficha view-more&#8221; link=&#8221;https:\/\/www.jorpack.com\/ca\/encaixadores-caixa-tipus-b1-americana\/enc-9500&#8243;][\/vc_column_inner][\/vc_row_inner][vc_row_inner css=&#8221;.vc_custom_1649842321678{background-color: #ffffff !important;}&#8221; el_class=&#8221;ficha-simple&#8221;][vc_column_inner][vc_column_text css=&#8221;.vc_custom_1663853391801{background-color: #ffffff !important;}&#8221;]<\/p>\n<h4><a href=\"https:\/\/jorpack.com\/ca\/robots\/encaixadores-caixa-tipus-b1-americana\/enc-9600\/\">ENC-9600<\/a><\/h4>\n<h6><span style=\"color: #808080;\">Robot Encaixador Desencaixador<\/span><\/h6>\n<p>[\/vc_column_text][vc_single_image image=&#8221;5513&#8243; img_size=&#8221;medium&#8221; alignment=&#8221;center&#8221; onclick=&#8221;custom_link&#8221; css=&#8221;.vc_custom_1738065305711{margin-bottom: 30px !important;}&#8221; el_class=&#8221;foto-producto-medium&#8221; link=&#8221;https:\/\/jorpack.com\/ca\/robots\/encaixadores-caixa-tipus-b1-americana\/enc-9600\/&#8221;][vc_empty_space][vc_single_image image=&#8221;5523&#8243; img_size=&#8221;medium&#8221; title=&#8221;Qualsevol env\u00e0s susceptible de ser envasat&#8221; el_class=&#8221;icono-ficha&#8221;][vc_single_image image=&#8221;5529&#8243; img_size=&#8221;&#8221; title=&#8221;En ampolles: 25.000 ampolles\/hora Cicles: 6-8 moviments\/minut&#8221; el_class=&#8221;icono-ficha&#8221;][vc_single_image image=&#8221;5532&#8243; img_size=&#8221;medium&#8221; el_class=&#8221;icono-ficha&#8221; title=&#8221;Canvis de formats: molt breus i amb regulaci\u00f3&#8221;][vc_single_image image=&#8221;5535&#8243; img_size=&#8221;&#8221; title=&#8221;Cap\u00e7al per un o diversos formats. Cap\u00e7al multiformat&#8221; el_class=&#8221;icono-ficha&#8221;][vc_single_image image=&#8221;5538&#8243; img_size=&#8221;&#8221; title=&#8221;Encaixat i desencaixat per caixes, safates, o caixes de producte retornable&#8221; el_class=&#8221;icono-ficha&#8221;][vc_single_image image=&#8221;4317&#8243; onclick=&#8221;custom_link&#8221; el_class=&#8221;icono-ficha view-more&#8221; link=&#8221;https:\/\/www.jorpack.com\/ca\/robots\/encaixadores-caixa-tipus-b1-americana\/enc-9600&#8243;][\/vc_column_inner][\/vc_row_inner][vc_row_inner css=&#8221;.vc_custom_1649842321678{background-color: #ffffff !important;}&#8221; el_class=&#8221;ficha-simple&#8221;][vc_column_inner][vc_column_text css=&#8221;.vc_custom_1663853411168{background-color: #ffffff !important;}&#8221;]<\/p>\n<h4><a href=\"https:\/\/jorpack.com\/ca\/encaixadores-caixa-tipus-b1-americana\/mb-875\/\">MB-875<\/a><\/h4>\n<h6><span style=\"color: #808080;\">Format + Encaixat per Caixes Tipus B1<br \/>\n<\/span><\/h6>\n<p>[\/vc_column_text][vc_single_image image=&#8221;14707&#8243; img_size=&#8221;medium&#8221; alignment=&#8221;center&#8221; onclick=&#8221;custom_link&#8221; css=&#8221;.vc_custom_1740065477741{margin-bottom: 30px !important;}&#8221; el_class=&#8221;foto-producto-medium&#8221; link=&#8221;https:\/\/jorpack.com\/ca\/encaixadores-caixa-tipus-b1-americana\/mb-875\/&#8221;][vc_empty_space][vc_single_image image=&#8221;5523&#8243; img_size=&#8221;medium&#8221; title=&#8221;Qualsevol env\u00e0s susceptible de ser envasat&#8221; el_class=&#8221;icono-ficha&#8221;][vc_single_image image=&#8221;5529&#8243; img_size=&#8221;&#8221; title=&#8221;Fins a 4000 envasos\/hora&#8221; el_class=&#8221;icono-ficha&#8221;][vc_single_image image=&#8221;5532&#8243; img_size=&#8221;medium&#8221; el_class=&#8221;icono-ficha&#8221; title=&#8221;Canvis de formats: molt breus i amb regulaci\u00f3&#8221;][vc_single_image image=&#8221;5541&#8243; img_size=&#8221;&#8221; title=&#8221;Format per precinte o cola hot-melt&#8221; el_class=&#8221;icono-ficha&#8221;][vc_single_image image=&#8221;5544&#8243; img_size=&#8221;&#8221; title=&#8221;Vertical&#8221; el_class=&#8221;icono-ficha&#8221;][vc_single_image image=&#8221;4317&#8243; onclick=&#8221;custom_link&#8221; el_class=&#8221;icono-ficha view-more&#8221; link=&#8221;https:\/\/www.jorpack.com\/ca\/encaixadores-caixa-tipus-b1-americana\/mb-875&#8243;][\/vc_column_inner][\/vc_row_inner]<\/div><\/div>\t\t\t<script type=\"text\/javascript\">\n\t\t\t\tjQuery(document).ready(function ($) {\n\t\t\t\t\tif( typeof jQuery('.ult-carousel-170718265469de3ef6efea1').slick == \"function\"){\n\t\t\t\t\t\t$('.ult-carousel-170718265469de3ef6efea1').slick({dots: false,autoplaySpeed: \"5000\",speed: \"300\",infinite: true,arrows: true,nextArrow: '<button type=\"button\" role=\"button\" aria-label=\"Next\" style=\"color:#333333; font-size:36px;\" class=\"slick-next default\"><i class=\"ultsl-arrow-right6\"><\/i><\/button>',prevArrow: '<button type=\"button\" role=\"button\" aria-label=\"Previous\" style=\"color:#333333; font-size:36px;\" class=\"slick-prev default\"><i class=\"ultsl-arrow-left6\"><\/i><\/button>',slidesToScroll:1,slidesToShow:3,swipe: true,draggable: true,touchMove: true,pauseOnHover: true,pauseOnFocus: false,responsive: [\n\t\t\t\t\t\t\t{\n\t\t\t\t\t\t\t  breakpoint: 1026,\n\t\t\t\t\t\t\t  settings: {\n\t\t\t\t\t\t\t\tslidesToShow: 3,\n\t\t\t\t\t\t\t\tslidesToScroll: 1,  \n\t\t\t\t\t\t\t  }\n\t\t\t\t\t\t\t},\n\t\t\t\t\t\t\t{\n\t\t\t\t\t\t\t  breakpoint: 1025,\n\t\t\t\t\t\t\t  settings: {\n\t\t\t\t\t\t\t\tslidesToShow: 2,\n\t\t\t\t\t\t\t\tslidesToScroll: 1\n\t\t\t\t\t\t\t  }\n\t\t\t\t\t\t\t},\n\t\t\t\t\t\t\t{\n\t\t\t\t\t\t\t  breakpoint: 760,\n\t\t\t\t\t\t\t  settings: {\n\t\t\t\t\t\t\t\tslidesToShow: 1,\n\t\t\t\t\t\t\t\tslidesToScroll: 1\n\t\t\t\t\t\t\t  }\n\t\t\t\t\t\t\t}\n\t\t\t\t\t\t],pauseOnDotsHover: true,customPaging: function(slider, i) {\n                   return '<i type=\"button\" style= \"color:#333333;\" class=\"ultsl-record\" data-role=\"none\"><\/i>';\n                },});\n\t\t\t\t\t}\n\t\t\t\t});\n\t\t\t<\/script>\n\t\t\t[\/vc_column][\/vc_row][\/vc_section][vc_section disable_element=&#8221;yes&#8221; css=&#8221;.vc_custom_1650527793818{padding-top: 100px !important;padding-bottom: 50px !important;}&#8221;][vc_row content_placement=&#8221;middle&#8221;][vc_column][vc_video align=&#8221;right&#8221;][\/vc_column][\/vc_row][\/vc_section]<\/p>\n<\/div>","protected":false},"excerpt":{"rendered":"<p>[vc_section full_width=&#8221;stretch_row&#8221; css=&#8221;.vc_custom_1651498849144{padding-top: 30px !important;padding-bottom: 50px !important;background-color: #f5f5f5 !important;}&#8221;][vc_row content_placement=&#8221;middle&#8221; el_class=&#8221;presentacion-producto&#8221;][vc_column width=&#8221;1\/2&#8243; offset=&#8221;vc_hidden-xs&#8221;][vc_single_image image=&#8221;14766&#8243; img_size=&#8221;full&#8221; css=&#8221;&#8221;][\/vc_column][vc_column width=&#8221;1\/2&#8243;][vc_single_image image=&#8221;5642&#8243; el_class=&#8221;color-producto&#8221;][vc_column_text css=&#8221;.vc_custom_1662371130330{margin-bottom: 10px !important;}&#8221;] Encaixadores &#8211; Desencaixadores B1 [\/vc_column_text][vc_column_text css=&#8221;.vc_custom_1662371174448{margin-bottom: 10px !important;}&#8221;] &#8230; <a title=\"Encaixadores Tipus B1\" class=\"read-more\" href=\"https:\/\/jorpack.com\/ca\/encaixadores-caixa-tipus-b1-americana\/\" aria-label=\"M\u00e9s informaci\u00f3 sobre Encaixadores Tipus B1\">Leer m\u00e1s<\/a><\/p>\n","protected":false},"author":2,"featured_media":0,"parent":0,"menu_order":0,"comment_status":"closed","ping_status":"closed","template":"","meta":{"_acf_changed":false,"footnotes":""},"class_list":["post-3220","page","type-page","status-publish"],"acf":[],"yoast_head":"<!-- This site is optimized with the Yoast SEO plugin v27.2 - https:\/\/yoast.com\/product\/yoast-seo-wordpress\/ -->\n<title>Encaixadores Tipus B1 - Jorpack\u00ae<\/title>\n<meta name=\"description\" content=\"La gamma d&#039;Encaixadores Tipus B1\u2013 desencaixadores Jorpack es caracteritzen per la seva eleg\u00e0ncia, fiabilitat i flexibilitat.\" \/>\n<meta name=\"robots\" content=\"index, follow, max-snippet:-1, max-image-preview:large, max-video-preview:-1\" \/>\n<link rel=\"canonical\" href=\"https:\/\/jorpack.com\/ca\/encaixadores-caixa-tipus-b1-americana\/\" \/>\n<meta property=\"og:locale\" content=\"ca_ES\" \/>\n<meta property=\"og:type\" content=\"article\" \/>\n<meta property=\"og:title\" content=\"Encaixadores Tipus B1 - Jorpack\u00ae\" \/>\n<meta property=\"og:description\" content=\"La gamma d&#039;Encaixadores Tipus B1\u2013 desencaixadores Jorpack es caracteritzen per la seva eleg\u00e0ncia, fiabilitat i flexibilitat.\" \/>\n<meta property=\"og:url\" content=\"https:\/\/jorpack.com\/ca\/encaixadores-caixa-tipus-b1-americana\/\" \/>\n<meta property=\"og:site_name\" content=\"Jorpack\u00ae\" \/>\n<meta property=\"article:modified_time\" content=\"2025-02-20T15:31:28+00:00\" \/>\n<meta name=\"twitter:card\" content=\"summary_large_image\" \/>\n<meta name=\"twitter:label1\" content=\"Temps estimat de lectura\" \/>\n\t<meta name=\"twitter:data1\" content=\"9 minuts\" \/>\n<script type=\"application\/ld+json\" class=\"yoast-schema-graph\">{\"@context\":\"https:\/\/schema.org\",\"@graph\":[{\"@type\":\"WebPage\",\"@id\":\"https:\/\/jorpack.com\/ca\/encaixadores-caixa-tipus-b1-americana\/\",\"url\":\"https:\/\/jorpack.com\/ca\/encaixadores-caixa-tipus-b1-americana\/\",\"name\":\"Encaixadores Tipus B1 - Jorpack\u00ae\",\"isPartOf\":{\"@id\":\"https:\/\/jorpack.com\/ca\/#website\"},\"datePublished\":\"2022-09-05T09:59:58+00:00\",\"dateModified\":\"2025-02-20T15:31:28+00:00\",\"description\":\"La gamma d'Encaixadores Tipus B1\u2013 desencaixadores Jorpack es caracteritzen per la seva eleg\u00e0ncia, fiabilitat i flexibilitat.\",\"breadcrumb\":{\"@id\":\"https:\/\/jorpack.com\/ca\/encaixadores-caixa-tipus-b1-americana\/#breadcrumb\"},\"inLanguage\":\"ca\",\"potentialAction\":[{\"@type\":\"ReadAction\",\"target\":[\"https:\/\/jorpack.com\/ca\/encaixadores-caixa-tipus-b1-americana\/\"]}]},{\"@type\":\"BreadcrumbList\",\"@id\":\"https:\/\/jorpack.com\/ca\/encaixadores-caixa-tipus-b1-americana\/#breadcrumb\",\"itemListElement\":[{\"@type\":\"ListItem\",\"position\":1,\"name\":\"Portada\",\"item\":\"https:\/\/jorpack.com\/ca\/\"},{\"@type\":\"ListItem\",\"position\":2,\"name\":\"Encaixadores Tipus B1\"}]},{\"@type\":\"WebSite\",\"@id\":\"https:\/\/jorpack.com\/ca\/#website\",\"url\":\"https:\/\/jorpack.com\/ca\/\",\"name\":\"Jorpack\u00ae\",\"description\":\"Amplia selecci\u00f3n de Formadoras\",\"publisher\":{\"@id\":\"https:\/\/jorpack.com\/ca\/#organization\"},\"potentialAction\":[{\"@type\":\"SearchAction\",\"target\":{\"@type\":\"EntryPoint\",\"urlTemplate\":\"https:\/\/jorpack.com\/ca\/?s={search_term_string}\"},\"query-input\":{\"@type\":\"PropertyValueSpecification\",\"valueRequired\":true,\"valueName\":\"search_term_string\"}}],\"inLanguage\":\"ca\"},{\"@type\":\"Organization\",\"@id\":\"https:\/\/jorpack.com\/ca\/#organization\",\"name\":\"Jorpack\u00ae\",\"url\":\"https:\/\/jorpack.com\/ca\/\",\"logo\":{\"@type\":\"ImageObject\",\"inLanguage\":\"ca\",\"@id\":\"https:\/\/jorpack.com\/ca\/#\/schema\/logo\/image\/\",\"url\":\"https:\/\/jorpack.com\/wp-content\/uploads\/2022\/03\/cropped-jorpack-logotipo.png\",\"contentUrl\":\"https:\/\/jorpack.com\/wp-content\/uploads\/2022\/03\/cropped-jorpack-logotipo.png\",\"width\":500,\"height\":110,\"caption\":\"Jorpack\u00ae\"},\"image\":{\"@id\":\"https:\/\/jorpack.com\/ca\/#\/schema\/logo\/image\/\"}}]}<\/script>\n<!-- \/ Yoast SEO plugin. -->","yoast_head_json":{"title":"Encaixadores Tipus B1 - Jorpack\u00ae","description":"La gamma d'Encaixadores Tipus B1\u2013 desencaixadores Jorpack es caracteritzen per la seva eleg\u00e0ncia, fiabilitat i flexibilitat.","robots":{"index":"index","follow":"follow","max-snippet":"max-snippet:-1","max-image-preview":"max-image-preview:large","max-video-preview":"max-video-preview:-1"},"canonical":"https:\/\/jorpack.com\/ca\/encaixadores-caixa-tipus-b1-americana\/","og_locale":"ca_ES","og_type":"article","og_title":"Encaixadores Tipus B1 - Jorpack\u00ae","og_description":"La gamma d'Encaixadores Tipus B1\u2013 desencaixadores Jorpack es caracteritzen per la seva eleg\u00e0ncia, fiabilitat i flexibilitat.","og_url":"https:\/\/jorpack.com\/ca\/encaixadores-caixa-tipus-b1-americana\/","og_site_name":"Jorpack\u00ae","article_modified_time":"2025-02-20T15:31:28+00:00","twitter_card":"summary_large_image","twitter_misc":{"Temps estimat de lectura":"9 minuts"},"schema":{"@context":"https:\/\/schema.org","@graph":[{"@type":"WebPage","@id":"https:\/\/jorpack.com\/ca\/encaixadores-caixa-tipus-b1-americana\/","url":"https:\/\/jorpack.com\/ca\/encaixadores-caixa-tipus-b1-americana\/","name":"Encaixadores Tipus B1 - Jorpack\u00ae","isPartOf":{"@id":"https:\/\/jorpack.com\/ca\/#website"},"datePublished":"2022-09-05T09:59:58+00:00","dateModified":"2025-02-20T15:31:28+00:00","description":"La gamma d'Encaixadores Tipus B1\u2013 desencaixadores Jorpack es caracteritzen per la seva eleg\u00e0ncia, fiabilitat i flexibilitat.","breadcrumb":{"@id":"https:\/\/jorpack.com\/ca\/encaixadores-caixa-tipus-b1-americana\/#breadcrumb"},"inLanguage":"ca","potentialAction":[{"@type":"ReadAction","target":["https:\/\/jorpack.com\/ca\/encaixadores-caixa-tipus-b1-americana\/"]}]},{"@type":"BreadcrumbList","@id":"https:\/\/jorpack.com\/ca\/encaixadores-caixa-tipus-b1-americana\/#breadcrumb","itemListElement":[{"@type":"ListItem","position":1,"name":"Portada","item":"https:\/\/jorpack.com\/ca\/"},{"@type":"ListItem","position":2,"name":"Encaixadores Tipus B1"}]},{"@type":"WebSite","@id":"https:\/\/jorpack.com\/ca\/#website","url":"https:\/\/jorpack.com\/ca\/","name":"Jorpack\u00ae","description":"Amplia selecci\u00f3n de Formadoras","publisher":{"@id":"https:\/\/jorpack.com\/ca\/#organization"},"potentialAction":[{"@type":"SearchAction","target":{"@type":"EntryPoint","urlTemplate":"https:\/\/jorpack.com\/ca\/?s={search_term_string}"},"query-input":{"@type":"PropertyValueSpecification","valueRequired":true,"valueName":"search_term_string"}}],"inLanguage":"ca"},{"@type":"Organization","@id":"https:\/\/jorpack.com\/ca\/#organization","name":"Jorpack\u00ae","url":"https:\/\/jorpack.com\/ca\/","logo":{"@type":"ImageObject","inLanguage":"ca","@id":"https:\/\/jorpack.com\/ca\/#\/schema\/logo\/image\/","url":"https:\/\/jorpack.com\/wp-content\/uploads\/2022\/03\/cropped-jorpack-logotipo.png","contentUrl":"https:\/\/jorpack.com\/wp-content\/uploads\/2022\/03\/cropped-jorpack-logotipo.png","width":500,"height":110,"caption":"Jorpack\u00ae"},"image":{"@id":"https:\/\/jorpack.com\/ca\/#\/schema\/logo\/image\/"}}]}},"_links":{"self":[{"href":"https:\/\/jorpack.com\/ca\/wp-json\/wp\/v2\/pages\/3220","targetHints":{"allow":["GET"]}}],"collection":[{"href":"https:\/\/jorpack.com\/ca\/wp-json\/wp\/v2\/pages"}],"about":[{"href":"https:\/\/jorpack.com\/ca\/wp-json\/wp\/v2\/types\/page"}],"author":[{"embeddable":true,"href":"https:\/\/jorpack.com\/ca\/wp-json\/wp\/v2\/users\/2"}],"replies":[{"embeddable":true,"href":"https:\/\/jorpack.com\/ca\/wp-json\/wp\/v2\/comments?post=3220"}],"version-history":[{"count":0,"href":"https:\/\/jorpack.com\/ca\/wp-json\/wp\/v2\/pages\/3220\/revisions"}],"wp:attachment":[{"href":"https:\/\/jorpack.com\/ca\/wp-json\/wp\/v2\/media?parent=3220"}],"curies":[{"name":"wp","href":"https:\/\/api.w.org\/{rel}","templated":true}]}}