{"id":3216,"date":"2022-09-05T09:39:03","date_gmt":"2022-09-05T09:39:03","guid":{"rendered":"https:\/\/jorpack.com\/?page_id=3216"},"modified":"2025-04-23T09:11:52","modified_gmt":"2025-04-23T09:11:52","slug":"despaletitzadors","status":"publish","type":"page","link":"https:\/\/jorpack.com\/ca\/despaletitzadors\/","title":{"rendered":"Despaletitzadors"},"content":{"rendered":"<div class=\"wpb-content-wrapper\"><p>[vc_section full_width=&#8221;stretch_row&#8221; css=&#8221;.vc_custom_1651498774718{padding-top: 30px !important;padding-bottom: 50px !important;background-color: #f5f5f5 !important;}&#8221;][vc_row content_placement=&#8221;middle&#8221; el_class=&#8221;presentacion-producto&#8221;][vc_column width=&#8221;1\/2&#8243; offset=&#8221;vc_hidden-xs&#8221;][vc_single_image image=&#8221;4805&#8243; img_size=&#8221;full&#8221;][\/vc_column][vc_column width=&#8221;1\/2&#8243;][vc_single_image image=&#8221;4802&#8243; el_class=&#8221;color-producto&#8221;][vc_column_text css=&#8221;.vc_custom_1662369344273{margin-bottom: 10px !important;}&#8221;]<\/p>\n<h1>Despaletitzadors<\/h1>\n<p>[\/vc_column_text][vc_column_text css=&#8221;.vc_custom_1662369386871{margin-bottom: 10px !important;}&#8221;]<\/p>\n<h3><span style=\"color: #a6a7a9; font-weight: 500;\">Precisi\u00f3 i delicadesa<\/span><\/h3>\n<p>[\/vc_column_text][vc_column_text]La gamma de m\u00e0quines despaletitzadores de Jorpack compten amb un disseny cuidat fins a l&#8217;\u00faltim detall en cadascun dels components que el formen. La gran precisi\u00f3 que requereix el proc\u00e9s de la despaletitzaci\u00f3, fa que el nostre equip desenvolupi solucions amb la m\u00e0xima cura i comprom\u00eds de qualitat.[\/vc_column_text][\/vc_column][\/vc_row][vc_row content_placement=&#8221;middle&#8221;][vc_column offset=&#8221;vc_hidden-lg vc_hidden-md vc_hidden-sm&#8221;][vc_single_image image=&#8221;1809&#8243; img_size=&#8221;full&#8221;][\/vc_column][\/vc_row][vc_row css=&#8221;.vc_custom_1651498751131{padding-top: 40px !important;}&#8221;][vc_column][vc_column_text el_id=&#8221;destacado&#8221;]<\/p>\n<h4 style=\"text-align: center;\">Descobreix la gamma de Despaletitzadors Jorpack<\/h4>\n<p>[\/vc_column_text][vc_separator color=&#8221;black&#8221; el_width=&#8221;10&#8243;][\/vc_column][\/vc_row][vc_row full_width=&#8221;stretch_row&#8221; el_class=&#8221;fichas-productos&#8221;][vc_column]<div id=\"ult-carousel-156687389369de7116ce044\" class=\"ult-carousel-wrapper  vc_custom_1649749356235  ult_horizontal\" data-gutter=\"35\" data-rtl=\"false\" ><div class=\"ult-carousel-288446354269de7116cddbb \" >[vc_row_inner css=&#8221;.vc_custom_1648730828124{background-color: #ffffff !important;}&#8221;][vc_column_inner][vc_column_text css=&#8221;.vc_custom_1663852641722{background-color: #ffffff !important;}&#8221;]<\/p>\n<h4><a href=\"https:\/\/jorpack.com\/ca\/despaletitzadors\/desp-4000\/\">DESP-4000<\/a><\/h4>\n<h6><span style=\"color: #808080;\">Despaletitzador Autom\u00e0tic<\/span><\/h6>\n<p>[\/vc_column_text][vc_single_image image=&#8221;1820&#8243; img_size=&#8221;medium&#8221; alignment=&#8221;center&#8221; onclick=&#8221;custom_link&#8221; css=&#8221;.vc_custom_1738064598857{margin-bottom: 30px !important;}&#8221; el_class=&#8221;foto-producto-medium&#8221; link=&#8221;https:\/\/jorpack.com\/ca\/despaletitzadors\/desp-4000\/&#8221;][vc_empty_space][vc_single_image image=&#8221;1457&#8243; img_size=&#8221;medium&#8221; title=&#8221;M\u00e8tode de despaletitzat per: Arrossegament&#8221; el_class=&#8221;icono-ficha&#8221;][vc_single_image image=&#8221;1428&#8243; img_size=&#8221;medium&#8221; title=&#8221;Envasos Pet, vidre i alumini, caixes i caixes de producte retornable&#8221; el_class=&#8221;icono-ficha&#8221;][vc_single_image image=&#8221;1437&#8243; img_size=&#8221;medium&#8221; el_class=&#8221;icono-ficha&#8221; title=&#8221;Canvis de formats: Autom\u00e0tics&#8221;][vc_single_image image=&#8221;1424&#8243; img_size=&#8221;medium&#8221; title=&#8221;Magatzem de palets: Incl\u00f2s&#8221; el_class=&#8221;icono-ficha&#8221;][vc_single_image image=&#8221;1447&#8243; img_size=&#8221;medium&#8221; title=&#8221;Extractor de cart\u00f3: Incl\u00f2s&#8221; el_class=&#8221;icono-ficha&#8221;][vc_single_image image=&#8221;4317&#8243; onclick=&#8221;custom_link&#8221; el_class=&#8221;icono-ficha view-more&#8221; link=&#8221;https:\/\/www.jorpack.com\/ca\/despaletitzadors\/desp-4000&#8243;][\/vc_column_inner][\/vc_row_inner][vc_row_inner css=&#8221;.vc_custom_1648730828124{background-color: #ffffff !important;}&#8221;][vc_column_inner][vc_column_text css=&#8221;.vc_custom_1663852830932{background-color: #ffffff !important;}&#8221;]<\/p>\n<h4><a href=\"https:\/\/jorpack.com\/ca\/despaletitzadors\/desp-4500\/\">DESP-4500<\/a><\/h4>\n<h6><span style=\"color: #808080;\">Despaletitzador Autom\u00e0tic<\/span><\/h6>\n<p>[\/vc_column_text][vc_single_image image=&#8221;1819&#8243; img_size=&#8221;medium&#8221; alignment=&#8221;center&#8221; onclick=&#8221;custom_link&#8221; css=&#8221;.vc_custom_1738064628682{margin-bottom: 30px !important;}&#8221; el_class=&#8221;foto-producto-medium&#8221; link=&#8221;https:\/\/jorpack.com\/ca\/despaletitzadors\/desp-4500\/&#8221;][vc_empty_space][vc_single_image image=&#8221;1457&#8243; img_size=&#8221;medium&#8221; title=&#8221;M\u00e8tode de despaletitzat per: Arrossegament&#8221; el_class=&#8221;icono-ficha&#8221;][vc_single_image image=&#8221;1453&#8243; img_size=&#8221;medium&#8221; title=&#8221;Envasos Pet i alumini&#8221; el_class=&#8221;icono-ficha&#8221;][vc_single_image image=&#8221;1437&#8243; img_size=&#8221;medium&#8221; el_class=&#8221;icono-ficha&#8221; title=&#8221;Canvis de formats: Autom\u00e0tics&#8221;][vc_single_image image=&#8221;1424&#8243; img_size=&#8221;medium&#8221; title=&#8221;Magatzem de palets: Incl\u00f2s&#8221; el_class=&#8221;icono-ficha&#8221;][vc_single_image image=&#8221;1447&#8243; img_size=&#8221;medium&#8221; title=&#8221;Extractor de cart\u00f3: Incl\u00f2s&#8221; el_class=&#8221;icono-ficha&#8221;][vc_single_image image=&#8221;4317&#8243; onclick=&#8221;custom_link&#8221; el_class=&#8221;icono-ficha view-more&#8221; link=&#8221;https:\/\/www.jorpack.com\/ca\/despaletitzadors\/desp-4500&#8243;][\/vc_column_inner][\/vc_row_inner][vc_row_inner css=&#8221;.vc_custom_1648730828124{background-color: #ffffff !important;}&#8221;][vc_column_inner][vc_column_text css=&#8221;.vc_custom_1663852889627{background-color: #ffffff !important;}&#8221;]<\/p>\n<h4><a href=\"https:\/\/jorpack.com\/ca\/despaletitzadors\/desp-5000\/\">DESP-5000<\/a><\/h4>\n<h6><span style=\"color: #808080;\">Despaletitzador Semiautom\u00e0tic<\/span><\/h6>\n<p>[\/vc_column_text][vc_single_image image=&#8221;1895&#8243; img_size=&#8221;medium&#8221; alignment=&#8221;center&#8221; onclick=&#8221;custom_link&#8221; css=&#8221;.vc_custom_1738064667566{margin-bottom: 30px !important;}&#8221; el_class=&#8221;foto-producto-medium&#8221; link=&#8221;https:\/\/jorpack.com\/ca\/despaletitzadors\/desp-5000\/&#8221;][vc_empty_space][vc_single_image image=&#8221;1457&#8243; img_size=&#8221;medium&#8221; title=&#8221;M\u00e8tode de despaletitzat per: Matalassos o imantat&#8221; el_class=&#8221;icono-ficha&#8221;][vc_single_image image=&#8221;1426&#8243; img_size=&#8221;medium&#8221; title=&#8221;Envasos HDPE, vidre i alumini&#8221; el_class=&#8221;icono-ficha&#8221;][vc_single_image image=&#8221;1437&#8243; img_size=&#8221;medium&#8221; el_class=&#8221;icono-ficha&#8221; title=&#8221;Canvis de formats: R\u00e0pids&#8221;][vc_single_image image=&#8221;1461&#8243; img_size=&#8221;medium&#8221; title=&#8221;Palet a terra&#8221; el_class=&#8221;icono-ficha&#8221;][vc_single_image image=&#8221;1447&#8243; img_size=&#8221;medium&#8221; title=&#8221;Extractor de cart\u00f3: Opcional&#8221; el_class=&#8221;icono-ficha&#8221;][vc_single_image image=&#8221;4317&#8243; onclick=&#8221;custom_link&#8221; el_class=&#8221;icono-ficha view-more&#8221; link=&#8221;https:\/\/www.jorpack.com\/ca\/despaletitzadors\/desp-5000&#8243;][\/vc_column_inner][\/vc_row_inner][vc_row_inner css=&#8221;.vc_custom_1648730828124{background-color: #ffffff !important;}&#8221;][vc_column_inner][vc_column_text css=&#8221;.vc_custom_1663852927356{background-color: #ffffff !important;}&#8221;]<\/p>\n<h4><a href=\"https:\/\/jorpack.com\/ca\/despaletitzadors\/desp-6000\/\">DESP-6000<\/a><\/h4>\n<h6><span style=\"color: #808080;\">Despaletitzador Semiautom\u00e0tic<\/span><\/h6>\n<p>[\/vc_column_text][vc_single_image image=&#8221;2336&#8243; img_size=&#8221;medium&#8221; alignment=&#8221;center&#8221; onclick=&#8221;custom_link&#8221; css=&#8221;.vc_custom_1738064686793{margin-bottom: 30px !important;}&#8221; el_class=&#8221;foto-producto-medium&#8221; link=&#8221;https:\/\/jorpack.com\/ca\/despaletitzadors\/desp-6000\/&#8221;][vc_empty_space][vc_single_image image=&#8221;1457&#8243; img_size=&#8221;medium&#8221; title=&#8221;M\u00e8tode de despaletitzat per: Arrossegament o imantat&#8221; el_class=&#8221;icono-ficha&#8221;][vc_single_image image=&#8221;1436&#8243; img_size=&#8221;medium&#8221; title=&#8221;Envasos Pet, vidre i alumini, caixes i caixes de producte retornable&#8221; el_class=&#8221;icono-ficha&#8221;][vc_single_image image=&#8221;1437&#8243; img_size=&#8221;medium&#8221; el_class=&#8221;icono-ficha&#8221; title=&#8221;Canvis de formats: Autom\u00e0tics&#8221;][vc_single_image image=&#8221;1424&#8243; img_size=&#8221;medium&#8221; title=&#8221;Magatzem de palets: Opcional&#8221; el_class=&#8221;icono-ficha&#8221;][vc_single_image image=&#8221;1447&#8243; img_size=&#8221;medium&#8221; title=&#8221;Extractor de cart\u00f3: Opcional&#8221; el_class=&#8221;icono-ficha&#8221;][vc_single_image image=&#8221;4317&#8243; onclick=&#8221;custom_link&#8221; el_class=&#8221;icono-ficha view-more&#8221; link=&#8221;https:\/\/www.jorpack.com\/ca\/despaletitzadors\/desp-6000&#8243;][\/vc_column_inner][\/vc_row_inner][vc_row_inner css=&#8221;.vc_custom_1648730828124{background-color: #ffffff !important;}&#8221;][vc_column_inner][vc_column_text css=&#8221;.vc_custom_1663853048091{background-color: #ffffff !important;}&#8221;]<\/p>\n<h4><a href=\"https:\/\/jorpack.com\/ca\/robots\/despaletitzadors\/desp-9600\/\"><span style=\"color: #edca00;\">ROBOT<\/span>DESP<\/a><\/h4>\n<h6><span style=\"color: #808080;\">Solucions de despaletitzat amb Robots<\/span><\/h6>\n<p>[\/vc_column_text][vc_single_image image=&#8221;1818&#8243; img_size=&#8221;medium&#8221; alignment=&#8221;center&#8221; onclick=&#8221;custom_link&#8221; css=&#8221;.vc_custom_1738064707492{margin-bottom: 30px !important;}&#8221; el_class=&#8221;foto-producto-medium&#8221; link=&#8221;https:\/\/jorpack.com\/ca\/robots\/despaletitzadors\/desp-9600\/&#8221;][vc_empty_space][vc_single_image image=&#8221;1457&#8243; img_size=&#8221;medium&#8221; title=&#8221;M\u00faltiples solucions de despaletitzat&#8221; el_class=&#8221;icono-ficha&#8221;][vc_single_image image=&#8221;1434&#8243; img_size=&#8221;&#8221; title=&#8221;Envasos Pet, vidre, alumini i caixes&#8221; el_class=&#8221;icono-ficha&#8221;][vc_single_image image=&#8221;1437&#8243; img_size=&#8221;medium&#8221; el_class=&#8221;icono-ficha&#8221; title=&#8221;Canvis de formats: Autom\u00e0tics&#8221;][vc_single_image image=&#8221;1424&#8243; img_size=&#8221;&#8221; title=&#8221;Magatzem de palets: Opcional&#8221; el_class=&#8221;icono-ficha&#8221;][vc_single_image image=&#8221;1447&#8243; img_size=&#8221;&#8221; title=&#8221;Extractor de cart\u00f3: Incl\u00f2s&#8221; el_class=&#8221;icono-ficha&#8221;][vc_single_image image=&#8221;4317&#8243; onclick=&#8221;custom_link&#8221; el_class=&#8221;icono-ficha view-more&#8221; link=&#8221;https:\/\/www.jorpack.com\/ca\/robots\/despaletitzadors\/desp-9600&#8243;][\/vc_column_inner][\/vc_row_inner]<\/div><\/div>\t\t\t<script type=\"text\/javascript\">\n\t\t\t\tjQuery(document).ready(function ($) {\n\t\t\t\t\tif( typeof jQuery('.ult-carousel-288446354269de7116cddbb').slick == \"function\"){\n\t\t\t\t\t\t$('.ult-carousel-288446354269de7116cddbb').slick({dots: false,autoplaySpeed: \"5000\",speed: \"300\",infinite: true,arrows: true,nextArrow: '<button type=\"button\" role=\"button\" aria-label=\"Next\" style=\"color:#333333; font-size:36px;\" class=\"slick-next default\"><i class=\"ultsl-arrow-right6\"><\/i><\/button>',prevArrow: '<button type=\"button\" role=\"button\" aria-label=\"Previous\" style=\"color:#333333; font-size:36px;\" class=\"slick-prev default\"><i class=\"ultsl-arrow-left6\"><\/i><\/button>',slidesToScroll:1,slidesToShow:3,swipe: true,draggable: true,touchMove: true,pauseOnHover: true,pauseOnFocus: false,responsive: [\n\t\t\t\t\t\t\t{\n\t\t\t\t\t\t\t  breakpoint: 1026,\n\t\t\t\t\t\t\t  settings: {\n\t\t\t\t\t\t\t\tslidesToShow: 3,\n\t\t\t\t\t\t\t\tslidesToScroll: 1,  \n\t\t\t\t\t\t\t  }\n\t\t\t\t\t\t\t},\n\t\t\t\t\t\t\t{\n\t\t\t\t\t\t\t  breakpoint: 1025,\n\t\t\t\t\t\t\t  settings: {\n\t\t\t\t\t\t\t\tslidesToShow: 2,\n\t\t\t\t\t\t\t\tslidesToScroll: 1\n\t\t\t\t\t\t\t  }\n\t\t\t\t\t\t\t},\n\t\t\t\t\t\t\t{\n\t\t\t\t\t\t\t  breakpoint: 760,\n\t\t\t\t\t\t\t  settings: {\n\t\t\t\t\t\t\t\tslidesToShow: 1,\n\t\t\t\t\t\t\t\tslidesToScroll: 1\n\t\t\t\t\t\t\t  }\n\t\t\t\t\t\t\t}\n\t\t\t\t\t\t],pauseOnDotsHover: true,customPaging: function(slider, i) {\n                   return '<i type=\"button\" style= \"color:#333333;\" class=\"ultsl-record\" data-role=\"none\"><\/i>';\n                },});\n\t\t\t\t\t}\n\t\t\t\t});\n\t\t\t<\/script>\n\t\t\t[\/vc_column][\/vc_row][\/vc_section][vc_section css=&#8221;.vc_custom_1745399496905{padding-top: 100px !important;padding-bottom: 50px !important;}&#8221;][vc_row content_placement=&#8221;middle&#8221;][vc_column][vc_video link=&#8221;https:\/\/youtu.be\/xMRw0ygO-mY&#8221; el_width=&#8221;60&#8243; align=&#8221;center&#8221; css=&#8221;&#8221;][\/vc_column][\/vc_row][\/vc_section]<\/p>\n<\/div>","protected":false},"excerpt":{"rendered":"<p>[vc_section full_width=&#8221;stretch_row&#8221; css=&#8221;.vc_custom_1651498774718{padding-top: 30px !important;padding-bottom: 50px !important;background-color: #f5f5f5 !important;}&#8221;][vc_row content_placement=&#8221;middle&#8221; el_class=&#8221;presentacion-producto&#8221;][vc_column width=&#8221;1\/2&#8243; offset=&#8221;vc_hidden-xs&#8221;][vc_single_image image=&#8221;4805&#8243; img_size=&#8221;full&#8221;][\/vc_column][vc_column width=&#8221;1\/2&#8243;][vc_single_image image=&#8221;4802&#8243; el_class=&#8221;color-producto&#8221;][vc_column_text css=&#8221;.vc_custom_1662369344273{margin-bottom: 10px !important;}&#8221;] Despaletitzadors [\/vc_column_text][vc_column_text css=&#8221;.vc_custom_1662369386871{margin-bottom: 10px !important;}&#8221;] Precisi\u00f3 i delicadesa [\/vc_column_text][vc_column_text]La &#8230; <a title=\"Despaletitzadors\" class=\"read-more\" href=\"https:\/\/jorpack.com\/ca\/despaletitzadors\/\" aria-label=\"M\u00e9s informaci\u00f3 sobre Despaletitzadors\">Leer m\u00e1s<\/a><\/p>\n","protected":false},"author":2,"featured_media":0,"parent":0,"menu_order":0,"comment_status":"closed","ping_status":"closed","template":"","meta":{"_acf_changed":false,"footnotes":""},"class_list":["post-3216","page","type-page","status-publish"],"acf":[],"yoast_head":"<!-- This site is optimized with the Yoast SEO plugin v27.2 - https:\/\/yoast.com\/product\/yoast-seo-wordpress\/ -->\n<title>Despaletitzadors - Jorpack\u00ae<\/title>\n<meta name=\"description\" content=\"Disposem d&#039;una \u00e0mplia gamma de despaletitzadors, que compten amb un disseny cuidat en cadascun dels seus components.\" \/>\n<meta name=\"robots\" content=\"index, follow, max-snippet:-1, max-image-preview:large, max-video-preview:-1\" \/>\n<link rel=\"canonical\" href=\"https:\/\/jorpack.com\/ca\/despaletitzadors\/\" \/>\n<meta property=\"og:locale\" content=\"ca_ES\" \/>\n<meta property=\"og:type\" content=\"article\" \/>\n<meta property=\"og:title\" content=\"Despaletitzadors - Jorpack\u00ae\" \/>\n<meta property=\"og:description\" content=\"Disposem d&#039;una \u00e0mplia gamma de despaletitzadors, que compten amb un disseny cuidat en cadascun dels seus components.\" \/>\n<meta property=\"og:url\" content=\"https:\/\/jorpack.com\/ca\/despaletitzadors\/\" \/>\n<meta property=\"og:site_name\" content=\"Jorpack\u00ae\" \/>\n<meta property=\"article:modified_time\" content=\"2025-04-23T09:11:52+00:00\" \/>\n<meta name=\"twitter:card\" content=\"summary_large_image\" \/>\n<meta name=\"twitter:label1\" content=\"Temps estimat de lectura\" \/>\n\t<meta name=\"twitter:data1\" content=\"10 minuts\" \/>\n<script type=\"application\/ld+json\" class=\"yoast-schema-graph\">{\"@context\":\"https:\/\/schema.org\",\"@graph\":[{\"@type\":\"WebPage\",\"@id\":\"https:\/\/jorpack.com\/ca\/despaletitzadors\/\",\"url\":\"https:\/\/jorpack.com\/ca\/despaletitzadors\/\",\"name\":\"Despaletitzadors - Jorpack\u00ae\",\"isPartOf\":{\"@id\":\"https:\/\/jorpack.com\/ca\/#website\"},\"datePublished\":\"2022-09-05T09:39:03+00:00\",\"dateModified\":\"2025-04-23T09:11:52+00:00\",\"description\":\"Disposem d'una \u00e0mplia gamma de despaletitzadors, que compten amb un disseny cuidat en cadascun dels seus components.\",\"breadcrumb\":{\"@id\":\"https:\/\/jorpack.com\/ca\/despaletitzadors\/#breadcrumb\"},\"inLanguage\":\"ca\",\"potentialAction\":[{\"@type\":\"ReadAction\",\"target\":[\"https:\/\/jorpack.com\/ca\/despaletitzadors\/\"]}]},{\"@type\":\"BreadcrumbList\",\"@id\":\"https:\/\/jorpack.com\/ca\/despaletitzadors\/#breadcrumb\",\"itemListElement\":[{\"@type\":\"ListItem\",\"position\":1,\"name\":\"Portada\",\"item\":\"https:\/\/jorpack.com\/ca\/\"},{\"@type\":\"ListItem\",\"position\":2,\"name\":\"Despaletitzadors\"}]},{\"@type\":\"WebSite\",\"@id\":\"https:\/\/jorpack.com\/ca\/#website\",\"url\":\"https:\/\/jorpack.com\/ca\/\",\"name\":\"Jorpack\u00ae\",\"description\":\"Amplia selecci\u00f3n de Formadoras\",\"publisher\":{\"@id\":\"https:\/\/jorpack.com\/ca\/#organization\"},\"potentialAction\":[{\"@type\":\"SearchAction\",\"target\":{\"@type\":\"EntryPoint\",\"urlTemplate\":\"https:\/\/jorpack.com\/ca\/?s={search_term_string}\"},\"query-input\":{\"@type\":\"PropertyValueSpecification\",\"valueRequired\":true,\"valueName\":\"search_term_string\"}}],\"inLanguage\":\"ca\"},{\"@type\":\"Organization\",\"@id\":\"https:\/\/jorpack.com\/ca\/#organization\",\"name\":\"Jorpack\u00ae\",\"url\":\"https:\/\/jorpack.com\/ca\/\",\"logo\":{\"@type\":\"ImageObject\",\"inLanguage\":\"ca\",\"@id\":\"https:\/\/jorpack.com\/ca\/#\/schema\/logo\/image\/\",\"url\":\"https:\/\/jorpack.com\/wp-content\/uploads\/2022\/03\/cropped-jorpack-logotipo.png\",\"contentUrl\":\"https:\/\/jorpack.com\/wp-content\/uploads\/2022\/03\/cropped-jorpack-logotipo.png\",\"width\":500,\"height\":110,\"caption\":\"Jorpack\u00ae\"},\"image\":{\"@id\":\"https:\/\/jorpack.com\/ca\/#\/schema\/logo\/image\/\"}}]}<\/script>\n<!-- \/ Yoast SEO plugin. -->","yoast_head_json":{"title":"Despaletitzadors - Jorpack\u00ae","description":"Disposem d'una \u00e0mplia gamma de despaletitzadors, que compten amb un disseny cuidat en cadascun dels seus components.","robots":{"index":"index","follow":"follow","max-snippet":"max-snippet:-1","max-image-preview":"max-image-preview:large","max-video-preview":"max-video-preview:-1"},"canonical":"https:\/\/jorpack.com\/ca\/despaletitzadors\/","og_locale":"ca_ES","og_type":"article","og_title":"Despaletitzadors - Jorpack\u00ae","og_description":"Disposem d'una \u00e0mplia gamma de despaletitzadors, que compten amb un disseny cuidat en cadascun dels seus components.","og_url":"https:\/\/jorpack.com\/ca\/despaletitzadors\/","og_site_name":"Jorpack\u00ae","article_modified_time":"2025-04-23T09:11:52+00:00","twitter_card":"summary_large_image","twitter_misc":{"Temps estimat de lectura":"10 minuts"},"schema":{"@context":"https:\/\/schema.org","@graph":[{"@type":"WebPage","@id":"https:\/\/jorpack.com\/ca\/despaletitzadors\/","url":"https:\/\/jorpack.com\/ca\/despaletitzadors\/","name":"Despaletitzadors - Jorpack\u00ae","isPartOf":{"@id":"https:\/\/jorpack.com\/ca\/#website"},"datePublished":"2022-09-05T09:39:03+00:00","dateModified":"2025-04-23T09:11:52+00:00","description":"Disposem d'una \u00e0mplia gamma de despaletitzadors, que compten amb un disseny cuidat en cadascun dels seus components.","breadcrumb":{"@id":"https:\/\/jorpack.com\/ca\/despaletitzadors\/#breadcrumb"},"inLanguage":"ca","potentialAction":[{"@type":"ReadAction","target":["https:\/\/jorpack.com\/ca\/despaletitzadors\/"]}]},{"@type":"BreadcrumbList","@id":"https:\/\/jorpack.com\/ca\/despaletitzadors\/#breadcrumb","itemListElement":[{"@type":"ListItem","position":1,"name":"Portada","item":"https:\/\/jorpack.com\/ca\/"},{"@type":"ListItem","position":2,"name":"Despaletitzadors"}]},{"@type":"WebSite","@id":"https:\/\/jorpack.com\/ca\/#website","url":"https:\/\/jorpack.com\/ca\/","name":"Jorpack\u00ae","description":"Amplia selecci\u00f3n de Formadoras","publisher":{"@id":"https:\/\/jorpack.com\/ca\/#organization"},"potentialAction":[{"@type":"SearchAction","target":{"@type":"EntryPoint","urlTemplate":"https:\/\/jorpack.com\/ca\/?s={search_term_string}"},"query-input":{"@type":"PropertyValueSpecification","valueRequired":true,"valueName":"search_term_string"}}],"inLanguage":"ca"},{"@type":"Organization","@id":"https:\/\/jorpack.com\/ca\/#organization","name":"Jorpack\u00ae","url":"https:\/\/jorpack.com\/ca\/","logo":{"@type":"ImageObject","inLanguage":"ca","@id":"https:\/\/jorpack.com\/ca\/#\/schema\/logo\/image\/","url":"https:\/\/jorpack.com\/wp-content\/uploads\/2022\/03\/cropped-jorpack-logotipo.png","contentUrl":"https:\/\/jorpack.com\/wp-content\/uploads\/2022\/03\/cropped-jorpack-logotipo.png","width":500,"height":110,"caption":"Jorpack\u00ae"},"image":{"@id":"https:\/\/jorpack.com\/ca\/#\/schema\/logo\/image\/"}}]}},"_links":{"self":[{"href":"https:\/\/jorpack.com\/ca\/wp-json\/wp\/v2\/pages\/3216","targetHints":{"allow":["GET"]}}],"collection":[{"href":"https:\/\/jorpack.com\/ca\/wp-json\/wp\/v2\/pages"}],"about":[{"href":"https:\/\/jorpack.com\/ca\/wp-json\/wp\/v2\/types\/page"}],"author":[{"embeddable":true,"href":"https:\/\/jorpack.com\/ca\/wp-json\/wp\/v2\/users\/2"}],"replies":[{"embeddable":true,"href":"https:\/\/jorpack.com\/ca\/wp-json\/wp\/v2\/comments?post=3216"}],"version-history":[{"count":0,"href":"https:\/\/jorpack.com\/ca\/wp-json\/wp\/v2\/pages\/3216\/revisions"}],"wp:attachment":[{"href":"https:\/\/jorpack.com\/ca\/wp-json\/wp\/v2\/media?parent=3216"}],"curies":[{"name":"wp","href":"https:\/\/api.w.org\/{rel}","templated":true}]}}