{"id":3212,"date":"2022-09-05T08:59:14","date_gmt":"2022-09-05T08:59:14","guid":{"rendered":"https:\/\/jorpack.com\/?page_id=3212"},"modified":"2025-01-28T14:05:58","modified_gmt":"2025-01-28T14:05:58","slug":"alineadors-i-voltejadors","status":"publish","type":"page","link":"https:\/\/jorpack.com\/ca\/alineadors-desviadors\/","title":{"rendered":"Alineadors i Voltejadors"},"content":{"rendered":"<div class=\"wpb-content-wrapper\"><p>[vc_section full_width=&#8221;stretch_row&#8221; css=&#8221;.vc_custom_1651499065727{padding-top: 30px !important;padding-bottom: 80px !important;background-color: #f5f5f5 !important;}&#8221;][vc_row content_placement=&#8221;middle&#8221; el_class=&#8221;presentacion-producto&#8221;][vc_column width=&#8221;1\/2&#8243; offset=&#8221;vc_hidden-xs&#8221;][vc_single_image image=&#8221;4920&#8243; img_size=&#8221;full&#8221;][\/vc_column][vc_column width=&#8221;1\/2&#8243;][vc_single_image image=&#8221;4916&#8243; el_class=&#8221;color-producto&#8221;][vc_column_text css=&#8221;.vc_custom_1663853235032{margin-bottom: 10px !important;}&#8221;]<\/p>\n<h1>Aliniadors i Voltejadors<\/h1>\n<p>[\/vc_column_text][vc_column_text css=&#8221;.vc_custom_1662368537470{margin-bottom: 10px !important;}&#8221;]<\/p>\n<h3><span style=\"color: #a6a7a9; font-weight: 500;\">Cuidant el producte<\/span><\/h3>\n<p>[\/vc_column_text][vc_column_text]&#8221;Alineadors i desviadors sense pressi\u00f3 per distribuir una o v\u00e0ries l\u00ednies per qualsevol tipus de producte. Distribueix els teus productes d&#8217;una manera r\u00e0pida i segura.<\/p>\n<p>I voltejadors de caixes amb sistema d&#8217;aspes i alta precisi\u00f3. Amb girs de fins a 180\u00ba.&#8221;[\/vc_column_text][\/vc_column][\/vc_row][vc_row content_placement=&#8221;middle&#8221;][vc_column offset=&#8221;vc_hidden-lg vc_hidden-md vc_hidden-sm&#8221;][vc_single_image image=&#8221;1838&#8243; img_size=&#8221;full&#8221;][\/vc_column][\/vc_row][vc_row css=&#8221;.vc_custom_1651499077117{padding-top: 40px !important;}&#8221;][vc_column][vc_column_text el_id=&#8221;destacado&#8221;]<\/p>\n<h4 style=\"text-align: center;\">Descobreix la gamma d\u2019Alineadors i Voltejadors de caixes Jorpack<\/h4>\n<p>[\/vc_column_text][vc_separator color=&#8221;black&#8221; el_width=&#8221;10&#8243;][\/vc_column][\/vc_row][vc_row full_width=&#8221;stretch_row&#8221; el_class=&#8221;fichas-productos&#8221;][vc_column]<div id=\"ult-carousel-224772390469de1234534a3\" class=\"ult-carousel-wrapper  vc_custom_1649749356235  ult_horizontal\" data-gutter=\"35\" data-rtl=\"false\" ><div class=\"ult-carousel-172820152069de1234530d3 \" >[vc_row_inner css=&#8221;.vc_custom_1649842321678{background-color: #ffffff !important;}&#8221; el_class=&#8221;ficha-simple&#8221;][vc_column_inner][vc_column_text css=&#8221;.vc_custom_1663853168028{background-color: #ffffff !important;}&#8221;]<\/p>\n<h4><a href=\"https:\/\/jorpack.com\/ca\/aliniadors-desviadors\/desv-7700\/\">DESV-7700<\/a><\/h4>\n<h6><span style=\"color: #808080;\">Alineador- Desviador de producte<\/span><\/h6>\n<p>[\/vc_column_text][vc_single_image image=&#8221;1898&#8243; img_size=&#8221;medium&#8221; alignment=&#8221;center&#8221; onclick=&#8221;custom_link&#8221; css=&#8221;.vc_custom_1738073130944{margin-bottom: 30px !important;}&#8221; el_class=&#8221;foto-producto-medium&#8221; link=&#8221;https:\/\/jorpack.com\/ca\/aliniadors-desviadors\/desv-7700\/&#8221;][vc_empty_space][vc_single_image image=&#8221;1428&#8243; img_size=&#8221;medium&#8221; title=&#8221;Qualsevol env\u00e0s susceptible de ser encaixat&#8221; el_class=&#8221;icono-ficha&#8221;][vc_single_image image=&#8221;1438&#8243; img_size=&#8221;&#8221; title=&#8221;25.000 ampolles\/hora&#8221; el_class=&#8221;icono-ficha&#8221;][vc_single_image image=&#8221;1435&#8243; img_size=&#8221;medium&#8221; el_class=&#8221;icono-ficha&#8221; title=&#8221;Canvis de formats: molt breus i amb regulaci\u00f3&#8221;][vc_single_image image=&#8221;1460&#8243; img_size=&#8221;&#8221; title=&#8221;Servomotors per una major precisi\u00f3&#8221; el_class=&#8221;icono-ficha&#8221;][vc_single_image image=&#8221;4317&#8243; onclick=&#8221;custom_link&#8221; el_class=&#8221;icono-ficha view-more&#8221; link=&#8221;http:\/\/www.jorpack.com\/ca\/aliniadors-desviadors\/desv-7700&#8243;][\/vc_column_inner][\/vc_row_inner][vc_row_inner css=&#8221;.vc_custom_1649842321678{background-color: #ffffff !important;}&#8221; el_class=&#8221;ficha-simple&#8221;][vc_column_inner][vc_column_text css=&#8221;.vc_custom_1663853205227{background-color: #ffffff !important;}&#8221;]<\/p>\n<h4><a href=\"https:\/\/jorpack.com\/ca\/voltejador-de-caixes\/volt-200\/\">VOLT-200<\/a><\/h4>\n<h6><span style=\"color: #808080;\">Voltejador de Caixes Autom\u00e0tic<\/span><\/h6>\n<p>[\/vc_column_text][vc_single_image image=&#8221;1899&#8243; img_size=&#8221;medium&#8221; alignment=&#8221;center&#8221; onclick=&#8221;custom_link&#8221; css=&#8221;.vc_custom_1738073151498{margin-bottom: 30px !important;}&#8221; el_class=&#8221;foto-producto-medium&#8221; link=&#8221;https:\/\/jorpack.com\/ca\/voltejador-de-caixes\/volt-200\/&#8221;][vc_empty_space][vc_single_image image=&#8221;1439&#8243; img_size=&#8221;medium&#8221; title=&#8221;Per caixes&#8221; el_class=&#8221;icono-ficha&#8221;][vc_single_image image=&#8221;1451&#8243; img_size=&#8221;medium&#8221; title=&#8221;Gir de 90\u00ba o 180\u00ba&#8221; el_class=&#8221;icono-ficha&#8221;][vc_single_image image=&#8221;1435&#8243; img_size=&#8221;medium&#8221; el_class=&#8221;icono-ficha&#8221; title=&#8221;Canvis de formats: Semiautom\u00e0tics o Autom\u00e0tics&#8221;][vc_single_image image=&#8221;1446&#8243; img_size=&#8221;medium&#8221; title=&#8221;Expulsor de producte: Opcional&#8221; el_class=&#8221;icono-ficha&#8221;][vc_single_image image=&#8221;4317&#8243; onclick=&#8221;custom_link&#8221; el_class=&#8221;icono-ficha view-more&#8221; link=&#8221;https:\/\/www.jorpack.com\/ca\/voltejador-de-caixes\/volt-200&#8243;][\/vc_column_inner][\/vc_row_inner]<\/div><\/div>\t\t\t<script type=\"text\/javascript\">\n\t\t\t\tjQuery(document).ready(function ($) {\n\t\t\t\t\tif( typeof jQuery('.ult-carousel-172820152069de1234530d3').slick == \"function\"){\n\t\t\t\t\t\t$('.ult-carousel-172820152069de1234530d3').slick({dots: false,autoplaySpeed: \"5000\",speed: \"300\",infinite: true,arrows: true,nextArrow: '<button type=\"button\" role=\"button\" aria-label=\"Next\" style=\"color:#333333; font-size:36px;\" class=\"slick-next default\"><i class=\"ultsl-arrow-right6\"><\/i><\/button>',prevArrow: '<button type=\"button\" role=\"button\" aria-label=\"Previous\" style=\"color:#333333; font-size:36px;\" class=\"slick-prev default\"><i class=\"ultsl-arrow-left6\"><\/i><\/button>',slidesToScroll:1,slidesToShow:3,swipe: true,draggable: true,touchMove: true,pauseOnHover: true,pauseOnFocus: false,responsive: [\n\t\t\t\t\t\t\t{\n\t\t\t\t\t\t\t  breakpoint: 1026,\n\t\t\t\t\t\t\t  settings: {\n\t\t\t\t\t\t\t\tslidesToShow: 3,\n\t\t\t\t\t\t\t\tslidesToScroll: 1,  \n\t\t\t\t\t\t\t  }\n\t\t\t\t\t\t\t},\n\t\t\t\t\t\t\t{\n\t\t\t\t\t\t\t  breakpoint: 1025,\n\t\t\t\t\t\t\t  settings: {\n\t\t\t\t\t\t\t\tslidesToShow: 2,\n\t\t\t\t\t\t\t\tslidesToScroll: 1\n\t\t\t\t\t\t\t  }\n\t\t\t\t\t\t\t},\n\t\t\t\t\t\t\t{\n\t\t\t\t\t\t\t  breakpoint: 760,\n\t\t\t\t\t\t\t  settings: {\n\t\t\t\t\t\t\t\tslidesToShow: 1,\n\t\t\t\t\t\t\t\tslidesToScroll: 1\n\t\t\t\t\t\t\t  }\n\t\t\t\t\t\t\t}\n\t\t\t\t\t\t],pauseOnDotsHover: true,customPaging: function(slider, i) {\n                   return '<i type=\"button\" style= \"color:#333333;\" class=\"ultsl-record\" data-role=\"none\"><\/i>';\n                },});\n\t\t\t\t\t}\n\t\t\t\t});\n\t\t\t<\/script>\n\t\t\t[\/vc_column][\/vc_row][\/vc_section][vc_section disable_element=&#8221;yes&#8221; css=&#8221;.vc_custom_1650529136892{padding-top: 100px !important;padding-bottom: 50px !important;}&#8221;][vc_row content_placement=&#8221;middle&#8221;][vc_column][vc_video align=&#8221;right&#8221;][\/vc_column][\/vc_row][\/vc_section]<\/p>\n<\/div>","protected":false},"excerpt":{"rendered":"<p>[vc_section full_width=&#8221;stretch_row&#8221; css=&#8221;.vc_custom_1651499065727{padding-top: 30px !important;padding-bottom: 80px !important;background-color: #f5f5f5 !important;}&#8221;][vc_row content_placement=&#8221;middle&#8221; el_class=&#8221;presentacion-producto&#8221;][vc_column width=&#8221;1\/2&#8243; offset=&#8221;vc_hidden-xs&#8221;][vc_single_image image=&#8221;4920&#8243; img_size=&#8221;full&#8221;][\/vc_column][vc_column width=&#8221;1\/2&#8243;][vc_single_image image=&#8221;4916&#8243; el_class=&#8221;color-producto&#8221;][vc_column_text css=&#8221;.vc_custom_1663853235032{margin-bottom: 10px !important;}&#8221;] Aliniadors i Voltejadors [\/vc_column_text][vc_column_text css=&#8221;.vc_custom_1662368537470{margin-bottom: 10px !important;}&#8221;] Cuidant el &#8230; <a title=\"Alineadors i Voltejadors\" class=\"read-more\" href=\"https:\/\/jorpack.com\/ca\/alineadors-desviadors\/\" aria-label=\"M\u00e9s informaci\u00f3 sobre Alineadors i Voltejadors\">Leer m\u00e1s<\/a><\/p>\n","protected":false},"author":2,"featured_media":0,"parent":0,"menu_order":0,"comment_status":"closed","ping_status":"closed","template":"","meta":{"_acf_changed":false,"footnotes":""},"class_list":["post-3212","page","type-page","status-publish"],"acf":[],"yoast_head":"<!-- This site is optimized with the Yoast SEO plugin v27.2 - https:\/\/yoast.com\/product\/yoast-seo-wordpress\/ -->\n<title>Alineadors i Voltejadors - Jorpack\u00ae<\/title>\n<meta name=\"description\" content=\"Descobreix els nostres alineadors i voltejadors. Distribueix els teus productes d&#039;una manera r\u00e0pida i segura i volteja les caixes amb alta precisi\u00f3.\" \/>\n<meta name=\"robots\" content=\"index, follow, max-snippet:-1, max-image-preview:large, max-video-preview:-1\" \/>\n<link rel=\"canonical\" href=\"https:\/\/jorpack.com\/ca\/alineadors-desviadors\/\" \/>\n<meta property=\"og:locale\" content=\"ca_ES\" \/>\n<meta property=\"og:type\" content=\"article\" \/>\n<meta property=\"og:title\" content=\"Alineadors i Voltejadors - Jorpack\u00ae\" \/>\n<meta property=\"og:description\" content=\"Descobreix els nostres alineadors i voltejadors. Distribueix els teus productes d&#039;una manera r\u00e0pida i segura i volteja les caixes amb alta precisi\u00f3.\" \/>\n<meta property=\"og:url\" content=\"https:\/\/jorpack.com\/ca\/alineadors-desviadors\/\" \/>\n<meta property=\"og:site_name\" content=\"Jorpack\u00ae\" \/>\n<meta property=\"article:modified_time\" content=\"2025-01-28T14:05:58+00:00\" \/>\n<meta name=\"twitter:card\" content=\"summary_large_image\" \/>\n<meta name=\"twitter:label1\" content=\"Temps estimat de lectura\" \/>\n\t<meta name=\"twitter:data1\" content=\"4 minuts\" \/>\n<script type=\"application\/ld+json\" class=\"yoast-schema-graph\">{\"@context\":\"https:\/\/schema.org\",\"@graph\":[{\"@type\":\"WebPage\",\"@id\":\"https:\/\/jorpack.com\/ca\/alineadors-desviadors\/\",\"url\":\"https:\/\/jorpack.com\/ca\/alineadors-desviadors\/\",\"name\":\"Alineadors i Voltejadors - Jorpack\u00ae\",\"isPartOf\":{\"@id\":\"https:\/\/jorpack.com\/ca\/#website\"},\"datePublished\":\"2022-09-05T08:59:14+00:00\",\"dateModified\":\"2025-01-28T14:05:58+00:00\",\"description\":\"Descobreix els nostres alineadors i voltejadors. Distribueix els teus productes d'una manera r\u00e0pida i segura i volteja les caixes amb alta precisi\u00f3.\",\"breadcrumb\":{\"@id\":\"https:\/\/jorpack.com\/ca\/alineadors-desviadors\/#breadcrumb\"},\"inLanguage\":\"ca\",\"potentialAction\":[{\"@type\":\"ReadAction\",\"target\":[\"https:\/\/jorpack.com\/ca\/alineadors-desviadors\/\"]}]},{\"@type\":\"BreadcrumbList\",\"@id\":\"https:\/\/jorpack.com\/ca\/alineadors-desviadors\/#breadcrumb\",\"itemListElement\":[{\"@type\":\"ListItem\",\"position\":1,\"name\":\"Portada\",\"item\":\"https:\/\/jorpack.com\/ca\/\"},{\"@type\":\"ListItem\",\"position\":2,\"name\":\"Alineadors i Voltejadors\"}]},{\"@type\":\"WebSite\",\"@id\":\"https:\/\/jorpack.com\/ca\/#website\",\"url\":\"https:\/\/jorpack.com\/ca\/\",\"name\":\"Jorpack\u00ae\",\"description\":\"Amplia selecci\u00f3n de Formadoras\",\"publisher\":{\"@id\":\"https:\/\/jorpack.com\/ca\/#organization\"},\"potentialAction\":[{\"@type\":\"SearchAction\",\"target\":{\"@type\":\"EntryPoint\",\"urlTemplate\":\"https:\/\/jorpack.com\/ca\/?s={search_term_string}\"},\"query-input\":{\"@type\":\"PropertyValueSpecification\",\"valueRequired\":true,\"valueName\":\"search_term_string\"}}],\"inLanguage\":\"ca\"},{\"@type\":\"Organization\",\"@id\":\"https:\/\/jorpack.com\/ca\/#organization\",\"name\":\"Jorpack\u00ae\",\"url\":\"https:\/\/jorpack.com\/ca\/\",\"logo\":{\"@type\":\"ImageObject\",\"inLanguage\":\"ca\",\"@id\":\"https:\/\/jorpack.com\/ca\/#\/schema\/logo\/image\/\",\"url\":\"https:\/\/jorpack.com\/wp-content\/uploads\/2022\/03\/cropped-jorpack-logotipo.png\",\"contentUrl\":\"https:\/\/jorpack.com\/wp-content\/uploads\/2022\/03\/cropped-jorpack-logotipo.png\",\"width\":500,\"height\":110,\"caption\":\"Jorpack\u00ae\"},\"image\":{\"@id\":\"https:\/\/jorpack.com\/ca\/#\/schema\/logo\/image\/\"}}]}<\/script>\n<!-- \/ Yoast SEO plugin. -->","yoast_head_json":{"title":"Alineadors i Voltejadors - Jorpack\u00ae","description":"Descobreix els nostres alineadors i voltejadors. Distribueix els teus productes d'una manera r\u00e0pida i segura i volteja les caixes amb alta precisi\u00f3.","robots":{"index":"index","follow":"follow","max-snippet":"max-snippet:-1","max-image-preview":"max-image-preview:large","max-video-preview":"max-video-preview:-1"},"canonical":"https:\/\/jorpack.com\/ca\/alineadors-desviadors\/","og_locale":"ca_ES","og_type":"article","og_title":"Alineadors i Voltejadors - Jorpack\u00ae","og_description":"Descobreix els nostres alineadors i voltejadors. Distribueix els teus productes d'una manera r\u00e0pida i segura i volteja les caixes amb alta precisi\u00f3.","og_url":"https:\/\/jorpack.com\/ca\/alineadors-desviadors\/","og_site_name":"Jorpack\u00ae","article_modified_time":"2025-01-28T14:05:58+00:00","twitter_card":"summary_large_image","twitter_misc":{"Temps estimat de lectura":"4 minuts"},"schema":{"@context":"https:\/\/schema.org","@graph":[{"@type":"WebPage","@id":"https:\/\/jorpack.com\/ca\/alineadors-desviadors\/","url":"https:\/\/jorpack.com\/ca\/alineadors-desviadors\/","name":"Alineadors i Voltejadors - Jorpack\u00ae","isPartOf":{"@id":"https:\/\/jorpack.com\/ca\/#website"},"datePublished":"2022-09-05T08:59:14+00:00","dateModified":"2025-01-28T14:05:58+00:00","description":"Descobreix els nostres alineadors i voltejadors. Distribueix els teus productes d'una manera r\u00e0pida i segura i volteja les caixes amb alta precisi\u00f3.","breadcrumb":{"@id":"https:\/\/jorpack.com\/ca\/alineadors-desviadors\/#breadcrumb"},"inLanguage":"ca","potentialAction":[{"@type":"ReadAction","target":["https:\/\/jorpack.com\/ca\/alineadors-desviadors\/"]}]},{"@type":"BreadcrumbList","@id":"https:\/\/jorpack.com\/ca\/alineadors-desviadors\/#breadcrumb","itemListElement":[{"@type":"ListItem","position":1,"name":"Portada","item":"https:\/\/jorpack.com\/ca\/"},{"@type":"ListItem","position":2,"name":"Alineadors i Voltejadors"}]},{"@type":"WebSite","@id":"https:\/\/jorpack.com\/ca\/#website","url":"https:\/\/jorpack.com\/ca\/","name":"Jorpack\u00ae","description":"Amplia selecci\u00f3n de Formadoras","publisher":{"@id":"https:\/\/jorpack.com\/ca\/#organization"},"potentialAction":[{"@type":"SearchAction","target":{"@type":"EntryPoint","urlTemplate":"https:\/\/jorpack.com\/ca\/?s={search_term_string}"},"query-input":{"@type":"PropertyValueSpecification","valueRequired":true,"valueName":"search_term_string"}}],"inLanguage":"ca"},{"@type":"Organization","@id":"https:\/\/jorpack.com\/ca\/#organization","name":"Jorpack\u00ae","url":"https:\/\/jorpack.com\/ca\/","logo":{"@type":"ImageObject","inLanguage":"ca","@id":"https:\/\/jorpack.com\/ca\/#\/schema\/logo\/image\/","url":"https:\/\/jorpack.com\/wp-content\/uploads\/2022\/03\/cropped-jorpack-logotipo.png","contentUrl":"https:\/\/jorpack.com\/wp-content\/uploads\/2022\/03\/cropped-jorpack-logotipo.png","width":500,"height":110,"caption":"Jorpack\u00ae"},"image":{"@id":"https:\/\/jorpack.com\/ca\/#\/schema\/logo\/image\/"}}]}},"_links":{"self":[{"href":"https:\/\/jorpack.com\/ca\/wp-json\/wp\/v2\/pages\/3212","targetHints":{"allow":["GET"]}}],"collection":[{"href":"https:\/\/jorpack.com\/ca\/wp-json\/wp\/v2\/pages"}],"about":[{"href":"https:\/\/jorpack.com\/ca\/wp-json\/wp\/v2\/types\/page"}],"author":[{"embeddable":true,"href":"https:\/\/jorpack.com\/ca\/wp-json\/wp\/v2\/users\/2"}],"replies":[{"embeddable":true,"href":"https:\/\/jorpack.com\/ca\/wp-json\/wp\/v2\/comments?post=3212"}],"version-history":[{"count":0,"href":"https:\/\/jorpack.com\/ca\/wp-json\/wp\/v2\/pages\/3212\/revisions"}],"wp:attachment":[{"href":"https:\/\/jorpack.com\/ca\/wp-json\/wp\/v2\/media?parent=3212"}],"curies":[{"name":"wp","href":"https:\/\/api.w.org\/{rel}","templated":true}]}}